{"id":35978,"date":"2019-01-29T17:39:40","date_gmt":"2019-01-29T16:39:40","guid":{"rendered":"https:\/\/www.exchange-data.com\/product\/prevision-de-dividendos\/"},"modified":"2025-10-10T07:14:33","modified_gmt":"2025-10-10T06:14:33","slug":"prevision-de-dividendos","status":"publish","type":"product","link":"https:\/\/www.exchange-data.com\/es\/producto\/prevision-de-dividendos\/","title":{"rendered":"Previsi\u00f3n de Dividendos"},"content":{"rendered":"<p><span style=\"font-weight: 400;\">Estime ingresos y eval\u00fae acciones y ETF con previsiones precisas de Pron\u00f3stico de Dividendos a dos a\u00f1os vista, abarcando m\u00e1s de 32.000 valores en todo el mundo.<\/span><\/p>\n<p><span style=\"font-weight: 400;\">Utilice nuestro feed de datos predictivos para acceder a informaci\u00f3n actualizada sobre fechas y pagos estimados de miles de valores en m\u00e1s de 5.000 \u00edndices y 100 pa\u00edses.<\/span><\/p>\n<h2><small>Nuestro conjunto de datos de previsiones incluye:<\/small><\/h2>\n<ul>\n<li><span style=\"font-weight: 400;\">Fechas ex-dividendo, de registro y de pago previstas<\/span><\/li>\n<li><span style=\"font-weight: 400;\">Importe y divisa<\/span><\/li>\n<li><span style=\"font-weight: 400;\">Tipo y frecuencia del dividendo<\/span><\/li>\n<\/ul>\n<h3>Metodolog\u00eda \u00fanica de Pron\u00f3stico de Dividendos<br \/><\/h3>\n<h4>En un entorno financiero din\u00e1mico, nuestro enfoque tecnol\u00f3gico ofrece una ventaja competitiva frente a las metodolog\u00edas tradicionales.<\/h4>\n<p><span style=\"font-weight: 400;\">Bas\u00e1ndonos en la <a title=\"Operaciones de sociedades en todo el mundo\" href=\"https:\/\/www.exchange-data.com\/es\/product\/acciones-corporativas-en-todo-el-mundo\/\" target=\"_blank\" rel=\"noopener noreferrer\">base global de datos de operaciones corporativas<\/a> de EDI (activa desde 2012), nuestras proyecciones se generan a partir de pol\u00edticas declaradas y patrones hist\u00f3ricos. Los datos estimados son elaborados por un equipo especializado en Londres, mediante un algoritmo propio enriquecido con an\u00e1lisis manual cuando es necesario. <\/span><\/p>\n<p><span style=\"font-weight: 400;\">Este enfoque h\u00edbrido \u2014algoritmo m\u00e1s intervenci\u00f3n anal\u00edtica\u2014 permite generar estimaciones a gran escala con alta precisi\u00f3n. Cubrimos dos ejercicios fiscales completos para m\u00e1s de 32.000 valores, incluyendo acciones, ADR y ETF.<\/span><\/p>\n<p><span style=\"font-weight: 400;\">Nuestro conjunto de datos de previsiones de acciones individuales est\u00e1 disponible desde enero de 2017. El producto de previsi\u00f3n de dividendos para ETF se lanz\u00f3 en julio de 2019, con proyecciones detalladas (fechas e importes) para m\u00e1s de 1.400 ETF, incluidos m\u00e1s de 700 cotizados en EE.\u202fUU. Colaboramos estrechamente con un proveedor especializado en datos de ETF, combinando su informaci\u00f3n de composici\u00f3n con nuestras estimaciones de valores subyacentes para ofrecer previsiones \u201cbottom-up\u201d de gran precisi\u00f3n. <\/span><\/p>\n<p><span style=\"font-weight: 400;\">Nuestros clientes incluyen: gestoras de activos, custodios, proveedores de \u00edndices, creadores de mercado de opciones, fondos de cobertura y operadores de acciones e \u00edndices.<\/span><\/p>\n","protected":false},"featured_media":34154,"template":"","country":[],"product_category":[3182,3178],"class_list":["post-35978","product","type-product","status-publish","has-post-thumbnail","hentry","product_category-acciones-corporativas","product_category-productos-y-servicios"],"acf":[],"yoast_head":"<!-- This site is optimized with the Yoast SEO Premium plugin v26.0 (Yoast SEO v26.0) - https:\/\/yoast.com\/wordpress\/plugins\/seo\/ -->\n<title>Accurate Pron\u00f3stico de Dividendos | Global Forward Dividend Forecasts<\/title>\n<meta name=\"description\" content=\"Access global Pron\u00f3stico de Dividendos for 32k+ securities across 100+ countries. Estimate income with forward-looking data enhanced by algorithm and analyst expertise.\" \/>\n<meta name=\"robots\" content=\"index, follow, max-snippet:-1, max-image-preview:large, max-video-preview:-1\" \/>\n<link rel=\"canonical\" href=\"https:\/\/www.exchange-data.com\/es\/producto\/prevision-de-dividendos\/\" \/>\n<meta property=\"og:locale\" content=\"es_ES\" \/>\n<meta property=\"og:type\" content=\"article\" \/>\n<meta property=\"og:title\" content=\"Previsi\u00f3n de dividendos de Woodseer\" \/>\n<meta property=\"og:description\" content=\"Calcule sus ingresos y eval\u00fae valores y ETFs bas\u00e1ndose en previsiones de dividendos a dos a\u00f1os a trav\u00e9s de m\u00e1s de 25.000 valores en todo el mundo. Utilice nuestra fuente de datos de predicci\u00f3n de dividendos a plazo para obtener informaci\u00f3n actualizada sobre las fechas y los pagos de miles de valores de m\u00e1s de 1.000 \u00edndices y m\u00e1s de 100 pa\u00edses. Nuestros elementos de datos de previsi\u00f3n de dividendos de valores individuales y ETF incluyen: Predicci\u00f3n ex, fechas de registro y pago, importe y divisa, tipo de dividendo \/ frecuencia.\" \/>\n<meta property=\"og:url\" content=\"https:\/\/www.exchange-data.com\/es\/producto\/prevision-de-dividendos\/\" \/>\n<meta property=\"og:site_name\" content=\"Exchange Data International\" \/>\n<meta property=\"article:modified_time\" content=\"2025-10-10T06:14:33+00:00\" \/>\n<meta property=\"og:image\" content=\"https:\/\/www.exchange-data.com\/wp-content\/uploads\/2019\/01\/Woodseer-Dividend-Forecasting-logo.png\" \/>\n<meta name=\"twitter:card\" content=\"summary_large_image\" \/>\n<meta name=\"twitter:title\" content=\"Previsi\u00f3n de dividendos de Woodseer\" \/>\n<meta name=\"twitter:description\" content=\"Calcule sus ingresos y eval\u00fae valores y ETFs bas\u00e1ndose en previsiones de dividendos a dos a\u00f1os a trav\u00e9s de m\u00e1s de 25.000 valores en todo el mundo. Utilice nuestra fuente de datos de predicci\u00f3n de dividendos a plazo para obtener informaci\u00f3n actualizada sobre las fechas y los pagos de miles de valores de m\u00e1s de 1.000 \u00edndices y m\u00e1s de 100 pa\u00edses. Nuestros elementos de datos de previsi\u00f3n de dividendos de valores individuales y ETF incluyen: Predicci\u00f3n ex, fechas de registro y pago, importe y divisa, tipo de dividendo \/ frecuencia.\" \/>\n<meta name=\"twitter:image\" content=\"https:\/\/www.exchange-data.com\/wp-content\/uploads\/2019\/01\/Woodseer-Dividend-Forecasting-logo.png\" \/>\n<meta name=\"twitter:site\" content=\"@ExchangeData\" \/>\n<meta name=\"twitter:label1\" content=\"Tiempo de lectura\" \/>\n\t<meta name=\"twitter:data1\" content=\"2 minutos\" \/>\n<script type=\"application\/ld+json\" class=\"yoast-schema-graph\">{\"@context\":\"https:\/\/schema.org\",\"@graph\":[{\"@type\":\"WebPage\",\"@id\":\"https:\/\/www.exchange-data.com\/es\/producto\/prevision-de-dividendos\/\",\"url\":\"https:\/\/www.exchange-data.com\/es\/producto\/prevision-de-dividendos\/\",\"name\":\"Accurate Pron\u00f3stico de Dividendos | Global Forward Dividend Forecasts\",\"isPartOf\":{\"@id\":\"https:\/\/www.exchange-data.com\/es\/#website\"},\"primaryImageOfPage\":{\"@id\":\"https:\/\/www.exchange-data.com\/es\/producto\/prevision-de-dividendos\/#primaryimage\"},\"image\":{\"@id\":\"https:\/\/www.exchange-data.com\/es\/producto\/prevision-de-dividendos\/#primaryimage\"},\"thumbnailUrl\":\"https:\/\/www.exchange-data.com\/wp-content\/uploads\/2015\/09\/EDI-Post-Featured-Image-700x400-1.png\",\"datePublished\":\"2019-01-29T16:39:40+00:00\",\"dateModified\":\"2025-10-10T06:14:33+00:00\",\"description\":\"Access global Pron\u00f3stico de Dividendos for 32k+ securities across 100+ countries. Estimate income with forward-looking data enhanced by algorithm and analyst expertise.\",\"breadcrumb\":{\"@id\":\"https:\/\/www.exchange-data.com\/es\/producto\/prevision-de-dividendos\/#breadcrumb\"},\"inLanguage\":\"es\",\"potentialAction\":[{\"@type\":\"ReadAction\",\"target\":[\"https:\/\/www.exchange-data.com\/es\/producto\/prevision-de-dividendos\/\"]}]},{\"@type\":\"ImageObject\",\"inLanguage\":\"es\",\"@id\":\"https:\/\/www.exchange-data.com\/es\/producto\/prevision-de-dividendos\/#primaryimage\",\"url\":\"https:\/\/www.exchange-data.com\/wp-content\/uploads\/2015\/09\/EDI-Post-Featured-Image-700x400-1.png\",\"contentUrl\":\"https:\/\/www.exchange-data.com\/wp-content\/uploads\/2015\/09\/EDI-Post-Featured-Image-700x400-1.png\",\"width\":700,\"height\":400,\"caption\":\"Exchange Data International\"},{\"@type\":\"BreadcrumbList\",\"@id\":\"https:\/\/www.exchange-data.com\/es\/producto\/prevision-de-dividendos\/#breadcrumb\",\"itemListElement\":[{\"@type\":\"ListItem\",\"position\":1,\"name\":\"Home\",\"item\":\"https:\/\/www.exchange-data.com\/es\/inicio\/\"},{\"@type\":\"ListItem\",\"position\":2,\"name\":\"Previsi\u00f3n de Dividendos\"}]},{\"@type\":\"WebSite\",\"@id\":\"https:\/\/www.exchange-data.com\/es\/#website\",\"url\":\"https:\/\/www.exchange-data.com\/es\/\",\"name\":\"Exchange Data International\",\"description\":\"Doing data differently\",\"publisher\":{\"@id\":\"https:\/\/www.exchange-data.com\/es\/#organization\"},\"potentialAction\":[{\"@type\":\"SearchAction\",\"target\":{\"@type\":\"EntryPoint\",\"urlTemplate\":\"https:\/\/www.exchange-data.com\/es\/?s={search_term_string}\"},\"query-input\":{\"@type\":\"PropertyValueSpecification\",\"valueRequired\":true,\"valueName\":\"search_term_string\"}}],\"inLanguage\":\"es\"},{\"@type\":\"Organization\",\"@id\":\"https:\/\/www.exchange-data.com\/es\/#organization\",\"name\":\"Exchange Data International\",\"url\":\"https:\/\/www.exchange-data.com\/es\/\",\"logo\":{\"@type\":\"ImageObject\",\"inLanguage\":\"es\",\"@id\":\"https:\/\/www.exchange-data.com\/es\/#\/schema\/logo\/image\/\",\"url\":\"https:\/\/www.exchange-data.com\/wp-content\/uploads\/2019\/03\/logo3.png\",\"contentUrl\":\"https:\/\/www.exchange-data.com\/wp-content\/uploads\/2019\/03\/logo3.png\",\"width\":200,\"height\":80,\"caption\":\"Exchange Data International\"},\"image\":{\"@id\":\"https:\/\/www.exchange-data.com\/es\/#\/schema\/logo\/image\/\"},\"sameAs\":[\"https:\/\/x.com\/ExchangeData\",\"https:\/\/www.linkedin.com\/company\/exchange-data-international\/?viewAsMember=true\",\"https:\/\/www.youtube.com\/channel\/UC5D1OpUb22YZANRLD_Ktcgg?view_as=subscriber\"]}]}<\/script>\n<!-- \/ Yoast SEO Premium plugin. -->","yoast_head_json":{"title":"Accurate Pron\u00f3stico de Dividendos | Global Forward Dividend Forecasts","description":"Access global Pron\u00f3stico de Dividendos for 32k+ securities across 100+ countries. Estimate income with forward-looking data enhanced by algorithm and analyst expertise.","robots":{"index":"index","follow":"follow","max-snippet":"max-snippet:-1","max-image-preview":"max-image-preview:large","max-video-preview":"max-video-preview:-1"},"canonical":"https:\/\/www.exchange-data.com\/es\/producto\/prevision-de-dividendos\/","og_locale":"es_ES","og_type":"article","og_title":"Previsi\u00f3n de dividendos de Woodseer","og_description":"Calcule sus ingresos y eval\u00fae valores y ETFs bas\u00e1ndose en previsiones de dividendos a dos a\u00f1os a trav\u00e9s de m\u00e1s de 25.000 valores en todo el mundo. Utilice nuestra fuente de datos de predicci\u00f3n de dividendos a plazo para obtener informaci\u00f3n actualizada sobre las fechas y los pagos de miles de valores de m\u00e1s de 1.000 \u00edndices y m\u00e1s de 100 pa\u00edses. Nuestros elementos de datos de previsi\u00f3n de dividendos de valores individuales y ETF incluyen: Predicci\u00f3n ex, fechas de registro y pago, importe y divisa, tipo de dividendo \/ frecuencia.","og_url":"https:\/\/www.exchange-data.com\/es\/producto\/prevision-de-dividendos\/","og_site_name":"Exchange Data International","article_modified_time":"2025-10-10T06:14:33+00:00","og_image":[{"url":"https:\/\/www.exchange-data.com\/wp-content\/uploads\/2019\/01\/Woodseer-Dividend-Forecasting-logo.png","type":"","width":"","height":""}],"twitter_card":"summary_large_image","twitter_title":"Previsi\u00f3n de dividendos de Woodseer","twitter_description":"Calcule sus ingresos y eval\u00fae valores y ETFs bas\u00e1ndose en previsiones de dividendos a dos a\u00f1os a trav\u00e9s de m\u00e1s de 25.000 valores en todo el mundo. Utilice nuestra fuente de datos de predicci\u00f3n de dividendos a plazo para obtener informaci\u00f3n actualizada sobre las fechas y los pagos de miles de valores de m\u00e1s de 1.000 \u00edndices y m\u00e1s de 100 pa\u00edses. Nuestros elementos de datos de previsi\u00f3n de dividendos de valores individuales y ETF incluyen: Predicci\u00f3n ex, fechas de registro y pago, importe y divisa, tipo de dividendo \/ frecuencia.","twitter_image":"https:\/\/www.exchange-data.com\/wp-content\/uploads\/2019\/01\/Woodseer-Dividend-Forecasting-logo.png","twitter_site":"@ExchangeData","twitter_misc":{"Tiempo de lectura":"2 minutos"},"schema":{"@context":"https:\/\/schema.org","@graph":[{"@type":"WebPage","@id":"https:\/\/www.exchange-data.com\/es\/producto\/prevision-de-dividendos\/","url":"https:\/\/www.exchange-data.com\/es\/producto\/prevision-de-dividendos\/","name":"Accurate Pron\u00f3stico de Dividendos | Global Forward Dividend Forecasts","isPartOf":{"@id":"https:\/\/www.exchange-data.com\/es\/#website"},"primaryImageOfPage":{"@id":"https:\/\/www.exchange-data.com\/es\/producto\/prevision-de-dividendos\/#primaryimage"},"image":{"@id":"https:\/\/www.exchange-data.com\/es\/producto\/prevision-de-dividendos\/#primaryimage"},"thumbnailUrl":"https:\/\/www.exchange-data.com\/wp-content\/uploads\/2015\/09\/EDI-Post-Featured-Image-700x400-1.png","datePublished":"2019-01-29T16:39:40+00:00","dateModified":"2025-10-10T06:14:33+00:00","description":"Access global Pron\u00f3stico de Dividendos for 32k+ securities across 100+ countries. Estimate income with forward-looking data enhanced by algorithm and analyst expertise.","breadcrumb":{"@id":"https:\/\/www.exchange-data.com\/es\/producto\/prevision-de-dividendos\/#breadcrumb"},"inLanguage":"es","potentialAction":[{"@type":"ReadAction","target":["https:\/\/www.exchange-data.com\/es\/producto\/prevision-de-dividendos\/"]}]},{"@type":"ImageObject","inLanguage":"es","@id":"https:\/\/www.exchange-data.com\/es\/producto\/prevision-de-dividendos\/#primaryimage","url":"https:\/\/www.exchange-data.com\/wp-content\/uploads\/2015\/09\/EDI-Post-Featured-Image-700x400-1.png","contentUrl":"https:\/\/www.exchange-data.com\/wp-content\/uploads\/2015\/09\/EDI-Post-Featured-Image-700x400-1.png","width":700,"height":400,"caption":"Exchange Data International"},{"@type":"BreadcrumbList","@id":"https:\/\/www.exchange-data.com\/es\/producto\/prevision-de-dividendos\/#breadcrumb","itemListElement":[{"@type":"ListItem","position":1,"name":"Home","item":"https:\/\/www.exchange-data.com\/es\/inicio\/"},{"@type":"ListItem","position":2,"name":"Previsi\u00f3n de Dividendos"}]},{"@type":"WebSite","@id":"https:\/\/www.exchange-data.com\/es\/#website","url":"https:\/\/www.exchange-data.com\/es\/","name":"Exchange Data International","description":"Doing data differently","publisher":{"@id":"https:\/\/www.exchange-data.com\/es\/#organization"},"potentialAction":[{"@type":"SearchAction","target":{"@type":"EntryPoint","urlTemplate":"https:\/\/www.exchange-data.com\/es\/?s={search_term_string}"},"query-input":{"@type":"PropertyValueSpecification","valueRequired":true,"valueName":"search_term_string"}}],"inLanguage":"es"},{"@type":"Organization","@id":"https:\/\/www.exchange-data.com\/es\/#organization","name":"Exchange Data International","url":"https:\/\/www.exchange-data.com\/es\/","logo":{"@type":"ImageObject","inLanguage":"es","@id":"https:\/\/www.exchange-data.com\/es\/#\/schema\/logo\/image\/","url":"https:\/\/www.exchange-data.com\/wp-content\/uploads\/2019\/03\/logo3.png","contentUrl":"https:\/\/www.exchange-data.com\/wp-content\/uploads\/2019\/03\/logo3.png","width":200,"height":80,"caption":"Exchange Data International"},"image":{"@id":"https:\/\/www.exchange-data.com\/es\/#\/schema\/logo\/image\/"},"sameAs":["https:\/\/x.com\/ExchangeData","https:\/\/www.linkedin.com\/company\/exchange-data-international\/?viewAsMember=true","https:\/\/www.youtube.com\/channel\/UC5D1OpUb22YZANRLD_Ktcgg?view_as=subscriber"]}]}},"_links":{"self":[{"href":"https:\/\/www.exchange-data.com\/es\/wp-json\/wp\/v2\/product\/35978","targetHints":{"allow":["GET"]}}],"collection":[{"href":"https:\/\/www.exchange-data.com\/es\/wp-json\/wp\/v2\/product"}],"about":[{"href":"https:\/\/www.exchange-data.com\/es\/wp-json\/wp\/v2\/types\/product"}],"wp:featuredmedia":[{"embeddable":true,"href":"https:\/\/www.exchange-data.com\/es\/wp-json\/wp\/v2\/media\/34154"}],"wp:attachment":[{"href":"https:\/\/www.exchange-data.com\/es\/wp-json\/wp\/v2\/media?parent=35978"}],"wp:term":[{"taxonomy":"country","embeddable":true,"href":"https:\/\/www.exchange-data.com\/es\/wp-json\/wp\/v2\/country?post=35978"},{"taxonomy":"product_category","embeddable":true,"href":"https:\/\/www.exchange-data.com\/es\/wp-json\/wp\/v2\/product_category?post=35978"}],"curies":[{"name":"wp","href":"https:\/\/api.w.org\/{rel}","templated":true}]}}