{"id":35979,"date":"2019-03-27T17:00:23","date_gmt":"2019-03-27T16:00:23","guid":{"rendered":"https:\/\/www.exchange-data.com\/product\/servicio-de-recuperacion-de-documentos\/"},"modified":"2025-10-08T13:00:49","modified_gmt":"2025-10-08T12:00:49","slug":"servicio-de-recuperacion-de-documentos","status":"publish","type":"product","link":"https:\/\/www.exchange-data.com\/es\/producto\/servicio-de-recuperacion-de-documentos\/","title":{"rendered":"Servicio de Recuperaci\u00f3n de Documentos"},"content":{"rendered":"<h4>Ahorre tiempo en la b\u00fasqueda de folletos de emisi\u00f3n y memorias explicativas<\/h4>\n<p><span style=\"font-weight: 400;\">Con el Servicio de Recuperaci\u00f3n de Documentos, podr\u00e1 acceder de manera \u00e1gil a nuestra extensa biblioteca de documentaci\u00f3n sobre t\u00e9rminos y condiciones mediante una aplicaci\u00f3n web intuitiva<\/span><\/p>\n<p><strong>M\u00e1s de 700.000 documentos de emisiones de renta fija al alcance de su mano.<\/strong><\/p>\n<p><span style=\"font-weight: 400;\">Acceda a una base de datos que incluye:<\/span><\/p>\n<ul>\n<li>Memorias explicativas (offering circulars)<\/li>\n<li>Folletos de emisi\u00f3n de bonos<\/li>\n<li>Suplementos de precios<\/li>\n<li>Hojas de t\u00e9rminos (term sheets)<\/li>\n<\/ul>\n<p><span style=\"font-weight: 400;\">Documentaci\u00f3n hist\u00f3rica y nuevas emisiones, actualizadas de forma continua<\/span><\/p>\n<h4>Consulta r\u00e1pida y precisa de documentos de renta fija<\/h4>\n<p><span style=\"font-weight: 400;\">Encuentre f\u00e1cilmente los documentos clave de cada emisi\u00f3n utilizando ISIN, c\u00f3digo US o s\u00edmbolo burs\u00e1til. Filtre los resultados por pa\u00eds de constituci\u00f3n, bolsa, divisa, tipo de bono y fecha de emisi\u00f3n o vencimiento (fecha exacta o por rango). <\/span><\/p>\n<p><span style=\"font-weight: 400;\">Utilice el verificador de cartera para identificar r\u00e1pidamente los documentos disponibles en su universo de valores.Tambi\u00e9n puede enviar solicitudes puntuales de documentos, y nuestro equipo de investigaci\u00f3n se encargar\u00e1 de localizarlos por usted. <\/span><\/p>\n","protected":false},"featured_media":34154,"template":"","country":[2108,2256,2296,2138,2352,2035,2314,2205,2122,2208,2188,1933,2198,2031,2206,2218,2112,2159,2021,2310,2219,1971,2272,2184,1991,2339,2027,2154,2277,2278,1951,1952,2253,2283,2025,2337,1896,2157,1927,2287,2086,2201,2161,2163,2164,1981,2207,2273,2274,2355,2356,2118,2233,1983,2275,2116,2169,2299,1916,2329,2170,2046,2216,1961,2276,1923,2321,1980,1957,2300,1885,2268,2079,2221,1883,2209,2074,2261,1978,2211,2128,2313,2325,1942,2336,2044,2243,2045,1904,2319,2114,2292,2255,2187,2254,2259,2260,2072,2215,2176,2258,2069,2315,2195,2196,2136,2351,1858,2183,1879,2324,2348,2349,2012,2217,2303,2304,2293,2294,1993,2220,1861,2223,2010,2271,2002,2190,2096,2225,2327,1955,2226,2062,2229,1854,2234,1988,2214,2090,2167,1909,2281,2353,1973,2241,1863,2282,2288,1875,2222,2239,1959,2302,1937,2237,2298,2058,2153,1996,2284,2177,2333,2227,2228,2000,2244,2092,2191,2158,1965,2155,1920,2338,2265,2266,1871,2247,2178,2358,2359,1940,2289,2204,1877,2250,2147,2194,1852,1853,2252,2084,2316,2350,2134,2344,2014,2168,2059,2109,1979,2173,2199,2019,2156,1856,2230,2200,2307,2320,2308,2279,2280,2037,2297,2330,2341,2328,1900,2197,2291,1892,2210,2142,2151,2343,2048,2232,1915,1914,2235,2175,2179,2060,2174,2203,2004,2318,2285,2295,2162,1963,2262,2317,1929,2357,2186,2110,2193,2322,2181,2182,1873,2347,2269,2270,1881,2212,2029,2360,2236,2104,2240,2102,2245,1865,2242,2334,2335,2224,2006,2246,1869,2213,1948,1867,2332,2189,2331,2301,2124,2326,1986,2238,1918,2267,2342,1902,2312,2165,2166,2067,2202,2257,2263,2264,1990,2082,2286,2055,2248,2309,2033,2290,2192,2249,1898,2354,2172,1976,1969,1887,2140,2323,2311,2180,2171,2152,2185,2340,1998,2231,1967,2251,2305,2306,2345,2346,1953,2160],"product_category":[3184,3181,3178],"class_list":["post-35979","product","type-product","status-publish","has-post-thumbnail","hentry","product_category-datos-de-referencia","product_category-datos-sobre-renta-fija","product_category-productos-y-servicios"],"acf":[],"yoast_head":"<!-- This site is optimized with the Yoast SEO Premium plugin v26.0 (Yoast SEO v26.0) - https:\/\/yoast.com\/wordpress\/plugins\/seo\/ -->\n<title>Servicio de Recuperaci\u00f3n de Documentos | Exchange Data International<\/title>\n<meta name=\"description\" content=\"Optimiza tus procesos con el servicio de recuperaci\u00f3n de documentos de EDI. Acceso r\u00e1pido a folletos, term sheets y memorias de renta fija desde una app web.\" \/>\n<meta name=\"robots\" content=\"index, follow, max-snippet:-1, max-image-preview:large, max-video-preview:-1\" \/>\n<link rel=\"canonical\" href=\"https:\/\/www.exchange-data.com\/es\/producto\/servicio-de-recuperacion-de-documentos\/\" \/>\n<meta property=\"og:locale\" content=\"es_ES\" \/>\n<meta property=\"og:type\" content=\"article\" \/>\n<meta property=\"og:title\" content=\"Base de datos mundial de documentaci\u00f3n de ofertas de renta fija\" \/>\n<meta property=\"og:description\" content=\"Ahorre tiempo recuperando prospectos de bonos y circulares de oferta. Con el Documentador de Renta Fija, puede acceder r\u00e1pidamente a nuestra enorme biblioteca de documentaci\u00f3n de t\u00e9rminos y condiciones a trav\u00e9s de una sencilla aplicaci\u00f3n web. M\u00e1s de 700.000 documentos de oferta de renta fija a su alcance, acceso a una base de datos que contiene: circulares de oferta, prospectos de bonos, suplementos de precios, hojas de t\u00e9rminos, documentos hist\u00f3ricos y nuevas emisiones que se a\u00f1aden continuamente.\" \/>\n<meta property=\"og:url\" content=\"https:\/\/www.exchange-data.com\/es\/producto\/servicio-de-recuperacion-de-documentos\/\" \/>\n<meta property=\"og:site_name\" content=\"Exchange Data International\" \/>\n<meta property=\"article:modified_time\" content=\"2025-10-08T12:00:49+00:00\" \/>\n<meta property=\"og:image\" content=\"https:\/\/www.exchange-data.com\/wp-content\/uploads\/2015\/09\/EDI-Post-Featured-Image-700x400-1.png\" \/>\n<meta name=\"twitter:card\" content=\"summary_large_image\" \/>\n<meta name=\"twitter:title\" content=\"Base de datos mundial de documentaci\u00f3n de ofertas de renta fija\" \/>\n<meta name=\"twitter:description\" content=\"Ahorre tiempo recuperando prospectos de bonos y circulares de oferta. Con el Documentador de Renta Fija, puede acceder r\u00e1pidamente a nuestra enorme biblioteca de documentaci\u00f3n de t\u00e9rminos y condiciones a trav\u00e9s de una sencilla aplicaci\u00f3n web. M\u00e1s de 700.000 documentos de oferta de renta fija a su alcance, acceso a una base de datos que contiene: circulares de oferta, prospectos de bonos, suplementos de precios, hojas de t\u00e9rminos, documentos hist\u00f3ricos y nuevas emisiones que se a\u00f1aden continuamente.\" \/>\n<meta name=\"twitter:image\" content=\"https:\/\/www.exchange-data.com\/wp-content\/uploads\/2015\/09\/EDI-Post-Featured-Image-700x400-1.png\" \/>\n<meta name=\"twitter:site\" content=\"@ExchangeData\" \/>\n<meta name=\"twitter:label1\" content=\"Tiempo de lectura\" \/>\n\t<meta name=\"twitter:data1\" content=\"1 minuto\" \/>\n<script type=\"application\/ld+json\" class=\"yoast-schema-graph\">{\"@context\":\"https:\/\/schema.org\",\"@graph\":[{\"@type\":\"WebPage\",\"@id\":\"https:\/\/www.exchange-data.com\/es\/producto\/servicio-de-recuperacion-de-documentos\/\",\"url\":\"https:\/\/www.exchange-data.com\/es\/producto\/servicio-de-recuperacion-de-documentos\/\",\"name\":\"Servicio de Recuperaci\u00f3n de Documentos | Exchange Data International\",\"isPartOf\":{\"@id\":\"https:\/\/www.exchange-data.com\/es\/#website\"},\"primaryImageOfPage\":{\"@id\":\"https:\/\/www.exchange-data.com\/es\/producto\/servicio-de-recuperacion-de-documentos\/#primaryimage\"},\"image\":{\"@id\":\"https:\/\/www.exchange-data.com\/es\/producto\/servicio-de-recuperacion-de-documentos\/#primaryimage\"},\"thumbnailUrl\":\"https:\/\/www.exchange-data.com\/wp-content\/uploads\/2015\/09\/EDI-Post-Featured-Image-700x400-1.png\",\"datePublished\":\"2019-03-27T16:00:23+00:00\",\"dateModified\":\"2025-10-08T12:00:49+00:00\",\"description\":\"Optimiza tus procesos con el servicio de recuperaci\u00f3n de documentos de EDI. Acceso r\u00e1pido a folletos, term sheets y memorias de renta fija desde una app web.\",\"breadcrumb\":{\"@id\":\"https:\/\/www.exchange-data.com\/es\/producto\/servicio-de-recuperacion-de-documentos\/#breadcrumb\"},\"inLanguage\":\"es\",\"potentialAction\":[{\"@type\":\"ReadAction\",\"target\":[\"https:\/\/www.exchange-data.com\/es\/producto\/servicio-de-recuperacion-de-documentos\/\"]}]},{\"@type\":\"ImageObject\",\"inLanguage\":\"es\",\"@id\":\"https:\/\/www.exchange-data.com\/es\/producto\/servicio-de-recuperacion-de-documentos\/#primaryimage\",\"url\":\"https:\/\/www.exchange-data.com\/wp-content\/uploads\/2015\/09\/EDI-Post-Featured-Image-700x400-1.png\",\"contentUrl\":\"https:\/\/www.exchange-data.com\/wp-content\/uploads\/2015\/09\/EDI-Post-Featured-Image-700x400-1.png\",\"width\":700,\"height\":400,\"caption\":\"Exchange Data International\"},{\"@type\":\"BreadcrumbList\",\"@id\":\"https:\/\/www.exchange-data.com\/es\/producto\/servicio-de-recuperacion-de-documentos\/#breadcrumb\",\"itemListElement\":[{\"@type\":\"ListItem\",\"position\":1,\"name\":\"Home\",\"item\":\"https:\/\/www.exchange-data.com\/es\/inicio\/\"},{\"@type\":\"ListItem\",\"position\":2,\"name\":\"Servicio de Recuperaci\u00f3n de Documentos\"}]},{\"@type\":\"WebSite\",\"@id\":\"https:\/\/www.exchange-data.com\/es\/#website\",\"url\":\"https:\/\/www.exchange-data.com\/es\/\",\"name\":\"Exchange Data International\",\"description\":\"Doing data differently\",\"publisher\":{\"@id\":\"https:\/\/www.exchange-data.com\/es\/#organization\"},\"potentialAction\":[{\"@type\":\"SearchAction\",\"target\":{\"@type\":\"EntryPoint\",\"urlTemplate\":\"https:\/\/www.exchange-data.com\/es\/?s={search_term_string}\"},\"query-input\":{\"@type\":\"PropertyValueSpecification\",\"valueRequired\":true,\"valueName\":\"search_term_string\"}}],\"inLanguage\":\"es\"},{\"@type\":\"Organization\",\"@id\":\"https:\/\/www.exchange-data.com\/es\/#organization\",\"name\":\"Exchange Data International\",\"url\":\"https:\/\/www.exchange-data.com\/es\/\",\"logo\":{\"@type\":\"ImageObject\",\"inLanguage\":\"es\",\"@id\":\"https:\/\/www.exchange-data.com\/es\/#\/schema\/logo\/image\/\",\"url\":\"https:\/\/www.exchange-data.com\/wp-content\/uploads\/2019\/03\/logo3.png\",\"contentUrl\":\"https:\/\/www.exchange-data.com\/wp-content\/uploads\/2019\/03\/logo3.png\",\"width\":200,\"height\":80,\"caption\":\"Exchange Data International\"},\"image\":{\"@id\":\"https:\/\/www.exchange-data.com\/es\/#\/schema\/logo\/image\/\"},\"sameAs\":[\"https:\/\/x.com\/ExchangeData\",\"https:\/\/www.linkedin.com\/company\/exchange-data-international\/?viewAsMember=true\",\"https:\/\/www.youtube.com\/channel\/UC5D1OpUb22YZANRLD_Ktcgg?view_as=subscriber\"]}]}<\/script>\n<!-- \/ Yoast SEO Premium plugin. -->","yoast_head_json":{"title":"Servicio de Recuperaci\u00f3n de Documentos | Exchange Data International","description":"Optimiza tus procesos con el servicio de recuperaci\u00f3n de documentos de EDI. Acceso r\u00e1pido a folletos, term sheets y memorias de renta fija desde una app web.","robots":{"index":"index","follow":"follow","max-snippet":"max-snippet:-1","max-image-preview":"max-image-preview:large","max-video-preview":"max-video-preview:-1"},"canonical":"https:\/\/www.exchange-data.com\/es\/producto\/servicio-de-recuperacion-de-documentos\/","og_locale":"es_ES","og_type":"article","og_title":"Base de datos mundial de documentaci\u00f3n de ofertas de renta fija","og_description":"Ahorre tiempo recuperando prospectos de bonos y circulares de oferta. Con el Documentador de Renta Fija, puede acceder r\u00e1pidamente a nuestra enorme biblioteca de documentaci\u00f3n de t\u00e9rminos y condiciones a trav\u00e9s de una sencilla aplicaci\u00f3n web. M\u00e1s de 700.000 documentos de oferta de renta fija a su alcance, acceso a una base de datos que contiene: circulares de oferta, prospectos de bonos, suplementos de precios, hojas de t\u00e9rminos, documentos hist\u00f3ricos y nuevas emisiones que se a\u00f1aden continuamente.","og_url":"https:\/\/www.exchange-data.com\/es\/producto\/servicio-de-recuperacion-de-documentos\/","og_site_name":"Exchange Data International","article_modified_time":"2025-10-08T12:00:49+00:00","og_image":[{"url":"https:\/\/www.exchange-data.com\/wp-content\/uploads\/2015\/09\/EDI-Post-Featured-Image-700x400-1.png","type":"","width":"","height":""}],"twitter_card":"summary_large_image","twitter_title":"Base de datos mundial de documentaci\u00f3n de ofertas de renta fija","twitter_description":"Ahorre tiempo recuperando prospectos de bonos y circulares de oferta. Con el Documentador de Renta Fija, puede acceder r\u00e1pidamente a nuestra enorme biblioteca de documentaci\u00f3n de t\u00e9rminos y condiciones a trav\u00e9s de una sencilla aplicaci\u00f3n web. M\u00e1s de 700.000 documentos de oferta de renta fija a su alcance, acceso a una base de datos que contiene: circulares de oferta, prospectos de bonos, suplementos de precios, hojas de t\u00e9rminos, documentos hist\u00f3ricos y nuevas emisiones que se a\u00f1aden continuamente.","twitter_image":"https:\/\/www.exchange-data.com\/wp-content\/uploads\/2015\/09\/EDI-Post-Featured-Image-700x400-1.png","twitter_site":"@ExchangeData","twitter_misc":{"Tiempo de lectura":"1 minuto"},"schema":{"@context":"https:\/\/schema.org","@graph":[{"@type":"WebPage","@id":"https:\/\/www.exchange-data.com\/es\/producto\/servicio-de-recuperacion-de-documentos\/","url":"https:\/\/www.exchange-data.com\/es\/producto\/servicio-de-recuperacion-de-documentos\/","name":"Servicio de Recuperaci\u00f3n de Documentos | Exchange Data International","isPartOf":{"@id":"https:\/\/www.exchange-data.com\/es\/#website"},"primaryImageOfPage":{"@id":"https:\/\/www.exchange-data.com\/es\/producto\/servicio-de-recuperacion-de-documentos\/#primaryimage"},"image":{"@id":"https:\/\/www.exchange-data.com\/es\/producto\/servicio-de-recuperacion-de-documentos\/#primaryimage"},"thumbnailUrl":"https:\/\/www.exchange-data.com\/wp-content\/uploads\/2015\/09\/EDI-Post-Featured-Image-700x400-1.png","datePublished":"2019-03-27T16:00:23+00:00","dateModified":"2025-10-08T12:00:49+00:00","description":"Optimiza tus procesos con el servicio de recuperaci\u00f3n de documentos de EDI. Acceso r\u00e1pido a folletos, term sheets y memorias de renta fija desde una app web.","breadcrumb":{"@id":"https:\/\/www.exchange-data.com\/es\/producto\/servicio-de-recuperacion-de-documentos\/#breadcrumb"},"inLanguage":"es","potentialAction":[{"@type":"ReadAction","target":["https:\/\/www.exchange-data.com\/es\/producto\/servicio-de-recuperacion-de-documentos\/"]}]},{"@type":"ImageObject","inLanguage":"es","@id":"https:\/\/www.exchange-data.com\/es\/producto\/servicio-de-recuperacion-de-documentos\/#primaryimage","url":"https:\/\/www.exchange-data.com\/wp-content\/uploads\/2015\/09\/EDI-Post-Featured-Image-700x400-1.png","contentUrl":"https:\/\/www.exchange-data.com\/wp-content\/uploads\/2015\/09\/EDI-Post-Featured-Image-700x400-1.png","width":700,"height":400,"caption":"Exchange Data International"},{"@type":"BreadcrumbList","@id":"https:\/\/www.exchange-data.com\/es\/producto\/servicio-de-recuperacion-de-documentos\/#breadcrumb","itemListElement":[{"@type":"ListItem","position":1,"name":"Home","item":"https:\/\/www.exchange-data.com\/es\/inicio\/"},{"@type":"ListItem","position":2,"name":"Servicio de Recuperaci\u00f3n de Documentos"}]},{"@type":"WebSite","@id":"https:\/\/www.exchange-data.com\/es\/#website","url":"https:\/\/www.exchange-data.com\/es\/","name":"Exchange Data International","description":"Doing data differently","publisher":{"@id":"https:\/\/www.exchange-data.com\/es\/#organization"},"potentialAction":[{"@type":"SearchAction","target":{"@type":"EntryPoint","urlTemplate":"https:\/\/www.exchange-data.com\/es\/?s={search_term_string}"},"query-input":{"@type":"PropertyValueSpecification","valueRequired":true,"valueName":"search_term_string"}}],"inLanguage":"es"},{"@type":"Organization","@id":"https:\/\/www.exchange-data.com\/es\/#organization","name":"Exchange Data International","url":"https:\/\/www.exchange-data.com\/es\/","logo":{"@type":"ImageObject","inLanguage":"es","@id":"https:\/\/www.exchange-data.com\/es\/#\/schema\/logo\/image\/","url":"https:\/\/www.exchange-data.com\/wp-content\/uploads\/2019\/03\/logo3.png","contentUrl":"https:\/\/www.exchange-data.com\/wp-content\/uploads\/2019\/03\/logo3.png","width":200,"height":80,"caption":"Exchange Data International"},"image":{"@id":"https:\/\/www.exchange-data.com\/es\/#\/schema\/logo\/image\/"},"sameAs":["https:\/\/x.com\/ExchangeData","https:\/\/www.linkedin.com\/company\/exchange-data-international\/?viewAsMember=true","https:\/\/www.youtube.com\/channel\/UC5D1OpUb22YZANRLD_Ktcgg?view_as=subscriber"]}]}},"_links":{"self":[{"href":"https:\/\/www.exchange-data.com\/es\/wp-json\/wp\/v2\/product\/35979","targetHints":{"allow":["GET"]}}],"collection":[{"href":"https:\/\/www.exchange-data.com\/es\/wp-json\/wp\/v2\/product"}],"about":[{"href":"https:\/\/www.exchange-data.com\/es\/wp-json\/wp\/v2\/types\/product"}],"wp:featuredmedia":[{"embeddable":true,"href":"https:\/\/www.exchange-data.com\/es\/wp-json\/wp\/v2\/media\/34154"}],"wp:attachment":[{"href":"https:\/\/www.exchange-data.com\/es\/wp-json\/wp\/v2\/media?parent=35979"}],"wp:term":[{"taxonomy":"country","embeddable":true,"href":"https:\/\/www.exchange-data.com\/es\/wp-json\/wp\/v2\/country?post=35979"},{"taxonomy":"product_category","embeddable":true,"href":"https:\/\/www.exchange-data.com\/es\/wp-json\/wp\/v2\/product_category?post=35979"}],"curies":[{"name":"wp","href":"https:\/\/api.w.org\/{rel}","templated":true}]}}