{"id":35980,"date":"2021-03-22T14:20:57","date_gmt":"2021-03-22T13:20:57","guid":{"rendered":"https:\/\/www.exchange-data.com\/product\/servicio-de-consulta-de-datos-economicos\/"},"modified":"2025-10-03T09:45:34","modified_gmt":"2025-10-03T08:45:34","slug":"servicio-de-consulta-de-datos-economicos","status":"publish","type":"product","link":"https:\/\/www.exchange-data.com\/es\/producto\/servicio-de-consulta-de-datos-economicos\/","title":{"rendered":"Servicio de consulta de datos econ\u00f3micos"},"content":{"rendered":"<h3> Contamos con un profundo conocimiento de los mercados globales, respaldado por m\u00e1s de dos d\u00e9cadas de experiencia en m\u00faltiples regiones y una s\u00f3lida red de contactos en las principales ciudades estrat\u00e9gicas.<\/h3>\n<p><span style=\"font-weight: 400;\">Muchas empresas enfrentan dificultades para transformar los datos en informaci\u00f3n \u00fatil y accionable, debido a la falta de recursos, tiempo o conocimientos especializados. Nuestro servicio de Consultor\u00eda de Indicadores y Datos Econ\u00f3micos est\u00e1 dise\u00f1ado para investigar, recopilar, analizar y presentar datos relevantes que faciliten la toma de decisiones estrat\u00e9gicas. <\/span><\/p>\n<p><span style=\"font-weight: 400;\">La econom\u00eda es el lenguaje de los negocios y define el entorno en el que operamos. Aunque existen numerosas plataformas que ofrecen datos econ\u00f3micos, la informaci\u00f3n macroecon\u00f3mica es esencial para comprender el contexto actual y anticipar tendencias futuras a nivel pa\u00eds, regi\u00f3n o sector. Esta informaci\u00f3n es clave tanto para responsables pol\u00edticos que realizan vigilancia macroecon\u00f3mica como para analistas y gestores de fondos que buscan identificar riesgos sectoriales y oportunidades de inversi\u00f3n. Sin embargo, el acceso a datos de alta calidad no tiene valor si no se interpretan correctamente ni se estructuran de forma estrat\u00e9gica.    <\/span><\/p>\n<h5>En EDI nos encargamos de reunir los datos, traducir los documentos necesarios y, sobre todo, organizar la informaci\u00f3n en un formato estandarizado que permite a nuestros clientes acceder directamente a lo que realmente necesitan.Compilada por expertos en mercados emergentes y globales, esta informaci\u00f3n puede aplicarse en: <\/h5>\n<ul>\n<li><span style=\"font-weight: 400;\">Investigaci\u00f3n y an\u00e1lisis<\/span><\/li>\n<li><span style=\"font-weight: 400;\">Opini\u00f3n experta y liderazgo intelectual<\/span><\/li>\n<li><span style=\"font-weight: 400;\">Evaluaci\u00f3n de riesgos<\/span><\/li>\n<li><span style=\"font-weight: 400;\">Procesos de due diligence<\/span><\/li>\n<li><span style=\"font-weight: 400;\">Desarrollo de estrategias y capacidades<\/span><\/li>\n<li><span style=\"font-weight: 400;\">Proyectos colaborativos y de divulgaci\u00f3n<\/span><\/li>\n<li><span style=\"font-weight: 400;\">Gesti\u00f3n de fondos<\/span><\/li>\n<li><span style=\"font-weight: 400;\">Inversi\u00f3n comercial<\/span><\/li>\n<\/ul>\n<p><span style=\"font-weight: 400;\">Como parte de nuestras soluciones, ayudamos a investigar y recopilar informaci\u00f3n sobre cualquier tema, sector o mercado espec\u00edfico. Analizamos y presentamos los datos en formatos f\u00e1cilmente utilizables, organizados de manera l\u00f3gica y descriptiva.  <\/span><\/p>\n<div style=\"border: 1px; border-style: solid; border-color: #E6353B; text-align: left; padding: 10px 10px 30px 10px;\"><img decoding=\"async\" src=\"https:\/\/stg-exchangedata-stg.kinsta.cloud\/wp-content\/uploads\/2021\/01\/E-Gouws-Colour2.jpg\" alt=\"Ilze Gouws, Directora de Econom\u00eda en EDI\" width=\"15%\" align=\"left\" hspace=\"10\"><span style=\"font-weight: 400;\">Con m\u00e1s de 20 a\u00f1os de experiencia, Ilze lidera el \u00e1rea de Consultor\u00eda de Indicadores y Datos Econ\u00f3micos, con una fuerte vocaci\u00f3n por ofrecer soluciones adaptadas a cada cliente. <\/span><br \/>\n<span style=\"font-weight: 400;\">Contacta con Ilze en <a href=\"mailto:i.gouws@exchange-data.com\">i.gouws@exchange-data.co<\/a>m o llama al <a href=\"tel:+27%20(0)%2082%20782%203750\">+27 (0) 82 782 3750<\/a><\/span><\/div>\n","protected":false},"featured_media":34154,"template":"","country":[2006],"product_category":[3185,3178],"class_list":["post-35980","product","type-product","status-publish","has-post-thumbnail","hentry","product_category-datos-economicos","product_category-productos-y-servicios"],"acf":[],"yoast_head":"<!-- This site is optimized with the Yoast SEO Premium plugin v26.0 (Yoast SEO v26.0) - https:\/\/yoast.com\/wordpress\/plugins\/seo\/ -->\n<title>Consultor\u00eda de Indicadores y Datos Econ\u00f3micos para Mercados Globales | EDI<\/title>\n<meta name=\"description\" content=\"M\u00e1s de 20 a\u00f1os de experiencia en Consultor\u00eda de Indicadores y Datos Econ\u00f3micos. Investigamos, analizamos y estructuramos datos clave para la toma de decisiones empresariales.\" \/>\n<meta name=\"robots\" content=\"index, follow, max-snippet:-1, max-image-preview:large, max-video-preview:-1\" \/>\n<link rel=\"canonical\" href=\"https:\/\/www.exchange-data.com\/es\/producto\/servicio-de-consulta-de-datos-economicos\/\" \/>\n<meta property=\"og:locale\" content=\"es_ES\" \/>\n<meta property=\"og:type\" content=\"article\" \/>\n<meta property=\"og:title\" content=\"Servicio de consulta de datos econ\u00f3micos | Exchange Data International\" \/>\n<meta property=\"og:description\" content=\"M\u00e1s de 20 a\u00f1os de experiencia en Consultor\u00eda de Indicadores y Datos Econ\u00f3micos. Investigamos, analizamos y estructuramos datos clave para la toma de decisiones empresariales.\" \/>\n<meta property=\"og:url\" content=\"https:\/\/www.exchange-data.com\/es\/producto\/servicio-de-consulta-de-datos-economicos\/\" \/>\n<meta property=\"og:site_name\" content=\"Exchange Data International\" \/>\n<meta property=\"article:modified_time\" content=\"2025-10-03T08:45:34+00:00\" \/>\n<meta property=\"og:image\" content=\"https:\/\/www.exchange-data.com\/wp-content\/uploads\/2015\/09\/EDI-Post-Featured-Image-700x400-1.png\" \/>\n\t<meta property=\"og:image:width\" content=\"700\" \/>\n\t<meta property=\"og:image:height\" content=\"400\" \/>\n\t<meta property=\"og:image:type\" content=\"image\/png\" \/>\n<meta name=\"twitter:card\" content=\"summary_large_image\" \/>\n<meta name=\"twitter:site\" content=\"@ExchangeData\" \/>\n<meta name=\"twitter:label1\" content=\"Tiempo de lectura\" \/>\n\t<meta name=\"twitter:data1\" content=\"2 minutos\" \/>\n<script type=\"application\/ld+json\" class=\"yoast-schema-graph\">{\"@context\":\"https:\/\/schema.org\",\"@graph\":[{\"@type\":\"WebPage\",\"@id\":\"https:\/\/www.exchange-data.com\/es\/producto\/servicio-de-consulta-de-datos-economicos\/\",\"url\":\"https:\/\/www.exchange-data.com\/es\/producto\/servicio-de-consulta-de-datos-economicos\/\",\"name\":\"Consultor\u00eda de Indicadores y Datos Econ\u00f3micos para Mercados Globales | EDI\",\"isPartOf\":{\"@id\":\"https:\/\/www.exchange-data.com\/es\/#website\"},\"primaryImageOfPage\":{\"@id\":\"https:\/\/www.exchange-data.com\/es\/producto\/servicio-de-consulta-de-datos-economicos\/#primaryimage\"},\"image\":{\"@id\":\"https:\/\/www.exchange-data.com\/es\/producto\/servicio-de-consulta-de-datos-economicos\/#primaryimage\"},\"thumbnailUrl\":\"https:\/\/www.exchange-data.com\/wp-content\/uploads\/2015\/09\/EDI-Post-Featured-Image-700x400-1.png\",\"datePublished\":\"2021-03-22T13:20:57+00:00\",\"dateModified\":\"2025-10-03T08:45:34+00:00\",\"description\":\"M\u00e1s de 20 a\u00f1os de experiencia en Consultor\u00eda de Indicadores y Datos Econ\u00f3micos. Investigamos, analizamos y estructuramos datos clave para la toma de decisiones empresariales.\",\"breadcrumb\":{\"@id\":\"https:\/\/www.exchange-data.com\/es\/producto\/servicio-de-consulta-de-datos-economicos\/#breadcrumb\"},\"inLanguage\":\"es\",\"potentialAction\":[{\"@type\":\"ReadAction\",\"target\":[\"https:\/\/www.exchange-data.com\/es\/producto\/servicio-de-consulta-de-datos-economicos\/\"]}]},{\"@type\":\"ImageObject\",\"inLanguage\":\"es\",\"@id\":\"https:\/\/www.exchange-data.com\/es\/producto\/servicio-de-consulta-de-datos-economicos\/#primaryimage\",\"url\":\"https:\/\/www.exchange-data.com\/wp-content\/uploads\/2015\/09\/EDI-Post-Featured-Image-700x400-1.png\",\"contentUrl\":\"https:\/\/www.exchange-data.com\/wp-content\/uploads\/2015\/09\/EDI-Post-Featured-Image-700x400-1.png\",\"width\":700,\"height\":400,\"caption\":\"Exchange Data International\"},{\"@type\":\"BreadcrumbList\",\"@id\":\"https:\/\/www.exchange-data.com\/es\/producto\/servicio-de-consulta-de-datos-economicos\/#breadcrumb\",\"itemListElement\":[{\"@type\":\"ListItem\",\"position\":1,\"name\":\"Home\",\"item\":\"https:\/\/www.exchange-data.com\/es\/inicio\/\"},{\"@type\":\"ListItem\",\"position\":2,\"name\":\"Servicio de consulta de datos econ\u00f3micos\"}]},{\"@type\":\"WebSite\",\"@id\":\"https:\/\/www.exchange-data.com\/es\/#website\",\"url\":\"https:\/\/www.exchange-data.com\/es\/\",\"name\":\"Exchange Data International\",\"description\":\"Doing data differently\",\"publisher\":{\"@id\":\"https:\/\/www.exchange-data.com\/es\/#organization\"},\"potentialAction\":[{\"@type\":\"SearchAction\",\"target\":{\"@type\":\"EntryPoint\",\"urlTemplate\":\"https:\/\/www.exchange-data.com\/es\/?s={search_term_string}\"},\"query-input\":{\"@type\":\"PropertyValueSpecification\",\"valueRequired\":true,\"valueName\":\"search_term_string\"}}],\"inLanguage\":\"es\"},{\"@type\":\"Organization\",\"@id\":\"https:\/\/www.exchange-data.com\/es\/#organization\",\"name\":\"Exchange Data International\",\"url\":\"https:\/\/www.exchange-data.com\/es\/\",\"logo\":{\"@type\":\"ImageObject\",\"inLanguage\":\"es\",\"@id\":\"https:\/\/www.exchange-data.com\/es\/#\/schema\/logo\/image\/\",\"url\":\"https:\/\/www.exchange-data.com\/wp-content\/uploads\/2019\/03\/logo3.png\",\"contentUrl\":\"https:\/\/www.exchange-data.com\/wp-content\/uploads\/2019\/03\/logo3.png\",\"width\":200,\"height\":80,\"caption\":\"Exchange Data International\"},\"image\":{\"@id\":\"https:\/\/www.exchange-data.com\/es\/#\/schema\/logo\/image\/\"},\"sameAs\":[\"https:\/\/x.com\/ExchangeData\",\"https:\/\/www.linkedin.com\/company\/exchange-data-international\/?viewAsMember=true\",\"https:\/\/www.youtube.com\/channel\/UC5D1OpUb22YZANRLD_Ktcgg?view_as=subscriber\"]}]}<\/script>\n<!-- \/ Yoast SEO Premium plugin. -->","yoast_head_json":{"title":"Consultor\u00eda de Indicadores y Datos Econ\u00f3micos para Mercados Globales | EDI","description":"M\u00e1s de 20 a\u00f1os de experiencia en Consultor\u00eda de Indicadores y Datos Econ\u00f3micos. Investigamos, analizamos y estructuramos datos clave para la toma de decisiones empresariales.","robots":{"index":"index","follow":"follow","max-snippet":"max-snippet:-1","max-image-preview":"max-image-preview:large","max-video-preview":"max-video-preview:-1"},"canonical":"https:\/\/www.exchange-data.com\/es\/producto\/servicio-de-consulta-de-datos-economicos\/","og_locale":"es_ES","og_type":"article","og_title":"Servicio de consulta de datos econ\u00f3micos | Exchange Data International","og_description":"M\u00e1s de 20 a\u00f1os de experiencia en Consultor\u00eda de Indicadores y Datos Econ\u00f3micos. Investigamos, analizamos y estructuramos datos clave para la toma de decisiones empresariales.","og_url":"https:\/\/www.exchange-data.com\/es\/producto\/servicio-de-consulta-de-datos-economicos\/","og_site_name":"Exchange Data International","article_modified_time":"2025-10-03T08:45:34+00:00","og_image":[{"width":700,"height":400,"url":"https:\/\/www.exchange-data.com\/wp-content\/uploads\/2015\/09\/EDI-Post-Featured-Image-700x400-1.png","type":"image\/png"}],"twitter_card":"summary_large_image","twitter_site":"@ExchangeData","twitter_misc":{"Tiempo de lectura":"2 minutos"},"schema":{"@context":"https:\/\/schema.org","@graph":[{"@type":"WebPage","@id":"https:\/\/www.exchange-data.com\/es\/producto\/servicio-de-consulta-de-datos-economicos\/","url":"https:\/\/www.exchange-data.com\/es\/producto\/servicio-de-consulta-de-datos-economicos\/","name":"Consultor\u00eda de Indicadores y Datos Econ\u00f3micos para Mercados Globales | EDI","isPartOf":{"@id":"https:\/\/www.exchange-data.com\/es\/#website"},"primaryImageOfPage":{"@id":"https:\/\/www.exchange-data.com\/es\/producto\/servicio-de-consulta-de-datos-economicos\/#primaryimage"},"image":{"@id":"https:\/\/www.exchange-data.com\/es\/producto\/servicio-de-consulta-de-datos-economicos\/#primaryimage"},"thumbnailUrl":"https:\/\/www.exchange-data.com\/wp-content\/uploads\/2015\/09\/EDI-Post-Featured-Image-700x400-1.png","datePublished":"2021-03-22T13:20:57+00:00","dateModified":"2025-10-03T08:45:34+00:00","description":"M\u00e1s de 20 a\u00f1os de experiencia en Consultor\u00eda de Indicadores y Datos Econ\u00f3micos. Investigamos, analizamos y estructuramos datos clave para la toma de decisiones empresariales.","breadcrumb":{"@id":"https:\/\/www.exchange-data.com\/es\/producto\/servicio-de-consulta-de-datos-economicos\/#breadcrumb"},"inLanguage":"es","potentialAction":[{"@type":"ReadAction","target":["https:\/\/www.exchange-data.com\/es\/producto\/servicio-de-consulta-de-datos-economicos\/"]}]},{"@type":"ImageObject","inLanguage":"es","@id":"https:\/\/www.exchange-data.com\/es\/producto\/servicio-de-consulta-de-datos-economicos\/#primaryimage","url":"https:\/\/www.exchange-data.com\/wp-content\/uploads\/2015\/09\/EDI-Post-Featured-Image-700x400-1.png","contentUrl":"https:\/\/www.exchange-data.com\/wp-content\/uploads\/2015\/09\/EDI-Post-Featured-Image-700x400-1.png","width":700,"height":400,"caption":"Exchange Data International"},{"@type":"BreadcrumbList","@id":"https:\/\/www.exchange-data.com\/es\/producto\/servicio-de-consulta-de-datos-economicos\/#breadcrumb","itemListElement":[{"@type":"ListItem","position":1,"name":"Home","item":"https:\/\/www.exchange-data.com\/es\/inicio\/"},{"@type":"ListItem","position":2,"name":"Servicio de consulta de datos econ\u00f3micos"}]},{"@type":"WebSite","@id":"https:\/\/www.exchange-data.com\/es\/#website","url":"https:\/\/www.exchange-data.com\/es\/","name":"Exchange Data International","description":"Doing data differently","publisher":{"@id":"https:\/\/www.exchange-data.com\/es\/#organization"},"potentialAction":[{"@type":"SearchAction","target":{"@type":"EntryPoint","urlTemplate":"https:\/\/www.exchange-data.com\/es\/?s={search_term_string}"},"query-input":{"@type":"PropertyValueSpecification","valueRequired":true,"valueName":"search_term_string"}}],"inLanguage":"es"},{"@type":"Organization","@id":"https:\/\/www.exchange-data.com\/es\/#organization","name":"Exchange Data International","url":"https:\/\/www.exchange-data.com\/es\/","logo":{"@type":"ImageObject","inLanguage":"es","@id":"https:\/\/www.exchange-data.com\/es\/#\/schema\/logo\/image\/","url":"https:\/\/www.exchange-data.com\/wp-content\/uploads\/2019\/03\/logo3.png","contentUrl":"https:\/\/www.exchange-data.com\/wp-content\/uploads\/2019\/03\/logo3.png","width":200,"height":80,"caption":"Exchange Data International"},"image":{"@id":"https:\/\/www.exchange-data.com\/es\/#\/schema\/logo\/image\/"},"sameAs":["https:\/\/x.com\/ExchangeData","https:\/\/www.linkedin.com\/company\/exchange-data-international\/?viewAsMember=true","https:\/\/www.youtube.com\/channel\/UC5D1OpUb22YZANRLD_Ktcgg?view_as=subscriber"]}]}},"_links":{"self":[{"href":"https:\/\/www.exchange-data.com\/es\/wp-json\/wp\/v2\/product\/35980","targetHints":{"allow":["GET"]}}],"collection":[{"href":"https:\/\/www.exchange-data.com\/es\/wp-json\/wp\/v2\/product"}],"about":[{"href":"https:\/\/www.exchange-data.com\/es\/wp-json\/wp\/v2\/types\/product"}],"wp:featuredmedia":[{"embeddable":true,"href":"https:\/\/www.exchange-data.com\/es\/wp-json\/wp\/v2\/media\/34154"}],"wp:attachment":[{"href":"https:\/\/www.exchange-data.com\/es\/wp-json\/wp\/v2\/media?parent=35980"}],"wp:term":[{"taxonomy":"country","embeddable":true,"href":"https:\/\/www.exchange-data.com\/es\/wp-json\/wp\/v2\/country?post=35980"},{"taxonomy":"product_category","embeddable":true,"href":"https:\/\/www.exchange-data.com\/es\/wp-json\/wp\/v2\/product_category?post=35980"}],"curies":[{"name":"wp","href":"https:\/\/api.w.org\/{rel}","templated":true}]}}