{"id":35982,"date":"2019-03-31T10:41:05","date_gmt":"2019-03-31T09:41:05","guid":{"rendered":"https:\/\/www.exchange-data.com\/product\/datos-de-precios-al-final-del-dia\/"},"modified":"2026-03-17T11:59:18","modified_gmt":"2026-03-17T10:59:18","slug":"datos-de-precios-al-final-del-dia","status":"publish","type":"product","link":"https:\/\/www.exchange-data.com\/es\/producto\/datos-de-precios-al-final-del-dia\/","title":{"rendered":"Datos de Precios de Cierre Diarios"},"content":{"rendered":"<p align=\"justify\"><span style=\"font-weight: 400;\">Exchange Data International (EDI) ofrece servicios de Precios de Cierre Diarios desde 2007. Actualmente cubrimos m\u00e1s de 170 bolsas a nivel mundial, proporcionando a nuestros clientes acceso \u00e1gil a datos extensos y precisos de precios de cierre. <\/span><\/p>\n<p>Nuestros clientes se suscriben a este servicio para:<\/p>\n<ul>\n<li><span style=\"font-weight: 400;\">Acceder a precios de cierre recogidos de 170 bolsas de todo el mundo, incluidas las de mercados emergentes y frontera<\/span><\/li>\n<li><span style=\"font-weight: 400;\">Identificar f\u00e1cilmente valores mediante elementos de datos est\u00e1ticos procedentes del Archivo de <a title=\"Servicio de datos de referencia\" href=\"https:\/\/www.exchange-data.com\/es\/producto\/fichero-de-referencia-de-valores\/\">Referencia de Valores<\/a><\/span><\/li>\n<\/ul>\n<p>Los datos de cierre diario est\u00e1n disponibles para:<\/p>\n<table>\n<tbody>\n<tr>\n<td>\n<ul>\n<li><span style=\"font-weight: 400;\">Acciones<\/span><\/li>\n<li><span style=\"font-weight: 400;\">Fondos cotizados (ETFs)<\/span><\/li>\n<li><span style=\"font-weight: 400;\">Fondos de inversi\u00f3n estadounidenses<\/span><\/li>\n<\/ul>\n<\/td>\n<td>\n<ul>\n<li><span style=\"font-weight: 400;\">Precios de Derivados al Cierre<\/span><\/li>\n<li><span style=\"font-weight: 400;\">Bonos cotizados<\/span><\/li>\n<li><span style=\"font-weight: 400;\">\u00cdndices cotizados<\/span><\/li>\n<\/ul>\n<\/td>\n<\/tr>\n<\/tbody>\n<\/table>\n<p align=\"justify\"><span style=\"font-weight: 400;\">Los elementos de datos incluyen apertura, m\u00e1ximo, m\u00ednimo, cierre, volumen negociado, valor negociado y n\u00famero de transacciones.<\/span><\/p>\n<h4>\u00bfNo puede esperar a los datos de cierre confirmados?<\/h4>\n<p align=\"justify\"><span style=\"font-weight: 400;\">Aproveche nuestro suministro de datos preliminares de precios de cierre diario.<\/span><\/p>\n<p>&nbsp;<\/p>\n<p>Las fuentes de precios de cierre son ideales para:<\/p>\n<ul>\n<li><span style=\"font-weight: 400;\">Valorar carteras<\/span><\/li>\n<li><span style=\"font-weight: 400;\">Calcular \u00edndices<\/span><\/li>\n<li><span style=\"font-weight: 400;\">Medir el rendimiento de sus posiciones<\/span><\/li>\n<\/ul>\n<style>\np.solid {border-style: solid;}<br \/><\/style>\n<h5>EDI tambi\u00e9n puede proporcionar datos de mercado en tiempo real bajo solicitud.<\/h5>\n<p><span style=\"font-weight: 400;\">Importante: Los clientes que reciben archivos EOD deben procesar de forma continua un archivo de reenv\u00edo que sobrescribe los precios anteriores si EDI detecta variaciones porcentuales significativas respecto al cierre previo.<\/span><\/p>\n<p><a href=\"https:\/\/www.exchange-data.com\/es\/instituciones-academicas\/\"><img loading=\"lazy\" decoding=\"async\" class=\"alignleft size-full wp-image-33544\" src=\"https:\/\/www.exchange-data.com\/wp-content\/uploads\/2019\/01\/Banner-Option-4.png\" alt=\"\" width=\"700\" height=\"100\" srcset=\"https:\/\/www.exchange-data.com\/wp-content\/uploads\/2019\/01\/Banner-Option-4.png 700w, https:\/\/www.exchange-data.com\/wp-content\/uploads\/2019\/01\/Banner-Option-4-300x43.png 300w, https:\/\/www.exchange-data.com\/wp-content\/uploads\/2019\/01\/Banner-Option-4-100x14.png 100w\" sizes=\"auto, (max-width: 700px) 100vw, 700px\" \/><\/a><\/p>\n","protected":false},"featured_media":34154,"template":"","country":[1985,2108,2081,2138,2139,2122,2143,1933,2106,2087,2112,2113,1971,1991,1992,2039,1951,1952,2144,2103,2086,1964,1981,1982,2132,2133,2118,1983,2057,2116,2117,2085,2046,2121,1961,2023,1980,1957,1958,2079,2074,1978,1972,2128,2129,2119,1977,2052,2131,1942,2044,2045,1956,1949,2072,2136,2137,1858,1975,1944,1945,2094,1968,1993,1994,2002,2096,2097,2100,1955,2056,1988,2090,2091,1909,1973,1974,1959,1960,2078,2077,2126,2127,2049,1970,1954,2092,2093,1965,1966,1870,2147,2148,2149,2150,2141,2084,1930,2134,2135,2076,2098,2146,2109,1979,2073,1987,2123,2107,2040,2041,2037,2038,2024,2050,2051,2053,2054,2142,2048,2075,1989,1963,2145,1929,2110,2111,1962,2104,2105,2120,2102,1950,1869,1948,2130,2088,2089,2124,2125,1986,1918,1903,1902,2095,2101,2047,1984,2043,2042,1990,2083,2082,2055,1976,1969,1887,2140,1967,2099,2080,1953,1946,1947],"product_category":[3179,3178],"class_list":["post-35982","product","type-product","status-publish","has-post-thumbnail","hentry","product_category-precios","product_category-productos-y-servicios"],"acf":[],"yoast_head":"<!-- This site is optimized with the Yoast SEO Premium plugin v26.0 (Yoast SEO v26.0) - https:\/\/yoast.com\/wordpress\/plugins\/seo\/ -->\n<title>Precios de Cierre Diarios | Datos globales de m\u00e1s de 170 bolsas con alta precisi\u00f3n<\/title>\n<meta name=\"description\" content=\"Acceda a datos de precios de cierre diarios de m\u00e1s de 170 bolsas, incluidos mercados emergentes, para valorar carteras, calcular \u00edndices y tomar decisiones con mayor rapidez.\" \/>\n<meta name=\"robots\" content=\"index, follow, max-snippet:-1, max-image-preview:large, max-video-preview:-1\" \/>\n<link rel=\"canonical\" href=\"https:\/\/www.exchange-data.com\/es\/producto\/datos-de-precios-al-final-del-dia\/\" \/>\n<meta property=\"og:locale\" content=\"es_ES\" \/>\n<meta property=\"og:type\" content=\"article\" \/>\n<meta property=\"og:title\" content=\"Datos de Precios de Cierre Diarios\" \/>\n<meta property=\"og:description\" content=\"Exchange Data International (EDI) ofrece servicios de Precios de Cierre Diarios desde 2007. Actualmente cubrimos m\u00e1s de 170 bolsas a nivel mundial, proporcionando a nuestros clientes acceso \u00e1gil a datos extensos y precisos de precios de cierre. Los clientes se suscriben a nuestra oferta de datos de precios al final del d\u00eda para: Acceder a datos de precios de cierre recopilados de 170 bolsas de todo el mundo, incluidos todos los mercados emergentes y fronterizos, Identificar f\u00e1cilmente valores mediante elementos de datos est\u00e1ticos extra\u00eddos del Fichero de Referencia de Valores.\" \/>\n<meta property=\"og:url\" content=\"https:\/\/www.exchange-data.com\/es\/producto\/datos-de-precios-al-final-del-dia\/\" \/>\n<meta property=\"og:site_name\" content=\"Exchange Data International\" \/>\n<meta property=\"article:modified_time\" content=\"2026-03-17T10:59:18+00:00\" \/>\n<meta property=\"og:image\" content=\"https:\/\/www.exchange-data.com\/wp-content\/uploads\/2015\/09\/EDI-Post-Featured-Image-700x400-1.png\" \/>\n<meta name=\"twitter:card\" content=\"summary_large_image\" \/>\n<meta name=\"twitter:title\" content=\"Datos de Precios de Cierre Diarios\" \/>\n<meta name=\"twitter:description\" content=\"Exchange Data International (EDI) ofrece servicios de Precios de Cierre Diarios desde 2007. Actualmente cubrimos m\u00e1s de 170 bolsas a nivel mundial, proporcionando a nuestros clientes acceso \u00e1gil a datos extensos y precisos de precios de cierre. Los clientes se suscriben a nuestra oferta de datos de precios al final del d\u00eda para: Acceder a datos de precios de cierre recopilados de 170 bolsas de todo el mundo, incluidos todos los mercados emergentes y fronterizos, Identificar f\u00e1cilmente valores mediante elementos de datos est\u00e1ticos extra\u00eddos del Fichero de Referencia de Valores.\" \/>\n<meta name=\"twitter:image\" content=\"https:\/\/www.exchange-data.com\/wp-content\/uploads\/2015\/09\/EDI-Post-Featured-Image-700x400-1.png\" \/>\n<meta name=\"twitter:site\" content=\"@ExchangeData\" \/>\n<meta name=\"twitter:label1\" content=\"Tiempo de lectura\" \/>\n\t<meta name=\"twitter:data1\" content=\"2 minutos\" \/>\n<script type=\"application\/ld+json\" class=\"yoast-schema-graph\">{\"@context\":\"https:\/\/schema.org\",\"@graph\":[{\"@type\":\"WebPage\",\"@id\":\"https:\/\/www.exchange-data.com\/es\/producto\/datos-de-precios-al-final-del-dia\/\",\"url\":\"https:\/\/www.exchange-data.com\/es\/producto\/datos-de-precios-al-final-del-dia\/\",\"name\":\"Precios de Cierre Diarios | Datos globales de m\u00e1s de 170 bolsas con alta precisi\u00f3n\",\"isPartOf\":{\"@id\":\"https:\/\/www.exchange-data.com\/es\/#website\"},\"primaryImageOfPage\":{\"@id\":\"https:\/\/www.exchange-data.com\/es\/producto\/datos-de-precios-al-final-del-dia\/#primaryimage\"},\"image\":{\"@id\":\"https:\/\/www.exchange-data.com\/es\/producto\/datos-de-precios-al-final-del-dia\/#primaryimage\"},\"thumbnailUrl\":\"https:\/\/www.exchange-data.com\/wp-content\/uploads\/2015\/09\/EDI-Post-Featured-Image-700x400-1.png\",\"datePublished\":\"2019-03-31T09:41:05+00:00\",\"dateModified\":\"2026-03-17T10:59:18+00:00\",\"description\":\"Acceda a datos de precios de cierre diarios de m\u00e1s de 170 bolsas, incluidos mercados emergentes, para valorar carteras, calcular \u00edndices y tomar decisiones con mayor rapidez.\",\"breadcrumb\":{\"@id\":\"https:\/\/www.exchange-data.com\/es\/producto\/datos-de-precios-al-final-del-dia\/#breadcrumb\"},\"inLanguage\":\"es\",\"potentialAction\":[{\"@type\":\"ReadAction\",\"target\":[\"https:\/\/www.exchange-data.com\/es\/producto\/datos-de-precios-al-final-del-dia\/\"]}]},{\"@type\":\"ImageObject\",\"inLanguage\":\"es\",\"@id\":\"https:\/\/www.exchange-data.com\/es\/producto\/datos-de-precios-al-final-del-dia\/#primaryimage\",\"url\":\"https:\/\/www.exchange-data.com\/wp-content\/uploads\/2015\/09\/EDI-Post-Featured-Image-700x400-1.png\",\"contentUrl\":\"https:\/\/www.exchange-data.com\/wp-content\/uploads\/2015\/09\/EDI-Post-Featured-Image-700x400-1.png\",\"width\":700,\"height\":400,\"caption\":\"Exchange Data International\"},{\"@type\":\"BreadcrumbList\",\"@id\":\"https:\/\/www.exchange-data.com\/es\/producto\/datos-de-precios-al-final-del-dia\/#breadcrumb\",\"itemListElement\":[{\"@type\":\"ListItem\",\"position\":1,\"name\":\"Home\",\"item\":\"https:\/\/www.exchange-data.com\/es\/inicio\/\"},{\"@type\":\"ListItem\",\"position\":2,\"name\":\"Datos de Precios de Cierre Diarios\"}]},{\"@type\":\"WebSite\",\"@id\":\"https:\/\/www.exchange-data.com\/es\/#website\",\"url\":\"https:\/\/www.exchange-data.com\/es\/\",\"name\":\"Exchange Data International\",\"description\":\"Doing data differently\",\"publisher\":{\"@id\":\"https:\/\/www.exchange-data.com\/es\/#organization\"},\"potentialAction\":[{\"@type\":\"SearchAction\",\"target\":{\"@type\":\"EntryPoint\",\"urlTemplate\":\"https:\/\/www.exchange-data.com\/es\/?s={search_term_string}\"},\"query-input\":{\"@type\":\"PropertyValueSpecification\",\"valueRequired\":true,\"valueName\":\"search_term_string\"}}],\"inLanguage\":\"es\"},{\"@type\":\"Organization\",\"@id\":\"https:\/\/www.exchange-data.com\/es\/#organization\",\"name\":\"Exchange Data International\",\"url\":\"https:\/\/www.exchange-data.com\/es\/\",\"logo\":{\"@type\":\"ImageObject\",\"inLanguage\":\"es\",\"@id\":\"https:\/\/www.exchange-data.com\/es\/#\/schema\/logo\/image\/\",\"url\":\"https:\/\/www.exchange-data.com\/wp-content\/uploads\/2019\/03\/logo3.png\",\"contentUrl\":\"https:\/\/www.exchange-data.com\/wp-content\/uploads\/2019\/03\/logo3.png\",\"width\":200,\"height\":80,\"caption\":\"Exchange Data International\"},\"image\":{\"@id\":\"https:\/\/www.exchange-data.com\/es\/#\/schema\/logo\/image\/\"},\"sameAs\":[\"https:\/\/x.com\/ExchangeData\",\"https:\/\/www.linkedin.com\/company\/exchange-data-international\/?viewAsMember=true\",\"https:\/\/www.youtube.com\/channel\/UC5D1OpUb22YZANRLD_Ktcgg?view_as=subscriber\"]}]}<\/script>\n<!-- \/ Yoast SEO Premium plugin. -->","yoast_head_json":{"title":"Precios de Cierre Diarios | Datos globales de m\u00e1s de 170 bolsas con alta precisi\u00f3n","description":"Acceda a datos de precios de cierre diarios de m\u00e1s de 170 bolsas, incluidos mercados emergentes, para valorar carteras, calcular \u00edndices y tomar decisiones con mayor rapidez.","robots":{"index":"index","follow":"follow","max-snippet":"max-snippet:-1","max-image-preview":"max-image-preview:large","max-video-preview":"max-video-preview:-1"},"canonical":"https:\/\/www.exchange-data.com\/es\/producto\/datos-de-precios-al-final-del-dia\/","og_locale":"es_ES","og_type":"article","og_title":"Datos de Precios de Cierre Diarios","og_description":"Exchange Data International (EDI) ofrece servicios de Precios de Cierre Diarios desde 2007. Actualmente cubrimos m\u00e1s de 170 bolsas a nivel mundial, proporcionando a nuestros clientes acceso \u00e1gil a datos extensos y precisos de precios de cierre. Los clientes se suscriben a nuestra oferta de datos de precios al final del d\u00eda para: Acceder a datos de precios de cierre recopilados de 170 bolsas de todo el mundo, incluidos todos los mercados emergentes y fronterizos, Identificar f\u00e1cilmente valores mediante elementos de datos est\u00e1ticos extra\u00eddos del Fichero de Referencia de Valores.","og_url":"https:\/\/www.exchange-data.com\/es\/producto\/datos-de-precios-al-final-del-dia\/","og_site_name":"Exchange Data International","article_modified_time":"2026-03-17T10:59:18+00:00","og_image":[{"url":"https:\/\/www.exchange-data.com\/wp-content\/uploads\/2015\/09\/EDI-Post-Featured-Image-700x400-1.png","type":"","width":"","height":""}],"twitter_card":"summary_large_image","twitter_title":"Datos de Precios de Cierre Diarios","twitter_description":"Exchange Data International (EDI) ofrece servicios de Precios de Cierre Diarios desde 2007. Actualmente cubrimos m\u00e1s de 170 bolsas a nivel mundial, proporcionando a nuestros clientes acceso \u00e1gil a datos extensos y precisos de precios de cierre. Los clientes se suscriben a nuestra oferta de datos de precios al final del d\u00eda para: Acceder a datos de precios de cierre recopilados de 170 bolsas de todo el mundo, incluidos todos los mercados emergentes y fronterizos, Identificar f\u00e1cilmente valores mediante elementos de datos est\u00e1ticos extra\u00eddos del Fichero de Referencia de Valores.","twitter_image":"https:\/\/www.exchange-data.com\/wp-content\/uploads\/2015\/09\/EDI-Post-Featured-Image-700x400-1.png","twitter_site":"@ExchangeData","twitter_misc":{"Tiempo de lectura":"2 minutos"},"schema":{"@context":"https:\/\/schema.org","@graph":[{"@type":"WebPage","@id":"https:\/\/www.exchange-data.com\/es\/producto\/datos-de-precios-al-final-del-dia\/","url":"https:\/\/www.exchange-data.com\/es\/producto\/datos-de-precios-al-final-del-dia\/","name":"Precios de Cierre Diarios | Datos globales de m\u00e1s de 170 bolsas con alta precisi\u00f3n","isPartOf":{"@id":"https:\/\/www.exchange-data.com\/es\/#website"},"primaryImageOfPage":{"@id":"https:\/\/www.exchange-data.com\/es\/producto\/datos-de-precios-al-final-del-dia\/#primaryimage"},"image":{"@id":"https:\/\/www.exchange-data.com\/es\/producto\/datos-de-precios-al-final-del-dia\/#primaryimage"},"thumbnailUrl":"https:\/\/www.exchange-data.com\/wp-content\/uploads\/2015\/09\/EDI-Post-Featured-Image-700x400-1.png","datePublished":"2019-03-31T09:41:05+00:00","dateModified":"2026-03-17T10:59:18+00:00","description":"Acceda a datos de precios de cierre diarios de m\u00e1s de 170 bolsas, incluidos mercados emergentes, para valorar carteras, calcular \u00edndices y tomar decisiones con mayor rapidez.","breadcrumb":{"@id":"https:\/\/www.exchange-data.com\/es\/producto\/datos-de-precios-al-final-del-dia\/#breadcrumb"},"inLanguage":"es","potentialAction":[{"@type":"ReadAction","target":["https:\/\/www.exchange-data.com\/es\/producto\/datos-de-precios-al-final-del-dia\/"]}]},{"@type":"ImageObject","inLanguage":"es","@id":"https:\/\/www.exchange-data.com\/es\/producto\/datos-de-precios-al-final-del-dia\/#primaryimage","url":"https:\/\/www.exchange-data.com\/wp-content\/uploads\/2015\/09\/EDI-Post-Featured-Image-700x400-1.png","contentUrl":"https:\/\/www.exchange-data.com\/wp-content\/uploads\/2015\/09\/EDI-Post-Featured-Image-700x400-1.png","width":700,"height":400,"caption":"Exchange Data International"},{"@type":"BreadcrumbList","@id":"https:\/\/www.exchange-data.com\/es\/producto\/datos-de-precios-al-final-del-dia\/#breadcrumb","itemListElement":[{"@type":"ListItem","position":1,"name":"Home","item":"https:\/\/www.exchange-data.com\/es\/inicio\/"},{"@type":"ListItem","position":2,"name":"Datos de Precios de Cierre Diarios"}]},{"@type":"WebSite","@id":"https:\/\/www.exchange-data.com\/es\/#website","url":"https:\/\/www.exchange-data.com\/es\/","name":"Exchange Data International","description":"Doing data differently","publisher":{"@id":"https:\/\/www.exchange-data.com\/es\/#organization"},"potentialAction":[{"@type":"SearchAction","target":{"@type":"EntryPoint","urlTemplate":"https:\/\/www.exchange-data.com\/es\/?s={search_term_string}"},"query-input":{"@type":"PropertyValueSpecification","valueRequired":true,"valueName":"search_term_string"}}],"inLanguage":"es"},{"@type":"Organization","@id":"https:\/\/www.exchange-data.com\/es\/#organization","name":"Exchange Data International","url":"https:\/\/www.exchange-data.com\/es\/","logo":{"@type":"ImageObject","inLanguage":"es","@id":"https:\/\/www.exchange-data.com\/es\/#\/schema\/logo\/image\/","url":"https:\/\/www.exchange-data.com\/wp-content\/uploads\/2019\/03\/logo3.png","contentUrl":"https:\/\/www.exchange-data.com\/wp-content\/uploads\/2019\/03\/logo3.png","width":200,"height":80,"caption":"Exchange Data International"},"image":{"@id":"https:\/\/www.exchange-data.com\/es\/#\/schema\/logo\/image\/"},"sameAs":["https:\/\/x.com\/ExchangeData","https:\/\/www.linkedin.com\/company\/exchange-data-international\/?viewAsMember=true","https:\/\/www.youtube.com\/channel\/UC5D1OpUb22YZANRLD_Ktcgg?view_as=subscriber"]}]}},"_links":{"self":[{"href":"https:\/\/www.exchange-data.com\/es\/wp-json\/wp\/v2\/product\/35982","targetHints":{"allow":["GET"]}}],"collection":[{"href":"https:\/\/www.exchange-data.com\/es\/wp-json\/wp\/v2\/product"}],"about":[{"href":"https:\/\/www.exchange-data.com\/es\/wp-json\/wp\/v2\/types\/product"}],"wp:featuredmedia":[{"embeddable":true,"href":"https:\/\/www.exchange-data.com\/es\/wp-json\/wp\/v2\/media\/34154"}],"wp:attachment":[{"href":"https:\/\/www.exchange-data.com\/es\/wp-json\/wp\/v2\/media?parent=35982"}],"wp:term":[{"taxonomy":"country","embeddable":true,"href":"https:\/\/www.exchange-data.com\/es\/wp-json\/wp\/v2\/country?post=35982"},{"taxonomy":"product_category","embeddable":true,"href":"https:\/\/www.exchange-data.com\/es\/wp-json\/wp\/v2\/product_category?post=35982"}],"curies":[{"name":"wp","href":"https:\/\/api.w.org\/{rel}","templated":true}]}}