{"id":35983,"date":"2023-03-31T14:42:48","date_gmt":"2023-03-31T13:42:48","guid":{"rendered":"https:\/\/www.exchange-data.com\/product\/indices-financieros\/"},"modified":"2026-01-20T09:44:48","modified_gmt":"2026-01-20T08:44:48","slug":"indices-financieros","status":"publish","type":"product","link":"https:\/\/www.exchange-data.com\/es\/producto\/indices-financieros\/","title":{"rendered":"\u00cdndices Financieros<br>"},"content":{"rendered":"<p>&nbsp;<\/p>\n<p>&nbsp;<\/p>\n<h2>Satisfaciendo las Necesidades del Mercado<\/h2>\n<p>&nbsp;<\/p>\n<p><span style=\"font-weight: 400;\">Este servicio proporciona referencias precisas y confiables sobre los mercados representados, permitiendo a los usuarios de \u00edndices obtener una ventaja competitiva en sus procesos de an\u00e1lisis, benchmarking e inversi\u00f3n. Todos los \u00edndices est\u00e1n desarrollados conforme a los principios IOSCO y su marco normativo, garantizando transparencia, integridad metodol\u00f3gica y cumplimiento regulatorio. <\/span><\/p>\n<p><span style=\"font-weight: 400;\">Los \u00edndices se licencian seg\u00fan el uso espec\u00edfico de cada cliente, permitiendo maximizar su valor operativo en funci\u00f3n de sus necesidades. Est\u00e1 disponible una gama de \u00edndices centrados en renta variable y materias primas de China, junto con \u00edndices personalizados bajo solicitud. <\/span><\/p>\n<h3>\u00cdndices disponibles<\/h3>\n<table>\n<tbody>\n<tr>\n<th>Nombre de Indice<\/th>\n<th>Clase<\/th>\n<th>Mercado<\/th>\n<th>Instrumentos<\/th>\n<th>Pais\/Precio de Origen<\/th>\n<th>Socio<\/th>\n<th>Fecha de Inicio<\/th>\n<\/tr>\n<tr>\n<td><span style=\"font-weight: 400;\">SAFRAS CTDI Brazilian Soybean Index<\/span><\/td>\n<td><span style=\"font-weight: 400;\">Commodity<\/span><\/td>\n<td><span style=\"font-weight: 400;\">Granos<\/span><\/td>\n<td><span style=\"font-weight: 400;\">Soybean<\/span><\/td>\n<td><span style=\"font-weight: 400;\">Brasil \u2013 Sur America<\/span><\/td>\n<td><span style=\"font-weight: 400;\">Safras &amp; Mercado<\/span><\/td>\n<td><span style=\"font-weight: 400;\">Ene 4, 2016<\/span><\/td>\n<\/tr>\n<tr>\n<td><span style=\"font-weight: 400;\">TradeFlow Capital CTDI China Energy Index<\/span><\/td>\n<td><span style=\"font-weight: 400;\">Commodity<\/span><\/td>\n<td><span style=\"font-weight: 400;\">Energ\u00eda<\/span><\/td>\n<td><span style=\"font-weight: 400;\">Crude Oil, Fuel Oil, Thermal Coal<\/span><\/td>\n<td><span style=\"font-weight: 400;\">China \u2013 Asia<\/span><\/td>\n<td><span style=\"font-weight: 400;\">TradeFlow Capital<\/span><\/td>\n<td><span style=\"font-weight: 400;\">Sep 23, 2019<\/span><\/td>\n<\/tr>\n<tr>\n<td><span style=\"font-weight: 400;\">TradeFlow Capital CTDI China Grain Index<\/span><\/td>\n<td><span style=\"font-weight: 400;\">Commodity<\/span><\/td>\n<td><span style=\"font-weight: 400;\">Granos<\/span><\/td>\n<td><span style=\"font-weight: 400;\">#1 Import Soybean, #2 Domestic Soybean, Corn<\/span><\/td>\n<td><span style=\"font-weight: 400;\">China \u2013 Asia<\/span><\/td>\n<td><span style=\"font-weight: 400;\">TradeFlow Capital<\/span><\/td>\n<td><span style=\"font-weight: 400;\">Dic 25, 2018<\/span><\/td>\n<\/tr>\n<tr>\n<td><span style=\"font-weight: 400;\">CTDI China Steel Index<\/span><\/td>\n<td><span style=\"font-weight: 400;\">Commodity<\/span><\/td>\n<td><span style=\"font-weight: 400;\">Metales<\/span><\/td>\n<td><span style=\"font-weight: 400;\">Iron Ore, Metal Coke, Coking Coal, Hot Rolled Coils, Steel Rebar, Stainless Steel<\/span><\/td>\n<td><span style=\"font-weight: 400;\">China \u2013 Asia<\/span><\/td>\n<td><\/td>\n<td><span style=\"font-weight: 400;\">Ene 3, 2019<\/span><\/td>\n<\/tr>\n<tr>\n<td><span style=\"font-weight: 400;\">CTDI China Tesla Supply Chain Index<\/span><\/td>\n<td><span style=\"font-weight: 400;\">Equity<\/span><\/td>\n<td><span style=\"font-weight: 400;\">Automotriz<\/span><\/td>\n<td><span style=\"font-weight: 400;\">40 x Chinese Part Manufacturers<\/span><\/td>\n<td><span style=\"font-weight: 400;\">China \u2013 Asia<\/span><\/td>\n<td><\/td>\n<td><span style=\"font-weight: 400;\">Ene 4, 2012<\/span><\/td>\n<\/tr>\n<tr>\n<td><span style=\"font-weight: 400;\">CTDI China State Owned Enterprises (SOE) Index<\/span><\/td>\n<td><span style=\"font-weight: 400;\">Equity<\/span><\/td>\n<td><span style=\"font-weight: 400;\">Corporativo<\/span><\/td>\n<td><span style=\"font-weight: 400;\">32 x Chinese State Owned Corporates<\/span><\/td>\n<td><span style=\"font-weight: 400;\">China \u2013 Asia<\/span><\/td>\n<td><\/td>\n<td><span style=\"font-weight: 400;\">Ene 4, 2012<\/span><\/td>\n<\/tr>\n<tr>\n<td><span style=\"font-weight: 400;\">CTDI China Lithium Battery Index<\/span><\/td>\n<td><span style=\"font-weight: 400;\">Equity<\/span><\/td>\n<td><span style=\"font-weight: 400;\">Technolog\u00eda<\/span><\/td>\n<td><span style=\"font-weight: 400;\">74 X Chinese Lithium Battery Providers<\/span><\/td>\n<td><span style=\"font-weight: 400;\">China &#8211; Asia<\/span><\/td>\n<td><\/td>\n<td><span style=\"font-weight: 400;\">Ene 4, 2012<\/span><\/td>\n<\/tr>\n<tr>\n<td><span style=\"font-weight: 400;\">CTDI China Defense Industry Index<\/span><\/td>\n<td><span style=\"font-weight: 400;\">Commodity<\/span><\/td>\n<td><span style=\"font-weight: 400;\">Tecnolog\u00eda<\/span><\/td>\n<td><span style=\"font-weight: 400;\">158 X Chinese Defense Industry Providers<\/span><\/td>\n<td><span style=\"font-weight: 400;\">China &#8211; Asia<\/span><\/td>\n<td><\/td>\n<td><span style=\"font-weight: 400;\">Ene 4, 2012<\/span><\/td>\n<\/tr>\n<tr>\n<td><span style=\"font-weight: 400;\">CTDI China Lithium Mining Index<\/span><\/td>\n<td><span style=\"font-weight: 400;\">Equity<\/span><\/td>\n<td><span style=\"font-weight: 400;\">Tecnolog\u00eda<\/span><\/td>\n<td><span style=\"font-weight: 400;\">14 X 14 Chinese producers, equipment providers, processors, and refiners of lithium<\/span><\/td>\n<td><span style=\"font-weight: 400;\">China &#8211; Asia<\/span><\/td>\n<td><\/td>\n<td><span style=\"font-weight: 400;\">Ene 4, 2012<\/span><\/td>\n<\/tr>\n<\/tbody>\n<\/table>\n","protected":false},"featured_media":0,"template":"","country":[],"product_category":[3183,3178],"class_list":["post-35983","product","type-product","status-publish","hentry","product_category-datos-sobre-derivados-e-intereses-en-corto-productos-y-servicios","product_category-productos-y-servicios","no-post-thumbnail"],"acf":[],"yoast_head":"<!-- This site is optimized with the Yoast SEO Premium plugin v26.0 (Yoast SEO v26.0) - https:\/\/yoast.com\/wordpress\/plugins\/seo\/ -->\n<title>Datos de \u00edndices burs\u00e1tiles adaptados a sus necesidades de an\u00e1lisis<\/title>\n<meta name=\"description\" content=\"Acceda a datos de \u00edndices burs\u00e1tiles conformes con IOSCO y optimizados para su uso personalizado en benchmarking y toma de decisiones financieras.\" \/>\n<meta name=\"robots\" content=\"index, follow, max-snippet:-1, max-image-preview:large, max-video-preview:-1\" \/>\n<link rel=\"canonical\" href=\"https:\/\/www.exchange-data.com\/es\/producto\/indices-financieros\/\" \/>\n<meta property=\"og:locale\" content=\"es_ES\" \/>\n<meta property=\"og:type\" content=\"article\" \/>\n<meta property=\"og:title\" content=\"\u00cdndices Financieros | Exchange Data International\" \/>\n<meta property=\"og:description\" content=\"Acceda a datos de \u00edndices burs\u00e1tiles conformes con IOSCO y optimizados para su uso personalizado en benchmarking y toma de decisiones financieras.\" \/>\n<meta property=\"og:url\" content=\"https:\/\/www.exchange-data.com\/es\/producto\/indices-financieros\/\" \/>\n<meta property=\"og:site_name\" content=\"Exchange Data International\" \/>\n<meta property=\"article:modified_time\" content=\"2026-01-20T08:44:48+00:00\" \/>\n<meta name=\"twitter:card\" content=\"summary_large_image\" \/>\n<meta name=\"twitter:image\" content=\"https:\/\/www.exchange-data.com\/wp-content\/uploads\/2024\/02\/Linkedin-size-1024x535.png\" \/>\n<meta name=\"twitter:site\" content=\"@ExchangeData\" \/>\n<meta name=\"twitter:label1\" content=\"Tiempo de lectura\" \/>\n\t<meta name=\"twitter:data1\" content=\"1 minuto\" \/>\n<script type=\"application\/ld+json\" class=\"yoast-schema-graph\">{\"@context\":\"https:\/\/schema.org\",\"@graph\":[{\"@type\":\"WebPage\",\"@id\":\"https:\/\/www.exchange-data.com\/es\/producto\/indices-financieros\/\",\"url\":\"https:\/\/www.exchange-data.com\/es\/producto\/indices-financieros\/\",\"name\":\"Datos de \u00edndices burs\u00e1tiles adaptados a sus necesidades de an\u00e1lisis\",\"isPartOf\":{\"@id\":\"https:\/\/www.exchange-data.com\/es\/#website\"},\"datePublished\":\"2023-03-31T13:42:48+00:00\",\"dateModified\":\"2026-01-20T08:44:48+00:00\",\"description\":\"Acceda a datos de \u00edndices burs\u00e1tiles conformes con IOSCO y optimizados para su uso personalizado en benchmarking y toma de decisiones financieras.\",\"breadcrumb\":{\"@id\":\"https:\/\/www.exchange-data.com\/es\/producto\/indices-financieros\/#breadcrumb\"},\"inLanguage\":\"es\",\"potentialAction\":[{\"@type\":\"ReadAction\",\"target\":[\"https:\/\/www.exchange-data.com\/es\/producto\/indices-financieros\/\"]}]},{\"@type\":\"BreadcrumbList\",\"@id\":\"https:\/\/www.exchange-data.com\/es\/producto\/indices-financieros\/#breadcrumb\",\"itemListElement\":[{\"@type\":\"ListItem\",\"position\":1,\"name\":\"Home\",\"item\":\"https:\/\/www.exchange-data.com\/es\/inicio\/\"},{\"@type\":\"ListItem\",\"position\":2,\"name\":\"\u00cdndices Financieros\"}]},{\"@type\":\"WebSite\",\"@id\":\"https:\/\/www.exchange-data.com\/es\/#website\",\"url\":\"https:\/\/www.exchange-data.com\/es\/\",\"name\":\"Exchange Data International\",\"description\":\"Doing data differently\",\"publisher\":{\"@id\":\"https:\/\/www.exchange-data.com\/es\/#organization\"},\"potentialAction\":[{\"@type\":\"SearchAction\",\"target\":{\"@type\":\"EntryPoint\",\"urlTemplate\":\"https:\/\/www.exchange-data.com\/es\/?s={search_term_string}\"},\"query-input\":{\"@type\":\"PropertyValueSpecification\",\"valueRequired\":true,\"valueName\":\"search_term_string\"}}],\"inLanguage\":\"es\"},{\"@type\":\"Organization\",\"@id\":\"https:\/\/www.exchange-data.com\/es\/#organization\",\"name\":\"Exchange Data International\",\"url\":\"https:\/\/www.exchange-data.com\/es\/\",\"logo\":{\"@type\":\"ImageObject\",\"inLanguage\":\"es\",\"@id\":\"https:\/\/www.exchange-data.com\/es\/#\/schema\/logo\/image\/\",\"url\":\"https:\/\/www.exchange-data.com\/wp-content\/uploads\/2019\/03\/logo3.png\",\"contentUrl\":\"https:\/\/www.exchange-data.com\/wp-content\/uploads\/2019\/03\/logo3.png\",\"width\":200,\"height\":80,\"caption\":\"Exchange Data International\"},\"image\":{\"@id\":\"https:\/\/www.exchange-data.com\/es\/#\/schema\/logo\/image\/\"},\"sameAs\":[\"https:\/\/x.com\/ExchangeData\",\"https:\/\/www.linkedin.com\/company\/exchange-data-international\/?viewAsMember=true\",\"https:\/\/www.youtube.com\/channel\/UC5D1OpUb22YZANRLD_Ktcgg?view_as=subscriber\"]}]}<\/script>\n<!-- \/ Yoast SEO Premium plugin. -->","yoast_head_json":{"title":"Datos de \u00edndices burs\u00e1tiles adaptados a sus necesidades de an\u00e1lisis","description":"Acceda a datos de \u00edndices burs\u00e1tiles conformes con IOSCO y optimizados para su uso personalizado en benchmarking y toma de decisiones financieras.","robots":{"index":"index","follow":"follow","max-snippet":"max-snippet:-1","max-image-preview":"max-image-preview:large","max-video-preview":"max-video-preview:-1"},"canonical":"https:\/\/www.exchange-data.com\/es\/producto\/indices-financieros\/","og_locale":"es_ES","og_type":"article","og_title":"\u00cdndices Financieros | Exchange Data International","og_description":"Acceda a datos de \u00edndices burs\u00e1tiles conformes con IOSCO y optimizados para su uso personalizado en benchmarking y toma de decisiones financieras.","og_url":"https:\/\/www.exchange-data.com\/es\/producto\/indices-financieros\/","og_site_name":"Exchange Data International","article_modified_time":"2026-01-20T08:44:48+00:00","twitter_card":"summary_large_image","twitter_image":"https:\/\/www.exchange-data.com\/wp-content\/uploads\/2024\/02\/Linkedin-size-1024x535.png","twitter_site":"@ExchangeData","twitter_misc":{"Tiempo de lectura":"1 minuto"},"schema":{"@context":"https:\/\/schema.org","@graph":[{"@type":"WebPage","@id":"https:\/\/www.exchange-data.com\/es\/producto\/indices-financieros\/","url":"https:\/\/www.exchange-data.com\/es\/producto\/indices-financieros\/","name":"Datos de \u00edndices burs\u00e1tiles adaptados a sus necesidades de an\u00e1lisis","isPartOf":{"@id":"https:\/\/www.exchange-data.com\/es\/#website"},"datePublished":"2023-03-31T13:42:48+00:00","dateModified":"2026-01-20T08:44:48+00:00","description":"Acceda a datos de \u00edndices burs\u00e1tiles conformes con IOSCO y optimizados para su uso personalizado en benchmarking y toma de decisiones financieras.","breadcrumb":{"@id":"https:\/\/www.exchange-data.com\/es\/producto\/indices-financieros\/#breadcrumb"},"inLanguage":"es","potentialAction":[{"@type":"ReadAction","target":["https:\/\/www.exchange-data.com\/es\/producto\/indices-financieros\/"]}]},{"@type":"BreadcrumbList","@id":"https:\/\/www.exchange-data.com\/es\/producto\/indices-financieros\/#breadcrumb","itemListElement":[{"@type":"ListItem","position":1,"name":"Home","item":"https:\/\/www.exchange-data.com\/es\/inicio\/"},{"@type":"ListItem","position":2,"name":"\u00cdndices Financieros"}]},{"@type":"WebSite","@id":"https:\/\/www.exchange-data.com\/es\/#website","url":"https:\/\/www.exchange-data.com\/es\/","name":"Exchange Data International","description":"Doing data differently","publisher":{"@id":"https:\/\/www.exchange-data.com\/es\/#organization"},"potentialAction":[{"@type":"SearchAction","target":{"@type":"EntryPoint","urlTemplate":"https:\/\/www.exchange-data.com\/es\/?s={search_term_string}"},"query-input":{"@type":"PropertyValueSpecification","valueRequired":true,"valueName":"search_term_string"}}],"inLanguage":"es"},{"@type":"Organization","@id":"https:\/\/www.exchange-data.com\/es\/#organization","name":"Exchange Data International","url":"https:\/\/www.exchange-data.com\/es\/","logo":{"@type":"ImageObject","inLanguage":"es","@id":"https:\/\/www.exchange-data.com\/es\/#\/schema\/logo\/image\/","url":"https:\/\/www.exchange-data.com\/wp-content\/uploads\/2019\/03\/logo3.png","contentUrl":"https:\/\/www.exchange-data.com\/wp-content\/uploads\/2019\/03\/logo3.png","width":200,"height":80,"caption":"Exchange Data International"},"image":{"@id":"https:\/\/www.exchange-data.com\/es\/#\/schema\/logo\/image\/"},"sameAs":["https:\/\/x.com\/ExchangeData","https:\/\/www.linkedin.com\/company\/exchange-data-international\/?viewAsMember=true","https:\/\/www.youtube.com\/channel\/UC5D1OpUb22YZANRLD_Ktcgg?view_as=subscriber"]}]}},"_links":{"self":[{"href":"https:\/\/www.exchange-data.com\/es\/wp-json\/wp\/v2\/product\/35983","targetHints":{"allow":["GET"]}}],"collection":[{"href":"https:\/\/www.exchange-data.com\/es\/wp-json\/wp\/v2\/product"}],"about":[{"href":"https:\/\/www.exchange-data.com\/es\/wp-json\/wp\/v2\/types\/product"}],"wp:attachment":[{"href":"https:\/\/www.exchange-data.com\/es\/wp-json\/wp\/v2\/media?parent=35983"}],"wp:term":[{"taxonomy":"country","embeddable":true,"href":"https:\/\/www.exchange-data.com\/es\/wp-json\/wp\/v2\/country?post=35983"},{"taxonomy":"product_category","embeddable":true,"href":"https:\/\/www.exchange-data.com\/es\/wp-json\/wp\/v2\/product_category?post=35983"}],"curies":[{"name":"wp","href":"https:\/\/api.w.org\/{rel}","templated":true}]}}