{"id":35984,"date":"2024-05-09T13:46:54","date_gmt":"2024-05-09T12:46:54","guid":{"rendered":"https:\/\/www.exchange-data.com\/product\/opciones-flexibles-de-intercambio-flex\/"},"modified":"2025-12-19T06:48:10","modified_gmt":"2025-12-19T05:48:10","slug":"opciones-flexibles-de-intercambio-flex","status":"publish","type":"product","link":"https:\/\/www.exchange-data.com\/es\/producto\/opciones-flexibles-de-intercambio-flex\/","title":{"rendered":"Opciones de Intercambio Flexible (Opciones FLEX)<br>"},"content":{"rendered":"<p><span style=\"font-weight: 400;\">Las Opciones Flexibles fueron introducidas en 1993 por la CBOE, originalmente para opciones sobre \u00edndices OTC. Se trata de paquetes de contratos altamente configurables, utilizados principalmente para estrategias de cobertura sofisticadas. <\/span><\/p>\n<p><span style=\"font-weight: 400;\">El servicio est\u00e1ndar ofrece archivos de fin de d\u00eda que detallan la composici\u00f3n de los s\u00edmbolos FLEX disponibles en la sesi\u00f3n burs\u00e1til anterior. Al igual que los archivos de datos \u201cSeries Master Core\u201d y \u201cSupplemental\u201d, la oferta FLEX se estructura en m\u00faltiples archivos especializados <\/span><\/p>\n<p>&nbsp;<\/p>\n<h2>FLEX Ext (versi\u00f3n Ext4 desde septiembre de 2023)<\/h2>\n<p><span style=\"font-weight: 400;\">Archivos de fin de d\u00eda que indican qu\u00e9 s\u00edmbolos FLEX estuvieron disponibles durante la jornada. La versi\u00f3n m\u00e1s reciente, FlexExt4, incluye c\u00f3digos de participantes de mercado, permitiendo identificar en qu\u00e9 bolsa se list\u00f3 cada opci\u00f3n FLEX <\/span><\/p>\n<p>&nbsp;<\/p>\n<h2>FLEX Intrad\u00eda (nueva desde septiembre de 2023)<\/h2>\n<p><span style=\"font-weight: 400;\">Complementa los archivos nocturnos con actualizaciones en tiempo real sobre nuevos strikes FLEX. Se generan cada hora entre las 9:00 y las 16:00 (hora del Este), e incluyen la bolsa que ha listado cada nuevo strike. <\/span><\/p>\n<p>&nbsp;<\/p>\n<h2>FLEX Eventos Corporativos (CorpAct)<\/h2>\n<p><span style=\"font-weight: 400;\">Alertas que notifican cuando una acci\u00f3n corporativa impacta el s\u00edmbolo de opci\u00f3n subyacente. El sistema se basa en contenido estandarizado de acciones corporativas para anticipar ajustes en las series FLEX afectadas. <\/span><\/p>\n<p>&nbsp;<\/p>\n<h2>FLEX Inter\u00e9s Abierto (Open Interest)<\/h2>\n<p><span style=\"font-weight: 400;\">Archivos generados por la noche que muestran el inter\u00e9s abierto de todas las Opciones Flexibles, facilitando el an\u00e1lisis de liquidez y posicionamiento institucional.<br \/>El inter\u00e9s abierto representa el n\u00famero total de contratos de futuros u opciones que siguen activos en el mercado \u2014es decir, que no han sido cerrados, vencidos ni ejercidos al finalizar la sesi\u00f3n burs\u00e1til.<\/span><\/p>\n","protected":false},"featured_media":0,"template":"","country":[],"product_category":[3183,3178],"class_list":["post-35984","product","type-product","status-publish","hentry","product_category-datos-sobre-derivados-e-intereses-en-corto-productos-y-servicios","product_category-productos-y-servicios","no-post-thumbnail"],"acf":[],"yoast_head":"<!-- This site is optimized with the Yoast SEO Premium plugin v26.0 (Yoast SEO v26.0) - https:\/\/yoast.com\/wordpress\/plugins\/seo\/ -->\n<title>Datos de Opciones FLEX | Opciones Flexibles Negociadas en Bolsa<\/title>\n<meta name=\"description\" content=\"Descubra c\u00f3mo nuestras soluciones sobre Opciones Flexibles proporcionan datos diarios e intrad\u00eda para una cobertura de cartera eficaz y seguimiento de acciones corporativas.\" \/>\n<meta name=\"robots\" content=\"index, follow, max-snippet:-1, max-image-preview:large, max-video-preview:-1\" \/>\n<link rel=\"canonical\" href=\"https:\/\/www.exchange-data.com\/es\/producto\/opciones-flexibles-de-intercambio-flex\/\" \/>\n<meta property=\"og:locale\" content=\"es_ES\" \/>\n<meta property=\"og:type\" content=\"article\" \/>\n<meta property=\"og:title\" content=\"Opciones de Intercambio Flexible (Opciones FLEX) | Exchange Data International\" \/>\n<meta property=\"og:description\" content=\"Descubra c\u00f3mo nuestras soluciones sobre Opciones Flexibles proporcionan datos diarios e intrad\u00eda para una cobertura de cartera eficaz y seguimiento de acciones corporativas.\" \/>\n<meta property=\"og:url\" content=\"https:\/\/www.exchange-data.com\/es\/producto\/opciones-flexibles-de-intercambio-flex\/\" \/>\n<meta property=\"og:site_name\" content=\"Exchange Data International\" \/>\n<meta property=\"article:modified_time\" content=\"2025-12-19T05:48:10+00:00\" \/>\n<meta name=\"twitter:card\" content=\"summary_large_image\" \/>\n<meta name=\"twitter:site\" content=\"@ExchangeData\" \/>\n<meta name=\"twitter:label1\" content=\"Tiempo de lectura\" \/>\n\t<meta name=\"twitter:data1\" content=\"1 minuto\" \/>\n<script type=\"application\/ld+json\" class=\"yoast-schema-graph\">{\"@context\":\"https:\/\/schema.org\",\"@graph\":[{\"@type\":\"WebPage\",\"@id\":\"https:\/\/www.exchange-data.com\/es\/producto\/opciones-flexibles-de-intercambio-flex\/\",\"url\":\"https:\/\/www.exchange-data.com\/es\/producto\/opciones-flexibles-de-intercambio-flex\/\",\"name\":\"Datos de Opciones FLEX | Opciones Flexibles Negociadas en Bolsa\",\"isPartOf\":{\"@id\":\"https:\/\/www.exchange-data.com\/es\/#website\"},\"datePublished\":\"2024-05-09T12:46:54+00:00\",\"dateModified\":\"2025-12-19T05:48:10+00:00\",\"description\":\"Descubra c\u00f3mo nuestras soluciones sobre Opciones Flexibles proporcionan datos diarios e intrad\u00eda para una cobertura de cartera eficaz y seguimiento de acciones corporativas.\",\"breadcrumb\":{\"@id\":\"https:\/\/www.exchange-data.com\/es\/producto\/opciones-flexibles-de-intercambio-flex\/#breadcrumb\"},\"inLanguage\":\"es\",\"potentialAction\":[{\"@type\":\"ReadAction\",\"target\":[\"https:\/\/www.exchange-data.com\/es\/producto\/opciones-flexibles-de-intercambio-flex\/\"]}]},{\"@type\":\"BreadcrumbList\",\"@id\":\"https:\/\/www.exchange-data.com\/es\/producto\/opciones-flexibles-de-intercambio-flex\/#breadcrumb\",\"itemListElement\":[{\"@type\":\"ListItem\",\"position\":1,\"name\":\"Home\",\"item\":\"https:\/\/www.exchange-data.com\/es\/inicio\/\"},{\"@type\":\"ListItem\",\"position\":2,\"name\":\"Opciones de Intercambio Flexible (Opciones FLEX)\"}]},{\"@type\":\"WebSite\",\"@id\":\"https:\/\/www.exchange-data.com\/es\/#website\",\"url\":\"https:\/\/www.exchange-data.com\/es\/\",\"name\":\"Exchange Data International\",\"description\":\"Doing data differently\",\"publisher\":{\"@id\":\"https:\/\/www.exchange-data.com\/es\/#organization\"},\"potentialAction\":[{\"@type\":\"SearchAction\",\"target\":{\"@type\":\"EntryPoint\",\"urlTemplate\":\"https:\/\/www.exchange-data.com\/es\/?s={search_term_string}\"},\"query-input\":{\"@type\":\"PropertyValueSpecification\",\"valueRequired\":true,\"valueName\":\"search_term_string\"}}],\"inLanguage\":\"es\"},{\"@type\":\"Organization\",\"@id\":\"https:\/\/www.exchange-data.com\/es\/#organization\",\"name\":\"Exchange Data International\",\"url\":\"https:\/\/www.exchange-data.com\/es\/\",\"logo\":{\"@type\":\"ImageObject\",\"inLanguage\":\"es\",\"@id\":\"https:\/\/www.exchange-data.com\/es\/#\/schema\/logo\/image\/\",\"url\":\"https:\/\/www.exchange-data.com\/wp-content\/uploads\/2019\/03\/logo3.png\",\"contentUrl\":\"https:\/\/www.exchange-data.com\/wp-content\/uploads\/2019\/03\/logo3.png\",\"width\":200,\"height\":80,\"caption\":\"Exchange Data International\"},\"image\":{\"@id\":\"https:\/\/www.exchange-data.com\/es\/#\/schema\/logo\/image\/\"},\"sameAs\":[\"https:\/\/x.com\/ExchangeData\",\"https:\/\/www.linkedin.com\/company\/exchange-data-international\/?viewAsMember=true\",\"https:\/\/www.youtube.com\/channel\/UC5D1OpUb22YZANRLD_Ktcgg?view_as=subscriber\"]}]}<\/script>\n<!-- \/ Yoast SEO Premium plugin. -->","yoast_head_json":{"title":"Datos de Opciones FLEX | Opciones Flexibles Negociadas en Bolsa","description":"Descubra c\u00f3mo nuestras soluciones sobre Opciones Flexibles proporcionan datos diarios e intrad\u00eda para una cobertura de cartera eficaz y seguimiento de acciones corporativas.","robots":{"index":"index","follow":"follow","max-snippet":"max-snippet:-1","max-image-preview":"max-image-preview:large","max-video-preview":"max-video-preview:-1"},"canonical":"https:\/\/www.exchange-data.com\/es\/producto\/opciones-flexibles-de-intercambio-flex\/","og_locale":"es_ES","og_type":"article","og_title":"Opciones de Intercambio Flexible (Opciones FLEX) | Exchange Data International","og_description":"Descubra c\u00f3mo nuestras soluciones sobre Opciones Flexibles proporcionan datos diarios e intrad\u00eda para una cobertura de cartera eficaz y seguimiento de acciones corporativas.","og_url":"https:\/\/www.exchange-data.com\/es\/producto\/opciones-flexibles-de-intercambio-flex\/","og_site_name":"Exchange Data International","article_modified_time":"2025-12-19T05:48:10+00:00","twitter_card":"summary_large_image","twitter_site":"@ExchangeData","twitter_misc":{"Tiempo de lectura":"1 minuto"},"schema":{"@context":"https:\/\/schema.org","@graph":[{"@type":"WebPage","@id":"https:\/\/www.exchange-data.com\/es\/producto\/opciones-flexibles-de-intercambio-flex\/","url":"https:\/\/www.exchange-data.com\/es\/producto\/opciones-flexibles-de-intercambio-flex\/","name":"Datos de Opciones FLEX | Opciones Flexibles Negociadas en Bolsa","isPartOf":{"@id":"https:\/\/www.exchange-data.com\/es\/#website"},"datePublished":"2024-05-09T12:46:54+00:00","dateModified":"2025-12-19T05:48:10+00:00","description":"Descubra c\u00f3mo nuestras soluciones sobre Opciones Flexibles proporcionan datos diarios e intrad\u00eda para una cobertura de cartera eficaz y seguimiento de acciones corporativas.","breadcrumb":{"@id":"https:\/\/www.exchange-data.com\/es\/producto\/opciones-flexibles-de-intercambio-flex\/#breadcrumb"},"inLanguage":"es","potentialAction":[{"@type":"ReadAction","target":["https:\/\/www.exchange-data.com\/es\/producto\/opciones-flexibles-de-intercambio-flex\/"]}]},{"@type":"BreadcrumbList","@id":"https:\/\/www.exchange-data.com\/es\/producto\/opciones-flexibles-de-intercambio-flex\/#breadcrumb","itemListElement":[{"@type":"ListItem","position":1,"name":"Home","item":"https:\/\/www.exchange-data.com\/es\/inicio\/"},{"@type":"ListItem","position":2,"name":"Opciones de Intercambio Flexible (Opciones FLEX)"}]},{"@type":"WebSite","@id":"https:\/\/www.exchange-data.com\/es\/#website","url":"https:\/\/www.exchange-data.com\/es\/","name":"Exchange Data International","description":"Doing data differently","publisher":{"@id":"https:\/\/www.exchange-data.com\/es\/#organization"},"potentialAction":[{"@type":"SearchAction","target":{"@type":"EntryPoint","urlTemplate":"https:\/\/www.exchange-data.com\/es\/?s={search_term_string}"},"query-input":{"@type":"PropertyValueSpecification","valueRequired":true,"valueName":"search_term_string"}}],"inLanguage":"es"},{"@type":"Organization","@id":"https:\/\/www.exchange-data.com\/es\/#organization","name":"Exchange Data International","url":"https:\/\/www.exchange-data.com\/es\/","logo":{"@type":"ImageObject","inLanguage":"es","@id":"https:\/\/www.exchange-data.com\/es\/#\/schema\/logo\/image\/","url":"https:\/\/www.exchange-data.com\/wp-content\/uploads\/2019\/03\/logo3.png","contentUrl":"https:\/\/www.exchange-data.com\/wp-content\/uploads\/2019\/03\/logo3.png","width":200,"height":80,"caption":"Exchange Data International"},"image":{"@id":"https:\/\/www.exchange-data.com\/es\/#\/schema\/logo\/image\/"},"sameAs":["https:\/\/x.com\/ExchangeData","https:\/\/www.linkedin.com\/company\/exchange-data-international\/?viewAsMember=true","https:\/\/www.youtube.com\/channel\/UC5D1OpUb22YZANRLD_Ktcgg?view_as=subscriber"]}]}},"_links":{"self":[{"href":"https:\/\/www.exchange-data.com\/es\/wp-json\/wp\/v2\/product\/35984","targetHints":{"allow":["GET"]}}],"collection":[{"href":"https:\/\/www.exchange-data.com\/es\/wp-json\/wp\/v2\/product"}],"about":[{"href":"https:\/\/www.exchange-data.com\/es\/wp-json\/wp\/v2\/types\/product"}],"wp:attachment":[{"href":"https:\/\/www.exchange-data.com\/es\/wp-json\/wp\/v2\/media?parent=35984"}],"wp:term":[{"taxonomy":"country","embeddable":true,"href":"https:\/\/www.exchange-data.com\/es\/wp-json\/wp\/v2\/country?post=35984"},{"taxonomy":"product_category","embeddable":true,"href":"https:\/\/www.exchange-data.com\/es\/wp-json\/wp\/v2\/product_category?post=35984"}],"curies":[{"name":"wp","href":"https:\/\/api.w.org\/{rel}","templated":true}]}}