{"id":35985,"date":"2019-01-29T17:46:27","date_gmt":"2019-01-29T16:46:27","guid":{"rendered":"https:\/\/www.exchange-data.com\/product\/tipos-de-cambio\/"},"modified":"2025-10-08T12:46:04","modified_gmt":"2025-10-08T11:46:04","slug":"tipos-de-cambio","status":"publish","type":"product","link":"https:\/\/www.exchange-data.com\/es\/producto\/tipos-de-cambio\/","title":{"rendered":"Tipos de Cambio de Divisas"},"content":{"rendered":"<h4>Ahorre tiempo integrando los Datos de Tasas de Cambio y monedas internacionales directamente en sus sistemas internos.<\/h4>\n<p><span style=\"font-weight: 400;\">El servicio de Tipos de Cambio y Monedas Mundiales proporciona informaci\u00f3n precisa y actualizada sobre tasas de cambio.<br \/>\nLa cobertura incluye 168 divisas, incluidas las correspondientes al sistema Euro original. <\/span><\/p>\n<p><span style=\"font-weight: 400;\">Puede configurar el archivo seg\u00fan sus necesidades espec\u00edficas: Incluir \u00fanicamente las divisas de su inter\u00e9s, Seleccionar su divisa base preferida (USD, GBP o EUR), A\u00f1adir campos adicionales como la tasa inversa.<\/span><\/p>\n<h4>Entrega automatizada<br \/><\/h4>\n<p><span style=\"font-weight: 400;\">Elija entre las siguientes opciones de distribuci\u00f3n: Archivo diario al cierre, Dos archivos al d\u00eda (6:00 y 18:00 UTC),M\u00faltiples entregas diarias. Los datos pueden recibirse a trav\u00e9s de: API, FTP, Correo electr\u00f3nico. <\/span><\/p>\n<p><a href=\"https:\/\/www.exchange-data.com\/es\/instituciones-academicas\/\"><img loading=\"lazy\" decoding=\"async\" class=\"alignleft size-full wp-image-33544\" src=\"https:\/\/www.exchange-data.com\/wp-content\/uploads\/2019\/01\/Banner-Option-4.png\" alt=\"\" width=\"700\" height=\"100\" srcset=\"https:\/\/www.exchange-data.com\/wp-content\/uploads\/2019\/01\/Banner-Option-4.png 700w, https:\/\/www.exchange-data.com\/wp-content\/uploads\/2019\/01\/Banner-Option-4-300x43.png 300w, https:\/\/www.exchange-data.com\/wp-content\/uploads\/2019\/01\/Banner-Option-4-100x14.png 100w\" sizes=\"auto, (max-width: 700px) 100vw, 700px\" \/><\/a><\/p>\n","protected":false},"featured_media":34154,"template":"","country":[],"product_category":[3179,3178],"class_list":["post-35985","product","type-product","status-publish","has-post-thumbnail","hentry","product_category-precios","product_category-productos-y-servicios"],"acf":[],"yoast_head":"<!-- This site is optimized with the Yoast SEO Premium plugin v26.0 (Yoast SEO v26.0) - https:\/\/yoast.com\/wordpress\/plugins\/seo\/ -->\n<title>Tipos de Cambio de Divisas | Exchange Data International<\/title>\n<meta name=\"description\" content=\"Integre f\u00e1cilmente los datos de tasas de cambio en su sistema interno con cobertura de 168 divisas, formatos personalizables y entrega automatizada por API, FTP o email.\" \/>\n<meta name=\"robots\" content=\"index, follow, max-snippet:-1, max-image-preview:large, max-video-preview:-1\" \/>\n<link rel=\"canonical\" href=\"https:\/\/www.exchange-data.com\/es\/producto\/tipos-de-cambio\/\" \/>\n<meta property=\"og:locale\" content=\"es_ES\" \/>\n<meta property=\"og:type\" content=\"article\" \/>\n<meta property=\"og:title\" content=\"Tipos de cambio\" \/>\n<meta property=\"og:description\" content=\"Ahorre tiempo integrando los tipos de cambio y las divisas mundiales en su sistema interno. Foreign Exchange Rates and World Currencies le proporciona datos precisos y actualizados sobre tipos de cambio. El servicio cubre 168 divisas, incluidas las heredadas del euro. Puede personalizar el archivo para que s\u00f3lo incluya las divisas seleccionadas, el tipo de cambio basado en USD, GBP, EUR que prefiera o a\u00f1adir campos adicionales como el tipo de cambio inverso.\" \/>\n<meta property=\"og:url\" content=\"https:\/\/www.exchange-data.com\/es\/producto\/tipos-de-cambio\/\" \/>\n<meta property=\"og:site_name\" content=\"Exchange Data International\" \/>\n<meta property=\"article:modified_time\" content=\"2025-10-08T11:46:04+00:00\" \/>\n<meta property=\"og:image\" content=\"https:\/\/www.exchange-data.com\/wp-content\/uploads\/2015\/09\/EDI-Post-Featured-Image-700x400-1.png\" \/>\n<meta name=\"twitter:card\" content=\"summary_large_image\" \/>\n<meta name=\"twitter:title\" content=\"Tipos de cambio\" \/>\n<meta name=\"twitter:description\" content=\"Ahorre tiempo integrando los tipos de cambio y las divisas mundiales en su sistema interno. Foreign Exchange Rates and World Currencies le proporciona datos precisos y actualizados sobre tipos de cambio. El servicio cubre 168 divisas, incluidas las heredadas del euro. Puede personalizar el archivo para que s\u00f3lo incluya las divisas seleccionadas, el tipo de cambio basado en USD, GBP, EUR que prefiera o a\u00f1adir campos adicionales como el tipo de cambio inverso.\" \/>\n<meta name=\"twitter:image\" content=\"https:\/\/www.exchange-data.com\/wp-content\/uploads\/2015\/09\/EDI-Post-Featured-Image-700x400-1.png\" \/>\n<meta name=\"twitter:site\" content=\"@ExchangeData\" \/>\n<meta name=\"twitter:label1\" content=\"Tiempo de lectura\" \/>\n\t<meta name=\"twitter:data1\" content=\"1 minuto\" \/>\n<script type=\"application\/ld+json\" class=\"yoast-schema-graph\">{\"@context\":\"https:\/\/schema.org\",\"@graph\":[{\"@type\":\"WebPage\",\"@id\":\"https:\/\/www.exchange-data.com\/es\/producto\/tipos-de-cambio\/\",\"url\":\"https:\/\/www.exchange-data.com\/es\/producto\/tipos-de-cambio\/\",\"name\":\"Tipos de Cambio de Divisas | Exchange Data International\",\"isPartOf\":{\"@id\":\"https:\/\/www.exchange-data.com\/es\/#website\"},\"primaryImageOfPage\":{\"@id\":\"https:\/\/www.exchange-data.com\/es\/producto\/tipos-de-cambio\/#primaryimage\"},\"image\":{\"@id\":\"https:\/\/www.exchange-data.com\/es\/producto\/tipos-de-cambio\/#primaryimage\"},\"thumbnailUrl\":\"https:\/\/www.exchange-data.com\/wp-content\/uploads\/2015\/09\/EDI-Post-Featured-Image-700x400-1.png\",\"datePublished\":\"2019-01-29T16:46:27+00:00\",\"dateModified\":\"2025-10-08T11:46:04+00:00\",\"description\":\"Integre f\u00e1cilmente los datos de tasas de cambio en su sistema interno con cobertura de 168 divisas, formatos personalizables y entrega automatizada por API, FTP o email.\",\"breadcrumb\":{\"@id\":\"https:\/\/www.exchange-data.com\/es\/producto\/tipos-de-cambio\/#breadcrumb\"},\"inLanguage\":\"es\",\"potentialAction\":[{\"@type\":\"ReadAction\",\"target\":[\"https:\/\/www.exchange-data.com\/es\/producto\/tipos-de-cambio\/\"]}]},{\"@type\":\"ImageObject\",\"inLanguage\":\"es\",\"@id\":\"https:\/\/www.exchange-data.com\/es\/producto\/tipos-de-cambio\/#primaryimage\",\"url\":\"https:\/\/www.exchange-data.com\/wp-content\/uploads\/2015\/09\/EDI-Post-Featured-Image-700x400-1.png\",\"contentUrl\":\"https:\/\/www.exchange-data.com\/wp-content\/uploads\/2015\/09\/EDI-Post-Featured-Image-700x400-1.png\",\"width\":700,\"height\":400,\"caption\":\"Exchange Data International\"},{\"@type\":\"BreadcrumbList\",\"@id\":\"https:\/\/www.exchange-data.com\/es\/producto\/tipos-de-cambio\/#breadcrumb\",\"itemListElement\":[{\"@type\":\"ListItem\",\"position\":1,\"name\":\"Home\",\"item\":\"https:\/\/www.exchange-data.com\/es\/inicio\/\"},{\"@type\":\"ListItem\",\"position\":2,\"name\":\"Tipos de Cambio de Divisas\"}]},{\"@type\":\"WebSite\",\"@id\":\"https:\/\/www.exchange-data.com\/es\/#website\",\"url\":\"https:\/\/www.exchange-data.com\/es\/\",\"name\":\"Exchange Data International\",\"description\":\"Doing data differently\",\"publisher\":{\"@id\":\"https:\/\/www.exchange-data.com\/es\/#organization\"},\"potentialAction\":[{\"@type\":\"SearchAction\",\"target\":{\"@type\":\"EntryPoint\",\"urlTemplate\":\"https:\/\/www.exchange-data.com\/es\/?s={search_term_string}\"},\"query-input\":{\"@type\":\"PropertyValueSpecification\",\"valueRequired\":true,\"valueName\":\"search_term_string\"}}],\"inLanguage\":\"es\"},{\"@type\":\"Organization\",\"@id\":\"https:\/\/www.exchange-data.com\/es\/#organization\",\"name\":\"Exchange Data International\",\"url\":\"https:\/\/www.exchange-data.com\/es\/\",\"logo\":{\"@type\":\"ImageObject\",\"inLanguage\":\"es\",\"@id\":\"https:\/\/www.exchange-data.com\/es\/#\/schema\/logo\/image\/\",\"url\":\"https:\/\/www.exchange-data.com\/wp-content\/uploads\/2019\/03\/logo3.png\",\"contentUrl\":\"https:\/\/www.exchange-data.com\/wp-content\/uploads\/2019\/03\/logo3.png\",\"width\":200,\"height\":80,\"caption\":\"Exchange Data International\"},\"image\":{\"@id\":\"https:\/\/www.exchange-data.com\/es\/#\/schema\/logo\/image\/\"},\"sameAs\":[\"https:\/\/x.com\/ExchangeData\",\"https:\/\/www.linkedin.com\/company\/exchange-data-international\/?viewAsMember=true\",\"https:\/\/www.youtube.com\/channel\/UC5D1OpUb22YZANRLD_Ktcgg?view_as=subscriber\"]}]}<\/script>\n<!-- \/ Yoast SEO Premium plugin. -->","yoast_head_json":{"title":"Tipos de Cambio de Divisas | Exchange Data International","description":"Integre f\u00e1cilmente los datos de tasas de cambio en su sistema interno con cobertura de 168 divisas, formatos personalizables y entrega automatizada por API, FTP o email.","robots":{"index":"index","follow":"follow","max-snippet":"max-snippet:-1","max-image-preview":"max-image-preview:large","max-video-preview":"max-video-preview:-1"},"canonical":"https:\/\/www.exchange-data.com\/es\/producto\/tipos-de-cambio\/","og_locale":"es_ES","og_type":"article","og_title":"Tipos de cambio","og_description":"Ahorre tiempo integrando los tipos de cambio y las divisas mundiales en su sistema interno. Foreign Exchange Rates and World Currencies le proporciona datos precisos y actualizados sobre tipos de cambio. El servicio cubre 168 divisas, incluidas las heredadas del euro. Puede personalizar el archivo para que s\u00f3lo incluya las divisas seleccionadas, el tipo de cambio basado en USD, GBP, EUR que prefiera o a\u00f1adir campos adicionales como el tipo de cambio inverso.","og_url":"https:\/\/www.exchange-data.com\/es\/producto\/tipos-de-cambio\/","og_site_name":"Exchange Data International","article_modified_time":"2025-10-08T11:46:04+00:00","og_image":[{"url":"https:\/\/www.exchange-data.com\/wp-content\/uploads\/2015\/09\/EDI-Post-Featured-Image-700x400-1.png","type":"","width":"","height":""}],"twitter_card":"summary_large_image","twitter_title":"Tipos de cambio","twitter_description":"Ahorre tiempo integrando los tipos de cambio y las divisas mundiales en su sistema interno. Foreign Exchange Rates and World Currencies le proporciona datos precisos y actualizados sobre tipos de cambio. El servicio cubre 168 divisas, incluidas las heredadas del euro. Puede personalizar el archivo para que s\u00f3lo incluya las divisas seleccionadas, el tipo de cambio basado en USD, GBP, EUR que prefiera o a\u00f1adir campos adicionales como el tipo de cambio inverso.","twitter_image":"https:\/\/www.exchange-data.com\/wp-content\/uploads\/2015\/09\/EDI-Post-Featured-Image-700x400-1.png","twitter_site":"@ExchangeData","twitter_misc":{"Tiempo de lectura":"1 minuto"},"schema":{"@context":"https:\/\/schema.org","@graph":[{"@type":"WebPage","@id":"https:\/\/www.exchange-data.com\/es\/producto\/tipos-de-cambio\/","url":"https:\/\/www.exchange-data.com\/es\/producto\/tipos-de-cambio\/","name":"Tipos de Cambio de Divisas | Exchange Data International","isPartOf":{"@id":"https:\/\/www.exchange-data.com\/es\/#website"},"primaryImageOfPage":{"@id":"https:\/\/www.exchange-data.com\/es\/producto\/tipos-de-cambio\/#primaryimage"},"image":{"@id":"https:\/\/www.exchange-data.com\/es\/producto\/tipos-de-cambio\/#primaryimage"},"thumbnailUrl":"https:\/\/www.exchange-data.com\/wp-content\/uploads\/2015\/09\/EDI-Post-Featured-Image-700x400-1.png","datePublished":"2019-01-29T16:46:27+00:00","dateModified":"2025-10-08T11:46:04+00:00","description":"Integre f\u00e1cilmente los datos de tasas de cambio en su sistema interno con cobertura de 168 divisas, formatos personalizables y entrega automatizada por API, FTP o email.","breadcrumb":{"@id":"https:\/\/www.exchange-data.com\/es\/producto\/tipos-de-cambio\/#breadcrumb"},"inLanguage":"es","potentialAction":[{"@type":"ReadAction","target":["https:\/\/www.exchange-data.com\/es\/producto\/tipos-de-cambio\/"]}]},{"@type":"ImageObject","inLanguage":"es","@id":"https:\/\/www.exchange-data.com\/es\/producto\/tipos-de-cambio\/#primaryimage","url":"https:\/\/www.exchange-data.com\/wp-content\/uploads\/2015\/09\/EDI-Post-Featured-Image-700x400-1.png","contentUrl":"https:\/\/www.exchange-data.com\/wp-content\/uploads\/2015\/09\/EDI-Post-Featured-Image-700x400-1.png","width":700,"height":400,"caption":"Exchange Data International"},{"@type":"BreadcrumbList","@id":"https:\/\/www.exchange-data.com\/es\/producto\/tipos-de-cambio\/#breadcrumb","itemListElement":[{"@type":"ListItem","position":1,"name":"Home","item":"https:\/\/www.exchange-data.com\/es\/inicio\/"},{"@type":"ListItem","position":2,"name":"Tipos de Cambio de Divisas"}]},{"@type":"WebSite","@id":"https:\/\/www.exchange-data.com\/es\/#website","url":"https:\/\/www.exchange-data.com\/es\/","name":"Exchange Data International","description":"Doing data differently","publisher":{"@id":"https:\/\/www.exchange-data.com\/es\/#organization"},"potentialAction":[{"@type":"SearchAction","target":{"@type":"EntryPoint","urlTemplate":"https:\/\/www.exchange-data.com\/es\/?s={search_term_string}"},"query-input":{"@type":"PropertyValueSpecification","valueRequired":true,"valueName":"search_term_string"}}],"inLanguage":"es"},{"@type":"Organization","@id":"https:\/\/www.exchange-data.com\/es\/#organization","name":"Exchange Data International","url":"https:\/\/www.exchange-data.com\/es\/","logo":{"@type":"ImageObject","inLanguage":"es","@id":"https:\/\/www.exchange-data.com\/es\/#\/schema\/logo\/image\/","url":"https:\/\/www.exchange-data.com\/wp-content\/uploads\/2019\/03\/logo3.png","contentUrl":"https:\/\/www.exchange-data.com\/wp-content\/uploads\/2019\/03\/logo3.png","width":200,"height":80,"caption":"Exchange Data International"},"image":{"@id":"https:\/\/www.exchange-data.com\/es\/#\/schema\/logo\/image\/"},"sameAs":["https:\/\/x.com\/ExchangeData","https:\/\/www.linkedin.com\/company\/exchange-data-international\/?viewAsMember=true","https:\/\/www.youtube.com\/channel\/UC5D1OpUb22YZANRLD_Ktcgg?view_as=subscriber"]}]}},"_links":{"self":[{"href":"https:\/\/www.exchange-data.com\/es\/wp-json\/wp\/v2\/product\/35985","targetHints":{"allow":["GET"]}}],"collection":[{"href":"https:\/\/www.exchange-data.com\/es\/wp-json\/wp\/v2\/product"}],"about":[{"href":"https:\/\/www.exchange-data.com\/es\/wp-json\/wp\/v2\/types\/product"}],"wp:featuredmedia":[{"embeddable":true,"href":"https:\/\/www.exchange-data.com\/es\/wp-json\/wp\/v2\/media\/34154"}],"wp:attachment":[{"href":"https:\/\/www.exchange-data.com\/es\/wp-json\/wp\/v2\/media?parent=35985"}],"wp:term":[{"taxonomy":"country","embeddable":true,"href":"https:\/\/www.exchange-data.com\/es\/wp-json\/wp\/v2\/country?post=35985"},{"taxonomy":"product_category","embeddable":true,"href":"https:\/\/www.exchange-data.com\/es\/wp-json\/wp\/v2\/product_category?post=35985"}],"curies":[{"name":"wp","href":"https:\/\/api.w.org\/{rel}","templated":true}]}}