{"id":35990,"date":"2019-11-12T13:34:10","date_gmt":"2019-11-12T12:34:10","guid":{"rendered":"https:\/\/www.exchange-data.com\/product\/limitaciones-a-la-propiedad-extranjera\/"},"modified":"2025-10-08T07:12:31","modified_gmt":"2025-10-08T06:12:31","slug":"limitaciones-a-la-propiedad-extranjera","status":"publish","type":"product","link":"https:\/\/www.exchange-data.com\/es\/producto\/limitaciones-a-la-propiedad-extranjera\/","title":{"rendered":"L\u00edmites a la Propiedad Extranjera"},"content":{"rendered":"<p><span style=\"font-weight: 400;\">Este servicio permite a los inversores monitorear si una empresa o individuo extranjero ha excedido los l\u00edmites m\u00e1ximos de participaci\u00f3n accionaria permitidos por la legislaci\u00f3n local. Actualmente, cubre 71 bolsas de valores en 59 pa\u00edses y ofrece acceso a 42 campos de datos clave. La informaci\u00f3n puede integrarse f\u00e1cilmente en sistemas existentes, lo que permite calcular con precisi\u00f3n si una operaci\u00f3n supera los l\u00edmites de propiedad extranjera.  <\/span><\/p>\n<p><span style=\"font-weight: 400;\"><a href=\"https:\/\/stg-exchangedata-stg.kinsta.cloud\/wp-content\/uploads\/2019\/11\/FOL_Data_Sample.png\" target=\"_blank\" rel=\"noopener\">Ver muestra de datos&gt;&gt;<\/a><\/span><\/p>\n<p><span style=\"font-weight: 400;\">Este servicio tambi\u00e9n es utilizado por proveedores de \u00edndices para calcular el capital flotante (free float) y puede personalizarse seg\u00fan las necesidades espec\u00edficas de cada cliente:<\/span><\/p>\n<ul>\n<li><span style=\"font-weight: 400;\">Opciones de entrega de datos flexibles, compatibles con las infraestructuras actuales del cliente.<\/span><\/li>\n<li><span style=\"font-weight: 400;\">Archivos de datos personalizables por regi\u00f3n geogr\u00e1fica o cartera de valores.<\/span><\/li>\n<li><span style=\"font-weight: 400;\">Selecci\u00f3n de campos entre una amplia gama de opciones disponibles<\/span><\/li>\n<\/ul>\n<h4>Terminolog\u00eda clave:<\/h4>\n<table width=\"100%\">\n<tbody>\n<tr>\n<strong>Inversor extranjero<\/strong><\/p>\n<td>\n  <\/td>\n<td>\n    <span style=\"font-weight: 400;\">Organizaci\u00f3n o individuo que invierte en un pa\u00eds del cual no es ciudadano o donde no est\u00e1 legalmente constituido<\/span>\n  <\/td>\n<\/tr>\n<tr>\n<td>\n  <strong>N\u00famero total de acciones en manos extranjeras<\/strong>\n<\/td>\n<td>\n  <span style=\"font-weight: 400;\">Total de t\u00edtulos pose\u00eddos por accionistas no residentes<\/span>\n<\/td>\n<\/tr>\n<tr>\n<td>\n  <strong>Ratio de participaci\u00f3n directa<\/strong>\n<\/td>\n<td>\n  <span style=\"font-weight: 400;\">Relaci\u00f3n entre el n\u00famero de acciones en manos extranjeras y el total emitido por la empresa<\/span>\n<\/td>\n<\/tr>\n<tr>\n<td>\n  <strong>L\u00edmite superior de inversi\u00f3n extranjera<\/strong>\n<\/td>\n<td>\n  <span style=\"font-weight: 400;\">Nivel m\u00e1ximo de participaci\u00f3n permitido por la normativa local para personas o entidades extranjeras<\/span>\n<\/td>\n<\/tr>\n<\/tbody>\n<\/table>\n","protected":false},"featured_media":34154,"template":"","country":[1985,1936,2106,2022,1882,2003,2133,1980,1868,1908,1972,1977,2045,2020,2028,1956,2005,2070,2018,1880,2094,1968,1994,2097,1974,2064,1960,2078,1970,1966,1891,2009,2109,1979,1987,1913,1932,1857,1901,1915,1895,2145,1874,2105,1950,2068,1903,2095,1910,1984,1990,2083],"product_category":[3184,3178],"class_list":["post-35990","product","type-product","status-publish","has-post-thumbnail","hentry","product_category-datos-de-referencia","product_category-productos-y-servicios"],"acf":[],"yoast_head":"<!-- This site is optimized with the Yoast SEO Premium plugin v26.0 (Yoast SEO v26.0) - https:\/\/yoast.com\/wordpress\/plugins\/seo\/ -->\n<title>L\u00edmites de propiedad extranjera: control global y cumplimiento normativo<\/title>\n<meta name=\"description\" content=\"Supervisa los l\u00edmites de propiedad extranjera en 71 bolsas con datos precisos e integrables. Ideal para proveedores de \u00edndices y gestores de inversi\u00f3n global.\" \/>\n<meta name=\"robots\" content=\"index, follow, max-snippet:-1, max-image-preview:large, max-video-preview:-1\" \/>\n<link rel=\"canonical\" href=\"https:\/\/www.exchange-data.com\/es\/producto\/limitaciones-a-la-propiedad-extranjera\/\" \/>\n<meta property=\"og:locale\" content=\"es_ES\" \/>\n<meta property=\"og:type\" content=\"article\" \/>\n<meta property=\"og:title\" content=\"EDI - Limitaciones a la propiedad extranjera\" \/>\n<meta property=\"og:description\" content=\"El servicio de L\u00edmites de Propiedad Extranjera informa a los consumidores de si una empresa o persona extranjera ha superado los l\u00edmites m\u00e1ximos de propiedad de acciones.\" \/>\n<meta property=\"og:url\" content=\"https:\/\/www.exchange-data.com\/es\/producto\/limitaciones-a-la-propiedad-extranjera\/\" \/>\n<meta property=\"og:site_name\" content=\"Exchange Data International\" \/>\n<meta property=\"article:modified_time\" content=\"2025-10-08T06:12:31+00:00\" \/>\n<meta property=\"og:image\" content=\"https:\/\/www.exchange-data.com\/wp-content\/uploads\/2021\/06\/FOL_featurer-image-700x400-1.png\" \/>\n<meta name=\"twitter:card\" content=\"summary_large_image\" \/>\n<meta name=\"twitter:title\" content=\"EDI - Limitaciones a la propiedad extranjera\" \/>\n<meta name=\"twitter:description\" content=\"El servicio de L\u00edmites de Propiedad Extranjera informa a los consumidores de si una empresa o persona extranjera ha superado los l\u00edmites m\u00e1ximos de propiedad de acciones.\" \/>\n<meta name=\"twitter:image\" content=\"https:\/\/www.exchange-data.com\/wp-content\/uploads\/2021\/06\/FOL_featurer-image-700x400-1.png\" \/>\n<meta name=\"twitter:site\" content=\"@ExchangeData\" \/>\n<meta name=\"twitter:label1\" content=\"Tiempo de lectura\" \/>\n\t<meta name=\"twitter:data1\" content=\"2 minutos\" \/>\n<script type=\"application\/ld+json\" class=\"yoast-schema-graph\">{\"@context\":\"https:\/\/schema.org\",\"@graph\":[{\"@type\":\"WebPage\",\"@id\":\"https:\/\/www.exchange-data.com\/es\/producto\/limitaciones-a-la-propiedad-extranjera\/\",\"url\":\"https:\/\/www.exchange-data.com\/es\/producto\/limitaciones-a-la-propiedad-extranjera\/\",\"name\":\"L\u00edmites de propiedad extranjera: control global y cumplimiento normativo\",\"isPartOf\":{\"@id\":\"https:\/\/www.exchange-data.com\/es\/#website\"},\"primaryImageOfPage\":{\"@id\":\"https:\/\/www.exchange-data.com\/es\/producto\/limitaciones-a-la-propiedad-extranjera\/#primaryimage\"},\"image\":{\"@id\":\"https:\/\/www.exchange-data.com\/es\/producto\/limitaciones-a-la-propiedad-extranjera\/#primaryimage\"},\"thumbnailUrl\":\"https:\/\/www.exchange-data.com\/wp-content\/uploads\/2015\/09\/EDI-Post-Featured-Image-700x400-1.png\",\"datePublished\":\"2019-11-12T12:34:10+00:00\",\"dateModified\":\"2025-10-08T06:12:31+00:00\",\"description\":\"Supervisa los l\u00edmites de propiedad extranjera en 71 bolsas con datos precisos e integrables. Ideal para proveedores de \u00edndices y gestores de inversi\u00f3n global.\",\"breadcrumb\":{\"@id\":\"https:\/\/www.exchange-data.com\/es\/producto\/limitaciones-a-la-propiedad-extranjera\/#breadcrumb\"},\"inLanguage\":\"es\",\"potentialAction\":[{\"@type\":\"ReadAction\",\"target\":[\"https:\/\/www.exchange-data.com\/es\/producto\/limitaciones-a-la-propiedad-extranjera\/\"]}]},{\"@type\":\"ImageObject\",\"inLanguage\":\"es\",\"@id\":\"https:\/\/www.exchange-data.com\/es\/producto\/limitaciones-a-la-propiedad-extranjera\/#primaryimage\",\"url\":\"https:\/\/www.exchange-data.com\/wp-content\/uploads\/2015\/09\/EDI-Post-Featured-Image-700x400-1.png\",\"contentUrl\":\"https:\/\/www.exchange-data.com\/wp-content\/uploads\/2015\/09\/EDI-Post-Featured-Image-700x400-1.png\",\"width\":700,\"height\":400,\"caption\":\"Exchange Data International\"},{\"@type\":\"BreadcrumbList\",\"@id\":\"https:\/\/www.exchange-data.com\/es\/producto\/limitaciones-a-la-propiedad-extranjera\/#breadcrumb\",\"itemListElement\":[{\"@type\":\"ListItem\",\"position\":1,\"name\":\"Home\",\"item\":\"https:\/\/www.exchange-data.com\/es\/inicio\/\"},{\"@type\":\"ListItem\",\"position\":2,\"name\":\"L\u00edmites a la Propiedad Extranjera\"}]},{\"@type\":\"WebSite\",\"@id\":\"https:\/\/www.exchange-data.com\/es\/#website\",\"url\":\"https:\/\/www.exchange-data.com\/es\/\",\"name\":\"Exchange Data International\",\"description\":\"Doing data differently\",\"publisher\":{\"@id\":\"https:\/\/www.exchange-data.com\/es\/#organization\"},\"potentialAction\":[{\"@type\":\"SearchAction\",\"target\":{\"@type\":\"EntryPoint\",\"urlTemplate\":\"https:\/\/www.exchange-data.com\/es\/?s={search_term_string}\"},\"query-input\":{\"@type\":\"PropertyValueSpecification\",\"valueRequired\":true,\"valueName\":\"search_term_string\"}}],\"inLanguage\":\"es\"},{\"@type\":\"Organization\",\"@id\":\"https:\/\/www.exchange-data.com\/es\/#organization\",\"name\":\"Exchange Data International\",\"url\":\"https:\/\/www.exchange-data.com\/es\/\",\"logo\":{\"@type\":\"ImageObject\",\"inLanguage\":\"es\",\"@id\":\"https:\/\/www.exchange-data.com\/es\/#\/schema\/logo\/image\/\",\"url\":\"https:\/\/www.exchange-data.com\/wp-content\/uploads\/2019\/03\/logo3.png\",\"contentUrl\":\"https:\/\/www.exchange-data.com\/wp-content\/uploads\/2019\/03\/logo3.png\",\"width\":200,\"height\":80,\"caption\":\"Exchange Data International\"},\"image\":{\"@id\":\"https:\/\/www.exchange-data.com\/es\/#\/schema\/logo\/image\/\"},\"sameAs\":[\"https:\/\/x.com\/ExchangeData\",\"https:\/\/www.linkedin.com\/company\/exchange-data-international\/?viewAsMember=true\",\"https:\/\/www.youtube.com\/channel\/UC5D1OpUb22YZANRLD_Ktcgg?view_as=subscriber\"]}]}<\/script>\n<!-- \/ Yoast SEO Premium plugin. -->","yoast_head_json":{"title":"L\u00edmites de propiedad extranjera: control global y cumplimiento normativo","description":"Supervisa los l\u00edmites de propiedad extranjera en 71 bolsas con datos precisos e integrables. Ideal para proveedores de \u00edndices y gestores de inversi\u00f3n global.","robots":{"index":"index","follow":"follow","max-snippet":"max-snippet:-1","max-image-preview":"max-image-preview:large","max-video-preview":"max-video-preview:-1"},"canonical":"https:\/\/www.exchange-data.com\/es\/producto\/limitaciones-a-la-propiedad-extranjera\/","og_locale":"es_ES","og_type":"article","og_title":"EDI - Limitaciones a la propiedad extranjera","og_description":"El servicio de L\u00edmites de Propiedad Extranjera informa a los consumidores de si una empresa o persona extranjera ha superado los l\u00edmites m\u00e1ximos de propiedad de acciones.","og_url":"https:\/\/www.exchange-data.com\/es\/producto\/limitaciones-a-la-propiedad-extranjera\/","og_site_name":"Exchange Data International","article_modified_time":"2025-10-08T06:12:31+00:00","og_image":[{"url":"https:\/\/www.exchange-data.com\/wp-content\/uploads\/2021\/06\/FOL_featurer-image-700x400-1.png","type":"","width":"","height":""}],"twitter_card":"summary_large_image","twitter_title":"EDI - Limitaciones a la propiedad extranjera","twitter_description":"El servicio de L\u00edmites de Propiedad Extranjera informa a los consumidores de si una empresa o persona extranjera ha superado los l\u00edmites m\u00e1ximos de propiedad de acciones.","twitter_image":"https:\/\/www.exchange-data.com\/wp-content\/uploads\/2021\/06\/FOL_featurer-image-700x400-1.png","twitter_site":"@ExchangeData","twitter_misc":{"Tiempo de lectura":"2 minutos"},"schema":{"@context":"https:\/\/schema.org","@graph":[{"@type":"WebPage","@id":"https:\/\/www.exchange-data.com\/es\/producto\/limitaciones-a-la-propiedad-extranjera\/","url":"https:\/\/www.exchange-data.com\/es\/producto\/limitaciones-a-la-propiedad-extranjera\/","name":"L\u00edmites de propiedad extranjera: control global y cumplimiento normativo","isPartOf":{"@id":"https:\/\/www.exchange-data.com\/es\/#website"},"primaryImageOfPage":{"@id":"https:\/\/www.exchange-data.com\/es\/producto\/limitaciones-a-la-propiedad-extranjera\/#primaryimage"},"image":{"@id":"https:\/\/www.exchange-data.com\/es\/producto\/limitaciones-a-la-propiedad-extranjera\/#primaryimage"},"thumbnailUrl":"https:\/\/www.exchange-data.com\/wp-content\/uploads\/2015\/09\/EDI-Post-Featured-Image-700x400-1.png","datePublished":"2019-11-12T12:34:10+00:00","dateModified":"2025-10-08T06:12:31+00:00","description":"Supervisa los l\u00edmites de propiedad extranjera en 71 bolsas con datos precisos e integrables. Ideal para proveedores de \u00edndices y gestores de inversi\u00f3n global.","breadcrumb":{"@id":"https:\/\/www.exchange-data.com\/es\/producto\/limitaciones-a-la-propiedad-extranjera\/#breadcrumb"},"inLanguage":"es","potentialAction":[{"@type":"ReadAction","target":["https:\/\/www.exchange-data.com\/es\/producto\/limitaciones-a-la-propiedad-extranjera\/"]}]},{"@type":"ImageObject","inLanguage":"es","@id":"https:\/\/www.exchange-data.com\/es\/producto\/limitaciones-a-la-propiedad-extranjera\/#primaryimage","url":"https:\/\/www.exchange-data.com\/wp-content\/uploads\/2015\/09\/EDI-Post-Featured-Image-700x400-1.png","contentUrl":"https:\/\/www.exchange-data.com\/wp-content\/uploads\/2015\/09\/EDI-Post-Featured-Image-700x400-1.png","width":700,"height":400,"caption":"Exchange Data International"},{"@type":"BreadcrumbList","@id":"https:\/\/www.exchange-data.com\/es\/producto\/limitaciones-a-la-propiedad-extranjera\/#breadcrumb","itemListElement":[{"@type":"ListItem","position":1,"name":"Home","item":"https:\/\/www.exchange-data.com\/es\/inicio\/"},{"@type":"ListItem","position":2,"name":"L\u00edmites a la Propiedad Extranjera"}]},{"@type":"WebSite","@id":"https:\/\/www.exchange-data.com\/es\/#website","url":"https:\/\/www.exchange-data.com\/es\/","name":"Exchange Data International","description":"Doing data differently","publisher":{"@id":"https:\/\/www.exchange-data.com\/es\/#organization"},"potentialAction":[{"@type":"SearchAction","target":{"@type":"EntryPoint","urlTemplate":"https:\/\/www.exchange-data.com\/es\/?s={search_term_string}"},"query-input":{"@type":"PropertyValueSpecification","valueRequired":true,"valueName":"search_term_string"}}],"inLanguage":"es"},{"@type":"Organization","@id":"https:\/\/www.exchange-data.com\/es\/#organization","name":"Exchange Data International","url":"https:\/\/www.exchange-data.com\/es\/","logo":{"@type":"ImageObject","inLanguage":"es","@id":"https:\/\/www.exchange-data.com\/es\/#\/schema\/logo\/image\/","url":"https:\/\/www.exchange-data.com\/wp-content\/uploads\/2019\/03\/logo3.png","contentUrl":"https:\/\/www.exchange-data.com\/wp-content\/uploads\/2019\/03\/logo3.png","width":200,"height":80,"caption":"Exchange Data International"},"image":{"@id":"https:\/\/www.exchange-data.com\/es\/#\/schema\/logo\/image\/"},"sameAs":["https:\/\/x.com\/ExchangeData","https:\/\/www.linkedin.com\/company\/exchange-data-international\/?viewAsMember=true","https:\/\/www.youtube.com\/channel\/UC5D1OpUb22YZANRLD_Ktcgg?view_as=subscriber"]}]}},"_links":{"self":[{"href":"https:\/\/www.exchange-data.com\/es\/wp-json\/wp\/v2\/product\/35990","targetHints":{"allow":["GET"]}}],"collection":[{"href":"https:\/\/www.exchange-data.com\/es\/wp-json\/wp\/v2\/product"}],"about":[{"href":"https:\/\/www.exchange-data.com\/es\/wp-json\/wp\/v2\/types\/product"}],"wp:featuredmedia":[{"embeddable":true,"href":"https:\/\/www.exchange-data.com\/es\/wp-json\/wp\/v2\/media\/34154"}],"wp:attachment":[{"href":"https:\/\/www.exchange-data.com\/es\/wp-json\/wp\/v2\/media?parent=35990"}],"wp:term":[{"taxonomy":"country","embeddable":true,"href":"https:\/\/www.exchange-data.com\/es\/wp-json\/wp\/v2\/country?post=35990"},{"taxonomy":"product_category","embeddable":true,"href":"https:\/\/www.exchange-data.com\/es\/wp-json\/wp\/v2\/product_category?post=35990"}],"curies":[{"name":"wp","href":"https:\/\/api.w.org\/{rel}","templated":true}]}}