{"id":35991,"date":"2023-01-17T22:42:48","date_gmt":"2023-01-17T21:42:48","guid":{"rendered":"https:\/\/www.exchange-data.com\/product\/servicio-gratuito-de-flotadores\/"},"modified":"2025-10-04T05:20:18","modified_gmt":"2025-10-04T04:20:18","slug":"servicio-gratuito-de-flotadores","status":"publish","type":"product","link":"https:\/\/www.exchange-data.com\/es\/producto\/servicio-gratuito-de-flotadores\/","title":{"rendered":"Servicio de Capital Flotante"},"content":{"rendered":"<p><span style=\"font-weight: 400;\">El capital flotante de una empresa cotizada representa el porcentaje de acciones que est\u00e1n libremente disponibles para el p\u00fablico inversor. Es una m\u00e9trica esencial para evaluar la liquidez efectiva de las acciones en circulaci\u00f3n. <\/span><\/p>\n<p><span style=\"font-weight: 400;\">La mayor\u00eda de los \u00edndices burs\u00e1tiles se ajustan en funci\u00f3n del capital flotante, lo que significa que las compa\u00f1\u00edas se ponderan seg\u00fan el valor total de las acciones disponibles para los inversores institucionales, en lugar de por su capitalizaci\u00f3n burs\u00e1til total.<\/span><\/p>\n<p><span style=\"font-weight: 400;\">El servicio de capital flotante por empresa permite adquirir cada conjunto de datos de forma individual.<br \/>Cuando hay disponibilidad de datos hist\u00f3ricos, estos pueden adquirirse con periodicidad anual.<\/span><\/p>\n<h2>Metodolog\u00eda<\/h2>\n<p><span style=\"font-weight: 400;\">Cuando una bolsa de valores no proporciona una metodolog\u00eda propia para calcular el capital flotante, o si esta informaci\u00f3n est\u00e1 limitada a ciertos valores, EDI aplica su metodolog\u00eda est\u00e1ndar:<br \/>Se deducen del total de acciones en circulaci\u00f3n aquellas en manos de accionistas significativos, de control o sustanciales (la terminolog\u00eda puede variar seg\u00fan el mercado).<\/span><\/p>\n<p><span style=\"font-weight: 400;\">Como complemento al <a href=\"https:\/\/www.exchange-data.com\/es\/producto\/acciones-en-circulacion-en-todo-el-mundo\/\">servicio de acciones<\/a> en circulaci\u00f3n, EDI ofrece datos de capital flotante provenientes de m\u00e1s de 170 bolsas de valores en todo el mundo. La cobertura se revisa y actualiza de forma continua. <\/span><\/p>\n<p><span style=\"font-weight: 400;\">Para cada mercado, EDI proporciona una definici\u00f3n espec\u00edfica de acciones en libre circulaci\u00f3n (Free Floating Shares).<\/span><\/p>\n<p><span style=\"font-weight: 400;\">Los datos incluyen la mayor cantidad de informaci\u00f3n posible \u2014como ISIN, nombre del emisor, entre otros\u2014 para garantizar una identificaci\u00f3n clara y precisa de cada valor<\/span><\/p>\n","protected":false},"featured_media":0,"template":"","country":[],"product_category":[3180,3178],"class_list":["post-35991","product","type-product","status-publish","hentry","product_category-ofertas-especializadas-productos-y-servicios","product_category-productos-y-servicios","no-post-thumbnail"],"acf":[],"yoast_head":"<!-- This site is optimized with the Yoast SEO Premium plugin v26.0 (Yoast SEO v26.0) - https:\/\/yoast.com\/wordpress\/plugins\/seo\/ -->\n<title>Servicio de Capital Flotante | Exchange Data International<\/title>\n<meta name=\"description\" content=\"Accede al servicio de Capital Flotante de EDI con datos detallados de m\u00e1s de 170 bolsas. Ideal para evaluar la liquidez real de las acciones cotizadas.\" \/>\n<meta name=\"robots\" content=\"index, follow, max-snippet:-1, max-image-preview:large, max-video-preview:-1\" \/>\n<link rel=\"canonical\" href=\"https:\/\/www.exchange-data.com\/es\/producto\/servicio-gratuito-de-flotadores\/\" \/>\n<meta property=\"og:locale\" content=\"es_ES\" \/>\n<meta property=\"og:type\" content=\"article\" \/>\n<meta property=\"og:title\" content=\"Servicio de Capital Flotante | Exchange Data International\" \/>\n<meta property=\"og:description\" content=\"Accede al servicio de Capital Flotante de EDI con datos detallados de m\u00e1s de 170 bolsas. Ideal para evaluar la liquidez real de las acciones cotizadas.\" \/>\n<meta property=\"og:url\" content=\"https:\/\/www.exchange-data.com\/es\/producto\/servicio-gratuito-de-flotadores\/\" \/>\n<meta property=\"og:site_name\" content=\"Exchange Data International\" \/>\n<meta property=\"article:modified_time\" content=\"2025-10-04T04:20:18+00:00\" \/>\n<meta name=\"twitter:card\" content=\"summary_large_image\" \/>\n<meta name=\"twitter:site\" content=\"@ExchangeData\" \/>\n<meta name=\"twitter:label1\" content=\"Tiempo de lectura\" \/>\n\t<meta name=\"twitter:data1\" content=\"2 minutos\" \/>\n<script type=\"application\/ld+json\" class=\"yoast-schema-graph\">{\"@context\":\"https:\/\/schema.org\",\"@graph\":[{\"@type\":\"WebPage\",\"@id\":\"https:\/\/www.exchange-data.com\/es\/producto\/servicio-gratuito-de-flotadores\/\",\"url\":\"https:\/\/www.exchange-data.com\/es\/producto\/servicio-gratuito-de-flotadores\/\",\"name\":\"Servicio de Capital Flotante | Exchange Data International\",\"isPartOf\":{\"@id\":\"https:\/\/www.exchange-data.com\/es\/#website\"},\"datePublished\":\"2023-01-17T21:42:48+00:00\",\"dateModified\":\"2025-10-04T04:20:18+00:00\",\"description\":\"Accede al servicio de Capital Flotante de EDI con datos detallados de m\u00e1s de 170 bolsas. Ideal para evaluar la liquidez real de las acciones cotizadas.\",\"breadcrumb\":{\"@id\":\"https:\/\/www.exchange-data.com\/es\/producto\/servicio-gratuito-de-flotadores\/#breadcrumb\"},\"inLanguage\":\"es\",\"potentialAction\":[{\"@type\":\"ReadAction\",\"target\":[\"https:\/\/www.exchange-data.com\/es\/producto\/servicio-gratuito-de-flotadores\/\"]}]},{\"@type\":\"BreadcrumbList\",\"@id\":\"https:\/\/www.exchange-data.com\/es\/producto\/servicio-gratuito-de-flotadores\/#breadcrumb\",\"itemListElement\":[{\"@type\":\"ListItem\",\"position\":1,\"name\":\"Home\",\"item\":\"https:\/\/www.exchange-data.com\/es\/inicio\/\"},{\"@type\":\"ListItem\",\"position\":2,\"name\":\"Servicio de Capital Flotante\"}]},{\"@type\":\"WebSite\",\"@id\":\"https:\/\/www.exchange-data.com\/es\/#website\",\"url\":\"https:\/\/www.exchange-data.com\/es\/\",\"name\":\"Exchange Data International\",\"description\":\"Doing data differently\",\"publisher\":{\"@id\":\"https:\/\/www.exchange-data.com\/es\/#organization\"},\"potentialAction\":[{\"@type\":\"SearchAction\",\"target\":{\"@type\":\"EntryPoint\",\"urlTemplate\":\"https:\/\/www.exchange-data.com\/es\/?s={search_term_string}\"},\"query-input\":{\"@type\":\"PropertyValueSpecification\",\"valueRequired\":true,\"valueName\":\"search_term_string\"}}],\"inLanguage\":\"es\"},{\"@type\":\"Organization\",\"@id\":\"https:\/\/www.exchange-data.com\/es\/#organization\",\"name\":\"Exchange Data International\",\"url\":\"https:\/\/www.exchange-data.com\/es\/\",\"logo\":{\"@type\":\"ImageObject\",\"inLanguage\":\"es\",\"@id\":\"https:\/\/www.exchange-data.com\/es\/#\/schema\/logo\/image\/\",\"url\":\"https:\/\/www.exchange-data.com\/wp-content\/uploads\/2019\/03\/logo3.png\",\"contentUrl\":\"https:\/\/www.exchange-data.com\/wp-content\/uploads\/2019\/03\/logo3.png\",\"width\":200,\"height\":80,\"caption\":\"Exchange Data International\"},\"image\":{\"@id\":\"https:\/\/www.exchange-data.com\/es\/#\/schema\/logo\/image\/\"},\"sameAs\":[\"https:\/\/x.com\/ExchangeData\",\"https:\/\/www.linkedin.com\/company\/exchange-data-international\/?viewAsMember=true\",\"https:\/\/www.youtube.com\/channel\/UC5D1OpUb22YZANRLD_Ktcgg?view_as=subscriber\"]}]}<\/script>\n<!-- \/ Yoast SEO Premium plugin. -->","yoast_head_json":{"title":"Servicio de Capital Flotante | Exchange Data International","description":"Accede al servicio de Capital Flotante de EDI con datos detallados de m\u00e1s de 170 bolsas. Ideal para evaluar la liquidez real de las acciones cotizadas.","robots":{"index":"index","follow":"follow","max-snippet":"max-snippet:-1","max-image-preview":"max-image-preview:large","max-video-preview":"max-video-preview:-1"},"canonical":"https:\/\/www.exchange-data.com\/es\/producto\/servicio-gratuito-de-flotadores\/","og_locale":"es_ES","og_type":"article","og_title":"Servicio de Capital Flotante | Exchange Data International","og_description":"Accede al servicio de Capital Flotante de EDI con datos detallados de m\u00e1s de 170 bolsas. Ideal para evaluar la liquidez real de las acciones cotizadas.","og_url":"https:\/\/www.exchange-data.com\/es\/producto\/servicio-gratuito-de-flotadores\/","og_site_name":"Exchange Data International","article_modified_time":"2025-10-04T04:20:18+00:00","twitter_card":"summary_large_image","twitter_site":"@ExchangeData","twitter_misc":{"Tiempo de lectura":"2 minutos"},"schema":{"@context":"https:\/\/schema.org","@graph":[{"@type":"WebPage","@id":"https:\/\/www.exchange-data.com\/es\/producto\/servicio-gratuito-de-flotadores\/","url":"https:\/\/www.exchange-data.com\/es\/producto\/servicio-gratuito-de-flotadores\/","name":"Servicio de Capital Flotante | Exchange Data International","isPartOf":{"@id":"https:\/\/www.exchange-data.com\/es\/#website"},"datePublished":"2023-01-17T21:42:48+00:00","dateModified":"2025-10-04T04:20:18+00:00","description":"Accede al servicio de Capital Flotante de EDI con datos detallados de m\u00e1s de 170 bolsas. Ideal para evaluar la liquidez real de las acciones cotizadas.","breadcrumb":{"@id":"https:\/\/www.exchange-data.com\/es\/producto\/servicio-gratuito-de-flotadores\/#breadcrumb"},"inLanguage":"es","potentialAction":[{"@type":"ReadAction","target":["https:\/\/www.exchange-data.com\/es\/producto\/servicio-gratuito-de-flotadores\/"]}]},{"@type":"BreadcrumbList","@id":"https:\/\/www.exchange-data.com\/es\/producto\/servicio-gratuito-de-flotadores\/#breadcrumb","itemListElement":[{"@type":"ListItem","position":1,"name":"Home","item":"https:\/\/www.exchange-data.com\/es\/inicio\/"},{"@type":"ListItem","position":2,"name":"Servicio de Capital Flotante"}]},{"@type":"WebSite","@id":"https:\/\/www.exchange-data.com\/es\/#website","url":"https:\/\/www.exchange-data.com\/es\/","name":"Exchange Data International","description":"Doing data differently","publisher":{"@id":"https:\/\/www.exchange-data.com\/es\/#organization"},"potentialAction":[{"@type":"SearchAction","target":{"@type":"EntryPoint","urlTemplate":"https:\/\/www.exchange-data.com\/es\/?s={search_term_string}"},"query-input":{"@type":"PropertyValueSpecification","valueRequired":true,"valueName":"search_term_string"}}],"inLanguage":"es"},{"@type":"Organization","@id":"https:\/\/www.exchange-data.com\/es\/#organization","name":"Exchange Data International","url":"https:\/\/www.exchange-data.com\/es\/","logo":{"@type":"ImageObject","inLanguage":"es","@id":"https:\/\/www.exchange-data.com\/es\/#\/schema\/logo\/image\/","url":"https:\/\/www.exchange-data.com\/wp-content\/uploads\/2019\/03\/logo3.png","contentUrl":"https:\/\/www.exchange-data.com\/wp-content\/uploads\/2019\/03\/logo3.png","width":200,"height":80,"caption":"Exchange Data International"},"image":{"@id":"https:\/\/www.exchange-data.com\/es\/#\/schema\/logo\/image\/"},"sameAs":["https:\/\/x.com\/ExchangeData","https:\/\/www.linkedin.com\/company\/exchange-data-international\/?viewAsMember=true","https:\/\/www.youtube.com\/channel\/UC5D1OpUb22YZANRLD_Ktcgg?view_as=subscriber"]}]}},"_links":{"self":[{"href":"https:\/\/www.exchange-data.com\/es\/wp-json\/wp\/v2\/product\/35991","targetHints":{"allow":["GET"]}}],"collection":[{"href":"https:\/\/www.exchange-data.com\/es\/wp-json\/wp\/v2\/product"}],"about":[{"href":"https:\/\/www.exchange-data.com\/es\/wp-json\/wp\/v2\/types\/product"}],"wp:attachment":[{"href":"https:\/\/www.exchange-data.com\/es\/wp-json\/wp\/v2\/media?parent=35991"}],"wp:term":[{"taxonomy":"country","embeddable":true,"href":"https:\/\/www.exchange-data.com\/es\/wp-json\/wp\/v2\/country?post=35991"},{"taxonomy":"product_category","embeddable":true,"href":"https:\/\/www.exchange-data.com\/es\/wp-json\/wp\/v2\/product_category?post=35991"}],"curies":[{"name":"wp","href":"https:\/\/api.w.org\/{rel}","templated":true}]}}