{"id":35992,"date":"2023-03-22T14:51:37","date_gmt":"2023-03-22T13:51:37","guid":{"rendered":"https:\/\/www.exchange-data.com\/product\/fondoscab\/"},"modified":"2026-02-07T06:05:06","modified_gmt":"2026-02-07T05:05:06","slug":"fondoscab","status":"publish","type":"product","link":"https:\/\/www.exchange-data.com\/es\/producto\/fondoscab\/","title":{"rendered":"FundsCAB"},"content":{"rendered":"<p>&nbsp;<\/p>\n<h2>Cobertura<\/h2>\n<p><span style=\"font-weight: 400;\">La Plataforma de Fondos de Inversi\u00f3n del Reino Unido, UK FundsCAB, proporciona informaci\u00f3n detallada sobre m\u00e1s de 13.700 clases de participaciones de fondos administradas por 200 gestoras, incluyendo datos sobre distribuciones y acciones corporativas.<\/span><\/p>\n<p>&nbsp;<\/p>\n<h3>Qu\u00e9 Hacemos<\/h3>\n<p><span style=\"font-weight: 400;\">El equipo de datos de EDI recopila, analiza y publica informaci\u00f3n proveniente de fondos de inversi\u00f3n abiertos (unit trusts) y sociedades de inversi\u00f3n de capital variable (OEIC), as\u00ed como de sus representantes.<br \/>\nAdem\u00e1s, EDI monitorea m\u00faltiples sitios web para garantizar una cobertura completa de las acciones corporativas en el mercado de fondos del Reino Unido. Estas acciones se supervisan en tiempo real, lo que permite acceder a los datos de forma \u00e1gil y actualizada. <\/span><\/p>\n<h4>Caracter\u00edsticas del servicio UK FundsCAB<\/h4>\n<p><span style=\"font-weight: 400;\">Acceso inmediato a acciones corporativas en cuanto se ingresan en el sistema web de EDI.<\/span><\/p>\n<ul>\n<li><span style=\"font-weight: 400;\">B\u00fasqueda y recuperaci\u00f3n de eventos por tipo de acci\u00f3n, fondo o rango de fechas.<\/span><\/li>\n<li><span style=\"font-weight: 400;\">Importaci\u00f3n de carteras con alertas autom\u00e1ticas cuando un fondo registra una acci\u00f3n corporativa.<\/span><\/li>\n<li><span style=\"font-weight: 400;\">Visualizaci\u00f3n de distribuciones diarias a medida que se publican en UK FundsCAB.<\/span><\/li>\n<li><span style=\"font-weight: 400;\">Recolecci\u00f3n de datos desde m\u00faltiples fuentes para ofrecer una cobertura m\u00e1s completa y confiable<\/span><\/li>\n<\/ul>\n","protected":false},"featured_media":0,"template":"","country":[],"product_category":[3186,3178],"class_list":["post-35992","product","type-product","status-publish","hentry","product_category-fondos-de-inversion","product_category-productos-y-servicios","no-post-thumbnail"],"acf":[],"yoast_head":"<!-- This site is optimized with the Yoast SEO Premium plugin v26.0 (Yoast SEO v26.0) - https:\/\/yoast.com\/wordpress\/plugins\/seo\/ -->\n<title>Plataforma de Fondos de Inversi\u00f3n | Datos de acciones corporativas y distribuciones de m\u00e1s de 13.700 fondos<\/title>\n<meta name=\"description\" content=\"Acceda con la Plataforma de Fondos de Inversi\u00f3n a informaci\u00f3n detallada y actualizada de fondos del Reino Unido, incluyendo distribuciones diarias y acciones corporativas clave.\" \/>\n<meta name=\"robots\" content=\"index, follow, max-snippet:-1, max-image-preview:large, max-video-preview:-1\" \/>\n<link rel=\"canonical\" href=\"https:\/\/www.exchange-data.com\/es\/producto\/fondoscab\/\" \/>\n<meta property=\"og:locale\" content=\"es_ES\" \/>\n<meta property=\"og:type\" content=\"article\" \/>\n<meta property=\"og:title\" content=\"FundsCAB | Exchange Data International\" \/>\n<meta property=\"og:description\" content=\"Acceda con la Plataforma de Fondos de Inversi\u00f3n a informaci\u00f3n detallada y actualizada de fondos del Reino Unido, incluyendo distribuciones diarias y acciones corporativas clave.\" \/>\n<meta property=\"og:url\" content=\"https:\/\/www.exchange-data.com\/es\/producto\/fondoscab\/\" \/>\n<meta property=\"og:site_name\" content=\"Exchange Data International\" \/>\n<meta property=\"article:modified_time\" content=\"2026-02-07T05:05:06+00:00\" \/>\n<meta name=\"twitter:card\" content=\"summary_large_image\" \/>\n<meta name=\"twitter:site\" content=\"@ExchangeData\" \/>\n<meta name=\"twitter:label1\" content=\"Tiempo de lectura\" \/>\n\t<meta name=\"twitter:data1\" content=\"1 minuto\" \/>\n<script type=\"application\/ld+json\" class=\"yoast-schema-graph\">{\"@context\":\"https:\/\/schema.org\",\"@graph\":[{\"@type\":\"WebPage\",\"@id\":\"https:\/\/www.exchange-data.com\/es\/producto\/fondoscab\/\",\"url\":\"https:\/\/www.exchange-data.com\/es\/producto\/fondoscab\/\",\"name\":\"Plataforma de Fondos de Inversi\u00f3n | Datos de acciones corporativas y distribuciones de m\u00e1s de 13.700 fondos\",\"isPartOf\":{\"@id\":\"https:\/\/www.exchange-data.com\/es\/#website\"},\"datePublished\":\"2023-03-22T13:51:37+00:00\",\"dateModified\":\"2026-02-07T05:05:06+00:00\",\"description\":\"Acceda con la Plataforma de Fondos de Inversi\u00f3n a informaci\u00f3n detallada y actualizada de fondos del Reino Unido, incluyendo distribuciones diarias y acciones corporativas clave.\",\"breadcrumb\":{\"@id\":\"https:\/\/www.exchange-data.com\/es\/producto\/fondoscab\/#breadcrumb\"},\"inLanguage\":\"es\",\"potentialAction\":[{\"@type\":\"ReadAction\",\"target\":[\"https:\/\/www.exchange-data.com\/es\/producto\/fondoscab\/\"]}]},{\"@type\":\"BreadcrumbList\",\"@id\":\"https:\/\/www.exchange-data.com\/es\/producto\/fondoscab\/#breadcrumb\",\"itemListElement\":[{\"@type\":\"ListItem\",\"position\":1,\"name\":\"Home\",\"item\":\"https:\/\/www.exchange-data.com\/es\/inicio\/\"},{\"@type\":\"ListItem\",\"position\":2,\"name\":\"FundsCAB\"}]},{\"@type\":\"WebSite\",\"@id\":\"https:\/\/www.exchange-data.com\/es\/#website\",\"url\":\"https:\/\/www.exchange-data.com\/es\/\",\"name\":\"Exchange Data International\",\"description\":\"Doing data differently\",\"publisher\":{\"@id\":\"https:\/\/www.exchange-data.com\/es\/#organization\"},\"potentialAction\":[{\"@type\":\"SearchAction\",\"target\":{\"@type\":\"EntryPoint\",\"urlTemplate\":\"https:\/\/www.exchange-data.com\/es\/?s={search_term_string}\"},\"query-input\":{\"@type\":\"PropertyValueSpecification\",\"valueRequired\":true,\"valueName\":\"search_term_string\"}}],\"inLanguage\":\"es\"},{\"@type\":\"Organization\",\"@id\":\"https:\/\/www.exchange-data.com\/es\/#organization\",\"name\":\"Exchange Data International\",\"url\":\"https:\/\/www.exchange-data.com\/es\/\",\"logo\":{\"@type\":\"ImageObject\",\"inLanguage\":\"es\",\"@id\":\"https:\/\/www.exchange-data.com\/es\/#\/schema\/logo\/image\/\",\"url\":\"https:\/\/www.exchange-data.com\/wp-content\/uploads\/2019\/03\/logo3.png\",\"contentUrl\":\"https:\/\/www.exchange-data.com\/wp-content\/uploads\/2019\/03\/logo3.png\",\"width\":200,\"height\":80,\"caption\":\"Exchange Data International\"},\"image\":{\"@id\":\"https:\/\/www.exchange-data.com\/es\/#\/schema\/logo\/image\/\"},\"sameAs\":[\"https:\/\/x.com\/ExchangeData\",\"https:\/\/www.linkedin.com\/company\/exchange-data-international\/?viewAsMember=true\",\"https:\/\/www.youtube.com\/channel\/UC5D1OpUb22YZANRLD_Ktcgg?view_as=subscriber\"]}]}<\/script>\n<!-- \/ Yoast SEO Premium plugin. -->","yoast_head_json":{"title":"Plataforma de Fondos de Inversi\u00f3n | Datos de acciones corporativas y distribuciones de m\u00e1s de 13.700 fondos","description":"Acceda con la Plataforma de Fondos de Inversi\u00f3n a informaci\u00f3n detallada y actualizada de fondos del Reino Unido, incluyendo distribuciones diarias y acciones corporativas clave.","robots":{"index":"index","follow":"follow","max-snippet":"max-snippet:-1","max-image-preview":"max-image-preview:large","max-video-preview":"max-video-preview:-1"},"canonical":"https:\/\/www.exchange-data.com\/es\/producto\/fondoscab\/","og_locale":"es_ES","og_type":"article","og_title":"FundsCAB | Exchange Data International","og_description":"Acceda con la Plataforma de Fondos de Inversi\u00f3n a informaci\u00f3n detallada y actualizada de fondos del Reino Unido, incluyendo distribuciones diarias y acciones corporativas clave.","og_url":"https:\/\/www.exchange-data.com\/es\/producto\/fondoscab\/","og_site_name":"Exchange Data International","article_modified_time":"2026-02-07T05:05:06+00:00","twitter_card":"summary_large_image","twitter_site":"@ExchangeData","twitter_misc":{"Tiempo de lectura":"1 minuto"},"schema":{"@context":"https:\/\/schema.org","@graph":[{"@type":"WebPage","@id":"https:\/\/www.exchange-data.com\/es\/producto\/fondoscab\/","url":"https:\/\/www.exchange-data.com\/es\/producto\/fondoscab\/","name":"Plataforma de Fondos de Inversi\u00f3n | Datos de acciones corporativas y distribuciones de m\u00e1s de 13.700 fondos","isPartOf":{"@id":"https:\/\/www.exchange-data.com\/es\/#website"},"datePublished":"2023-03-22T13:51:37+00:00","dateModified":"2026-02-07T05:05:06+00:00","description":"Acceda con la Plataforma de Fondos de Inversi\u00f3n a informaci\u00f3n detallada y actualizada de fondos del Reino Unido, incluyendo distribuciones diarias y acciones corporativas clave.","breadcrumb":{"@id":"https:\/\/www.exchange-data.com\/es\/producto\/fondoscab\/#breadcrumb"},"inLanguage":"es","potentialAction":[{"@type":"ReadAction","target":["https:\/\/www.exchange-data.com\/es\/producto\/fondoscab\/"]}]},{"@type":"BreadcrumbList","@id":"https:\/\/www.exchange-data.com\/es\/producto\/fondoscab\/#breadcrumb","itemListElement":[{"@type":"ListItem","position":1,"name":"Home","item":"https:\/\/www.exchange-data.com\/es\/inicio\/"},{"@type":"ListItem","position":2,"name":"FundsCAB"}]},{"@type":"WebSite","@id":"https:\/\/www.exchange-data.com\/es\/#website","url":"https:\/\/www.exchange-data.com\/es\/","name":"Exchange Data International","description":"Doing data differently","publisher":{"@id":"https:\/\/www.exchange-data.com\/es\/#organization"},"potentialAction":[{"@type":"SearchAction","target":{"@type":"EntryPoint","urlTemplate":"https:\/\/www.exchange-data.com\/es\/?s={search_term_string}"},"query-input":{"@type":"PropertyValueSpecification","valueRequired":true,"valueName":"search_term_string"}}],"inLanguage":"es"},{"@type":"Organization","@id":"https:\/\/www.exchange-data.com\/es\/#organization","name":"Exchange Data International","url":"https:\/\/www.exchange-data.com\/es\/","logo":{"@type":"ImageObject","inLanguage":"es","@id":"https:\/\/www.exchange-data.com\/es\/#\/schema\/logo\/image\/","url":"https:\/\/www.exchange-data.com\/wp-content\/uploads\/2019\/03\/logo3.png","contentUrl":"https:\/\/www.exchange-data.com\/wp-content\/uploads\/2019\/03\/logo3.png","width":200,"height":80,"caption":"Exchange Data International"},"image":{"@id":"https:\/\/www.exchange-data.com\/es\/#\/schema\/logo\/image\/"},"sameAs":["https:\/\/x.com\/ExchangeData","https:\/\/www.linkedin.com\/company\/exchange-data-international\/?viewAsMember=true","https:\/\/www.youtube.com\/channel\/UC5D1OpUb22YZANRLD_Ktcgg?view_as=subscriber"]}]}},"_links":{"self":[{"href":"https:\/\/www.exchange-data.com\/es\/wp-json\/wp\/v2\/product\/35992","targetHints":{"allow":["GET"]}}],"collection":[{"href":"https:\/\/www.exchange-data.com\/es\/wp-json\/wp\/v2\/product"}],"about":[{"href":"https:\/\/www.exchange-data.com\/es\/wp-json\/wp\/v2\/types\/product"}],"wp:attachment":[{"href":"https:\/\/www.exchange-data.com\/es\/wp-json\/wp\/v2\/media?parent=35992"}],"wp:term":[{"taxonomy":"country","embeddable":true,"href":"https:\/\/www.exchange-data.com\/es\/wp-json\/wp\/v2\/country?post=35992"},{"taxonomy":"product_category","embeddable":true,"href":"https:\/\/www.exchange-data.com\/es\/wp-json\/wp\/v2\/product_category?post=35992"}],"curies":[{"name":"wp","href":"https:\/\/api.w.org\/{rel}","templated":true}]}}