{"id":35993,"date":"2019-01-29T17:40:41","date_gmt":"2019-01-29T16:40:41","guid":{"rendered":"https:\/\/www.exchange-data.com\/product\/nueva-oferta-publica-de-venta-opv\/"},"modified":"2025-10-10T07:02:06","modified_gmt":"2025-10-10T06:02:06","slug":"nueva-oferta-publica-de-venta-opv","status":"publish","type":"product","link":"https:\/\/www.exchange-data.com\/es\/producto\/nueva-oferta-publica-de-venta-opv\/","title":{"rendered":"Ofertas P\u00fablicas Adicionales (FPO)<br>"},"content":{"rendered":"<p align=\"Justify\"><span style=\"font-weight: 400;\">Investigue si una empresa objetivo ha anunciado una Oferta P\u00fablica Adicional, como una emisi\u00f3n secundaria o una nueva colocaci\u00f3n de acciones, y utilice esa informaci\u00f3n para seguir el impacto de la diluci\u00f3n en la participaci\u00f3n accionarial.<\/p>\n<p><\/span><\/p>\n<h4>Los clientes pueden acceder a los anuncios de FPO clasificados en 4 etapas:<\/h4>\n<ul>\n<li><b>Nuevo \u2013<\/b> indica que la FPO ha sido anunciada, pero a\u00fan no ha entrado en vigor.<\/li>\n<li><b>Postergado \u2013 <\/b>indica que la FPO ha sido suspendida temporalmente.<\/li>\n<li><b>Cerrado \u2013 <\/b>indica que la FPO se ha finalizado.<\/li>\n<li><b>Cancelado \u2013<\/b> indica que la FPO ha sido detenida de forma permanente por decisi\u00f3n de la empresa o del organismo regulador.<\/li>\n<\/ul>\n<h4>Acciones en Circulaci\u00f3n<br \/><\/h4>\n<p><span style=\"font-weight: 400;\">Una vez que un evento de FPO entra en vigor, se publica una actualizaci\u00f3n de Acciones en Circulaci\u00f3n para reflejar la cantidad anterior y nueva de valores en circulaci\u00f3n como resultado de la emisi\u00f3n adicional.<\/span><\/p>\n","protected":false},"featured_media":34154,"template":"","country":[2035,1933,2106,2031,2027,2039,1951,1952,1919,1964,2036,1983,1916,1917,1961,1957,1958,2074,2052,2020,2028,2070,2176,2069,2018,1858,2065,1860,2062,1855,1854,1909,2049,1970,2092,2093,1878,1877,1930,2076,1987,1913,1906,2019,1932,1856,2200,1900,2066,1888,1939,1857,1901,1922,2048,2075,1963,1929,1962,2104,2105,1995,2331,2089,1986,1918,2063,1910,1984,1990,1969,1887,2032,1859],"product_category":[3182,3178],"class_list":["post-35993","product","type-product","status-publish","has-post-thumbnail","hentry","product_category-acciones-corporativas","product_category-productos-y-servicios"],"acf":[],"yoast_head":"<!-- This site is optimized with the Yoast SEO Premium plugin v26.0 (Yoast SEO v26.0) - https:\/\/yoast.com\/wordpress\/plugins\/seo\/ -->\n<title>Ofertas P\u00fablicas Adicionales (FPO) | Exchange Data International<\/title>\n<meta name=\"description\" content=\"Monitor FPO announcements in 4 key stages. Assess dilution impact via Shares Outstanding updates from global stock exchanges and news agencies.\" \/>\n<meta name=\"robots\" content=\"index, follow, max-snippet:-1, max-image-preview:large, max-video-preview:-1\" \/>\n<link rel=\"canonical\" href=\"https:\/\/www.exchange-data.com\/es\/producto\/nueva-oferta-publica-de-venta-opv\/\" \/>\n<meta property=\"og:locale\" content=\"es_ES\" \/>\n<meta property=\"og:type\" content=\"article\" \/>\n<meta property=\"og:title\" content=\"Nueva Oferta P\u00fablica de Venta (OPV)\" \/>\n<meta property=\"og:description\" content=\"Investigar si una empresa objetivo ha anunciado una Oferta P\u00fablica de Venta (OPV) adicional, como una oferta secundaria o una colocaci\u00f3n de acciones, y utilizar esa informaci\u00f3n para hacer un seguimiento del impacto de la diluci\u00f3n en el accionariado. El cliente puede acceder a los datos de los anuncios de OPF capturados en 4 etapas; Nuevo - indica que la OPF se ha anunciado pero a\u00fan no es efectiva, Aplazado - indica que la OPF se ha suspendido temporalmente, Cerrado - indica que la OPF ya ha finalizado, Retirado - indica que la OPF se ha detenido definitivamente debido a la decisi\u00f3n de la empresa o del organismo regulador.\" \/>\n<meta property=\"og:url\" content=\"https:\/\/www.exchange-data.com\/es\/producto\/nueva-oferta-publica-de-venta-opv\/\" \/>\n<meta property=\"og:site_name\" content=\"Exchange Data International\" \/>\n<meta property=\"article:modified_time\" content=\"2025-10-10T06:02:06+00:00\" \/>\n<meta property=\"og:image\" content=\"https:\/\/www.exchange-data.com\/wp-content\/uploads\/2015\/09\/EDI-Post-Featured-Image-700x400-1.png\" \/>\n<meta name=\"twitter:card\" content=\"summary_large_image\" \/>\n<meta name=\"twitter:title\" content=\"Nueva Oferta P\u00fablica de Venta (OPV)\" \/>\n<meta name=\"twitter:description\" content=\"Investigar si una empresa objetivo ha anunciado una Oferta P\u00fablica de Venta (OPV) adicional, como una oferta secundaria o una colocaci\u00f3n de acciones, y utilizar esa informaci\u00f3n para hacer un seguimiento del impacto de la diluci\u00f3n en el accionariado. El cliente puede acceder a los datos de los anuncios de OPF capturados en 4 etapas; Nuevo - indica que la OPF se ha anunciado pero a\u00fan no es efectiva, Aplazado - indica que la OPF se ha suspendido temporalmente, Cerrado - indica que la OPF ya ha finalizado, Retirado - indica que la OPF se ha detenido definitivamente debido a la decisi\u00f3n de la empresa o del organismo regulador.\" \/>\n<meta name=\"twitter:image\" content=\"https:\/\/www.exchange-data.com\/wp-content\/uploads\/2015\/09\/EDI-Post-Featured-Image-700x400-1.png\" \/>\n<meta name=\"twitter:site\" content=\"@ExchangeData\" \/>\n<meta name=\"twitter:label1\" content=\"Tiempo de lectura\" \/>\n\t<meta name=\"twitter:data1\" content=\"1 minuto\" \/>\n<script type=\"application\/ld+json\" class=\"yoast-schema-graph\">{\"@context\":\"https:\/\/schema.org\",\"@graph\":[{\"@type\":\"WebPage\",\"@id\":\"https:\/\/www.exchange-data.com\/es\/producto\/nueva-oferta-publica-de-venta-opv\/\",\"url\":\"https:\/\/www.exchange-data.com\/es\/producto\/nueva-oferta-publica-de-venta-opv\/\",\"name\":\"Ofertas P\u00fablicas Adicionales (FPO) | Exchange Data International\",\"isPartOf\":{\"@id\":\"https:\/\/www.exchange-data.com\/es\/#website\"},\"primaryImageOfPage\":{\"@id\":\"https:\/\/www.exchange-data.com\/es\/producto\/nueva-oferta-publica-de-venta-opv\/#primaryimage\"},\"image\":{\"@id\":\"https:\/\/www.exchange-data.com\/es\/producto\/nueva-oferta-publica-de-venta-opv\/#primaryimage\"},\"thumbnailUrl\":\"https:\/\/www.exchange-data.com\/wp-content\/uploads\/2015\/09\/EDI-Post-Featured-Image-700x400-1.png\",\"datePublished\":\"2019-01-29T16:40:41+00:00\",\"dateModified\":\"2025-10-10T06:02:06+00:00\",\"description\":\"Monitor FPO announcements in 4 key stages. Assess dilution impact via Shares Outstanding updates from global stock exchanges and news agencies.\",\"breadcrumb\":{\"@id\":\"https:\/\/www.exchange-data.com\/es\/producto\/nueva-oferta-publica-de-venta-opv\/#breadcrumb\"},\"inLanguage\":\"es\",\"potentialAction\":[{\"@type\":\"ReadAction\",\"target\":[\"https:\/\/www.exchange-data.com\/es\/producto\/nueva-oferta-publica-de-venta-opv\/\"]}]},{\"@type\":\"ImageObject\",\"inLanguage\":\"es\",\"@id\":\"https:\/\/www.exchange-data.com\/es\/producto\/nueva-oferta-publica-de-venta-opv\/#primaryimage\",\"url\":\"https:\/\/www.exchange-data.com\/wp-content\/uploads\/2015\/09\/EDI-Post-Featured-Image-700x400-1.png\",\"contentUrl\":\"https:\/\/www.exchange-data.com\/wp-content\/uploads\/2015\/09\/EDI-Post-Featured-Image-700x400-1.png\",\"width\":700,\"height\":400,\"caption\":\"Exchange Data International\"},{\"@type\":\"BreadcrumbList\",\"@id\":\"https:\/\/www.exchange-data.com\/es\/producto\/nueva-oferta-publica-de-venta-opv\/#breadcrumb\",\"itemListElement\":[{\"@type\":\"ListItem\",\"position\":1,\"name\":\"Home\",\"item\":\"https:\/\/www.exchange-data.com\/es\/inicio\/\"},{\"@type\":\"ListItem\",\"position\":2,\"name\":\"Ofertas P\u00fablicas Adicionales (FPO)\"}]},{\"@type\":\"WebSite\",\"@id\":\"https:\/\/www.exchange-data.com\/es\/#website\",\"url\":\"https:\/\/www.exchange-data.com\/es\/\",\"name\":\"Exchange Data International\",\"description\":\"Doing data differently\",\"publisher\":{\"@id\":\"https:\/\/www.exchange-data.com\/es\/#organization\"},\"potentialAction\":[{\"@type\":\"SearchAction\",\"target\":{\"@type\":\"EntryPoint\",\"urlTemplate\":\"https:\/\/www.exchange-data.com\/es\/?s={search_term_string}\"},\"query-input\":{\"@type\":\"PropertyValueSpecification\",\"valueRequired\":true,\"valueName\":\"search_term_string\"}}],\"inLanguage\":\"es\"},{\"@type\":\"Organization\",\"@id\":\"https:\/\/www.exchange-data.com\/es\/#organization\",\"name\":\"Exchange Data International\",\"url\":\"https:\/\/www.exchange-data.com\/es\/\",\"logo\":{\"@type\":\"ImageObject\",\"inLanguage\":\"es\",\"@id\":\"https:\/\/www.exchange-data.com\/es\/#\/schema\/logo\/image\/\",\"url\":\"https:\/\/www.exchange-data.com\/wp-content\/uploads\/2019\/03\/logo3.png\",\"contentUrl\":\"https:\/\/www.exchange-data.com\/wp-content\/uploads\/2019\/03\/logo3.png\",\"width\":200,\"height\":80,\"caption\":\"Exchange Data International\"},\"image\":{\"@id\":\"https:\/\/www.exchange-data.com\/es\/#\/schema\/logo\/image\/\"},\"sameAs\":[\"https:\/\/x.com\/ExchangeData\",\"https:\/\/www.linkedin.com\/company\/exchange-data-international\/?viewAsMember=true\",\"https:\/\/www.youtube.com\/channel\/UC5D1OpUb22YZANRLD_Ktcgg?view_as=subscriber\"]}]}<\/script>\n<!-- \/ Yoast SEO Premium plugin. -->","yoast_head_json":{"title":"Ofertas P\u00fablicas Adicionales (FPO) | Exchange Data International","description":"Monitor FPO announcements in 4 key stages. Assess dilution impact via Shares Outstanding updates from global stock exchanges and news agencies.","robots":{"index":"index","follow":"follow","max-snippet":"max-snippet:-1","max-image-preview":"max-image-preview:large","max-video-preview":"max-video-preview:-1"},"canonical":"https:\/\/www.exchange-data.com\/es\/producto\/nueva-oferta-publica-de-venta-opv\/","og_locale":"es_ES","og_type":"article","og_title":"Nueva Oferta P\u00fablica de Venta (OPV)","og_description":"Investigar si una empresa objetivo ha anunciado una Oferta P\u00fablica de Venta (OPV) adicional, como una oferta secundaria o una colocaci\u00f3n de acciones, y utilizar esa informaci\u00f3n para hacer un seguimiento del impacto de la diluci\u00f3n en el accionariado. El cliente puede acceder a los datos de los anuncios de OPF capturados en 4 etapas; Nuevo - indica que la OPF se ha anunciado pero a\u00fan no es efectiva, Aplazado - indica que la OPF se ha suspendido temporalmente, Cerrado - indica que la OPF ya ha finalizado, Retirado - indica que la OPF se ha detenido definitivamente debido a la decisi\u00f3n de la empresa o del organismo regulador.","og_url":"https:\/\/www.exchange-data.com\/es\/producto\/nueva-oferta-publica-de-venta-opv\/","og_site_name":"Exchange Data International","article_modified_time":"2025-10-10T06:02:06+00:00","og_image":[{"url":"https:\/\/www.exchange-data.com\/wp-content\/uploads\/2015\/09\/EDI-Post-Featured-Image-700x400-1.png","type":"","width":"","height":""}],"twitter_card":"summary_large_image","twitter_title":"Nueva Oferta P\u00fablica de Venta (OPV)","twitter_description":"Investigar si una empresa objetivo ha anunciado una Oferta P\u00fablica de Venta (OPV) adicional, como una oferta secundaria o una colocaci\u00f3n de acciones, y utilizar esa informaci\u00f3n para hacer un seguimiento del impacto de la diluci\u00f3n en el accionariado. El cliente puede acceder a los datos de los anuncios de OPF capturados en 4 etapas; Nuevo - indica que la OPF se ha anunciado pero a\u00fan no es efectiva, Aplazado - indica que la OPF se ha suspendido temporalmente, Cerrado - indica que la OPF ya ha finalizado, Retirado - indica que la OPF se ha detenido definitivamente debido a la decisi\u00f3n de la empresa o del organismo regulador.","twitter_image":"https:\/\/www.exchange-data.com\/wp-content\/uploads\/2015\/09\/EDI-Post-Featured-Image-700x400-1.png","twitter_site":"@ExchangeData","twitter_misc":{"Tiempo de lectura":"1 minuto"},"schema":{"@context":"https:\/\/schema.org","@graph":[{"@type":"WebPage","@id":"https:\/\/www.exchange-data.com\/es\/producto\/nueva-oferta-publica-de-venta-opv\/","url":"https:\/\/www.exchange-data.com\/es\/producto\/nueva-oferta-publica-de-venta-opv\/","name":"Ofertas P\u00fablicas Adicionales (FPO) | Exchange Data International","isPartOf":{"@id":"https:\/\/www.exchange-data.com\/es\/#website"},"primaryImageOfPage":{"@id":"https:\/\/www.exchange-data.com\/es\/producto\/nueva-oferta-publica-de-venta-opv\/#primaryimage"},"image":{"@id":"https:\/\/www.exchange-data.com\/es\/producto\/nueva-oferta-publica-de-venta-opv\/#primaryimage"},"thumbnailUrl":"https:\/\/www.exchange-data.com\/wp-content\/uploads\/2015\/09\/EDI-Post-Featured-Image-700x400-1.png","datePublished":"2019-01-29T16:40:41+00:00","dateModified":"2025-10-10T06:02:06+00:00","description":"Monitor FPO announcements in 4 key stages. Assess dilution impact via Shares Outstanding updates from global stock exchanges and news agencies.","breadcrumb":{"@id":"https:\/\/www.exchange-data.com\/es\/producto\/nueva-oferta-publica-de-venta-opv\/#breadcrumb"},"inLanguage":"es","potentialAction":[{"@type":"ReadAction","target":["https:\/\/www.exchange-data.com\/es\/producto\/nueva-oferta-publica-de-venta-opv\/"]}]},{"@type":"ImageObject","inLanguage":"es","@id":"https:\/\/www.exchange-data.com\/es\/producto\/nueva-oferta-publica-de-venta-opv\/#primaryimage","url":"https:\/\/www.exchange-data.com\/wp-content\/uploads\/2015\/09\/EDI-Post-Featured-Image-700x400-1.png","contentUrl":"https:\/\/www.exchange-data.com\/wp-content\/uploads\/2015\/09\/EDI-Post-Featured-Image-700x400-1.png","width":700,"height":400,"caption":"Exchange Data International"},{"@type":"BreadcrumbList","@id":"https:\/\/www.exchange-data.com\/es\/producto\/nueva-oferta-publica-de-venta-opv\/#breadcrumb","itemListElement":[{"@type":"ListItem","position":1,"name":"Home","item":"https:\/\/www.exchange-data.com\/es\/inicio\/"},{"@type":"ListItem","position":2,"name":"Ofertas P\u00fablicas Adicionales (FPO)"}]},{"@type":"WebSite","@id":"https:\/\/www.exchange-data.com\/es\/#website","url":"https:\/\/www.exchange-data.com\/es\/","name":"Exchange Data International","description":"Doing data differently","publisher":{"@id":"https:\/\/www.exchange-data.com\/es\/#organization"},"potentialAction":[{"@type":"SearchAction","target":{"@type":"EntryPoint","urlTemplate":"https:\/\/www.exchange-data.com\/es\/?s={search_term_string}"},"query-input":{"@type":"PropertyValueSpecification","valueRequired":true,"valueName":"search_term_string"}}],"inLanguage":"es"},{"@type":"Organization","@id":"https:\/\/www.exchange-data.com\/es\/#organization","name":"Exchange Data International","url":"https:\/\/www.exchange-data.com\/es\/","logo":{"@type":"ImageObject","inLanguage":"es","@id":"https:\/\/www.exchange-data.com\/es\/#\/schema\/logo\/image\/","url":"https:\/\/www.exchange-data.com\/wp-content\/uploads\/2019\/03\/logo3.png","contentUrl":"https:\/\/www.exchange-data.com\/wp-content\/uploads\/2019\/03\/logo3.png","width":200,"height":80,"caption":"Exchange Data International"},"image":{"@id":"https:\/\/www.exchange-data.com\/es\/#\/schema\/logo\/image\/"},"sameAs":["https:\/\/x.com\/ExchangeData","https:\/\/www.linkedin.com\/company\/exchange-data-international\/?viewAsMember=true","https:\/\/www.youtube.com\/channel\/UC5D1OpUb22YZANRLD_Ktcgg?view_as=subscriber"]}]}},"_links":{"self":[{"href":"https:\/\/www.exchange-data.com\/es\/wp-json\/wp\/v2\/product\/35993","targetHints":{"allow":["GET"]}}],"collection":[{"href":"https:\/\/www.exchange-data.com\/es\/wp-json\/wp\/v2\/product"}],"about":[{"href":"https:\/\/www.exchange-data.com\/es\/wp-json\/wp\/v2\/types\/product"}],"wp:featuredmedia":[{"embeddable":true,"href":"https:\/\/www.exchange-data.com\/es\/wp-json\/wp\/v2\/media\/34154"}],"wp:attachment":[{"href":"https:\/\/www.exchange-data.com\/es\/wp-json\/wp\/v2\/media?parent=35993"}],"wp:term":[{"taxonomy":"country","embeddable":true,"href":"https:\/\/www.exchange-data.com\/es\/wp-json\/wp\/v2\/country?post=35993"},{"taxonomy":"product_category","embeddable":true,"href":"https:\/\/www.exchange-data.com\/es\/wp-json\/wp\/v2\/product_category?post=35993"}],"curies":[{"name":"wp","href":"https:\/\/api.w.org\/{rel}","templated":true}]}}