{"id":35994,"date":"2019-01-29T17:44:50","date_gmt":"2019-01-29T16:44:50","guid":{"rendered":"https:\/\/www.exchange-data.com\/product\/especificaciones-de-los-contratos-de-futuros-y-opciones\/"},"modified":"2025-12-19T06:54:21","modified_gmt":"2025-12-19T05:54:21","slug":"especificaciones-de-los-contratos-de-futuros-y-opciones","status":"publish","type":"product","link":"https:\/\/www.exchange-data.com\/es\/producto\/especificaciones-de-los-contratos-de-futuros-y-opciones\/","title":{"rendered":"Especificaciones de Contratos de Futuros y Opciones"},"content":{"rendered":"<p><span style=\"font-weight: 400;\">EDI proporciona informaci\u00f3n estructurada sobre las especificaciones contractuales de futuros y opciones, conforme a los criterios establecidos por cada mercado. La cobertura abarca m\u00e1s de 70 mercados globales.<\/span><\/p>\n<p><span style=\"font-weight: 400;\">El servicio incluye un archivo diario por mercado, junto con una notificaci\u00f3n diaria que detalla los cambios previstos seg\u00fan lo publicado oficialmente por cada bolsa. Este archivo de notificaci\u00f3n contiene: C\u00f3digo MIC,<br \/>Fecha de entrada en vigor, Contenido completo del aviso regulatorio, Las modificaciones se aplican puntualmente sobre los contratos de opciones en la fecha indicada, garantizando que los usuarios dispongan siempre de informaci\u00f3n actualizada y precisa sobre los t\u00e9rminos de negociaci\u00f3n, condiciones contractuales y par\u00e1metros operativos en cada mercado.  <\/span><\/p>\n<p>&nbsp;<\/p>\n","protected":false},"featured_media":34154,"template":"","country":[],"product_category":[3183,3178],"class_list":["post-35994","product","type-product","status-publish","has-post-thumbnail","hentry","product_category-datos-sobre-derivados-e-intereses-en-corto-productos-y-servicios","product_category-productos-y-servicios"],"acf":[],"yoast_head":"<!-- This site is optimized with the Yoast SEO Premium plugin v26.0 (Yoast SEO v26.0) - https:\/\/yoast.com\/wordpress\/plugins\/seo\/ -->\n<title>Datos de Especificaciones de Contratos de Opciones y Futuros<\/title>\n<meta name=\"description\" content=\"Acceda a especificaciones de contratos de opciones con notificaciones diarias de cambios, para m\u00e1s de 70 mercados y conforme a los datos oficiales de cada bolsa.\" \/>\n<meta name=\"robots\" content=\"index, follow, max-snippet:-1, max-image-preview:large, max-video-preview:-1\" \/>\n<link rel=\"canonical\" href=\"https:\/\/www.exchange-data.com\/es\/producto\/especificaciones-de-los-contratos-de-futuros-y-opciones\/\" \/>\n<meta property=\"og:locale\" content=\"es_ES\" \/>\n<meta property=\"og:type\" content=\"article\" \/>\n<meta property=\"og:title\" content=\"Base de datos de especificaciones de contratos de derivados\" \/>\n<meta property=\"og:description\" content=\"El servicio incluye un archivo diario por mercado, junto con una notificaci\u00f3n diaria que detalla los cambios previstos seg\u00fan lo publicado oficialmente por cada bolsa. Este archivo de notificaci\u00f3n contiene: C\u00f3digo MIC,Fecha de entrada en vigor, Contenido completo del aviso regulatorio, Las modificaciones se aplican puntualmente sobre los contratos de opciones en la fecha indicada, garantizando que los usuarios dispongan siempre de informaci\u00f3n actualizada y precisa sobre los t\u00e9rminos de negociaci\u00f3n, condiciones contractuales y par\u00e1metros operativos en cada mercado.\" \/>\n<meta property=\"og:url\" content=\"https:\/\/www.exchange-data.com\/es\/producto\/especificaciones-de-los-contratos-de-futuros-y-opciones\/\" \/>\n<meta property=\"og:site_name\" content=\"Exchange Data International\" \/>\n<meta property=\"article:modified_time\" content=\"2025-12-19T05:54:21+00:00\" \/>\n<meta property=\"og:image\" content=\"https:\/\/www.exchange-data.com\/wp-content\/uploads\/2015\/09\/EDI-Post-Featured-Image-700x400-1.png\" \/>\n<meta name=\"twitter:card\" content=\"summary_large_image\" \/>\n<meta name=\"twitter:title\" content=\"Base de datos de especificaciones de contratos de derivados\" \/>\n<meta name=\"twitter:description\" content=\"El servicio incluye un archivo diario por mercado, junto con una notificaci\u00f3n diaria que detalla los cambios previstos seg\u00fan lo publicado oficialmente por cada bolsa. Este archivo de notificaci\u00f3n contiene: C\u00f3digo MIC,Fecha de entrada en vigor, Contenido completo del aviso regulatorio, Las modificaciones se aplican puntualmente sobre los contratos de opciones en la fecha indicada, garantizando que los usuarios dispongan siempre de informaci\u00f3n actualizada y precisa sobre los t\u00e9rminos de negociaci\u00f3n, condiciones contractuales y par\u00e1metros operativos en cada mercado.\" \/>\n<meta name=\"twitter:image\" content=\"https:\/\/www.exchange-data.com\/wp-content\/uploads\/2015\/09\/EDI-Post-Featured-Image-700x400-1.png\" \/>\n<meta name=\"twitter:site\" content=\"@ExchangeData\" \/>\n<meta name=\"twitter:label1\" content=\"Tiempo de lectura\" \/>\n\t<meta name=\"twitter:data1\" content=\"1 minuto\" \/>\n<script type=\"application\/ld+json\" class=\"yoast-schema-graph\">{\"@context\":\"https:\/\/schema.org\",\"@graph\":[{\"@type\":\"WebPage\",\"@id\":\"https:\/\/www.exchange-data.com\/es\/producto\/especificaciones-de-los-contratos-de-futuros-y-opciones\/\",\"url\":\"https:\/\/www.exchange-data.com\/es\/producto\/especificaciones-de-los-contratos-de-futuros-y-opciones\/\",\"name\":\"Datos de Especificaciones de Contratos de Opciones y Futuros\",\"isPartOf\":{\"@id\":\"https:\/\/www.exchange-data.com\/es\/#website\"},\"primaryImageOfPage\":{\"@id\":\"https:\/\/www.exchange-data.com\/es\/producto\/especificaciones-de-los-contratos-de-futuros-y-opciones\/#primaryimage\"},\"image\":{\"@id\":\"https:\/\/www.exchange-data.com\/es\/producto\/especificaciones-de-los-contratos-de-futuros-y-opciones\/#primaryimage\"},\"thumbnailUrl\":\"https:\/\/www.exchange-data.com\/wp-content\/uploads\/2015\/09\/EDI-Post-Featured-Image-700x400-1.png\",\"datePublished\":\"2019-01-29T16:44:50+00:00\",\"dateModified\":\"2025-12-19T05:54:21+00:00\",\"description\":\"Acceda a especificaciones de contratos de opciones con notificaciones diarias de cambios, para m\u00e1s de 70 mercados y conforme a los datos oficiales de cada bolsa.\",\"breadcrumb\":{\"@id\":\"https:\/\/www.exchange-data.com\/es\/producto\/especificaciones-de-los-contratos-de-futuros-y-opciones\/#breadcrumb\"},\"inLanguage\":\"es\",\"potentialAction\":[{\"@type\":\"ReadAction\",\"target\":[\"https:\/\/www.exchange-data.com\/es\/producto\/especificaciones-de-los-contratos-de-futuros-y-opciones\/\"]}]},{\"@type\":\"ImageObject\",\"inLanguage\":\"es\",\"@id\":\"https:\/\/www.exchange-data.com\/es\/producto\/especificaciones-de-los-contratos-de-futuros-y-opciones\/#primaryimage\",\"url\":\"https:\/\/www.exchange-data.com\/wp-content\/uploads\/2015\/09\/EDI-Post-Featured-Image-700x400-1.png\",\"contentUrl\":\"https:\/\/www.exchange-data.com\/wp-content\/uploads\/2015\/09\/EDI-Post-Featured-Image-700x400-1.png\",\"width\":700,\"height\":400,\"caption\":\"Exchange Data International\"},{\"@type\":\"BreadcrumbList\",\"@id\":\"https:\/\/www.exchange-data.com\/es\/producto\/especificaciones-de-los-contratos-de-futuros-y-opciones\/#breadcrumb\",\"itemListElement\":[{\"@type\":\"ListItem\",\"position\":1,\"name\":\"Home\",\"item\":\"https:\/\/www.exchange-data.com\/es\/inicio\/\"},{\"@type\":\"ListItem\",\"position\":2,\"name\":\"Especificaciones de Contratos de Futuros y Opciones\"}]},{\"@type\":\"WebSite\",\"@id\":\"https:\/\/www.exchange-data.com\/es\/#website\",\"url\":\"https:\/\/www.exchange-data.com\/es\/\",\"name\":\"Exchange Data International\",\"description\":\"Doing data differently\",\"publisher\":{\"@id\":\"https:\/\/www.exchange-data.com\/es\/#organization\"},\"potentialAction\":[{\"@type\":\"SearchAction\",\"target\":{\"@type\":\"EntryPoint\",\"urlTemplate\":\"https:\/\/www.exchange-data.com\/es\/?s={search_term_string}\"},\"query-input\":{\"@type\":\"PropertyValueSpecification\",\"valueRequired\":true,\"valueName\":\"search_term_string\"}}],\"inLanguage\":\"es\"},{\"@type\":\"Organization\",\"@id\":\"https:\/\/www.exchange-data.com\/es\/#organization\",\"name\":\"Exchange Data International\",\"url\":\"https:\/\/www.exchange-data.com\/es\/\",\"logo\":{\"@type\":\"ImageObject\",\"inLanguage\":\"es\",\"@id\":\"https:\/\/www.exchange-data.com\/es\/#\/schema\/logo\/image\/\",\"url\":\"https:\/\/www.exchange-data.com\/wp-content\/uploads\/2019\/03\/logo3.png\",\"contentUrl\":\"https:\/\/www.exchange-data.com\/wp-content\/uploads\/2019\/03\/logo3.png\",\"width\":200,\"height\":80,\"caption\":\"Exchange Data International\"},\"image\":{\"@id\":\"https:\/\/www.exchange-data.com\/es\/#\/schema\/logo\/image\/\"},\"sameAs\":[\"https:\/\/x.com\/ExchangeData\",\"https:\/\/www.linkedin.com\/company\/exchange-data-international\/?viewAsMember=true\",\"https:\/\/www.youtube.com\/channel\/UC5D1OpUb22YZANRLD_Ktcgg?view_as=subscriber\"]}]}<\/script>\n<!-- \/ Yoast SEO Premium plugin. -->","yoast_head_json":{"title":"Datos de Especificaciones de Contratos de Opciones y Futuros","description":"Acceda a especificaciones de contratos de opciones con notificaciones diarias de cambios, para m\u00e1s de 70 mercados y conforme a los datos oficiales de cada bolsa.","robots":{"index":"index","follow":"follow","max-snippet":"max-snippet:-1","max-image-preview":"max-image-preview:large","max-video-preview":"max-video-preview:-1"},"canonical":"https:\/\/www.exchange-data.com\/es\/producto\/especificaciones-de-los-contratos-de-futuros-y-opciones\/","og_locale":"es_ES","og_type":"article","og_title":"Base de datos de especificaciones de contratos de derivados","og_description":"El servicio incluye un archivo diario por mercado, junto con una notificaci\u00f3n diaria que detalla los cambios previstos seg\u00fan lo publicado oficialmente por cada bolsa. Este archivo de notificaci\u00f3n contiene: C\u00f3digo MIC,Fecha de entrada en vigor, Contenido completo del aviso regulatorio, Las modificaciones se aplican puntualmente sobre los contratos de opciones en la fecha indicada, garantizando que los usuarios dispongan siempre de informaci\u00f3n actualizada y precisa sobre los t\u00e9rminos de negociaci\u00f3n, condiciones contractuales y par\u00e1metros operativos en cada mercado.","og_url":"https:\/\/www.exchange-data.com\/es\/producto\/especificaciones-de-los-contratos-de-futuros-y-opciones\/","og_site_name":"Exchange Data International","article_modified_time":"2025-12-19T05:54:21+00:00","og_image":[{"url":"https:\/\/www.exchange-data.com\/wp-content\/uploads\/2015\/09\/EDI-Post-Featured-Image-700x400-1.png","type":"","width":"","height":""}],"twitter_card":"summary_large_image","twitter_title":"Base de datos de especificaciones de contratos de derivados","twitter_description":"El servicio incluye un archivo diario por mercado, junto con una notificaci\u00f3n diaria que detalla los cambios previstos seg\u00fan lo publicado oficialmente por cada bolsa. Este archivo de notificaci\u00f3n contiene: C\u00f3digo MIC,Fecha de entrada en vigor, Contenido completo del aviso regulatorio, Las modificaciones se aplican puntualmente sobre los contratos de opciones en la fecha indicada, garantizando que los usuarios dispongan siempre de informaci\u00f3n actualizada y precisa sobre los t\u00e9rminos de negociaci\u00f3n, condiciones contractuales y par\u00e1metros operativos en cada mercado.","twitter_image":"https:\/\/www.exchange-data.com\/wp-content\/uploads\/2015\/09\/EDI-Post-Featured-Image-700x400-1.png","twitter_site":"@ExchangeData","twitter_misc":{"Tiempo de lectura":"1 minuto"},"schema":{"@context":"https:\/\/schema.org","@graph":[{"@type":"WebPage","@id":"https:\/\/www.exchange-data.com\/es\/producto\/especificaciones-de-los-contratos-de-futuros-y-opciones\/","url":"https:\/\/www.exchange-data.com\/es\/producto\/especificaciones-de-los-contratos-de-futuros-y-opciones\/","name":"Datos de Especificaciones de Contratos de Opciones y Futuros","isPartOf":{"@id":"https:\/\/www.exchange-data.com\/es\/#website"},"primaryImageOfPage":{"@id":"https:\/\/www.exchange-data.com\/es\/producto\/especificaciones-de-los-contratos-de-futuros-y-opciones\/#primaryimage"},"image":{"@id":"https:\/\/www.exchange-data.com\/es\/producto\/especificaciones-de-los-contratos-de-futuros-y-opciones\/#primaryimage"},"thumbnailUrl":"https:\/\/www.exchange-data.com\/wp-content\/uploads\/2015\/09\/EDI-Post-Featured-Image-700x400-1.png","datePublished":"2019-01-29T16:44:50+00:00","dateModified":"2025-12-19T05:54:21+00:00","description":"Acceda a especificaciones de contratos de opciones con notificaciones diarias de cambios, para m\u00e1s de 70 mercados y conforme a los datos oficiales de cada bolsa.","breadcrumb":{"@id":"https:\/\/www.exchange-data.com\/es\/producto\/especificaciones-de-los-contratos-de-futuros-y-opciones\/#breadcrumb"},"inLanguage":"es","potentialAction":[{"@type":"ReadAction","target":["https:\/\/www.exchange-data.com\/es\/producto\/especificaciones-de-los-contratos-de-futuros-y-opciones\/"]}]},{"@type":"ImageObject","inLanguage":"es","@id":"https:\/\/www.exchange-data.com\/es\/producto\/especificaciones-de-los-contratos-de-futuros-y-opciones\/#primaryimage","url":"https:\/\/www.exchange-data.com\/wp-content\/uploads\/2015\/09\/EDI-Post-Featured-Image-700x400-1.png","contentUrl":"https:\/\/www.exchange-data.com\/wp-content\/uploads\/2015\/09\/EDI-Post-Featured-Image-700x400-1.png","width":700,"height":400,"caption":"Exchange Data International"},{"@type":"BreadcrumbList","@id":"https:\/\/www.exchange-data.com\/es\/producto\/especificaciones-de-los-contratos-de-futuros-y-opciones\/#breadcrumb","itemListElement":[{"@type":"ListItem","position":1,"name":"Home","item":"https:\/\/www.exchange-data.com\/es\/inicio\/"},{"@type":"ListItem","position":2,"name":"Especificaciones de Contratos de Futuros y Opciones"}]},{"@type":"WebSite","@id":"https:\/\/www.exchange-data.com\/es\/#website","url":"https:\/\/www.exchange-data.com\/es\/","name":"Exchange Data International","description":"Doing data differently","publisher":{"@id":"https:\/\/www.exchange-data.com\/es\/#organization"},"potentialAction":[{"@type":"SearchAction","target":{"@type":"EntryPoint","urlTemplate":"https:\/\/www.exchange-data.com\/es\/?s={search_term_string}"},"query-input":{"@type":"PropertyValueSpecification","valueRequired":true,"valueName":"search_term_string"}}],"inLanguage":"es"},{"@type":"Organization","@id":"https:\/\/www.exchange-data.com\/es\/#organization","name":"Exchange Data International","url":"https:\/\/www.exchange-data.com\/es\/","logo":{"@type":"ImageObject","inLanguage":"es","@id":"https:\/\/www.exchange-data.com\/es\/#\/schema\/logo\/image\/","url":"https:\/\/www.exchange-data.com\/wp-content\/uploads\/2019\/03\/logo3.png","contentUrl":"https:\/\/www.exchange-data.com\/wp-content\/uploads\/2019\/03\/logo3.png","width":200,"height":80,"caption":"Exchange Data International"},"image":{"@id":"https:\/\/www.exchange-data.com\/es\/#\/schema\/logo\/image\/"},"sameAs":["https:\/\/x.com\/ExchangeData","https:\/\/www.linkedin.com\/company\/exchange-data-international\/?viewAsMember=true","https:\/\/www.youtube.com\/channel\/UC5D1OpUb22YZANRLD_Ktcgg?view_as=subscriber"]}]}},"_links":{"self":[{"href":"https:\/\/www.exchange-data.com\/es\/wp-json\/wp\/v2\/product\/35994","targetHints":{"allow":["GET"]}}],"collection":[{"href":"https:\/\/www.exchange-data.com\/es\/wp-json\/wp\/v2\/product"}],"about":[{"href":"https:\/\/www.exchange-data.com\/es\/wp-json\/wp\/v2\/types\/product"}],"wp:featuredmedia":[{"embeddable":true,"href":"https:\/\/www.exchange-data.com\/es\/wp-json\/wp\/v2\/media\/34154"}],"wp:attachment":[{"href":"https:\/\/www.exchange-data.com\/es\/wp-json\/wp\/v2\/media?parent=35994"}],"wp:term":[{"taxonomy":"country","embeddable":true,"href":"https:\/\/www.exchange-data.com\/es\/wp-json\/wp\/v2\/country?post=35994"},{"taxonomy":"product_category","embeddable":true,"href":"https:\/\/www.exchange-data.com\/es\/wp-json\/wp\/v2\/product_category?post=35994"}],"curies":[{"name":"wp","href":"https:\/\/api.w.org\/{rel}","templated":true}]}}