{"id":35995,"date":"2023-01-04T15:41:49","date_gmt":"2023-01-04T14:41:49","guid":{"rendered":"https:\/\/www.exchange-data.com\/product\/prevision-de-riesgos-geopoliticos\/"},"modified":"2025-10-03T12:40:40","modified_gmt":"2025-10-03T11:40:40","slug":"prevision-de-riesgos-geopoliticos","status":"publish","type":"product","link":"https:\/\/www.exchange-data.com\/es\/producto\/prevision-de-riesgos-geopoliticos\/","title":{"rendered":"Pron\u00f3stico de Riesgo Geopol\u00edtico"},"content":{"rendered":"<p>&nbsp;<\/p>\n<h2>El ICRG es un sistema de alerta temprana probado<\/h2>\n<p>&nbsp;<\/p>\n<p><span style=\"font-weight: 400;\">El International Country Risk Guide (ICRG) es la fuente m\u00e1s reconocida y predictiva en el \u00e1mbito del riesgo geopol\u00edtico. Su cobertura abarca m\u00e1s de 141 mercados, incluyendo econom\u00edas desarrolladas, emergentes, fronterizas y centros financieros offshore. <\/span><\/p>\n<p><span style=\"font-weight: 400;\">Este conjunto de datos utiliza m\u00e9tricas ponderadas para evaluar, puntuar y clasificar pa\u00edses seg\u00fan su riesgo pol\u00edtico, econ\u00f3mico y financiero. La puntuaci\u00f3n compuesta se basa en un an\u00e1lisis comparativo de 32 categor\u00edas de riesgo evaluadas por pa\u00eds. <\/span><\/p>\n<p><span style=\"font-weight: 400;\">La metodolog\u00eda del ICRG combina variables pol\u00edticas y financieras como:Crecimiento del PIB real Inflaci\u00f3n, Saldos fiscales, Deuda externa, Liquidez, Estabilidad monetaria.<\/span><\/p>\n<p>&nbsp;<\/p>\n<h3>Caracter\u00edsticas principales:<\/h3>\n<p>&nbsp;<\/p>\n<ul>\n<li><span style=\"font-weight: 400;\">Datos hist\u00f3ricos de riesgo desde 1984 hasta la actualidad<\/span><\/li>\n<li><span style=\"font-weight: 400;\">Cobertura de 141 pa\u00edses<\/span><\/li>\n<li><span style=\"font-weight: 400;\">Actualizaciones mensuales<\/span><\/li>\n<li><span style=\"font-weight: 400;\">Alta capacidad predictiva sobre eventos de riesgo futuros<\/span><\/li>\n<li><span style=\"font-weight: 400;\">Validaci\u00f3n independiente mediante back-testing<\/span><\/li>\n<li><span style=\"font-weight: 400;\">Escenarios estad\u00edsticos proyectados a cinco a\u00f1os<\/span><\/li>\n<li><span style=\"font-weight: 400;\">M\u00e1s de dos millones de puntos de datos (con 100.000 a\u00f1adidos anualmente)<\/span><\/li>\n<li><span style=\"font-weight: 400;\">Informaci\u00f3n \u00fatil para estrategias de trading<\/span><\/li>\n<li><span style=\"font-weight: 400;\">Asignaci\u00f3n de exposici\u00f3n por pa\u00eds seg\u00fan rentabilidad de mercados burs\u00e1tiles<\/span><\/li>\n<li><span style=\"font-weight: 400;\">Indicadores de corrupci\u00f3n de Transparency International<\/span><\/li>\n<\/ul>\n<p><span style=\"font-weight: 400;\">Contenido del Producto: El servicio incluye actualizaciones mensuales con an\u00e1lisis de riesgo y calificaciones espec\u00edficas por pa\u00eds. Las tablas estad\u00edsticas del ICRG asignan valores a m\u00e1s de 30 indicadores que sustentan el modelo de riesgo de PRS, cuantificando amenazas como: Depreciaci\u00f3n de divisa , Liderazgo pol\u00edtico , Riesgo militar , Corrupci\u00f3n. <\/span><\/p>\n<p>&nbsp;<\/p>\n<h4>Puntos de datos:<\/h4>\n<p>&nbsp;<\/p>\n<p><span style=\"font-weight: 400;\">M\u00e1s de 2 millones de puntos de riesgo acumulados, con 100.000 nuevos registros a\u00f1adidos cada a\u00f1o.<\/span><\/p>\n","protected":false},"featured_media":0,"template":"","country":[],"product_category":[3185,3178],"class_list":["post-35995","product","type-product","status-publish","hentry","product_category-datos-economicos","product_category-productos-y-servicios","no-post-thumbnail"],"acf":[],"yoast_head":"<!-- This site is optimized with the Yoast SEO Premium plugin v26.0 (Yoast SEO v26.0) - https:\/\/yoast.com\/wordpress\/plugins\/seo\/ -->\n<title>Pron\u00f3stico de Riesgo Geopol\u00edtico | Exchange Data International<\/title>\n<meta name=\"description\" content=\"Accede al Pron\u00f3stico de Riesgo Geo-Pol\u00edtico con ICRG: m\u00e1s de 2 millones de puntos de datos, cobertura para 141 pa\u00edses y an\u00e1lisis mensual de riesgos pol\u00edticos, econ\u00f3micos y financieros.\" \/>\n<meta name=\"robots\" content=\"index, follow, max-snippet:-1, max-image-preview:large, max-video-preview:-1\" \/>\n<link rel=\"canonical\" href=\"https:\/\/www.exchange-data.com\/es\/producto\/prevision-de-riesgos-geopoliticos\/\" \/>\n<meta property=\"og:locale\" content=\"es_ES\" \/>\n<meta property=\"og:type\" content=\"article\" \/>\n<meta property=\"og:title\" content=\"Pron\u00f3stico de Riesgo Geopol\u00edtico | Exchange Data International\" \/>\n<meta property=\"og:description\" content=\"Accede al Pron\u00f3stico de Riesgo Geo-Pol\u00edtico con ICRG: m\u00e1s de 2 millones de puntos de datos, cobertura para 141 pa\u00edses y an\u00e1lisis mensual de riesgos pol\u00edticos, econ\u00f3micos y financieros.\" \/>\n<meta property=\"og:url\" content=\"https:\/\/www.exchange-data.com\/es\/producto\/prevision-de-riesgos-geopoliticos\/\" \/>\n<meta property=\"og:site_name\" content=\"Exchange Data International\" \/>\n<meta property=\"article:modified_time\" content=\"2025-10-03T11:40:40+00:00\" \/>\n<meta name=\"twitter:card\" content=\"summary_large_image\" \/>\n<meta name=\"twitter:site\" content=\"@ExchangeData\" \/>\n<meta name=\"twitter:label1\" content=\"Tiempo de lectura\" \/>\n\t<meta name=\"twitter:data1\" content=\"1 minuto\" \/>\n<script type=\"application\/ld+json\" class=\"yoast-schema-graph\">{\"@context\":\"https:\/\/schema.org\",\"@graph\":[{\"@type\":\"WebPage\",\"@id\":\"https:\/\/www.exchange-data.com\/es\/producto\/prevision-de-riesgos-geopoliticos\/\",\"url\":\"https:\/\/www.exchange-data.com\/es\/producto\/prevision-de-riesgos-geopoliticos\/\",\"name\":\"Pron\u00f3stico de Riesgo Geopol\u00edtico | Exchange Data International\",\"isPartOf\":{\"@id\":\"https:\/\/www.exchange-data.com\/es\/#website\"},\"datePublished\":\"2023-01-04T14:41:49+00:00\",\"dateModified\":\"2025-10-03T11:40:40+00:00\",\"description\":\"Accede al Pron\u00f3stico de Riesgo Geo-Pol\u00edtico con ICRG: m\u00e1s de 2 millones de puntos de datos, cobertura para 141 pa\u00edses y an\u00e1lisis mensual de riesgos pol\u00edticos, econ\u00f3micos y financieros.\",\"breadcrumb\":{\"@id\":\"https:\/\/www.exchange-data.com\/es\/producto\/prevision-de-riesgos-geopoliticos\/#breadcrumb\"},\"inLanguage\":\"es\",\"potentialAction\":[{\"@type\":\"ReadAction\",\"target\":[\"https:\/\/www.exchange-data.com\/es\/producto\/prevision-de-riesgos-geopoliticos\/\"]}]},{\"@type\":\"BreadcrumbList\",\"@id\":\"https:\/\/www.exchange-data.com\/es\/producto\/prevision-de-riesgos-geopoliticos\/#breadcrumb\",\"itemListElement\":[{\"@type\":\"ListItem\",\"position\":1,\"name\":\"Home\",\"item\":\"https:\/\/www.exchange-data.com\/es\/inicio\/\"},{\"@type\":\"ListItem\",\"position\":2,\"name\":\"Pron\u00f3stico de Riesgo Geopol\u00edtico\"}]},{\"@type\":\"WebSite\",\"@id\":\"https:\/\/www.exchange-data.com\/es\/#website\",\"url\":\"https:\/\/www.exchange-data.com\/es\/\",\"name\":\"Exchange Data International\",\"description\":\"Doing data differently\",\"publisher\":{\"@id\":\"https:\/\/www.exchange-data.com\/es\/#organization\"},\"potentialAction\":[{\"@type\":\"SearchAction\",\"target\":{\"@type\":\"EntryPoint\",\"urlTemplate\":\"https:\/\/www.exchange-data.com\/es\/?s={search_term_string}\"},\"query-input\":{\"@type\":\"PropertyValueSpecification\",\"valueRequired\":true,\"valueName\":\"search_term_string\"}}],\"inLanguage\":\"es\"},{\"@type\":\"Organization\",\"@id\":\"https:\/\/www.exchange-data.com\/es\/#organization\",\"name\":\"Exchange Data International\",\"url\":\"https:\/\/www.exchange-data.com\/es\/\",\"logo\":{\"@type\":\"ImageObject\",\"inLanguage\":\"es\",\"@id\":\"https:\/\/www.exchange-data.com\/es\/#\/schema\/logo\/image\/\",\"url\":\"https:\/\/www.exchange-data.com\/wp-content\/uploads\/2019\/03\/logo3.png\",\"contentUrl\":\"https:\/\/www.exchange-data.com\/wp-content\/uploads\/2019\/03\/logo3.png\",\"width\":200,\"height\":80,\"caption\":\"Exchange Data International\"},\"image\":{\"@id\":\"https:\/\/www.exchange-data.com\/es\/#\/schema\/logo\/image\/\"},\"sameAs\":[\"https:\/\/x.com\/ExchangeData\",\"https:\/\/www.linkedin.com\/company\/exchange-data-international\/?viewAsMember=true\",\"https:\/\/www.youtube.com\/channel\/UC5D1OpUb22YZANRLD_Ktcgg?view_as=subscriber\"]}]}<\/script>\n<!-- \/ Yoast SEO Premium plugin. -->","yoast_head_json":{"title":"Pron\u00f3stico de Riesgo Geopol\u00edtico | Exchange Data International","description":"Accede al Pron\u00f3stico de Riesgo Geo-Pol\u00edtico con ICRG: m\u00e1s de 2 millones de puntos de datos, cobertura para 141 pa\u00edses y an\u00e1lisis mensual de riesgos pol\u00edticos, econ\u00f3micos y financieros.","robots":{"index":"index","follow":"follow","max-snippet":"max-snippet:-1","max-image-preview":"max-image-preview:large","max-video-preview":"max-video-preview:-1"},"canonical":"https:\/\/www.exchange-data.com\/es\/producto\/prevision-de-riesgos-geopoliticos\/","og_locale":"es_ES","og_type":"article","og_title":"Pron\u00f3stico de Riesgo Geopol\u00edtico | Exchange Data International","og_description":"Accede al Pron\u00f3stico de Riesgo Geo-Pol\u00edtico con ICRG: m\u00e1s de 2 millones de puntos de datos, cobertura para 141 pa\u00edses y an\u00e1lisis mensual de riesgos pol\u00edticos, econ\u00f3micos y financieros.","og_url":"https:\/\/www.exchange-data.com\/es\/producto\/prevision-de-riesgos-geopoliticos\/","og_site_name":"Exchange Data International","article_modified_time":"2025-10-03T11:40:40+00:00","twitter_card":"summary_large_image","twitter_site":"@ExchangeData","twitter_misc":{"Tiempo de lectura":"1 minuto"},"schema":{"@context":"https:\/\/schema.org","@graph":[{"@type":"WebPage","@id":"https:\/\/www.exchange-data.com\/es\/producto\/prevision-de-riesgos-geopoliticos\/","url":"https:\/\/www.exchange-data.com\/es\/producto\/prevision-de-riesgos-geopoliticos\/","name":"Pron\u00f3stico de Riesgo Geopol\u00edtico | Exchange Data International","isPartOf":{"@id":"https:\/\/www.exchange-data.com\/es\/#website"},"datePublished":"2023-01-04T14:41:49+00:00","dateModified":"2025-10-03T11:40:40+00:00","description":"Accede al Pron\u00f3stico de Riesgo Geo-Pol\u00edtico con ICRG: m\u00e1s de 2 millones de puntos de datos, cobertura para 141 pa\u00edses y an\u00e1lisis mensual de riesgos pol\u00edticos, econ\u00f3micos y financieros.","breadcrumb":{"@id":"https:\/\/www.exchange-data.com\/es\/producto\/prevision-de-riesgos-geopoliticos\/#breadcrumb"},"inLanguage":"es","potentialAction":[{"@type":"ReadAction","target":["https:\/\/www.exchange-data.com\/es\/producto\/prevision-de-riesgos-geopoliticos\/"]}]},{"@type":"BreadcrumbList","@id":"https:\/\/www.exchange-data.com\/es\/producto\/prevision-de-riesgos-geopoliticos\/#breadcrumb","itemListElement":[{"@type":"ListItem","position":1,"name":"Home","item":"https:\/\/www.exchange-data.com\/es\/inicio\/"},{"@type":"ListItem","position":2,"name":"Pron\u00f3stico de Riesgo Geopol\u00edtico"}]},{"@type":"WebSite","@id":"https:\/\/www.exchange-data.com\/es\/#website","url":"https:\/\/www.exchange-data.com\/es\/","name":"Exchange Data International","description":"Doing data differently","publisher":{"@id":"https:\/\/www.exchange-data.com\/es\/#organization"},"potentialAction":[{"@type":"SearchAction","target":{"@type":"EntryPoint","urlTemplate":"https:\/\/www.exchange-data.com\/es\/?s={search_term_string}"},"query-input":{"@type":"PropertyValueSpecification","valueRequired":true,"valueName":"search_term_string"}}],"inLanguage":"es"},{"@type":"Organization","@id":"https:\/\/www.exchange-data.com\/es\/#organization","name":"Exchange Data International","url":"https:\/\/www.exchange-data.com\/es\/","logo":{"@type":"ImageObject","inLanguage":"es","@id":"https:\/\/www.exchange-data.com\/es\/#\/schema\/logo\/image\/","url":"https:\/\/www.exchange-data.com\/wp-content\/uploads\/2019\/03\/logo3.png","contentUrl":"https:\/\/www.exchange-data.com\/wp-content\/uploads\/2019\/03\/logo3.png","width":200,"height":80,"caption":"Exchange Data International"},"image":{"@id":"https:\/\/www.exchange-data.com\/es\/#\/schema\/logo\/image\/"},"sameAs":["https:\/\/x.com\/ExchangeData","https:\/\/www.linkedin.com\/company\/exchange-data-international\/?viewAsMember=true","https:\/\/www.youtube.com\/channel\/UC5D1OpUb22YZANRLD_Ktcgg?view_as=subscriber"]}]}},"_links":{"self":[{"href":"https:\/\/www.exchange-data.com\/es\/wp-json\/wp\/v2\/product\/35995","targetHints":{"allow":["GET"]}}],"collection":[{"href":"https:\/\/www.exchange-data.com\/es\/wp-json\/wp\/v2\/product"}],"about":[{"href":"https:\/\/www.exchange-data.com\/es\/wp-json\/wp\/v2\/types\/product"}],"wp:attachment":[{"href":"https:\/\/www.exchange-data.com\/es\/wp-json\/wp\/v2\/media?parent=35995"}],"wp:term":[{"taxonomy":"country","embeddable":true,"href":"https:\/\/www.exchange-data.com\/es\/wp-json\/wp\/v2\/country?post=35995"},{"taxonomy":"product_category","embeddable":true,"href":"https:\/\/www.exchange-data.com\/es\/wp-json\/wp\/v2\/product_category?post=35995"}],"curies":[{"name":"wp","href":"https:\/\/api.w.org\/{rel}","templated":true}]}}