{"id":35996,"date":"2019-01-29T17:43:51","date_gmt":"2019-01-29T16:43:51","guid":{"rendered":"https:\/\/www.exchange-data.com\/product\/indicadores-economicos-mundiales\/"},"modified":"2025-10-03T11:58:41","modified_gmt":"2025-10-03T10:58:41","slug":"indicadores-economicos-mundiales","status":"publish","type":"product","link":"https:\/\/www.exchange-data.com\/es\/producto\/indicadores-economicos-mundiales\/","title":{"rendered":"Indicadores Econ\u00f3micos Globales"},"content":{"rendered":"<p>Los Indicadores Econ\u00f3micos Globales de Exchange Data International (EDI) ofrecen una fuente completa y confiable de datos macroecon\u00f3micos, dise\u00f1ada para satisfacer las necesidades de instituciones financieras, investigadores y proveedores de servicios tanto del lado comprador como del vendedor.<\/p>\n<p>Con cobertura en m\u00e1s de 280 pa\u00edses y regiones, EDI proporciona conjuntos de datos de alta calidad procedentes exclusivamente de fuentes oficiales como bancos centrales, oficinas estad\u00edsticas, ministerios de finanzas, bolsas de valores, asociaciones sectoriales y organismos internacionales como el FMI y el Banco Mundial.<\/p>\n<p>Ya sea para analizar tendencias globales o econom\u00edas regionales, este servicio proporciona una base s\u00f3lida para tomar decisiones bien fundamentadas.<\/p>\n<h3>Cobertura de los indicadores econ\u00f3micos mundiales<\/h3>\n<p>Este conjunto de datos es ideal para instituciones financieras, analistas y proveedores de servicios que requieren informaci\u00f3n econ\u00f3mica fiable y accionable<\/p>\n<h4>Caracter\u00edsticas principales:<\/h4>\n<p>Cobertura Extensa: M\u00e1s de 230 indicadores distribuidos en 17.025 series, abarcando pr\u00e1cticamente todos los pa\u00edses y regiones del mundo.<br \/>\nProfundidad Hist\u00f3rica: Datos disponibles desde 1960 para determinados indicadores, ideales para an\u00e1lisis de largo plazo.<br \/>\nFuentes Oficiales: Informaci\u00f3n procedente de entidades como bancos centrales, oficinas estad\u00edsticas, FMI, Banco Mundial y organismos gubernamentales.<br \/>\n\u2022 Datos Complementarios: Incluye tasas de inter\u00e9s y precios de materias primas para enriquecer el an\u00e1lisis macroecon\u00f3mico.<br \/>\nActualizaciones Diarias: Hasta cinco actualizaciones por d\u00eda, de lunes a viernes, para garantizar m\u00e1xima actualidad.<\/p>\n<h3>Cobertura de los indicadores econ\u00f3micos de EE.UU.<\/h3>\n<p>EDI tambi\u00e9n ofrece un conjunto espec\u00edfico de indicadores econ\u00f3micos de EE.\u202fUU., dise\u00f1ado para usuarios que analizan el entorno econ\u00f3mico estadounidense. Los datos provienen de fuentes nacionales reconocidas como la Oficina de Estad\u00edsticas Laborales (BLS), la Oficina de An\u00e1lisis Econ\u00f3mico (BEA), la Reserva Federal de St. Louis, la Administraci\u00f3n de Informaci\u00f3n Energ\u00e9tica, el Censo, FRED y la Reserva Federal de Nueva York. <\/p>\n<h4>Caracter\u00edsticas principales:<\/h4>\n<p>\u2022 Cobertura Integral: Amplia gama de indicadores macroecon\u00f3micos clave<br \/>\nTem\u00e1ticas cubiertas:<br \/>\n\u00b7Dinero, Banca y Finanzas: tipos de inter\u00e9s, datos monetarios, indicadores financieros, pr\u00e9stamos bancarios y empresariales (m\u00e1s de 13.000 series).<br \/>\n\u00b7Poblaci\u00f3n, Empleo y Mercado Laboral: empleo, educaci\u00f3n, ingresos, productividad laboral, salarios e impuestos.<br \/>\n\u00b7Cuentas Nacionales: PIB e ingresos, ahorro e inversi\u00f3n, rendimiento industrial.<br \/>\nPrecios: Indice de precios al consumidor (IPC), precios de la vivienda, precios del productor, \u00edndice de costos laborales, materias primas e \u00edndices de comercio<br \/>\n\u00b7Producci\u00f3n y Actividad Empresarial: encuestas, ciclos, tendencias del mercado inmobiliario, producci\u00f3n industrial, manufactura, comercio, servicios, tecnolog\u00eda y transporte.<br \/>\n\u00b7Datos Internacionales: An\u00e1lisis comparativo entre econom\u00edas globales y EE.\u202fUU.<br \/>\n\u00b7Actualizaci\u00f3n Continua: Datos actualizados diariamente de lunes a viernes.<\/p>\n<p>Este conjunto complementa los indicadores econ\u00f3micos globales de EDI con una visi\u00f3n detallada del mercado estadounidense, ideal para profesionales centrados en an\u00e1lisis nacional y toma de decisiones estrat\u00e9gicas. <\/p>\n","protected":false},"featured_media":34154,"template":"","country":[],"product_category":[3185,3178],"class_list":["post-35996","product","type-product","status-publish","has-post-thumbnail","hentry","product_category-datos-economicos","product_category-productos-y-servicios"],"acf":[],"yoast_head":"<!-- This site is optimized with the Yoast SEO Premium plugin v26.0 (Yoast SEO v26.0) - https:\/\/yoast.com\/wordpress\/plugins\/seo\/ -->\n<title>Indicadores Econ\u00f3micos Globales | Exchange Data International<\/title>\n<meta name=\"description\" content=\"Accede a los indicadores econ\u00f3micos globales de EDI: m\u00e1s de 230 indicadores macroecon\u00f3micos de fuentes oficiales en 280 pa\u00edses y regiones, con datos fiables y actualizados.\" \/>\n<meta name=\"robots\" content=\"index, follow, max-snippet:-1, max-image-preview:large, max-video-preview:-1\" \/>\n<link rel=\"canonical\" href=\"https:\/\/www.exchange-data.com\/es\/producto\/indicadores-economicos-mundiales\/\" \/>\n<meta property=\"og:locale\" content=\"es_ES\" \/>\n<meta property=\"og:type\" content=\"article\" \/>\n<meta property=\"og:title\" content=\"Servicio de Indicadores Econ\u00f3micos\" \/>\n<meta property=\"og:description\" content=\"El Servicio de Indicadores Econ\u00f3micos (EIS, por sus siglas en ingl\u00e9s) tiene como objetivo ofrecer contenidos econ\u00f3micos a las instituciones financieras, tanto del lado comprador como del vendedor, y a los proveedores de servicios. Este nuevo servicio cubre actualmente 32 500 indicadores macroecon\u00f3micos recurrentes de 132 pa\u00edses (a 16 de diciembre de 2019), como datos del PIB, publicaciones sobre desempleo, cifras de PMI, etc., con datos hist\u00f3ricos.\" \/>\n<meta property=\"og:url\" content=\"https:\/\/www.exchange-data.com\/es\/producto\/indicadores-economicos-mundiales\/\" \/>\n<meta property=\"og:site_name\" content=\"Exchange Data International\" \/>\n<meta property=\"article:modified_time\" content=\"2025-10-03T10:58:41+00:00\" \/>\n<meta property=\"og:image\" content=\"https:\/\/www.exchange-data.com\/wp-content\/uploads\/2015\/09\/EDI-Post-Featured-Image-700x400-1.png\" \/>\n<meta name=\"twitter:card\" content=\"summary_large_image\" \/>\n<meta name=\"twitter:title\" content=\"Servicio de Indicadores Econ\u00f3micos\" \/>\n<meta name=\"twitter:description\" content=\"El Servicio de Indicadores Econ\u00f3micos (EIS, por sus siglas en ingl\u00e9s) tiene como objetivo ofrecer contenidos econ\u00f3micos a las instituciones financieras, tanto del lado comprador como del vendedor, y a los proveedores de servicios. Este nuevo servicio cubre actualmente 32 500 indicadores macroecon\u00f3micos recurrentes de 132 pa\u00edses (a 16 de diciembre de 2019), como datos del PIB, publicaciones sobre desempleo, cifras de PMI, etc., con datos hist\u00f3ricos.\" \/>\n<meta name=\"twitter:image\" content=\"https:\/\/www.exchange-data.com\/wp-content\/uploads\/2015\/09\/EDI-Post-Featured-Image-700x400-1.png\" \/>\n<meta name=\"twitter:site\" content=\"@ExchangeData\" \/>\n<meta name=\"twitter:label1\" content=\"Tiempo de lectura\" \/>\n\t<meta name=\"twitter:data1\" content=\"3 minutos\" \/>\n<script type=\"application\/ld+json\" class=\"yoast-schema-graph\">{\"@context\":\"https:\/\/schema.org\",\"@graph\":[{\"@type\":\"WebPage\",\"@id\":\"https:\/\/www.exchange-data.com\/es\/producto\/indicadores-economicos-mundiales\/\",\"url\":\"https:\/\/www.exchange-data.com\/es\/producto\/indicadores-economicos-mundiales\/\",\"name\":\"Indicadores Econ\u00f3micos Globales | Exchange Data International\",\"isPartOf\":{\"@id\":\"https:\/\/www.exchange-data.com\/es\/#website\"},\"primaryImageOfPage\":{\"@id\":\"https:\/\/www.exchange-data.com\/es\/producto\/indicadores-economicos-mundiales\/#primaryimage\"},\"image\":{\"@id\":\"https:\/\/www.exchange-data.com\/es\/producto\/indicadores-economicos-mundiales\/#primaryimage\"},\"thumbnailUrl\":\"https:\/\/www.exchange-data.com\/wp-content\/uploads\/2015\/09\/EDI-Post-Featured-Image-700x400-1.png\",\"datePublished\":\"2019-01-29T16:43:51+00:00\",\"dateModified\":\"2025-10-03T10:58:41+00:00\",\"description\":\"Accede a los indicadores econ\u00f3micos globales de EDI: m\u00e1s de 230 indicadores macroecon\u00f3micos de fuentes oficiales en 280 pa\u00edses y regiones, con datos fiables y actualizados.\",\"breadcrumb\":{\"@id\":\"https:\/\/www.exchange-data.com\/es\/producto\/indicadores-economicos-mundiales\/#breadcrumb\"},\"inLanguage\":\"es\",\"potentialAction\":[{\"@type\":\"ReadAction\",\"target\":[\"https:\/\/www.exchange-data.com\/es\/producto\/indicadores-economicos-mundiales\/\"]}]},{\"@type\":\"ImageObject\",\"inLanguage\":\"es\",\"@id\":\"https:\/\/www.exchange-data.com\/es\/producto\/indicadores-economicos-mundiales\/#primaryimage\",\"url\":\"https:\/\/www.exchange-data.com\/wp-content\/uploads\/2015\/09\/EDI-Post-Featured-Image-700x400-1.png\",\"contentUrl\":\"https:\/\/www.exchange-data.com\/wp-content\/uploads\/2015\/09\/EDI-Post-Featured-Image-700x400-1.png\",\"width\":700,\"height\":400,\"caption\":\"Exchange Data International\"},{\"@type\":\"BreadcrumbList\",\"@id\":\"https:\/\/www.exchange-data.com\/es\/producto\/indicadores-economicos-mundiales\/#breadcrumb\",\"itemListElement\":[{\"@type\":\"ListItem\",\"position\":1,\"name\":\"Home\",\"item\":\"https:\/\/www.exchange-data.com\/es\/inicio\/\"},{\"@type\":\"ListItem\",\"position\":2,\"name\":\"Indicadores Econ\u00f3micos Globales\"}]},{\"@type\":\"WebSite\",\"@id\":\"https:\/\/www.exchange-data.com\/es\/#website\",\"url\":\"https:\/\/www.exchange-data.com\/es\/\",\"name\":\"Exchange Data International\",\"description\":\"Doing data differently\",\"publisher\":{\"@id\":\"https:\/\/www.exchange-data.com\/es\/#organization\"},\"potentialAction\":[{\"@type\":\"SearchAction\",\"target\":{\"@type\":\"EntryPoint\",\"urlTemplate\":\"https:\/\/www.exchange-data.com\/es\/?s={search_term_string}\"},\"query-input\":{\"@type\":\"PropertyValueSpecification\",\"valueRequired\":true,\"valueName\":\"search_term_string\"}}],\"inLanguage\":\"es\"},{\"@type\":\"Organization\",\"@id\":\"https:\/\/www.exchange-data.com\/es\/#organization\",\"name\":\"Exchange Data International\",\"url\":\"https:\/\/www.exchange-data.com\/es\/\",\"logo\":{\"@type\":\"ImageObject\",\"inLanguage\":\"es\",\"@id\":\"https:\/\/www.exchange-data.com\/es\/#\/schema\/logo\/image\/\",\"url\":\"https:\/\/www.exchange-data.com\/wp-content\/uploads\/2019\/03\/logo3.png\",\"contentUrl\":\"https:\/\/www.exchange-data.com\/wp-content\/uploads\/2019\/03\/logo3.png\",\"width\":200,\"height\":80,\"caption\":\"Exchange Data International\"},\"image\":{\"@id\":\"https:\/\/www.exchange-data.com\/es\/#\/schema\/logo\/image\/\"},\"sameAs\":[\"https:\/\/x.com\/ExchangeData\",\"https:\/\/www.linkedin.com\/company\/exchange-data-international\/?viewAsMember=true\",\"https:\/\/www.youtube.com\/channel\/UC5D1OpUb22YZANRLD_Ktcgg?view_as=subscriber\"]}]}<\/script>\n<!-- \/ Yoast SEO Premium plugin. -->","yoast_head_json":{"title":"Indicadores Econ\u00f3micos Globales | Exchange Data International","description":"Accede a los indicadores econ\u00f3micos globales de EDI: m\u00e1s de 230 indicadores macroecon\u00f3micos de fuentes oficiales en 280 pa\u00edses y regiones, con datos fiables y actualizados.","robots":{"index":"index","follow":"follow","max-snippet":"max-snippet:-1","max-image-preview":"max-image-preview:large","max-video-preview":"max-video-preview:-1"},"canonical":"https:\/\/www.exchange-data.com\/es\/producto\/indicadores-economicos-mundiales\/","og_locale":"es_ES","og_type":"article","og_title":"Servicio de Indicadores Econ\u00f3micos","og_description":"El Servicio de Indicadores Econ\u00f3micos (EIS, por sus siglas en ingl\u00e9s) tiene como objetivo ofrecer contenidos econ\u00f3micos a las instituciones financieras, tanto del lado comprador como del vendedor, y a los proveedores de servicios. Este nuevo servicio cubre actualmente 32 500 indicadores macroecon\u00f3micos recurrentes de 132 pa\u00edses (a 16 de diciembre de 2019), como datos del PIB, publicaciones sobre desempleo, cifras de PMI, etc., con datos hist\u00f3ricos.","og_url":"https:\/\/www.exchange-data.com\/es\/producto\/indicadores-economicos-mundiales\/","og_site_name":"Exchange Data International","article_modified_time":"2025-10-03T10:58:41+00:00","og_image":[{"url":"https:\/\/www.exchange-data.com\/wp-content\/uploads\/2015\/09\/EDI-Post-Featured-Image-700x400-1.png","type":"","width":"","height":""}],"twitter_card":"summary_large_image","twitter_title":"Servicio de Indicadores Econ\u00f3micos","twitter_description":"El Servicio de Indicadores Econ\u00f3micos (EIS, por sus siglas en ingl\u00e9s) tiene como objetivo ofrecer contenidos econ\u00f3micos a las instituciones financieras, tanto del lado comprador como del vendedor, y a los proveedores de servicios. Este nuevo servicio cubre actualmente 32 500 indicadores macroecon\u00f3micos recurrentes de 132 pa\u00edses (a 16 de diciembre de 2019), como datos del PIB, publicaciones sobre desempleo, cifras de PMI, etc., con datos hist\u00f3ricos.","twitter_image":"https:\/\/www.exchange-data.com\/wp-content\/uploads\/2015\/09\/EDI-Post-Featured-Image-700x400-1.png","twitter_site":"@ExchangeData","twitter_misc":{"Tiempo de lectura":"3 minutos"},"schema":{"@context":"https:\/\/schema.org","@graph":[{"@type":"WebPage","@id":"https:\/\/www.exchange-data.com\/es\/producto\/indicadores-economicos-mundiales\/","url":"https:\/\/www.exchange-data.com\/es\/producto\/indicadores-economicos-mundiales\/","name":"Indicadores Econ\u00f3micos Globales | Exchange Data International","isPartOf":{"@id":"https:\/\/www.exchange-data.com\/es\/#website"},"primaryImageOfPage":{"@id":"https:\/\/www.exchange-data.com\/es\/producto\/indicadores-economicos-mundiales\/#primaryimage"},"image":{"@id":"https:\/\/www.exchange-data.com\/es\/producto\/indicadores-economicos-mundiales\/#primaryimage"},"thumbnailUrl":"https:\/\/www.exchange-data.com\/wp-content\/uploads\/2015\/09\/EDI-Post-Featured-Image-700x400-1.png","datePublished":"2019-01-29T16:43:51+00:00","dateModified":"2025-10-03T10:58:41+00:00","description":"Accede a los indicadores econ\u00f3micos globales de EDI: m\u00e1s de 230 indicadores macroecon\u00f3micos de fuentes oficiales en 280 pa\u00edses y regiones, con datos fiables y actualizados.","breadcrumb":{"@id":"https:\/\/www.exchange-data.com\/es\/producto\/indicadores-economicos-mundiales\/#breadcrumb"},"inLanguage":"es","potentialAction":[{"@type":"ReadAction","target":["https:\/\/www.exchange-data.com\/es\/producto\/indicadores-economicos-mundiales\/"]}]},{"@type":"ImageObject","inLanguage":"es","@id":"https:\/\/www.exchange-data.com\/es\/producto\/indicadores-economicos-mundiales\/#primaryimage","url":"https:\/\/www.exchange-data.com\/wp-content\/uploads\/2015\/09\/EDI-Post-Featured-Image-700x400-1.png","contentUrl":"https:\/\/www.exchange-data.com\/wp-content\/uploads\/2015\/09\/EDI-Post-Featured-Image-700x400-1.png","width":700,"height":400,"caption":"Exchange Data International"},{"@type":"BreadcrumbList","@id":"https:\/\/www.exchange-data.com\/es\/producto\/indicadores-economicos-mundiales\/#breadcrumb","itemListElement":[{"@type":"ListItem","position":1,"name":"Home","item":"https:\/\/www.exchange-data.com\/es\/inicio\/"},{"@type":"ListItem","position":2,"name":"Indicadores Econ\u00f3micos Globales"}]},{"@type":"WebSite","@id":"https:\/\/www.exchange-data.com\/es\/#website","url":"https:\/\/www.exchange-data.com\/es\/","name":"Exchange Data International","description":"Doing data differently","publisher":{"@id":"https:\/\/www.exchange-data.com\/es\/#organization"},"potentialAction":[{"@type":"SearchAction","target":{"@type":"EntryPoint","urlTemplate":"https:\/\/www.exchange-data.com\/es\/?s={search_term_string}"},"query-input":{"@type":"PropertyValueSpecification","valueRequired":true,"valueName":"search_term_string"}}],"inLanguage":"es"},{"@type":"Organization","@id":"https:\/\/www.exchange-data.com\/es\/#organization","name":"Exchange Data International","url":"https:\/\/www.exchange-data.com\/es\/","logo":{"@type":"ImageObject","inLanguage":"es","@id":"https:\/\/www.exchange-data.com\/es\/#\/schema\/logo\/image\/","url":"https:\/\/www.exchange-data.com\/wp-content\/uploads\/2019\/03\/logo3.png","contentUrl":"https:\/\/www.exchange-data.com\/wp-content\/uploads\/2019\/03\/logo3.png","width":200,"height":80,"caption":"Exchange Data International"},"image":{"@id":"https:\/\/www.exchange-data.com\/es\/#\/schema\/logo\/image\/"},"sameAs":["https:\/\/x.com\/ExchangeData","https:\/\/www.linkedin.com\/company\/exchange-data-international\/?viewAsMember=true","https:\/\/www.youtube.com\/channel\/UC5D1OpUb22YZANRLD_Ktcgg?view_as=subscriber"]}]}},"_links":{"self":[{"href":"https:\/\/www.exchange-data.com\/es\/wp-json\/wp\/v2\/product\/35996","targetHints":{"allow":["GET"]}}],"collection":[{"href":"https:\/\/www.exchange-data.com\/es\/wp-json\/wp\/v2\/product"}],"about":[{"href":"https:\/\/www.exchange-data.com\/es\/wp-json\/wp\/v2\/types\/product"}],"wp:featuredmedia":[{"embeddable":true,"href":"https:\/\/www.exchange-data.com\/es\/wp-json\/wp\/v2\/media\/34154"}],"wp:attachment":[{"href":"https:\/\/www.exchange-data.com\/es\/wp-json\/wp\/v2\/media?parent=35996"}],"wp:term":[{"taxonomy":"country","embeddable":true,"href":"https:\/\/www.exchange-data.com\/es\/wp-json\/wp\/v2\/country?post=35996"},{"taxonomy":"product_category","embeddable":true,"href":"https:\/\/www.exchange-data.com\/es\/wp-json\/wp\/v2\/product_category?post=35996"}],"curies":[{"name":"wp","href":"https:\/\/api.w.org\/{rel}","templated":true}]}}