{"id":35997,"date":"2019-03-29T17:31:59","date_gmt":"2019-03-29T16:31:59","guid":{"rendered":"https:\/\/www.exchange-data.com\/product\/mercado-mundial-y-dias-festivos\/"},"modified":"2025-10-08T09:41:58","modified_gmt":"2025-10-08T08:41:58","slug":"mercado-mundial-y-dias-festivos","status":"publish","type":"product","link":"https:\/\/www.exchange-data.com\/es\/producto\/mercado-mundial-y-dias-festivos\/","title":{"rendered":"Festivos Globales y del Mercado Financiero"},"content":{"rendered":"<h2>Aproveche datos confiables y actualizados con el servicio de Calendario de Festivos Burs\u00e1tiles Globales de EDI.<\/h2>\n<p><span style=\"font-weight: 400;\">Este servicio est\u00e1 estructurado en cinco m\u00f3dulos y proporciona informaci\u00f3n detallada sobre d\u00edas festivos que afectan a instituciones financieras como: Bolsas y mercados C\u00e1maras de compensaci\u00f3n, Bancos, Sistemas de compensaci\u00f3n bancaria, Operadores de divisas.<\/span><\/p>\n<p><span style=\"font-weight: 400;\">Cobertura por tipo de jurisdicci\u00f3n: Nacional, Estatal, Distrital, Municipal ,Otras.<\/span><\/p>\n<p><span style=\"font-weight: 400;\">Tambi\u00e9n se incluyen los horarios de operaci\u00f3n y notas espec\u00edficas sobre liquidaci\u00f3n, lo que permite calcular autom\u00e1ticamente el siguiente d\u00eda h\u00e1bil tras cualquier festivo institucional.<\/span><\/p>\n<p><span style=\"font-weight: 400;\">Los suscriptores pueden consultar los festivos del mes actual a trav\u00e9s de la plataforma web y configurar alertas diarias por correo electr\u00f3nico con informaci\u00f3n actualizada.<\/span><\/p>\n<p><span style=\"font-weight: 400;\">Con esta soluci\u00f3n, EDI reemplaza procesos manuales y obsoletos de recolecci\u00f3n de datos por una alternativa electr\u00f3nica eficiente.<\/span><\/p>\n","protected":false},"featured_media":34154,"template":"","country":[2368,2108,2081,2138,2139,1936,2035,2122,2143,2013,1933,2106,2031,2087,2112,2113,2021,2022,2016,2017,1997,1991,1992,2027,1951,1952,1919,2144,2283,2025,2026,1896,1927,1928,2103,2086,2003,1862,2036,2132,2133,2118,1983,2057,2116,2117,1999,2085,1916,1917,2046,1961,2023,1923,1868,2079,2372,2074,1912,2128,2129,2119,2052,2373,2131,1942,2114,2020,2028,2005,2070,2259,2260,1949,2072,2258,2069,2018,2136,2137,1858,1879,1880,2348,2349,2012,2375,1944,1945,2065,2094,1860,1993,1994,1861,2010,2002,2096,2097,2100,1925,1926,2062,2056,1855,1854,1988,2090,2091,1909,2007,1935,1863,2288,1875,2064,1876,1937,1938,2078,2077,2058,1996,2126,2127,2049,2000,1866,1954,2092,2093,1920,1921,1871,1872,1940,1870,1878,1877,2147,2148,1852,1853,2149,2150,2141,2084,1930,2134,2135,2076,2009,2098,2146,1864,2014,2015,2059,2115,2001,2109,2073,2011,1987,2123,1913,2376,1934,2107,2040,2041,2019,1932,1856,2200,2037,2038,2024,1939,1857,2008,1922,2050,2051,2053,2054,2142,2048,2071,1915,1914,2060,2004,2075,1943,1989,1963,2262,2145,1929,2186,2110,2193,2111,2374,1873,1874,2029,2030,1931,1924,2104,2105,1995,2102,1865,2006,1950,1869,1948,1867,2130,2331,2088,1941,2068,2089,2124,2125,1986,1918,1902,2095,1911,2101,2063,2067,2047,1910,2043,2042,1990,2083,2082,2055,2033,2034,1898,1976,1969,1887,2140,2185,1998,2032,1967,2061,1859,2099,2080,1953,2367,1946,1947],"product_category":[3184,3178],"class_list":["post-35997","product","type-product","status-publish","has-post-thumbnail","hentry","product_category-datos-de-referencia","product_category-productos-y-servicios"],"acf":[],"yoast_head":"<!-- This site is optimized with the Yoast SEO Premium plugin v26.0 (Yoast SEO v26.0) - https:\/\/yoast.com\/wordpress\/plugins\/seo\/ -->\n<title>Calendario de festivos burs\u00e1tiles: cobertura global precisa y automatizada<\/title>\n<meta name=\"description\" content=\"Simplifica tus procesos con el Calendario de festivos burs\u00e1tiles de EDI. Informaci\u00f3n fiable y automatizada para m\u00e1s de 200 pa\u00edses y todos los actores del sistema financiero.\" \/>\n<meta name=\"robots\" content=\"index, follow, max-snippet:-1, max-image-preview:large, max-video-preview:-1\" \/>\n<link rel=\"canonical\" href=\"https:\/\/www.exchange-data.com\/es\/producto\/mercado-mundial-y-dias-festivos\/\" \/>\n<meta property=\"og:locale\" content=\"es_ES\" \/>\n<meta property=\"og:type\" content=\"article\" \/>\n<meta property=\"og:title\" content=\"D\u00edas festivos y horarios del mercado mundial\" \/>\n<meta property=\"og:description\" content=\"El servicio Global Market Holidays and Timings se divide en 5 productos y proporciona informaci\u00f3n precisa sobre los d\u00edas festivos que afectan a las instituciones financieras, como los centros de negociaci\u00f3n burs\u00e1til, los bancos, las liquidaciones y los operadores de divisas. Utilizando las notas detalladas sobre liquidaciones e instituciones, las empresas pueden calcular autom\u00e1ticamente el siguiente d\u00eda de negociaci\u00f3n despu\u00e9s de cualquier d\u00eda festivo institucional. Los suscriptores del servicio en l\u00ednea pueden consultar f\u00e1cilmente los d\u00edas festivos del mes en curso y configurar alertas diarias por correo electr\u00f3nico para recibir informaci\u00f3n actualizada. Con esta oferta, EDI permite a los participantes en el mercado sustituir los procesos anticuados, manuales y lentos de recopilaci\u00f3n de datos por una alternativa electr\u00f3nica.\" \/>\n<meta property=\"og:url\" content=\"https:\/\/www.exchange-data.com\/es\/producto\/mercado-mundial-y-dias-festivos\/\" \/>\n<meta property=\"og:site_name\" content=\"Exchange Data International\" \/>\n<meta property=\"article:modified_time\" content=\"2025-10-08T08:41:58+00:00\" \/>\n<meta property=\"og:image\" content=\"https:\/\/www.exchange-data.com\/wp-content\/uploads\/2015\/09\/EDI-Post-Featured-Image-700x400-1.png\" \/>\n<meta name=\"twitter:card\" content=\"summary_large_image\" \/>\n<meta name=\"twitter:title\" content=\"D\u00edas festivos y horarios del mercado mundial\" \/>\n<meta name=\"twitter:description\" content=\"El servicio Global Market Holidays and Timings se divide en 5 productos y proporciona informaci\u00f3n precisa sobre los d\u00edas festivos que afectan a las instituciones financieras, como los centros de negociaci\u00f3n burs\u00e1til, los bancos, las liquidaciones y los operadores de divisas. Utilizando las notas detalladas sobre liquidaciones e instituciones, las empresas pueden calcular autom\u00e1ticamente el siguiente d\u00eda de negociaci\u00f3n despu\u00e9s de cualquier d\u00eda festivo institucional. Los suscriptores del servicio en l\u00ednea pueden consultar f\u00e1cilmente los d\u00edas festivos del mes en curso y configurar alertas diarias por correo electr\u00f3nico para recibir informaci\u00f3n actualizada. Con esta oferta, EDI permite a los participantes en el mercado sustituir los procesos anticuados, manuales y lentos de recopilaci\u00f3n de datos por una alternativa electr\u00f3nica.\" \/>\n<meta name=\"twitter:image\" content=\"https:\/\/www.exchange-data.com\/wp-content\/uploads\/2015\/09\/EDI-Post-Featured-Image-700x400-1.png\" \/>\n<meta name=\"twitter:site\" content=\"@ExchangeData\" \/>\n<meta name=\"twitter:label1\" content=\"Tiempo de lectura\" \/>\n\t<meta name=\"twitter:data1\" content=\"1 minuto\" \/>\n<script type=\"application\/ld+json\" class=\"yoast-schema-graph\">{\"@context\":\"https:\/\/schema.org\",\"@graph\":[{\"@type\":\"WebPage\",\"@id\":\"https:\/\/www.exchange-data.com\/es\/producto\/mercado-mundial-y-dias-festivos\/\",\"url\":\"https:\/\/www.exchange-data.com\/es\/producto\/mercado-mundial-y-dias-festivos\/\",\"name\":\"Calendario de festivos burs\u00e1tiles: cobertura global precisa y automatizada\",\"isPartOf\":{\"@id\":\"https:\/\/www.exchange-data.com\/es\/#website\"},\"primaryImageOfPage\":{\"@id\":\"https:\/\/www.exchange-data.com\/es\/producto\/mercado-mundial-y-dias-festivos\/#primaryimage\"},\"image\":{\"@id\":\"https:\/\/www.exchange-data.com\/es\/producto\/mercado-mundial-y-dias-festivos\/#primaryimage\"},\"thumbnailUrl\":\"https:\/\/www.exchange-data.com\/wp-content\/uploads\/2015\/09\/EDI-Post-Featured-Image-700x400-1.png\",\"datePublished\":\"2019-03-29T16:31:59+00:00\",\"dateModified\":\"2025-10-08T08:41:58+00:00\",\"description\":\"Simplifica tus procesos con el Calendario de festivos burs\u00e1tiles de EDI. Informaci\u00f3n fiable y automatizada para m\u00e1s de 200 pa\u00edses y todos los actores del sistema financiero.\",\"breadcrumb\":{\"@id\":\"https:\/\/www.exchange-data.com\/es\/producto\/mercado-mundial-y-dias-festivos\/#breadcrumb\"},\"inLanguage\":\"es\",\"potentialAction\":[{\"@type\":\"ReadAction\",\"target\":[\"https:\/\/www.exchange-data.com\/es\/producto\/mercado-mundial-y-dias-festivos\/\"]}]},{\"@type\":\"ImageObject\",\"inLanguage\":\"es\",\"@id\":\"https:\/\/www.exchange-data.com\/es\/producto\/mercado-mundial-y-dias-festivos\/#primaryimage\",\"url\":\"https:\/\/www.exchange-data.com\/wp-content\/uploads\/2015\/09\/EDI-Post-Featured-Image-700x400-1.png\",\"contentUrl\":\"https:\/\/www.exchange-data.com\/wp-content\/uploads\/2015\/09\/EDI-Post-Featured-Image-700x400-1.png\",\"width\":700,\"height\":400,\"caption\":\"Exchange Data International\"},{\"@type\":\"BreadcrumbList\",\"@id\":\"https:\/\/www.exchange-data.com\/es\/producto\/mercado-mundial-y-dias-festivos\/#breadcrumb\",\"itemListElement\":[{\"@type\":\"ListItem\",\"position\":1,\"name\":\"Home\",\"item\":\"https:\/\/www.exchange-data.com\/es\/inicio\/\"},{\"@type\":\"ListItem\",\"position\":2,\"name\":\"Festivos Globales y del Mercado Financiero\"}]},{\"@type\":\"WebSite\",\"@id\":\"https:\/\/www.exchange-data.com\/es\/#website\",\"url\":\"https:\/\/www.exchange-data.com\/es\/\",\"name\":\"Exchange Data International\",\"description\":\"Doing data differently\",\"publisher\":{\"@id\":\"https:\/\/www.exchange-data.com\/es\/#organization\"},\"potentialAction\":[{\"@type\":\"SearchAction\",\"target\":{\"@type\":\"EntryPoint\",\"urlTemplate\":\"https:\/\/www.exchange-data.com\/es\/?s={search_term_string}\"},\"query-input\":{\"@type\":\"PropertyValueSpecification\",\"valueRequired\":true,\"valueName\":\"search_term_string\"}}],\"inLanguage\":\"es\"},{\"@type\":\"Organization\",\"@id\":\"https:\/\/www.exchange-data.com\/es\/#organization\",\"name\":\"Exchange Data International\",\"url\":\"https:\/\/www.exchange-data.com\/es\/\",\"logo\":{\"@type\":\"ImageObject\",\"inLanguage\":\"es\",\"@id\":\"https:\/\/www.exchange-data.com\/es\/#\/schema\/logo\/image\/\",\"url\":\"https:\/\/www.exchange-data.com\/wp-content\/uploads\/2019\/03\/logo3.png\",\"contentUrl\":\"https:\/\/www.exchange-data.com\/wp-content\/uploads\/2019\/03\/logo3.png\",\"width\":200,\"height\":80,\"caption\":\"Exchange Data International\"},\"image\":{\"@id\":\"https:\/\/www.exchange-data.com\/es\/#\/schema\/logo\/image\/\"},\"sameAs\":[\"https:\/\/x.com\/ExchangeData\",\"https:\/\/www.linkedin.com\/company\/exchange-data-international\/?viewAsMember=true\",\"https:\/\/www.youtube.com\/channel\/UC5D1OpUb22YZANRLD_Ktcgg?view_as=subscriber\"]}]}<\/script>\n<!-- \/ Yoast SEO Premium plugin. -->","yoast_head_json":{"title":"Calendario de festivos burs\u00e1tiles: cobertura global precisa y automatizada","description":"Simplifica tus procesos con el Calendario de festivos burs\u00e1tiles de EDI. Informaci\u00f3n fiable y automatizada para m\u00e1s de 200 pa\u00edses y todos los actores del sistema financiero.","robots":{"index":"index","follow":"follow","max-snippet":"max-snippet:-1","max-image-preview":"max-image-preview:large","max-video-preview":"max-video-preview:-1"},"canonical":"https:\/\/www.exchange-data.com\/es\/producto\/mercado-mundial-y-dias-festivos\/","og_locale":"es_ES","og_type":"article","og_title":"D\u00edas festivos y horarios del mercado mundial","og_description":"El servicio Global Market Holidays and Timings se divide en 5 productos y proporciona informaci\u00f3n precisa sobre los d\u00edas festivos que afectan a las instituciones financieras, como los centros de negociaci\u00f3n burs\u00e1til, los bancos, las liquidaciones y los operadores de divisas. Utilizando las notas detalladas sobre liquidaciones e instituciones, las empresas pueden calcular autom\u00e1ticamente el siguiente d\u00eda de negociaci\u00f3n despu\u00e9s de cualquier d\u00eda festivo institucional. Los suscriptores del servicio en l\u00ednea pueden consultar f\u00e1cilmente los d\u00edas festivos del mes en curso y configurar alertas diarias por correo electr\u00f3nico para recibir informaci\u00f3n actualizada. Con esta oferta, EDI permite a los participantes en el mercado sustituir los procesos anticuados, manuales y lentos de recopilaci\u00f3n de datos por una alternativa electr\u00f3nica.","og_url":"https:\/\/www.exchange-data.com\/es\/producto\/mercado-mundial-y-dias-festivos\/","og_site_name":"Exchange Data International","article_modified_time":"2025-10-08T08:41:58+00:00","og_image":[{"url":"https:\/\/www.exchange-data.com\/wp-content\/uploads\/2015\/09\/EDI-Post-Featured-Image-700x400-1.png","type":"","width":"","height":""}],"twitter_card":"summary_large_image","twitter_title":"D\u00edas festivos y horarios del mercado mundial","twitter_description":"El servicio Global Market Holidays and Timings se divide en 5 productos y proporciona informaci\u00f3n precisa sobre los d\u00edas festivos que afectan a las instituciones financieras, como los centros de negociaci\u00f3n burs\u00e1til, los bancos, las liquidaciones y los operadores de divisas. Utilizando las notas detalladas sobre liquidaciones e instituciones, las empresas pueden calcular autom\u00e1ticamente el siguiente d\u00eda de negociaci\u00f3n despu\u00e9s de cualquier d\u00eda festivo institucional. Los suscriptores del servicio en l\u00ednea pueden consultar f\u00e1cilmente los d\u00edas festivos del mes en curso y configurar alertas diarias por correo electr\u00f3nico para recibir informaci\u00f3n actualizada. Con esta oferta, EDI permite a los participantes en el mercado sustituir los procesos anticuados, manuales y lentos de recopilaci\u00f3n de datos por una alternativa electr\u00f3nica.","twitter_image":"https:\/\/www.exchange-data.com\/wp-content\/uploads\/2015\/09\/EDI-Post-Featured-Image-700x400-1.png","twitter_site":"@ExchangeData","twitter_misc":{"Tiempo de lectura":"1 minuto"},"schema":{"@context":"https:\/\/schema.org","@graph":[{"@type":"WebPage","@id":"https:\/\/www.exchange-data.com\/es\/producto\/mercado-mundial-y-dias-festivos\/","url":"https:\/\/www.exchange-data.com\/es\/producto\/mercado-mundial-y-dias-festivos\/","name":"Calendario de festivos burs\u00e1tiles: cobertura global precisa y automatizada","isPartOf":{"@id":"https:\/\/www.exchange-data.com\/es\/#website"},"primaryImageOfPage":{"@id":"https:\/\/www.exchange-data.com\/es\/producto\/mercado-mundial-y-dias-festivos\/#primaryimage"},"image":{"@id":"https:\/\/www.exchange-data.com\/es\/producto\/mercado-mundial-y-dias-festivos\/#primaryimage"},"thumbnailUrl":"https:\/\/www.exchange-data.com\/wp-content\/uploads\/2015\/09\/EDI-Post-Featured-Image-700x400-1.png","datePublished":"2019-03-29T16:31:59+00:00","dateModified":"2025-10-08T08:41:58+00:00","description":"Simplifica tus procesos con el Calendario de festivos burs\u00e1tiles de EDI. Informaci\u00f3n fiable y automatizada para m\u00e1s de 200 pa\u00edses y todos los actores del sistema financiero.","breadcrumb":{"@id":"https:\/\/www.exchange-data.com\/es\/producto\/mercado-mundial-y-dias-festivos\/#breadcrumb"},"inLanguage":"es","potentialAction":[{"@type":"ReadAction","target":["https:\/\/www.exchange-data.com\/es\/producto\/mercado-mundial-y-dias-festivos\/"]}]},{"@type":"ImageObject","inLanguage":"es","@id":"https:\/\/www.exchange-data.com\/es\/producto\/mercado-mundial-y-dias-festivos\/#primaryimage","url":"https:\/\/www.exchange-data.com\/wp-content\/uploads\/2015\/09\/EDI-Post-Featured-Image-700x400-1.png","contentUrl":"https:\/\/www.exchange-data.com\/wp-content\/uploads\/2015\/09\/EDI-Post-Featured-Image-700x400-1.png","width":700,"height":400,"caption":"Exchange Data International"},{"@type":"BreadcrumbList","@id":"https:\/\/www.exchange-data.com\/es\/producto\/mercado-mundial-y-dias-festivos\/#breadcrumb","itemListElement":[{"@type":"ListItem","position":1,"name":"Home","item":"https:\/\/www.exchange-data.com\/es\/inicio\/"},{"@type":"ListItem","position":2,"name":"Festivos Globales y del Mercado Financiero"}]},{"@type":"WebSite","@id":"https:\/\/www.exchange-data.com\/es\/#website","url":"https:\/\/www.exchange-data.com\/es\/","name":"Exchange Data International","description":"Doing data differently","publisher":{"@id":"https:\/\/www.exchange-data.com\/es\/#organization"},"potentialAction":[{"@type":"SearchAction","target":{"@type":"EntryPoint","urlTemplate":"https:\/\/www.exchange-data.com\/es\/?s={search_term_string}"},"query-input":{"@type":"PropertyValueSpecification","valueRequired":true,"valueName":"search_term_string"}}],"inLanguage":"es"},{"@type":"Organization","@id":"https:\/\/www.exchange-data.com\/es\/#organization","name":"Exchange Data International","url":"https:\/\/www.exchange-data.com\/es\/","logo":{"@type":"ImageObject","inLanguage":"es","@id":"https:\/\/www.exchange-data.com\/es\/#\/schema\/logo\/image\/","url":"https:\/\/www.exchange-data.com\/wp-content\/uploads\/2019\/03\/logo3.png","contentUrl":"https:\/\/www.exchange-data.com\/wp-content\/uploads\/2019\/03\/logo3.png","width":200,"height":80,"caption":"Exchange Data International"},"image":{"@id":"https:\/\/www.exchange-data.com\/es\/#\/schema\/logo\/image\/"},"sameAs":["https:\/\/x.com\/ExchangeData","https:\/\/www.linkedin.com\/company\/exchange-data-international\/?viewAsMember=true","https:\/\/www.youtube.com\/channel\/UC5D1OpUb22YZANRLD_Ktcgg?view_as=subscriber"]}]}},"_links":{"self":[{"href":"https:\/\/www.exchange-data.com\/es\/wp-json\/wp\/v2\/product\/35997","targetHints":{"allow":["GET"]}}],"collection":[{"href":"https:\/\/www.exchange-data.com\/es\/wp-json\/wp\/v2\/product"}],"about":[{"href":"https:\/\/www.exchange-data.com\/es\/wp-json\/wp\/v2\/types\/product"}],"wp:featuredmedia":[{"embeddable":true,"href":"https:\/\/www.exchange-data.com\/es\/wp-json\/wp\/v2\/media\/34154"}],"wp:attachment":[{"href":"https:\/\/www.exchange-data.com\/es\/wp-json\/wp\/v2\/media?parent=35997"}],"wp:term":[{"taxonomy":"country","embeddable":true,"href":"https:\/\/www.exchange-data.com\/es\/wp-json\/wp\/v2\/country?post=35997"},{"taxonomy":"product_category","embeddable":true,"href":"https:\/\/www.exchange-data.com\/es\/wp-json\/wp\/v2\/product_category?post=35997"}],"curies":[{"name":"wp","href":"https:\/\/api.w.org\/{rel}","templated":true}]}}