{"id":35999,"date":"2019-03-28T17:34:28","date_gmt":"2019-03-28T16:34:28","guid":{"rendered":"https:\/\/www.exchange-data.com\/product\/ofertas-publicas-iniciales\/"},"modified":"2025-10-10T06:33:16","modified_gmt":"2025-10-10T05:33:16","slug":"ofertas-publicas-iniciales","status":"publish","type":"product","link":"https:\/\/www.exchange-data.com\/es\/producto\/ofertas-publicas-iniciales\/","title":{"rendered":"Ofertas P\u00fablicas Iniciales (OPI)<br>"},"content":{"rendered":"<p><span style=\"font-weight: 400;\">Acceda f\u00e1cilmente a datos sobre ofertas p\u00fablicas iniciales y verifique si una empresa objetivo ha declarado su intenci\u00f3n de salir a bolsa. Esta informaci\u00f3n le permite configurar la emisi\u00f3n en su base de datos de referencia. EDI monitorea las OPI a nivel global utilizando como fuente principal las bolsas locales, complementadas por fuentes secundarias como medios de prensa, agencias de noticias y otras fuentes confiables. <\/span><br \/>\n<span style=\"font-weight: 400;\">EDI realiza un seguimiento de las OPI en todo el mundo utilizando las bolsas locales como principal fuente de informaci\u00f3n, junto con fuentes secundarias como peri\u00f3dicos locales, agencias de noticias, etc.<\/span><\/p>\n<p><a href=\"https:\/\/www.exchange-data.com\/mid-year-2025-ipo-market-report\/\"><img loading=\"lazy\" decoding=\"async\" src=\"https:\/\/www.exchange-data.com\/wp-content\/uploads\/2025\/10\/IPO-Banner-700x100-1.png\" alt=\"\" width=\"700\" height=\"100\" class=\"aligncenter size-full wp-image-36641\" srcset=\"https:\/\/www.exchange-data.com\/wp-content\/uploads\/2025\/10\/IPO-Banner-700x100-1.png 700w, https:\/\/www.exchange-data.com\/wp-content\/uploads\/2025\/10\/IPO-Banner-700x100-1-300x43.png 300w, https:\/\/www.exchange-data.com\/wp-content\/uploads\/2025\/10\/IPO-Banner-700x100-1-100x14.png 100w\" sizes=\"auto, (max-width: 700px) 100vw, 700px\" \/><\/a><\/p>\n<p>&nbsp;<\/p>\n<h2>Los clientes pueden acceder a los anuncios de OPI clasificados en seis etapas:<\/h2>\n<p>&nbsp;<\/p>\n<ul>\n<li><b>Nuevo \u2013<\/b> indica que la OPI se ha completado (o est\u00e1 en curso) y la fecha de cotizaci\u00f3n corresponde a hoy o ayer.<\/li>\n<li><b>Rumor \u2013<\/b> la empresa (u otra fuente confiable) ha manifestado su intenci\u00f3n de realizar una OPI, aunque a\u00fan no cuenta con la aprobaci\u00f3n oficial.<\/li>\n<li><b>Pendiente \u2013 <\/b>la OPI est\u00e1 confirmada y ya cuenta con la aprobaci\u00f3n requerida.<\/li>\n<li><b>Hist\u00f3rico \u2013<\/b> la OPI ya se realiz\u00f3 y la fecha de cotizaci\u00f3n fue hace m\u00e1s de dos d\u00edas.<\/li>\n<li><b>Postergado \u2013<\/b> la OPI ha sido suspendida temporalmente, a la espera de un nuevo anuncio sobre la colocaci\u00f3n.<\/li>\n<li><b>Cancelado \u2013<\/b> la OPI ha sido cancelada de forma definitiva por decisi\u00f3n de la empresa o del ente regulador.<\/li>\n<\/ul>\n<h3>Fuentes de informaci\u00f3n<br \/><\/h3>\n<table style=\"width: 100%;\">\n<tbody>\n<tr>\n<th>Primarias<\/th>\n<th>Secundarias<\/th>\n<\/tr>\n<tr>\n<td>\n  <span style=\"font-weight: 400;\">150 bolsas internacionales<\/span>\n<\/td>\n<td>\n  <span style=\"font-weight: 400;\">Agencias de noticias internacionales<\/span>\n<\/td>\n<\/tr>\n<\/tbody>\n<\/table>\n<p>&nbsp;<\/p>\n<h4>Otras ofertas p\u00fablicas<\/h4>\n<h5>\u00bfQu\u00e9 es una FPO?<br \/><\/h5>\n<p><span style=\"font-weight: 400;\">A diferencia de las ofertas p\u00fablicas iniciales, las FPO son emisiones adicionales de acciones a trav\u00e9s de ofertas p\u00fablicas secundarias (SPO) o nuevas colocaciones.<\/span><\/p>\n<h5>Tipos de FPO cubiertos por el servicio:<\/h5>\n<ul>\n<li><span style=\"font-weight: 400;\">Emisi\u00f3n de acciones FPO: se ofrecen nuevas acciones al p\u00fablico a un precio fijado con descuento respecto al valor de mercado en una fecha determinada. Este tipo de evento incrementa el n\u00famero total de acciones en circulaci\u00f3n y genera diluci\u00f3n para los accionistas actuales. <\/span><\/li>\n<li><span style=\"font-weight: 400;\">Oferta estrat\u00e9gica de acciones: los accionistas existentes venden acciones ya emitidas. No se crean nuevas acciones, por lo tanto, no hay diluci\u00f3n. <\/span><\/li>\n<li><span style=\"font-weight: 400;\">Venta combinada (SPO + estrat\u00e9gica): la oferta incluye tanto nuevas acciones como reventa de acciones existentes.<\/span><\/li>\n<li><span style=\"font-weight: 400;\">Opci\u00f3n Greenshoe: se habilitan acciones adicionales en caso de sobresuscripci\u00f3n. Estas pueden ser nuevas, existentes o una combinaci\u00f3n de ambas. <\/span><\/li>\n<\/ul>\n","protected":false},"featured_media":34154,"template":"","country":[2368,1985,2108,2138,2139,1936,2013,1933,2106,2031,2087,2112,2113,2021,2022,1971,2016,2017,2184,2362,2027,2039,1951,1952,1919,2283,1927,1928,2086,2003,1964,1981,1982,2132,2133,1983,2057,1916,1917,2046,1961,1923,1980,1957,1958,1978,1972,1977,2052,2044,2045,2020,2028,1956,2005,2018,1858,2012,2065,2094,1968,1993,2364,2365,1994,2010,2002,2096,2097,2100,1925,1926,1955,2062,2056,1988,2090,2091,2007,1935,1973,1974,1875,2222,2064,1959,1960,2058,2049,2000,1970,2092,2093,1889,1890,1940,2204,1930,2009,2098,2014,2015,2059,2001,2109,1979,2011,1987,1934,2107,2040,2041,2019,1932,2200,2037,2038,2024,1939,2008,2050,2051,2053,2054,2048,2060,2004,1989,1963,1929,2110,2111,1962,2029,2030,2361,1931,2363,1924,2236,2104,2105,1995,2006,1869,1948,2366,2331,2088,1941,2089,1986,1918,1902,2095,2370,2101,2063,2047,1984,2043,2042,1990,2055,2033,2034,1976,1969,1887,2369,2032,1967,2061,2099,2367,1946,1947],"product_category":[3182,3178],"class_list":["post-35999","product","type-product","status-publish","has-post-thumbnail","hentry","product_category-acciones-corporativas","product_category-productos-y-servicios"],"acf":[],"yoast_head":"<!-- This site is optimized with the Yoast SEO Premium plugin v26.0 (Yoast SEO v26.0) - https:\/\/yoast.com\/wordpress\/plugins\/seo\/ -->\n<title>Accurate Datos de Oferta P\u00fablica Inicial | IPO &amp; FPO Announcements<\/title>\n<meta name=\"description\" content=\"Track global datos de oferta p\u00fablica inicial at all IPO stages. Access key details from 150+ stock exchanges and secondary offerings including Greenshoe options.\" \/>\n<meta name=\"robots\" content=\"index, follow, max-snippet:-1, max-image-preview:large, max-video-preview:-1\" \/>\n<link rel=\"canonical\" href=\"https:\/\/www.exchange-data.com\/es\/producto\/ofertas-publicas-iniciales\/\" \/>\n<meta property=\"og:locale\" content=\"es_ES\" \/>\n<meta property=\"og:type\" content=\"article\" \/>\n<meta property=\"og:title\" content=\"Oferta P\u00fablica Inicial (OPI)\" \/>\n<meta property=\"og:description\" content=\"Pida que le env\u00eden datos sobre ofertas p\u00fablicas iniciales de forma sencilla y averig\u00fce si una empresa objetivo ha declarado su intenci\u00f3n de salir a bolsa. A continuaci\u00f3n, utilice esa informaci\u00f3n para crear una emisi\u00f3n en su base de datos de referencia. EDI realiza un seguimiento de las OPI en todo el mundo utilizando las bolsas locales como principal fuente de informaci\u00f3n, junto con fuentes secundarias como peri\u00f3dicos locales, agencias de noticias, etc.\" \/>\n<meta property=\"og:url\" content=\"https:\/\/www.exchange-data.com\/es\/producto\/ofertas-publicas-iniciales\/\" \/>\n<meta property=\"og:site_name\" content=\"Exchange Data International\" \/>\n<meta property=\"article:modified_time\" content=\"2025-10-10T05:33:16+00:00\" \/>\n<meta property=\"og:image\" content=\"https:\/\/www.exchange-data.com\/wp-content\/uploads\/2015\/09\/EDI-Post-Featured-Image-700x400-1.png\" \/>\n<meta name=\"twitter:card\" content=\"summary_large_image\" \/>\n<meta name=\"twitter:title\" content=\"Oferta P\u00fablica Inicial (OPI)\" \/>\n<meta name=\"twitter:description\" content=\"Pida que le env\u00eden datos sobre ofertas p\u00fablicas iniciales de forma sencilla y averig\u00fce si una empresa objetivo ha declarado su intenci\u00f3n de salir a bolsa. A continuaci\u00f3n, utilice esa informaci\u00f3n para crear una emisi\u00f3n en su base de datos de referencia. EDI realiza un seguimiento de las OPI en todo el mundo utilizando las bolsas locales como principal fuente de informaci\u00f3n, junto con fuentes secundarias como peri\u00f3dicos locales, agencias de noticias, etc.\" \/>\n<meta name=\"twitter:image\" content=\"https:\/\/www.exchange-data.com\/wp-content\/uploads\/2015\/09\/EDI-Post-Featured-Image-700x400-1.png\" \/>\n<meta name=\"twitter:site\" content=\"@ExchangeData\" \/>\n<meta name=\"twitter:label1\" content=\"Tiempo de lectura\" \/>\n\t<meta name=\"twitter:data1\" content=\"2 minutos\" \/>\n<script type=\"application\/ld+json\" class=\"yoast-schema-graph\">{\"@context\":\"https:\/\/schema.org\",\"@graph\":[{\"@type\":\"WebPage\",\"@id\":\"https:\/\/www.exchange-data.com\/es\/producto\/ofertas-publicas-iniciales\/\",\"url\":\"https:\/\/www.exchange-data.com\/es\/producto\/ofertas-publicas-iniciales\/\",\"name\":\"Accurate Datos de Oferta P\u00fablica Inicial | IPO & FPO Announcements\",\"isPartOf\":{\"@id\":\"https:\/\/www.exchange-data.com\/es\/#website\"},\"primaryImageOfPage\":{\"@id\":\"https:\/\/www.exchange-data.com\/es\/producto\/ofertas-publicas-iniciales\/#primaryimage\"},\"image\":{\"@id\":\"https:\/\/www.exchange-data.com\/es\/producto\/ofertas-publicas-iniciales\/#primaryimage\"},\"thumbnailUrl\":\"https:\/\/www.exchange-data.com\/wp-content\/uploads\/2015\/09\/EDI-Post-Featured-Image-700x400-1.png\",\"datePublished\":\"2019-03-28T16:34:28+00:00\",\"dateModified\":\"2025-10-10T05:33:16+00:00\",\"description\":\"Track global datos de oferta p\u00fablica inicial at all IPO stages. Access key details from 150+ stock exchanges and secondary offerings including Greenshoe options.\",\"breadcrumb\":{\"@id\":\"https:\/\/www.exchange-data.com\/es\/producto\/ofertas-publicas-iniciales\/#breadcrumb\"},\"inLanguage\":\"es\",\"potentialAction\":[{\"@type\":\"ReadAction\",\"target\":[\"https:\/\/www.exchange-data.com\/es\/producto\/ofertas-publicas-iniciales\/\"]}]},{\"@type\":\"ImageObject\",\"inLanguage\":\"es\",\"@id\":\"https:\/\/www.exchange-data.com\/es\/producto\/ofertas-publicas-iniciales\/#primaryimage\",\"url\":\"https:\/\/www.exchange-data.com\/wp-content\/uploads\/2015\/09\/EDI-Post-Featured-Image-700x400-1.png\",\"contentUrl\":\"https:\/\/www.exchange-data.com\/wp-content\/uploads\/2015\/09\/EDI-Post-Featured-Image-700x400-1.png\",\"width\":700,\"height\":400,\"caption\":\"Exchange Data International\"},{\"@type\":\"BreadcrumbList\",\"@id\":\"https:\/\/www.exchange-data.com\/es\/producto\/ofertas-publicas-iniciales\/#breadcrumb\",\"itemListElement\":[{\"@type\":\"ListItem\",\"position\":1,\"name\":\"Home\",\"item\":\"https:\/\/www.exchange-data.com\/es\/inicio\/\"},{\"@type\":\"ListItem\",\"position\":2,\"name\":\"Ofertas P\u00fablicas Iniciales (OPI)\"}]},{\"@type\":\"WebSite\",\"@id\":\"https:\/\/www.exchange-data.com\/es\/#website\",\"url\":\"https:\/\/www.exchange-data.com\/es\/\",\"name\":\"Exchange Data International\",\"description\":\"Doing data differently\",\"publisher\":{\"@id\":\"https:\/\/www.exchange-data.com\/es\/#organization\"},\"potentialAction\":[{\"@type\":\"SearchAction\",\"target\":{\"@type\":\"EntryPoint\",\"urlTemplate\":\"https:\/\/www.exchange-data.com\/es\/?s={search_term_string}\"},\"query-input\":{\"@type\":\"PropertyValueSpecification\",\"valueRequired\":true,\"valueName\":\"search_term_string\"}}],\"inLanguage\":\"es\"},{\"@type\":\"Organization\",\"@id\":\"https:\/\/www.exchange-data.com\/es\/#organization\",\"name\":\"Exchange Data International\",\"url\":\"https:\/\/www.exchange-data.com\/es\/\",\"logo\":{\"@type\":\"ImageObject\",\"inLanguage\":\"es\",\"@id\":\"https:\/\/www.exchange-data.com\/es\/#\/schema\/logo\/image\/\",\"url\":\"https:\/\/www.exchange-data.com\/wp-content\/uploads\/2019\/03\/logo3.png\",\"contentUrl\":\"https:\/\/www.exchange-data.com\/wp-content\/uploads\/2019\/03\/logo3.png\",\"width\":200,\"height\":80,\"caption\":\"Exchange Data International\"},\"image\":{\"@id\":\"https:\/\/www.exchange-data.com\/es\/#\/schema\/logo\/image\/\"},\"sameAs\":[\"https:\/\/x.com\/ExchangeData\",\"https:\/\/www.linkedin.com\/company\/exchange-data-international\/?viewAsMember=true\",\"https:\/\/www.youtube.com\/channel\/UC5D1OpUb22YZANRLD_Ktcgg?view_as=subscriber\"]}]}<\/script>\n<!-- \/ Yoast SEO Premium plugin. -->","yoast_head_json":{"title":"Accurate Datos de Oferta P\u00fablica Inicial | IPO & FPO Announcements","description":"Track global datos de oferta p\u00fablica inicial at all IPO stages. Access key details from 150+ stock exchanges and secondary offerings including Greenshoe options.","robots":{"index":"index","follow":"follow","max-snippet":"max-snippet:-1","max-image-preview":"max-image-preview:large","max-video-preview":"max-video-preview:-1"},"canonical":"https:\/\/www.exchange-data.com\/es\/producto\/ofertas-publicas-iniciales\/","og_locale":"es_ES","og_type":"article","og_title":"Oferta P\u00fablica Inicial (OPI)","og_description":"Pida que le env\u00eden datos sobre ofertas p\u00fablicas iniciales de forma sencilla y averig\u00fce si una empresa objetivo ha declarado su intenci\u00f3n de salir a bolsa. A continuaci\u00f3n, utilice esa informaci\u00f3n para crear una emisi\u00f3n en su base de datos de referencia. EDI realiza un seguimiento de las OPI en todo el mundo utilizando las bolsas locales como principal fuente de informaci\u00f3n, junto con fuentes secundarias como peri\u00f3dicos locales, agencias de noticias, etc.","og_url":"https:\/\/www.exchange-data.com\/es\/producto\/ofertas-publicas-iniciales\/","og_site_name":"Exchange Data International","article_modified_time":"2025-10-10T05:33:16+00:00","og_image":[{"url":"https:\/\/www.exchange-data.com\/wp-content\/uploads\/2015\/09\/EDI-Post-Featured-Image-700x400-1.png","type":"","width":"","height":""}],"twitter_card":"summary_large_image","twitter_title":"Oferta P\u00fablica Inicial (OPI)","twitter_description":"Pida que le env\u00eden datos sobre ofertas p\u00fablicas iniciales de forma sencilla y averig\u00fce si una empresa objetivo ha declarado su intenci\u00f3n de salir a bolsa. A continuaci\u00f3n, utilice esa informaci\u00f3n para crear una emisi\u00f3n en su base de datos de referencia. EDI realiza un seguimiento de las OPI en todo el mundo utilizando las bolsas locales como principal fuente de informaci\u00f3n, junto con fuentes secundarias como peri\u00f3dicos locales, agencias de noticias, etc.","twitter_image":"https:\/\/www.exchange-data.com\/wp-content\/uploads\/2015\/09\/EDI-Post-Featured-Image-700x400-1.png","twitter_site":"@ExchangeData","twitter_misc":{"Tiempo de lectura":"2 minutos"},"schema":{"@context":"https:\/\/schema.org","@graph":[{"@type":"WebPage","@id":"https:\/\/www.exchange-data.com\/es\/producto\/ofertas-publicas-iniciales\/","url":"https:\/\/www.exchange-data.com\/es\/producto\/ofertas-publicas-iniciales\/","name":"Accurate Datos de Oferta P\u00fablica Inicial | IPO & FPO Announcements","isPartOf":{"@id":"https:\/\/www.exchange-data.com\/es\/#website"},"primaryImageOfPage":{"@id":"https:\/\/www.exchange-data.com\/es\/producto\/ofertas-publicas-iniciales\/#primaryimage"},"image":{"@id":"https:\/\/www.exchange-data.com\/es\/producto\/ofertas-publicas-iniciales\/#primaryimage"},"thumbnailUrl":"https:\/\/www.exchange-data.com\/wp-content\/uploads\/2015\/09\/EDI-Post-Featured-Image-700x400-1.png","datePublished":"2019-03-28T16:34:28+00:00","dateModified":"2025-10-10T05:33:16+00:00","description":"Track global datos de oferta p\u00fablica inicial at all IPO stages. Access key details from 150+ stock exchanges and secondary offerings including Greenshoe options.","breadcrumb":{"@id":"https:\/\/www.exchange-data.com\/es\/producto\/ofertas-publicas-iniciales\/#breadcrumb"},"inLanguage":"es","potentialAction":[{"@type":"ReadAction","target":["https:\/\/www.exchange-data.com\/es\/producto\/ofertas-publicas-iniciales\/"]}]},{"@type":"ImageObject","inLanguage":"es","@id":"https:\/\/www.exchange-data.com\/es\/producto\/ofertas-publicas-iniciales\/#primaryimage","url":"https:\/\/www.exchange-data.com\/wp-content\/uploads\/2015\/09\/EDI-Post-Featured-Image-700x400-1.png","contentUrl":"https:\/\/www.exchange-data.com\/wp-content\/uploads\/2015\/09\/EDI-Post-Featured-Image-700x400-1.png","width":700,"height":400,"caption":"Exchange Data International"},{"@type":"BreadcrumbList","@id":"https:\/\/www.exchange-data.com\/es\/producto\/ofertas-publicas-iniciales\/#breadcrumb","itemListElement":[{"@type":"ListItem","position":1,"name":"Home","item":"https:\/\/www.exchange-data.com\/es\/inicio\/"},{"@type":"ListItem","position":2,"name":"Ofertas P\u00fablicas Iniciales (OPI)"}]},{"@type":"WebSite","@id":"https:\/\/www.exchange-data.com\/es\/#website","url":"https:\/\/www.exchange-data.com\/es\/","name":"Exchange Data International","description":"Doing data differently","publisher":{"@id":"https:\/\/www.exchange-data.com\/es\/#organization"},"potentialAction":[{"@type":"SearchAction","target":{"@type":"EntryPoint","urlTemplate":"https:\/\/www.exchange-data.com\/es\/?s={search_term_string}"},"query-input":{"@type":"PropertyValueSpecification","valueRequired":true,"valueName":"search_term_string"}}],"inLanguage":"es"},{"@type":"Organization","@id":"https:\/\/www.exchange-data.com\/es\/#organization","name":"Exchange Data International","url":"https:\/\/www.exchange-data.com\/es\/","logo":{"@type":"ImageObject","inLanguage":"es","@id":"https:\/\/www.exchange-data.com\/es\/#\/schema\/logo\/image\/","url":"https:\/\/www.exchange-data.com\/wp-content\/uploads\/2019\/03\/logo3.png","contentUrl":"https:\/\/www.exchange-data.com\/wp-content\/uploads\/2019\/03\/logo3.png","width":200,"height":80,"caption":"Exchange Data International"},"image":{"@id":"https:\/\/www.exchange-data.com\/es\/#\/schema\/logo\/image\/"},"sameAs":["https:\/\/x.com\/ExchangeData","https:\/\/www.linkedin.com\/company\/exchange-data-international\/?viewAsMember=true","https:\/\/www.youtube.com\/channel\/UC5D1OpUb22YZANRLD_Ktcgg?view_as=subscriber"]}]}},"_links":{"self":[{"href":"https:\/\/www.exchange-data.com\/es\/wp-json\/wp\/v2\/product\/35999","targetHints":{"allow":["GET"]}}],"collection":[{"href":"https:\/\/www.exchange-data.com\/es\/wp-json\/wp\/v2\/product"}],"about":[{"href":"https:\/\/www.exchange-data.com\/es\/wp-json\/wp\/v2\/types\/product"}],"wp:featuredmedia":[{"embeddable":true,"href":"https:\/\/www.exchange-data.com\/es\/wp-json\/wp\/v2\/media\/34154"}],"wp:attachment":[{"href":"https:\/\/www.exchange-data.com\/es\/wp-json\/wp\/v2\/media?parent=35999"}],"wp:term":[{"taxonomy":"country","embeddable":true,"href":"https:\/\/www.exchange-data.com\/es\/wp-json\/wp\/v2\/country?post=35999"},{"taxonomy":"product_category","embeddable":true,"href":"https:\/\/www.exchange-data.com\/es\/wp-json\/wp\/v2\/product_category?post=35999"}],"curies":[{"name":"wp","href":"https:\/\/api.w.org\/{rel}","templated":true}]}}