{"id":36000,"date":"2020-05-19T09:21:28","date_gmt":"2020-05-19T08:21:28","guid":{"rendered":"https:\/\/www.exchange-data.com\/product\/vl-de-los-fondos-de-inversion\/"},"modified":"2025-10-07T11:30:32","modified_gmt":"2025-10-07T10:30:32","slug":"vl-de-los-fondos-de-inversion","status":"publish","type":"product","link":"https:\/\/www.exchange-data.com\/es\/producto\/vl-de-los-fondos-de-inversion\/","title":{"rendered":"Valor Neto de los Activos de Fondos (NAVs)"},"content":{"rendered":"<p><span style=\"font-weight: 400;\">El servicio de Valor Neto de los Activos de Fondos (NAVs) proporciona una base de datos personalizada de valores liquidativos para instituciones financieras. La industria global de fondos de inversi\u00f3n est\u00e1 valorada en aproximadamente 100 billones de d\u00f3lares, y la proporci\u00f3n de activos gestionados mediante fondos contin\u00faa creciendo, especialmente en mercados emergentes.  <\/span><\/p>\n<p>Perfil t\u00edpico de cliente Este servicio est\u00e1 dise\u00f1ado para atender las necesidades de diversos actores del ecosistema financiero, incluyendo:<\/p>\n<ul>\n<li>Firmas de auditor\u00eda<\/li>\n<li>Proveedores de sistemas de back-office<\/li>\n<li>Proveedores de datos<\/li>\n<li>Oficinas familiares (Family Offices)<\/li>\n<li>Empresas de an\u00e1lisis de fondos<\/li>\n<li>Supermercados de fondos<\/li>\n<li>Servicios independientes de valoraci\u00f3n<\/li>\n<li>Proveedores de \u00edndices<\/li>\n<li>Gestores de riesgos<\/li>\n<li>Proveedores de software<\/li>\n<li>Br\u00f3kers<\/li>\n<li>Gestores de patrimonios<\/li>\n<\/ul>\n<p>&nbsp;<\/p>\n","protected":false},"featured_media":34738,"template":"","country":[1983,2254,1955,2092,2006,1969,1887],"product_category":[3186,3178],"class_list":["post-36000","product","type-product","status-publish","has-post-thumbnail","hentry","product_category-fondos-de-inversion","product_category-productos-y-servicios"],"acf":[],"yoast_head":"<!-- This site is optimized with the Yoast SEO Premium plugin v26.0 (Yoast SEO v26.0) - https:\/\/yoast.com\/wordpress\/plugins\/seo\/ -->\n<title>Valor Neto de los Activos de Fondos | Base de datos personalizada de NAVs<\/title>\n<meta name=\"description\" content=\"Servicio de Valor Neto de los Activos de Fondos que ofrece una base de datos NAV a medida para firmas financieras, con cobertura global y orientaci\u00f3n a mercados emergentes.\" \/>\n<meta name=\"robots\" content=\"index, follow, max-snippet:-1, max-image-preview:large, max-video-preview:-1\" \/>\n<link rel=\"canonical\" href=\"https:\/\/www.exchange-data.com\/es\/producto\/vl-de-los-fondos-de-inversion\/\" \/>\n<meta property=\"og:locale\" content=\"es_ES\" \/>\n<meta property=\"og:type\" content=\"article\" \/>\n<meta property=\"og:title\" content=\"VL de los fondos de inversi\u00f3n\" \/>\n<meta property=\"og:description\" content=\"El Servicio de Valor Neto de los Activos (VAN) de los Fondos de Inversi\u00f3n, cuyo objetivo es ofrecer una base de datos de VAN a medida de las instituciones financieras. Se calcula que el sector de los fondos de inversi\u00f3n mueve unos 100 billones de d\u00f3lares en todo el mundo. La proporci\u00f3n de activos financieros pose\u00eddos a trav\u00e9s de fondos de inversi\u00f3n no ha dejado de crecer y sigue aumentando, sobre todo en los mercados emergentes.\" \/>\n<meta property=\"og:url\" content=\"https:\/\/www.exchange-data.com\/es\/producto\/vl-de-los-fondos-de-inversion\/\" \/>\n<meta property=\"og:site_name\" content=\"Exchange Data International\" \/>\n<meta property=\"article:modified_time\" content=\"2025-10-07T10:30:32+00:00\" \/>\n<meta property=\"og:image\" content=\"https:\/\/www.exchange-data.com\/wp-content\/uploads\/2020\/05\/Investment-Fund-NAVs-1200-x-627-18-1024x535.png\" \/>\n<meta name=\"twitter:card\" content=\"summary_large_image\" \/>\n<meta name=\"twitter:title\" content=\"VL de los fondos de inversi\u00f3n\" \/>\n<meta name=\"twitter:description\" content=\"El Servicio de Valor Neto de los Activos (VAN) de los Fondos de Inversi\u00f3n, cuyo objetivo es ofrecer una base de datos de VAN a medida de las instituciones financieras. Se calcula que el sector de los fondos de inversi\u00f3n mueve unos 100 billones de d\u00f3lares en todo el mundo. La proporci\u00f3n de activos financieros pose\u00eddos a trav\u00e9s de fondos de inversi\u00f3n no ha dejado de crecer y sigue aumentando, sobre todo en los mercados emergentes.\" \/>\n<meta name=\"twitter:image\" content=\"https:\/\/www.exchange-data.com\/wp-content\/uploads\/2020\/05\/Investment-Fund-NAVs-1200-x-627-18-1024x535.png\" \/>\n<meta name=\"twitter:site\" content=\"@ExchangeData\" \/>\n<meta name=\"twitter:label1\" content=\"Tiempo de lectura\" \/>\n\t<meta name=\"twitter:data1\" content=\"1 minuto\" \/>\n<script type=\"application\/ld+json\" class=\"yoast-schema-graph\">{\"@context\":\"https:\/\/schema.org\",\"@graph\":[{\"@type\":\"WebPage\",\"@id\":\"https:\/\/www.exchange-data.com\/es\/producto\/vl-de-los-fondos-de-inversion\/\",\"url\":\"https:\/\/www.exchange-data.com\/es\/producto\/vl-de-los-fondos-de-inversion\/\",\"name\":\"Valor Neto de los Activos de Fondos | Base de datos personalizada de NAVs\",\"isPartOf\":{\"@id\":\"https:\/\/www.exchange-data.com\/es\/#website\"},\"primaryImageOfPage\":{\"@id\":\"https:\/\/www.exchange-data.com\/es\/producto\/vl-de-los-fondos-de-inversion\/#primaryimage\"},\"image\":{\"@id\":\"https:\/\/www.exchange-data.com\/es\/producto\/vl-de-los-fondos-de-inversion\/#primaryimage\"},\"thumbnailUrl\":\"https:\/\/www.exchange-data.com\/wp-content\/uploads\/2022\/04\/EDI-Default-Image-1200x630-1.png\",\"datePublished\":\"2020-05-19T08:21:28+00:00\",\"dateModified\":\"2025-10-07T10:30:32+00:00\",\"description\":\"Servicio de Valor Neto de los Activos de Fondos que ofrece una base de datos NAV a medida para firmas financieras, con cobertura global y orientaci\u00f3n a mercados emergentes.\",\"breadcrumb\":{\"@id\":\"https:\/\/www.exchange-data.com\/es\/producto\/vl-de-los-fondos-de-inversion\/#breadcrumb\"},\"inLanguage\":\"es\",\"potentialAction\":[{\"@type\":\"ReadAction\",\"target\":[\"https:\/\/www.exchange-data.com\/es\/producto\/vl-de-los-fondos-de-inversion\/\"]}]},{\"@type\":\"ImageObject\",\"inLanguage\":\"es\",\"@id\":\"https:\/\/www.exchange-data.com\/es\/producto\/vl-de-los-fondos-de-inversion\/#primaryimage\",\"url\":\"https:\/\/www.exchange-data.com\/wp-content\/uploads\/2022\/04\/EDI-Default-Image-1200x630-1.png\",\"contentUrl\":\"https:\/\/www.exchange-data.com\/wp-content\/uploads\/2022\/04\/EDI-Default-Image-1200x630-1.png\",\"width\":1200,\"height\":630},{\"@type\":\"BreadcrumbList\",\"@id\":\"https:\/\/www.exchange-data.com\/es\/producto\/vl-de-los-fondos-de-inversion\/#breadcrumb\",\"itemListElement\":[{\"@type\":\"ListItem\",\"position\":1,\"name\":\"Home\",\"item\":\"https:\/\/www.exchange-data.com\/es\/inicio\/\"},{\"@type\":\"ListItem\",\"position\":2,\"name\":\"Valor Neto de los Activos de Fondos (NAVs)\"}]},{\"@type\":\"WebSite\",\"@id\":\"https:\/\/www.exchange-data.com\/es\/#website\",\"url\":\"https:\/\/www.exchange-data.com\/es\/\",\"name\":\"Exchange Data International\",\"description\":\"Doing data differently\",\"publisher\":{\"@id\":\"https:\/\/www.exchange-data.com\/es\/#organization\"},\"potentialAction\":[{\"@type\":\"SearchAction\",\"target\":{\"@type\":\"EntryPoint\",\"urlTemplate\":\"https:\/\/www.exchange-data.com\/es\/?s={search_term_string}\"},\"query-input\":{\"@type\":\"PropertyValueSpecification\",\"valueRequired\":true,\"valueName\":\"search_term_string\"}}],\"inLanguage\":\"es\"},{\"@type\":\"Organization\",\"@id\":\"https:\/\/www.exchange-data.com\/es\/#organization\",\"name\":\"Exchange Data International\",\"url\":\"https:\/\/www.exchange-data.com\/es\/\",\"logo\":{\"@type\":\"ImageObject\",\"inLanguage\":\"es\",\"@id\":\"https:\/\/www.exchange-data.com\/es\/#\/schema\/logo\/image\/\",\"url\":\"https:\/\/www.exchange-data.com\/wp-content\/uploads\/2019\/03\/logo3.png\",\"contentUrl\":\"https:\/\/www.exchange-data.com\/wp-content\/uploads\/2019\/03\/logo3.png\",\"width\":200,\"height\":80,\"caption\":\"Exchange Data International\"},\"image\":{\"@id\":\"https:\/\/www.exchange-data.com\/es\/#\/schema\/logo\/image\/\"},\"sameAs\":[\"https:\/\/x.com\/ExchangeData\",\"https:\/\/www.linkedin.com\/company\/exchange-data-international\/?viewAsMember=true\",\"https:\/\/www.youtube.com\/channel\/UC5D1OpUb22YZANRLD_Ktcgg?view_as=subscriber\"]}]}<\/script>\n<!-- \/ Yoast SEO Premium plugin. -->","yoast_head_json":{"title":"Valor Neto de los Activos de Fondos | Base de datos personalizada de NAVs","description":"Servicio de Valor Neto de los Activos de Fondos que ofrece una base de datos NAV a medida para firmas financieras, con cobertura global y orientaci\u00f3n a mercados emergentes.","robots":{"index":"index","follow":"follow","max-snippet":"max-snippet:-1","max-image-preview":"max-image-preview:large","max-video-preview":"max-video-preview:-1"},"canonical":"https:\/\/www.exchange-data.com\/es\/producto\/vl-de-los-fondos-de-inversion\/","og_locale":"es_ES","og_type":"article","og_title":"VL de los fondos de inversi\u00f3n","og_description":"El Servicio de Valor Neto de los Activos (VAN) de los Fondos de Inversi\u00f3n, cuyo objetivo es ofrecer una base de datos de VAN a medida de las instituciones financieras. Se calcula que el sector de los fondos de inversi\u00f3n mueve unos 100 billones de d\u00f3lares en todo el mundo. La proporci\u00f3n de activos financieros pose\u00eddos a trav\u00e9s de fondos de inversi\u00f3n no ha dejado de crecer y sigue aumentando, sobre todo en los mercados emergentes.","og_url":"https:\/\/www.exchange-data.com\/es\/producto\/vl-de-los-fondos-de-inversion\/","og_site_name":"Exchange Data International","article_modified_time":"2025-10-07T10:30:32+00:00","og_image":[{"url":"https:\/\/www.exchange-data.com\/wp-content\/uploads\/2020\/05\/Investment-Fund-NAVs-1200-x-627-18-1024x535.png","type":"","width":"","height":""}],"twitter_card":"summary_large_image","twitter_title":"VL de los fondos de inversi\u00f3n","twitter_description":"El Servicio de Valor Neto de los Activos (VAN) de los Fondos de Inversi\u00f3n, cuyo objetivo es ofrecer una base de datos de VAN a medida de las instituciones financieras. Se calcula que el sector de los fondos de inversi\u00f3n mueve unos 100 billones de d\u00f3lares en todo el mundo. La proporci\u00f3n de activos financieros pose\u00eddos a trav\u00e9s de fondos de inversi\u00f3n no ha dejado de crecer y sigue aumentando, sobre todo en los mercados emergentes.","twitter_image":"https:\/\/www.exchange-data.com\/wp-content\/uploads\/2020\/05\/Investment-Fund-NAVs-1200-x-627-18-1024x535.png","twitter_site":"@ExchangeData","twitter_misc":{"Tiempo de lectura":"1 minuto"},"schema":{"@context":"https:\/\/schema.org","@graph":[{"@type":"WebPage","@id":"https:\/\/www.exchange-data.com\/es\/producto\/vl-de-los-fondos-de-inversion\/","url":"https:\/\/www.exchange-data.com\/es\/producto\/vl-de-los-fondos-de-inversion\/","name":"Valor Neto de los Activos de Fondos | Base de datos personalizada de NAVs","isPartOf":{"@id":"https:\/\/www.exchange-data.com\/es\/#website"},"primaryImageOfPage":{"@id":"https:\/\/www.exchange-data.com\/es\/producto\/vl-de-los-fondos-de-inversion\/#primaryimage"},"image":{"@id":"https:\/\/www.exchange-data.com\/es\/producto\/vl-de-los-fondos-de-inversion\/#primaryimage"},"thumbnailUrl":"https:\/\/www.exchange-data.com\/wp-content\/uploads\/2022\/04\/EDI-Default-Image-1200x630-1.png","datePublished":"2020-05-19T08:21:28+00:00","dateModified":"2025-10-07T10:30:32+00:00","description":"Servicio de Valor Neto de los Activos de Fondos que ofrece una base de datos NAV a medida para firmas financieras, con cobertura global y orientaci\u00f3n a mercados emergentes.","breadcrumb":{"@id":"https:\/\/www.exchange-data.com\/es\/producto\/vl-de-los-fondos-de-inversion\/#breadcrumb"},"inLanguage":"es","potentialAction":[{"@type":"ReadAction","target":["https:\/\/www.exchange-data.com\/es\/producto\/vl-de-los-fondos-de-inversion\/"]}]},{"@type":"ImageObject","inLanguage":"es","@id":"https:\/\/www.exchange-data.com\/es\/producto\/vl-de-los-fondos-de-inversion\/#primaryimage","url":"https:\/\/www.exchange-data.com\/wp-content\/uploads\/2022\/04\/EDI-Default-Image-1200x630-1.png","contentUrl":"https:\/\/www.exchange-data.com\/wp-content\/uploads\/2022\/04\/EDI-Default-Image-1200x630-1.png","width":1200,"height":630},{"@type":"BreadcrumbList","@id":"https:\/\/www.exchange-data.com\/es\/producto\/vl-de-los-fondos-de-inversion\/#breadcrumb","itemListElement":[{"@type":"ListItem","position":1,"name":"Home","item":"https:\/\/www.exchange-data.com\/es\/inicio\/"},{"@type":"ListItem","position":2,"name":"Valor Neto de los Activos de Fondos (NAVs)"}]},{"@type":"WebSite","@id":"https:\/\/www.exchange-data.com\/es\/#website","url":"https:\/\/www.exchange-data.com\/es\/","name":"Exchange Data International","description":"Doing data differently","publisher":{"@id":"https:\/\/www.exchange-data.com\/es\/#organization"},"potentialAction":[{"@type":"SearchAction","target":{"@type":"EntryPoint","urlTemplate":"https:\/\/www.exchange-data.com\/es\/?s={search_term_string}"},"query-input":{"@type":"PropertyValueSpecification","valueRequired":true,"valueName":"search_term_string"}}],"inLanguage":"es"},{"@type":"Organization","@id":"https:\/\/www.exchange-data.com\/es\/#organization","name":"Exchange Data International","url":"https:\/\/www.exchange-data.com\/es\/","logo":{"@type":"ImageObject","inLanguage":"es","@id":"https:\/\/www.exchange-data.com\/es\/#\/schema\/logo\/image\/","url":"https:\/\/www.exchange-data.com\/wp-content\/uploads\/2019\/03\/logo3.png","contentUrl":"https:\/\/www.exchange-data.com\/wp-content\/uploads\/2019\/03\/logo3.png","width":200,"height":80,"caption":"Exchange Data International"},"image":{"@id":"https:\/\/www.exchange-data.com\/es\/#\/schema\/logo\/image\/"},"sameAs":["https:\/\/x.com\/ExchangeData","https:\/\/www.linkedin.com\/company\/exchange-data-international\/?viewAsMember=true","https:\/\/www.youtube.com\/channel\/UC5D1OpUb22YZANRLD_Ktcgg?view_as=subscriber"]}]}},"_links":{"self":[{"href":"https:\/\/www.exchange-data.com\/es\/wp-json\/wp\/v2\/product\/36000","targetHints":{"allow":["GET"]}}],"collection":[{"href":"https:\/\/www.exchange-data.com\/es\/wp-json\/wp\/v2\/product"}],"about":[{"href":"https:\/\/www.exchange-data.com\/es\/wp-json\/wp\/v2\/types\/product"}],"wp:featuredmedia":[{"embeddable":true,"href":"https:\/\/www.exchange-data.com\/es\/wp-json\/wp\/v2\/media\/34738"}],"wp:attachment":[{"href":"https:\/\/www.exchange-data.com\/es\/wp-json\/wp\/v2\/media?parent=36000"}],"wp:term":[{"taxonomy":"country","embeddable":true,"href":"https:\/\/www.exchange-data.com\/es\/wp-json\/wp\/v2\/country?post=36000"},{"taxonomy":"product_category","embeddable":true,"href":"https:\/\/www.exchange-data.com\/es\/wp-json\/wp\/v2\/product_category?post=36000"}],"curies":[{"name":"wp","href":"https:\/\/api.w.org\/{rel}","templated":true}]}}