{"id":36001,"date":"2023-11-21T20:47:16","date_gmt":"2023-11-21T19:47:16","guid":{"rendered":"https:\/\/www.exchange-data.com\/product\/breves-en-directo-pro-global-markets\/"},"modified":"2025-10-07T05:34:35","modified_gmt":"2025-10-07T04:34:35","slug":"breves-en-directo-pro-global-markets","status":"publish","type":"product","link":"https:\/\/www.exchange-data.com\/es\/producto\/breves-en-directo-pro-global-markets\/","title":{"rendered":"Informes en Tiempo real PRO Mercados Globales"},"content":{"rendered":"<p><span style=\"font-weight: 400;\">MT Newswires ofrece comentarios premium intrad\u00eda y noticias de \u00faltima hora sobre una amplia gama de mercados: Renta variable, Renta fija, Divisas, Materias primas energ\u00e9ticas, Econom\u00eda global La cobertura incluye EE.\u202fUU., Canad\u00e1, Europa y Asia, con foco en los valores y eventos m\u00e1s relevantes de los mercados desarrollados. Los informes est\u00e1n dise\u00f1ados para ofrecer una visi\u00f3n r\u00e1pida y precisa, destacando tanto el impacto inmediato como las implicaciones a largo plazo en la econom\u00eda y las pol\u00edticas de los bancos centrales. <\/span><\/p>\n<p><span style=\"font-weight: 400;\">Este servicio est\u00e1 pensado para mantener informados a gestores de patrimonio y participantes del mercado sobre eventos clave que mueven los mercados a nivel mundial, gracias a sus datos del mercado en tiempo real.<\/span><\/p>\n<p><span style=\"font-weight: 400;\">Cada noticia est\u00e1 asociada a su ticker y categorizada, lo que permite una integraci\u00f3n fluida en plataformas profesionales<\/span><\/p>\n<ul>\n<li><span style=\"font-weight: 400;\">Cobertura original en tiempo real de m\u00e1s de 170 categor\u00edas multiactivo, incluyendo:<\/span><\/li>\n<li><span style=\"font-weight: 400;\">Renta variable global: eventos relevantes que afectan a empresas en Norteam\u00e9rica, Europa, Asia, \u00c1frica y Oriente Medio<\/span><\/li>\n<li><span style=\"font-weight: 400;\">Noticias macroecon\u00f3micas globales y res\u00famenes de mercado;<\/span><\/li>\n<li><span style=\"font-weight: 400;\">Res\u00famenes sectoriales (preapertura, media sesi\u00f3n y cierre);<\/span><\/li>\n<li><span style=\"font-weight: 400;\">Comentarios sobre divisas globales;<\/span><\/li>\n<li><span style=\"font-weight: 400;\">Informaci\u00f3n diaria sobre energ\u00eda y metales preciosos;<\/span><\/li>\n<li><span style=\"font-weight: 400;\">Actualizaciones destacadas durante toda la jornada burs\u00e1til;<\/span><\/li>\n<li><span style=\"font-weight: 400;\">Cambios en estimaciones de resultados;<\/span><\/li>\n<li><span style=\"font-weight: 400;\">Revisiones de calificaci\u00f3n por parte de analistas;<\/span><\/li>\n<li><span style=\"font-weight: 400;\">Noticias preapertura y fuera de horario, actividad de mercado y niveles t\u00e9cnicos;<\/span><\/li>\n<li><span style=\"font-weight: 400;\">Opiniones de mercado y an\u00e1lisis de profesionales de la inversi\u00f3n;<\/span><\/li>\n<li><span style=\"font-weight: 400;\">ETF Power Play \u2013 tendencias diarias en la operativa de ETFs<\/span><\/li>\n<li><span style=\"font-weight: 400;\">Insider Trends \u2013 operaciones destacadas de directivos por valor o sector<\/span><\/li>\n<li><span style=\"font-weight: 400;\">Sin ruido: Solo noticias y an\u00e1lisis originales de alto valor. Sin notas de prensa ni contenido irrelevante. <\/span><\/li>\n<\/ul>\n","protected":false},"featured_media":0,"template":"","country":[],"product_category":[3180,3178],"class_list":["post-36001","product","type-product","status-publish","hentry","product_category-ofertas-especializadas-productos-y-servicios","product_category-productos-y-servicios","no-post-thumbnail"],"acf":[],"yoast_head":"<!-- This site is optimized with the Yoast SEO Premium plugin v26.0 (Yoast SEO v26.0) - https:\/\/yoast.com\/wordpress\/plugins\/seo\/ -->\n<title>Informes en Tiempo real PRO Mercados Globales | Exchange Data International<\/title>\n<meta name=\"description\" content=\"Sigue los mercados globales con Datos del mercado en tiempo real y comentarios expertos de Live Briefs PRO. Informaci\u00f3n clave para decisiones \u00e1giles y precisas.\" \/>\n<meta name=\"robots\" content=\"index, follow, max-snippet:-1, max-image-preview:large, max-video-preview:-1\" \/>\n<link rel=\"canonical\" href=\"https:\/\/www.exchange-data.com\/es\/producto\/breves-en-directo-pro-global-markets\/\" \/>\n<meta property=\"og:locale\" content=\"es_ES\" \/>\n<meta property=\"og:type\" content=\"article\" \/>\n<meta property=\"og:title\" content=\"Informes en Tiempo real PRO Mercados Globales | Exchange Data International\" \/>\n<meta property=\"og:description\" content=\"Sigue los mercados globales con Datos del mercado en tiempo real y comentarios expertos de Live Briefs PRO. Informaci\u00f3n clave para decisiones \u00e1giles y precisas.\" \/>\n<meta property=\"og:url\" content=\"https:\/\/www.exchange-data.com\/es\/producto\/breves-en-directo-pro-global-markets\/\" \/>\n<meta property=\"og:site_name\" content=\"Exchange Data International\" \/>\n<meta property=\"article:modified_time\" content=\"2025-10-07T04:34:35+00:00\" \/>\n<meta name=\"twitter:card\" content=\"summary_large_image\" \/>\n<meta name=\"twitter:site\" content=\"@ExchangeData\" \/>\n<meta name=\"twitter:label1\" content=\"Tiempo de lectura\" \/>\n\t<meta name=\"twitter:data1\" content=\"1 minuto\" \/>\n<script type=\"application\/ld+json\" class=\"yoast-schema-graph\">{\"@context\":\"https:\/\/schema.org\",\"@graph\":[{\"@type\":\"WebPage\",\"@id\":\"https:\/\/www.exchange-data.com\/es\/producto\/breves-en-directo-pro-global-markets\/\",\"url\":\"https:\/\/www.exchange-data.com\/es\/producto\/breves-en-directo-pro-global-markets\/\",\"name\":\"Informes en Tiempo real PRO Mercados Globales | Exchange Data International\",\"isPartOf\":{\"@id\":\"https:\/\/www.exchange-data.com\/es\/#website\"},\"datePublished\":\"2023-11-21T19:47:16+00:00\",\"dateModified\":\"2025-10-07T04:34:35+00:00\",\"description\":\"Sigue los mercados globales con Datos del mercado en tiempo real y comentarios expertos de Live Briefs PRO. Informaci\u00f3n clave para decisiones \u00e1giles y precisas.\",\"breadcrumb\":{\"@id\":\"https:\/\/www.exchange-data.com\/es\/producto\/breves-en-directo-pro-global-markets\/#breadcrumb\"},\"inLanguage\":\"es\",\"potentialAction\":[{\"@type\":\"ReadAction\",\"target\":[\"https:\/\/www.exchange-data.com\/es\/producto\/breves-en-directo-pro-global-markets\/\"]}]},{\"@type\":\"BreadcrumbList\",\"@id\":\"https:\/\/www.exchange-data.com\/es\/producto\/breves-en-directo-pro-global-markets\/#breadcrumb\",\"itemListElement\":[{\"@type\":\"ListItem\",\"position\":1,\"name\":\"Home\",\"item\":\"https:\/\/www.exchange-data.com\/es\/inicio\/\"},{\"@type\":\"ListItem\",\"position\":2,\"name\":\"Informes en Tiempo real PRO Mercados Globales\"}]},{\"@type\":\"WebSite\",\"@id\":\"https:\/\/www.exchange-data.com\/es\/#website\",\"url\":\"https:\/\/www.exchange-data.com\/es\/\",\"name\":\"Exchange Data International\",\"description\":\"Doing data differently\",\"publisher\":{\"@id\":\"https:\/\/www.exchange-data.com\/es\/#organization\"},\"potentialAction\":[{\"@type\":\"SearchAction\",\"target\":{\"@type\":\"EntryPoint\",\"urlTemplate\":\"https:\/\/www.exchange-data.com\/es\/?s={search_term_string}\"},\"query-input\":{\"@type\":\"PropertyValueSpecification\",\"valueRequired\":true,\"valueName\":\"search_term_string\"}}],\"inLanguage\":\"es\"},{\"@type\":\"Organization\",\"@id\":\"https:\/\/www.exchange-data.com\/es\/#organization\",\"name\":\"Exchange Data International\",\"url\":\"https:\/\/www.exchange-data.com\/es\/\",\"logo\":{\"@type\":\"ImageObject\",\"inLanguage\":\"es\",\"@id\":\"https:\/\/www.exchange-data.com\/es\/#\/schema\/logo\/image\/\",\"url\":\"https:\/\/www.exchange-data.com\/wp-content\/uploads\/2019\/03\/logo3.png\",\"contentUrl\":\"https:\/\/www.exchange-data.com\/wp-content\/uploads\/2019\/03\/logo3.png\",\"width\":200,\"height\":80,\"caption\":\"Exchange Data International\"},\"image\":{\"@id\":\"https:\/\/www.exchange-data.com\/es\/#\/schema\/logo\/image\/\"},\"sameAs\":[\"https:\/\/x.com\/ExchangeData\",\"https:\/\/www.linkedin.com\/company\/exchange-data-international\/?viewAsMember=true\",\"https:\/\/www.youtube.com\/channel\/UC5D1OpUb22YZANRLD_Ktcgg?view_as=subscriber\"]}]}<\/script>\n<!-- \/ Yoast SEO Premium plugin. -->","yoast_head_json":{"title":"Informes en Tiempo real PRO Mercados Globales | Exchange Data International","description":"Sigue los mercados globales con Datos del mercado en tiempo real y comentarios expertos de Live Briefs PRO. Informaci\u00f3n clave para decisiones \u00e1giles y precisas.","robots":{"index":"index","follow":"follow","max-snippet":"max-snippet:-1","max-image-preview":"max-image-preview:large","max-video-preview":"max-video-preview:-1"},"canonical":"https:\/\/www.exchange-data.com\/es\/producto\/breves-en-directo-pro-global-markets\/","og_locale":"es_ES","og_type":"article","og_title":"Informes en Tiempo real PRO Mercados Globales | Exchange Data International","og_description":"Sigue los mercados globales con Datos del mercado en tiempo real y comentarios expertos de Live Briefs PRO. Informaci\u00f3n clave para decisiones \u00e1giles y precisas.","og_url":"https:\/\/www.exchange-data.com\/es\/producto\/breves-en-directo-pro-global-markets\/","og_site_name":"Exchange Data International","article_modified_time":"2025-10-07T04:34:35+00:00","twitter_card":"summary_large_image","twitter_site":"@ExchangeData","twitter_misc":{"Tiempo de lectura":"1 minuto"},"schema":{"@context":"https:\/\/schema.org","@graph":[{"@type":"WebPage","@id":"https:\/\/www.exchange-data.com\/es\/producto\/breves-en-directo-pro-global-markets\/","url":"https:\/\/www.exchange-data.com\/es\/producto\/breves-en-directo-pro-global-markets\/","name":"Informes en Tiempo real PRO Mercados Globales | Exchange Data International","isPartOf":{"@id":"https:\/\/www.exchange-data.com\/es\/#website"},"datePublished":"2023-11-21T19:47:16+00:00","dateModified":"2025-10-07T04:34:35+00:00","description":"Sigue los mercados globales con Datos del mercado en tiempo real y comentarios expertos de Live Briefs PRO. Informaci\u00f3n clave para decisiones \u00e1giles y precisas.","breadcrumb":{"@id":"https:\/\/www.exchange-data.com\/es\/producto\/breves-en-directo-pro-global-markets\/#breadcrumb"},"inLanguage":"es","potentialAction":[{"@type":"ReadAction","target":["https:\/\/www.exchange-data.com\/es\/producto\/breves-en-directo-pro-global-markets\/"]}]},{"@type":"BreadcrumbList","@id":"https:\/\/www.exchange-data.com\/es\/producto\/breves-en-directo-pro-global-markets\/#breadcrumb","itemListElement":[{"@type":"ListItem","position":1,"name":"Home","item":"https:\/\/www.exchange-data.com\/es\/inicio\/"},{"@type":"ListItem","position":2,"name":"Informes en Tiempo real PRO Mercados Globales"}]},{"@type":"WebSite","@id":"https:\/\/www.exchange-data.com\/es\/#website","url":"https:\/\/www.exchange-data.com\/es\/","name":"Exchange Data International","description":"Doing data differently","publisher":{"@id":"https:\/\/www.exchange-data.com\/es\/#organization"},"potentialAction":[{"@type":"SearchAction","target":{"@type":"EntryPoint","urlTemplate":"https:\/\/www.exchange-data.com\/es\/?s={search_term_string}"},"query-input":{"@type":"PropertyValueSpecification","valueRequired":true,"valueName":"search_term_string"}}],"inLanguage":"es"},{"@type":"Organization","@id":"https:\/\/www.exchange-data.com\/es\/#organization","name":"Exchange Data International","url":"https:\/\/www.exchange-data.com\/es\/","logo":{"@type":"ImageObject","inLanguage":"es","@id":"https:\/\/www.exchange-data.com\/es\/#\/schema\/logo\/image\/","url":"https:\/\/www.exchange-data.com\/wp-content\/uploads\/2019\/03\/logo3.png","contentUrl":"https:\/\/www.exchange-data.com\/wp-content\/uploads\/2019\/03\/logo3.png","width":200,"height":80,"caption":"Exchange Data International"},"image":{"@id":"https:\/\/www.exchange-data.com\/es\/#\/schema\/logo\/image\/"},"sameAs":["https:\/\/x.com\/ExchangeData","https:\/\/www.linkedin.com\/company\/exchange-data-international\/?viewAsMember=true","https:\/\/www.youtube.com\/channel\/UC5D1OpUb22YZANRLD_Ktcgg?view_as=subscriber"]}]}},"_links":{"self":[{"href":"https:\/\/www.exchange-data.com\/es\/wp-json\/wp\/v2\/product\/36001","targetHints":{"allow":["GET"]}}],"collection":[{"href":"https:\/\/www.exchange-data.com\/es\/wp-json\/wp\/v2\/product"}],"about":[{"href":"https:\/\/www.exchange-data.com\/es\/wp-json\/wp\/v2\/types\/product"}],"wp:attachment":[{"href":"https:\/\/www.exchange-data.com\/es\/wp-json\/wp\/v2\/media?parent=36001"}],"wp:term":[{"taxonomy":"country","embeddable":true,"href":"https:\/\/www.exchange-data.com\/es\/wp-json\/wp\/v2\/country?post=36001"},{"taxonomy":"product_category","embeddable":true,"href":"https:\/\/www.exchange-data.com\/es\/wp-json\/wp\/v2\/product_category?post=36001"}],"curies":[{"name":"wp","href":"https:\/\/api.w.org\/{rel}","templated":true}]}}