{"id":36002,"date":"2019-10-09T14:45:28","date_gmt":"2019-10-09T13:45:28","guid":{"rendered":"https:\/\/www.exchange-data.com\/product\/garantia-de-firma-medallion\/"},"modified":"2025-10-07T12:19:35","modified_gmt":"2025-10-07T11:19:35","slug":"garantia-de-firma-medallion","status":"publish","type":"product","link":"https:\/\/www.exchange-data.com\/es\/producto\/garantia-de-firma-medallion\/","title":{"rendered":"Garant\u00eda de Firma Medallion"},"content":{"rendered":"<p><strong>EDI, en alianza con su socio <a href=\"https:\/\/www.exchange-data.com\/es\/socios\/\">Share Data<\/a>, te acompa\u00f1a en la venta o transferencia de acciones y fondos con origen en Estados Unidos o Canad\u00e1.<\/strong><\/p>\n<p><span style=\"font-weight: 400;\">La Garant\u00eda de Firma Medall\u00f3n es un sello especial, validado mediante c\u00f3digo de barras y tinta de seguridad, exigido por agentes de transferencia norteamericanos seg\u00fan el valor del activo \u2014acciones, participaciones u otros instrumentos financieros. Si est\u00e1s gestionando una herencia con activos en EE. UU. o Canad\u00e1, o necesitas realizar cualquier operaci\u00f3n de traspaso de valores, es probable que se requiera este tipo de certificaci\u00f3n (tambi\u00e9n conocida como certificaci\u00f3n, firma o garant\u00eda Medallion). <\/span><\/p>\n<p><span style=\"font-weight: 400;\">Este requisito legal protege contra falsificaci\u00f3n de firmas y limita la responsabilidad en transacciones burs\u00e1tiles.<\/span><\/p>\n<p>Para concretar la venta o transferencia <strong>de valores norteamericanos,<\/strong> se requiere:<\/p>\n<ul>\n<li>Certificar tu firma mediante el sello Medall\u00f3n antes de que el agente de transferencia autorice la operaci\u00f3n. <\/li>\n<li>Firmar el formulario de transferencia de acciones (o su equivalente).<\/li>\n<\/ul>\n<p>Los sellos Medall\u00f3n son emitidos exclusivamente por entidades autorizadas bajo los siguientes programas:<\/p>\n<ul>\n<li>STAMP (Securities Transfer Agents Medallion Program)<\/li>\n<li>SEMP (Stock Exchange Medallion Program)<\/li>\n<li>MSP (Medallion Signature Program), para miembros de la Bolsa de Nueva York<\/li>\n<\/ul>\n<p>Share Data, socio de EDI y miembro del programa STAMP, est\u00e1 autorizado para actuar en nombre de bancos, abogados, corredores, contadores y personas naturales, ofreciendo:<\/p>\n<ul>\n<li>Obtenci\u00f3n del sello Medall\u00f3n en tu nombre<\/li>\n<li>Servicio de entrega en el mismo d\u00eda en la mayor\u00eda de los casos<\/li>\n<\/ul>\n<p>Para m\u00e1s informaci\u00f3n, visita el sitio web de <a href=\"http:\/\/www.sharedata.co.uk\">Share Data<\/a>, escribe a <a href=\"mailto:admin@sharedata.co.uk\">admin@sharedata.co.uk<\/a> o llama al <a href=\"tel:+44140327117\">+44 1403 27117<\/a>. <\/p>\n<h6>Importante: Share Data Ltd no requiere poder notarial para gestionar el sello Medall\u00f3n en operaciones de venta o transferencia de valores estadounidenses o canadienses, ya que cuenta con su propio sello autorizado.<\/h6>\n<p>&nbsp;<\/p>\n","protected":false},"featured_media":33914,"template":"","country":[],"product_category":[3180,3178],"class_list":["post-36002","product","type-product","status-publish","has-post-thumbnail","hentry","product_category-ofertas-especializadas-productos-y-servicios","product_category-productos-y-servicios"],"acf":[],"yoast_head":"<!-- This site is optimized with the Yoast SEO Premium plugin v26.0 (Yoast SEO v26.0) - https:\/\/yoast.com\/wordpress\/plugins\/seo\/ -->\n<title>Garant\u00eda de Firma Medallion | Exchange Data International<\/title>\n<meta name=\"description\" content=\"Exchange Data International (EDI), a trav\u00e9s de su socio Share Data, puede ayudarle a transferir y vender acciones o fondos estadounidenses y canadienses.\" \/>\n<meta name=\"robots\" content=\"index, follow, max-snippet:-1, max-image-preview:large, max-video-preview:-1\" \/>\n<link rel=\"canonical\" href=\"https:\/\/www.exchange-data.com\/es\/producto\/garantia-de-firma-medallion\/\" \/>\n<meta property=\"og:locale\" content=\"es_ES\" \/>\n<meta property=\"og:type\" content=\"article\" \/>\n<meta property=\"og:title\" content=\"Garant\u00eda de firma Medallion\" \/>\n<meta property=\"og:description\" content=\"EDI, a trav\u00e9s de su socio Share Data, puede ayudarle a transferir y vender acciones o fondos estadounidenses y canadienses. La garant\u00eda de firma Medallion es un sello especial autentificado por un c\u00f3digo de barras y una tinta especial que los agentes de transferencias canadienses y estadounidenses verifican en funci\u00f3n del valor del activo, ya sean acciones o fondos. Si usted es responsable de tramitar una sucesi\u00f3n de activos canadienses o estadounidenses, o asiste a cualquier otra transferencia de acciones o valores norteamericanos, normalmente se le pedir\u00e1 que aporte una garant\u00eda de firma medallion (tambi\u00e9n denominada garant\u00eda medallion, firma o sello).\" \/>\n<meta property=\"og:url\" content=\"https:\/\/www.exchange-data.com\/es\/producto\/garantia-de-firma-medallion\/\" \/>\n<meta property=\"og:site_name\" content=\"Exchange Data International\" \/>\n<meta property=\"article:modified_time\" content=\"2025-10-07T11:19:35+00:00\" \/>\n<meta property=\"og:image\" content=\"https:\/\/www.exchange-data.com\/wp-content\/uploads\/2015\/09\/EDI-Post-Featured-Image-700x400-1.png\" \/>\n<meta name=\"twitter:card\" content=\"summary_large_image\" \/>\n<meta name=\"twitter:title\" content=\"Garant\u00eda de firma Medallion\" \/>\n<meta name=\"twitter:description\" content=\"EDI, a trav\u00e9s de su socio Share Data, puede ayudarle a transferir y vender acciones o fondos estadounidenses y canadienses. La garant\u00eda de firma Medallion es un sello especial autentificado por un c\u00f3digo de barras y una tinta especial que los agentes de transferencias canadienses y estadounidenses verifican en funci\u00f3n del valor del activo, ya sean acciones o fondos. Si usted es responsable de tramitar una sucesi\u00f3n de activos canadienses o estadounidenses, o asiste a cualquier otra transferencia de acciones o valores norteamericanos, normalmente se le pedir\u00e1 que aporte una garant\u00eda de firma medallion (tambi\u00e9n denominada garant\u00eda medallion, firma o sello).\" \/>\n<meta name=\"twitter:image\" content=\"https:\/\/www.exchange-data.com\/wp-content\/uploads\/2015\/09\/EDI-Post-Featured-Image-700x400-1.png\" \/>\n<meta name=\"twitter:site\" content=\"@ExchangeData\" \/>\n<meta name=\"twitter:label1\" content=\"Tiempo de lectura\" \/>\n\t<meta name=\"twitter:data1\" content=\"2 minutos\" \/>\n<script type=\"application\/ld+json\" class=\"yoast-schema-graph\">{\"@context\":\"https:\/\/schema.org\",\"@graph\":[{\"@type\":\"WebPage\",\"@id\":\"https:\/\/www.exchange-data.com\/es\/producto\/garantia-de-firma-medallion\/\",\"url\":\"https:\/\/www.exchange-data.com\/es\/producto\/garantia-de-firma-medallion\/\",\"name\":\"Garant\u00eda de Firma Medallion | Exchange Data International\",\"isPartOf\":{\"@id\":\"https:\/\/www.exchange-data.com\/es\/#website\"},\"primaryImageOfPage\":{\"@id\":\"https:\/\/www.exchange-data.com\/es\/producto\/garantia-de-firma-medallion\/#primaryimage\"},\"image\":{\"@id\":\"https:\/\/www.exchange-data.com\/es\/producto\/garantia-de-firma-medallion\/#primaryimage\"},\"thumbnailUrl\":\"https:\/\/www.exchange-data.com\/wp-content\/uploads\/2019\/10\/Medallion-stamp10022016cropped-pdf.jpg\",\"datePublished\":\"2019-10-09T13:45:28+00:00\",\"dateModified\":\"2025-10-07T11:19:35+00:00\",\"description\":\"Exchange Data International (EDI), a trav\u00e9s de su socio Share Data, puede ayudarle a transferir y vender acciones o fondos estadounidenses y canadienses.\",\"breadcrumb\":{\"@id\":\"https:\/\/www.exchange-data.com\/es\/producto\/garantia-de-firma-medallion\/#breadcrumb\"},\"inLanguage\":\"es\",\"potentialAction\":[{\"@type\":\"ReadAction\",\"target\":[\"https:\/\/www.exchange-data.com\/es\/producto\/garantia-de-firma-medallion\/\"]}]},{\"@type\":\"ImageObject\",\"inLanguage\":\"es\",\"@id\":\"https:\/\/www.exchange-data.com\/es\/producto\/garantia-de-firma-medallion\/#primaryimage\",\"url\":\"https:\/\/www.exchange-data.com\/wp-content\/uploads\/2019\/10\/Medallion-stamp10022016cropped-pdf.jpg\",\"contentUrl\":\"https:\/\/www.exchange-data.com\/wp-content\/uploads\/2019\/10\/Medallion-stamp10022016cropped-pdf.jpg\"},{\"@type\":\"BreadcrumbList\",\"@id\":\"https:\/\/www.exchange-data.com\/es\/producto\/garantia-de-firma-medallion\/#breadcrumb\",\"itemListElement\":[{\"@type\":\"ListItem\",\"position\":1,\"name\":\"Home\",\"item\":\"https:\/\/www.exchange-data.com\/es\/inicio\/\"},{\"@type\":\"ListItem\",\"position\":2,\"name\":\"Garant\u00eda de Firma Medallion\"}]},{\"@type\":\"WebSite\",\"@id\":\"https:\/\/www.exchange-data.com\/es\/#website\",\"url\":\"https:\/\/www.exchange-data.com\/es\/\",\"name\":\"Exchange Data International\",\"description\":\"Doing data differently\",\"publisher\":{\"@id\":\"https:\/\/www.exchange-data.com\/es\/#organization\"},\"potentialAction\":[{\"@type\":\"SearchAction\",\"target\":{\"@type\":\"EntryPoint\",\"urlTemplate\":\"https:\/\/www.exchange-data.com\/es\/?s={search_term_string}\"},\"query-input\":{\"@type\":\"PropertyValueSpecification\",\"valueRequired\":true,\"valueName\":\"search_term_string\"}}],\"inLanguage\":\"es\"},{\"@type\":\"Organization\",\"@id\":\"https:\/\/www.exchange-data.com\/es\/#organization\",\"name\":\"Exchange Data International\",\"url\":\"https:\/\/www.exchange-data.com\/es\/\",\"logo\":{\"@type\":\"ImageObject\",\"inLanguage\":\"es\",\"@id\":\"https:\/\/www.exchange-data.com\/es\/#\/schema\/logo\/image\/\",\"url\":\"https:\/\/www.exchange-data.com\/wp-content\/uploads\/2019\/03\/logo3.png\",\"contentUrl\":\"https:\/\/www.exchange-data.com\/wp-content\/uploads\/2019\/03\/logo3.png\",\"width\":200,\"height\":80,\"caption\":\"Exchange Data International\"},\"image\":{\"@id\":\"https:\/\/www.exchange-data.com\/es\/#\/schema\/logo\/image\/\"},\"sameAs\":[\"https:\/\/x.com\/ExchangeData\",\"https:\/\/www.linkedin.com\/company\/exchange-data-international\/?viewAsMember=true\",\"https:\/\/www.youtube.com\/channel\/UC5D1OpUb22YZANRLD_Ktcgg?view_as=subscriber\"]}]}<\/script>\n<!-- \/ Yoast SEO Premium plugin. -->","yoast_head_json":{"title":"Garant\u00eda de Firma Medallion | Exchange Data International","description":"Exchange Data International (EDI), a trav\u00e9s de su socio Share Data, puede ayudarle a transferir y vender acciones o fondos estadounidenses y canadienses.","robots":{"index":"index","follow":"follow","max-snippet":"max-snippet:-1","max-image-preview":"max-image-preview:large","max-video-preview":"max-video-preview:-1"},"canonical":"https:\/\/www.exchange-data.com\/es\/producto\/garantia-de-firma-medallion\/","og_locale":"es_ES","og_type":"article","og_title":"Garant\u00eda de firma Medallion","og_description":"EDI, a trav\u00e9s de su socio Share Data, puede ayudarle a transferir y vender acciones o fondos estadounidenses y canadienses. La garant\u00eda de firma Medallion es un sello especial autentificado por un c\u00f3digo de barras y una tinta especial que los agentes de transferencias canadienses y estadounidenses verifican en funci\u00f3n del valor del activo, ya sean acciones o fondos. Si usted es responsable de tramitar una sucesi\u00f3n de activos canadienses o estadounidenses, o asiste a cualquier otra transferencia de acciones o valores norteamericanos, normalmente se le pedir\u00e1 que aporte una garant\u00eda de firma medallion (tambi\u00e9n denominada garant\u00eda medallion, firma o sello).","og_url":"https:\/\/www.exchange-data.com\/es\/producto\/garantia-de-firma-medallion\/","og_site_name":"Exchange Data International","article_modified_time":"2025-10-07T11:19:35+00:00","og_image":[{"url":"https:\/\/www.exchange-data.com\/wp-content\/uploads\/2015\/09\/EDI-Post-Featured-Image-700x400-1.png","type":"","width":"","height":""}],"twitter_card":"summary_large_image","twitter_title":"Garant\u00eda de firma Medallion","twitter_description":"EDI, a trav\u00e9s de su socio Share Data, puede ayudarle a transferir y vender acciones o fondos estadounidenses y canadienses. La garant\u00eda de firma Medallion es un sello especial autentificado por un c\u00f3digo de barras y una tinta especial que los agentes de transferencias canadienses y estadounidenses verifican en funci\u00f3n del valor del activo, ya sean acciones o fondos. Si usted es responsable de tramitar una sucesi\u00f3n de activos canadienses o estadounidenses, o asiste a cualquier otra transferencia de acciones o valores norteamericanos, normalmente se le pedir\u00e1 que aporte una garant\u00eda de firma medallion (tambi\u00e9n denominada garant\u00eda medallion, firma o sello).","twitter_image":"https:\/\/www.exchange-data.com\/wp-content\/uploads\/2015\/09\/EDI-Post-Featured-Image-700x400-1.png","twitter_site":"@ExchangeData","twitter_misc":{"Tiempo de lectura":"2 minutos"},"schema":{"@context":"https:\/\/schema.org","@graph":[{"@type":"WebPage","@id":"https:\/\/www.exchange-data.com\/es\/producto\/garantia-de-firma-medallion\/","url":"https:\/\/www.exchange-data.com\/es\/producto\/garantia-de-firma-medallion\/","name":"Garant\u00eda de Firma Medallion | Exchange Data International","isPartOf":{"@id":"https:\/\/www.exchange-data.com\/es\/#website"},"primaryImageOfPage":{"@id":"https:\/\/www.exchange-data.com\/es\/producto\/garantia-de-firma-medallion\/#primaryimage"},"image":{"@id":"https:\/\/www.exchange-data.com\/es\/producto\/garantia-de-firma-medallion\/#primaryimage"},"thumbnailUrl":"https:\/\/www.exchange-data.com\/wp-content\/uploads\/2019\/10\/Medallion-stamp10022016cropped-pdf.jpg","datePublished":"2019-10-09T13:45:28+00:00","dateModified":"2025-10-07T11:19:35+00:00","description":"Exchange Data International (EDI), a trav\u00e9s de su socio Share Data, puede ayudarle a transferir y vender acciones o fondos estadounidenses y canadienses.","breadcrumb":{"@id":"https:\/\/www.exchange-data.com\/es\/producto\/garantia-de-firma-medallion\/#breadcrumb"},"inLanguage":"es","potentialAction":[{"@type":"ReadAction","target":["https:\/\/www.exchange-data.com\/es\/producto\/garantia-de-firma-medallion\/"]}]},{"@type":"ImageObject","inLanguage":"es","@id":"https:\/\/www.exchange-data.com\/es\/producto\/garantia-de-firma-medallion\/#primaryimage","url":"https:\/\/www.exchange-data.com\/wp-content\/uploads\/2019\/10\/Medallion-stamp10022016cropped-pdf.jpg","contentUrl":"https:\/\/www.exchange-data.com\/wp-content\/uploads\/2019\/10\/Medallion-stamp10022016cropped-pdf.jpg"},{"@type":"BreadcrumbList","@id":"https:\/\/www.exchange-data.com\/es\/producto\/garantia-de-firma-medallion\/#breadcrumb","itemListElement":[{"@type":"ListItem","position":1,"name":"Home","item":"https:\/\/www.exchange-data.com\/es\/inicio\/"},{"@type":"ListItem","position":2,"name":"Garant\u00eda de Firma Medallion"}]},{"@type":"WebSite","@id":"https:\/\/www.exchange-data.com\/es\/#website","url":"https:\/\/www.exchange-data.com\/es\/","name":"Exchange Data International","description":"Doing data differently","publisher":{"@id":"https:\/\/www.exchange-data.com\/es\/#organization"},"potentialAction":[{"@type":"SearchAction","target":{"@type":"EntryPoint","urlTemplate":"https:\/\/www.exchange-data.com\/es\/?s={search_term_string}"},"query-input":{"@type":"PropertyValueSpecification","valueRequired":true,"valueName":"search_term_string"}}],"inLanguage":"es"},{"@type":"Organization","@id":"https:\/\/www.exchange-data.com\/es\/#organization","name":"Exchange Data International","url":"https:\/\/www.exchange-data.com\/es\/","logo":{"@type":"ImageObject","inLanguage":"es","@id":"https:\/\/www.exchange-data.com\/es\/#\/schema\/logo\/image\/","url":"https:\/\/www.exchange-data.com\/wp-content\/uploads\/2019\/03\/logo3.png","contentUrl":"https:\/\/www.exchange-data.com\/wp-content\/uploads\/2019\/03\/logo3.png","width":200,"height":80,"caption":"Exchange Data International"},"image":{"@id":"https:\/\/www.exchange-data.com\/es\/#\/schema\/logo\/image\/"},"sameAs":["https:\/\/x.com\/ExchangeData","https:\/\/www.linkedin.com\/company\/exchange-data-international\/?viewAsMember=true","https:\/\/www.youtube.com\/channel\/UC5D1OpUb22YZANRLD_Ktcgg?view_as=subscriber"]}]}},"_links":{"self":[{"href":"https:\/\/www.exchange-data.com\/es\/wp-json\/wp\/v2\/product\/36002","targetHints":{"allow":["GET"]}}],"collection":[{"href":"https:\/\/www.exchange-data.com\/es\/wp-json\/wp\/v2\/product"}],"about":[{"href":"https:\/\/www.exchange-data.com\/es\/wp-json\/wp\/v2\/types\/product"}],"wp:featuredmedia":[{"embeddable":true,"href":"https:\/\/www.exchange-data.com\/es\/wp-json\/wp\/v2\/media\/33914"}],"wp:attachment":[{"href":"https:\/\/www.exchange-data.com\/es\/wp-json\/wp\/v2\/media?parent=36002"}],"wp:term":[{"taxonomy":"country","embeddable":true,"href":"https:\/\/www.exchange-data.com\/es\/wp-json\/wp\/v2\/country?post=36002"},{"taxonomy":"product_category","embeddable":true,"href":"https:\/\/www.exchange-data.com\/es\/wp-json\/wp\/v2\/product_category?post=36002"}],"curies":[{"name":"wp","href":"https:\/\/api.w.org\/{rel}","templated":true}]}}