{"id":36003,"date":"2020-10-09T08:40:04","date_gmt":"2020-10-09T07:40:04","guid":{"rendered":"https:\/\/www.exchange-data.com\/product\/precios-de-los-bonos-municipales\/"},"modified":"2025-10-08T06:12:51","modified_gmt":"2025-10-08T05:12:51","slug":"precios-de-los-bonos-municipales","status":"publish","type":"product","link":"https:\/\/www.exchange-data.com\/es\/producto\/precios-de-los-bonos-municipales\/","title":{"rendered":"Precios de Bonos Municipales"},"content":{"rendered":"<p><span style=\"font-weight: 400;\">El servicio ofrece precios de cierre diarios para bonos municipales, ya sea sobre una muestra seleccionada o sobre el universo completo de 1,25 millones de emisiones activas en Estados Unidos. Adem\u00e1s de los datos diarios, EDI pone a disposici\u00f3n 8 a\u00f1os de historial de precios. <\/span><\/p>\n<p><span style=\"font-weight: 400;\">Este enfoque permite reducir el riesgo al ofrecer valoraciones m\u00e1s alineadas con el mercado que los m\u00e9todos tradicionales como el bootstrapping, la interpolaci\u00f3n o la valoraci\u00f3n por matrices.<\/span><\/p>\n<p>Dise\u00f1ado especialmente para el segmento de mercado medio y distribuidores regionales, el servicio ofrece:<\/p>\n<ul>\n<li><span style=\"font-weight: 400;\">Transparencia en los m\u00e9todos y fuentes de datos utilizados para generar las valoraciones<\/span><\/li>\n<li><span style=\"font-weight: 400;\">Espacios de colaboraci\u00f3n donde clientes y socios pueden aportar comentarios durante el desarrollo<\/span><\/li>\n<li><span style=\"font-weight: 400;\">Desarrollo a cargo de expertos con conocimiento especializado en el nicho de bonos municipales<\/span><\/li>\n<li><span style=\"font-weight: 400;\">Un modelo de precios adaptado al presupuesto y necesidades de las firmas regionales<\/span><\/li>\n<\/ul>\n<p>&nbsp;<\/p>\n<p>&nbsp;<\/p>\n","protected":false},"featured_media":34154,"template":"","country":[],"product_category":[3181,3178],"class_list":["post-36003","product","type-product","status-publish","has-post-thumbnail","hentry","product_category-datos-sobre-renta-fija","product_category-productos-y-servicios"],"acf":[],"yoast_head":"<!-- This site is optimized with the Yoast SEO Premium plugin v26.0 (Yoast SEO v26.0) - https:\/\/yoast.com\/wordpress\/plugins\/seo\/ -->\n<title>Precios de Bonos Municipales | Datos diarios y cobertura hist\u00f3rica de 8 a\u00f1os<\/title>\n<meta name=\"description\" content=\"Servicio de precios de bonos municipales con datos diarios de 1,25 millones de bonos en EE. UU., evaluaciones basadas en mercado y modelo adaptado a firmas regionales.\" \/>\n<meta name=\"robots\" content=\"index, follow, max-snippet:-1, max-image-preview:large, max-video-preview:-1\" \/>\n<link rel=\"canonical\" href=\"https:\/\/www.exchange-data.com\/es\/producto\/precios-de-los-bonos-municipales\/\" \/>\n<meta property=\"og:locale\" content=\"es_ES\" \/>\n<meta property=\"og:type\" content=\"article\" \/>\n<meta property=\"og:title\" content=\"Precios de los bonos municipales\" \/>\n<meta property=\"og:description\" content=\"El servicio proporciona precios diarios al final del d\u00eda para bonos seleccionados o para toda la base de datos de 1,25 millones de bonos municipales estadounidenses. Adem\u00e1s de los datos diarios, EDI proporciona 8 a\u00f1os de datos hist\u00f3ricos. El m\u00e9todo reduce el riesgo al proporcionar evaluaciones m\u00e1s basadas en el mercado que los m\u00e9todos tradicionales (como bootstrapping, interpolaci\u00f3n y fijaci\u00f3n de precios matriciales). Desarrollado para el mercado medio, la comunidad de distribuidores regionales y los clientes disponen de:\" \/>\n<meta property=\"og:url\" content=\"https:\/\/www.exchange-data.com\/es\/producto\/precios-de-los-bonos-municipales\/\" \/>\n<meta property=\"og:site_name\" content=\"Exchange Data International\" \/>\n<meta property=\"article:modified_time\" content=\"2025-10-08T05:12:51+00:00\" \/>\n<meta property=\"og:image\" content=\"https:\/\/www.exchange-data.com\/wp-content\/uploads\/2015\/09\/EDI-Post-Featured-Image-700x400-1.png\" \/>\n<meta name=\"twitter:card\" content=\"summary_large_image\" \/>\n<meta name=\"twitter:title\" content=\"Precios de los bonos municipales\" \/>\n<meta name=\"twitter:description\" content=\"El servicio proporciona precios diarios al final del d\u00eda para bonos seleccionados o para toda la base de datos de 1,25 millones de bonos municipales estadounidenses. Adem\u00e1s de los datos diarios, EDI proporciona 8 a\u00f1os de datos hist\u00f3ricos. El m\u00e9todo reduce el riesgo al proporcionar evaluaciones m\u00e1s basadas en el mercado que los m\u00e9todos tradicionales (como bootstrapping, interpolaci\u00f3n y fijaci\u00f3n de precios matriciales). Desarrollado para el mercado medio, la comunidad de distribuidores regionales y los clientes disponen de:\" \/>\n<meta name=\"twitter:image\" content=\"https:\/\/www.exchange-data.com\/wp-content\/uploads\/2015\/09\/EDI-Post-Featured-Image-700x400-1.png\" \/>\n<meta name=\"twitter:site\" content=\"@ExchangeData\" \/>\n<meta name=\"twitter:label1\" content=\"Tiempo de lectura\" \/>\n\t<meta name=\"twitter:data1\" content=\"1 minuto\" \/>\n<script type=\"application\/ld+json\" class=\"yoast-schema-graph\">{\"@context\":\"https:\/\/schema.org\",\"@graph\":[{\"@type\":\"WebPage\",\"@id\":\"https:\/\/www.exchange-data.com\/es\/producto\/precios-de-los-bonos-municipales\/\",\"url\":\"https:\/\/www.exchange-data.com\/es\/producto\/precios-de-los-bonos-municipales\/\",\"name\":\"Precios de Bonos Municipales | Datos diarios y cobertura hist\u00f3rica de 8 a\u00f1os\",\"isPartOf\":{\"@id\":\"https:\/\/www.exchange-data.com\/es\/#website\"},\"primaryImageOfPage\":{\"@id\":\"https:\/\/www.exchange-data.com\/es\/producto\/precios-de-los-bonos-municipales\/#primaryimage\"},\"image\":{\"@id\":\"https:\/\/www.exchange-data.com\/es\/producto\/precios-de-los-bonos-municipales\/#primaryimage\"},\"thumbnailUrl\":\"https:\/\/www.exchange-data.com\/wp-content\/uploads\/2015\/09\/EDI-Post-Featured-Image-700x400-1.png\",\"datePublished\":\"2020-10-09T07:40:04+00:00\",\"dateModified\":\"2025-10-08T05:12:51+00:00\",\"description\":\"Servicio de precios de bonos municipales con datos diarios de 1,25 millones de bonos en EE. UU., evaluaciones basadas en mercado y modelo adaptado a firmas regionales.\",\"breadcrumb\":{\"@id\":\"https:\/\/www.exchange-data.com\/es\/producto\/precios-de-los-bonos-municipales\/#breadcrumb\"},\"inLanguage\":\"es\",\"potentialAction\":[{\"@type\":\"ReadAction\",\"target\":[\"https:\/\/www.exchange-data.com\/es\/producto\/precios-de-los-bonos-municipales\/\"]}]},{\"@type\":\"ImageObject\",\"inLanguage\":\"es\",\"@id\":\"https:\/\/www.exchange-data.com\/es\/producto\/precios-de-los-bonos-municipales\/#primaryimage\",\"url\":\"https:\/\/www.exchange-data.com\/wp-content\/uploads\/2015\/09\/EDI-Post-Featured-Image-700x400-1.png\",\"contentUrl\":\"https:\/\/www.exchange-data.com\/wp-content\/uploads\/2015\/09\/EDI-Post-Featured-Image-700x400-1.png\",\"width\":700,\"height\":400,\"caption\":\"Exchange Data International\"},{\"@type\":\"BreadcrumbList\",\"@id\":\"https:\/\/www.exchange-data.com\/es\/producto\/precios-de-los-bonos-municipales\/#breadcrumb\",\"itemListElement\":[{\"@type\":\"ListItem\",\"position\":1,\"name\":\"Home\",\"item\":\"https:\/\/www.exchange-data.com\/es\/inicio\/\"},{\"@type\":\"ListItem\",\"position\":2,\"name\":\"Precios de Bonos Municipales\"}]},{\"@type\":\"WebSite\",\"@id\":\"https:\/\/www.exchange-data.com\/es\/#website\",\"url\":\"https:\/\/www.exchange-data.com\/es\/\",\"name\":\"Exchange Data International\",\"description\":\"Doing data differently\",\"publisher\":{\"@id\":\"https:\/\/www.exchange-data.com\/es\/#organization\"},\"potentialAction\":[{\"@type\":\"SearchAction\",\"target\":{\"@type\":\"EntryPoint\",\"urlTemplate\":\"https:\/\/www.exchange-data.com\/es\/?s={search_term_string}\"},\"query-input\":{\"@type\":\"PropertyValueSpecification\",\"valueRequired\":true,\"valueName\":\"search_term_string\"}}],\"inLanguage\":\"es\"},{\"@type\":\"Organization\",\"@id\":\"https:\/\/www.exchange-data.com\/es\/#organization\",\"name\":\"Exchange Data International\",\"url\":\"https:\/\/www.exchange-data.com\/es\/\",\"logo\":{\"@type\":\"ImageObject\",\"inLanguage\":\"es\",\"@id\":\"https:\/\/www.exchange-data.com\/es\/#\/schema\/logo\/image\/\",\"url\":\"https:\/\/www.exchange-data.com\/wp-content\/uploads\/2019\/03\/logo3.png\",\"contentUrl\":\"https:\/\/www.exchange-data.com\/wp-content\/uploads\/2019\/03\/logo3.png\",\"width\":200,\"height\":80,\"caption\":\"Exchange Data International\"},\"image\":{\"@id\":\"https:\/\/www.exchange-data.com\/es\/#\/schema\/logo\/image\/\"},\"sameAs\":[\"https:\/\/x.com\/ExchangeData\",\"https:\/\/www.linkedin.com\/company\/exchange-data-international\/?viewAsMember=true\",\"https:\/\/www.youtube.com\/channel\/UC5D1OpUb22YZANRLD_Ktcgg?view_as=subscriber\"]}]}<\/script>\n<!-- \/ Yoast SEO Premium plugin. -->","yoast_head_json":{"title":"Precios de Bonos Municipales | Datos diarios y cobertura hist\u00f3rica de 8 a\u00f1os","description":"Servicio de precios de bonos municipales con datos diarios de 1,25 millones de bonos en EE. UU., evaluaciones basadas en mercado y modelo adaptado a firmas regionales.","robots":{"index":"index","follow":"follow","max-snippet":"max-snippet:-1","max-image-preview":"max-image-preview:large","max-video-preview":"max-video-preview:-1"},"canonical":"https:\/\/www.exchange-data.com\/es\/producto\/precios-de-los-bonos-municipales\/","og_locale":"es_ES","og_type":"article","og_title":"Precios de los bonos municipales","og_description":"El servicio proporciona precios diarios al final del d\u00eda para bonos seleccionados o para toda la base de datos de 1,25 millones de bonos municipales estadounidenses. Adem\u00e1s de los datos diarios, EDI proporciona 8 a\u00f1os de datos hist\u00f3ricos. El m\u00e9todo reduce el riesgo al proporcionar evaluaciones m\u00e1s basadas en el mercado que los m\u00e9todos tradicionales (como bootstrapping, interpolaci\u00f3n y fijaci\u00f3n de precios matriciales). Desarrollado para el mercado medio, la comunidad de distribuidores regionales y los clientes disponen de:","og_url":"https:\/\/www.exchange-data.com\/es\/producto\/precios-de-los-bonos-municipales\/","og_site_name":"Exchange Data International","article_modified_time":"2025-10-08T05:12:51+00:00","og_image":[{"url":"https:\/\/www.exchange-data.com\/wp-content\/uploads\/2015\/09\/EDI-Post-Featured-Image-700x400-1.png","type":"","width":"","height":""}],"twitter_card":"summary_large_image","twitter_title":"Precios de los bonos municipales","twitter_description":"El servicio proporciona precios diarios al final del d\u00eda para bonos seleccionados o para toda la base de datos de 1,25 millones de bonos municipales estadounidenses. Adem\u00e1s de los datos diarios, EDI proporciona 8 a\u00f1os de datos hist\u00f3ricos. El m\u00e9todo reduce el riesgo al proporcionar evaluaciones m\u00e1s basadas en el mercado que los m\u00e9todos tradicionales (como bootstrapping, interpolaci\u00f3n y fijaci\u00f3n de precios matriciales). Desarrollado para el mercado medio, la comunidad de distribuidores regionales y los clientes disponen de:","twitter_image":"https:\/\/www.exchange-data.com\/wp-content\/uploads\/2015\/09\/EDI-Post-Featured-Image-700x400-1.png","twitter_site":"@ExchangeData","twitter_misc":{"Tiempo de lectura":"1 minuto"},"schema":{"@context":"https:\/\/schema.org","@graph":[{"@type":"WebPage","@id":"https:\/\/www.exchange-data.com\/es\/producto\/precios-de-los-bonos-municipales\/","url":"https:\/\/www.exchange-data.com\/es\/producto\/precios-de-los-bonos-municipales\/","name":"Precios de Bonos Municipales | Datos diarios y cobertura hist\u00f3rica de 8 a\u00f1os","isPartOf":{"@id":"https:\/\/www.exchange-data.com\/es\/#website"},"primaryImageOfPage":{"@id":"https:\/\/www.exchange-data.com\/es\/producto\/precios-de-los-bonos-municipales\/#primaryimage"},"image":{"@id":"https:\/\/www.exchange-data.com\/es\/producto\/precios-de-los-bonos-municipales\/#primaryimage"},"thumbnailUrl":"https:\/\/www.exchange-data.com\/wp-content\/uploads\/2015\/09\/EDI-Post-Featured-Image-700x400-1.png","datePublished":"2020-10-09T07:40:04+00:00","dateModified":"2025-10-08T05:12:51+00:00","description":"Servicio de precios de bonos municipales con datos diarios de 1,25 millones de bonos en EE. UU., evaluaciones basadas en mercado y modelo adaptado a firmas regionales.","breadcrumb":{"@id":"https:\/\/www.exchange-data.com\/es\/producto\/precios-de-los-bonos-municipales\/#breadcrumb"},"inLanguage":"es","potentialAction":[{"@type":"ReadAction","target":["https:\/\/www.exchange-data.com\/es\/producto\/precios-de-los-bonos-municipales\/"]}]},{"@type":"ImageObject","inLanguage":"es","@id":"https:\/\/www.exchange-data.com\/es\/producto\/precios-de-los-bonos-municipales\/#primaryimage","url":"https:\/\/www.exchange-data.com\/wp-content\/uploads\/2015\/09\/EDI-Post-Featured-Image-700x400-1.png","contentUrl":"https:\/\/www.exchange-data.com\/wp-content\/uploads\/2015\/09\/EDI-Post-Featured-Image-700x400-1.png","width":700,"height":400,"caption":"Exchange Data International"},{"@type":"BreadcrumbList","@id":"https:\/\/www.exchange-data.com\/es\/producto\/precios-de-los-bonos-municipales\/#breadcrumb","itemListElement":[{"@type":"ListItem","position":1,"name":"Home","item":"https:\/\/www.exchange-data.com\/es\/inicio\/"},{"@type":"ListItem","position":2,"name":"Precios de Bonos Municipales"}]},{"@type":"WebSite","@id":"https:\/\/www.exchange-data.com\/es\/#website","url":"https:\/\/www.exchange-data.com\/es\/","name":"Exchange Data International","description":"Doing data differently","publisher":{"@id":"https:\/\/www.exchange-data.com\/es\/#organization"},"potentialAction":[{"@type":"SearchAction","target":{"@type":"EntryPoint","urlTemplate":"https:\/\/www.exchange-data.com\/es\/?s={search_term_string}"},"query-input":{"@type":"PropertyValueSpecification","valueRequired":true,"valueName":"search_term_string"}}],"inLanguage":"es"},{"@type":"Organization","@id":"https:\/\/www.exchange-data.com\/es\/#organization","name":"Exchange Data International","url":"https:\/\/www.exchange-data.com\/es\/","logo":{"@type":"ImageObject","inLanguage":"es","@id":"https:\/\/www.exchange-data.com\/es\/#\/schema\/logo\/image\/","url":"https:\/\/www.exchange-data.com\/wp-content\/uploads\/2019\/03\/logo3.png","contentUrl":"https:\/\/www.exchange-data.com\/wp-content\/uploads\/2019\/03\/logo3.png","width":200,"height":80,"caption":"Exchange Data International"},"image":{"@id":"https:\/\/www.exchange-data.com\/es\/#\/schema\/logo\/image\/"},"sameAs":["https:\/\/x.com\/ExchangeData","https:\/\/www.linkedin.com\/company\/exchange-data-international\/?viewAsMember=true","https:\/\/www.youtube.com\/channel\/UC5D1OpUb22YZANRLD_Ktcgg?view_as=subscriber"]}]}},"_links":{"self":[{"href":"https:\/\/www.exchange-data.com\/es\/wp-json\/wp\/v2\/product\/36003","targetHints":{"allow":["GET"]}}],"collection":[{"href":"https:\/\/www.exchange-data.com\/es\/wp-json\/wp\/v2\/product"}],"about":[{"href":"https:\/\/www.exchange-data.com\/es\/wp-json\/wp\/v2\/types\/product"}],"wp:featuredmedia":[{"embeddable":true,"href":"https:\/\/www.exchange-data.com\/es\/wp-json\/wp\/v2\/media\/34154"}],"wp:attachment":[{"href":"https:\/\/www.exchange-data.com\/es\/wp-json\/wp\/v2\/media?parent=36003"}],"wp:term":[{"taxonomy":"country","embeddable":true,"href":"https:\/\/www.exchange-data.com\/es\/wp-json\/wp\/v2\/country?post=36003"},{"taxonomy":"product_category","embeddable":true,"href":"https:\/\/www.exchange-data.com\/es\/wp-json\/wp\/v2\/product_category?post=36003"}],"curies":[{"name":"wp","href":"https:\/\/api.w.org\/{rel}","templated":true}]}}