{"id":36004,"date":"2022-03-31T09:56:21","date_gmt":"2022-03-31T08:56:21","guid":{"rendered":"https:\/\/www.exchange-data.com\/product\/datos-de-referencia-de-los-bonos-municipales\/"},"modified":"2025-10-08T06:04:18","modified_gmt":"2025-10-08T05:04:18","slug":"datos-de-referencia-de-los-bonos-municipales","status":"publish","type":"product","link":"https:\/\/www.exchange-data.com\/es\/producto\/datos-de-referencia-de-los-bonos-municipales\/","title":{"rendered":"Datos de Referencia de Bonos Municipales"},"content":{"rendered":"<p>El servicio BondView Reference Data Service (RDS) para bonos municipales proporciona Informaci\u00f3n de Bonos Municipales precisa, completa y de alta calidad sobre m\u00e1s de 1,5 millones de emisiones activas en Estados Unidos, provenientes de m\u00e1s de 50.000 emisores distintos.<\/p>\n<h2>Los conjuntos de datos incluyen:<\/h2>\n<ul>\n<li><span style=\"font-weight: 400;\">Datos descriptivos del bono<\/span><\/li>\n<li><span style=\"font-weight: 400;\">Calificaciones y datos de cr\u00e9dito<\/span><\/li>\n<li><span style=\"font-weight: 400;\">Inclusi\u00f3n de bonos en fondos<\/span><\/li>\n<li><span style=\"font-weight: 400;\">Datos avanzados derivados<\/span><\/li>\n<\/ul>\n<p><span style=\"font-weight: 400;\">Los datos pueden consultarse mediante m\u00faltiples identificadores est\u00e1ndar del sector y est\u00e1n disponibles en diversos formatos:<\/span><\/p>\n<ul>\n<li><span style=\"font-weight: 400;\">Aplicaci\u00f3n web de b\u00fasqueda visual<\/span><\/li>\n<li><span style=\"font-weight: 400;\">API f\u00e1cil de usar<\/span><\/li>\n<li><span style=\"font-weight: 400;\">Entrega personalizada<\/span><\/li>\n<\/ul>\n<p>Al utilizar la Informaci\u00f3n de Bonos Municipales de BondView se elimina la necesidad de mantener bases de datos costosas y complejas, permitiendo una integraci\u00f3n r\u00e1pida, sencilla y eficiente de datos municipales en sus sistemas.<\/p>\n","protected":false},"featured_media":0,"template":"","country":[],"product_category":[3184,3181,3178],"class_list":["post-36004","product","type-product","status-publish","hentry","product_category-datos-de-referencia","product_category-datos-sobre-renta-fija","product_category-productos-y-servicios","no-post-thumbnail"],"acf":[],"yoast_head":"<!-- This site is optimized with the Yoast SEO Premium plugin v26.0 (Yoast SEO v26.0) - https:\/\/yoast.com\/wordpress\/plugins\/seo\/ -->\n<title>Datos de Referencia de Bonos Municipales | Exchange Data International<\/title>\n<meta name=\"description\" content=\"Acceda a informaci\u00f3n de bonos municipales de EE. UU. con m\u00e1s de 1,5 millones de emisiones activas, datos descriptivos, calificaciones y API para integraci\u00f3n r\u00e1pida y eficaz.\" \/>\n<meta name=\"robots\" content=\"index, follow, max-snippet:-1, max-image-preview:large, max-video-preview:-1\" \/>\n<link rel=\"canonical\" href=\"https:\/\/www.exchange-data.com\/es\/producto\/datos-de-referencia-de-los-bonos-municipales\/\" \/>\n<meta property=\"og:locale\" content=\"es_ES\" \/>\n<meta property=\"og:type\" content=\"article\" \/>\n<meta property=\"og:title\" content=\"Datos de Referencia de Bonos Municipales | Exchange Data International\" \/>\n<meta property=\"og:description\" content=\"Acceda a informaci\u00f3n de bonos municipales de EE. UU. con m\u00e1s de 1,5 millones de emisiones activas, datos descriptivos, calificaciones y API para integraci\u00f3n r\u00e1pida y eficaz.\" \/>\n<meta property=\"og:url\" content=\"https:\/\/www.exchange-data.com\/es\/producto\/datos-de-referencia-de-los-bonos-municipales\/\" \/>\n<meta property=\"og:site_name\" content=\"Exchange Data International\" \/>\n<meta property=\"article:modified_time\" content=\"2025-10-08T05:04:18+00:00\" \/>\n<meta name=\"twitter:card\" content=\"summary_large_image\" \/>\n<meta name=\"twitter:site\" content=\"@ExchangeData\" \/>\n<meta name=\"twitter:label1\" content=\"Tiempo de lectura\" \/>\n\t<meta name=\"twitter:data1\" content=\"1 minuto\" \/>\n<script type=\"application\/ld+json\" class=\"yoast-schema-graph\">{\"@context\":\"https:\/\/schema.org\",\"@graph\":[{\"@type\":\"WebPage\",\"@id\":\"https:\/\/www.exchange-data.com\/es\/producto\/datos-de-referencia-de-los-bonos-municipales\/\",\"url\":\"https:\/\/www.exchange-data.com\/es\/producto\/datos-de-referencia-de-los-bonos-municipales\/\",\"name\":\"Datos de Referencia de Bonos Municipales | Exchange Data International\",\"isPartOf\":{\"@id\":\"https:\/\/www.exchange-data.com\/es\/#website\"},\"datePublished\":\"2022-03-31T08:56:21+00:00\",\"dateModified\":\"2025-10-08T05:04:18+00:00\",\"description\":\"Acceda a informaci\u00f3n de bonos municipales de EE. UU. con m\u00e1s de 1,5 millones de emisiones activas, datos descriptivos, calificaciones y API para integraci\u00f3n r\u00e1pida y eficaz.\",\"breadcrumb\":{\"@id\":\"https:\/\/www.exchange-data.com\/es\/producto\/datos-de-referencia-de-los-bonos-municipales\/#breadcrumb\"},\"inLanguage\":\"es\",\"potentialAction\":[{\"@type\":\"ReadAction\",\"target\":[\"https:\/\/www.exchange-data.com\/es\/producto\/datos-de-referencia-de-los-bonos-municipales\/\"]}]},{\"@type\":\"BreadcrumbList\",\"@id\":\"https:\/\/www.exchange-data.com\/es\/producto\/datos-de-referencia-de-los-bonos-municipales\/#breadcrumb\",\"itemListElement\":[{\"@type\":\"ListItem\",\"position\":1,\"name\":\"Home\",\"item\":\"https:\/\/www.exchange-data.com\/es\/inicio\/\"},{\"@type\":\"ListItem\",\"position\":2,\"name\":\"Datos de Referencia de Bonos Municipales\"}]},{\"@type\":\"WebSite\",\"@id\":\"https:\/\/www.exchange-data.com\/es\/#website\",\"url\":\"https:\/\/www.exchange-data.com\/es\/\",\"name\":\"Exchange Data International\",\"description\":\"Doing data differently\",\"publisher\":{\"@id\":\"https:\/\/www.exchange-data.com\/es\/#organization\"},\"potentialAction\":[{\"@type\":\"SearchAction\",\"target\":{\"@type\":\"EntryPoint\",\"urlTemplate\":\"https:\/\/www.exchange-data.com\/es\/?s={search_term_string}\"},\"query-input\":{\"@type\":\"PropertyValueSpecification\",\"valueRequired\":true,\"valueName\":\"search_term_string\"}}],\"inLanguage\":\"es\"},{\"@type\":\"Organization\",\"@id\":\"https:\/\/www.exchange-data.com\/es\/#organization\",\"name\":\"Exchange Data International\",\"url\":\"https:\/\/www.exchange-data.com\/es\/\",\"logo\":{\"@type\":\"ImageObject\",\"inLanguage\":\"es\",\"@id\":\"https:\/\/www.exchange-data.com\/es\/#\/schema\/logo\/image\/\",\"url\":\"https:\/\/www.exchange-data.com\/wp-content\/uploads\/2019\/03\/logo3.png\",\"contentUrl\":\"https:\/\/www.exchange-data.com\/wp-content\/uploads\/2019\/03\/logo3.png\",\"width\":200,\"height\":80,\"caption\":\"Exchange Data International\"},\"image\":{\"@id\":\"https:\/\/www.exchange-data.com\/es\/#\/schema\/logo\/image\/\"},\"sameAs\":[\"https:\/\/x.com\/ExchangeData\",\"https:\/\/www.linkedin.com\/company\/exchange-data-international\/?viewAsMember=true\",\"https:\/\/www.youtube.com\/channel\/UC5D1OpUb22YZANRLD_Ktcgg?view_as=subscriber\"]}]}<\/script>\n<!-- \/ Yoast SEO Premium plugin. -->","yoast_head_json":{"title":"Datos de Referencia de Bonos Municipales | Exchange Data International","description":"Acceda a informaci\u00f3n de bonos municipales de EE. UU. con m\u00e1s de 1,5 millones de emisiones activas, datos descriptivos, calificaciones y API para integraci\u00f3n r\u00e1pida y eficaz.","robots":{"index":"index","follow":"follow","max-snippet":"max-snippet:-1","max-image-preview":"max-image-preview:large","max-video-preview":"max-video-preview:-1"},"canonical":"https:\/\/www.exchange-data.com\/es\/producto\/datos-de-referencia-de-los-bonos-municipales\/","og_locale":"es_ES","og_type":"article","og_title":"Datos de Referencia de Bonos Municipales | Exchange Data International","og_description":"Acceda a informaci\u00f3n de bonos municipales de EE. UU. con m\u00e1s de 1,5 millones de emisiones activas, datos descriptivos, calificaciones y API para integraci\u00f3n r\u00e1pida y eficaz.","og_url":"https:\/\/www.exchange-data.com\/es\/producto\/datos-de-referencia-de-los-bonos-municipales\/","og_site_name":"Exchange Data International","article_modified_time":"2025-10-08T05:04:18+00:00","twitter_card":"summary_large_image","twitter_site":"@ExchangeData","twitter_misc":{"Tiempo de lectura":"1 minuto"},"schema":{"@context":"https:\/\/schema.org","@graph":[{"@type":"WebPage","@id":"https:\/\/www.exchange-data.com\/es\/producto\/datos-de-referencia-de-los-bonos-municipales\/","url":"https:\/\/www.exchange-data.com\/es\/producto\/datos-de-referencia-de-los-bonos-municipales\/","name":"Datos de Referencia de Bonos Municipales | Exchange Data International","isPartOf":{"@id":"https:\/\/www.exchange-data.com\/es\/#website"},"datePublished":"2022-03-31T08:56:21+00:00","dateModified":"2025-10-08T05:04:18+00:00","description":"Acceda a informaci\u00f3n de bonos municipales de EE. UU. con m\u00e1s de 1,5 millones de emisiones activas, datos descriptivos, calificaciones y API para integraci\u00f3n r\u00e1pida y eficaz.","breadcrumb":{"@id":"https:\/\/www.exchange-data.com\/es\/producto\/datos-de-referencia-de-los-bonos-municipales\/#breadcrumb"},"inLanguage":"es","potentialAction":[{"@type":"ReadAction","target":["https:\/\/www.exchange-data.com\/es\/producto\/datos-de-referencia-de-los-bonos-municipales\/"]}]},{"@type":"BreadcrumbList","@id":"https:\/\/www.exchange-data.com\/es\/producto\/datos-de-referencia-de-los-bonos-municipales\/#breadcrumb","itemListElement":[{"@type":"ListItem","position":1,"name":"Home","item":"https:\/\/www.exchange-data.com\/es\/inicio\/"},{"@type":"ListItem","position":2,"name":"Datos de Referencia de Bonos Municipales"}]},{"@type":"WebSite","@id":"https:\/\/www.exchange-data.com\/es\/#website","url":"https:\/\/www.exchange-data.com\/es\/","name":"Exchange Data International","description":"Doing data differently","publisher":{"@id":"https:\/\/www.exchange-data.com\/es\/#organization"},"potentialAction":[{"@type":"SearchAction","target":{"@type":"EntryPoint","urlTemplate":"https:\/\/www.exchange-data.com\/es\/?s={search_term_string}"},"query-input":{"@type":"PropertyValueSpecification","valueRequired":true,"valueName":"search_term_string"}}],"inLanguage":"es"},{"@type":"Organization","@id":"https:\/\/www.exchange-data.com\/es\/#organization","name":"Exchange Data International","url":"https:\/\/www.exchange-data.com\/es\/","logo":{"@type":"ImageObject","inLanguage":"es","@id":"https:\/\/www.exchange-data.com\/es\/#\/schema\/logo\/image\/","url":"https:\/\/www.exchange-data.com\/wp-content\/uploads\/2019\/03\/logo3.png","contentUrl":"https:\/\/www.exchange-data.com\/wp-content\/uploads\/2019\/03\/logo3.png","width":200,"height":80,"caption":"Exchange Data International"},"image":{"@id":"https:\/\/www.exchange-data.com\/es\/#\/schema\/logo\/image\/"},"sameAs":["https:\/\/x.com\/ExchangeData","https:\/\/www.linkedin.com\/company\/exchange-data-international\/?viewAsMember=true","https:\/\/www.youtube.com\/channel\/UC5D1OpUb22YZANRLD_Ktcgg?view_as=subscriber"]}]}},"_links":{"self":[{"href":"https:\/\/www.exchange-data.com\/es\/wp-json\/wp\/v2\/product\/36004","targetHints":{"allow":["GET"]}}],"collection":[{"href":"https:\/\/www.exchange-data.com\/es\/wp-json\/wp\/v2\/product"}],"about":[{"href":"https:\/\/www.exchange-data.com\/es\/wp-json\/wp\/v2\/types\/product"}],"wp:attachment":[{"href":"https:\/\/www.exchange-data.com\/es\/wp-json\/wp\/v2\/media?parent=36004"}],"wp:term":[{"taxonomy":"country","embeddable":true,"href":"https:\/\/www.exchange-data.com\/es\/wp-json\/wp\/v2\/country?post=36004"},{"taxonomy":"product_category","embeddable":true,"href":"https:\/\/www.exchange-data.com\/es\/wp-json\/wp\/v2\/product_category?post=36004"}],"curies":[{"name":"wp","href":"https:\/\/api.w.org\/{rel}","templated":true}]}}