{"id":36005,"date":"2022-05-27T15:38:46","date_gmt":"2022-05-27T14:38:46","guid":{"rendered":"https:\/\/www.exchange-data.com\/product\/fondos-de-inversion-no-estadounidenses\/"},"modified":"2025-10-07T12:07:41","modified_gmt":"2025-10-07T11:07:41","slug":"fondos-de-inversion-no-estadounidenses","status":"publish","type":"product","link":"https:\/\/www.exchange-data.com\/es\/producto\/fondos-de-inversion-no-estadounidenses\/","title":{"rendered":"Fondos de Inversi\u00f3n No Estadounidenses"},"content":{"rendered":"<p><span style=\"font-weight: 400;\">La industria global de fondos de inversi\u00f3n est\u00e1 valorada en aproximadamente 114 billones de d\u00f3lares.<\/span><\/p>\n<p><span style=\"font-weight: 400;\">La proporci\u00f3n de activos financieros gestionados a trav\u00e9s de fondos ha crecido de forma sostenida, especialmente en mercados emergentes.<\/span><\/p>\n<p><span style=\"font-weight: 400;\">Hasta hace poco, EDI ofrec\u00eda informaci\u00f3n sobre fondos cerrados y ETFs cotizados. En 2021, se ampli\u00f3 la cobertura con una nueva soluci\u00f3n enfocada en fondos abiertos. (Consulte nuestra secci\u00f3n sobre fondos mutuos para m\u00e1s detalles). <\/span><\/p>\n<h2>Cobertura de fondos<\/h2>\n<p><span style=\"font-weight: 400;\">El servicio incluye fondos abiertos del Reino Unido, Irlanda y Luxemburgo, con planes de expansi\u00f3n hacia otros mercados.<\/span><\/p>\n<p><span style=\"font-weight: 400;\">Actualmente, nuestra base activa incluye unas 96.000 clases de participaciones, distribuidas de la siguiente manera:<\/span><\/p>\n<ol>\n<li><span style=\"font-weight: 400;\">16.000 fondos del Reino Unido<\/span><\/li>\n<li><span style=\"font-weight: 400;\">30.000 fondos de Irlanda<\/span><\/li>\n<li><span style=\"font-weight: 400;\">50.000 fondos de Luxemburgo<\/span><\/li>\n<\/ol>\n<p><span style=\"font-weight: 400;\">Tambi\u00e9n ofrecemos servicios de traducci\u00f3n de datos para Suiza, Austria, Francia, B\u00e9lgica y otros mercados europeos bajo demanda. Si gestiona una cartera paneuropea, solicite m\u00e1s informaci\u00f3n sobre nuestras soluciones de Informaci\u00f3n de Fondos Internacionales. <\/span><\/p>\n<h3>Datos de referencia<\/h3>\n<p><b>Entrega puntual directamente desde la fuente<\/b><\/p>\n<p><span style=\"font-weight: 400;\">Con un equipo dedicado que recopila y procesa informaci\u00f3n de m\u00e1s de 139.000 fondos diariamente, y enlaces directos con m\u00e1s de 400 gestoras, complementados por fuentes secundarias, garantizamos una entrega puntual y confiable. Consulte la tabla correspondiente para ver la lista completa de campos disponibles. <\/span><\/p>\n<h3>Operaciones corporativas<\/h3>\n<p><span style=\"font-weight: 400;\">Combine nuestros datos de referencia con el servicio de operaciones corporativas para obtener una cobertura integral de todos los fondos abiertos. Este servicio incluye eventos corporativos y desgloses por tipo de ingreso: dividendos, intereses y rentas inmobiliarias (cuando corresponda). <\/span><\/p>\n<p><b>Aproveche nuestra cobertura integral de eventos corporativos<\/b><\/p>\n<p><span style=\"font-weight: 400;\">Omitir un evento puede generar p\u00e9rdidas millonarias y afectar la reputaci\u00f3n de su firma. Con EDI, obtenga cobertura total sobre los fondos que mantiene. <\/span><\/p>\n<p><b>Soluciones empresariales con feeds estandarizados<\/b><\/p>\n<p><span style=\"font-weight: 400;\">Nuestro servicio de datos proporciona informaci\u00f3n clave sobre dividendos y eventos corporativos, fundamentales para todas las \u00e1reas operativas de una entidad.<br \/>Dado que estos eventos son complejos y sensibles a fechas l\u00edmite, nuestros feeds estandarizados permiten una integraci\u00f3n eficiente en modelos de riesgo y estrategias de inversi\u00f3n.  <\/span><\/p>\n<p><b>C\u00e1lculo preciso de obligaciones fiscales<\/b><\/p>\n<p><span style=\"font-weight: 400;\">Inversionistas y representantes fiscales pueden calcular correctamente la carga tributaria gracias al desglose de ingresos incluido en el feed de operaciones corporativas de EDI.<\/span><\/p>\n","protected":false},"featured_media":34738,"template":"","country":[],"product_category":[3186,3178],"class_list":["post-36005","product","type-product","status-publish","has-post-thumbnail","hentry","product_category-fondos-de-inversion","product_category-productos-y-servicios"],"acf":[],"yoast_head":"<!-- This site is optimized with the Yoast SEO Premium plugin v26.0 (Yoast SEO v26.0) - https:\/\/yoast.com\/wordpress\/plugins\/seo\/ -->\n<title>Global Informaci\u00f3n de Fondos Internacionales | Non-US Investment Funds Data<\/title>\n<meta name=\"description\" content=\"Access Informaci\u00f3n de Fondos Internacionales for 96k+ open-ended funds across UK, Ireland, and Luxembourg. Get timely reference, dividend, and corporate actions data direct from source.\" \/>\n<meta name=\"robots\" content=\"index, follow, max-snippet:-1, max-image-preview:large, max-video-preview:-1\" \/>\n<link rel=\"canonical\" href=\"https:\/\/www.exchange-data.com\/es\/producto\/fondos-de-inversion-no-estadounidenses\/\" \/>\n<meta property=\"og:locale\" content=\"es_ES\" \/>\n<meta property=\"og:type\" content=\"article\" \/>\n<meta property=\"og:title\" content=\"Fondos de Inversi\u00f3n No Estadounidenses | Exchange Data International\" \/>\n<meta property=\"og:description\" content=\"Access Informaci\u00f3n de Fondos Internacionales for 96k+ open-ended funds across UK, Ireland, and Luxembourg. Get timely reference, dividend, and corporate actions data direct from source.\" \/>\n<meta property=\"og:url\" content=\"https:\/\/www.exchange-data.com\/es\/producto\/fondos-de-inversion-no-estadounidenses\/\" \/>\n<meta property=\"og:site_name\" content=\"Exchange Data International\" \/>\n<meta property=\"article:modified_time\" content=\"2025-10-07T11:07:41+00:00\" \/>\n<meta property=\"og:image\" content=\"https:\/\/www.exchange-data.com\/wp-content\/uploads\/2022\/04\/EDI-Default-Image-1200x630-1.png\" \/>\n\t<meta property=\"og:image:width\" content=\"1200\" \/>\n\t<meta property=\"og:image:height\" content=\"630\" \/>\n\t<meta property=\"og:image:type\" content=\"image\/png\" \/>\n<meta name=\"twitter:card\" content=\"summary_large_image\" \/>\n<meta name=\"twitter:site\" content=\"@ExchangeData\" \/>\n<meta name=\"twitter:label1\" content=\"Tiempo de lectura\" \/>\n\t<meta name=\"twitter:data1\" content=\"2 minutos\" \/>\n<script type=\"application\/ld+json\" class=\"yoast-schema-graph\">{\"@context\":\"https:\/\/schema.org\",\"@graph\":[{\"@type\":\"WebPage\",\"@id\":\"https:\/\/www.exchange-data.com\/es\/producto\/fondos-de-inversion-no-estadounidenses\/\",\"url\":\"https:\/\/www.exchange-data.com\/es\/producto\/fondos-de-inversion-no-estadounidenses\/\",\"name\":\"Global Informaci\u00f3n de Fondos Internacionales | Non-US Investment Funds Data\",\"isPartOf\":{\"@id\":\"https:\/\/www.exchange-data.com\/es\/#website\"},\"primaryImageOfPage\":{\"@id\":\"https:\/\/www.exchange-data.com\/es\/producto\/fondos-de-inversion-no-estadounidenses\/#primaryimage\"},\"image\":{\"@id\":\"https:\/\/www.exchange-data.com\/es\/producto\/fondos-de-inversion-no-estadounidenses\/#primaryimage\"},\"thumbnailUrl\":\"https:\/\/www.exchange-data.com\/wp-content\/uploads\/2022\/04\/EDI-Default-Image-1200x630-1.png\",\"datePublished\":\"2022-05-27T14:38:46+00:00\",\"dateModified\":\"2025-10-07T11:07:41+00:00\",\"description\":\"Access Informaci\u00f3n de Fondos Internacionales for 96k+ open-ended funds across UK, Ireland, and Luxembourg. Get timely reference, dividend, and corporate actions data direct from source.\",\"breadcrumb\":{\"@id\":\"https:\/\/www.exchange-data.com\/es\/producto\/fondos-de-inversion-no-estadounidenses\/#breadcrumb\"},\"inLanguage\":\"es\",\"potentialAction\":[{\"@type\":\"ReadAction\",\"target\":[\"https:\/\/www.exchange-data.com\/es\/producto\/fondos-de-inversion-no-estadounidenses\/\"]}]},{\"@type\":\"ImageObject\",\"inLanguage\":\"es\",\"@id\":\"https:\/\/www.exchange-data.com\/es\/producto\/fondos-de-inversion-no-estadounidenses\/#primaryimage\",\"url\":\"https:\/\/www.exchange-data.com\/wp-content\/uploads\/2022\/04\/EDI-Default-Image-1200x630-1.png\",\"contentUrl\":\"https:\/\/www.exchange-data.com\/wp-content\/uploads\/2022\/04\/EDI-Default-Image-1200x630-1.png\",\"width\":1200,\"height\":630},{\"@type\":\"BreadcrumbList\",\"@id\":\"https:\/\/www.exchange-data.com\/es\/producto\/fondos-de-inversion-no-estadounidenses\/#breadcrumb\",\"itemListElement\":[{\"@type\":\"ListItem\",\"position\":1,\"name\":\"Home\",\"item\":\"https:\/\/www.exchange-data.com\/es\/inicio\/\"},{\"@type\":\"ListItem\",\"position\":2,\"name\":\"Fondos de Inversi\u00f3n No Estadounidenses\"}]},{\"@type\":\"WebSite\",\"@id\":\"https:\/\/www.exchange-data.com\/es\/#website\",\"url\":\"https:\/\/www.exchange-data.com\/es\/\",\"name\":\"Exchange Data International\",\"description\":\"Doing data differently\",\"publisher\":{\"@id\":\"https:\/\/www.exchange-data.com\/es\/#organization\"},\"potentialAction\":[{\"@type\":\"SearchAction\",\"target\":{\"@type\":\"EntryPoint\",\"urlTemplate\":\"https:\/\/www.exchange-data.com\/es\/?s={search_term_string}\"},\"query-input\":{\"@type\":\"PropertyValueSpecification\",\"valueRequired\":true,\"valueName\":\"search_term_string\"}}],\"inLanguage\":\"es\"},{\"@type\":\"Organization\",\"@id\":\"https:\/\/www.exchange-data.com\/es\/#organization\",\"name\":\"Exchange Data International\",\"url\":\"https:\/\/www.exchange-data.com\/es\/\",\"logo\":{\"@type\":\"ImageObject\",\"inLanguage\":\"es\",\"@id\":\"https:\/\/www.exchange-data.com\/es\/#\/schema\/logo\/image\/\",\"url\":\"https:\/\/www.exchange-data.com\/wp-content\/uploads\/2019\/03\/logo3.png\",\"contentUrl\":\"https:\/\/www.exchange-data.com\/wp-content\/uploads\/2019\/03\/logo3.png\",\"width\":200,\"height\":80,\"caption\":\"Exchange Data International\"},\"image\":{\"@id\":\"https:\/\/www.exchange-data.com\/es\/#\/schema\/logo\/image\/\"},\"sameAs\":[\"https:\/\/x.com\/ExchangeData\",\"https:\/\/www.linkedin.com\/company\/exchange-data-international\/?viewAsMember=true\",\"https:\/\/www.youtube.com\/channel\/UC5D1OpUb22YZANRLD_Ktcgg?view_as=subscriber\"]}]}<\/script>\n<!-- \/ Yoast SEO Premium plugin. -->","yoast_head_json":{"title":"Global Informaci\u00f3n de Fondos Internacionales | Non-US Investment Funds Data","description":"Access Informaci\u00f3n de Fondos Internacionales for 96k+ open-ended funds across UK, Ireland, and Luxembourg. Get timely reference, dividend, and corporate actions data direct from source.","robots":{"index":"index","follow":"follow","max-snippet":"max-snippet:-1","max-image-preview":"max-image-preview:large","max-video-preview":"max-video-preview:-1"},"canonical":"https:\/\/www.exchange-data.com\/es\/producto\/fondos-de-inversion-no-estadounidenses\/","og_locale":"es_ES","og_type":"article","og_title":"Fondos de Inversi\u00f3n No Estadounidenses | Exchange Data International","og_description":"Access Informaci\u00f3n de Fondos Internacionales for 96k+ open-ended funds across UK, Ireland, and Luxembourg. Get timely reference, dividend, and corporate actions data direct from source.","og_url":"https:\/\/www.exchange-data.com\/es\/producto\/fondos-de-inversion-no-estadounidenses\/","og_site_name":"Exchange Data International","article_modified_time":"2025-10-07T11:07:41+00:00","og_image":[{"width":1200,"height":630,"url":"https:\/\/www.exchange-data.com\/wp-content\/uploads\/2022\/04\/EDI-Default-Image-1200x630-1.png","type":"image\/png"}],"twitter_card":"summary_large_image","twitter_site":"@ExchangeData","twitter_misc":{"Tiempo de lectura":"2 minutos"},"schema":{"@context":"https:\/\/schema.org","@graph":[{"@type":"WebPage","@id":"https:\/\/www.exchange-data.com\/es\/producto\/fondos-de-inversion-no-estadounidenses\/","url":"https:\/\/www.exchange-data.com\/es\/producto\/fondos-de-inversion-no-estadounidenses\/","name":"Global Informaci\u00f3n de Fondos Internacionales | Non-US Investment Funds Data","isPartOf":{"@id":"https:\/\/www.exchange-data.com\/es\/#website"},"primaryImageOfPage":{"@id":"https:\/\/www.exchange-data.com\/es\/producto\/fondos-de-inversion-no-estadounidenses\/#primaryimage"},"image":{"@id":"https:\/\/www.exchange-data.com\/es\/producto\/fondos-de-inversion-no-estadounidenses\/#primaryimage"},"thumbnailUrl":"https:\/\/www.exchange-data.com\/wp-content\/uploads\/2022\/04\/EDI-Default-Image-1200x630-1.png","datePublished":"2022-05-27T14:38:46+00:00","dateModified":"2025-10-07T11:07:41+00:00","description":"Access Informaci\u00f3n de Fondos Internacionales for 96k+ open-ended funds across UK, Ireland, and Luxembourg. Get timely reference, dividend, and corporate actions data direct from source.","breadcrumb":{"@id":"https:\/\/www.exchange-data.com\/es\/producto\/fondos-de-inversion-no-estadounidenses\/#breadcrumb"},"inLanguage":"es","potentialAction":[{"@type":"ReadAction","target":["https:\/\/www.exchange-data.com\/es\/producto\/fondos-de-inversion-no-estadounidenses\/"]}]},{"@type":"ImageObject","inLanguage":"es","@id":"https:\/\/www.exchange-data.com\/es\/producto\/fondos-de-inversion-no-estadounidenses\/#primaryimage","url":"https:\/\/www.exchange-data.com\/wp-content\/uploads\/2022\/04\/EDI-Default-Image-1200x630-1.png","contentUrl":"https:\/\/www.exchange-data.com\/wp-content\/uploads\/2022\/04\/EDI-Default-Image-1200x630-1.png","width":1200,"height":630},{"@type":"BreadcrumbList","@id":"https:\/\/www.exchange-data.com\/es\/producto\/fondos-de-inversion-no-estadounidenses\/#breadcrumb","itemListElement":[{"@type":"ListItem","position":1,"name":"Home","item":"https:\/\/www.exchange-data.com\/es\/inicio\/"},{"@type":"ListItem","position":2,"name":"Fondos de Inversi\u00f3n No Estadounidenses"}]},{"@type":"WebSite","@id":"https:\/\/www.exchange-data.com\/es\/#website","url":"https:\/\/www.exchange-data.com\/es\/","name":"Exchange Data International","description":"Doing data differently","publisher":{"@id":"https:\/\/www.exchange-data.com\/es\/#organization"},"potentialAction":[{"@type":"SearchAction","target":{"@type":"EntryPoint","urlTemplate":"https:\/\/www.exchange-data.com\/es\/?s={search_term_string}"},"query-input":{"@type":"PropertyValueSpecification","valueRequired":true,"valueName":"search_term_string"}}],"inLanguage":"es"},{"@type":"Organization","@id":"https:\/\/www.exchange-data.com\/es\/#organization","name":"Exchange Data International","url":"https:\/\/www.exchange-data.com\/es\/","logo":{"@type":"ImageObject","inLanguage":"es","@id":"https:\/\/www.exchange-data.com\/es\/#\/schema\/logo\/image\/","url":"https:\/\/www.exchange-data.com\/wp-content\/uploads\/2019\/03\/logo3.png","contentUrl":"https:\/\/www.exchange-data.com\/wp-content\/uploads\/2019\/03\/logo3.png","width":200,"height":80,"caption":"Exchange Data International"},"image":{"@id":"https:\/\/www.exchange-data.com\/es\/#\/schema\/logo\/image\/"},"sameAs":["https:\/\/x.com\/ExchangeData","https:\/\/www.linkedin.com\/company\/exchange-data-international\/?viewAsMember=true","https:\/\/www.youtube.com\/channel\/UC5D1OpUb22YZANRLD_Ktcgg?view_as=subscriber"]}]}},"_links":{"self":[{"href":"https:\/\/www.exchange-data.com\/es\/wp-json\/wp\/v2\/product\/36005","targetHints":{"allow":["GET"]}}],"collection":[{"href":"https:\/\/www.exchange-data.com\/es\/wp-json\/wp\/v2\/product"}],"about":[{"href":"https:\/\/www.exchange-data.com\/es\/wp-json\/wp\/v2\/types\/product"}],"wp:featuredmedia":[{"embeddable":true,"href":"https:\/\/www.exchange-data.com\/es\/wp-json\/wp\/v2\/media\/34738"}],"wp:attachment":[{"href":"https:\/\/www.exchange-data.com\/es\/wp-json\/wp\/v2\/media?parent=36005"}],"wp:term":[{"taxonomy":"country","embeddable":true,"href":"https:\/\/www.exchange-data.com\/es\/wp-json\/wp\/v2\/country?post=36005"},{"taxonomy":"product_category","embeddable":true,"href":"https:\/\/www.exchange-data.com\/es\/wp-json\/wp\/v2\/product_category?post=36005"}],"curies":[{"name":"wp","href":"https:\/\/api.w.org\/{rel}","templated":true}]}}