{"id":36006,"date":"2019-03-27T17:47:49","date_gmt":"2019-03-27T16:47:49","guid":{"rendered":"https:\/\/www.exchange-data.com\/product\/datos-de-operaciones-de-sociedades-en-norteamerica\/"},"modified":"2025-10-10T06:57:58","modified_gmt":"2025-10-10T05:57:58","slug":"datos-de-operaciones-de-sociedades-en-norteamerica","status":"publish","type":"product","link":"https:\/\/www.exchange-data.com\/es\/producto\/datos-de-operaciones-de-sociedades-en-norteamerica\/","title":{"rendered":"Datos de Operaciones Corporativas en Norteam\u00e9rica"},"content":{"rendered":"<h4 class=\"contH2\">Reduzca los riesgos operativos y los costos asociados al procesamiento <a href=\"https:\/\/www.exchange-data.com\/es\/producto\/acciones-corporativas-en-todo-el-mundo\/\">de operaciones corporativas<\/a>.<\/h4>\n<p><a href=\"https:\/\/stg-exchangedata-stg.kinsta.cloud\/corporate-actions-guide-everything-you-need-to-know\/?utm_source=EDI&amp;utm_medium=Product_Corporate_Actions\"><img decoding=\"async\" style=\"margin: 20px 20px 20px 20px;\" src=\"https:\/\/stg-exchangedata-stg.kinsta.cloud\/wp-content\/uploads\/2019\/03\/ProductPage_CAGuide_V2.png\" align=\"right\"><\/a><\/p>\n<p><span style=\"font-weight: 400;\">Gestione de forma eficiente la Informaci\u00f3n de Hechos de Importancia que impacta en valores estadounidenses y canadienses.<\/span><\/p>\n<p><span style=\"font-weight: 400;\">El servicio cubre:<\/span><\/p>\n<ul class=\"Evnt2 \">\n<li><span style=\"font-weight: 400;\">Valores cotizados en las bolsas de EE. UU. y Canad\u00e1<\/span><\/li>\n<li><span style=\"font-weight: 400;\"><sup>Valores negociados en los tres niveles del OTC Markets Group: OTCQX\u2122, OTCQB\u2122 y OTC Pink\u2122<\/sup><\/span><\/li>\n<li><span style=\"font-weight: 400;\">Valores negociados en el mercado gris<\/span><\/li>\n<li><span style=\"font-weight: 400;\">M\u00e1s de 31.000 fondos de inversi\u00f3n estadounidenses<\/span><\/li>\n<\/ul>\n<p><span style=\"font-weight: 400;\">Adem\u00e1s de informaci\u00f3n detallada sobre todos los eventos corporativos que afectan a los valores norteamericanos, obtendr\u00e1:<\/span><\/p>\n<ul class=\"Evnt2 \">\n<li><span style=\"font-weight: 400;\">Acceso directo a datos de operaciones corporativas sobre los valores subyacentes de los American Depository Receipts (ADR) y acciones extranjeras ordinarias negociadas en el mercado norteamericano.<\/span><\/li>\n<\/ul>\n<p>&nbsp;<\/p>\n","protected":false},"featured_media":34154,"template":"","country":[2108,1983,2057,2371,1932,1939,1984,1990,1887],"product_category":[3182,3178],"class_list":["post-36006","product","type-product","status-publish","has-post-thumbnail","hentry","product_category-acciones-corporativas","product_category-productos-y-servicios"],"acf":[],"yoast_head":"<!-- This site is optimized with the Yoast SEO Premium plugin v26.0 (Yoast SEO v26.0) - https:\/\/yoast.com\/wordpress\/plugins\/seo\/ -->\n<title>Datos de Operaciones Corporativas en Norteam\u00e9rica | Exchange Data International<\/title>\n<meta name=\"description\" content=\"Track North America Informaci\u00f3n de Hechos de Importancia for US &amp; Canadian securities. Access ADR, OTC, and mutual fund data to reduce operational risks and costs.\" \/>\n<meta name=\"robots\" content=\"index, follow, max-snippet:-1, max-image-preview:large, max-video-preview:-1\" \/>\n<link rel=\"canonical\" href=\"https:\/\/www.exchange-data.com\/es\/producto\/datos-de-operaciones-de-sociedades-en-norteamerica\/\" \/>\n<meta property=\"og:locale\" content=\"es_ES\" \/>\n<meta property=\"og:type\" content=\"article\" \/>\n<meta property=\"og:title\" content=\"Datos de operaciones de sociedades en Norteam\u00e9rica\" \/>\n<meta property=\"og:description\" content=\"Reduzca los riesgos operativos y los costes asociados a la tramitaci\u00f3n de operaciones de sociedades. Realice un seguimiento eficaz de las operaciones de sociedades que afecten tanto a valores estadounidenses como canadienses. El servicio cubre: Valores negociados en las bolsas de EE.UU. y Canad\u00e1, Valores negociados en los tres mercados escalonados de OTC Markets Group - OTCQXTM, OTCQBTM y OTC PinkTM. Valores negociados en el mercado gris29.000+ fondos de inversi\u00f3n estadounidenses. Adem\u00e1s de informaci\u00f3n detallada sobre todas las operaciones corporativas que afectan a los valores norteamericanos, obtendr\u00e1:\" \/>\n<meta property=\"og:url\" content=\"https:\/\/www.exchange-data.com\/es\/producto\/datos-de-operaciones-de-sociedades-en-norteamerica\/\" \/>\n<meta property=\"og:site_name\" content=\"Exchange Data International\" \/>\n<meta property=\"article:modified_time\" content=\"2025-10-10T05:57:58+00:00\" \/>\n<meta property=\"og:image\" content=\"https:\/\/www.exchange-data.com\/wp-content\/uploads\/2015\/09\/EDI-Post-Featured-Image-700x400-1.png\" \/>\n<meta name=\"twitter:card\" content=\"summary_large_image\" \/>\n<meta name=\"twitter:title\" content=\"Datos de operaciones de sociedades en Norteam\u00e9rica\" \/>\n<meta name=\"twitter:description\" content=\"Reduzca los riesgos operativos y los costes asociados a la tramitaci\u00f3n de operaciones de sociedades. Realice un seguimiento eficaz de las operaciones de sociedades que afecten tanto a valores estadounidenses como canadienses. El servicio cubre: Valores negociados en las bolsas de EE.UU. y Canad\u00e1, Valores negociados en los tres mercados escalonados de OTC Markets Group - OTCQXTM, OTCQBTM y OTC PinkTM. Valores negociados en el mercado gris29.000+ fondos de inversi\u00f3n estadounidenses. Adem\u00e1s de informaci\u00f3n detallada sobre todas las operaciones corporativas que afectan a los valores norteamericanos, obtendr\u00e1:\" \/>\n<meta name=\"twitter:image\" content=\"https:\/\/www.exchange-data.com\/wp-content\/uploads\/2015\/09\/EDI-Post-Featured-Image-700x400-1.png\" \/>\n<meta name=\"twitter:site\" content=\"@ExchangeData\" \/>\n<meta name=\"twitter:label1\" content=\"Tiempo de lectura\" \/>\n\t<meta name=\"twitter:data1\" content=\"1 minuto\" \/>\n<script type=\"application\/ld+json\" class=\"yoast-schema-graph\">{\"@context\":\"https:\/\/schema.org\",\"@graph\":[{\"@type\":\"WebPage\",\"@id\":\"https:\/\/www.exchange-data.com\/es\/producto\/datos-de-operaciones-de-sociedades-en-norteamerica\/\",\"url\":\"https:\/\/www.exchange-data.com\/es\/producto\/datos-de-operaciones-de-sociedades-en-norteamerica\/\",\"name\":\"Datos de Operaciones Corporativas en Norteam\u00e9rica | Exchange Data International\",\"isPartOf\":{\"@id\":\"https:\/\/www.exchange-data.com\/es\/#website\"},\"primaryImageOfPage\":{\"@id\":\"https:\/\/www.exchange-data.com\/es\/producto\/datos-de-operaciones-de-sociedades-en-norteamerica\/#primaryimage\"},\"image\":{\"@id\":\"https:\/\/www.exchange-data.com\/es\/producto\/datos-de-operaciones-de-sociedades-en-norteamerica\/#primaryimage\"},\"thumbnailUrl\":\"https:\/\/www.exchange-data.com\/wp-content\/uploads\/2015\/09\/EDI-Post-Featured-Image-700x400-1.png\",\"datePublished\":\"2019-03-27T16:47:49+00:00\",\"dateModified\":\"2025-10-10T05:57:58+00:00\",\"description\":\"Track North America Informaci\u00f3n de Hechos de Importancia for US & Canadian securities. Access ADR, OTC, and mutual fund data to reduce operational risks and costs.\",\"breadcrumb\":{\"@id\":\"https:\/\/www.exchange-data.com\/es\/producto\/datos-de-operaciones-de-sociedades-en-norteamerica\/#breadcrumb\"},\"inLanguage\":\"es\",\"potentialAction\":[{\"@type\":\"ReadAction\",\"target\":[\"https:\/\/www.exchange-data.com\/es\/producto\/datos-de-operaciones-de-sociedades-en-norteamerica\/\"]}]},{\"@type\":\"ImageObject\",\"inLanguage\":\"es\",\"@id\":\"https:\/\/www.exchange-data.com\/es\/producto\/datos-de-operaciones-de-sociedades-en-norteamerica\/#primaryimage\",\"url\":\"https:\/\/www.exchange-data.com\/wp-content\/uploads\/2015\/09\/EDI-Post-Featured-Image-700x400-1.png\",\"contentUrl\":\"https:\/\/www.exchange-data.com\/wp-content\/uploads\/2015\/09\/EDI-Post-Featured-Image-700x400-1.png\",\"width\":700,\"height\":400,\"caption\":\"Exchange Data International\"},{\"@type\":\"BreadcrumbList\",\"@id\":\"https:\/\/www.exchange-data.com\/es\/producto\/datos-de-operaciones-de-sociedades-en-norteamerica\/#breadcrumb\",\"itemListElement\":[{\"@type\":\"ListItem\",\"position\":1,\"name\":\"Home\",\"item\":\"https:\/\/www.exchange-data.com\/es\/inicio\/\"},{\"@type\":\"ListItem\",\"position\":2,\"name\":\"Datos de Operaciones Corporativas en Norteam\u00e9rica\"}]},{\"@type\":\"WebSite\",\"@id\":\"https:\/\/www.exchange-data.com\/es\/#website\",\"url\":\"https:\/\/www.exchange-data.com\/es\/\",\"name\":\"Exchange Data International\",\"description\":\"Doing data differently\",\"publisher\":{\"@id\":\"https:\/\/www.exchange-data.com\/es\/#organization\"},\"potentialAction\":[{\"@type\":\"SearchAction\",\"target\":{\"@type\":\"EntryPoint\",\"urlTemplate\":\"https:\/\/www.exchange-data.com\/es\/?s={search_term_string}\"},\"query-input\":{\"@type\":\"PropertyValueSpecification\",\"valueRequired\":true,\"valueName\":\"search_term_string\"}}],\"inLanguage\":\"es\"},{\"@type\":\"Organization\",\"@id\":\"https:\/\/www.exchange-data.com\/es\/#organization\",\"name\":\"Exchange Data International\",\"url\":\"https:\/\/www.exchange-data.com\/es\/\",\"logo\":{\"@type\":\"ImageObject\",\"inLanguage\":\"es\",\"@id\":\"https:\/\/www.exchange-data.com\/es\/#\/schema\/logo\/image\/\",\"url\":\"https:\/\/www.exchange-data.com\/wp-content\/uploads\/2019\/03\/logo3.png\",\"contentUrl\":\"https:\/\/www.exchange-data.com\/wp-content\/uploads\/2019\/03\/logo3.png\",\"width\":200,\"height\":80,\"caption\":\"Exchange Data International\"},\"image\":{\"@id\":\"https:\/\/www.exchange-data.com\/es\/#\/schema\/logo\/image\/\"},\"sameAs\":[\"https:\/\/x.com\/ExchangeData\",\"https:\/\/www.linkedin.com\/company\/exchange-data-international\/?viewAsMember=true\",\"https:\/\/www.youtube.com\/channel\/UC5D1OpUb22YZANRLD_Ktcgg?view_as=subscriber\"]}]}<\/script>\n<!-- \/ Yoast SEO Premium plugin. -->","yoast_head_json":{"title":"Datos de Operaciones Corporativas en Norteam\u00e9rica | Exchange Data International","description":"Track North America Informaci\u00f3n de Hechos de Importancia for US & Canadian securities. Access ADR, OTC, and mutual fund data to reduce operational risks and costs.","robots":{"index":"index","follow":"follow","max-snippet":"max-snippet:-1","max-image-preview":"max-image-preview:large","max-video-preview":"max-video-preview:-1"},"canonical":"https:\/\/www.exchange-data.com\/es\/producto\/datos-de-operaciones-de-sociedades-en-norteamerica\/","og_locale":"es_ES","og_type":"article","og_title":"Datos de operaciones de sociedades en Norteam\u00e9rica","og_description":"Reduzca los riesgos operativos y los costes asociados a la tramitaci\u00f3n de operaciones de sociedades. Realice un seguimiento eficaz de las operaciones de sociedades que afecten tanto a valores estadounidenses como canadienses. El servicio cubre: Valores negociados en las bolsas de EE.UU. y Canad\u00e1, Valores negociados en los tres mercados escalonados de OTC Markets Group - OTCQXTM, OTCQBTM y OTC PinkTM. Valores negociados en el mercado gris29.000+ fondos de inversi\u00f3n estadounidenses. Adem\u00e1s de informaci\u00f3n detallada sobre todas las operaciones corporativas que afectan a los valores norteamericanos, obtendr\u00e1:","og_url":"https:\/\/www.exchange-data.com\/es\/producto\/datos-de-operaciones-de-sociedades-en-norteamerica\/","og_site_name":"Exchange Data International","article_modified_time":"2025-10-10T05:57:58+00:00","og_image":[{"url":"https:\/\/www.exchange-data.com\/wp-content\/uploads\/2015\/09\/EDI-Post-Featured-Image-700x400-1.png","type":"","width":"","height":""}],"twitter_card":"summary_large_image","twitter_title":"Datos de operaciones de sociedades en Norteam\u00e9rica","twitter_description":"Reduzca los riesgos operativos y los costes asociados a la tramitaci\u00f3n de operaciones de sociedades. Realice un seguimiento eficaz de las operaciones de sociedades que afecten tanto a valores estadounidenses como canadienses. El servicio cubre: Valores negociados en las bolsas de EE.UU. y Canad\u00e1, Valores negociados en los tres mercados escalonados de OTC Markets Group - OTCQXTM, OTCQBTM y OTC PinkTM. Valores negociados en el mercado gris29.000+ fondos de inversi\u00f3n estadounidenses. Adem\u00e1s de informaci\u00f3n detallada sobre todas las operaciones corporativas que afectan a los valores norteamericanos, obtendr\u00e1:","twitter_image":"https:\/\/www.exchange-data.com\/wp-content\/uploads\/2015\/09\/EDI-Post-Featured-Image-700x400-1.png","twitter_site":"@ExchangeData","twitter_misc":{"Tiempo de lectura":"1 minuto"},"schema":{"@context":"https:\/\/schema.org","@graph":[{"@type":"WebPage","@id":"https:\/\/www.exchange-data.com\/es\/producto\/datos-de-operaciones-de-sociedades-en-norteamerica\/","url":"https:\/\/www.exchange-data.com\/es\/producto\/datos-de-operaciones-de-sociedades-en-norteamerica\/","name":"Datos de Operaciones Corporativas en Norteam\u00e9rica | Exchange Data International","isPartOf":{"@id":"https:\/\/www.exchange-data.com\/es\/#website"},"primaryImageOfPage":{"@id":"https:\/\/www.exchange-data.com\/es\/producto\/datos-de-operaciones-de-sociedades-en-norteamerica\/#primaryimage"},"image":{"@id":"https:\/\/www.exchange-data.com\/es\/producto\/datos-de-operaciones-de-sociedades-en-norteamerica\/#primaryimage"},"thumbnailUrl":"https:\/\/www.exchange-data.com\/wp-content\/uploads\/2015\/09\/EDI-Post-Featured-Image-700x400-1.png","datePublished":"2019-03-27T16:47:49+00:00","dateModified":"2025-10-10T05:57:58+00:00","description":"Track North America Informaci\u00f3n de Hechos de Importancia for US & Canadian securities. Access ADR, OTC, and mutual fund data to reduce operational risks and costs.","breadcrumb":{"@id":"https:\/\/www.exchange-data.com\/es\/producto\/datos-de-operaciones-de-sociedades-en-norteamerica\/#breadcrumb"},"inLanguage":"es","potentialAction":[{"@type":"ReadAction","target":["https:\/\/www.exchange-data.com\/es\/producto\/datos-de-operaciones-de-sociedades-en-norteamerica\/"]}]},{"@type":"ImageObject","inLanguage":"es","@id":"https:\/\/www.exchange-data.com\/es\/producto\/datos-de-operaciones-de-sociedades-en-norteamerica\/#primaryimage","url":"https:\/\/www.exchange-data.com\/wp-content\/uploads\/2015\/09\/EDI-Post-Featured-Image-700x400-1.png","contentUrl":"https:\/\/www.exchange-data.com\/wp-content\/uploads\/2015\/09\/EDI-Post-Featured-Image-700x400-1.png","width":700,"height":400,"caption":"Exchange Data International"},{"@type":"BreadcrumbList","@id":"https:\/\/www.exchange-data.com\/es\/producto\/datos-de-operaciones-de-sociedades-en-norteamerica\/#breadcrumb","itemListElement":[{"@type":"ListItem","position":1,"name":"Home","item":"https:\/\/www.exchange-data.com\/es\/inicio\/"},{"@type":"ListItem","position":2,"name":"Datos de Operaciones Corporativas en Norteam\u00e9rica"}]},{"@type":"WebSite","@id":"https:\/\/www.exchange-data.com\/es\/#website","url":"https:\/\/www.exchange-data.com\/es\/","name":"Exchange Data International","description":"Doing data differently","publisher":{"@id":"https:\/\/www.exchange-data.com\/es\/#organization"},"potentialAction":[{"@type":"SearchAction","target":{"@type":"EntryPoint","urlTemplate":"https:\/\/www.exchange-data.com\/es\/?s={search_term_string}"},"query-input":{"@type":"PropertyValueSpecification","valueRequired":true,"valueName":"search_term_string"}}],"inLanguage":"es"},{"@type":"Organization","@id":"https:\/\/www.exchange-data.com\/es\/#organization","name":"Exchange Data International","url":"https:\/\/www.exchange-data.com\/es\/","logo":{"@type":"ImageObject","inLanguage":"es","@id":"https:\/\/www.exchange-data.com\/es\/#\/schema\/logo\/image\/","url":"https:\/\/www.exchange-data.com\/wp-content\/uploads\/2019\/03\/logo3.png","contentUrl":"https:\/\/www.exchange-data.com\/wp-content\/uploads\/2019\/03\/logo3.png","width":200,"height":80,"caption":"Exchange Data International"},"image":{"@id":"https:\/\/www.exchange-data.com\/es\/#\/schema\/logo\/image\/"},"sameAs":["https:\/\/x.com\/ExchangeData","https:\/\/www.linkedin.com\/company\/exchange-data-international\/?viewAsMember=true","https:\/\/www.youtube.com\/channel\/UC5D1OpUb22YZANRLD_Ktcgg?view_as=subscriber"]}]}},"_links":{"self":[{"href":"https:\/\/www.exchange-data.com\/es\/wp-json\/wp\/v2\/product\/36006","targetHints":{"allow":["GET"]}}],"collection":[{"href":"https:\/\/www.exchange-data.com\/es\/wp-json\/wp\/v2\/product"}],"about":[{"href":"https:\/\/www.exchange-data.com\/es\/wp-json\/wp\/v2\/types\/product"}],"wp:featuredmedia":[{"embeddable":true,"href":"https:\/\/www.exchange-data.com\/es\/wp-json\/wp\/v2\/media\/34154"}],"wp:attachment":[{"href":"https:\/\/www.exchange-data.com\/es\/wp-json\/wp\/v2\/media?parent=36006"}],"wp:term":[{"taxonomy":"country","embeddable":true,"href":"https:\/\/www.exchange-data.com\/es\/wp-json\/wp\/v2\/country?post=36006"},{"taxonomy":"product_category","embeddable":true,"href":"https:\/\/www.exchange-data.com\/es\/wp-json\/wp\/v2\/product_category?post=36006"}],"curies":[{"name":"wp","href":"https:\/\/api.w.org\/{rel}","templated":true}]}}