{"id":36007,"date":"2024-12-05T15:38:25","date_gmt":"2024-12-05T14:38:25","guid":{"rendered":"https:\/\/www.exchange-data.com\/product\/bolsa-norteamericana-ofertas-publicas-iniciales\/"},"modified":"2025-10-09T05:11:37","modified_gmt":"2025-10-09T04:11:37","slug":"bolsa-norteamericana-ofertas-publicas-iniciales","status":"publish","type":"product","link":"https:\/\/www.exchange-data.com\/es\/producto\/bolsa-norteamericana-ofertas-publicas-iniciales\/","title":{"rendered":"Ofertas P\u00fablicas Iniciales en Bolsas de Am\u00e9rica del Norte"},"content":{"rendered":"<p><span style=\"font-weight: 400;\">El servicio de datos de oferta p\u00fablica inicial en EE.\u202fUU., desarrollado por Financial Information Incorporated (FII) y distribuido por Exchange Data International (EDI), proporciona informaci\u00f3n esencial y an\u00e1lisis estrat\u00e9gico para profesionales del sector financiero, facilitando decisiones informadas y planificaci\u00f3n eficaz<\/span><\/p>\n<p><a href=\"https:\/\/www.exchange-data.com\/mid-year-2025-ipo-market-report\/\"><img loading=\"lazy\" decoding=\"async\" src=\"https:\/\/www.exchange-data.com\/wp-content\/uploads\/2025\/10\/IPO-Banner-700x100-1.png\" alt=\"\" width=\"700\" height=\"100\" class=\"aligncenter size-full wp-image-36641\" srcset=\"https:\/\/www.exchange-data.com\/wp-content\/uploads\/2025\/10\/IPO-Banner-700x100-1.png 700w, https:\/\/www.exchange-data.com\/wp-content\/uploads\/2025\/10\/IPO-Banner-700x100-1-300x43.png 300w, https:\/\/www.exchange-data.com\/wp-content\/uploads\/2025\/10\/IPO-Banner-700x100-1-100x14.png 100w\" sizes=\"auto, (max-width: 700px) 100vw, 700px\" \/><\/a><\/p>\n<h2>Cobertura Integral del Producto<\/h2>\n<p><span style=\"font-weight: 400;\">Nuestra cobertura abarca: OPIs tradicionales, Listados directos, SPACs, Ofrecemos una visi\u00f3n completa de las distintas estrategias de entrada al mercado.<\/span><\/p>\n<p><strong>Cronograma Completo de la OPI<\/strong><br \/>\n<span style=\"font-weight: 400;\">Acceda a una hoja de ruta detallada que cubre todas las etapas del proceso, desde la preparaci\u00f3n inicial hasta las actividades posteriores a la cotizaci\u00f3n. Este enfoque estructurado garantiza visibilidad total y preparaci\u00f3n anticipada. <\/span><\/p>\n<p><strong>Calendario Proactivo y Sistema de Alertas<\/strong><br \/>\n<span style=\"font-weight: 400;\">Antic\u00edpese a eventos clave mediante nuestro calendario futuro y sistema de alertas, que notifican sobre hitos como: Per\u00edodos de estabilizaci\u00f3n, Bloqueo (Lockup), Silencio (Quiet Period), Nuestra metodolog\u00eda proactiva le permite no perder fechas cr\u00edticas. <\/span><\/p>\n<p><strong>Supervisi\u00f3n Experta de Actividad SPAC<\/strong><br \/>\n<span style=\"font-weight: 400;\">Gestione con confianza el din\u00e1mico entorno de las SPACs gracias a nuestro monitoreo especializado, que cubre desde la constituci\u00f3n hasta la posible disoluci\u00f3n. <\/span><\/p>\n<p><strong>Seguimiento de Din\u00e1micas de Cotizaci\u00f3n<br \/><\/strong><br \/>\n<span style=\"font-weight: 400;\">Analice el comportamiento del mercado y de los inversores en fechas clave, como el fin del per\u00edodo de bloqueo, para obtener perspectivas valiosas sobre la evoluci\u00f3n de la negociaci\u00f3n.<\/span><\/p>\n<h3>Estructura de Datos Organizada<\/h3>\n<p><span style=\"font-weight: 400;\">Nuestra arquitectura de datos permite una navegaci\u00f3n eficiente y acceso claro a la informaci\u00f3n, con categorizaci\u00f3n estructurada por valor.<br \/> <\/span><\/p>\n<ul>\n<li>Procesamiento de Datos Incluye:\n<ul>\n<li>Tipo de oferta<\/li>\n<li>ID del evento<\/li>\n<li>Etapa de la OPI<\/li>\n<li>Fechas de procesamiento<\/li>\n<\/ul>\n<\/li>\n<li>Detalles del emisor\n<ul>\n<li>Organizaci\u00f3n<\/li>\n<li>L\u00ednea de negocio<\/li>\n<li>Industria<\/li>\n<\/ul>\n<\/li>\n<li>Detalles de la oferta\n<ul>\n<li>Precio<\/li>\n<li>Cantidad<\/li>\n<\/ul>\n<\/li>\n<li>Datos financieros del emisor\n<ul>\n<li>Uso de los fondos<\/li>\n<li>Cierre fiscal<\/li>\n<\/ul>\n<\/li>\n<li>Factores de riesgo\n<ul>\n<li>Lista de factores de riesgo proporcionados por el emisor<\/li>\n<\/ul>\n<\/li>\n<li>Diluci\u00f3n\n<ul>\n<li>precios de diluci\u00f3n seg\u00fan cantidad emitida y en circulaci\u00f3n<\/li>\n<\/ul>\n<\/li>\n<\/ul>\n","protected":false},"featured_media":0,"template":"","country":[],"product_category":[3182,3178],"class_list":["post-36007","product","type-product","status-publish","hentry","product_category-acciones-corporativas","product_category-productos-y-servicios","no-post-thumbnail"],"acf":[],"yoast_head":"<!-- This site is optimized with the Yoast SEO Premium plugin v26.0 (Yoast SEO v26.0) - https:\/\/yoast.com\/wordpress\/plugins\/seo\/ -->\n<title>Ofertas P\u00fablicas Iniciales en Bolsas de Am\u00e9rica del Norte | Exchange Data International<\/title>\n<meta name=\"description\" content=\"Acceda a datos de oferta p\u00fablica inicial en EE. UU. con cobertura completa de OPIs, SPACs y listados directos, cronograma detallado, alertas clave y an\u00e1lisis de din\u00e1micas de cotizaci\u00f3n.\" \/>\n<meta name=\"robots\" content=\"index, follow, max-snippet:-1, max-image-preview:large, max-video-preview:-1\" \/>\n<link rel=\"canonical\" href=\"https:\/\/www.exchange-data.com\/es\/producto\/bolsa-norteamericana-ofertas-publicas-iniciales\/\" \/>\n<meta property=\"og:locale\" content=\"es_ES\" \/>\n<meta property=\"og:type\" content=\"article\" \/>\n<meta property=\"og:title\" content=\"Ofertas P\u00fablicas Iniciales en Bolsas de Am\u00e9rica del Norte | Exchange Data International\" \/>\n<meta property=\"og:description\" content=\"Acceda a datos de oferta p\u00fablica inicial en EE. UU. con cobertura completa de OPIs, SPACs y listados directos, cronograma detallado, alertas clave y an\u00e1lisis de din\u00e1micas de cotizaci\u00f3n.\" \/>\n<meta property=\"og:url\" content=\"https:\/\/www.exchange-data.com\/es\/producto\/bolsa-norteamericana-ofertas-publicas-iniciales\/\" \/>\n<meta property=\"og:site_name\" content=\"Exchange Data International\" \/>\n<meta property=\"article:modified_time\" content=\"2025-10-09T04:11:37+00:00\" \/>\n<meta property=\"og:image\" content=\"https:\/\/www.exchange-data.com\/wp-content\/uploads\/2025\/10\/IPO-Banner-700x100-1.png\" \/>\n\t<meta property=\"og:image:width\" content=\"700\" \/>\n\t<meta property=\"og:image:height\" content=\"100\" \/>\n\t<meta property=\"og:image:type\" content=\"image\/png\" \/>\n<meta name=\"twitter:card\" content=\"summary_large_image\" \/>\n<meta name=\"twitter:site\" content=\"@ExchangeData\" \/>\n<meta name=\"twitter:label1\" content=\"Tiempo de lectura\" \/>\n\t<meta name=\"twitter:data1\" content=\"2 minutos\" \/>\n<script type=\"application\/ld+json\" class=\"yoast-schema-graph\">{\"@context\":\"https:\/\/schema.org\",\"@graph\":[{\"@type\":\"WebPage\",\"@id\":\"https:\/\/www.exchange-data.com\/es\/producto\/bolsa-norteamericana-ofertas-publicas-iniciales\/\",\"url\":\"https:\/\/www.exchange-data.com\/es\/producto\/bolsa-norteamericana-ofertas-publicas-iniciales\/\",\"name\":\"Ofertas P\u00fablicas Iniciales en Bolsas de Am\u00e9rica del Norte | Exchange Data International\",\"isPartOf\":{\"@id\":\"https:\/\/www.exchange-data.com\/es\/#website\"},\"primaryImageOfPage\":{\"@id\":\"https:\/\/www.exchange-data.com\/es\/producto\/bolsa-norteamericana-ofertas-publicas-iniciales\/#primaryimage\"},\"image\":{\"@id\":\"https:\/\/www.exchange-data.com\/es\/producto\/bolsa-norteamericana-ofertas-publicas-iniciales\/#primaryimage\"},\"thumbnailUrl\":\"https:\/\/www.exchange-data.com\/wp-content\/uploads\/2025\/10\/IPO-Banner-700x100-1.png\",\"datePublished\":\"2024-12-05T14:38:25+00:00\",\"dateModified\":\"2025-10-09T04:11:37+00:00\",\"description\":\"Acceda a datos de oferta p\u00fablica inicial en EE. UU. con cobertura completa de OPIs, SPACs y listados directos, cronograma detallado, alertas clave y an\u00e1lisis de din\u00e1micas de cotizaci\u00f3n.\",\"breadcrumb\":{\"@id\":\"https:\/\/www.exchange-data.com\/es\/producto\/bolsa-norteamericana-ofertas-publicas-iniciales\/#breadcrumb\"},\"inLanguage\":\"es\",\"potentialAction\":[{\"@type\":\"ReadAction\",\"target\":[\"https:\/\/www.exchange-data.com\/es\/producto\/bolsa-norteamericana-ofertas-publicas-iniciales\/\"]}]},{\"@type\":\"ImageObject\",\"inLanguage\":\"es\",\"@id\":\"https:\/\/www.exchange-data.com\/es\/producto\/bolsa-norteamericana-ofertas-publicas-iniciales\/#primaryimage\",\"url\":\"https:\/\/www.exchange-data.com\/wp-content\/uploads\/2025\/10\/IPO-Banner-700x100-1.png\",\"contentUrl\":\"https:\/\/www.exchange-data.com\/wp-content\/uploads\/2025\/10\/IPO-Banner-700x100-1.png\"},{\"@type\":\"BreadcrumbList\",\"@id\":\"https:\/\/www.exchange-data.com\/es\/producto\/bolsa-norteamericana-ofertas-publicas-iniciales\/#breadcrumb\",\"itemListElement\":[{\"@type\":\"ListItem\",\"position\":1,\"name\":\"Home\",\"item\":\"https:\/\/www.exchange-data.com\/es\/inicio\/\"},{\"@type\":\"ListItem\",\"position\":2,\"name\":\"Ofertas P\u00fablicas Iniciales en Bolsas de Am\u00e9rica del Norte\"}]},{\"@type\":\"WebSite\",\"@id\":\"https:\/\/www.exchange-data.com\/es\/#website\",\"url\":\"https:\/\/www.exchange-data.com\/es\/\",\"name\":\"Exchange Data International\",\"description\":\"Doing data differently\",\"publisher\":{\"@id\":\"https:\/\/www.exchange-data.com\/es\/#organization\"},\"potentialAction\":[{\"@type\":\"SearchAction\",\"target\":{\"@type\":\"EntryPoint\",\"urlTemplate\":\"https:\/\/www.exchange-data.com\/es\/?s={search_term_string}\"},\"query-input\":{\"@type\":\"PropertyValueSpecification\",\"valueRequired\":true,\"valueName\":\"search_term_string\"}}],\"inLanguage\":\"es\"},{\"@type\":\"Organization\",\"@id\":\"https:\/\/www.exchange-data.com\/es\/#organization\",\"name\":\"Exchange Data International\",\"url\":\"https:\/\/www.exchange-data.com\/es\/\",\"logo\":{\"@type\":\"ImageObject\",\"inLanguage\":\"es\",\"@id\":\"https:\/\/www.exchange-data.com\/es\/#\/schema\/logo\/image\/\",\"url\":\"https:\/\/www.exchange-data.com\/wp-content\/uploads\/2019\/03\/logo3.png\",\"contentUrl\":\"https:\/\/www.exchange-data.com\/wp-content\/uploads\/2019\/03\/logo3.png\",\"width\":200,\"height\":80,\"caption\":\"Exchange Data International\"},\"image\":{\"@id\":\"https:\/\/www.exchange-data.com\/es\/#\/schema\/logo\/image\/\"},\"sameAs\":[\"https:\/\/x.com\/ExchangeData\",\"https:\/\/www.linkedin.com\/company\/exchange-data-international\/?viewAsMember=true\",\"https:\/\/www.youtube.com\/channel\/UC5D1OpUb22YZANRLD_Ktcgg?view_as=subscriber\"]}]}<\/script>\n<!-- \/ Yoast SEO Premium plugin. -->","yoast_head_json":{"title":"Ofertas P\u00fablicas Iniciales en Bolsas de Am\u00e9rica del Norte | Exchange Data International","description":"Acceda a datos de oferta p\u00fablica inicial en EE. UU. con cobertura completa de OPIs, SPACs y listados directos, cronograma detallado, alertas clave y an\u00e1lisis de din\u00e1micas de cotizaci\u00f3n.","robots":{"index":"index","follow":"follow","max-snippet":"max-snippet:-1","max-image-preview":"max-image-preview:large","max-video-preview":"max-video-preview:-1"},"canonical":"https:\/\/www.exchange-data.com\/es\/producto\/bolsa-norteamericana-ofertas-publicas-iniciales\/","og_locale":"es_ES","og_type":"article","og_title":"Ofertas P\u00fablicas Iniciales en Bolsas de Am\u00e9rica del Norte | Exchange Data International","og_description":"Acceda a datos de oferta p\u00fablica inicial en EE. UU. con cobertura completa de OPIs, SPACs y listados directos, cronograma detallado, alertas clave y an\u00e1lisis de din\u00e1micas de cotizaci\u00f3n.","og_url":"https:\/\/www.exchange-data.com\/es\/producto\/bolsa-norteamericana-ofertas-publicas-iniciales\/","og_site_name":"Exchange Data International","article_modified_time":"2025-10-09T04:11:37+00:00","og_image":[{"width":700,"height":100,"url":"https:\/\/www.exchange-data.com\/wp-content\/uploads\/2025\/10\/IPO-Banner-700x100-1.png","type":"image\/png"}],"twitter_card":"summary_large_image","twitter_site":"@ExchangeData","twitter_misc":{"Tiempo de lectura":"2 minutos"},"schema":{"@context":"https:\/\/schema.org","@graph":[{"@type":"WebPage","@id":"https:\/\/www.exchange-data.com\/es\/producto\/bolsa-norteamericana-ofertas-publicas-iniciales\/","url":"https:\/\/www.exchange-data.com\/es\/producto\/bolsa-norteamericana-ofertas-publicas-iniciales\/","name":"Ofertas P\u00fablicas Iniciales en Bolsas de Am\u00e9rica del Norte | Exchange Data International","isPartOf":{"@id":"https:\/\/www.exchange-data.com\/es\/#website"},"primaryImageOfPage":{"@id":"https:\/\/www.exchange-data.com\/es\/producto\/bolsa-norteamericana-ofertas-publicas-iniciales\/#primaryimage"},"image":{"@id":"https:\/\/www.exchange-data.com\/es\/producto\/bolsa-norteamericana-ofertas-publicas-iniciales\/#primaryimage"},"thumbnailUrl":"https:\/\/www.exchange-data.com\/wp-content\/uploads\/2025\/10\/IPO-Banner-700x100-1.png","datePublished":"2024-12-05T14:38:25+00:00","dateModified":"2025-10-09T04:11:37+00:00","description":"Acceda a datos de oferta p\u00fablica inicial en EE. UU. con cobertura completa de OPIs, SPACs y listados directos, cronograma detallado, alertas clave y an\u00e1lisis de din\u00e1micas de cotizaci\u00f3n.","breadcrumb":{"@id":"https:\/\/www.exchange-data.com\/es\/producto\/bolsa-norteamericana-ofertas-publicas-iniciales\/#breadcrumb"},"inLanguage":"es","potentialAction":[{"@type":"ReadAction","target":["https:\/\/www.exchange-data.com\/es\/producto\/bolsa-norteamericana-ofertas-publicas-iniciales\/"]}]},{"@type":"ImageObject","inLanguage":"es","@id":"https:\/\/www.exchange-data.com\/es\/producto\/bolsa-norteamericana-ofertas-publicas-iniciales\/#primaryimage","url":"https:\/\/www.exchange-data.com\/wp-content\/uploads\/2025\/10\/IPO-Banner-700x100-1.png","contentUrl":"https:\/\/www.exchange-data.com\/wp-content\/uploads\/2025\/10\/IPO-Banner-700x100-1.png"},{"@type":"BreadcrumbList","@id":"https:\/\/www.exchange-data.com\/es\/producto\/bolsa-norteamericana-ofertas-publicas-iniciales\/#breadcrumb","itemListElement":[{"@type":"ListItem","position":1,"name":"Home","item":"https:\/\/www.exchange-data.com\/es\/inicio\/"},{"@type":"ListItem","position":2,"name":"Ofertas P\u00fablicas Iniciales en Bolsas de Am\u00e9rica del Norte"}]},{"@type":"WebSite","@id":"https:\/\/www.exchange-data.com\/es\/#website","url":"https:\/\/www.exchange-data.com\/es\/","name":"Exchange Data International","description":"Doing data differently","publisher":{"@id":"https:\/\/www.exchange-data.com\/es\/#organization"},"potentialAction":[{"@type":"SearchAction","target":{"@type":"EntryPoint","urlTemplate":"https:\/\/www.exchange-data.com\/es\/?s={search_term_string}"},"query-input":{"@type":"PropertyValueSpecification","valueRequired":true,"valueName":"search_term_string"}}],"inLanguage":"es"},{"@type":"Organization","@id":"https:\/\/www.exchange-data.com\/es\/#organization","name":"Exchange Data International","url":"https:\/\/www.exchange-data.com\/es\/","logo":{"@type":"ImageObject","inLanguage":"es","@id":"https:\/\/www.exchange-data.com\/es\/#\/schema\/logo\/image\/","url":"https:\/\/www.exchange-data.com\/wp-content\/uploads\/2019\/03\/logo3.png","contentUrl":"https:\/\/www.exchange-data.com\/wp-content\/uploads\/2019\/03\/logo3.png","width":200,"height":80,"caption":"Exchange Data International"},"image":{"@id":"https:\/\/www.exchange-data.com\/es\/#\/schema\/logo\/image\/"},"sameAs":["https:\/\/x.com\/ExchangeData","https:\/\/www.linkedin.com\/company\/exchange-data-international\/?viewAsMember=true","https:\/\/www.youtube.com\/channel\/UC5D1OpUb22YZANRLD_Ktcgg?view_as=subscriber"]}]}},"_links":{"self":[{"href":"https:\/\/www.exchange-data.com\/es\/wp-json\/wp\/v2\/product\/36007","targetHints":{"allow":["GET"]}}],"collection":[{"href":"https:\/\/www.exchange-data.com\/es\/wp-json\/wp\/v2\/product"}],"about":[{"href":"https:\/\/www.exchange-data.com\/es\/wp-json\/wp\/v2\/types\/product"}],"wp:attachment":[{"href":"https:\/\/www.exchange-data.com\/es\/wp-json\/wp\/v2\/media?parent=36007"}],"wp:term":[{"taxonomy":"country","embeddable":true,"href":"https:\/\/www.exchange-data.com\/es\/wp-json\/wp\/v2\/country?post=36007"},{"taxonomy":"product_category","embeddable":true,"href":"https:\/\/www.exchange-data.com\/es\/wp-json\/wp\/v2\/product_category?post=36007"}],"curies":[{"name":"wp","href":"https:\/\/api.w.org\/{rel}","templated":true}]}}