{"id":36009,"date":"2020-11-30T17:10:48","date_gmt":"2020-11-30T16:10:48","guid":{"rendered":"https:\/\/www.exchange-data.com\/product\/fondos-declarantes-offshore\/"},"modified":"2025-10-08T13:06:56","modified_gmt":"2025-10-08T12:06:56","slug":"fondos-declarantes-offshore","status":"publish","type":"product","link":"https:\/\/www.exchange-data.com\/es\/producto\/fondos-declarantes-offshore\/","title":{"rendered":"Fondos de Inversi\u00f3n en el Exterior Declarados"},"content":{"rendered":"<p><span style=\"font-weight: 400;\">Este servicio es fruto de la colaboraci\u00f3n entre Exchange Data International (EDI) y Financial Software Limited (FSL).<\/span><\/p>\n<p><span style=\"font-weight: 400;\">Proporciona todos los elementos necesarios para elaborar informes fiscales sobre fondos offshore de forma:<\/span><\/p>\n<ul>\n<li><span style=\"font-weight: 400;\">sencilla de utilizar<\/span><\/li>\n<li><span style=\"font-weight: 400;\">adaptable a distintos formatos<\/span><\/li>\n<li><span style=\"font-weight: 400;\">validada para garantizar la precisi\u00f3n de los datos<\/span><\/li>\n<\/ul>\n<h4>\u00bfPor qu\u00e9 es necesario?<\/h4>\n<p><span style=\"font-weight: 400;\">La HMRC (Agencia Tributaria del Reino Unido) ha intensificado el control sobre la evasi\u00f3n fiscal en fondos offshore, estableciendo la obligaci\u00f3n legal de declarar todas las transacciones en estos productos.<br \/>Este servicio transforma una tarea compleja \u2014como identificar fondos y determinar obligaciones fiscales\u2014 en un proceso \u00e1gil, claro y automatizado. Aporta valor a sus clientes y reduce el riesgo de incumplimientos.  <\/span><\/p>\n<h4>Cobertura del servicio:<\/h4>\n<ul>\n<li><span style=\"font-weight: 400;\">La mayor base de datos propia con informaci\u00f3n de gestores de fondos, incluidos hedge funds especializados.<\/span><\/li>\n<li><span style=\"font-weight: 400;\">Identificaci\u00f3n de fondos con NAV constante para asegurar la integridad de la informaci\u00f3n<\/span><\/li>\n<li><span style=\"font-weight: 400;\">Informes ampliados sobre fondos transparentes para fortalecer su oferta comercial<\/span><\/li>\n<li><span style=\"font-weight: 400;\">Seguimiento continuo del estatus fiscal de los fondos con los gestores correspondientes.<\/span><\/li>\n<li><span style=\"font-weight: 400;\">Informes peri\u00f3dicos con datos hist\u00f3ricos actualizados.<\/span><\/li>\n<\/ul>\n<h4>Metodolog\u00eda<\/h4>\n<p><span style=\"font-weight: 400;\">El servicio resuelve los obst\u00e1culos comunes en la recopilaci\u00f3n de datos desde m\u00faltiples fuentes y ofrece conversi\u00f3n de divisas conforme a los requisitos de la HMRC, ahorrando tiempo y esfuerzo. Tambi\u00e9n aborda desaf\u00edos frecuentes como: <\/span><\/p>\n<ul>\n<li><span style=\"font-weight: 400;\">Identificadores incompletos o incorrectos (SEDOL, ISIN) <\/span><\/li>\n<li><span style=\"font-weight: 400;\">B\u00fasquedas web extensas en sitios de gestores con informaci\u00f3n limitada <\/span><\/li>\n<li><span style=\"font-weight: 400;\">Historiales incompletos por cambios de nombre o administrador <\/span><\/li>\n<li><span style=\"font-weight: 400;\">Informes inaccesibles o no publicados sobre fondos declarables<\/span><\/li>\n<li><span style=\"font-weight: 400;\">Confusi\u00f3n entre divisa de clase de acci\u00f3n y divisa base<\/span><\/li>\n<li><span style=\"font-weight: 400;\">Dificultad para identificar clases de acciones, lo que puede llevar a errores o requerir contacto directo con el gestor.<\/span><\/li>\n<\/ul>\n<p><span style=\"font-weight: 400;\">Nuestro equipo especializado en an\u00e1lisis de datos est\u00e1 disponible para resolver sus dudas y brindar el respaldo necesario para garantizar una gesti\u00f3n fiscal precisa y eficiente de fondos de inversi\u00f3n en el exterior.<\/span><\/p>\n","protected":false},"featured_media":34154,"template":"","country":[],"product_category":[3187,3186,3178],"class_list":["post-36009","product","type-product","status-publish","has-post-thumbnail","hentry","product_category-datos-fiscales-productos-y-servicios","product_category-fondos-de-inversion","product_category-productos-y-servicios"],"acf":[],"yoast_head":"<!-- This site is optimized with the Yoast SEO Premium plugin v26.0 (Yoast SEO v26.0) - https:\/\/yoast.com\/wordpress\/plugins\/seo\/ -->\n<title>Servicio de informaci\u00f3n de fondos offshore: cumplimiento fiscal simplificado<\/title>\n<meta name=\"description\" content=\"Optimiza la gesti\u00f3n fiscal de fondos con el servicio de informaci\u00f3n de fondos offshore de EDI y FSL. Datos precisos, soporte experto y cobertura global.\" \/>\n<meta name=\"robots\" content=\"index, follow, max-snippet:-1, max-image-preview:large, max-video-preview:-1\" \/>\n<link rel=\"canonical\" href=\"https:\/\/www.exchange-data.com\/es\/producto\/fondos-declarantes-offshore\/\" \/>\n<meta property=\"og:locale\" content=\"es_ES\" \/>\n<meta property=\"og:type\" content=\"article\" \/>\n<meta property=\"og:title\" content=\"Fondos declarantes offshore\" \/>\n<meta property=\"og:description\" content=\"El servicio Offshore Reporting Funds es una asociaci\u00f3n entre Exchange Data International (EDI) y Financial Software Limited (FSL). El servicio Offshore Reporting Funds le proporciona los elementos necesarios para la presentaci\u00f3n de informes fiscales sobre fondos offshore que son: f\u00e1ciles de usar; se proporcionan en formatos adaptables; se proporcionan a trav\u00e9s de un proceso de validaci\u00f3n que garantiza la exactitud de los datos.\" \/>\n<meta property=\"og:url\" content=\"https:\/\/www.exchange-data.com\/es\/producto\/fondos-declarantes-offshore\/\" \/>\n<meta property=\"og:site_name\" content=\"Exchange Data International\" \/>\n<meta property=\"article:modified_time\" content=\"2025-10-08T12:06:56+00:00\" \/>\n<meta property=\"og:image\" content=\"https:\/\/www.exchange-data.com\/wp-content\/uploads\/2015\/09\/EDI-Post-Featured-Image-700x400-1.png\" \/>\n<meta name=\"twitter:card\" content=\"summary_large_image\" \/>\n<meta name=\"twitter:title\" content=\"Fondos declarantes offshore\" \/>\n<meta name=\"twitter:description\" content=\"El servicio Offshore Reporting Funds es una asociaci\u00f3n entre Exchange Data International (EDI) y Financial Software Limited (FSL). El servicio Offshore Reporting Funds le proporciona los elementos necesarios para la presentaci\u00f3n de informes fiscales sobre fondos offshore que son: f\u00e1ciles de usar; se proporcionan en formatos adaptables; se proporcionan a trav\u00e9s de un proceso de validaci\u00f3n que garantiza la exactitud de los datos.\" \/>\n<meta name=\"twitter:image\" content=\"https:\/\/www.exchange-data.com\/wp-content\/uploads\/2015\/09\/EDI-Post-Featured-Image-700x400-1.png\" \/>\n<meta name=\"twitter:site\" content=\"@ExchangeData\" \/>\n<meta name=\"twitter:label1\" content=\"Tiempo de lectura\" \/>\n\t<meta name=\"twitter:data1\" content=\"3 minutos\" \/>\n<script type=\"application\/ld+json\" class=\"yoast-schema-graph\">{\"@context\":\"https:\/\/schema.org\",\"@graph\":[{\"@type\":\"WebPage\",\"@id\":\"https:\/\/www.exchange-data.com\/es\/producto\/fondos-declarantes-offshore\/\",\"url\":\"https:\/\/www.exchange-data.com\/es\/producto\/fondos-declarantes-offshore\/\",\"name\":\"Servicio de informaci\u00f3n de fondos offshore: cumplimiento fiscal simplificado\",\"isPartOf\":{\"@id\":\"https:\/\/www.exchange-data.com\/es\/#website\"},\"primaryImageOfPage\":{\"@id\":\"https:\/\/www.exchange-data.com\/es\/producto\/fondos-declarantes-offshore\/#primaryimage\"},\"image\":{\"@id\":\"https:\/\/www.exchange-data.com\/es\/producto\/fondos-declarantes-offshore\/#primaryimage\"},\"thumbnailUrl\":\"https:\/\/www.exchange-data.com\/wp-content\/uploads\/2015\/09\/EDI-Post-Featured-Image-700x400-1.png\",\"datePublished\":\"2020-11-30T16:10:48+00:00\",\"dateModified\":\"2025-10-08T12:06:56+00:00\",\"description\":\"Optimiza la gesti\u00f3n fiscal de fondos con el servicio de informaci\u00f3n de fondos offshore de EDI y FSL. Datos precisos, soporte experto y cobertura global.\",\"breadcrumb\":{\"@id\":\"https:\/\/www.exchange-data.com\/es\/producto\/fondos-declarantes-offshore\/#breadcrumb\"},\"inLanguage\":\"es\",\"potentialAction\":[{\"@type\":\"ReadAction\",\"target\":[\"https:\/\/www.exchange-data.com\/es\/producto\/fondos-declarantes-offshore\/\"]}]},{\"@type\":\"ImageObject\",\"inLanguage\":\"es\",\"@id\":\"https:\/\/www.exchange-data.com\/es\/producto\/fondos-declarantes-offshore\/#primaryimage\",\"url\":\"https:\/\/www.exchange-data.com\/wp-content\/uploads\/2015\/09\/EDI-Post-Featured-Image-700x400-1.png\",\"contentUrl\":\"https:\/\/www.exchange-data.com\/wp-content\/uploads\/2015\/09\/EDI-Post-Featured-Image-700x400-1.png\",\"width\":700,\"height\":400,\"caption\":\"Exchange Data International\"},{\"@type\":\"BreadcrumbList\",\"@id\":\"https:\/\/www.exchange-data.com\/es\/producto\/fondos-declarantes-offshore\/#breadcrumb\",\"itemListElement\":[{\"@type\":\"ListItem\",\"position\":1,\"name\":\"Home\",\"item\":\"https:\/\/www.exchange-data.com\/es\/inicio\/\"},{\"@type\":\"ListItem\",\"position\":2,\"name\":\"Fondos de Inversi\u00f3n en el Exterior Declarados\"}]},{\"@type\":\"WebSite\",\"@id\":\"https:\/\/www.exchange-data.com\/es\/#website\",\"url\":\"https:\/\/www.exchange-data.com\/es\/\",\"name\":\"Exchange Data International\",\"description\":\"Doing data differently\",\"publisher\":{\"@id\":\"https:\/\/www.exchange-data.com\/es\/#organization\"},\"potentialAction\":[{\"@type\":\"SearchAction\",\"target\":{\"@type\":\"EntryPoint\",\"urlTemplate\":\"https:\/\/www.exchange-data.com\/es\/?s={search_term_string}\"},\"query-input\":{\"@type\":\"PropertyValueSpecification\",\"valueRequired\":true,\"valueName\":\"search_term_string\"}}],\"inLanguage\":\"es\"},{\"@type\":\"Organization\",\"@id\":\"https:\/\/www.exchange-data.com\/es\/#organization\",\"name\":\"Exchange Data International\",\"url\":\"https:\/\/www.exchange-data.com\/es\/\",\"logo\":{\"@type\":\"ImageObject\",\"inLanguage\":\"es\",\"@id\":\"https:\/\/www.exchange-data.com\/es\/#\/schema\/logo\/image\/\",\"url\":\"https:\/\/www.exchange-data.com\/wp-content\/uploads\/2019\/03\/logo3.png\",\"contentUrl\":\"https:\/\/www.exchange-data.com\/wp-content\/uploads\/2019\/03\/logo3.png\",\"width\":200,\"height\":80,\"caption\":\"Exchange Data International\"},\"image\":{\"@id\":\"https:\/\/www.exchange-data.com\/es\/#\/schema\/logo\/image\/\"},\"sameAs\":[\"https:\/\/x.com\/ExchangeData\",\"https:\/\/www.linkedin.com\/company\/exchange-data-international\/?viewAsMember=true\",\"https:\/\/www.youtube.com\/channel\/UC5D1OpUb22YZANRLD_Ktcgg?view_as=subscriber\"]}]}<\/script>\n<!-- \/ Yoast SEO Premium plugin. -->","yoast_head_json":{"title":"Servicio de informaci\u00f3n de fondos offshore: cumplimiento fiscal simplificado","description":"Optimiza la gesti\u00f3n fiscal de fondos con el servicio de informaci\u00f3n de fondos offshore de EDI y FSL. Datos precisos, soporte experto y cobertura global.","robots":{"index":"index","follow":"follow","max-snippet":"max-snippet:-1","max-image-preview":"max-image-preview:large","max-video-preview":"max-video-preview:-1"},"canonical":"https:\/\/www.exchange-data.com\/es\/producto\/fondos-declarantes-offshore\/","og_locale":"es_ES","og_type":"article","og_title":"Fondos declarantes offshore","og_description":"El servicio Offshore Reporting Funds es una asociaci\u00f3n entre Exchange Data International (EDI) y Financial Software Limited (FSL). El servicio Offshore Reporting Funds le proporciona los elementos necesarios para la presentaci\u00f3n de informes fiscales sobre fondos offshore que son: f\u00e1ciles de usar; se proporcionan en formatos adaptables; se proporcionan a trav\u00e9s de un proceso de validaci\u00f3n que garantiza la exactitud de los datos.","og_url":"https:\/\/www.exchange-data.com\/es\/producto\/fondos-declarantes-offshore\/","og_site_name":"Exchange Data International","article_modified_time":"2025-10-08T12:06:56+00:00","og_image":[{"url":"https:\/\/www.exchange-data.com\/wp-content\/uploads\/2015\/09\/EDI-Post-Featured-Image-700x400-1.png","type":"","width":"","height":""}],"twitter_card":"summary_large_image","twitter_title":"Fondos declarantes offshore","twitter_description":"El servicio Offshore Reporting Funds es una asociaci\u00f3n entre Exchange Data International (EDI) y Financial Software Limited (FSL). El servicio Offshore Reporting Funds le proporciona los elementos necesarios para la presentaci\u00f3n de informes fiscales sobre fondos offshore que son: f\u00e1ciles de usar; se proporcionan en formatos adaptables; se proporcionan a trav\u00e9s de un proceso de validaci\u00f3n que garantiza la exactitud de los datos.","twitter_image":"https:\/\/www.exchange-data.com\/wp-content\/uploads\/2015\/09\/EDI-Post-Featured-Image-700x400-1.png","twitter_site":"@ExchangeData","twitter_misc":{"Tiempo de lectura":"3 minutos"},"schema":{"@context":"https:\/\/schema.org","@graph":[{"@type":"WebPage","@id":"https:\/\/www.exchange-data.com\/es\/producto\/fondos-declarantes-offshore\/","url":"https:\/\/www.exchange-data.com\/es\/producto\/fondos-declarantes-offshore\/","name":"Servicio de informaci\u00f3n de fondos offshore: cumplimiento fiscal simplificado","isPartOf":{"@id":"https:\/\/www.exchange-data.com\/es\/#website"},"primaryImageOfPage":{"@id":"https:\/\/www.exchange-data.com\/es\/producto\/fondos-declarantes-offshore\/#primaryimage"},"image":{"@id":"https:\/\/www.exchange-data.com\/es\/producto\/fondos-declarantes-offshore\/#primaryimage"},"thumbnailUrl":"https:\/\/www.exchange-data.com\/wp-content\/uploads\/2015\/09\/EDI-Post-Featured-Image-700x400-1.png","datePublished":"2020-11-30T16:10:48+00:00","dateModified":"2025-10-08T12:06:56+00:00","description":"Optimiza la gesti\u00f3n fiscal de fondos con el servicio de informaci\u00f3n de fondos offshore de EDI y FSL. Datos precisos, soporte experto y cobertura global.","breadcrumb":{"@id":"https:\/\/www.exchange-data.com\/es\/producto\/fondos-declarantes-offshore\/#breadcrumb"},"inLanguage":"es","potentialAction":[{"@type":"ReadAction","target":["https:\/\/www.exchange-data.com\/es\/producto\/fondos-declarantes-offshore\/"]}]},{"@type":"ImageObject","inLanguage":"es","@id":"https:\/\/www.exchange-data.com\/es\/producto\/fondos-declarantes-offshore\/#primaryimage","url":"https:\/\/www.exchange-data.com\/wp-content\/uploads\/2015\/09\/EDI-Post-Featured-Image-700x400-1.png","contentUrl":"https:\/\/www.exchange-data.com\/wp-content\/uploads\/2015\/09\/EDI-Post-Featured-Image-700x400-1.png","width":700,"height":400,"caption":"Exchange Data International"},{"@type":"BreadcrumbList","@id":"https:\/\/www.exchange-data.com\/es\/producto\/fondos-declarantes-offshore\/#breadcrumb","itemListElement":[{"@type":"ListItem","position":1,"name":"Home","item":"https:\/\/www.exchange-data.com\/es\/inicio\/"},{"@type":"ListItem","position":2,"name":"Fondos de Inversi\u00f3n en el Exterior Declarados"}]},{"@type":"WebSite","@id":"https:\/\/www.exchange-data.com\/es\/#website","url":"https:\/\/www.exchange-data.com\/es\/","name":"Exchange Data International","description":"Doing data differently","publisher":{"@id":"https:\/\/www.exchange-data.com\/es\/#organization"},"potentialAction":[{"@type":"SearchAction","target":{"@type":"EntryPoint","urlTemplate":"https:\/\/www.exchange-data.com\/es\/?s={search_term_string}"},"query-input":{"@type":"PropertyValueSpecification","valueRequired":true,"valueName":"search_term_string"}}],"inLanguage":"es"},{"@type":"Organization","@id":"https:\/\/www.exchange-data.com\/es\/#organization","name":"Exchange Data International","url":"https:\/\/www.exchange-data.com\/es\/","logo":{"@type":"ImageObject","inLanguage":"es","@id":"https:\/\/www.exchange-data.com\/es\/#\/schema\/logo\/image\/","url":"https:\/\/www.exchange-data.com\/wp-content\/uploads\/2019\/03\/logo3.png","contentUrl":"https:\/\/www.exchange-data.com\/wp-content\/uploads\/2019\/03\/logo3.png","width":200,"height":80,"caption":"Exchange Data International"},"image":{"@id":"https:\/\/www.exchange-data.com\/es\/#\/schema\/logo\/image\/"},"sameAs":["https:\/\/x.com\/ExchangeData","https:\/\/www.linkedin.com\/company\/exchange-data-international\/?viewAsMember=true","https:\/\/www.youtube.com\/channel\/UC5D1OpUb22YZANRLD_Ktcgg?view_as=subscriber"]}]}},"_links":{"self":[{"href":"https:\/\/www.exchange-data.com\/es\/wp-json\/wp\/v2\/product\/36009","targetHints":{"allow":["GET"]}}],"collection":[{"href":"https:\/\/www.exchange-data.com\/es\/wp-json\/wp\/v2\/product"}],"about":[{"href":"https:\/\/www.exchange-data.com\/es\/wp-json\/wp\/v2\/types\/product"}],"wp:featuredmedia":[{"embeddable":true,"href":"https:\/\/www.exchange-data.com\/es\/wp-json\/wp\/v2\/media\/34154"}],"wp:attachment":[{"href":"https:\/\/www.exchange-data.com\/es\/wp-json\/wp\/v2\/media?parent=36009"}],"wp:term":[{"taxonomy":"country","embeddable":true,"href":"https:\/\/www.exchange-data.com\/es\/wp-json\/wp\/v2\/country?post=36009"},{"taxonomy":"product_category","embeddable":true,"href":"https:\/\/www.exchange-data.com\/es\/wp-json\/wp\/v2\/product_category?post=36009"}],"curies":[{"name":"wp","href":"https:\/\/api.w.org\/{rel}","templated":true}]}}