{"id":36011,"date":"2023-03-07T15:12:49","date_gmt":"2023-03-07T14:12:49","guid":{"rendered":"https:\/\/www.exchange-data.com\/product\/opciones-analitica-implicita\/"},"modified":"2025-12-19T06:57:36","modified_gmt":"2025-12-19T05:57:36","slug":"opciones-analitica-implicita","status":"publish","type":"product","link":"https:\/\/www.exchange-data.com\/es\/producto\/opciones-analitica-implicita\/","title":{"rendered":"Informaci\u00f3n Anal\u00edtica para Opciones Impl\u00edcitas"},"content":{"rendered":"<p>&nbsp;<\/p>\n<h2>Deje que la Informaci\u00f3n Anal\u00edtica de Opciones gu\u00eden sus decisiones<\/h2>\n<p>&nbsp;<\/p>\n<p><span style=\"font-weight: 400;\">Los Modelos Anal\u00edticos para Opciones Impl\u00edcitas han demostrado, tanto en el \u00e1mbito acad\u00e9mico como en el sector financiero, mejorar la rentabilidad de los inversores en renta variable mediante el desarrollo de estrategias, la construcci\u00f3n de carteras, decisiones de entrada\/salida, y gesti\u00f3n de riesgo.<\/span><\/p>\n<ul>\n<li><span style=\"font-weight: 400;\">M\u00e1s de 5.000 acciones estadounidenses, ADRs y ETFs<\/span><\/li>\n<li><span style=\"font-weight: 400;\">M\u00e1s de 40 se\u00f1ales \u00fanicas en constante evoluci\u00f3n<\/span><\/li>\n<li><span style=\"font-weight: 400;\">Sin sesgos de supervivencia<\/span><\/li>\n<li><span style=\"font-weight: 400;\">Tratamiento riguroso de dividendos, splits y eventos corporativos sobre derivados Inclusi\u00f3n de series ajustadas en el an\u00e1lisis<\/span><\/li>\n<li><span style=\"font-weight: 400;\">Compatibilidad con m\u00faltiples identificadores de valores<\/span><\/li>\n<\/ul>\n<h3>Ventajas clave del servicio:<\/h3>\n<ul>\n<li><span style=\"font-weight: 400;\">\u00danico proveedor especializado en ofrecer todas las anal\u00edticas impl\u00edcitas de opciones desde una \u00fanica plataforma.<\/span><\/li>\n<li><span style=\"font-weight: 400;\">Informaci\u00f3n Anal\u00edtica exclusivas de fin de d\u00eda, no generada por mesas de negociaci\u00f3n.<\/span><\/li>\n<li><span style=\"font-weight: 400;\">Fuentes de datos de alta calidad que garantizan precisi\u00f3n y fiabilidad.<\/span><\/li>\n<li><span style=\"font-weight: 400;\">Entrega flexible: en la nube o local, en formato CSV o Parquet.<\/span><\/li>\n<li><span style=\"font-weight: 400;\">Hist\u00f3rico desde 2007, ideal para modelos cuantitativos avanzados.<\/span><\/li>\n<li><span style=\"font-weight: 400;\">Rentable: reduce costos de adquisici\u00f3n de datos, an\u00e1lisis cuantitativo y recursos tecnol\u00f3gicos.<\/span><\/li>\n<\/ul>\n","protected":false},"featured_media":0,"template":"","country":[],"product_category":[3183,3178],"class_list":["post-36011","product","type-product","status-publish","hentry","product_category-datos-sobre-derivados-e-intereses-en-corto-productos-y-servicios","product_category-productos-y-servicios","no-post-thumbnail"],"acf":[],"yoast_head":"<!-- This site is optimized with the Yoast SEO Premium plugin v26.0 (Yoast SEO v26.0) - https:\/\/yoast.com\/wordpress\/plugins\/seo\/ -->\n<title>Opciones An\u00e1lisis impl\u00edcito | Volatilidad y se\u00f1ales de mercado<\/title>\n<meta name=\"description\" content=\"Mejore su gesti\u00f3n de carteras con datos de volatilidad impl\u00edcita, se\u00f1ales \u00fanicas y anal\u00edticas precisas sobre m\u00e1s de 5.000 acciones, ADRs y ETFs desde 2007.\" \/>\n<meta name=\"robots\" content=\"index, follow, max-snippet:-1, max-image-preview:large, max-video-preview:-1\" \/>\n<link rel=\"canonical\" href=\"https:\/\/www.exchange-data.com\/es\/producto\/opciones-analitica-implicita\/\" \/>\n<meta property=\"og:locale\" content=\"es_ES\" \/>\n<meta property=\"og:type\" content=\"article\" \/>\n<meta property=\"og:title\" content=\"Informaci\u00f3n Anal\u00edtica para Opciones Impl\u00edcitas | Exchange Data International\" \/>\n<meta property=\"og:description\" content=\"Mejore su gesti\u00f3n de carteras con datos de volatilidad impl\u00edcita, se\u00f1ales \u00fanicas y anal\u00edticas precisas sobre m\u00e1s de 5.000 acciones, ADRs y ETFs desde 2007.\" \/>\n<meta property=\"og:url\" content=\"https:\/\/www.exchange-data.com\/es\/producto\/opciones-analitica-implicita\/\" \/>\n<meta property=\"og:site_name\" content=\"Exchange Data International\" \/>\n<meta property=\"article:modified_time\" content=\"2025-12-19T05:57:36+00:00\" \/>\n<meta name=\"twitter:card\" content=\"summary_large_image\" \/>\n<meta name=\"twitter:site\" content=\"@ExchangeData\" \/>\n<meta name=\"twitter:label1\" content=\"Tiempo de lectura\" \/>\n\t<meta name=\"twitter:data1\" content=\"1 minuto\" \/>\n<script type=\"application\/ld+json\" class=\"yoast-schema-graph\">{\"@context\":\"https:\/\/schema.org\",\"@graph\":[{\"@type\":\"WebPage\",\"@id\":\"https:\/\/www.exchange-data.com\/es\/producto\/opciones-analitica-implicita\/\",\"url\":\"https:\/\/www.exchange-data.com\/es\/producto\/opciones-analitica-implicita\/\",\"name\":\"Opciones An\u00e1lisis impl\u00edcito | Volatilidad y se\u00f1ales de mercado\",\"isPartOf\":{\"@id\":\"https:\/\/www.exchange-data.com\/es\/#website\"},\"datePublished\":\"2023-03-07T14:12:49+00:00\",\"dateModified\":\"2025-12-19T05:57:36+00:00\",\"description\":\"Mejore su gesti\u00f3n de carteras con datos de volatilidad impl\u00edcita, se\u00f1ales \u00fanicas y anal\u00edticas precisas sobre m\u00e1s de 5.000 acciones, ADRs y ETFs desde 2007.\",\"breadcrumb\":{\"@id\":\"https:\/\/www.exchange-data.com\/es\/producto\/opciones-analitica-implicita\/#breadcrumb\"},\"inLanguage\":\"es\",\"potentialAction\":[{\"@type\":\"ReadAction\",\"target\":[\"https:\/\/www.exchange-data.com\/es\/producto\/opciones-analitica-implicita\/\"]}]},{\"@type\":\"BreadcrumbList\",\"@id\":\"https:\/\/www.exchange-data.com\/es\/producto\/opciones-analitica-implicita\/#breadcrumb\",\"itemListElement\":[{\"@type\":\"ListItem\",\"position\":1,\"name\":\"Home\",\"item\":\"https:\/\/www.exchange-data.com\/es\/inicio\/\"},{\"@type\":\"ListItem\",\"position\":2,\"name\":\"Informaci\u00f3n Anal\u00edtica para Opciones Impl\u00edcitas\"}]},{\"@type\":\"WebSite\",\"@id\":\"https:\/\/www.exchange-data.com\/es\/#website\",\"url\":\"https:\/\/www.exchange-data.com\/es\/\",\"name\":\"Exchange Data International\",\"description\":\"Doing data differently\",\"publisher\":{\"@id\":\"https:\/\/www.exchange-data.com\/es\/#organization\"},\"potentialAction\":[{\"@type\":\"SearchAction\",\"target\":{\"@type\":\"EntryPoint\",\"urlTemplate\":\"https:\/\/www.exchange-data.com\/es\/?s={search_term_string}\"},\"query-input\":{\"@type\":\"PropertyValueSpecification\",\"valueRequired\":true,\"valueName\":\"search_term_string\"}}],\"inLanguage\":\"es\"},{\"@type\":\"Organization\",\"@id\":\"https:\/\/www.exchange-data.com\/es\/#organization\",\"name\":\"Exchange Data International\",\"url\":\"https:\/\/www.exchange-data.com\/es\/\",\"logo\":{\"@type\":\"ImageObject\",\"inLanguage\":\"es\",\"@id\":\"https:\/\/www.exchange-data.com\/es\/#\/schema\/logo\/image\/\",\"url\":\"https:\/\/www.exchange-data.com\/wp-content\/uploads\/2019\/03\/logo3.png\",\"contentUrl\":\"https:\/\/www.exchange-data.com\/wp-content\/uploads\/2019\/03\/logo3.png\",\"width\":200,\"height\":80,\"caption\":\"Exchange Data International\"},\"image\":{\"@id\":\"https:\/\/www.exchange-data.com\/es\/#\/schema\/logo\/image\/\"},\"sameAs\":[\"https:\/\/x.com\/ExchangeData\",\"https:\/\/www.linkedin.com\/company\/exchange-data-international\/?viewAsMember=true\",\"https:\/\/www.youtube.com\/channel\/UC5D1OpUb22YZANRLD_Ktcgg?view_as=subscriber\"]}]}<\/script>\n<!-- \/ Yoast SEO Premium plugin. -->","yoast_head_json":{"title":"Opciones An\u00e1lisis impl\u00edcito | Volatilidad y se\u00f1ales de mercado","description":"Mejore su gesti\u00f3n de carteras con datos de volatilidad impl\u00edcita, se\u00f1ales \u00fanicas y anal\u00edticas precisas sobre m\u00e1s de 5.000 acciones, ADRs y ETFs desde 2007.","robots":{"index":"index","follow":"follow","max-snippet":"max-snippet:-1","max-image-preview":"max-image-preview:large","max-video-preview":"max-video-preview:-1"},"canonical":"https:\/\/www.exchange-data.com\/es\/producto\/opciones-analitica-implicita\/","og_locale":"es_ES","og_type":"article","og_title":"Informaci\u00f3n Anal\u00edtica para Opciones Impl\u00edcitas | Exchange Data International","og_description":"Mejore su gesti\u00f3n de carteras con datos de volatilidad impl\u00edcita, se\u00f1ales \u00fanicas y anal\u00edticas precisas sobre m\u00e1s de 5.000 acciones, ADRs y ETFs desde 2007.","og_url":"https:\/\/www.exchange-data.com\/es\/producto\/opciones-analitica-implicita\/","og_site_name":"Exchange Data International","article_modified_time":"2025-12-19T05:57:36+00:00","twitter_card":"summary_large_image","twitter_site":"@ExchangeData","twitter_misc":{"Tiempo de lectura":"1 minuto"},"schema":{"@context":"https:\/\/schema.org","@graph":[{"@type":"WebPage","@id":"https:\/\/www.exchange-data.com\/es\/producto\/opciones-analitica-implicita\/","url":"https:\/\/www.exchange-data.com\/es\/producto\/opciones-analitica-implicita\/","name":"Opciones An\u00e1lisis impl\u00edcito | Volatilidad y se\u00f1ales de mercado","isPartOf":{"@id":"https:\/\/www.exchange-data.com\/es\/#website"},"datePublished":"2023-03-07T14:12:49+00:00","dateModified":"2025-12-19T05:57:36+00:00","description":"Mejore su gesti\u00f3n de carteras con datos de volatilidad impl\u00edcita, se\u00f1ales \u00fanicas y anal\u00edticas precisas sobre m\u00e1s de 5.000 acciones, ADRs y ETFs desde 2007.","breadcrumb":{"@id":"https:\/\/www.exchange-data.com\/es\/producto\/opciones-analitica-implicita\/#breadcrumb"},"inLanguage":"es","potentialAction":[{"@type":"ReadAction","target":["https:\/\/www.exchange-data.com\/es\/producto\/opciones-analitica-implicita\/"]}]},{"@type":"BreadcrumbList","@id":"https:\/\/www.exchange-data.com\/es\/producto\/opciones-analitica-implicita\/#breadcrumb","itemListElement":[{"@type":"ListItem","position":1,"name":"Home","item":"https:\/\/www.exchange-data.com\/es\/inicio\/"},{"@type":"ListItem","position":2,"name":"Informaci\u00f3n Anal\u00edtica para Opciones Impl\u00edcitas"}]},{"@type":"WebSite","@id":"https:\/\/www.exchange-data.com\/es\/#website","url":"https:\/\/www.exchange-data.com\/es\/","name":"Exchange Data International","description":"Doing data differently","publisher":{"@id":"https:\/\/www.exchange-data.com\/es\/#organization"},"potentialAction":[{"@type":"SearchAction","target":{"@type":"EntryPoint","urlTemplate":"https:\/\/www.exchange-data.com\/es\/?s={search_term_string}"},"query-input":{"@type":"PropertyValueSpecification","valueRequired":true,"valueName":"search_term_string"}}],"inLanguage":"es"},{"@type":"Organization","@id":"https:\/\/www.exchange-data.com\/es\/#organization","name":"Exchange Data International","url":"https:\/\/www.exchange-data.com\/es\/","logo":{"@type":"ImageObject","inLanguage":"es","@id":"https:\/\/www.exchange-data.com\/es\/#\/schema\/logo\/image\/","url":"https:\/\/www.exchange-data.com\/wp-content\/uploads\/2019\/03\/logo3.png","contentUrl":"https:\/\/www.exchange-data.com\/wp-content\/uploads\/2019\/03\/logo3.png","width":200,"height":80,"caption":"Exchange Data International"},"image":{"@id":"https:\/\/www.exchange-data.com\/es\/#\/schema\/logo\/image\/"},"sameAs":["https:\/\/x.com\/ExchangeData","https:\/\/www.linkedin.com\/company\/exchange-data-international\/?viewAsMember=true","https:\/\/www.youtube.com\/channel\/UC5D1OpUb22YZANRLD_Ktcgg?view_as=subscriber"]}]}},"_links":{"self":[{"href":"https:\/\/www.exchange-data.com\/es\/wp-json\/wp\/v2\/product\/36011","targetHints":{"allow":["GET"]}}],"collection":[{"href":"https:\/\/www.exchange-data.com\/es\/wp-json\/wp\/v2\/product"}],"about":[{"href":"https:\/\/www.exchange-data.com\/es\/wp-json\/wp\/v2\/types\/product"}],"wp:attachment":[{"href":"https:\/\/www.exchange-data.com\/es\/wp-json\/wp\/v2\/media?parent=36011"}],"wp:term":[{"taxonomy":"country","embeddable":true,"href":"https:\/\/www.exchange-data.com\/es\/wp-json\/wp\/v2\/country?post=36011"},{"taxonomy":"product_category","embeddable":true,"href":"https:\/\/www.exchange-data.com\/es\/wp-json\/wp\/v2\/product_category?post=36011"}],"curies":[{"name":"wp","href":"https:\/\/api.w.org\/{rel}","templated":true}]}}