{"id":36012,"date":"2019-01-29T17:45:30","date_gmt":"2019-01-29T16:45:30","guid":{"rendered":"https:\/\/www.exchange-data.com\/product\/datos-otc\/"},"modified":"2025-10-10T13:26:54","modified_gmt":"2025-10-10T12:26:54","slug":"datos-otc","status":"publish","type":"product","link":"https:\/\/www.exchange-data.com\/es\/producto\/datos-otc\/","title":{"rendered":"Datos OTC"},"content":{"rendered":"<h3>Datos de la Curva de Swaps<br \/><\/h3>\n<p><span style=\"font-weight: 400;\">Este servicio proporciona una fuente diaria e independiente de curvas de rendimiento impl\u00edcitas por swaps y de cup\u00f3n cero, utilizadas para valoraciones, an\u00e1lisis de cartera y c\u00e1lculos de gesti\u00f3n de riesgos.<\/span><\/p>\n<h4>Descripci\u00f3n del servicio<br \/><\/h4>\n<p><span style=\"font-weight: 400;\">Ofrece curvas diarias en una amplia gama de divisas globales, expresadas como rendimiento de cup\u00f3n cero y como factor de descuento asociado. <\/span><\/p>\n<h4>Frecuencia de entrega<\/h4>\n<p><span style=\"font-weight: 400;\">Disponible de forma intrad\u00eda o al cierre de jornada. El cierre se realiza al final de los principales mercados globales o como archivo consolidado a las 16:00 ET. Hist\u00f3rico disponible de hasta 5 a\u00f1os.  <\/span><\/p>\n<h3>Datos de Credit Default Swap (CDS)<br \/><\/h3>\n<p><span style=\"font-weight: 400;\">Servicio diario de curvas independientes de spreads para valoraciones, an\u00e1lisis de carteras y gesti\u00f3n de riesgos.<\/span><\/p>\n<h4>Descripci\u00f3n del servicio<br \/><\/h4>\n<p><span style=\"font-weight: 400;\">Incluye spreads a 5 y 10 a\u00f1os para m\u00e1s de 2.000 entidades de referencia, en diversas divisas, cl\u00e1usulas de reestructuraci\u00f3n y niveles de deuda. Los spreads se expresan en puntos b\u00e1sicos como coste de aseguramiento. Curvas completas (de 6 meses a 30 a\u00f1os) disponibles como servicio premium.  <\/span><\/p>\n<h4>Frecuencia de entrega<br \/><\/h4>\n<p><span style=\"font-weight: 400;\">Entrega diaria alrededor de las 16:00 ET. Hist\u00f3rico disponible de hasta 10 a\u00f1os. <\/span><\/p>\n<h3>Precios de Renta Fija<\/h3>\n<p><span style=\"font-weight: 400;\">Servicio de precios diarios independientes para valoraciones, an\u00e1lisis de cartera, reporting de ejecuci\u00f3n \u00f3ptima y gesti\u00f3n de riesgos.<\/span><\/p>\n<h4>Descripci\u00f3n del servicio<br \/><\/h4>\n<p>Incluye precios para una amplia gama de instrumentos de renta fija, como:<\/p>\n<ul>\n<li>Bonos corporativos<\/li>\n<li>Bonos municipales<\/li>\n<li>Pr\u00e9stamos sindicados<\/li>\n<li>MBS de agencias<\/li>\n<li>CMO no emitidos por agencias<\/li>\n<li>CMBS<\/li>\n<li>ABS<\/li>\n<li>CLO<\/li>\n<\/ul>\n<h4>Frecuencia de entrega<br \/><\/h4>\n<p><span style=\"font-weight: 400;\">Valoraciones calculadas al cierre de los principales mercados. Para bonos l\u00edquidos, se ofrecen valoraciones intrad\u00eda. Entrega el mismo d\u00eda o al siguiente.  <\/span><\/p>\n<h3>Datos de Volatilidad de Opciones FX<\/h3>\n<p><span style=\"font-weight: 400;\">Servicio de datos independientes de volatilidad diaria para opciones sobre divisas, utilizados en valoraciones y gesti\u00f3n de riesgos.<\/span><\/p>\n<h4>Descripci\u00f3n del servicio<\/h4>\n<p><span style=\"font-weight: 400;\">Superficies diarias de volatilidad FX, incluyendo skew, en 30 divisas globales y metales preciosos. M\u00e9tricas incluidas: <\/span><\/p>\n<ul>\n<li>Para strikes at-the-money (ATM): volatilidad impl\u00edcita porcentual<\/li>\n<li>Para Reversals y Butterflies de 10 y 25 Delta: desviaciones respecto al ATM<\/li>\n<\/ul>\n<h4>Frecuencia de entrega<br \/><\/h4>\n<p><span style=\"font-weight: 400;\">Disponible intrad\u00eda o al cierre (16:00 ET). Hist\u00f3rico de hasta 5 a\u00f1os.  <\/span><\/p>\n<h3>Datos de Volatilidad de Swaptions<br \/><\/h3>\n<p><span style=\"font-weight: 400;\">Servicio de datos independientes de volatilidad de tipos de inter\u00e9s para swaptions, esenciales para valoraciones y an\u00e1lisis de riesgo.<\/span><\/p>\n<h4>Descripci\u00f3n del servicio<br \/><\/h4>\n<p><span style=\"font-weight: 400;\">Cubos de volatilidad normalizada con skew para m\u00faltiples divisas. Las volatilidades se expresan en puntos b\u00e1sicos e incluyen: <\/span><\/p>\n<ul>\n<li>Strikes ATM y fuera del dinero: desviaciones de 25, 50, 100, 150 y 200 puntos b\u00e1sicos respecto a la tasa forward<\/li>\n<li>T\u00e9rminos est\u00e1ndar de opciones: de 1 mes a 30 a\u00f1os<\/li>\n<li>T\u00e9rminos est\u00e1ndar de swaps: de 1 a 30 a\u00f1os<\/li>\n<\/ul>\n<h3>Frecuencia de entrega<br \/><\/h3>\n<p><span style=\"font-weight: 400;\">Datos disponibles intrad\u00eda o al cierre, con entrega consolidada a las 16:00 ET. Hist\u00f3rico disponible de hasta 5 a\u00f1os.  <\/span><\/p>\n<p>&nbsp;<\/p>\n","protected":false},"featured_media":34154,"template":"","country":[],"product_category":[3183,3178],"class_list":["post-36012","product","type-product","status-publish","has-post-thumbnail","hentry","product_category-datos-sobre-derivados-e-intereses-en-corto-productos-y-servicios","product_category-productos-y-servicios"],"acf":[],"yoast_head":"<!-- This site is optimized with the Yoast SEO Premium plugin v26.0 (Yoast SEO v26.0) - https:\/\/yoast.com\/wordpress\/plugins\/seo\/ -->\n<title>Datos OTC | Exchange Data International<\/title>\n<meta name=\"description\" content=\"Access premium datos de mercados OTC including swap curves, CDS spreads, fixed income prices, and volatility data for FX options and swaptions. Daily feeds &amp; up to 10 years of history.\" \/>\n<meta name=\"robots\" content=\"index, follow, max-snippet:-1, max-image-preview:large, max-video-preview:-1\" \/>\n<link rel=\"canonical\" href=\"https:\/\/www.exchange-data.com\/es\/producto\/datos-otc\/\" \/>\n<meta property=\"og:locale\" content=\"es_ES\" \/>\n<meta property=\"og:type\" content=\"article\" \/>\n<meta property=\"og:title\" content=\"Datos OTC\" \/>\n<meta property=\"og:description\" content=\"El Servicio de Datos OTC proporciona a los clientes una fuente de curvas de rendimiento independientes de cup\u00f3n cero, impl\u00edcitas en swaps, para valoraciones, an\u00e1lisis de carteras y mucho m\u00e1s.\" \/>\n<meta property=\"og:url\" content=\"https:\/\/www.exchange-data.com\/es\/producto\/datos-otc\/\" \/>\n<meta property=\"og:site_name\" content=\"Exchange Data International\" \/>\n<meta property=\"article:modified_time\" content=\"2025-10-10T12:26:54+00:00\" \/>\n<meta property=\"og:image\" content=\"https:\/\/www.exchange-data.com\/wp-content\/uploads\/2015\/09\/EDI-Post-Featured-Image-700x400-1.png\" \/>\n<meta name=\"twitter:card\" content=\"summary_large_image\" \/>\n<meta name=\"twitter:title\" content=\"Datos OTC\" \/>\n<meta name=\"twitter:description\" content=\"El Servicio de Datos OTC proporciona a los clientes una fuente de curvas de rendimiento independientes de cup\u00f3n cero, impl\u00edcitas en swaps, para valoraciones, an\u00e1lisis de carteras y mucho m\u00e1s.\" \/>\n<meta name=\"twitter:image\" content=\"https:\/\/www.exchange-data.com\/wp-content\/uploads\/2015\/09\/EDI-Post-Featured-Image-700x400-1.png\" \/>\n<meta name=\"twitter:site\" content=\"@ExchangeData\" \/>\n<meta name=\"twitter:label1\" content=\"Tiempo de lectura\" \/>\n\t<meta name=\"twitter:data1\" content=\"2 minutos\" \/>\n<script type=\"application\/ld+json\" class=\"yoast-schema-graph\">{\"@context\":\"https:\/\/schema.org\",\"@graph\":[{\"@type\":\"WebPage\",\"@id\":\"https:\/\/www.exchange-data.com\/es\/producto\/datos-otc\/\",\"url\":\"https:\/\/www.exchange-data.com\/es\/producto\/datos-otc\/\",\"name\":\"Datos OTC | Exchange Data International\",\"isPartOf\":{\"@id\":\"https:\/\/www.exchange-data.com\/es\/#website\"},\"primaryImageOfPage\":{\"@id\":\"https:\/\/www.exchange-data.com\/es\/producto\/datos-otc\/#primaryimage\"},\"image\":{\"@id\":\"https:\/\/www.exchange-data.com\/es\/producto\/datos-otc\/#primaryimage\"},\"thumbnailUrl\":\"https:\/\/www.exchange-data.com\/wp-content\/uploads\/2015\/09\/EDI-Post-Featured-Image-700x400-1.png\",\"datePublished\":\"2019-01-29T16:45:30+00:00\",\"dateModified\":\"2025-10-10T12:26:54+00:00\",\"description\":\"Access premium datos de mercados OTC including swap curves, CDS spreads, fixed income prices, and volatility data for FX options and swaptions. Daily feeds & up to 10 years of history.\",\"breadcrumb\":{\"@id\":\"https:\/\/www.exchange-data.com\/es\/producto\/datos-otc\/#breadcrumb\"},\"inLanguage\":\"es\",\"potentialAction\":[{\"@type\":\"ReadAction\",\"target\":[\"https:\/\/www.exchange-data.com\/es\/producto\/datos-otc\/\"]}]},{\"@type\":\"ImageObject\",\"inLanguage\":\"es\",\"@id\":\"https:\/\/www.exchange-data.com\/es\/producto\/datos-otc\/#primaryimage\",\"url\":\"https:\/\/www.exchange-data.com\/wp-content\/uploads\/2015\/09\/EDI-Post-Featured-Image-700x400-1.png\",\"contentUrl\":\"https:\/\/www.exchange-data.com\/wp-content\/uploads\/2015\/09\/EDI-Post-Featured-Image-700x400-1.png\",\"width\":700,\"height\":400,\"caption\":\"Exchange Data International\"},{\"@type\":\"BreadcrumbList\",\"@id\":\"https:\/\/www.exchange-data.com\/es\/producto\/datos-otc\/#breadcrumb\",\"itemListElement\":[{\"@type\":\"ListItem\",\"position\":1,\"name\":\"Home\",\"item\":\"https:\/\/www.exchange-data.com\/es\/inicio\/\"},{\"@type\":\"ListItem\",\"position\":2,\"name\":\"Datos OTC\"}]},{\"@type\":\"WebSite\",\"@id\":\"https:\/\/www.exchange-data.com\/es\/#website\",\"url\":\"https:\/\/www.exchange-data.com\/es\/\",\"name\":\"Exchange Data International\",\"description\":\"Doing data differently\",\"publisher\":{\"@id\":\"https:\/\/www.exchange-data.com\/es\/#organization\"},\"potentialAction\":[{\"@type\":\"SearchAction\",\"target\":{\"@type\":\"EntryPoint\",\"urlTemplate\":\"https:\/\/www.exchange-data.com\/es\/?s={search_term_string}\"},\"query-input\":{\"@type\":\"PropertyValueSpecification\",\"valueRequired\":true,\"valueName\":\"search_term_string\"}}],\"inLanguage\":\"es\"},{\"@type\":\"Organization\",\"@id\":\"https:\/\/www.exchange-data.com\/es\/#organization\",\"name\":\"Exchange Data International\",\"url\":\"https:\/\/www.exchange-data.com\/es\/\",\"logo\":{\"@type\":\"ImageObject\",\"inLanguage\":\"es\",\"@id\":\"https:\/\/www.exchange-data.com\/es\/#\/schema\/logo\/image\/\",\"url\":\"https:\/\/www.exchange-data.com\/wp-content\/uploads\/2019\/03\/logo3.png\",\"contentUrl\":\"https:\/\/www.exchange-data.com\/wp-content\/uploads\/2019\/03\/logo3.png\",\"width\":200,\"height\":80,\"caption\":\"Exchange Data International\"},\"image\":{\"@id\":\"https:\/\/www.exchange-data.com\/es\/#\/schema\/logo\/image\/\"},\"sameAs\":[\"https:\/\/x.com\/ExchangeData\",\"https:\/\/www.linkedin.com\/company\/exchange-data-international\/?viewAsMember=true\",\"https:\/\/www.youtube.com\/channel\/UC5D1OpUb22YZANRLD_Ktcgg?view_as=subscriber\"]}]}<\/script>\n<!-- \/ Yoast SEO Premium plugin. -->","yoast_head_json":{"title":"Datos OTC | Exchange Data International","description":"Access premium datos de mercados OTC including swap curves, CDS spreads, fixed income prices, and volatility data for FX options and swaptions. Daily feeds & up to 10 years of history.","robots":{"index":"index","follow":"follow","max-snippet":"max-snippet:-1","max-image-preview":"max-image-preview:large","max-video-preview":"max-video-preview:-1"},"canonical":"https:\/\/www.exchange-data.com\/es\/producto\/datos-otc\/","og_locale":"es_ES","og_type":"article","og_title":"Datos OTC","og_description":"El Servicio de Datos OTC proporciona a los clientes una fuente de curvas de rendimiento independientes de cup\u00f3n cero, impl\u00edcitas en swaps, para valoraciones, an\u00e1lisis de carteras y mucho m\u00e1s.","og_url":"https:\/\/www.exchange-data.com\/es\/producto\/datos-otc\/","og_site_name":"Exchange Data International","article_modified_time":"2025-10-10T12:26:54+00:00","og_image":[{"url":"https:\/\/www.exchange-data.com\/wp-content\/uploads\/2015\/09\/EDI-Post-Featured-Image-700x400-1.png","type":"","width":"","height":""}],"twitter_card":"summary_large_image","twitter_title":"Datos OTC","twitter_description":"El Servicio de Datos OTC proporciona a los clientes una fuente de curvas de rendimiento independientes de cup\u00f3n cero, impl\u00edcitas en swaps, para valoraciones, an\u00e1lisis de carteras y mucho m\u00e1s.","twitter_image":"https:\/\/www.exchange-data.com\/wp-content\/uploads\/2015\/09\/EDI-Post-Featured-Image-700x400-1.png","twitter_site":"@ExchangeData","twitter_misc":{"Tiempo de lectura":"2 minutos"},"schema":{"@context":"https:\/\/schema.org","@graph":[{"@type":"WebPage","@id":"https:\/\/www.exchange-data.com\/es\/producto\/datos-otc\/","url":"https:\/\/www.exchange-data.com\/es\/producto\/datos-otc\/","name":"Datos OTC | Exchange Data International","isPartOf":{"@id":"https:\/\/www.exchange-data.com\/es\/#website"},"primaryImageOfPage":{"@id":"https:\/\/www.exchange-data.com\/es\/producto\/datos-otc\/#primaryimage"},"image":{"@id":"https:\/\/www.exchange-data.com\/es\/producto\/datos-otc\/#primaryimage"},"thumbnailUrl":"https:\/\/www.exchange-data.com\/wp-content\/uploads\/2015\/09\/EDI-Post-Featured-Image-700x400-1.png","datePublished":"2019-01-29T16:45:30+00:00","dateModified":"2025-10-10T12:26:54+00:00","description":"Access premium datos de mercados OTC including swap curves, CDS spreads, fixed income prices, and volatility data for FX options and swaptions. Daily feeds & up to 10 years of history.","breadcrumb":{"@id":"https:\/\/www.exchange-data.com\/es\/producto\/datos-otc\/#breadcrumb"},"inLanguage":"es","potentialAction":[{"@type":"ReadAction","target":["https:\/\/www.exchange-data.com\/es\/producto\/datos-otc\/"]}]},{"@type":"ImageObject","inLanguage":"es","@id":"https:\/\/www.exchange-data.com\/es\/producto\/datos-otc\/#primaryimage","url":"https:\/\/www.exchange-data.com\/wp-content\/uploads\/2015\/09\/EDI-Post-Featured-Image-700x400-1.png","contentUrl":"https:\/\/www.exchange-data.com\/wp-content\/uploads\/2015\/09\/EDI-Post-Featured-Image-700x400-1.png","width":700,"height":400,"caption":"Exchange Data International"},{"@type":"BreadcrumbList","@id":"https:\/\/www.exchange-data.com\/es\/producto\/datos-otc\/#breadcrumb","itemListElement":[{"@type":"ListItem","position":1,"name":"Home","item":"https:\/\/www.exchange-data.com\/es\/inicio\/"},{"@type":"ListItem","position":2,"name":"Datos OTC"}]},{"@type":"WebSite","@id":"https:\/\/www.exchange-data.com\/es\/#website","url":"https:\/\/www.exchange-data.com\/es\/","name":"Exchange Data International","description":"Doing data differently","publisher":{"@id":"https:\/\/www.exchange-data.com\/es\/#organization"},"potentialAction":[{"@type":"SearchAction","target":{"@type":"EntryPoint","urlTemplate":"https:\/\/www.exchange-data.com\/es\/?s={search_term_string}"},"query-input":{"@type":"PropertyValueSpecification","valueRequired":true,"valueName":"search_term_string"}}],"inLanguage":"es"},{"@type":"Organization","@id":"https:\/\/www.exchange-data.com\/es\/#organization","name":"Exchange Data International","url":"https:\/\/www.exchange-data.com\/es\/","logo":{"@type":"ImageObject","inLanguage":"es","@id":"https:\/\/www.exchange-data.com\/es\/#\/schema\/logo\/image\/","url":"https:\/\/www.exchange-data.com\/wp-content\/uploads\/2019\/03\/logo3.png","contentUrl":"https:\/\/www.exchange-data.com\/wp-content\/uploads\/2019\/03\/logo3.png","width":200,"height":80,"caption":"Exchange Data International"},"image":{"@id":"https:\/\/www.exchange-data.com\/es\/#\/schema\/logo\/image\/"},"sameAs":["https:\/\/x.com\/ExchangeData","https:\/\/www.linkedin.com\/company\/exchange-data-international\/?viewAsMember=true","https:\/\/www.youtube.com\/channel\/UC5D1OpUb22YZANRLD_Ktcgg?view_as=subscriber"]}]}},"_links":{"self":[{"href":"https:\/\/www.exchange-data.com\/es\/wp-json\/wp\/v2\/product\/36012","targetHints":{"allow":["GET"]}}],"collection":[{"href":"https:\/\/www.exchange-data.com\/es\/wp-json\/wp\/v2\/product"}],"about":[{"href":"https:\/\/www.exchange-data.com\/es\/wp-json\/wp\/v2\/types\/product"}],"wp:featuredmedia":[{"embeddable":true,"href":"https:\/\/www.exchange-data.com\/es\/wp-json\/wp\/v2\/media\/34154"}],"wp:attachment":[{"href":"https:\/\/www.exchange-data.com\/es\/wp-json\/wp\/v2\/media?parent=36012"}],"wp:term":[{"taxonomy":"country","embeddable":true,"href":"https:\/\/www.exchange-data.com\/es\/wp-json\/wp\/v2\/country?post=36012"},{"taxonomy":"product_category","embeddable":true,"href":"https:\/\/www.exchange-data.com\/es\/wp-json\/wp\/v2\/product_category?post=36012"}],"curies":[{"name":"wp","href":"https:\/\/api.w.org\/{rel}","templated":true}]}}