{"id":36013,"date":"2022-01-20T14:50:04","date_gmt":"2022-01-20T13:50:04","guid":{"rendered":"https:\/\/www.exchange-data.com\/product\/avisos-de-accion-empresarial-legibles\/"},"modified":"2025-10-09T08:22:03","modified_gmt":"2025-10-09T07:22:03","slug":"avisos-de-accion-empresarial-legibles","status":"publish","type":"product","link":"https:\/\/www.exchange-data.com\/es\/producto\/avisos-de-accion-empresarial-legibles\/","title":{"rendered":"Notificaciones de Acciones Corporativas en formato \u201cMachine Readable\u201d"},"content":{"rendered":"<p>&nbsp;<\/p>\n<h2>Transformando la forma en que la industria interact\u00faa con los datos de acciones corporativas<\/h2>\n<p>&nbsp;<\/p>\n<p><span style=\"font-weight: 400;\">El producto Readable Corporate Action Notice (RCAN) ofrece documentos estructurados que integran todos los elementos de datos presentes en un archivo listo para lectura autom\u00e1tica de todas las acciones corporativas (como Excel, CSV o XML), en un formato accesible, similar a un bolet\u00edn informativo.<\/span><\/p>\n<p><span style=\"font-weight: 400;\">A diferencia de los registros tradicionales, donde la informaci\u00f3n est\u00e1 fragmentada y requiere reconstrucci\u00f3n en bases de datos internas, RCAN entrega un mensaje completo que re\u00fane todos los componentes relevantes en un solo documento.<\/span><\/p>\n<p><a href=\"https:\/\/www.exchange-data.com\/corporate-actions-guide-everything-you-need-to-know\/?utm_source=EDI&#038;utm_medium=Product_RCAN\"><img decoding=\"async\" src=\"https:\/\/www.exchange-data.com\/wp-content\/uploads\/2019\/03\/ProductPage_CAGuide_V2.png\" align=\"right\" \/><\/a><\/p>\n<p>&nbsp;<\/p>\n<h3>Lea los Avisos de Hechos de Importancia como si fueran noticias<\/h3>\n<p>&nbsp;<\/p>\n<p><span style=\"font-weight: 400;\">RCAN incorpora funciones avanzadas como gesti\u00f3n de cambios, enlaces a eventos relacionados y datos adicionales no presentes en la base original. Los avisos se organizan en secciones l\u00f3gicas: REFERENCE DATA,<br \/>\nEVENT DATA, RELATED EVENTS (cuando aplica), PAYMENT OPTIONS, DOCUMENT NOTES . <\/span><\/p>\n<p><span style=\"font-weight: 400;\">incluye el texto original de la fuente, si el evento est\u00e1 confirmado<\/span><\/p>\n<p>&nbsp;<\/p>\n<h4>Ventajas de RCAN:<\/h4>\n<p>&nbsp;<\/p>\n<ul>\n<li><span style=\"font-weight: 400;\">Entrega intrad\u00eda en cuatro horarios fijos, alineados con los feeds de acciones corporativas, para garantizar informaci\u00f3n oportuna y legible <\/span><\/li>\n<li><span style=\"font-weight: 400;\">Optimizaci\u00f3n operativa para equipos de \u201cfront\u201d y \u201cmiddle office\u201d, reduciendo el riesgo de omitir eventos relevantes<\/span><\/li>\n<li><span style=\"font-weight: 400;\">Unificaci\u00f3n de datos dispersos en un \u00fanico documento claro, eliminando la necesidad de agregaci\u00f3n interna<\/span><\/li>\n<li><span style=\"font-weight: 400;\">Inclusi\u00f3n de informaci\u00f3n complementaria de fuentes internas y externas: valores a\u00f1adidos, eliminaciones, gesti\u00f3n de cambios, enlaces relacionados, datos de referencia y eventos<\/span><\/li>\n<\/ul>\n","protected":false},"featured_media":0,"template":"","country":[],"product_category":[3182,3178],"class_list":["post-36013","product","type-product","status-publish","hentry","product_category-acciones-corporativas","product_category-productos-y-servicios","no-post-thumbnail"],"acf":[],"yoast_head":"<!-- This site is optimized with the Yoast SEO Premium plugin v26.0 (Yoast SEO v26.0) - https:\/\/yoast.com\/wordpress\/plugins\/seo\/ -->\n<title>Avisos de Hechos de Importancia | RCAN legibles para acciones corporativas globales<\/title>\n<meta name=\"description\" content=\"Acceda a avisos de hechos de importancia en formato legible con estructura completa, enlaces, gesti\u00f3n de cambios y entrega multicanal. Ideal para decisiones financieras informadas.\" \/>\n<meta name=\"robots\" content=\"index, follow, max-snippet:-1, max-image-preview:large, max-video-preview:-1\" \/>\n<link rel=\"canonical\" href=\"https:\/\/www.exchange-data.com\/es\/producto\/avisos-de-accion-empresarial-legibles\/\" \/>\n<meta property=\"og:locale\" content=\"es_ES\" \/>\n<meta property=\"og:type\" content=\"article\" \/>\n<meta property=\"og:title\" content=\"Notificaciones de Acciones Corporativas en formato \u201cMachine Readable\u201d | Exchange Data International\" \/>\n<meta property=\"og:description\" content=\"Acceda a avisos de hechos de importancia en formato legible con estructura completa, enlaces, gesti\u00f3n de cambios y entrega multicanal. Ideal para decisiones financieras informadas.\" \/>\n<meta property=\"og:url\" content=\"https:\/\/www.exchange-data.com\/es\/producto\/avisos-de-accion-empresarial-legibles\/\" \/>\n<meta property=\"og:site_name\" content=\"Exchange Data International\" \/>\n<meta property=\"article:modified_time\" content=\"2025-10-09T07:22:03+00:00\" \/>\n<meta property=\"og:image\" content=\"https:\/\/www.exchange-data.com\/wp-content\/uploads\/2019\/03\/ProductPage_CAGuide_V2.png\" \/>\n<meta name=\"twitter:card\" content=\"summary_large_image\" \/>\n<meta name=\"twitter:site\" content=\"@ExchangeData\" \/>\n<meta name=\"twitter:label1\" content=\"Tiempo de lectura\" \/>\n\t<meta name=\"twitter:data1\" content=\"2 minutos\" \/>\n<script type=\"application\/ld+json\" class=\"yoast-schema-graph\">{\"@context\":\"https:\/\/schema.org\",\"@graph\":[{\"@type\":\"WebPage\",\"@id\":\"https:\/\/www.exchange-data.com\/es\/producto\/avisos-de-accion-empresarial-legibles\/\",\"url\":\"https:\/\/www.exchange-data.com\/es\/producto\/avisos-de-accion-empresarial-legibles\/\",\"name\":\"Avisos de Hechos de Importancia | RCAN legibles para acciones corporativas globales\",\"isPartOf\":{\"@id\":\"https:\/\/www.exchange-data.com\/es\/#website\"},\"primaryImageOfPage\":{\"@id\":\"https:\/\/www.exchange-data.com\/es\/producto\/avisos-de-accion-empresarial-legibles\/#primaryimage\"},\"image\":{\"@id\":\"https:\/\/www.exchange-data.com\/es\/producto\/avisos-de-accion-empresarial-legibles\/#primaryimage\"},\"thumbnailUrl\":\"https:\/\/www.exchange-data.com\/wp-content\/uploads\/2019\/03\/ProductPage_CAGuide_V2.png\",\"datePublished\":\"2022-01-20T13:50:04+00:00\",\"dateModified\":\"2025-10-09T07:22:03+00:00\",\"description\":\"Acceda a avisos de hechos de importancia en formato legible con estructura completa, enlaces, gesti\u00f3n de cambios y entrega multicanal. Ideal para decisiones financieras informadas.\",\"breadcrumb\":{\"@id\":\"https:\/\/www.exchange-data.com\/es\/producto\/avisos-de-accion-empresarial-legibles\/#breadcrumb\"},\"inLanguage\":\"es\",\"potentialAction\":[{\"@type\":\"ReadAction\",\"target\":[\"https:\/\/www.exchange-data.com\/es\/producto\/avisos-de-accion-empresarial-legibles\/\"]}]},{\"@type\":\"ImageObject\",\"inLanguage\":\"es\",\"@id\":\"https:\/\/www.exchange-data.com\/es\/producto\/avisos-de-accion-empresarial-legibles\/#primaryimage\",\"url\":\"https:\/\/www.exchange-data.com\/wp-content\/uploads\/2019\/03\/ProductPage_CAGuide_V2.png\",\"contentUrl\":\"https:\/\/www.exchange-data.com\/wp-content\/uploads\/2019\/03\/ProductPage_CAGuide_V2.png\"},{\"@type\":\"BreadcrumbList\",\"@id\":\"https:\/\/www.exchange-data.com\/es\/producto\/avisos-de-accion-empresarial-legibles\/#breadcrumb\",\"itemListElement\":[{\"@type\":\"ListItem\",\"position\":1,\"name\":\"Home\",\"item\":\"https:\/\/www.exchange-data.com\/es\/inicio\/\"},{\"@type\":\"ListItem\",\"position\":2,\"name\":\"Notificaciones de Acciones Corporativas en formato \u201cMachine Readable\u201d\"}]},{\"@type\":\"WebSite\",\"@id\":\"https:\/\/www.exchange-data.com\/es\/#website\",\"url\":\"https:\/\/www.exchange-data.com\/es\/\",\"name\":\"Exchange Data International\",\"description\":\"Doing data differently\",\"publisher\":{\"@id\":\"https:\/\/www.exchange-data.com\/es\/#organization\"},\"potentialAction\":[{\"@type\":\"SearchAction\",\"target\":{\"@type\":\"EntryPoint\",\"urlTemplate\":\"https:\/\/www.exchange-data.com\/es\/?s={search_term_string}\"},\"query-input\":{\"@type\":\"PropertyValueSpecification\",\"valueRequired\":true,\"valueName\":\"search_term_string\"}}],\"inLanguage\":\"es\"},{\"@type\":\"Organization\",\"@id\":\"https:\/\/www.exchange-data.com\/es\/#organization\",\"name\":\"Exchange Data International\",\"url\":\"https:\/\/www.exchange-data.com\/es\/\",\"logo\":{\"@type\":\"ImageObject\",\"inLanguage\":\"es\",\"@id\":\"https:\/\/www.exchange-data.com\/es\/#\/schema\/logo\/image\/\",\"url\":\"https:\/\/www.exchange-data.com\/wp-content\/uploads\/2019\/03\/logo3.png\",\"contentUrl\":\"https:\/\/www.exchange-data.com\/wp-content\/uploads\/2019\/03\/logo3.png\",\"width\":200,\"height\":80,\"caption\":\"Exchange Data International\"},\"image\":{\"@id\":\"https:\/\/www.exchange-data.com\/es\/#\/schema\/logo\/image\/\"},\"sameAs\":[\"https:\/\/x.com\/ExchangeData\",\"https:\/\/www.linkedin.com\/company\/exchange-data-international\/?viewAsMember=true\",\"https:\/\/www.youtube.com\/channel\/UC5D1OpUb22YZANRLD_Ktcgg?view_as=subscriber\"]}]}<\/script>\n<!-- \/ Yoast SEO Premium plugin. -->","yoast_head_json":{"title":"Avisos de Hechos de Importancia | RCAN legibles para acciones corporativas globales","description":"Acceda a avisos de hechos de importancia en formato legible con estructura completa, enlaces, gesti\u00f3n de cambios y entrega multicanal. Ideal para decisiones financieras informadas.","robots":{"index":"index","follow":"follow","max-snippet":"max-snippet:-1","max-image-preview":"max-image-preview:large","max-video-preview":"max-video-preview:-1"},"canonical":"https:\/\/www.exchange-data.com\/es\/producto\/avisos-de-accion-empresarial-legibles\/","og_locale":"es_ES","og_type":"article","og_title":"Notificaciones de Acciones Corporativas en formato \u201cMachine Readable\u201d | Exchange Data International","og_description":"Acceda a avisos de hechos de importancia en formato legible con estructura completa, enlaces, gesti\u00f3n de cambios y entrega multicanal. Ideal para decisiones financieras informadas.","og_url":"https:\/\/www.exchange-data.com\/es\/producto\/avisos-de-accion-empresarial-legibles\/","og_site_name":"Exchange Data International","article_modified_time":"2025-10-09T07:22:03+00:00","og_image":[{"url":"https:\/\/www.exchange-data.com\/wp-content\/uploads\/2019\/03\/ProductPage_CAGuide_V2.png","type":"","width":"","height":""}],"twitter_card":"summary_large_image","twitter_site":"@ExchangeData","twitter_misc":{"Tiempo de lectura":"2 minutos"},"schema":{"@context":"https:\/\/schema.org","@graph":[{"@type":"WebPage","@id":"https:\/\/www.exchange-data.com\/es\/producto\/avisos-de-accion-empresarial-legibles\/","url":"https:\/\/www.exchange-data.com\/es\/producto\/avisos-de-accion-empresarial-legibles\/","name":"Avisos de Hechos de Importancia | RCAN legibles para acciones corporativas globales","isPartOf":{"@id":"https:\/\/www.exchange-data.com\/es\/#website"},"primaryImageOfPage":{"@id":"https:\/\/www.exchange-data.com\/es\/producto\/avisos-de-accion-empresarial-legibles\/#primaryimage"},"image":{"@id":"https:\/\/www.exchange-data.com\/es\/producto\/avisos-de-accion-empresarial-legibles\/#primaryimage"},"thumbnailUrl":"https:\/\/www.exchange-data.com\/wp-content\/uploads\/2019\/03\/ProductPage_CAGuide_V2.png","datePublished":"2022-01-20T13:50:04+00:00","dateModified":"2025-10-09T07:22:03+00:00","description":"Acceda a avisos de hechos de importancia en formato legible con estructura completa, enlaces, gesti\u00f3n de cambios y entrega multicanal. Ideal para decisiones financieras informadas.","breadcrumb":{"@id":"https:\/\/www.exchange-data.com\/es\/producto\/avisos-de-accion-empresarial-legibles\/#breadcrumb"},"inLanguage":"es","potentialAction":[{"@type":"ReadAction","target":["https:\/\/www.exchange-data.com\/es\/producto\/avisos-de-accion-empresarial-legibles\/"]}]},{"@type":"ImageObject","inLanguage":"es","@id":"https:\/\/www.exchange-data.com\/es\/producto\/avisos-de-accion-empresarial-legibles\/#primaryimage","url":"https:\/\/www.exchange-data.com\/wp-content\/uploads\/2019\/03\/ProductPage_CAGuide_V2.png","contentUrl":"https:\/\/www.exchange-data.com\/wp-content\/uploads\/2019\/03\/ProductPage_CAGuide_V2.png"},{"@type":"BreadcrumbList","@id":"https:\/\/www.exchange-data.com\/es\/producto\/avisos-de-accion-empresarial-legibles\/#breadcrumb","itemListElement":[{"@type":"ListItem","position":1,"name":"Home","item":"https:\/\/www.exchange-data.com\/es\/inicio\/"},{"@type":"ListItem","position":2,"name":"Notificaciones de Acciones Corporativas en formato \u201cMachine Readable\u201d"}]},{"@type":"WebSite","@id":"https:\/\/www.exchange-data.com\/es\/#website","url":"https:\/\/www.exchange-data.com\/es\/","name":"Exchange Data International","description":"Doing data differently","publisher":{"@id":"https:\/\/www.exchange-data.com\/es\/#organization"},"potentialAction":[{"@type":"SearchAction","target":{"@type":"EntryPoint","urlTemplate":"https:\/\/www.exchange-data.com\/es\/?s={search_term_string}"},"query-input":{"@type":"PropertyValueSpecification","valueRequired":true,"valueName":"search_term_string"}}],"inLanguage":"es"},{"@type":"Organization","@id":"https:\/\/www.exchange-data.com\/es\/#organization","name":"Exchange Data International","url":"https:\/\/www.exchange-data.com\/es\/","logo":{"@type":"ImageObject","inLanguage":"es","@id":"https:\/\/www.exchange-data.com\/es\/#\/schema\/logo\/image\/","url":"https:\/\/www.exchange-data.com\/wp-content\/uploads\/2019\/03\/logo3.png","contentUrl":"https:\/\/www.exchange-data.com\/wp-content\/uploads\/2019\/03\/logo3.png","width":200,"height":80,"caption":"Exchange Data International"},"image":{"@id":"https:\/\/www.exchange-data.com\/es\/#\/schema\/logo\/image\/"},"sameAs":["https:\/\/x.com\/ExchangeData","https:\/\/www.linkedin.com\/company\/exchange-data-international\/?viewAsMember=true","https:\/\/www.youtube.com\/channel\/UC5D1OpUb22YZANRLD_Ktcgg?view_as=subscriber"]}]}},"_links":{"self":[{"href":"https:\/\/www.exchange-data.com\/es\/wp-json\/wp\/v2\/product\/36013","targetHints":{"allow":["GET"]}}],"collection":[{"href":"https:\/\/www.exchange-data.com\/es\/wp-json\/wp\/v2\/product"}],"about":[{"href":"https:\/\/www.exchange-data.com\/es\/wp-json\/wp\/v2\/types\/product"}],"wp:attachment":[{"href":"https:\/\/www.exchange-data.com\/es\/wp-json\/wp\/v2\/media?parent=36013"}],"wp:term":[{"taxonomy":"country","embeddable":true,"href":"https:\/\/www.exchange-data.com\/es\/wp-json\/wp\/v2\/country?post=36013"},{"taxonomy":"product_category","embeddable":true,"href":"https:\/\/www.exchange-data.com\/es\/wp-json\/wp\/v2\/product_category?post=36013"}],"curies":[{"name":"wp","href":"https:\/\/api.w.org\/{rel}","templated":true}]}}