{"id":36014,"date":"2021-09-24T16:10:42","date_gmt":"2021-09-24T15:10:42","guid":{"rendered":"https:\/\/www.exchange-data.com\/product\/fondo-de-inversion-inmobiliaria\/"},"modified":"2025-10-07T10:36:59","modified_gmt":"2025-10-07T09:36:59","slug":"fondo-de-inversion-inmobiliaria","status":"publish","type":"product","link":"https:\/\/www.exchange-data.com\/es\/producto\/fondo-de-inversion-inmobiliaria\/","title":{"rendered":"Fideicomisos\/Fondos de Inversi\u00f3n Inmobiliaria (REIT)"},"content":{"rendered":"<p>Proporcionado en colaboraci\u00f3n con Securities Quote Xchange (SQX), el servicio de precios REIT ofrece a los gestores de activos una fuente confiable e independiente para facilitar el seguimiento, an\u00e1lisis, descubrimiento y revisi\u00f3n de presentaciones ante la SEC de REITs privados, p\u00fablicos no cotizados, p\u00fablicos cotizados y fondos cerrados. SQX comprende la complejidad del entorno regulatorio y las distintas metodolog\u00edas contables utilizadas para valorar estos activos. Este respaldo adicional permite a los clientes enfocarse en otras \u00e1reas estrat\u00e9gicas de su organizaci\u00f3n. Como especialistas en la recopilaci\u00f3n y distribuci\u00f3n de precios de valores dif\u00edciles de valorar, SQX se distingue por su servicio \u00e1gil y preciso, superando a otros proveedores en precisi\u00f3n, costo y atenci\u00f3n al cliente.   <\/p>\n<h3>Caracter\u00edsticas principales<\/h3>\n<ul>\n<li><strong>Transparente: <\/strong>Toda la informaci\u00f3n sobre origen y metodolog\u00eda de valoraci\u00f3n est\u00e1 disponible para revisi\u00f3n y auditor\u00eda<\/li>\n<li><strong>Cumplimiento: <\/strong>Nuestros datos cumplen con las metodolog\u00edas de valoraci\u00f3n exigidas por las normas FINRA 2231 y 2111.<\/li>\n<li><strong>Completo: <\/strong>Cobertura de REITs privados, p\u00fablicos no cotizados, p\u00fablicos cotizados, BDCs, REITs de renta variable y otros fondos cerrados o por intervalos<\/li>\n<li><strong>Personalizable:<\/strong> Informes adaptables en formato, contenido y m\u00e9todo de entrega.<\/li>\n<\/ul>\n<h3>Tipos de REIT cubiertos<\/h3>\n<ul>\n<li><strong>REITs Privados:<\/strong> Exclusivos para inversores institucionales; menos l\u00edquidos pero adecuados para estrategias especializadas<\/li>\n<li><strong>REITs P\u00fablicos No Cotizados: <\/strong>No se negocian en bolsas nacionales; ofrecen mayor estabilidad y menor volatilidad <\/li>\n<li><strong>REITs P\u00fablicos Cotizados:<\/strong> Negociados en bolsas nacionales; accesibles para inversores individuales y con liquidez inmediata<\/li>\n<\/ul>\n","protected":false},"featured_media":34600,"template":"","country":[],"product_category":[3186,3178],"class_list":["post-36014","product","type-product","status-publish","has-post-thumbnail","hentry","product_category-fondos-de-inversion","product_category-productos-y-servicios"],"acf":[],"yoast_head":"<!-- This site is optimized with the Yoast SEO Premium plugin v26.0 (Yoast SEO v26.0) - https:\/\/yoast.com\/wordpress\/plugins\/seo\/ -->\n<title>Informaci\u00f3n de Fideicomisos de Inversi\u00f3n Inmobiliaria | Precios auditables y personalizados para REITs<\/title>\n<meta name=\"description\" content=\"Acceda a informaci\u00f3n de fideicomisos de inversi\u00f3n inmobiliaria privados y p\u00fablicos con datos conforme a FINRA, metodolog\u00edas transparentes y entrega personalizada para gestores de activos.\" \/>\n<meta name=\"robots\" content=\"index, follow, max-snippet:-1, max-image-preview:large, max-video-preview:-1\" \/>\n<link rel=\"canonical\" href=\"https:\/\/www.exchange-data.com\/es\/producto\/fondo-de-inversion-inmobiliaria\/\" \/>\n<meta property=\"og:locale\" content=\"es_ES\" \/>\n<meta property=\"og:type\" content=\"article\" \/>\n<meta property=\"og:title\" content=\"Fondos de inversi\u00f3n inmobiliaria (REIT) - EDI\" \/>\n<meta property=\"og:description\" content=\"El servicio de fijaci\u00f3n de precios de REIT ofrece a los gestores de activos una fuente externa de confianza para aliviar el laborioso an\u00e1lisis de rastreo, descubrimiento, seguimiento y presentaci\u00f3n a la SEC de REIT privados, p\u00fablicos no cotizados, p\u00fablicos y fondos cerrados.\" \/>\n<meta property=\"og:url\" content=\"https:\/\/www.exchange-data.com\/es\/producto\/fondo-de-inversion-inmobiliaria\/\" \/>\n<meta property=\"og:site_name\" content=\"Exchange Data International\" \/>\n<meta property=\"article:modified_time\" content=\"2025-10-07T09:36:59+00:00\" \/>\n<meta property=\"og:image\" content=\"https:\/\/www.exchange-data.com\/wp-content\/uploads\/2021\/09\/pexels-timur-saglambilek-87223-700x400px.jpg\" \/>\n<meta name=\"twitter:card\" content=\"summary_large_image\" \/>\n<meta name=\"twitter:title\" content=\"Fondos de inversi\u00f3n inmobiliaria (REIT) - EDI\" \/>\n<meta name=\"twitter:description\" content=\"El servicio de fijaci\u00f3n de precios de REIT ofrece a los gestores de activos una fuente externa de confianza para aliviar el laborioso an\u00e1lisis de rastreo, descubrimiento, seguimiento y presentaci\u00f3n a la SEC de REIT privados, p\u00fablicos no cotizados, p\u00fablicos y fondos cerrados.\" \/>\n<meta name=\"twitter:image\" content=\"https:\/\/www.exchange-data.com\/wp-content\/uploads\/2021\/09\/pexels-timur-saglambilek-87223-700x400px.jpg\" \/>\n<meta name=\"twitter:site\" content=\"@ExchangeData\" \/>\n<meta name=\"twitter:label1\" content=\"Tiempo de lectura\" \/>\n\t<meta name=\"twitter:data1\" content=\"1 minuto\" \/>\n<script type=\"application\/ld+json\" class=\"yoast-schema-graph\">{\"@context\":\"https:\/\/schema.org\",\"@graph\":[{\"@type\":\"WebPage\",\"@id\":\"https:\/\/www.exchange-data.com\/es\/producto\/fondo-de-inversion-inmobiliaria\/\",\"url\":\"https:\/\/www.exchange-data.com\/es\/producto\/fondo-de-inversion-inmobiliaria\/\",\"name\":\"Informaci\u00f3n de Fideicomisos de Inversi\u00f3n Inmobiliaria | Precios auditables y personalizados para REITs\",\"isPartOf\":{\"@id\":\"https:\/\/www.exchange-data.com\/es\/#website\"},\"primaryImageOfPage\":{\"@id\":\"https:\/\/www.exchange-data.com\/es\/producto\/fondo-de-inversion-inmobiliaria\/#primaryimage\"},\"image\":{\"@id\":\"https:\/\/www.exchange-data.com\/es\/producto\/fondo-de-inversion-inmobiliaria\/#primaryimage\"},\"thumbnailUrl\":\"https:\/\/www.exchange-data.com\/wp-content\/uploads\/2021\/09\/pexels-timur-saglambilek-87223-700x400px.jpg\",\"datePublished\":\"2021-09-24T15:10:42+00:00\",\"dateModified\":\"2025-10-07T09:36:59+00:00\",\"description\":\"Acceda a informaci\u00f3n de fideicomisos de inversi\u00f3n inmobiliaria privados y p\u00fablicos con datos conforme a FINRA, metodolog\u00edas transparentes y entrega personalizada para gestores de activos.\",\"breadcrumb\":{\"@id\":\"https:\/\/www.exchange-data.com\/es\/producto\/fondo-de-inversion-inmobiliaria\/#breadcrumb\"},\"inLanguage\":\"es\",\"potentialAction\":[{\"@type\":\"ReadAction\",\"target\":[\"https:\/\/www.exchange-data.com\/es\/producto\/fondo-de-inversion-inmobiliaria\/\"]}]},{\"@type\":\"ImageObject\",\"inLanguage\":\"es\",\"@id\":\"https:\/\/www.exchange-data.com\/es\/producto\/fondo-de-inversion-inmobiliaria\/#primaryimage\",\"url\":\"https:\/\/www.exchange-data.com\/wp-content\/uploads\/2021\/09\/pexels-timur-saglambilek-87223-700x400px.jpg\",\"contentUrl\":\"https:\/\/www.exchange-data.com\/wp-content\/uploads\/2021\/09\/pexels-timur-saglambilek-87223-700x400px.jpg\",\"width\":700,\"height\":400},{\"@type\":\"BreadcrumbList\",\"@id\":\"https:\/\/www.exchange-data.com\/es\/producto\/fondo-de-inversion-inmobiliaria\/#breadcrumb\",\"itemListElement\":[{\"@type\":\"ListItem\",\"position\":1,\"name\":\"Home\",\"item\":\"https:\/\/www.exchange-data.com\/es\/inicio\/\"},{\"@type\":\"ListItem\",\"position\":2,\"name\":\"Fideicomisos\/Fondos de Inversi\u00f3n Inmobiliaria (REIT)\"}]},{\"@type\":\"WebSite\",\"@id\":\"https:\/\/www.exchange-data.com\/es\/#website\",\"url\":\"https:\/\/www.exchange-data.com\/es\/\",\"name\":\"Exchange Data International\",\"description\":\"Doing data differently\",\"publisher\":{\"@id\":\"https:\/\/www.exchange-data.com\/es\/#organization\"},\"potentialAction\":[{\"@type\":\"SearchAction\",\"target\":{\"@type\":\"EntryPoint\",\"urlTemplate\":\"https:\/\/www.exchange-data.com\/es\/?s={search_term_string}\"},\"query-input\":{\"@type\":\"PropertyValueSpecification\",\"valueRequired\":true,\"valueName\":\"search_term_string\"}}],\"inLanguage\":\"es\"},{\"@type\":\"Organization\",\"@id\":\"https:\/\/www.exchange-data.com\/es\/#organization\",\"name\":\"Exchange Data International\",\"url\":\"https:\/\/www.exchange-data.com\/es\/\",\"logo\":{\"@type\":\"ImageObject\",\"inLanguage\":\"es\",\"@id\":\"https:\/\/www.exchange-data.com\/es\/#\/schema\/logo\/image\/\",\"url\":\"https:\/\/www.exchange-data.com\/wp-content\/uploads\/2019\/03\/logo3.png\",\"contentUrl\":\"https:\/\/www.exchange-data.com\/wp-content\/uploads\/2019\/03\/logo3.png\",\"width\":200,\"height\":80,\"caption\":\"Exchange Data International\"},\"image\":{\"@id\":\"https:\/\/www.exchange-data.com\/es\/#\/schema\/logo\/image\/\"},\"sameAs\":[\"https:\/\/x.com\/ExchangeData\",\"https:\/\/www.linkedin.com\/company\/exchange-data-international\/?viewAsMember=true\",\"https:\/\/www.youtube.com\/channel\/UC5D1OpUb22YZANRLD_Ktcgg?view_as=subscriber\"]}]}<\/script>\n<!-- \/ Yoast SEO Premium plugin. -->","yoast_head_json":{"title":"Informaci\u00f3n de Fideicomisos de Inversi\u00f3n Inmobiliaria | Precios auditables y personalizados para REITs","description":"Acceda a informaci\u00f3n de fideicomisos de inversi\u00f3n inmobiliaria privados y p\u00fablicos con datos conforme a FINRA, metodolog\u00edas transparentes y entrega personalizada para gestores de activos.","robots":{"index":"index","follow":"follow","max-snippet":"max-snippet:-1","max-image-preview":"max-image-preview:large","max-video-preview":"max-video-preview:-1"},"canonical":"https:\/\/www.exchange-data.com\/es\/producto\/fondo-de-inversion-inmobiliaria\/","og_locale":"es_ES","og_type":"article","og_title":"Fondos de inversi\u00f3n inmobiliaria (REIT) - EDI","og_description":"El servicio de fijaci\u00f3n de precios de REIT ofrece a los gestores de activos una fuente externa de confianza para aliviar el laborioso an\u00e1lisis de rastreo, descubrimiento, seguimiento y presentaci\u00f3n a la SEC de REIT privados, p\u00fablicos no cotizados, p\u00fablicos y fondos cerrados.","og_url":"https:\/\/www.exchange-data.com\/es\/producto\/fondo-de-inversion-inmobiliaria\/","og_site_name":"Exchange Data International","article_modified_time":"2025-10-07T09:36:59+00:00","og_image":[{"url":"https:\/\/www.exchange-data.com\/wp-content\/uploads\/2021\/09\/pexels-timur-saglambilek-87223-700x400px.jpg","type":"","width":"","height":""}],"twitter_card":"summary_large_image","twitter_title":"Fondos de inversi\u00f3n inmobiliaria (REIT) - EDI","twitter_description":"El servicio de fijaci\u00f3n de precios de REIT ofrece a los gestores de activos una fuente externa de confianza para aliviar el laborioso an\u00e1lisis de rastreo, descubrimiento, seguimiento y presentaci\u00f3n a la SEC de REIT privados, p\u00fablicos no cotizados, p\u00fablicos y fondos cerrados.","twitter_image":"https:\/\/www.exchange-data.com\/wp-content\/uploads\/2021\/09\/pexels-timur-saglambilek-87223-700x400px.jpg","twitter_site":"@ExchangeData","twitter_misc":{"Tiempo de lectura":"1 minuto"},"schema":{"@context":"https:\/\/schema.org","@graph":[{"@type":"WebPage","@id":"https:\/\/www.exchange-data.com\/es\/producto\/fondo-de-inversion-inmobiliaria\/","url":"https:\/\/www.exchange-data.com\/es\/producto\/fondo-de-inversion-inmobiliaria\/","name":"Informaci\u00f3n de Fideicomisos de Inversi\u00f3n Inmobiliaria | Precios auditables y personalizados para REITs","isPartOf":{"@id":"https:\/\/www.exchange-data.com\/es\/#website"},"primaryImageOfPage":{"@id":"https:\/\/www.exchange-data.com\/es\/producto\/fondo-de-inversion-inmobiliaria\/#primaryimage"},"image":{"@id":"https:\/\/www.exchange-data.com\/es\/producto\/fondo-de-inversion-inmobiliaria\/#primaryimage"},"thumbnailUrl":"https:\/\/www.exchange-data.com\/wp-content\/uploads\/2021\/09\/pexels-timur-saglambilek-87223-700x400px.jpg","datePublished":"2021-09-24T15:10:42+00:00","dateModified":"2025-10-07T09:36:59+00:00","description":"Acceda a informaci\u00f3n de fideicomisos de inversi\u00f3n inmobiliaria privados y p\u00fablicos con datos conforme a FINRA, metodolog\u00edas transparentes y entrega personalizada para gestores de activos.","breadcrumb":{"@id":"https:\/\/www.exchange-data.com\/es\/producto\/fondo-de-inversion-inmobiliaria\/#breadcrumb"},"inLanguage":"es","potentialAction":[{"@type":"ReadAction","target":["https:\/\/www.exchange-data.com\/es\/producto\/fondo-de-inversion-inmobiliaria\/"]}]},{"@type":"ImageObject","inLanguage":"es","@id":"https:\/\/www.exchange-data.com\/es\/producto\/fondo-de-inversion-inmobiliaria\/#primaryimage","url":"https:\/\/www.exchange-data.com\/wp-content\/uploads\/2021\/09\/pexels-timur-saglambilek-87223-700x400px.jpg","contentUrl":"https:\/\/www.exchange-data.com\/wp-content\/uploads\/2021\/09\/pexels-timur-saglambilek-87223-700x400px.jpg","width":700,"height":400},{"@type":"BreadcrumbList","@id":"https:\/\/www.exchange-data.com\/es\/producto\/fondo-de-inversion-inmobiliaria\/#breadcrumb","itemListElement":[{"@type":"ListItem","position":1,"name":"Home","item":"https:\/\/www.exchange-data.com\/es\/inicio\/"},{"@type":"ListItem","position":2,"name":"Fideicomisos\/Fondos de Inversi\u00f3n Inmobiliaria (REIT)"}]},{"@type":"WebSite","@id":"https:\/\/www.exchange-data.com\/es\/#website","url":"https:\/\/www.exchange-data.com\/es\/","name":"Exchange Data International","description":"Doing data differently","publisher":{"@id":"https:\/\/www.exchange-data.com\/es\/#organization"},"potentialAction":[{"@type":"SearchAction","target":{"@type":"EntryPoint","urlTemplate":"https:\/\/www.exchange-data.com\/es\/?s={search_term_string}"},"query-input":{"@type":"PropertyValueSpecification","valueRequired":true,"valueName":"search_term_string"}}],"inLanguage":"es"},{"@type":"Organization","@id":"https:\/\/www.exchange-data.com\/es\/#organization","name":"Exchange Data International","url":"https:\/\/www.exchange-data.com\/es\/","logo":{"@type":"ImageObject","inLanguage":"es","@id":"https:\/\/www.exchange-data.com\/es\/#\/schema\/logo\/image\/","url":"https:\/\/www.exchange-data.com\/wp-content\/uploads\/2019\/03\/logo3.png","contentUrl":"https:\/\/www.exchange-data.com\/wp-content\/uploads\/2019\/03\/logo3.png","width":200,"height":80,"caption":"Exchange Data International"},"image":{"@id":"https:\/\/www.exchange-data.com\/es\/#\/schema\/logo\/image\/"},"sameAs":["https:\/\/x.com\/ExchangeData","https:\/\/www.linkedin.com\/company\/exchange-data-international\/?viewAsMember=true","https:\/\/www.youtube.com\/channel\/UC5D1OpUb22YZANRLD_Ktcgg?view_as=subscriber"]}]}},"_links":{"self":[{"href":"https:\/\/www.exchange-data.com\/es\/wp-json\/wp\/v2\/product\/36014","targetHints":{"allow":["GET"]}}],"collection":[{"href":"https:\/\/www.exchange-data.com\/es\/wp-json\/wp\/v2\/product"}],"about":[{"href":"https:\/\/www.exchange-data.com\/es\/wp-json\/wp\/v2\/types\/product"}],"wp:featuredmedia":[{"embeddable":true,"href":"https:\/\/www.exchange-data.com\/es\/wp-json\/wp\/v2\/media\/34600"}],"wp:attachment":[{"href":"https:\/\/www.exchange-data.com\/es\/wp-json\/wp\/v2\/media?parent=36014"}],"wp:term":[{"taxonomy":"country","embeddable":true,"href":"https:\/\/www.exchange-data.com\/es\/wp-json\/wp\/v2\/country?post=36014"},{"taxonomy":"product_category","embeddable":true,"href":"https:\/\/www.exchange-data.com\/es\/wp-json\/wp\/v2\/product_category?post=36014"}],"curies":[{"name":"wp","href":"https:\/\/api.w.org\/{rel}","templated":true}]}}