{"id":36015,"date":"2021-08-24T13:15:11","date_gmt":"2021-08-24T12:15:11","guid":{"rendered":"https:\/\/www.exchange-data.com\/product\/tipos-de-referencia-e-interes-y-curva-de-rendimientos\/"},"modified":"2026-01-25T10:20:41","modified_gmt":"2026-01-25T09:20:41","slug":"tipos-de-referencia-e-interes-y-curva-de-rendimientos","status":"publish","type":"product","link":"https:\/\/www.exchange-data.com\/es\/producto\/tipos-de-referencia-e-interes-y-curva-de-rendimientos\/","title":{"rendered":"Tipos de Referencia, Tipos de Inter\u00e9s y Curva de Rendimiento"},"content":{"rendered":"<h4>Informaci\u00f3n puntual y precisa sobre los tipos de referencia y otros tipos clave a diario.<\/h4>\n<p><span style=\"font-weight: 400;\">El servicio de Tipos de <strong>Referencia proporciona datos<\/strong> sobre <strong>924 <\/strong>tipos interbancarios y tasas de referencia en <strong>90<\/strong> divisas, incluida la zona Euro Legacy, con cobertura hist\u00f3rica desde <strong>2010<\/strong>. Este servicio puede utilizarse para derivar otros tipos de inter\u00e9s y curvas de rendimiento aplicables a instrumentos financieros <\/span><\/p>\n<p><span style=\"font-weight: 400;\">Entre los tipos m\u00e1s comunes se incluyen los Fed Funds Rates, los tipos interbancarios ofrecidos, el Prime Rate y los rendimientos de valores de referencia del Tesoro estadounidense, todos utilizados en distintos tipos de transacciones.<\/span><\/p>\n<p><span style=\"font-weight: 400;\">Los datos se recopilan a partir de m\u00faltiples fuentes, incluidos bancos, bolsas de valores y organismos reguladores financieros.<\/span><\/p>\n<p><span style=\"font-weight: 400;\">El<strong> servicio de Curva<\/strong> de Rendimiento proporciona estructuras temporales de tipos de inter\u00e9s bajo distintos escenarios, como descuento con IBOR, descuento con OIS y uso de tasas libres de riesgo (RFR). El servicio incluye datos como cotizaciones BID y ASK en swaps de tipos de inter\u00e9s globales y swaps de base, rendimientos impl\u00edcitos de cup\u00f3n cero, factores de descuento, volatilidades de caps\/floors y volatilidades de swaptions. <\/span><\/p>\n<p><strong>Nota:<\/strong> <span style=\"font-weight: 400;\">Tambi\u00e9n recopilamos gratuitamente y sin necesidad de credenciales varios tipos noruegos (NIBOR swaps, tasa ponderada a un d\u00eda, tasa de dep\u00f3sito del Norges Bank y swaps en corona noruega) desde otras fuentes. <\/span><\/p>\n","protected":false},"featured_media":34154,"template":"","country":[],"product_category":[3179,3178],"class_list":["post-36015","product","type-product","status-publish","has-post-thumbnail","hentry","product_category-precios","product_category-productos-y-servicios"],"acf":[],"yoast_head":"<!-- This site is optimized with the Yoast SEO Premium plugin v26.0 (Yoast SEO v26.0) - https:\/\/yoast.com\/wordpress\/plugins\/seo\/ -->\n<title>Tipos de Referencia, Tipos de Inter\u00e9s y Curva de Rendimiento | Exchange Data International<\/title>\n<meta name=\"description\" content=\"Acceda a informaci\u00f3n diaria y precisa de tipos de inter\u00e9s y Informaci\u00f3n de la Curva de rendimiento para 90 divisas, con datos hist\u00f3ricos y cobertura global.\" \/>\n<meta name=\"robots\" content=\"index, follow, max-snippet:-1, max-image-preview:large, max-video-preview:-1\" \/>\n<link rel=\"canonical\" href=\"https:\/\/www.exchange-data.com\/es\/producto\/tipos-de-referencia-e-interes-y-curva-de-rendimientos\/\" \/>\n<meta property=\"og:locale\" content=\"es_ES\" \/>\n<meta property=\"og:type\" content=\"article\" \/>\n<meta property=\"og:title\" content=\"Tipos de Referencia, Tipos de Inter\u00e9s y Curva de Rendimiento | Exchange Data International\" \/>\n<meta property=\"og:description\" content=\"Acceda a informaci\u00f3n diaria y precisa de tipos de inter\u00e9s y Informaci\u00f3n de la Curva de rendimiento para 90 divisas, con datos hist\u00f3ricos y cobertura global.\" \/>\n<meta property=\"og:url\" content=\"https:\/\/www.exchange-data.com\/es\/producto\/tipos-de-referencia-e-interes-y-curva-de-rendimientos\/\" \/>\n<meta property=\"og:site_name\" content=\"Exchange Data International\" \/>\n<meta property=\"article:modified_time\" content=\"2026-01-25T09:20:41+00:00\" \/>\n<meta property=\"og:image\" content=\"https:\/\/www.exchange-data.com\/wp-content\/uploads\/2015\/09\/EDI-Post-Featured-Image-700x400-1.png\" \/>\n\t<meta property=\"og:image:width\" content=\"700\" \/>\n\t<meta property=\"og:image:height\" content=\"400\" \/>\n\t<meta property=\"og:image:type\" content=\"image\/png\" \/>\n<meta name=\"twitter:card\" content=\"summary_large_image\" \/>\n<meta name=\"twitter:site\" content=\"@ExchangeData\" \/>\n<meta name=\"twitter:label1\" content=\"Tiempo de lectura\" \/>\n\t<meta name=\"twitter:data1\" content=\"2 minutos\" \/>\n<script type=\"application\/ld+json\" class=\"yoast-schema-graph\">{\"@context\":\"https:\/\/schema.org\",\"@graph\":[{\"@type\":\"WebPage\",\"@id\":\"https:\/\/www.exchange-data.com\/es\/producto\/tipos-de-referencia-e-interes-y-curva-de-rendimientos\/\",\"url\":\"https:\/\/www.exchange-data.com\/es\/producto\/tipos-de-referencia-e-interes-y-curva-de-rendimientos\/\",\"name\":\"Tipos de Referencia, Tipos de Inter\u00e9s y Curva de Rendimiento | Exchange Data International\",\"isPartOf\":{\"@id\":\"https:\/\/www.exchange-data.com\/es\/#website\"},\"primaryImageOfPage\":{\"@id\":\"https:\/\/www.exchange-data.com\/es\/producto\/tipos-de-referencia-e-interes-y-curva-de-rendimientos\/#primaryimage\"},\"image\":{\"@id\":\"https:\/\/www.exchange-data.com\/es\/producto\/tipos-de-referencia-e-interes-y-curva-de-rendimientos\/#primaryimage\"},\"thumbnailUrl\":\"https:\/\/www.exchange-data.com\/wp-content\/uploads\/2015\/09\/EDI-Post-Featured-Image-700x400-1.png\",\"datePublished\":\"2021-08-24T12:15:11+00:00\",\"dateModified\":\"2026-01-25T09:20:41+00:00\",\"description\":\"Acceda a informaci\u00f3n diaria y precisa de tipos de inter\u00e9s y Informaci\u00f3n de la Curva de rendimiento para 90 divisas, con datos hist\u00f3ricos y cobertura global.\",\"breadcrumb\":{\"@id\":\"https:\/\/www.exchange-data.com\/es\/producto\/tipos-de-referencia-e-interes-y-curva-de-rendimientos\/#breadcrumb\"},\"inLanguage\":\"es\",\"potentialAction\":[{\"@type\":\"ReadAction\",\"target\":[\"https:\/\/www.exchange-data.com\/es\/producto\/tipos-de-referencia-e-interes-y-curva-de-rendimientos\/\"]}]},{\"@type\":\"ImageObject\",\"inLanguage\":\"es\",\"@id\":\"https:\/\/www.exchange-data.com\/es\/producto\/tipos-de-referencia-e-interes-y-curva-de-rendimientos\/#primaryimage\",\"url\":\"https:\/\/www.exchange-data.com\/wp-content\/uploads\/2015\/09\/EDI-Post-Featured-Image-700x400-1.png\",\"contentUrl\":\"https:\/\/www.exchange-data.com\/wp-content\/uploads\/2015\/09\/EDI-Post-Featured-Image-700x400-1.png\",\"width\":700,\"height\":400,\"caption\":\"Exchange Data International\"},{\"@type\":\"BreadcrumbList\",\"@id\":\"https:\/\/www.exchange-data.com\/es\/producto\/tipos-de-referencia-e-interes-y-curva-de-rendimientos\/#breadcrumb\",\"itemListElement\":[{\"@type\":\"ListItem\",\"position\":1,\"name\":\"Home\",\"item\":\"https:\/\/www.exchange-data.com\/es\/inicio\/\"},{\"@type\":\"ListItem\",\"position\":2,\"name\":\"Tipos de Referencia, Tipos de Inter\u00e9s y Curva de Rendimiento\"}]},{\"@type\":\"WebSite\",\"@id\":\"https:\/\/www.exchange-data.com\/es\/#website\",\"url\":\"https:\/\/www.exchange-data.com\/es\/\",\"name\":\"Exchange Data International\",\"description\":\"Doing data differently\",\"publisher\":{\"@id\":\"https:\/\/www.exchange-data.com\/es\/#organization\"},\"potentialAction\":[{\"@type\":\"SearchAction\",\"target\":{\"@type\":\"EntryPoint\",\"urlTemplate\":\"https:\/\/www.exchange-data.com\/es\/?s={search_term_string}\"},\"query-input\":{\"@type\":\"PropertyValueSpecification\",\"valueRequired\":true,\"valueName\":\"search_term_string\"}}],\"inLanguage\":\"es\"},{\"@type\":\"Organization\",\"@id\":\"https:\/\/www.exchange-data.com\/es\/#organization\",\"name\":\"Exchange Data International\",\"url\":\"https:\/\/www.exchange-data.com\/es\/\",\"logo\":{\"@type\":\"ImageObject\",\"inLanguage\":\"es\",\"@id\":\"https:\/\/www.exchange-data.com\/es\/#\/schema\/logo\/image\/\",\"url\":\"https:\/\/www.exchange-data.com\/wp-content\/uploads\/2019\/03\/logo3.png\",\"contentUrl\":\"https:\/\/www.exchange-data.com\/wp-content\/uploads\/2019\/03\/logo3.png\",\"width\":200,\"height\":80,\"caption\":\"Exchange Data International\"},\"image\":{\"@id\":\"https:\/\/www.exchange-data.com\/es\/#\/schema\/logo\/image\/\"},\"sameAs\":[\"https:\/\/x.com\/ExchangeData\",\"https:\/\/www.linkedin.com\/company\/exchange-data-international\/?viewAsMember=true\",\"https:\/\/www.youtube.com\/channel\/UC5D1OpUb22YZANRLD_Ktcgg?view_as=subscriber\"]}]}<\/script>\n<!-- \/ Yoast SEO Premium plugin. -->","yoast_head_json":{"title":"Tipos de Referencia, Tipos de Inter\u00e9s y Curva de Rendimiento | Exchange Data International","description":"Acceda a informaci\u00f3n diaria y precisa de tipos de inter\u00e9s y Informaci\u00f3n de la Curva de rendimiento para 90 divisas, con datos hist\u00f3ricos y cobertura global.","robots":{"index":"index","follow":"follow","max-snippet":"max-snippet:-1","max-image-preview":"max-image-preview:large","max-video-preview":"max-video-preview:-1"},"canonical":"https:\/\/www.exchange-data.com\/es\/producto\/tipos-de-referencia-e-interes-y-curva-de-rendimientos\/","og_locale":"es_ES","og_type":"article","og_title":"Tipos de Referencia, Tipos de Inter\u00e9s y Curva de Rendimiento | Exchange Data International","og_description":"Acceda a informaci\u00f3n diaria y precisa de tipos de inter\u00e9s y Informaci\u00f3n de la Curva de rendimiento para 90 divisas, con datos hist\u00f3ricos y cobertura global.","og_url":"https:\/\/www.exchange-data.com\/es\/producto\/tipos-de-referencia-e-interes-y-curva-de-rendimientos\/","og_site_name":"Exchange Data International","article_modified_time":"2026-01-25T09:20:41+00:00","og_image":[{"width":700,"height":400,"url":"https:\/\/www.exchange-data.com\/wp-content\/uploads\/2015\/09\/EDI-Post-Featured-Image-700x400-1.png","type":"image\/png"}],"twitter_card":"summary_large_image","twitter_site":"@ExchangeData","twitter_misc":{"Tiempo de lectura":"2 minutos"},"schema":{"@context":"https:\/\/schema.org","@graph":[{"@type":"WebPage","@id":"https:\/\/www.exchange-data.com\/es\/producto\/tipos-de-referencia-e-interes-y-curva-de-rendimientos\/","url":"https:\/\/www.exchange-data.com\/es\/producto\/tipos-de-referencia-e-interes-y-curva-de-rendimientos\/","name":"Tipos de Referencia, Tipos de Inter\u00e9s y Curva de Rendimiento | Exchange Data International","isPartOf":{"@id":"https:\/\/www.exchange-data.com\/es\/#website"},"primaryImageOfPage":{"@id":"https:\/\/www.exchange-data.com\/es\/producto\/tipos-de-referencia-e-interes-y-curva-de-rendimientos\/#primaryimage"},"image":{"@id":"https:\/\/www.exchange-data.com\/es\/producto\/tipos-de-referencia-e-interes-y-curva-de-rendimientos\/#primaryimage"},"thumbnailUrl":"https:\/\/www.exchange-data.com\/wp-content\/uploads\/2015\/09\/EDI-Post-Featured-Image-700x400-1.png","datePublished":"2021-08-24T12:15:11+00:00","dateModified":"2026-01-25T09:20:41+00:00","description":"Acceda a informaci\u00f3n diaria y precisa de tipos de inter\u00e9s y Informaci\u00f3n de la Curva de rendimiento para 90 divisas, con datos hist\u00f3ricos y cobertura global.","breadcrumb":{"@id":"https:\/\/www.exchange-data.com\/es\/producto\/tipos-de-referencia-e-interes-y-curva-de-rendimientos\/#breadcrumb"},"inLanguage":"es","potentialAction":[{"@type":"ReadAction","target":["https:\/\/www.exchange-data.com\/es\/producto\/tipos-de-referencia-e-interes-y-curva-de-rendimientos\/"]}]},{"@type":"ImageObject","inLanguage":"es","@id":"https:\/\/www.exchange-data.com\/es\/producto\/tipos-de-referencia-e-interes-y-curva-de-rendimientos\/#primaryimage","url":"https:\/\/www.exchange-data.com\/wp-content\/uploads\/2015\/09\/EDI-Post-Featured-Image-700x400-1.png","contentUrl":"https:\/\/www.exchange-data.com\/wp-content\/uploads\/2015\/09\/EDI-Post-Featured-Image-700x400-1.png","width":700,"height":400,"caption":"Exchange Data International"},{"@type":"BreadcrumbList","@id":"https:\/\/www.exchange-data.com\/es\/producto\/tipos-de-referencia-e-interes-y-curva-de-rendimientos\/#breadcrumb","itemListElement":[{"@type":"ListItem","position":1,"name":"Home","item":"https:\/\/www.exchange-data.com\/es\/inicio\/"},{"@type":"ListItem","position":2,"name":"Tipos de Referencia, Tipos de Inter\u00e9s y Curva de Rendimiento"}]},{"@type":"WebSite","@id":"https:\/\/www.exchange-data.com\/es\/#website","url":"https:\/\/www.exchange-data.com\/es\/","name":"Exchange Data International","description":"Doing data differently","publisher":{"@id":"https:\/\/www.exchange-data.com\/es\/#organization"},"potentialAction":[{"@type":"SearchAction","target":{"@type":"EntryPoint","urlTemplate":"https:\/\/www.exchange-data.com\/es\/?s={search_term_string}"},"query-input":{"@type":"PropertyValueSpecification","valueRequired":true,"valueName":"search_term_string"}}],"inLanguage":"es"},{"@type":"Organization","@id":"https:\/\/www.exchange-data.com\/es\/#organization","name":"Exchange Data International","url":"https:\/\/www.exchange-data.com\/es\/","logo":{"@type":"ImageObject","inLanguage":"es","@id":"https:\/\/www.exchange-data.com\/es\/#\/schema\/logo\/image\/","url":"https:\/\/www.exchange-data.com\/wp-content\/uploads\/2019\/03\/logo3.png","contentUrl":"https:\/\/www.exchange-data.com\/wp-content\/uploads\/2019\/03\/logo3.png","width":200,"height":80,"caption":"Exchange Data International"},"image":{"@id":"https:\/\/www.exchange-data.com\/es\/#\/schema\/logo\/image\/"},"sameAs":["https:\/\/x.com\/ExchangeData","https:\/\/www.linkedin.com\/company\/exchange-data-international\/?viewAsMember=true","https:\/\/www.youtube.com\/channel\/UC5D1OpUb22YZANRLD_Ktcgg?view_as=subscriber"]}]}},"_links":{"self":[{"href":"https:\/\/www.exchange-data.com\/es\/wp-json\/wp\/v2\/product\/36015","targetHints":{"allow":["GET"]}}],"collection":[{"href":"https:\/\/www.exchange-data.com\/es\/wp-json\/wp\/v2\/product"}],"about":[{"href":"https:\/\/www.exchange-data.com\/es\/wp-json\/wp\/v2\/types\/product"}],"wp:featuredmedia":[{"embeddable":true,"href":"https:\/\/www.exchange-data.com\/es\/wp-json\/wp\/v2\/media\/34154"}],"wp:attachment":[{"href":"https:\/\/www.exchange-data.com\/es\/wp-json\/wp\/v2\/media?parent=36015"}],"wp:term":[{"taxonomy":"country","embeddable":true,"href":"https:\/\/www.exchange-data.com\/es\/wp-json\/wp\/v2\/country?post=36015"},{"taxonomy":"product_category","embeddable":true,"href":"https:\/\/www.exchange-data.com\/es\/wp-json\/wp\/v2\/product_category?post=36015"}],"curies":[{"name":"wp","href":"https:\/\/api.w.org\/{rel}","templated":true}]}}