{"id":36016,"date":"2019-03-30T20:37:07","date_gmt":"2019-03-30T19:37:07","guid":{"rendered":"https:\/\/www.exchange-data.com\/product\/fichero-de-referencia-de-valores\/"},"modified":"2025-10-08T10:19:56","modified_gmt":"2025-10-08T09:19:56","slug":"fichero-de-referencia-de-valores","status":"publish","type":"product","link":"https:\/\/www.exchange-data.com\/es\/producto\/fichero-de-referencia-de-valores\/","title":{"rendered":"Maestro de Referencia de Valores"},"content":{"rendered":"<p>&nbsp;<\/p>\n<h2>Optimice la gesti\u00f3n de sus Datos de Referencia Burs\u00e1tiles<\/h2>\n<p>&nbsp;<\/p>\n<p><span style=\"font-weight: 400;\">En un entorno financiero din\u00e1mico, mantener el cumplimiento regulatorio y mitigar el riesgo operativo es esencial. Nuestra soluci\u00f3n integral le brinda acceso a una base de datos meticulosamente actualizada con m\u00e1s de 1.300.000 valores cotizados y no cotizados, permiti\u00e9ndole tomar decisiones informadas y seguras.  <\/span><\/p>\n<p align=\"justify\"><span style=\"font-weight: 400;\">Nuestra base de datos abarca un amplio abanico de instrumentos financieros, incluyendo:<\/span><\/p>\n<p>&nbsp;<\/p>\n<table>\n<tbody>\n<tr>\n<td width=\"50%\">\n<ul>\n<li><span style=\"font-weight: 400;\">Certificados<\/span><\/li>\n<li><span style=\"font-weight: 400;\">Acciones<\/span><\/li>\n<li><span style=\"font-weight: 400;\">ETFs<\/span><\/li>\n<\/ul>\n<\/td>\n<td width=\"50%\">\n<ul>\n<li><span style=\"font-weight: 400;\">Instrumentos de deuda<\/span><\/li>\n<li><span style=\"font-weight: 400;\">\u00cdndices<\/span><\/li>\n<li><span style=\"font-weight: 400;\">Fondos de inversi\u00f3n<\/span><\/li>\n<li><span style=\"font-weight: 400;\">Warrants<\/span><\/li>\n<\/ul>\n<\/td>\n<\/tr>\n<\/tbody>\n<\/table>\n<h3>Selecci\u00f3n de datos a medida<\/h3>\n<p align=\"justify\"><span style=\"font-weight: 400;\">Nuestra herramienta de b\u00fasqueda avanzada permite filtrar m\u00e1s de 40 campos, incluyendo: <\/span><\/p>\n<p>&nbsp;<\/p>\n<table>\n<tbody>\n<tr>\n<td width=\"50%\">\n<ul>\n<li><span style=\"font-weight: 400;\">C\u00f3digo local estadounidense<\/span><\/li>\n<li><span style=\"font-weight: 400;\">ISIN<\/span><\/li>\n<li><span style=\"font-weight: 400;\">SEDOL\u2122<\/span><\/li>\n<li><span style=\"font-weight: 400;\">Tickers<\/span><\/li>\n<li><span style=\"font-weight: 400;\">Nombre del emisor<\/span><\/li>\n<\/ul>\n<\/td>\n<td width=\"50%\">\n<ul>\n<li><span style=\"font-weight: 400;\">Pa\u00eds de registro<\/span><\/li>\n<li><span style=\"font-weight: 400;\">C\u00f3digo CFI<\/span><\/li>\n<li><span style=\"font-weight: 400;\">Clasificaci\u00f3n sectorial<\/span><\/li>\n<li><span style=\"font-weight: 400;\">Clase de valor<\/span><\/li>\n<\/ul>\n<\/td>\n<\/tr>\n<\/tbody>\n<\/table>\n<p><span style=\"font-weight: 400;\">*SEDOL\u2122 es marca registrada de la Bolsa de Valores de Londres<\/span><\/p>\n<h4>Verificaci\u00f3n cruzada fiable<\/h4>\n<p><span style=\"font-weight: 400;\">Nuestros Financial Instrument Global Identifiers (FIGIs) permiten una referencia cruzada fluida con otros proveedores de datos. Disponibles en m\u00faltiples formatos, garantizan coherencia y precisi\u00f3n en todas tus operaciones: <\/span><\/p>\n<ul>\n<li><span style=\"font-weight: 400;\">FIGI est\u00e1ndar<\/span><\/li>\n<li><span style=\"font-weight: 400;\">FIGI compuesto<\/span><\/li>\n<li><span style=\"font-weight: 400;\">Ticker + c\u00f3digo de mercado (nivel compuesto)<\/span><\/li>\n<li><span style=\"font-weight: 400;\">Ticker + c\u00f3digo de mercado (nivel de mercado)<\/span><\/li>\n<\/ul>\n<h4>Clasificaci\u00f3n sectorial precisa<\/h4>\n<p align=\"justify\"><span style=\"font-weight: 400;\">Integre nuestros datos con c\u00f3digos GICS para: Dise\u00f1ar estrategias de cartera , Analizar sectores, Detectar tendencias regionales y globales. <\/span><\/p>\n<h4>Recuperaci\u00f3n eficiente de identificadores<\/h4>\n<p><span style=\"font-weight: 400;\">Acceda a informaci\u00f3n actualizada sobre valores cotizados, codificados o retirados de los mercados nacional e internacional. Resuelva incidencias de identificaci\u00f3n, genere informes de cambios recientes y mantenga sus carteras al d\u00eda. <\/span><\/p>\n<h5>Respaldo institucional<\/h5>\n<p><span style=\"font-weight: 400;\">La informaci\u00f3n proviene directamente de la London Stock Exchange y est\u00e1 disponible a trav\u00e9s de nuestra plataforma online Codefile (CFW), intuitiva y de f\u00e1cil acceso <\/span><\/p>\n<h6>Archivo Point in Time (PIT)<\/h6>\n<p><span style=\"font-weight: 400;\">El servicio PIT_SRF ofrece un historial detallado de cambios en c\u00f3digos y datos clave desde enero de 2005. Cada registro est\u00e1 fechado con precisi\u00f3n para permitir consultas hist\u00f3ricas por valor o cartera. <\/span><\/p>\n<p><strong>Eventos PIT_EVT<\/strong><\/p>\n<p><span style=\"font-weight: 400;\">Complementa al PIT_SRF incorporando eventos est\u00e1ticos del servicio de Corporate Actions de EDI, explicando el motivo de cada cambio registrado. <\/span><\/p>\n<p><strong>Formatos disponibles:<\/strong><\/p>\n<ul>\n<li style=\"list-style-type: none;\">\n<ul>\n<li><span style=\"font-weight: 400;\"><strong>PIT_SRF:<\/strong> Cambios hist\u00f3ricos con fecha de inicio y fin<\/span><\/li>\n<li><span style=\"font-weight: 400;\"><strong>PIT_EVT: <\/strong>Eventos que justifican dichos cambio <\/span><\/li>\n<\/ul>\n<\/li>\n<\/ul>\n<p><span style=\"font-weight: 400;\">Nuestra soluci\u00f3n integral de Datos de Referencia Burs\u00e1tiles es clave para navegar con seguridad por el mundo financiero. Obt\u00e9n informaci\u00f3n valiosa, reduce riesgos y toma decisiones con base s\u00f3lida. Deja que nuestros datos impulsen tu \u00e9xito.  <\/span><\/p>\n","protected":false},"featured_media":34154,"template":"","country":[],"product_category":[3184,3178],"class_list":["post-36016","product","type-product","status-publish","has-post-thumbnail","hentry","product_category-datos-de-referencia","product_category-productos-y-servicios"],"acf":[],"yoast_head":"<!-- This site is optimized with the Yoast SEO Premium plugin v26.0 (Yoast SEO v26.0) - https:\/\/yoast.com\/wordpress\/plugins\/seo\/ -->\n<title>Datos de Referencia Burs\u00e1tiles: soluci\u00f3n integral con cobertura global<\/title>\n<meta name=\"description\" content=\"Optimiza tus operaciones con Datos de Referencia Burs\u00e1tiles de alta calidad. M\u00e1s de 1,3 millones de valores con identificadores, clasificaci\u00f3n sectorial y seguimiento hist\u00f3rico.\" \/>\n<meta name=\"robots\" content=\"index, follow, max-snippet:-1, max-image-preview:large, max-video-preview:-1\" \/>\n<link rel=\"canonical\" href=\"https:\/\/www.exchange-data.com\/es\/producto\/fichero-de-referencia-de-valores\/\" \/>\n<meta property=\"og:locale\" content=\"es_ES\" \/>\n<meta property=\"og:type\" content=\"article\" \/>\n<meta property=\"og:title\" content=\"Fichero de referencia de valores\" \/>\n<meta property=\"og:description\" content=\"Gestione el cumplimiento y el riesgo operativo con datos de referencia de valores de alta calidad. Acceda a informaci\u00f3n detallada y actualizada din\u00e1micamente sobre m\u00e1s de 1.300.000 valores cotizados y no cotizados, incluidos certificados, acciones, fondos cotizados (ETF), instrumentos de deuda, \u00edndices, fondos de inversi\u00f3n y warrants.\" \/>\n<meta property=\"og:url\" content=\"https:\/\/www.exchange-data.com\/es\/producto\/fichero-de-referencia-de-valores\/\" \/>\n<meta property=\"og:site_name\" content=\"Exchange Data International\" \/>\n<meta property=\"article:modified_time\" content=\"2025-10-08T09:19:56+00:00\" \/>\n<meta property=\"og:image\" content=\"https:\/\/www.exchange-data.com\/wp-content\/uploads\/2015\/09\/EDI-Post-Featured-Image-700x400-1.png\" \/>\n<meta name=\"twitter:card\" content=\"summary_large_image\" \/>\n<meta name=\"twitter:title\" content=\"Fichero de referencia de valores\" \/>\n<meta name=\"twitter:description\" content=\"Gestione el cumplimiento y el riesgo operativo con datos de referencia de valores de alta calidad. Acceda a informaci\u00f3n detallada y actualizada din\u00e1micamente sobre m\u00e1s de 1.300.000 valores cotizados y no cotizados, incluidos certificados, acciones, fondos cotizados (ETF), instrumentos de deuda, \u00edndices, fondos de inversi\u00f3n y warrants.\" \/>\n<meta name=\"twitter:image\" content=\"https:\/\/www.exchange-data.com\/wp-content\/uploads\/2015\/09\/EDI-Post-Featured-Image-700x400-1.png\" \/>\n<meta name=\"twitter:site\" content=\"@ExchangeData\" \/>\n<meta name=\"twitter:label1\" content=\"Tiempo de lectura\" \/>\n\t<meta name=\"twitter:data1\" content=\"2 minutos\" \/>\n<script type=\"application\/ld+json\" class=\"yoast-schema-graph\">{\"@context\":\"https:\/\/schema.org\",\"@graph\":[{\"@type\":\"WebPage\",\"@id\":\"https:\/\/www.exchange-data.com\/es\/producto\/fichero-de-referencia-de-valores\/\",\"url\":\"https:\/\/www.exchange-data.com\/es\/producto\/fichero-de-referencia-de-valores\/\",\"name\":\"Datos de Referencia Burs\u00e1tiles: soluci\u00f3n integral con cobertura global\",\"isPartOf\":{\"@id\":\"https:\/\/www.exchange-data.com\/es\/#website\"},\"primaryImageOfPage\":{\"@id\":\"https:\/\/www.exchange-data.com\/es\/producto\/fichero-de-referencia-de-valores\/#primaryimage\"},\"image\":{\"@id\":\"https:\/\/www.exchange-data.com\/es\/producto\/fichero-de-referencia-de-valores\/#primaryimage\"},\"thumbnailUrl\":\"https:\/\/www.exchange-data.com\/wp-content\/uploads\/2015\/09\/EDI-Post-Featured-Image-700x400-1.png\",\"datePublished\":\"2019-03-30T19:37:07+00:00\",\"dateModified\":\"2025-10-08T09:19:56+00:00\",\"description\":\"Optimiza tus operaciones con Datos de Referencia Burs\u00e1tiles de alta calidad. M\u00e1s de 1,3 millones de valores con identificadores, clasificaci\u00f3n sectorial y seguimiento hist\u00f3rico.\",\"breadcrumb\":{\"@id\":\"https:\/\/www.exchange-data.com\/es\/producto\/fichero-de-referencia-de-valores\/#breadcrumb\"},\"inLanguage\":\"es\",\"potentialAction\":[{\"@type\":\"ReadAction\",\"target\":[\"https:\/\/www.exchange-data.com\/es\/producto\/fichero-de-referencia-de-valores\/\"]}]},{\"@type\":\"ImageObject\",\"inLanguage\":\"es\",\"@id\":\"https:\/\/www.exchange-data.com\/es\/producto\/fichero-de-referencia-de-valores\/#primaryimage\",\"url\":\"https:\/\/www.exchange-data.com\/wp-content\/uploads\/2015\/09\/EDI-Post-Featured-Image-700x400-1.png\",\"contentUrl\":\"https:\/\/www.exchange-data.com\/wp-content\/uploads\/2015\/09\/EDI-Post-Featured-Image-700x400-1.png\",\"width\":700,\"height\":400,\"caption\":\"Exchange Data International\"},{\"@type\":\"BreadcrumbList\",\"@id\":\"https:\/\/www.exchange-data.com\/es\/producto\/fichero-de-referencia-de-valores\/#breadcrumb\",\"itemListElement\":[{\"@type\":\"ListItem\",\"position\":1,\"name\":\"Home\",\"item\":\"https:\/\/www.exchange-data.com\/es\/inicio\/\"},{\"@type\":\"ListItem\",\"position\":2,\"name\":\"Maestro de Referencia de Valores\"}]},{\"@type\":\"WebSite\",\"@id\":\"https:\/\/www.exchange-data.com\/es\/#website\",\"url\":\"https:\/\/www.exchange-data.com\/es\/\",\"name\":\"Exchange Data International\",\"description\":\"Doing data differently\",\"publisher\":{\"@id\":\"https:\/\/www.exchange-data.com\/es\/#organization\"},\"potentialAction\":[{\"@type\":\"SearchAction\",\"target\":{\"@type\":\"EntryPoint\",\"urlTemplate\":\"https:\/\/www.exchange-data.com\/es\/?s={search_term_string}\"},\"query-input\":{\"@type\":\"PropertyValueSpecification\",\"valueRequired\":true,\"valueName\":\"search_term_string\"}}],\"inLanguage\":\"es\"},{\"@type\":\"Organization\",\"@id\":\"https:\/\/www.exchange-data.com\/es\/#organization\",\"name\":\"Exchange Data International\",\"url\":\"https:\/\/www.exchange-data.com\/es\/\",\"logo\":{\"@type\":\"ImageObject\",\"inLanguage\":\"es\",\"@id\":\"https:\/\/www.exchange-data.com\/es\/#\/schema\/logo\/image\/\",\"url\":\"https:\/\/www.exchange-data.com\/wp-content\/uploads\/2019\/03\/logo3.png\",\"contentUrl\":\"https:\/\/www.exchange-data.com\/wp-content\/uploads\/2019\/03\/logo3.png\",\"width\":200,\"height\":80,\"caption\":\"Exchange Data International\"},\"image\":{\"@id\":\"https:\/\/www.exchange-data.com\/es\/#\/schema\/logo\/image\/\"},\"sameAs\":[\"https:\/\/x.com\/ExchangeData\",\"https:\/\/www.linkedin.com\/company\/exchange-data-international\/?viewAsMember=true\",\"https:\/\/www.youtube.com\/channel\/UC5D1OpUb22YZANRLD_Ktcgg?view_as=subscriber\"]}]}<\/script>\n<!-- \/ Yoast SEO Premium plugin. -->","yoast_head_json":{"title":"Datos de Referencia Burs\u00e1tiles: soluci\u00f3n integral con cobertura global","description":"Optimiza tus operaciones con Datos de Referencia Burs\u00e1tiles de alta calidad. M\u00e1s de 1,3 millones de valores con identificadores, clasificaci\u00f3n sectorial y seguimiento hist\u00f3rico.","robots":{"index":"index","follow":"follow","max-snippet":"max-snippet:-1","max-image-preview":"max-image-preview:large","max-video-preview":"max-video-preview:-1"},"canonical":"https:\/\/www.exchange-data.com\/es\/producto\/fichero-de-referencia-de-valores\/","og_locale":"es_ES","og_type":"article","og_title":"Fichero de referencia de valores","og_description":"Gestione el cumplimiento y el riesgo operativo con datos de referencia de valores de alta calidad. Acceda a informaci\u00f3n detallada y actualizada din\u00e1micamente sobre m\u00e1s de 1.300.000 valores cotizados y no cotizados, incluidos certificados, acciones, fondos cotizados (ETF), instrumentos de deuda, \u00edndices, fondos de inversi\u00f3n y warrants.","og_url":"https:\/\/www.exchange-data.com\/es\/producto\/fichero-de-referencia-de-valores\/","og_site_name":"Exchange Data International","article_modified_time":"2025-10-08T09:19:56+00:00","og_image":[{"url":"https:\/\/www.exchange-data.com\/wp-content\/uploads\/2015\/09\/EDI-Post-Featured-Image-700x400-1.png","type":"","width":"","height":""}],"twitter_card":"summary_large_image","twitter_title":"Fichero de referencia de valores","twitter_description":"Gestione el cumplimiento y el riesgo operativo con datos de referencia de valores de alta calidad. Acceda a informaci\u00f3n detallada y actualizada din\u00e1micamente sobre m\u00e1s de 1.300.000 valores cotizados y no cotizados, incluidos certificados, acciones, fondos cotizados (ETF), instrumentos de deuda, \u00edndices, fondos de inversi\u00f3n y warrants.","twitter_image":"https:\/\/www.exchange-data.com\/wp-content\/uploads\/2015\/09\/EDI-Post-Featured-Image-700x400-1.png","twitter_site":"@ExchangeData","twitter_misc":{"Tiempo de lectura":"2 minutos"},"schema":{"@context":"https:\/\/schema.org","@graph":[{"@type":"WebPage","@id":"https:\/\/www.exchange-data.com\/es\/producto\/fichero-de-referencia-de-valores\/","url":"https:\/\/www.exchange-data.com\/es\/producto\/fichero-de-referencia-de-valores\/","name":"Datos de Referencia Burs\u00e1tiles: soluci\u00f3n integral con cobertura global","isPartOf":{"@id":"https:\/\/www.exchange-data.com\/es\/#website"},"primaryImageOfPage":{"@id":"https:\/\/www.exchange-data.com\/es\/producto\/fichero-de-referencia-de-valores\/#primaryimage"},"image":{"@id":"https:\/\/www.exchange-data.com\/es\/producto\/fichero-de-referencia-de-valores\/#primaryimage"},"thumbnailUrl":"https:\/\/www.exchange-data.com\/wp-content\/uploads\/2015\/09\/EDI-Post-Featured-Image-700x400-1.png","datePublished":"2019-03-30T19:37:07+00:00","dateModified":"2025-10-08T09:19:56+00:00","description":"Optimiza tus operaciones con Datos de Referencia Burs\u00e1tiles de alta calidad. M\u00e1s de 1,3 millones de valores con identificadores, clasificaci\u00f3n sectorial y seguimiento hist\u00f3rico.","breadcrumb":{"@id":"https:\/\/www.exchange-data.com\/es\/producto\/fichero-de-referencia-de-valores\/#breadcrumb"},"inLanguage":"es","potentialAction":[{"@type":"ReadAction","target":["https:\/\/www.exchange-data.com\/es\/producto\/fichero-de-referencia-de-valores\/"]}]},{"@type":"ImageObject","inLanguage":"es","@id":"https:\/\/www.exchange-data.com\/es\/producto\/fichero-de-referencia-de-valores\/#primaryimage","url":"https:\/\/www.exchange-data.com\/wp-content\/uploads\/2015\/09\/EDI-Post-Featured-Image-700x400-1.png","contentUrl":"https:\/\/www.exchange-data.com\/wp-content\/uploads\/2015\/09\/EDI-Post-Featured-Image-700x400-1.png","width":700,"height":400,"caption":"Exchange Data International"},{"@type":"BreadcrumbList","@id":"https:\/\/www.exchange-data.com\/es\/producto\/fichero-de-referencia-de-valores\/#breadcrumb","itemListElement":[{"@type":"ListItem","position":1,"name":"Home","item":"https:\/\/www.exchange-data.com\/es\/inicio\/"},{"@type":"ListItem","position":2,"name":"Maestro de Referencia de Valores"}]},{"@type":"WebSite","@id":"https:\/\/www.exchange-data.com\/es\/#website","url":"https:\/\/www.exchange-data.com\/es\/","name":"Exchange Data International","description":"Doing data differently","publisher":{"@id":"https:\/\/www.exchange-data.com\/es\/#organization"},"potentialAction":[{"@type":"SearchAction","target":{"@type":"EntryPoint","urlTemplate":"https:\/\/www.exchange-data.com\/es\/?s={search_term_string}"},"query-input":{"@type":"PropertyValueSpecification","valueRequired":true,"valueName":"search_term_string"}}],"inLanguage":"es"},{"@type":"Organization","@id":"https:\/\/www.exchange-data.com\/es\/#organization","name":"Exchange Data International","url":"https:\/\/www.exchange-data.com\/es\/","logo":{"@type":"ImageObject","inLanguage":"es","@id":"https:\/\/www.exchange-data.com\/es\/#\/schema\/logo\/image\/","url":"https:\/\/www.exchange-data.com\/wp-content\/uploads\/2019\/03\/logo3.png","contentUrl":"https:\/\/www.exchange-data.com\/wp-content\/uploads\/2019\/03\/logo3.png","width":200,"height":80,"caption":"Exchange Data International"},"image":{"@id":"https:\/\/www.exchange-data.com\/es\/#\/schema\/logo\/image\/"},"sameAs":["https:\/\/x.com\/ExchangeData","https:\/\/www.linkedin.com\/company\/exchange-data-international\/?viewAsMember=true","https:\/\/www.youtube.com\/channel\/UC5D1OpUb22YZANRLD_Ktcgg?view_as=subscriber"]}]}},"_links":{"self":[{"href":"https:\/\/www.exchange-data.com\/es\/wp-json\/wp\/v2\/product\/36016","targetHints":{"allow":["GET"]}}],"collection":[{"href":"https:\/\/www.exchange-data.com\/es\/wp-json\/wp\/v2\/product"}],"about":[{"href":"https:\/\/www.exchange-data.com\/es\/wp-json\/wp\/v2\/types\/product"}],"wp:featuredmedia":[{"embeddable":true,"href":"https:\/\/www.exchange-data.com\/es\/wp-json\/wp\/v2\/media\/34154"}],"wp:attachment":[{"href":"https:\/\/www.exchange-data.com\/es\/wp-json\/wp\/v2\/media?parent=36016"}],"wp:term":[{"taxonomy":"country","embeddable":true,"href":"https:\/\/www.exchange-data.com\/es\/wp-json\/wp\/v2\/country?post=36016"},{"taxonomy":"product_category","embeddable":true,"href":"https:\/\/www.exchange-data.com\/es\/wp-json\/wp\/v2\/product_category?post=36016"}],"curies":[{"name":"wp","href":"https:\/\/api.w.org\/{rel}","templated":true}]}}