{"id":36017,"date":"2019-01-29T17:47:10","date_gmt":"2019-01-29T16:47:10","guid":{"rendered":"https:\/\/www.exchange-data.com\/product\/informe-de-intereses-y-volumenes-en-corto\/"},"modified":"2025-12-19T06:59:32","modified_gmt":"2025-12-19T05:59:32","slug":"informe-de-intereses-y-volumenes-en-corto","status":"publish","type":"product","link":"https:\/\/www.exchange-data.com\/es\/producto\/informe-de-intereses-y-volumenes-en-corto\/","title":{"rendered":"Informe de Inter\u00e9s Corto y Volumen"},"content":{"rendered":"<p><span style=\"font-weight: 400;\">EDI proporciona datos sobre el inter\u00e9s a corto plazo en varios mercados mundiales. El inter\u00e9s en corto es un indicador del sentimiento del mercado que indica si los inversores creen que el precio de una acci\u00f3n puede bajar. Tambi\u00e9n puede compararse a lo largo del tiempo para examinar los cambios en el sentimiento de los inversores. La regulaci\u00f3n del inter\u00e9s en corto y los requisitos de informaci\u00f3n var\u00edan seg\u00fan el pa\u00eds.   <\/span><\/p>\n<h3>Pa\u00edses con datos por titular de la posici\u00f3n:<\/h3>\n<p><em>Austria, B\u00e9lgica, Dinamarca, Finlandia, Francia, Alemania, Grecia, Hungr\u00eda, Irlanda, Italia, Pa\u00edses Bajos, Polonia, Portugal, Espa\u00f1a, Suecia y Reino Unido.<\/em><\/p>\n<p><span style=\"font-weight: 400;\">En estos mercados, los datos se reportan a los reguladores nacionales conforme a la normativa de ventas en corto de ESMA, vigente desde el 1 de noviembre de 2012. Excepciones: Espa\u00f1a: datos disponibles desde el 10 de junio de 2010, Grecia: desde el 30 de mayo de 2013. <\/span><\/p>\n<h3>Pa\u00edses con datos por volumen negociado o posici\u00f3n agregada:<br \/><\/h3>\n<p><em>Australia, Canad\u00e1, China, Chile, Hong Kong, Israel, Malasia, M\u00e9xico, Nueva Zelanda, Noruega, Per\u00fa, Singapur, Corea del Sur, Taiw\u00e1n, Tailandia, Turqu\u00eda y Estados Unidos.<\/em><\/p>\n<h3>Pa\u00edses con ventas en corto permitidas pero sin actividad registrada actualmente:<\/h3>\n<p><span style=\"font-weight: 400;\">EDI monitorea estos mercados y actualizar\u00e1 los datos en caso de que se registre actividad. <\/span><\/p>\n<p>Bulgaria, Croacia, Chipre, Rep\u00fablica Checa, Estonia, India, Letonia, Lituania, Luxemburgo, Malta, Filipinas, Ruman\u00eda, Arabia Saud\u00ed y Eslovaquia.<\/p>\n<h4>Valores Umbral<\/h4>\n<p><span style=\"font-weight: 400;\">Acceso a listados diarios de valores umbral para facilitar el cumplimiento de la normativa SHO que regula las operaciones en corto.<\/span><\/p>\n<p><span style=\"font-weight: 400;\">EDI recopila esta informaci\u00f3n de:<\/span><\/p>\n<ul>\n<li>NASDAQ Stock Market<\/li>\n<li>NYSE MKT (NYSE American)<\/li>\n<li>New York Stock Exchange<\/li>\n<li>OTC Markets<\/li>\n<li>NYSE Arca<\/li>\n<\/ul>\n<p><span style=\"font-weight: 400;\">Cada valor se identifica mediante el cruce de los listados consolidados con nuestra base de datos de valores.<\/span><\/p>\n","protected":false},"featured_media":34154,"template":"","country":[],"product_category":[3183,3178],"class_list":["post-36017","product","type-product","status-publish","has-post-thumbnail","hentry","product_category-datos-sobre-derivados-e-intereses-en-corto-productos-y-servicios","product_category-productos-y-servicios"],"acf":[],"yoast_head":"<!-- This site is optimized with the Yoast SEO Premium plugin v26.0 (Yoast SEO v26.0) - https:\/\/yoast.com\/wordpress\/plugins\/seo\/ -->\n<title>Informe de Inter\u00e9s Corto y Volumen | Informaci\u00f3n del Mercado de Renta Variable<\/title>\n<meta name=\"description\" content=\"Acceda a datos sobre posiciones cortas en mercados globales con historial, regulaci\u00f3n ESMA, listados umbral diarios y alertas de restricciones por pa\u00eds.\" \/>\n<meta name=\"robots\" content=\"index, follow, max-snippet:-1, max-image-preview:large, max-video-preview:-1\" \/>\n<link rel=\"canonical\" href=\"https:\/\/www.exchange-data.com\/es\/producto\/informe-de-intereses-y-volumenes-en-corto\/\" \/>\n<meta property=\"og:locale\" content=\"es_ES\" \/>\n<meta property=\"og:type\" content=\"article\" \/>\n<meta property=\"og:title\" content=\"Datos sobre intereses a corto plazo\" \/>\n<meta property=\"og:description\" content=\"EDI proporciona datos sobre el inter\u00e9s a corto plazo en varios mercados mundiales. El inter\u00e9s en corto es un indicador del sentimiento del mercado que indica si los inversores creen que el precio de una acci\u00f3n puede bajar. Tambi\u00e9n puede compararse a lo largo del tiempo para examinar los cambios en el sentimiento de los inversores. La regulaci\u00f3n del inter\u00e9s en corto y los requisitos de informaci\u00f3n var\u00edan seg\u00fan el pa\u00eds.\" \/>\n<meta property=\"og:url\" content=\"https:\/\/www.exchange-data.com\/es\/producto\/informe-de-intereses-y-volumenes-en-corto\/\" \/>\n<meta property=\"og:site_name\" content=\"Exchange Data International\" \/>\n<meta property=\"article:modified_time\" content=\"2025-12-19T05:59:32+00:00\" \/>\n<meta property=\"og:image\" content=\"https:\/\/www.exchange-data.com\/wp-content\/uploads\/2015\/09\/EDI-Post-Featured-Image-700x400-1.png\" \/>\n<meta name=\"twitter:card\" content=\"summary_large_image\" \/>\n<meta name=\"twitter:title\" content=\"Datos sobre intereses a corto plazo\" \/>\n<meta name=\"twitter:description\" content=\"EDI proporciona datos sobre el inter\u00e9s a corto plazo en varios mercados mundiales. El inter\u00e9s en corto es un indicador del sentimiento del mercado que indica si los inversores creen que el precio de una acci\u00f3n puede bajar. Tambi\u00e9n puede compararse a lo largo del tiempo para examinar los cambios en el sentimiento de los inversores. La regulaci\u00f3n del inter\u00e9s en corto y los requisitos de informaci\u00f3n var\u00edan seg\u00fan el pa\u00eds.\" \/>\n<meta name=\"twitter:image\" content=\"https:\/\/www.exchange-data.com\/wp-content\/uploads\/2015\/09\/EDI-Post-Featured-Image-700x400-1.png\" \/>\n<meta name=\"twitter:site\" content=\"@ExchangeData\" \/>\n<meta name=\"twitter:label1\" content=\"Tiempo de lectura\" \/>\n\t<meta name=\"twitter:data1\" content=\"2 minutos\" \/>\n<script type=\"application\/ld+json\" class=\"yoast-schema-graph\">{\"@context\":\"https:\/\/schema.org\",\"@graph\":[{\"@type\":\"WebPage\",\"@id\":\"https:\/\/www.exchange-data.com\/es\/producto\/informe-de-intereses-y-volumenes-en-corto\/\",\"url\":\"https:\/\/www.exchange-data.com\/es\/producto\/informe-de-intereses-y-volumenes-en-corto\/\",\"name\":\"Informe de Inter\u00e9s Corto y Volumen | Informaci\u00f3n del Mercado de Renta Variable\",\"isPartOf\":{\"@id\":\"https:\/\/www.exchange-data.com\/es\/#website\"},\"primaryImageOfPage\":{\"@id\":\"https:\/\/www.exchange-data.com\/es\/producto\/informe-de-intereses-y-volumenes-en-corto\/#primaryimage\"},\"image\":{\"@id\":\"https:\/\/www.exchange-data.com\/es\/producto\/informe-de-intereses-y-volumenes-en-corto\/#primaryimage\"},\"thumbnailUrl\":\"https:\/\/www.exchange-data.com\/wp-content\/uploads\/2015\/09\/EDI-Post-Featured-Image-700x400-1.png\",\"datePublished\":\"2019-01-29T16:47:10+00:00\",\"dateModified\":\"2025-12-19T05:59:32+00:00\",\"description\":\"Acceda a datos sobre posiciones cortas en mercados globales con historial, regulaci\u00f3n ESMA, listados umbral diarios y alertas de restricciones por pa\u00eds.\",\"breadcrumb\":{\"@id\":\"https:\/\/www.exchange-data.com\/es\/producto\/informe-de-intereses-y-volumenes-en-corto\/#breadcrumb\"},\"inLanguage\":\"es\",\"potentialAction\":[{\"@type\":\"ReadAction\",\"target\":[\"https:\/\/www.exchange-data.com\/es\/producto\/informe-de-intereses-y-volumenes-en-corto\/\"]}]},{\"@type\":\"ImageObject\",\"inLanguage\":\"es\",\"@id\":\"https:\/\/www.exchange-data.com\/es\/producto\/informe-de-intereses-y-volumenes-en-corto\/#primaryimage\",\"url\":\"https:\/\/www.exchange-data.com\/wp-content\/uploads\/2015\/09\/EDI-Post-Featured-Image-700x400-1.png\",\"contentUrl\":\"https:\/\/www.exchange-data.com\/wp-content\/uploads\/2015\/09\/EDI-Post-Featured-Image-700x400-1.png\",\"width\":700,\"height\":400,\"caption\":\"Exchange Data International\"},{\"@type\":\"BreadcrumbList\",\"@id\":\"https:\/\/www.exchange-data.com\/es\/producto\/informe-de-intereses-y-volumenes-en-corto\/#breadcrumb\",\"itemListElement\":[{\"@type\":\"ListItem\",\"position\":1,\"name\":\"Home\",\"item\":\"https:\/\/www.exchange-data.com\/es\/inicio\/\"},{\"@type\":\"ListItem\",\"position\":2,\"name\":\"Informe de Inter\u00e9s Corto y Volumen\"}]},{\"@type\":\"WebSite\",\"@id\":\"https:\/\/www.exchange-data.com\/es\/#website\",\"url\":\"https:\/\/www.exchange-data.com\/es\/\",\"name\":\"Exchange Data International\",\"description\":\"Doing data differently\",\"publisher\":{\"@id\":\"https:\/\/www.exchange-data.com\/es\/#organization\"},\"potentialAction\":[{\"@type\":\"SearchAction\",\"target\":{\"@type\":\"EntryPoint\",\"urlTemplate\":\"https:\/\/www.exchange-data.com\/es\/?s={search_term_string}\"},\"query-input\":{\"@type\":\"PropertyValueSpecification\",\"valueRequired\":true,\"valueName\":\"search_term_string\"}}],\"inLanguage\":\"es\"},{\"@type\":\"Organization\",\"@id\":\"https:\/\/www.exchange-data.com\/es\/#organization\",\"name\":\"Exchange Data International\",\"url\":\"https:\/\/www.exchange-data.com\/es\/\",\"logo\":{\"@type\":\"ImageObject\",\"inLanguage\":\"es\",\"@id\":\"https:\/\/www.exchange-data.com\/es\/#\/schema\/logo\/image\/\",\"url\":\"https:\/\/www.exchange-data.com\/wp-content\/uploads\/2019\/03\/logo3.png\",\"contentUrl\":\"https:\/\/www.exchange-data.com\/wp-content\/uploads\/2019\/03\/logo3.png\",\"width\":200,\"height\":80,\"caption\":\"Exchange Data International\"},\"image\":{\"@id\":\"https:\/\/www.exchange-data.com\/es\/#\/schema\/logo\/image\/\"},\"sameAs\":[\"https:\/\/x.com\/ExchangeData\",\"https:\/\/www.linkedin.com\/company\/exchange-data-international\/?viewAsMember=true\",\"https:\/\/www.youtube.com\/channel\/UC5D1OpUb22YZANRLD_Ktcgg?view_as=subscriber\"]}]}<\/script>\n<!-- \/ Yoast SEO Premium plugin. -->","yoast_head_json":{"title":"Informe de Inter\u00e9s Corto y Volumen | Informaci\u00f3n del Mercado de Renta Variable","description":"Acceda a datos sobre posiciones cortas en mercados globales con historial, regulaci\u00f3n ESMA, listados umbral diarios y alertas de restricciones por pa\u00eds.","robots":{"index":"index","follow":"follow","max-snippet":"max-snippet:-1","max-image-preview":"max-image-preview:large","max-video-preview":"max-video-preview:-1"},"canonical":"https:\/\/www.exchange-data.com\/es\/producto\/informe-de-intereses-y-volumenes-en-corto\/","og_locale":"es_ES","og_type":"article","og_title":"Datos sobre intereses a corto plazo","og_description":"EDI proporciona datos sobre el inter\u00e9s a corto plazo en varios mercados mundiales. El inter\u00e9s en corto es un indicador del sentimiento del mercado que indica si los inversores creen que el precio de una acci\u00f3n puede bajar. Tambi\u00e9n puede compararse a lo largo del tiempo para examinar los cambios en el sentimiento de los inversores. La regulaci\u00f3n del inter\u00e9s en corto y los requisitos de informaci\u00f3n var\u00edan seg\u00fan el pa\u00eds.","og_url":"https:\/\/www.exchange-data.com\/es\/producto\/informe-de-intereses-y-volumenes-en-corto\/","og_site_name":"Exchange Data International","article_modified_time":"2025-12-19T05:59:32+00:00","og_image":[{"url":"https:\/\/www.exchange-data.com\/wp-content\/uploads\/2015\/09\/EDI-Post-Featured-Image-700x400-1.png","type":"","width":"","height":""}],"twitter_card":"summary_large_image","twitter_title":"Datos sobre intereses a corto plazo","twitter_description":"EDI proporciona datos sobre el inter\u00e9s a corto plazo en varios mercados mundiales. El inter\u00e9s en corto es un indicador del sentimiento del mercado que indica si los inversores creen que el precio de una acci\u00f3n puede bajar. Tambi\u00e9n puede compararse a lo largo del tiempo para examinar los cambios en el sentimiento de los inversores. La regulaci\u00f3n del inter\u00e9s en corto y los requisitos de informaci\u00f3n var\u00edan seg\u00fan el pa\u00eds.","twitter_image":"https:\/\/www.exchange-data.com\/wp-content\/uploads\/2015\/09\/EDI-Post-Featured-Image-700x400-1.png","twitter_site":"@ExchangeData","twitter_misc":{"Tiempo de lectura":"2 minutos"},"schema":{"@context":"https:\/\/schema.org","@graph":[{"@type":"WebPage","@id":"https:\/\/www.exchange-data.com\/es\/producto\/informe-de-intereses-y-volumenes-en-corto\/","url":"https:\/\/www.exchange-data.com\/es\/producto\/informe-de-intereses-y-volumenes-en-corto\/","name":"Informe de Inter\u00e9s Corto y Volumen | Informaci\u00f3n del Mercado de Renta Variable","isPartOf":{"@id":"https:\/\/www.exchange-data.com\/es\/#website"},"primaryImageOfPage":{"@id":"https:\/\/www.exchange-data.com\/es\/producto\/informe-de-intereses-y-volumenes-en-corto\/#primaryimage"},"image":{"@id":"https:\/\/www.exchange-data.com\/es\/producto\/informe-de-intereses-y-volumenes-en-corto\/#primaryimage"},"thumbnailUrl":"https:\/\/www.exchange-data.com\/wp-content\/uploads\/2015\/09\/EDI-Post-Featured-Image-700x400-1.png","datePublished":"2019-01-29T16:47:10+00:00","dateModified":"2025-12-19T05:59:32+00:00","description":"Acceda a datos sobre posiciones cortas en mercados globales con historial, regulaci\u00f3n ESMA, listados umbral diarios y alertas de restricciones por pa\u00eds.","breadcrumb":{"@id":"https:\/\/www.exchange-data.com\/es\/producto\/informe-de-intereses-y-volumenes-en-corto\/#breadcrumb"},"inLanguage":"es","potentialAction":[{"@type":"ReadAction","target":["https:\/\/www.exchange-data.com\/es\/producto\/informe-de-intereses-y-volumenes-en-corto\/"]}]},{"@type":"ImageObject","inLanguage":"es","@id":"https:\/\/www.exchange-data.com\/es\/producto\/informe-de-intereses-y-volumenes-en-corto\/#primaryimage","url":"https:\/\/www.exchange-data.com\/wp-content\/uploads\/2015\/09\/EDI-Post-Featured-Image-700x400-1.png","contentUrl":"https:\/\/www.exchange-data.com\/wp-content\/uploads\/2015\/09\/EDI-Post-Featured-Image-700x400-1.png","width":700,"height":400,"caption":"Exchange Data International"},{"@type":"BreadcrumbList","@id":"https:\/\/www.exchange-data.com\/es\/producto\/informe-de-intereses-y-volumenes-en-corto\/#breadcrumb","itemListElement":[{"@type":"ListItem","position":1,"name":"Home","item":"https:\/\/www.exchange-data.com\/es\/inicio\/"},{"@type":"ListItem","position":2,"name":"Informe de Inter\u00e9s Corto y Volumen"}]},{"@type":"WebSite","@id":"https:\/\/www.exchange-data.com\/es\/#website","url":"https:\/\/www.exchange-data.com\/es\/","name":"Exchange Data International","description":"Doing data differently","publisher":{"@id":"https:\/\/www.exchange-data.com\/es\/#organization"},"potentialAction":[{"@type":"SearchAction","target":{"@type":"EntryPoint","urlTemplate":"https:\/\/www.exchange-data.com\/es\/?s={search_term_string}"},"query-input":{"@type":"PropertyValueSpecification","valueRequired":true,"valueName":"search_term_string"}}],"inLanguage":"es"},{"@type":"Organization","@id":"https:\/\/www.exchange-data.com\/es\/#organization","name":"Exchange Data International","url":"https:\/\/www.exchange-data.com\/es\/","logo":{"@type":"ImageObject","inLanguage":"es","@id":"https:\/\/www.exchange-data.com\/es\/#\/schema\/logo\/image\/","url":"https:\/\/www.exchange-data.com\/wp-content\/uploads\/2019\/03\/logo3.png","contentUrl":"https:\/\/www.exchange-data.com\/wp-content\/uploads\/2019\/03\/logo3.png","width":200,"height":80,"caption":"Exchange Data International"},"image":{"@id":"https:\/\/www.exchange-data.com\/es\/#\/schema\/logo\/image\/"},"sameAs":["https:\/\/x.com\/ExchangeData","https:\/\/www.linkedin.com\/company\/exchange-data-international\/?viewAsMember=true","https:\/\/www.youtube.com\/channel\/UC5D1OpUb22YZANRLD_Ktcgg?view_as=subscriber"]}]}},"_links":{"self":[{"href":"https:\/\/www.exchange-data.com\/es\/wp-json\/wp\/v2\/product\/36017","targetHints":{"allow":["GET"]}}],"collection":[{"href":"https:\/\/www.exchange-data.com\/es\/wp-json\/wp\/v2\/product"}],"about":[{"href":"https:\/\/www.exchange-data.com\/es\/wp-json\/wp\/v2\/types\/product"}],"wp:featuredmedia":[{"embeddable":true,"href":"https:\/\/www.exchange-data.com\/es\/wp-json\/wp\/v2\/media\/34154"}],"wp:attachment":[{"href":"https:\/\/www.exchange-data.com\/es\/wp-json\/wp\/v2\/media?parent=36017"}],"wp:term":[{"taxonomy":"country","embeddable":true,"href":"https:\/\/www.exchange-data.com\/es\/wp-json\/wp\/v2\/country?post=36017"},{"taxonomy":"product_category","embeddable":true,"href":"https:\/\/www.exchange-data.com\/es\/wp-json\/wp\/v2\/product_category?post=36017"}],"curies":[{"name":"wp","href":"https:\/\/api.w.org\/{rel}","templated":true}]}}