{"id":36019,"date":"2020-07-14T11:10:07","date_gmt":"2020-07-14T10:10:07","guid":{"rendered":"https:\/\/www.exchange-data.com\/product\/cotizaciones-de-agentes-de-pagares-estructurados\/"},"modified":"2025-10-08T11:51:25","modified_gmt":"2025-10-08T10:51:25","slug":"cotizaciones-de-agentes-de-pagares-estructurados","status":"publish","type":"product","link":"https:\/\/www.exchange-data.com\/es\/producto\/cotizaciones-de-agentes-de-pagares-estructurados\/","title":{"rendered":"Cotizaciones de Br\u00f3kers para Notas Estructuradas"},"content":{"rendered":"<p><span style=\"font-weight: 500;\">SQX forma parte de un grupo muy selecto de empresas especializadas en la recopilaci\u00f3n y distribuci\u00f3n de precios de cierre de notas estructuradas cotizadas por br\u00f3kers.<\/span><\/p>\n<p><b>Caracter\u00edsticas principales:<\/b><\/p>\n<p><span style=\"font-weight: 500;\">Cobertura integral: Incluye todos los emisores principales de EE. UU. y Europa.<\/span><\/p>\n<p><span style=\"font-weight: 500;\">Configurable: El formato y an\u00e1lisis de los datos se adaptan a sus necesidades espec\u00edficas.<br \/><\/span><\/p>\n<p><span style=\"font-weight: 500;\">Eficiencia en costos: Ahorre tiempo y recursos dejando el trabajo en nuestras manos.<\/span><\/p>\n<div>Entre los aspectos m\u00e1s destacados se incluyen:<\/div>\n<ul>\n<li>Actualizaciones diarias de los distribuidores<\/li>\n<li>Precios diarios para m\u00e1s de 45.000 notas estructuradas con cotizaci\u00f3n de br\u00f3kers<\/li>\n<li>Acceso a archivo completo o selecci\u00f3n personalizada por cartera<\/li>\n<li>Todos los valores incluyen identificadores est\u00e1ndar para facilitar la integraci\u00f3n<\/li>\n<li>Eliminaci\u00f3n de procesos manuales de recopilaci\u00f3n e ingreso de precios, lo que reduce el riesgo operativo y mejora la eficienci<\/li>\n<\/ul>\n<p>El servicio est\u00e1 disponible v\u00eda FIX API o mediante SFTP en tiempo casi real, y puede entregarse con el formato que usted necesite.<\/p>\n<p><span style=\"font-weight: 400;\">Descubra m\u00e1s sobre esta colaboraci\u00f3n en nuestro <a href=\"https:\/\/www.exchange-data.com\/exchange-data-international-edi-partners-with-securities-quote-xchange-sqx-to-offer-structured-note-pricing\/\">comunicado de prensa<\/a>. <\/span><\/p>\n","protected":false},"featured_media":34154,"template":"","country":[],"product_category":[3179,3178],"class_list":["post-36019","product","type-product","status-publish","has-post-thumbnail","hentry","product_category-precios","product_category-productos-y-servicios"],"acf":[],"yoast_head":"<!-- This site is optimized with the Yoast SEO Premium plugin v26.0 (Yoast SEO v26.0) - https:\/\/yoast.com\/wordpress\/plugins\/seo\/ -->\n<title>Cotizaciones de Br\u00f3kers para Notas Estructuradas | Exchange Data International<\/title>\n<meta name=\"description\" content=\"Servicio de valoraci\u00f3n de notas estructuradas con cotizaciones de br\u00f3kers l\u00edderes, cobertura diaria, personalizaci\u00f3n total y entrega eficiente v\u00eda FIX API o SFTP.\" \/>\n<meta name=\"robots\" content=\"index, follow, max-snippet:-1, max-image-preview:large, max-video-preview:-1\" \/>\n<link rel=\"canonical\" href=\"https:\/\/www.exchange-data.com\/es\/producto\/cotizaciones-de-agentes-de-pagares-estructurados\/\" \/>\n<meta property=\"og:locale\" content=\"es_ES\" \/>\n<meta property=\"og:type\" content=\"article\" \/>\n<meta property=\"og:title\" content=\"Cotizaciones de agentes de pagar\u00e9s estructurados\" \/>\n<meta property=\"og:description\" content=\"Structured Note Broker Quotes est\u00e1 asociado con Securities Quote Xchange (SQX)SQX forma parte de un peque\u00f1o grupo de empresas especializadas en la recopilaci\u00f3n y distribuci\u00f3n de precios de fin de d\u00eda de notas estructuradas cotizadas en bolsa. Entre sus caracter\u00edsticas se incluyen: Amplia cobertura de emisores de EE.UU. y Europa, Personalizable Analizada y formateada seg\u00fan sus especificaciones, Rentable Ahorro de tiempo y dinero al dejarnos hacer el trabajo.\" \/>\n<meta property=\"og:url\" content=\"https:\/\/www.exchange-data.com\/es\/producto\/cotizaciones-de-agentes-de-pagares-estructurados\/\" \/>\n<meta property=\"og:site_name\" content=\"Exchange Data International\" \/>\n<meta property=\"article:modified_time\" content=\"2025-10-08T10:51:25+00:00\" \/>\n<meta property=\"og:image\" content=\"https:\/\/www.exchange-data.com\/wp-content\/uploads\/2020\/07\/joshua-ness-9iqqFZ7OuwY-unsplash-e1613436683328.jpg\" \/>\n<meta name=\"twitter:card\" content=\"summary_large_image\" \/>\n<meta name=\"twitter:title\" content=\"Cotizaciones de agentes de pagar\u00e9s estructurados\" \/>\n<meta name=\"twitter:description\" content=\"Structured Note Broker Quotes est\u00e1 asociado con Securities Quote Xchange (SQX)SQX forma parte de un peque\u00f1o grupo de empresas especializadas en la recopilaci\u00f3n y distribuci\u00f3n de precios de fin de d\u00eda de notas estructuradas cotizadas en bolsa. Entre sus caracter\u00edsticas se incluyen: Amplia cobertura de emisores de EE.UU. y Europa, Personalizable Analizada y formateada seg\u00fan sus especificaciones, Rentable Ahorro de tiempo y dinero al dejarnos hacer el trabajo.\" \/>\n<meta name=\"twitter:image\" content=\"https:\/\/www.exchange-data.com\/wp-content\/uploads\/2020\/07\/joshua-ness-9iqqFZ7OuwY-unsplash-e1613436683328.jpg\" \/>\n<meta name=\"twitter:site\" content=\"@ExchangeData\" \/>\n<meta name=\"twitter:label1\" content=\"Tiempo de lectura\" \/>\n\t<meta name=\"twitter:data1\" content=\"1 minuto\" \/>\n<script type=\"application\/ld+json\" class=\"yoast-schema-graph\">{\"@context\":\"https:\/\/schema.org\",\"@graph\":[{\"@type\":\"WebPage\",\"@id\":\"https:\/\/www.exchange-data.com\/es\/producto\/cotizaciones-de-agentes-de-pagares-estructurados\/\",\"url\":\"https:\/\/www.exchange-data.com\/es\/producto\/cotizaciones-de-agentes-de-pagares-estructurados\/\",\"name\":\"Cotizaciones de Br\u00f3kers para Notas Estructuradas | Exchange Data International\",\"isPartOf\":{\"@id\":\"https:\/\/www.exchange-data.com\/es\/#website\"},\"primaryImageOfPage\":{\"@id\":\"https:\/\/www.exchange-data.com\/es\/producto\/cotizaciones-de-agentes-de-pagares-estructurados\/#primaryimage\"},\"image\":{\"@id\":\"https:\/\/www.exchange-data.com\/es\/producto\/cotizaciones-de-agentes-de-pagares-estructurados\/#primaryimage\"},\"thumbnailUrl\":\"https:\/\/www.exchange-data.com\/wp-content\/uploads\/2015\/09\/EDI-Post-Featured-Image-700x400-1.png\",\"datePublished\":\"2020-07-14T10:10:07+00:00\",\"dateModified\":\"2025-10-08T10:51:25+00:00\",\"description\":\"Servicio de valoraci\u00f3n de notas estructuradas con cotizaciones de br\u00f3kers l\u00edderes, cobertura diaria, personalizaci\u00f3n total y entrega eficiente v\u00eda FIX API o SFTP.\",\"breadcrumb\":{\"@id\":\"https:\/\/www.exchange-data.com\/es\/producto\/cotizaciones-de-agentes-de-pagares-estructurados\/#breadcrumb\"},\"inLanguage\":\"es\",\"potentialAction\":[{\"@type\":\"ReadAction\",\"target\":[\"https:\/\/www.exchange-data.com\/es\/producto\/cotizaciones-de-agentes-de-pagares-estructurados\/\"]}]},{\"@type\":\"ImageObject\",\"inLanguage\":\"es\",\"@id\":\"https:\/\/www.exchange-data.com\/es\/producto\/cotizaciones-de-agentes-de-pagares-estructurados\/#primaryimage\",\"url\":\"https:\/\/www.exchange-data.com\/wp-content\/uploads\/2015\/09\/EDI-Post-Featured-Image-700x400-1.png\",\"contentUrl\":\"https:\/\/www.exchange-data.com\/wp-content\/uploads\/2015\/09\/EDI-Post-Featured-Image-700x400-1.png\",\"width\":700,\"height\":400,\"caption\":\"Exchange Data International\"},{\"@type\":\"BreadcrumbList\",\"@id\":\"https:\/\/www.exchange-data.com\/es\/producto\/cotizaciones-de-agentes-de-pagares-estructurados\/#breadcrumb\",\"itemListElement\":[{\"@type\":\"ListItem\",\"position\":1,\"name\":\"Home\",\"item\":\"https:\/\/www.exchange-data.com\/es\/inicio\/\"},{\"@type\":\"ListItem\",\"position\":2,\"name\":\"Cotizaciones de Br\u00f3kers para Notas Estructuradas\"}]},{\"@type\":\"WebSite\",\"@id\":\"https:\/\/www.exchange-data.com\/es\/#website\",\"url\":\"https:\/\/www.exchange-data.com\/es\/\",\"name\":\"Exchange Data International\",\"description\":\"Doing data differently\",\"publisher\":{\"@id\":\"https:\/\/www.exchange-data.com\/es\/#organization\"},\"potentialAction\":[{\"@type\":\"SearchAction\",\"target\":{\"@type\":\"EntryPoint\",\"urlTemplate\":\"https:\/\/www.exchange-data.com\/es\/?s={search_term_string}\"},\"query-input\":{\"@type\":\"PropertyValueSpecification\",\"valueRequired\":true,\"valueName\":\"search_term_string\"}}],\"inLanguage\":\"es\"},{\"@type\":\"Organization\",\"@id\":\"https:\/\/www.exchange-data.com\/es\/#organization\",\"name\":\"Exchange Data International\",\"url\":\"https:\/\/www.exchange-data.com\/es\/\",\"logo\":{\"@type\":\"ImageObject\",\"inLanguage\":\"es\",\"@id\":\"https:\/\/www.exchange-data.com\/es\/#\/schema\/logo\/image\/\",\"url\":\"https:\/\/www.exchange-data.com\/wp-content\/uploads\/2019\/03\/logo3.png\",\"contentUrl\":\"https:\/\/www.exchange-data.com\/wp-content\/uploads\/2019\/03\/logo3.png\",\"width\":200,\"height\":80,\"caption\":\"Exchange Data International\"},\"image\":{\"@id\":\"https:\/\/www.exchange-data.com\/es\/#\/schema\/logo\/image\/\"},\"sameAs\":[\"https:\/\/x.com\/ExchangeData\",\"https:\/\/www.linkedin.com\/company\/exchange-data-international\/?viewAsMember=true\",\"https:\/\/www.youtube.com\/channel\/UC5D1OpUb22YZANRLD_Ktcgg?view_as=subscriber\"]}]}<\/script>\n<!-- \/ Yoast SEO Premium plugin. -->","yoast_head_json":{"title":"Cotizaciones de Br\u00f3kers para Notas Estructuradas | Exchange Data International","description":"Servicio de valoraci\u00f3n de notas estructuradas con cotizaciones de br\u00f3kers l\u00edderes, cobertura diaria, personalizaci\u00f3n total y entrega eficiente v\u00eda FIX API o SFTP.","robots":{"index":"index","follow":"follow","max-snippet":"max-snippet:-1","max-image-preview":"max-image-preview:large","max-video-preview":"max-video-preview:-1"},"canonical":"https:\/\/www.exchange-data.com\/es\/producto\/cotizaciones-de-agentes-de-pagares-estructurados\/","og_locale":"es_ES","og_type":"article","og_title":"Cotizaciones de agentes de pagar\u00e9s estructurados","og_description":"Structured Note Broker Quotes est\u00e1 asociado con Securities Quote Xchange (SQX)SQX forma parte de un peque\u00f1o grupo de empresas especializadas en la recopilaci\u00f3n y distribuci\u00f3n de precios de fin de d\u00eda de notas estructuradas cotizadas en bolsa. Entre sus caracter\u00edsticas se incluyen: Amplia cobertura de emisores de EE.UU. y Europa, Personalizable Analizada y formateada seg\u00fan sus especificaciones, Rentable Ahorro de tiempo y dinero al dejarnos hacer el trabajo.","og_url":"https:\/\/www.exchange-data.com\/es\/producto\/cotizaciones-de-agentes-de-pagares-estructurados\/","og_site_name":"Exchange Data International","article_modified_time":"2025-10-08T10:51:25+00:00","og_image":[{"url":"https:\/\/www.exchange-data.com\/wp-content\/uploads\/2020\/07\/joshua-ness-9iqqFZ7OuwY-unsplash-e1613436683328.jpg","type":"","width":"","height":""}],"twitter_card":"summary_large_image","twitter_title":"Cotizaciones de agentes de pagar\u00e9s estructurados","twitter_description":"Structured Note Broker Quotes est\u00e1 asociado con Securities Quote Xchange (SQX)SQX forma parte de un peque\u00f1o grupo de empresas especializadas en la recopilaci\u00f3n y distribuci\u00f3n de precios de fin de d\u00eda de notas estructuradas cotizadas en bolsa. Entre sus caracter\u00edsticas se incluyen: Amplia cobertura de emisores de EE.UU. y Europa, Personalizable Analizada y formateada seg\u00fan sus especificaciones, Rentable Ahorro de tiempo y dinero al dejarnos hacer el trabajo.","twitter_image":"https:\/\/www.exchange-data.com\/wp-content\/uploads\/2020\/07\/joshua-ness-9iqqFZ7OuwY-unsplash-e1613436683328.jpg","twitter_site":"@ExchangeData","twitter_misc":{"Tiempo de lectura":"1 minuto"},"schema":{"@context":"https:\/\/schema.org","@graph":[{"@type":"WebPage","@id":"https:\/\/www.exchange-data.com\/es\/producto\/cotizaciones-de-agentes-de-pagares-estructurados\/","url":"https:\/\/www.exchange-data.com\/es\/producto\/cotizaciones-de-agentes-de-pagares-estructurados\/","name":"Cotizaciones de Br\u00f3kers para Notas Estructuradas | Exchange Data International","isPartOf":{"@id":"https:\/\/www.exchange-data.com\/es\/#website"},"primaryImageOfPage":{"@id":"https:\/\/www.exchange-data.com\/es\/producto\/cotizaciones-de-agentes-de-pagares-estructurados\/#primaryimage"},"image":{"@id":"https:\/\/www.exchange-data.com\/es\/producto\/cotizaciones-de-agentes-de-pagares-estructurados\/#primaryimage"},"thumbnailUrl":"https:\/\/www.exchange-data.com\/wp-content\/uploads\/2015\/09\/EDI-Post-Featured-Image-700x400-1.png","datePublished":"2020-07-14T10:10:07+00:00","dateModified":"2025-10-08T10:51:25+00:00","description":"Servicio de valoraci\u00f3n de notas estructuradas con cotizaciones de br\u00f3kers l\u00edderes, cobertura diaria, personalizaci\u00f3n total y entrega eficiente v\u00eda FIX API o SFTP.","breadcrumb":{"@id":"https:\/\/www.exchange-data.com\/es\/producto\/cotizaciones-de-agentes-de-pagares-estructurados\/#breadcrumb"},"inLanguage":"es","potentialAction":[{"@type":"ReadAction","target":["https:\/\/www.exchange-data.com\/es\/producto\/cotizaciones-de-agentes-de-pagares-estructurados\/"]}]},{"@type":"ImageObject","inLanguage":"es","@id":"https:\/\/www.exchange-data.com\/es\/producto\/cotizaciones-de-agentes-de-pagares-estructurados\/#primaryimage","url":"https:\/\/www.exchange-data.com\/wp-content\/uploads\/2015\/09\/EDI-Post-Featured-Image-700x400-1.png","contentUrl":"https:\/\/www.exchange-data.com\/wp-content\/uploads\/2015\/09\/EDI-Post-Featured-Image-700x400-1.png","width":700,"height":400,"caption":"Exchange Data International"},{"@type":"BreadcrumbList","@id":"https:\/\/www.exchange-data.com\/es\/producto\/cotizaciones-de-agentes-de-pagares-estructurados\/#breadcrumb","itemListElement":[{"@type":"ListItem","position":1,"name":"Home","item":"https:\/\/www.exchange-data.com\/es\/inicio\/"},{"@type":"ListItem","position":2,"name":"Cotizaciones de Br\u00f3kers para Notas Estructuradas"}]},{"@type":"WebSite","@id":"https:\/\/www.exchange-data.com\/es\/#website","url":"https:\/\/www.exchange-data.com\/es\/","name":"Exchange Data International","description":"Doing data differently","publisher":{"@id":"https:\/\/www.exchange-data.com\/es\/#organization"},"potentialAction":[{"@type":"SearchAction","target":{"@type":"EntryPoint","urlTemplate":"https:\/\/www.exchange-data.com\/es\/?s={search_term_string}"},"query-input":{"@type":"PropertyValueSpecification","valueRequired":true,"valueName":"search_term_string"}}],"inLanguage":"es"},{"@type":"Organization","@id":"https:\/\/www.exchange-data.com\/es\/#organization","name":"Exchange Data International","url":"https:\/\/www.exchange-data.com\/es\/","logo":{"@type":"ImageObject","inLanguage":"es","@id":"https:\/\/www.exchange-data.com\/es\/#\/schema\/logo\/image\/","url":"https:\/\/www.exchange-data.com\/wp-content\/uploads\/2019\/03\/logo3.png","contentUrl":"https:\/\/www.exchange-data.com\/wp-content\/uploads\/2019\/03\/logo3.png","width":200,"height":80,"caption":"Exchange Data International"},"image":{"@id":"https:\/\/www.exchange-data.com\/es\/#\/schema\/logo\/image\/"},"sameAs":["https:\/\/x.com\/ExchangeData","https:\/\/www.linkedin.com\/company\/exchange-data-international\/?viewAsMember=true","https:\/\/www.youtube.com\/channel\/UC5D1OpUb22YZANRLD_Ktcgg?view_as=subscriber"]}]}},"_links":{"self":[{"href":"https:\/\/www.exchange-data.com\/es\/wp-json\/wp\/v2\/product\/36019","targetHints":{"allow":["GET"]}}],"collection":[{"href":"https:\/\/www.exchange-data.com\/es\/wp-json\/wp\/v2\/product"}],"about":[{"href":"https:\/\/www.exchange-data.com\/es\/wp-json\/wp\/v2\/types\/product"}],"wp:featuredmedia":[{"embeddable":true,"href":"https:\/\/www.exchange-data.com\/es\/wp-json\/wp\/v2\/media\/34154"}],"wp:attachment":[{"href":"https:\/\/www.exchange-data.com\/es\/wp-json\/wp\/v2\/media?parent=36019"}],"wp:term":[{"taxonomy":"country","embeddable":true,"href":"https:\/\/www.exchange-data.com\/es\/wp-json\/wp\/v2\/country?post=36019"},{"taxonomy":"product_category","embeddable":true,"href":"https:\/\/www.exchange-data.com\/es\/wp-json\/wp\/v2\/product_category?post=36019"}],"curies":[{"name":"wp","href":"https:\/\/api.w.org\/{rel}","templated":true}]}}