{"id":36020,"date":"2019-03-28T16:40:42","date_gmt":"2019-03-28T15:40:42","guid":{"rendered":"https:\/\/www.exchange-data.com\/product\/valores-umbral\/"},"modified":"2025-10-10T12:12:08","modified_gmt":"2025-10-10T11:12:08","slug":"valores-umbral","status":"publish","type":"product","link":"https:\/\/www.exchange-data.com\/es\/producto\/valores-umbral\/","title":{"rendered":"Valores Umbral"},"content":{"rendered":"<p><span style=\"font-weight: 400;\">Cumpla con los requisitos de la normativa SHO sobre ventas en corto mediante la suscripci\u00f3n a nuestras listas diarias de Valores Umbral.<\/span><\/p>\n<p><span style=\"font-weight: 400;\">Este servicio est\u00e1 dise\u00f1ado para facilitar el cumplimiento normativo en funciones de supervisi\u00f3n, auditor\u00eda y control de riesgo.<\/span><\/p>\n<p>Acceda directamente a datos consolidados de Valores Umbral, agregados a partir de las siguientes fuentes:<\/p>\n<ul class=\"Evnt2\">\n<li>NASDAQ Stock Market<\/li>\n<li>New York Stock Exchange<\/li>\n<li>NYSE Arca<\/li>\n<li>NYSE MKT<\/li>\n<li>OTC Markets<\/li>\n<\/ul>\n<p>Cada valor listado se identifica claramente gracias a los campos adicionales incluidos en nuestro archivo de datos de referencia:<\/p>\n<ul class=\"Evnt2\">\n<li>Nombre del emisor<\/li>\n<li>ISIN<\/li>\n<li>C\u00f3digo US<\/li>\n<li>Mercado<\/li>\n<li>Descripci\u00f3n del valor<\/li>\n<\/ul>\n","protected":false},"featured_media":34154,"template":"","country":[],"product_category":[3183,3178],"class_list":["post-36020","product","type-product","status-publish","has-post-thumbnail","hentry","product_category-datos-sobre-derivados-e-intereses-en-corto-productos-y-servicios","product_category-productos-y-servicios"],"acf":[],"yoast_head":"<!-- This site is optimized with the Yoast SEO Premium plugin v26.0 (Yoast SEO v26.0) - https:\/\/yoast.com\/wordpress\/plugins\/seo\/ -->\n<title>Stay Compliant with SHO Using Daily Valores Umbral Listings<\/title>\n<meta name=\"description\" content=\"Access daily Valores Umbral data from major US exchanges and identify listed securities with detailed reference fields for SHO compliance.\" \/>\n<meta name=\"robots\" content=\"index, follow, max-snippet:-1, max-image-preview:large, max-video-preview:-1\" \/>\n<link rel=\"canonical\" href=\"https:\/\/www.exchange-data.com\/es\/producto\/valores-umbral\/\" \/>\n<meta property=\"og:locale\" content=\"es_ES\" \/>\n<meta property=\"og:type\" content=\"article\" \/>\n<meta property=\"og:title\" content=\"Valores umbral\" \/>\n<meta property=\"og:description\" content=\"Cumpla f\u00e1cilmente la normativa SHO que regula las actividades de venta en corto. Si su funci\u00f3n le exige cumplir la normativa SHO que regula las actividades de venta en corto, suscr\u00edbase a nuestros listados diarios de Threshold Securities. Obtenga acceso directo a los datos de Threshold agregados de: NASDAQ Stock Market, New York Stock Exchange, NYSE Arca, NYSE MKT OTC Markets.\" \/>\n<meta property=\"og:url\" content=\"https:\/\/www.exchange-data.com\/es\/producto\/valores-umbral\/\" \/>\n<meta property=\"og:site_name\" content=\"Exchange Data International\" \/>\n<meta property=\"article:modified_time\" content=\"2025-10-10T11:12:08+00:00\" \/>\n<meta property=\"og:image\" content=\"https:\/\/www.exchange-data.com\/wp-content\/uploads\/2015\/09\/EDI-Post-Featured-Image-700x400-1.png\" \/>\n<meta name=\"twitter:card\" content=\"summary_large_image\" \/>\n<meta name=\"twitter:title\" content=\"Valores umbral\" \/>\n<meta name=\"twitter:description\" content=\"Cumpla f\u00e1cilmente la normativa SHO que regula las actividades de venta en corto. Si su funci\u00f3n le exige cumplir la normativa SHO que regula las actividades de venta en corto, suscr\u00edbase a nuestros listados diarios de Threshold Securities. Obtenga acceso directo a los datos de Threshold agregados de: NASDAQ Stock Market, New York Stock Exchange, NYSE Arca, NYSE MKT OTC Markets.\" \/>\n<meta name=\"twitter:image\" content=\"https:\/\/www.exchange-data.com\/wp-content\/uploads\/2015\/09\/EDI-Post-Featured-Image-700x400-1.png\" \/>\n<meta name=\"twitter:site\" content=\"@ExchangeData\" \/>\n<meta name=\"twitter:label1\" content=\"Tiempo de lectura\" \/>\n\t<meta name=\"twitter:data1\" content=\"1 minuto\" \/>\n<script type=\"application\/ld+json\" class=\"yoast-schema-graph\">{\"@context\":\"https:\/\/schema.org\",\"@graph\":[{\"@type\":\"WebPage\",\"@id\":\"https:\/\/www.exchange-data.com\/es\/producto\/valores-umbral\/\",\"url\":\"https:\/\/www.exchange-data.com\/es\/producto\/valores-umbral\/\",\"name\":\"Stay Compliant with SHO Using Daily Valores Umbral Listings\",\"isPartOf\":{\"@id\":\"https:\/\/www.exchange-data.com\/es\/#website\"},\"primaryImageOfPage\":{\"@id\":\"https:\/\/www.exchange-data.com\/es\/producto\/valores-umbral\/#primaryimage\"},\"image\":{\"@id\":\"https:\/\/www.exchange-data.com\/es\/producto\/valores-umbral\/#primaryimage\"},\"thumbnailUrl\":\"https:\/\/www.exchange-data.com\/wp-content\/uploads\/2015\/09\/EDI-Post-Featured-Image-700x400-1.png\",\"datePublished\":\"2019-03-28T15:40:42+00:00\",\"dateModified\":\"2025-10-10T11:12:08+00:00\",\"description\":\"Access daily Valores Umbral data from major US exchanges and identify listed securities with detailed reference fields for SHO compliance.\",\"breadcrumb\":{\"@id\":\"https:\/\/www.exchange-data.com\/es\/producto\/valores-umbral\/#breadcrumb\"},\"inLanguage\":\"es\",\"potentialAction\":[{\"@type\":\"ReadAction\",\"target\":[\"https:\/\/www.exchange-data.com\/es\/producto\/valores-umbral\/\"]}]},{\"@type\":\"ImageObject\",\"inLanguage\":\"es\",\"@id\":\"https:\/\/www.exchange-data.com\/es\/producto\/valores-umbral\/#primaryimage\",\"url\":\"https:\/\/www.exchange-data.com\/wp-content\/uploads\/2015\/09\/EDI-Post-Featured-Image-700x400-1.png\",\"contentUrl\":\"https:\/\/www.exchange-data.com\/wp-content\/uploads\/2015\/09\/EDI-Post-Featured-Image-700x400-1.png\",\"width\":700,\"height\":400,\"caption\":\"Exchange Data International\"},{\"@type\":\"BreadcrumbList\",\"@id\":\"https:\/\/www.exchange-data.com\/es\/producto\/valores-umbral\/#breadcrumb\",\"itemListElement\":[{\"@type\":\"ListItem\",\"position\":1,\"name\":\"Home\",\"item\":\"https:\/\/www.exchange-data.com\/es\/inicio\/\"},{\"@type\":\"ListItem\",\"position\":2,\"name\":\"Valores Umbral\"}]},{\"@type\":\"WebSite\",\"@id\":\"https:\/\/www.exchange-data.com\/es\/#website\",\"url\":\"https:\/\/www.exchange-data.com\/es\/\",\"name\":\"Exchange Data International\",\"description\":\"Doing data differently\",\"publisher\":{\"@id\":\"https:\/\/www.exchange-data.com\/es\/#organization\"},\"potentialAction\":[{\"@type\":\"SearchAction\",\"target\":{\"@type\":\"EntryPoint\",\"urlTemplate\":\"https:\/\/www.exchange-data.com\/es\/?s={search_term_string}\"},\"query-input\":{\"@type\":\"PropertyValueSpecification\",\"valueRequired\":true,\"valueName\":\"search_term_string\"}}],\"inLanguage\":\"es\"},{\"@type\":\"Organization\",\"@id\":\"https:\/\/www.exchange-data.com\/es\/#organization\",\"name\":\"Exchange Data International\",\"url\":\"https:\/\/www.exchange-data.com\/es\/\",\"logo\":{\"@type\":\"ImageObject\",\"inLanguage\":\"es\",\"@id\":\"https:\/\/www.exchange-data.com\/es\/#\/schema\/logo\/image\/\",\"url\":\"https:\/\/www.exchange-data.com\/wp-content\/uploads\/2019\/03\/logo3.png\",\"contentUrl\":\"https:\/\/www.exchange-data.com\/wp-content\/uploads\/2019\/03\/logo3.png\",\"width\":200,\"height\":80,\"caption\":\"Exchange Data International\"},\"image\":{\"@id\":\"https:\/\/www.exchange-data.com\/es\/#\/schema\/logo\/image\/\"},\"sameAs\":[\"https:\/\/x.com\/ExchangeData\",\"https:\/\/www.linkedin.com\/company\/exchange-data-international\/?viewAsMember=true\",\"https:\/\/www.youtube.com\/channel\/UC5D1OpUb22YZANRLD_Ktcgg?view_as=subscriber\"]}]}<\/script>\n<!-- \/ Yoast SEO Premium plugin. -->","yoast_head_json":{"title":"Stay Compliant with SHO Using Daily Valores Umbral Listings","description":"Access daily Valores Umbral data from major US exchanges and identify listed securities with detailed reference fields for SHO compliance.","robots":{"index":"index","follow":"follow","max-snippet":"max-snippet:-1","max-image-preview":"max-image-preview:large","max-video-preview":"max-video-preview:-1"},"canonical":"https:\/\/www.exchange-data.com\/es\/producto\/valores-umbral\/","og_locale":"es_ES","og_type":"article","og_title":"Valores umbral","og_description":"Cumpla f\u00e1cilmente la normativa SHO que regula las actividades de venta en corto. Si su funci\u00f3n le exige cumplir la normativa SHO que regula las actividades de venta en corto, suscr\u00edbase a nuestros listados diarios de Threshold Securities. Obtenga acceso directo a los datos de Threshold agregados de: NASDAQ Stock Market, New York Stock Exchange, NYSE Arca, NYSE MKT OTC Markets.","og_url":"https:\/\/www.exchange-data.com\/es\/producto\/valores-umbral\/","og_site_name":"Exchange Data International","article_modified_time":"2025-10-10T11:12:08+00:00","og_image":[{"url":"https:\/\/www.exchange-data.com\/wp-content\/uploads\/2015\/09\/EDI-Post-Featured-Image-700x400-1.png","type":"","width":"","height":""}],"twitter_card":"summary_large_image","twitter_title":"Valores umbral","twitter_description":"Cumpla f\u00e1cilmente la normativa SHO que regula las actividades de venta en corto. Si su funci\u00f3n le exige cumplir la normativa SHO que regula las actividades de venta en corto, suscr\u00edbase a nuestros listados diarios de Threshold Securities. Obtenga acceso directo a los datos de Threshold agregados de: NASDAQ Stock Market, New York Stock Exchange, NYSE Arca, NYSE MKT OTC Markets.","twitter_image":"https:\/\/www.exchange-data.com\/wp-content\/uploads\/2015\/09\/EDI-Post-Featured-Image-700x400-1.png","twitter_site":"@ExchangeData","twitter_misc":{"Tiempo de lectura":"1 minuto"},"schema":{"@context":"https:\/\/schema.org","@graph":[{"@type":"WebPage","@id":"https:\/\/www.exchange-data.com\/es\/producto\/valores-umbral\/","url":"https:\/\/www.exchange-data.com\/es\/producto\/valores-umbral\/","name":"Stay Compliant with SHO Using Daily Valores Umbral Listings","isPartOf":{"@id":"https:\/\/www.exchange-data.com\/es\/#website"},"primaryImageOfPage":{"@id":"https:\/\/www.exchange-data.com\/es\/producto\/valores-umbral\/#primaryimage"},"image":{"@id":"https:\/\/www.exchange-data.com\/es\/producto\/valores-umbral\/#primaryimage"},"thumbnailUrl":"https:\/\/www.exchange-data.com\/wp-content\/uploads\/2015\/09\/EDI-Post-Featured-Image-700x400-1.png","datePublished":"2019-03-28T15:40:42+00:00","dateModified":"2025-10-10T11:12:08+00:00","description":"Access daily Valores Umbral data from major US exchanges and identify listed securities with detailed reference fields for SHO compliance.","breadcrumb":{"@id":"https:\/\/www.exchange-data.com\/es\/producto\/valores-umbral\/#breadcrumb"},"inLanguage":"es","potentialAction":[{"@type":"ReadAction","target":["https:\/\/www.exchange-data.com\/es\/producto\/valores-umbral\/"]}]},{"@type":"ImageObject","inLanguage":"es","@id":"https:\/\/www.exchange-data.com\/es\/producto\/valores-umbral\/#primaryimage","url":"https:\/\/www.exchange-data.com\/wp-content\/uploads\/2015\/09\/EDI-Post-Featured-Image-700x400-1.png","contentUrl":"https:\/\/www.exchange-data.com\/wp-content\/uploads\/2015\/09\/EDI-Post-Featured-Image-700x400-1.png","width":700,"height":400,"caption":"Exchange Data International"},{"@type":"BreadcrumbList","@id":"https:\/\/www.exchange-data.com\/es\/producto\/valores-umbral\/#breadcrumb","itemListElement":[{"@type":"ListItem","position":1,"name":"Home","item":"https:\/\/www.exchange-data.com\/es\/inicio\/"},{"@type":"ListItem","position":2,"name":"Valores Umbral"}]},{"@type":"WebSite","@id":"https:\/\/www.exchange-data.com\/es\/#website","url":"https:\/\/www.exchange-data.com\/es\/","name":"Exchange Data International","description":"Doing data differently","publisher":{"@id":"https:\/\/www.exchange-data.com\/es\/#organization"},"potentialAction":[{"@type":"SearchAction","target":{"@type":"EntryPoint","urlTemplate":"https:\/\/www.exchange-data.com\/es\/?s={search_term_string}"},"query-input":{"@type":"PropertyValueSpecification","valueRequired":true,"valueName":"search_term_string"}}],"inLanguage":"es"},{"@type":"Organization","@id":"https:\/\/www.exchange-data.com\/es\/#organization","name":"Exchange Data International","url":"https:\/\/www.exchange-data.com\/es\/","logo":{"@type":"ImageObject","inLanguage":"es","@id":"https:\/\/www.exchange-data.com\/es\/#\/schema\/logo\/image\/","url":"https:\/\/www.exchange-data.com\/wp-content\/uploads\/2019\/03\/logo3.png","contentUrl":"https:\/\/www.exchange-data.com\/wp-content\/uploads\/2019\/03\/logo3.png","width":200,"height":80,"caption":"Exchange Data International"},"image":{"@id":"https:\/\/www.exchange-data.com\/es\/#\/schema\/logo\/image\/"},"sameAs":["https:\/\/x.com\/ExchangeData","https:\/\/www.linkedin.com\/company\/exchange-data-international\/?viewAsMember=true","https:\/\/www.youtube.com\/channel\/UC5D1OpUb22YZANRLD_Ktcgg?view_as=subscriber"]}]}},"_links":{"self":[{"href":"https:\/\/www.exchange-data.com\/es\/wp-json\/wp\/v2\/product\/36020","targetHints":{"allow":["GET"]}}],"collection":[{"href":"https:\/\/www.exchange-data.com\/es\/wp-json\/wp\/v2\/product"}],"about":[{"href":"https:\/\/www.exchange-data.com\/es\/wp-json\/wp\/v2\/types\/product"}],"wp:featuredmedia":[{"embeddable":true,"href":"https:\/\/www.exchange-data.com\/es\/wp-json\/wp\/v2\/media\/34154"}],"wp:attachment":[{"href":"https:\/\/www.exchange-data.com\/es\/wp-json\/wp\/v2\/media?parent=36020"}],"wp:term":[{"taxonomy":"country","embeddable":true,"href":"https:\/\/www.exchange-data.com\/es\/wp-json\/wp\/v2\/country?post=36020"},{"taxonomy":"product_category","embeddable":true,"href":"https:\/\/www.exchange-data.com\/es\/wp-json\/wp\/v2\/product_category?post=36020"}],"curies":[{"name":"wp","href":"https:\/\/api.w.org\/{rel}","templated":true}]}}