{"id":36021,"date":"2019-03-28T17:38:01","date_gmt":"2019-03-28T16:38:01","guid":{"rendered":"https:\/\/www.exchange-data.com\/product\/datos-sobre-operaciones-de-sociedades-en-el-reino-unido\/"},"modified":"2025-10-10T06:19:54","modified_gmt":"2025-10-10T05:19:54","slug":"datos-sobre-operaciones-de-sociedades-en-el-reino-unido","status":"publish","type":"product","link":"https:\/\/www.exchange-data.com\/es\/producto\/datos-sobre-operaciones-de-sociedades-en-el-reino-unido\/","title":{"rendered":"Datos de Operaciones Corporativas del Reino Unido<br>"},"content":{"rendered":"<h4 class=\"contH2\">Acceda directamente a datos clave sobre operaciones corporativas en el Reino Unido, esenciales para una gesti\u00f3n eficaz y decisiones de inversi\u00f3n bien fundamentadas<\/h4>\n<p><a href=\"https:\/\/stg-exchangedata-stg.kinsta.cloud\/corporate-actions-guide-everything-you-need-to-know\/?utm_source=EDI&amp;utm_medium=Product_Corporate_Actions\"><img decoding=\"async\" style=\"margin: 20px 20px 20px 20px;\" src=\"https:\/\/stg-exchangedata-stg.kinsta.cloud\/wp-content\/uploads\/2019\/03\/ProductPage_CAGuide_V2.png\" align=\"right\"><\/a><\/p>\n<p><span style=\"font-weight: 400;\">Con nuestro servicio de datos de operaciones corporativas del Reino Unido, recibir\u00e1:<\/span><\/p>\n<ul>\n<li><span style=\"font-weight: 400;\">Informaci\u00f3n detallada sobre condiciones del evento, calendario de liquidaci\u00f3n y datos clave<\/span><\/li>\n<li><span style=\"font-weight: 400;\">Datos recopilados de fuentes regulatorias oficiales: circulares para accionistas, registros p\u00fablicos y secretar\u00edas corporativas<\/span><\/li>\n<li><span style=\"font-weight: 400;\">Informaci\u00f3n adicional proporcionada por asesores legales de las compa\u00f1\u00edas<\/span><\/li>\n<\/ul>\n<h4>Busque y recupere f\u00e1cilmente datos de operaciones corporativas del Reino Unido<\/h4>\n<p align=\"justify\"><span style=\"font-weight: 400;\">Supervise los eventos a medida que se desarrollan, desde el anuncio de condiciones, pasando por el calendario de liquidaci\u00f3n, hasta la fecha de ejecuci\u00f3n.<\/span><\/p>\n<p align=\"justify\"><span style=\"font-weight: 400;\">Utilice la funcionalidad de b\u00fasqueda intuitiva para consultar r\u00e1pidamente un valor concreto o realizar b\u00fasquedas en toda la base de datos mediante criterios como tipo de evento, tipo de valor o rango de fechas.<\/span><\/p>\n<p align=\"justify\"><span style=\"font-weight: 400;\">Consulte fechas futuras ex-dividendo, de registro y de pago Acceda al calendario de dividendos para planificar con antelaci\u00f3n.<\/span><\/p>\n<h4>Obtenga circulares para accionistas<\/h4>\n<p align=\"justify\"><span style=\"font-weight: 400;\">Acceda a informaci\u00f3n detallada sobre datos cr\u00edticos como f\u00f3rmulas de conversi\u00f3n y amortizaci\u00f3n, pol\u00edtica de dividendos para nominados y restricciones internacionales, tan pronto est\u00e9n disponibles.<\/span><\/p>\n<p align=\"justify\"><span style=\"font-weight: 400;\">Las circulares relevantes est\u00e1n accesibles directamente desde la p\u00e1gina de anuncios.<\/span><\/p>\n<h4>Obtenga informaci\u00f3n del registrador<\/h4>\n<p align=\"justify\"><span style=\"font-weight: 400;\">Consulte r\u00e1pidamente los datos de contacto del registrador para cualquier valor cotizado en la Bolsa de Londres, la Bolsa de Irlanda o en OFEX.<\/span><\/p>\n<h4>Suscr\u00edbase a las alertas diarias por correo electr\u00f3nico de DRIPS<\/h4>\n<p><span style=\"font-weight: 400;\">Benef\u00edciese de dos env\u00edos diarios con:<\/span><\/p>\n<ul>\n<li><span style=\"font-weight: 400;\">Todos los nuevos anuncios de DRIPS<\/span><\/li>\n<li><span style=\"font-weight: 400;\">Actualizaciones de precios de reinversi\u00f3n<\/span><\/li>\n<\/ul>\n<h4>Reciba f\u00e1cilmente informaci\u00f3n precisa sobre operaciones corporativas del Reino Unido<\/h4>\n<p><span style=\"font-weight: 400;\">Elija entre:<\/span><\/p>\n<ul>\n<li><span style=\"font-weight: 400;\">Aplicaci\u00f3n web (Wincab)<\/span><\/li>\n<li><span style=\"font-weight: 400;\">Feed de datos 4 veces al d\u00eda o al cierre v\u00eda FTP<\/span>\n<ul>\n<li><span style=\"font-weight: 400;\">Formato propietario<\/span><\/li>\n<li><span style=\"font-weight: 400;\">Est\u00e1ndar ISO 15022 con anuncios MT564 y MT568<\/span><\/li>\n<\/ul>\n<\/li>\n<\/ul>\n","protected":false},"featured_media":34154,"template":"","country":[],"product_category":[3182,3178],"class_list":["post-36021","product","type-product","status-publish","has-post-thumbnail","hentry","product_category-acciones-corporativas","product_category-productos-y-servicios"],"acf":[],"yoast_head":"<!-- This site is optimized with the Yoast SEO Premium plugin v26.0 (Yoast SEO v26.0) - https:\/\/yoast.com\/wordpress\/plugins\/seo\/ -->\n<title>Datos de Operaciones Corporativas del Reino Unido | Exchange Data International<\/title>\n<meta name=\"description\" content=\"Access detailed UK Informaci\u00f3n de Hechos de Importancia from all regulatory sources. Track events, retrieve shareholder circulars, and receive accurate data feeds.\" \/>\n<meta name=\"robots\" content=\"index, follow, max-snippet:-1, max-image-preview:large, max-video-preview:-1\" \/>\n<link rel=\"canonical\" href=\"https:\/\/www.exchange-data.com\/es\/producto\/datos-sobre-operaciones-de-sociedades-en-el-reino-unido\/\" \/>\n<meta property=\"og:locale\" content=\"es_ES\" \/>\n<meta property=\"og:type\" content=\"article\" \/>\n<meta property=\"og:title\" content=\"Datos sobre operaciones de sociedades en el Reino Unido\" \/>\n<meta property=\"og:description\" content=\"Obtenga acceso directo a los datos cruciales de las acciones corporativas del Reino Unido para el procesamiento eficaz de las decisiones de inversi\u00f3n. Solicite ahora su prueba gratuita.\" \/>\n<meta property=\"og:url\" content=\"https:\/\/www.exchange-data.com\/es\/producto\/datos-sobre-operaciones-de-sociedades-en-el-reino-unido\/\" \/>\n<meta property=\"og:site_name\" content=\"Exchange Data International\" \/>\n<meta property=\"article:modified_time\" content=\"2025-10-10T05:19:54+00:00\" \/>\n<meta property=\"og:image\" content=\"https:\/\/www.exchange-data.com\/wp-content\/uploads\/2015\/09\/EDI-Post-Featured-Image-700x400-1.png\" \/>\n<meta name=\"twitter:card\" content=\"summary_large_image\" \/>\n<meta name=\"twitter:title\" content=\"Datos sobre operaciones de sociedades en el Reino Unido\" \/>\n<meta name=\"twitter:description\" content=\"Obtenga acceso directo a los datos cruciales de las acciones corporativas del Reino Unido para el procesamiento eficaz de las decisiones de inversi\u00f3n. Solicite ahora su prueba gratuita.\" \/>\n<meta name=\"twitter:image\" content=\"https:\/\/www.exchange-data.com\/wp-content\/uploads\/2015\/09\/EDI-Post-Featured-Image-700x400-1.png\" \/>\n<meta name=\"twitter:site\" content=\"@ExchangeData\" \/>\n<meta name=\"twitter:label1\" content=\"Tiempo de lectura\" \/>\n\t<meta name=\"twitter:data1\" content=\"2 minutos\" \/>\n<script type=\"application\/ld+json\" class=\"yoast-schema-graph\">{\"@context\":\"https:\/\/schema.org\",\"@graph\":[{\"@type\":\"WebPage\",\"@id\":\"https:\/\/www.exchange-data.com\/es\/producto\/datos-sobre-operaciones-de-sociedades-en-el-reino-unido\/\",\"url\":\"https:\/\/www.exchange-data.com\/es\/producto\/datos-sobre-operaciones-de-sociedades-en-el-reino-unido\/\",\"name\":\"Datos de Operaciones Corporativas del Reino Unido | Exchange Data International\",\"isPartOf\":{\"@id\":\"https:\/\/www.exchange-data.com\/es\/#website\"},\"primaryImageOfPage\":{\"@id\":\"https:\/\/www.exchange-data.com\/es\/producto\/datos-sobre-operaciones-de-sociedades-en-el-reino-unido\/#primaryimage\"},\"image\":{\"@id\":\"https:\/\/www.exchange-data.com\/es\/producto\/datos-sobre-operaciones-de-sociedades-en-el-reino-unido\/#primaryimage\"},\"thumbnailUrl\":\"https:\/\/www.exchange-data.com\/wp-content\/uploads\/2015\/09\/EDI-Post-Featured-Image-700x400-1.png\",\"datePublished\":\"2019-03-28T16:38:01+00:00\",\"dateModified\":\"2025-10-10T05:19:54+00:00\",\"description\":\"Access detailed UK Informaci\u00f3n de Hechos de Importancia from all regulatory sources. Track events, retrieve shareholder circulars, and receive accurate data feeds.\",\"breadcrumb\":{\"@id\":\"https:\/\/www.exchange-data.com\/es\/producto\/datos-sobre-operaciones-de-sociedades-en-el-reino-unido\/#breadcrumb\"},\"inLanguage\":\"es\",\"potentialAction\":[{\"@type\":\"ReadAction\",\"target\":[\"https:\/\/www.exchange-data.com\/es\/producto\/datos-sobre-operaciones-de-sociedades-en-el-reino-unido\/\"]}]},{\"@type\":\"ImageObject\",\"inLanguage\":\"es\",\"@id\":\"https:\/\/www.exchange-data.com\/es\/producto\/datos-sobre-operaciones-de-sociedades-en-el-reino-unido\/#primaryimage\",\"url\":\"https:\/\/www.exchange-data.com\/wp-content\/uploads\/2015\/09\/EDI-Post-Featured-Image-700x400-1.png\",\"contentUrl\":\"https:\/\/www.exchange-data.com\/wp-content\/uploads\/2015\/09\/EDI-Post-Featured-Image-700x400-1.png\",\"width\":700,\"height\":400,\"caption\":\"Exchange Data International\"},{\"@type\":\"BreadcrumbList\",\"@id\":\"https:\/\/www.exchange-data.com\/es\/producto\/datos-sobre-operaciones-de-sociedades-en-el-reino-unido\/#breadcrumb\",\"itemListElement\":[{\"@type\":\"ListItem\",\"position\":1,\"name\":\"Home\",\"item\":\"https:\/\/www.exchange-data.com\/es\/inicio\/\"},{\"@type\":\"ListItem\",\"position\":2,\"name\":\"Datos de Operaciones Corporativas del Reino Unido\"}]},{\"@type\":\"WebSite\",\"@id\":\"https:\/\/www.exchange-data.com\/es\/#website\",\"url\":\"https:\/\/www.exchange-data.com\/es\/\",\"name\":\"Exchange Data International\",\"description\":\"Doing data differently\",\"publisher\":{\"@id\":\"https:\/\/www.exchange-data.com\/es\/#organization\"},\"potentialAction\":[{\"@type\":\"SearchAction\",\"target\":{\"@type\":\"EntryPoint\",\"urlTemplate\":\"https:\/\/www.exchange-data.com\/es\/?s={search_term_string}\"},\"query-input\":{\"@type\":\"PropertyValueSpecification\",\"valueRequired\":true,\"valueName\":\"search_term_string\"}}],\"inLanguage\":\"es\"},{\"@type\":\"Organization\",\"@id\":\"https:\/\/www.exchange-data.com\/es\/#organization\",\"name\":\"Exchange Data International\",\"url\":\"https:\/\/www.exchange-data.com\/es\/\",\"logo\":{\"@type\":\"ImageObject\",\"inLanguage\":\"es\",\"@id\":\"https:\/\/www.exchange-data.com\/es\/#\/schema\/logo\/image\/\",\"url\":\"https:\/\/www.exchange-data.com\/wp-content\/uploads\/2019\/03\/logo3.png\",\"contentUrl\":\"https:\/\/www.exchange-data.com\/wp-content\/uploads\/2019\/03\/logo3.png\",\"width\":200,\"height\":80,\"caption\":\"Exchange Data International\"},\"image\":{\"@id\":\"https:\/\/www.exchange-data.com\/es\/#\/schema\/logo\/image\/\"},\"sameAs\":[\"https:\/\/x.com\/ExchangeData\",\"https:\/\/www.linkedin.com\/company\/exchange-data-international\/?viewAsMember=true\",\"https:\/\/www.youtube.com\/channel\/UC5D1OpUb22YZANRLD_Ktcgg?view_as=subscriber\"]}]}<\/script>\n<!-- \/ Yoast SEO Premium plugin. -->","yoast_head_json":{"title":"Datos de Operaciones Corporativas del Reino Unido | Exchange Data International","description":"Access detailed UK Informaci\u00f3n de Hechos de Importancia from all regulatory sources. Track events, retrieve shareholder circulars, and receive accurate data feeds.","robots":{"index":"index","follow":"follow","max-snippet":"max-snippet:-1","max-image-preview":"max-image-preview:large","max-video-preview":"max-video-preview:-1"},"canonical":"https:\/\/www.exchange-data.com\/es\/producto\/datos-sobre-operaciones-de-sociedades-en-el-reino-unido\/","og_locale":"es_ES","og_type":"article","og_title":"Datos sobre operaciones de sociedades en el Reino Unido","og_description":"Obtenga acceso directo a los datos cruciales de las acciones corporativas del Reino Unido para el procesamiento eficaz de las decisiones de inversi\u00f3n. Solicite ahora su prueba gratuita.","og_url":"https:\/\/www.exchange-data.com\/es\/producto\/datos-sobre-operaciones-de-sociedades-en-el-reino-unido\/","og_site_name":"Exchange Data International","article_modified_time":"2025-10-10T05:19:54+00:00","og_image":[{"url":"https:\/\/www.exchange-data.com\/wp-content\/uploads\/2015\/09\/EDI-Post-Featured-Image-700x400-1.png","type":"","width":"","height":""}],"twitter_card":"summary_large_image","twitter_title":"Datos sobre operaciones de sociedades en el Reino Unido","twitter_description":"Obtenga acceso directo a los datos cruciales de las acciones corporativas del Reino Unido para el procesamiento eficaz de las decisiones de inversi\u00f3n. Solicite ahora su prueba gratuita.","twitter_image":"https:\/\/www.exchange-data.com\/wp-content\/uploads\/2015\/09\/EDI-Post-Featured-Image-700x400-1.png","twitter_site":"@ExchangeData","twitter_misc":{"Tiempo de lectura":"2 minutos"},"schema":{"@context":"https:\/\/schema.org","@graph":[{"@type":"WebPage","@id":"https:\/\/www.exchange-data.com\/es\/producto\/datos-sobre-operaciones-de-sociedades-en-el-reino-unido\/","url":"https:\/\/www.exchange-data.com\/es\/producto\/datos-sobre-operaciones-de-sociedades-en-el-reino-unido\/","name":"Datos de Operaciones Corporativas del Reino Unido | Exchange Data International","isPartOf":{"@id":"https:\/\/www.exchange-data.com\/es\/#website"},"primaryImageOfPage":{"@id":"https:\/\/www.exchange-data.com\/es\/producto\/datos-sobre-operaciones-de-sociedades-en-el-reino-unido\/#primaryimage"},"image":{"@id":"https:\/\/www.exchange-data.com\/es\/producto\/datos-sobre-operaciones-de-sociedades-en-el-reino-unido\/#primaryimage"},"thumbnailUrl":"https:\/\/www.exchange-data.com\/wp-content\/uploads\/2015\/09\/EDI-Post-Featured-Image-700x400-1.png","datePublished":"2019-03-28T16:38:01+00:00","dateModified":"2025-10-10T05:19:54+00:00","description":"Access detailed UK Informaci\u00f3n de Hechos de Importancia from all regulatory sources. Track events, retrieve shareholder circulars, and receive accurate data feeds.","breadcrumb":{"@id":"https:\/\/www.exchange-data.com\/es\/producto\/datos-sobre-operaciones-de-sociedades-en-el-reino-unido\/#breadcrumb"},"inLanguage":"es","potentialAction":[{"@type":"ReadAction","target":["https:\/\/www.exchange-data.com\/es\/producto\/datos-sobre-operaciones-de-sociedades-en-el-reino-unido\/"]}]},{"@type":"ImageObject","inLanguage":"es","@id":"https:\/\/www.exchange-data.com\/es\/producto\/datos-sobre-operaciones-de-sociedades-en-el-reino-unido\/#primaryimage","url":"https:\/\/www.exchange-data.com\/wp-content\/uploads\/2015\/09\/EDI-Post-Featured-Image-700x400-1.png","contentUrl":"https:\/\/www.exchange-data.com\/wp-content\/uploads\/2015\/09\/EDI-Post-Featured-Image-700x400-1.png","width":700,"height":400,"caption":"Exchange Data International"},{"@type":"BreadcrumbList","@id":"https:\/\/www.exchange-data.com\/es\/producto\/datos-sobre-operaciones-de-sociedades-en-el-reino-unido\/#breadcrumb","itemListElement":[{"@type":"ListItem","position":1,"name":"Home","item":"https:\/\/www.exchange-data.com\/es\/inicio\/"},{"@type":"ListItem","position":2,"name":"Datos de Operaciones Corporativas del Reino Unido"}]},{"@type":"WebSite","@id":"https:\/\/www.exchange-data.com\/es\/#website","url":"https:\/\/www.exchange-data.com\/es\/","name":"Exchange Data International","description":"Doing data differently","publisher":{"@id":"https:\/\/www.exchange-data.com\/es\/#organization"},"potentialAction":[{"@type":"SearchAction","target":{"@type":"EntryPoint","urlTemplate":"https:\/\/www.exchange-data.com\/es\/?s={search_term_string}"},"query-input":{"@type":"PropertyValueSpecification","valueRequired":true,"valueName":"search_term_string"}}],"inLanguage":"es"},{"@type":"Organization","@id":"https:\/\/www.exchange-data.com\/es\/#organization","name":"Exchange Data International","url":"https:\/\/www.exchange-data.com\/es\/","logo":{"@type":"ImageObject","inLanguage":"es","@id":"https:\/\/www.exchange-data.com\/es\/#\/schema\/logo\/image\/","url":"https:\/\/www.exchange-data.com\/wp-content\/uploads\/2019\/03\/logo3.png","contentUrl":"https:\/\/www.exchange-data.com\/wp-content\/uploads\/2019\/03\/logo3.png","width":200,"height":80,"caption":"Exchange Data International"},"image":{"@id":"https:\/\/www.exchange-data.com\/es\/#\/schema\/logo\/image\/"},"sameAs":["https:\/\/x.com\/ExchangeData","https:\/\/www.linkedin.com\/company\/exchange-data-international\/?viewAsMember=true","https:\/\/www.youtube.com\/channel\/UC5D1OpUb22YZANRLD_Ktcgg?view_as=subscriber"]}]}},"_links":{"self":[{"href":"https:\/\/www.exchange-data.com\/es\/wp-json\/wp\/v2\/product\/36021","targetHints":{"allow":["GET"]}}],"collection":[{"href":"https:\/\/www.exchange-data.com\/es\/wp-json\/wp\/v2\/product"}],"about":[{"href":"https:\/\/www.exchange-data.com\/es\/wp-json\/wp\/v2\/types\/product"}],"wp:featuredmedia":[{"embeddable":true,"href":"https:\/\/www.exchange-data.com\/es\/wp-json\/wp\/v2\/media\/34154"}],"wp:attachment":[{"href":"https:\/\/www.exchange-data.com\/es\/wp-json\/wp\/v2\/media?parent=36021"}],"wp:term":[{"taxonomy":"country","embeddable":true,"href":"https:\/\/www.exchange-data.com\/es\/wp-json\/wp\/v2\/country?post=36021"},{"taxonomy":"product_category","embeddable":true,"href":"https:\/\/www.exchange-data.com\/es\/wp-json\/wp\/v2\/product_category?post=36021"}],"curies":[{"name":"wp","href":"https:\/\/api.w.org\/{rel}","templated":true}]}}