{"id":36022,"date":"2019-03-28T17:15:59","date_gmt":"2019-03-28T16:15:59","guid":{"rendered":"https:\/\/www.exchange-data.com\/product\/dividendos-en-el-reino-unido\/"},"modified":"2025-10-10T06:47:28","modified_gmt":"2025-10-10T05:47:28","slug":"dividendos-en-el-reino-unido","status":"publish","type":"product","link":"https:\/\/www.exchange-data.com\/es\/producto\/dividendos-en-el-reino-unido\/","title":{"rendered":"Dividendos del Reino Unido<br>"},"content":{"rendered":"<h4>Obtenga una visi\u00f3n completa de los pagos y calendarios de dividendos en el Reino Unido<\/h4>\n<p><span style=\"font-weight: 400;\">Cumpla con las expectativas de sus clientes gracias a datos de dividendos del Reino Unido precisos, completos y actualizados<\/span><\/p>\n<p><span style=\"font-weight: 400;\">Utilice nuestro servicio para acceder a informaci\u00f3n detallada sobre todos los nuevos anuncios de dividendos, as\u00ed como sobre las actualizaciones realizadas en registros ya existentes.<\/span><\/p>\n<p>Los elementos de datos incluyen:<\/p>\n<ul>\n<li>Dividendos en efectivo y en acciones: fechas ex-dividendo, de registro y de pago<\/li>\n<li>Importes brutos y netos de dividendos<\/li>\n<li>Fechas de env\u00edo de certificados y abono en CREST<\/li>\n<li>Porcentajes aplicables de impuesto de timbre y comisiones<\/li>\n<\/ul>\n<p><span style=\"font-weight: 400;\">Los datos son recopilados, procesados e ingresados por un equipo especializado con sede en Londres, lo que garantiza acceso a los anuncios m\u00e1s recientes y a las actualizaciones m\u00e1s precisas. <\/span><\/p>\n<h4>Suscr\u00edbase a alertas diarias por correo electr\u00f3nico sobre DRIPS<\/h4>\n<p>Aproveche dos actualizaciones diarias que incluyen:<\/p>\n<ul>\n<li>Todos los nuevos anuncios de DRIPS<\/li>\n<li>Actualizaciones de precios de reinversi\u00f3n<\/li>\n<\/ul>\n","protected":false},"featured_media":34154,"template":"","country":[],"product_category":[3182,3178],"class_list":["post-36022","product","type-product","status-publish","has-post-thumbnail","hentry","product_category-acciones-corporativas","product_category-productos-y-servicios"],"acf":[],"yoast_head":"<!-- This site is optimized with the Yoast SEO Premium plugin v26.0 (Yoast SEO v26.0) - https:\/\/yoast.com\/wordpress\/plugins\/seo\/ -->\n<title>Up-to-Date Datos de Dividendos del Reino Unido | UK Dividend Information<\/title>\n<meta name=\"description\" content=\"Access timely datos de dividendos del Reino Unido. Get dividend announcements, payment schedules, and tax credit data via platform or daily feed.\" \/>\n<meta name=\"robots\" content=\"index, follow, max-snippet:-1, max-image-preview:large, max-video-preview:-1\" \/>\n<link rel=\"canonical\" href=\"https:\/\/www.exchange-data.com\/es\/producto\/dividendos-en-el-reino-unido\/\" \/>\n<meta property=\"og:locale\" content=\"es_ES\" \/>\n<meta property=\"og:type\" content=\"article\" \/>\n<meta property=\"og:title\" content=\"Dividendos en el Reino Unido - Obtenga una visi\u00f3n completa de los pagos y calendarios de dividendos en el Reino Unido\" \/>\n<meta property=\"og:description\" content=\"Cumpla las expectativas de sus clientes con datos de dividendos del Reino Unido puntuales, completos y precisos. Utilice nuestra fuente de datos de dividendos del Reino Unido para obtener informaci\u00f3n actualizada y detallada sobre todos los nuevos anuncios de dividendos, as\u00ed como las actualizaciones realizadas en los registros existentes. Los datos incluyen: fechas de registro, pago y salida de dividendos en efectivo y en acciones; importes brutos y netos de dividendos; fechas de expedici\u00f3n de certificados y de abono de Crest; porcentajes de derechos de timbre y comisiones; los datos son obtenidos, procesados e introducidos por un equipo especializado de Londres. Esto significa que se beneficiar\u00e1 de los anuncios de dividendos m\u00e1s actualizados, as\u00ed como de las actualizaciones de los registros existentes.\" \/>\n<meta property=\"og:url\" content=\"https:\/\/www.exchange-data.com\/es\/producto\/dividendos-en-el-reino-unido\/\" \/>\n<meta property=\"og:site_name\" content=\"Exchange Data International\" \/>\n<meta property=\"article:modified_time\" content=\"2025-10-10T05:47:28+00:00\" \/>\n<meta property=\"og:image\" content=\"https:\/\/www.exchange-data.com\/wp-content\/uploads\/2015\/09\/EDI-Post-Featured-Image-700x400-1.png\" \/>\n<meta name=\"twitter:card\" content=\"summary_large_image\" \/>\n<meta name=\"twitter:title\" content=\"Dividendos en el Reino Unido - Obtenga una visi\u00f3n completa de los pagos y calendarios de dividendos en el Reino Unido\" \/>\n<meta name=\"twitter:description\" content=\"Cumpla las expectativas de sus clientes con datos de dividendos del Reino Unido puntuales, completos y precisos. Utilice nuestra fuente de datos de dividendos del Reino Unido para obtener informaci\u00f3n actualizada y detallada sobre todos los nuevos anuncios de dividendos, as\u00ed como las actualizaciones realizadas en los registros existentes. Los datos incluyen: fechas de registro, pago y salida de dividendos en efectivo y en acciones; importes brutos y netos de dividendos; fechas de expedici\u00f3n de certificados y de abono de Crest; porcentajes de derechos de timbre y comisiones; los datos son obtenidos, procesados e introducidos por un equipo especializado de Londres. Esto significa que se beneficiar\u00e1 de los anuncios de dividendos m\u00e1s actualizados, as\u00ed como de las actualizaciones de los registros existentes.\" \/>\n<meta name=\"twitter:image\" content=\"https:\/\/www.exchange-data.com\/wp-content\/uploads\/2015\/09\/EDI-Post-Featured-Image-700x400-1.png\" \/>\n<meta name=\"twitter:site\" content=\"@ExchangeData\" \/>\n<meta name=\"twitter:label1\" content=\"Tiempo de lectura\" \/>\n\t<meta name=\"twitter:data1\" content=\"1 minuto\" \/>\n<script type=\"application\/ld+json\" class=\"yoast-schema-graph\">{\"@context\":\"https:\/\/schema.org\",\"@graph\":[{\"@type\":\"WebPage\",\"@id\":\"https:\/\/www.exchange-data.com\/es\/producto\/dividendos-en-el-reino-unido\/\",\"url\":\"https:\/\/www.exchange-data.com\/es\/producto\/dividendos-en-el-reino-unido\/\",\"name\":\"Up-to-Date Datos de Dividendos del Reino Unido | UK Dividend Information\",\"isPartOf\":{\"@id\":\"https:\/\/www.exchange-data.com\/es\/#website\"},\"primaryImageOfPage\":{\"@id\":\"https:\/\/www.exchange-data.com\/es\/producto\/dividendos-en-el-reino-unido\/#primaryimage\"},\"image\":{\"@id\":\"https:\/\/www.exchange-data.com\/es\/producto\/dividendos-en-el-reino-unido\/#primaryimage\"},\"thumbnailUrl\":\"https:\/\/www.exchange-data.com\/wp-content\/uploads\/2015\/09\/EDI-Post-Featured-Image-700x400-1.png\",\"datePublished\":\"2019-03-28T16:15:59+00:00\",\"dateModified\":\"2025-10-10T05:47:28+00:00\",\"description\":\"Access timely datos de dividendos del Reino Unido. Get dividend announcements, payment schedules, and tax credit data via platform or daily feed.\",\"breadcrumb\":{\"@id\":\"https:\/\/www.exchange-data.com\/es\/producto\/dividendos-en-el-reino-unido\/#breadcrumb\"},\"inLanguage\":\"es\",\"potentialAction\":[{\"@type\":\"ReadAction\",\"target\":[\"https:\/\/www.exchange-data.com\/es\/producto\/dividendos-en-el-reino-unido\/\"]}]},{\"@type\":\"ImageObject\",\"inLanguage\":\"es\",\"@id\":\"https:\/\/www.exchange-data.com\/es\/producto\/dividendos-en-el-reino-unido\/#primaryimage\",\"url\":\"https:\/\/www.exchange-data.com\/wp-content\/uploads\/2015\/09\/EDI-Post-Featured-Image-700x400-1.png\",\"contentUrl\":\"https:\/\/www.exchange-data.com\/wp-content\/uploads\/2015\/09\/EDI-Post-Featured-Image-700x400-1.png\",\"width\":700,\"height\":400,\"caption\":\"Exchange Data International\"},{\"@type\":\"BreadcrumbList\",\"@id\":\"https:\/\/www.exchange-data.com\/es\/producto\/dividendos-en-el-reino-unido\/#breadcrumb\",\"itemListElement\":[{\"@type\":\"ListItem\",\"position\":1,\"name\":\"Home\",\"item\":\"https:\/\/www.exchange-data.com\/es\/inicio\/\"},{\"@type\":\"ListItem\",\"position\":2,\"name\":\"Dividendos del Reino Unido\"}]},{\"@type\":\"WebSite\",\"@id\":\"https:\/\/www.exchange-data.com\/es\/#website\",\"url\":\"https:\/\/www.exchange-data.com\/es\/\",\"name\":\"Exchange Data International\",\"description\":\"Doing data differently\",\"publisher\":{\"@id\":\"https:\/\/www.exchange-data.com\/es\/#organization\"},\"potentialAction\":[{\"@type\":\"SearchAction\",\"target\":{\"@type\":\"EntryPoint\",\"urlTemplate\":\"https:\/\/www.exchange-data.com\/es\/?s={search_term_string}\"},\"query-input\":{\"@type\":\"PropertyValueSpecification\",\"valueRequired\":true,\"valueName\":\"search_term_string\"}}],\"inLanguage\":\"es\"},{\"@type\":\"Organization\",\"@id\":\"https:\/\/www.exchange-data.com\/es\/#organization\",\"name\":\"Exchange Data International\",\"url\":\"https:\/\/www.exchange-data.com\/es\/\",\"logo\":{\"@type\":\"ImageObject\",\"inLanguage\":\"es\",\"@id\":\"https:\/\/www.exchange-data.com\/es\/#\/schema\/logo\/image\/\",\"url\":\"https:\/\/www.exchange-data.com\/wp-content\/uploads\/2019\/03\/logo3.png\",\"contentUrl\":\"https:\/\/www.exchange-data.com\/wp-content\/uploads\/2019\/03\/logo3.png\",\"width\":200,\"height\":80,\"caption\":\"Exchange Data International\"},\"image\":{\"@id\":\"https:\/\/www.exchange-data.com\/es\/#\/schema\/logo\/image\/\"},\"sameAs\":[\"https:\/\/x.com\/ExchangeData\",\"https:\/\/www.linkedin.com\/company\/exchange-data-international\/?viewAsMember=true\",\"https:\/\/www.youtube.com\/channel\/UC5D1OpUb22YZANRLD_Ktcgg?view_as=subscriber\"]}]}<\/script>\n<!-- \/ Yoast SEO Premium plugin. -->","yoast_head_json":{"title":"Up-to-Date Datos de Dividendos del Reino Unido | UK Dividend Information","description":"Access timely datos de dividendos del Reino Unido. Get dividend announcements, payment schedules, and tax credit data via platform or daily feed.","robots":{"index":"index","follow":"follow","max-snippet":"max-snippet:-1","max-image-preview":"max-image-preview:large","max-video-preview":"max-video-preview:-1"},"canonical":"https:\/\/www.exchange-data.com\/es\/producto\/dividendos-en-el-reino-unido\/","og_locale":"es_ES","og_type":"article","og_title":"Dividendos en el Reino Unido - Obtenga una visi\u00f3n completa de los pagos y calendarios de dividendos en el Reino Unido","og_description":"Cumpla las expectativas de sus clientes con datos de dividendos del Reino Unido puntuales, completos y precisos. Utilice nuestra fuente de datos de dividendos del Reino Unido para obtener informaci\u00f3n actualizada y detallada sobre todos los nuevos anuncios de dividendos, as\u00ed como las actualizaciones realizadas en los registros existentes. Los datos incluyen: fechas de registro, pago y salida de dividendos en efectivo y en acciones; importes brutos y netos de dividendos; fechas de expedici\u00f3n de certificados y de abono de Crest; porcentajes de derechos de timbre y comisiones; los datos son obtenidos, procesados e introducidos por un equipo especializado de Londres. Esto significa que se beneficiar\u00e1 de los anuncios de dividendos m\u00e1s actualizados, as\u00ed como de las actualizaciones de los registros existentes.","og_url":"https:\/\/www.exchange-data.com\/es\/producto\/dividendos-en-el-reino-unido\/","og_site_name":"Exchange Data International","article_modified_time":"2025-10-10T05:47:28+00:00","og_image":[{"url":"https:\/\/www.exchange-data.com\/wp-content\/uploads\/2015\/09\/EDI-Post-Featured-Image-700x400-1.png","type":"","width":"","height":""}],"twitter_card":"summary_large_image","twitter_title":"Dividendos en el Reino Unido - Obtenga una visi\u00f3n completa de los pagos y calendarios de dividendos en el Reino Unido","twitter_description":"Cumpla las expectativas de sus clientes con datos de dividendos del Reino Unido puntuales, completos y precisos. Utilice nuestra fuente de datos de dividendos del Reino Unido para obtener informaci\u00f3n actualizada y detallada sobre todos los nuevos anuncios de dividendos, as\u00ed como las actualizaciones realizadas en los registros existentes. Los datos incluyen: fechas de registro, pago y salida de dividendos en efectivo y en acciones; importes brutos y netos de dividendos; fechas de expedici\u00f3n de certificados y de abono de Crest; porcentajes de derechos de timbre y comisiones; los datos son obtenidos, procesados e introducidos por un equipo especializado de Londres. Esto significa que se beneficiar\u00e1 de los anuncios de dividendos m\u00e1s actualizados, as\u00ed como de las actualizaciones de los registros existentes.","twitter_image":"https:\/\/www.exchange-data.com\/wp-content\/uploads\/2015\/09\/EDI-Post-Featured-Image-700x400-1.png","twitter_site":"@ExchangeData","twitter_misc":{"Tiempo de lectura":"1 minuto"},"schema":{"@context":"https:\/\/schema.org","@graph":[{"@type":"WebPage","@id":"https:\/\/www.exchange-data.com\/es\/producto\/dividendos-en-el-reino-unido\/","url":"https:\/\/www.exchange-data.com\/es\/producto\/dividendos-en-el-reino-unido\/","name":"Up-to-Date Datos de Dividendos del Reino Unido | UK Dividend Information","isPartOf":{"@id":"https:\/\/www.exchange-data.com\/es\/#website"},"primaryImageOfPage":{"@id":"https:\/\/www.exchange-data.com\/es\/producto\/dividendos-en-el-reino-unido\/#primaryimage"},"image":{"@id":"https:\/\/www.exchange-data.com\/es\/producto\/dividendos-en-el-reino-unido\/#primaryimage"},"thumbnailUrl":"https:\/\/www.exchange-data.com\/wp-content\/uploads\/2015\/09\/EDI-Post-Featured-Image-700x400-1.png","datePublished":"2019-03-28T16:15:59+00:00","dateModified":"2025-10-10T05:47:28+00:00","description":"Access timely datos de dividendos del Reino Unido. Get dividend announcements, payment schedules, and tax credit data via platform or daily feed.","breadcrumb":{"@id":"https:\/\/www.exchange-data.com\/es\/producto\/dividendos-en-el-reino-unido\/#breadcrumb"},"inLanguage":"es","potentialAction":[{"@type":"ReadAction","target":["https:\/\/www.exchange-data.com\/es\/producto\/dividendos-en-el-reino-unido\/"]}]},{"@type":"ImageObject","inLanguage":"es","@id":"https:\/\/www.exchange-data.com\/es\/producto\/dividendos-en-el-reino-unido\/#primaryimage","url":"https:\/\/www.exchange-data.com\/wp-content\/uploads\/2015\/09\/EDI-Post-Featured-Image-700x400-1.png","contentUrl":"https:\/\/www.exchange-data.com\/wp-content\/uploads\/2015\/09\/EDI-Post-Featured-Image-700x400-1.png","width":700,"height":400,"caption":"Exchange Data International"},{"@type":"BreadcrumbList","@id":"https:\/\/www.exchange-data.com\/es\/producto\/dividendos-en-el-reino-unido\/#breadcrumb","itemListElement":[{"@type":"ListItem","position":1,"name":"Home","item":"https:\/\/www.exchange-data.com\/es\/inicio\/"},{"@type":"ListItem","position":2,"name":"Dividendos del Reino Unido"}]},{"@type":"WebSite","@id":"https:\/\/www.exchange-data.com\/es\/#website","url":"https:\/\/www.exchange-data.com\/es\/","name":"Exchange Data International","description":"Doing data differently","publisher":{"@id":"https:\/\/www.exchange-data.com\/es\/#organization"},"potentialAction":[{"@type":"SearchAction","target":{"@type":"EntryPoint","urlTemplate":"https:\/\/www.exchange-data.com\/es\/?s={search_term_string}"},"query-input":{"@type":"PropertyValueSpecification","valueRequired":true,"valueName":"search_term_string"}}],"inLanguage":"es"},{"@type":"Organization","@id":"https:\/\/www.exchange-data.com\/es\/#organization","name":"Exchange Data International","url":"https:\/\/www.exchange-data.com\/es\/","logo":{"@type":"ImageObject","inLanguage":"es","@id":"https:\/\/www.exchange-data.com\/es\/#\/schema\/logo\/image\/","url":"https:\/\/www.exchange-data.com\/wp-content\/uploads\/2019\/03\/logo3.png","contentUrl":"https:\/\/www.exchange-data.com\/wp-content\/uploads\/2019\/03\/logo3.png","width":200,"height":80,"caption":"Exchange Data International"},"image":{"@id":"https:\/\/www.exchange-data.com\/es\/#\/schema\/logo\/image\/"},"sameAs":["https:\/\/x.com\/ExchangeData","https:\/\/www.linkedin.com\/company\/exchange-data-international\/?viewAsMember=true","https:\/\/www.youtube.com\/channel\/UC5D1OpUb22YZANRLD_Ktcgg?view_as=subscriber"]}]}},"_links":{"self":[{"href":"https:\/\/www.exchange-data.com\/es\/wp-json\/wp\/v2\/product\/36022","targetHints":{"allow":["GET"]}}],"collection":[{"href":"https:\/\/www.exchange-data.com\/es\/wp-json\/wp\/v2\/product"}],"about":[{"href":"https:\/\/www.exchange-data.com\/es\/wp-json\/wp\/v2\/types\/product"}],"wp:featuredmedia":[{"embeddable":true,"href":"https:\/\/www.exchange-data.com\/es\/wp-json\/wp\/v2\/media\/34154"}],"wp:attachment":[{"href":"https:\/\/www.exchange-data.com\/es\/wp-json\/wp\/v2\/media?parent=36022"}],"wp:term":[{"taxonomy":"country","embeddable":true,"href":"https:\/\/www.exchange-data.com\/es\/wp-json\/wp\/v2\/country?post=36022"},{"taxonomy":"product_category","embeddable":true,"href":"https:\/\/www.exchange-data.com\/es\/wp-json\/wp\/v2\/product_category?post=36022"}],"curies":[{"name":"wp","href":"https:\/\/api.w.org\/{rel}","templated":true}]}}