{"id":36023,"date":"2019-01-29T17:39:59","date_gmt":"2019-01-29T16:39:59","guid":{"rendered":"https:\/\/www.exchange-data.com\/product\/datos-de-unit-trust-del-reino-unido\/"},"modified":"2025-10-07T11:56:02","modified_gmt":"2025-10-07T10:56:02","slug":"datos-de-unit-trust-del-reino-unido","status":"publish","type":"product","link":"https:\/\/www.exchange-data.com\/es\/producto\/datos-de-unit-trust-del-reino-unido\/","title":{"rendered":"Datos de Fondos de Inversi\u00f3n del Reino Unido"},"content":{"rendered":"<h4>Entrega r\u00e1pida de datos de fondos unitarios directamente desde las gestoras<\/h4>\n<p><span style=\"font-weight: 400;\">El servicio de EDI sobre fondos de inversi\u00f3n del Reino Unido cubre m\u00e1s de 16.000 clases de participaciones administradas por m\u00e1s de 200 gestoras, ofreciendo una cobertura completa de datos de referencia y eventos corporativos.<\/span><\/p>\n<p><span style=\"font-weight: 400;\">Nuestro equipo especializado recopila, analiza y publica diariamente informaci\u00f3n sobre fondos unitarios y sociedades de inversi\u00f3n de capital variable (OEIC), directamente desde las gestoras.<br \/>\nEn paralelo, un equipo interno mantiene contacto directo con cada entidad para garantizar que los datos de dividendos y eventos corporativos lleguen puntualmente al centro de datos de EDI. <\/span><\/p>\n<p><span style=\"font-weight: 400;\">Ya sea mediante feed SFTP, API o soluci\u00f3n web en la nube, los usuarios pueden confiar en que EDI se encarga de todo.<\/span><\/p>\n<h3>Eventos corporativos<\/h3>\n<p><span style=\"font-weight: 400;\">EDI ha optimizado su servicio de eventos corporativos para fondos unitarios y OEIC del Reino Unido, en respuesta a comentarios de clientes. Este servicio cubre 11 tipos de eventos y desglosa los flujos de ingresos de cada fondo: dividendos, intereses y rentas inmobiliarias. <\/span><\/p>\n<p><strong>Utilice la cobertura integral de EDI para eventos corporativos<\/strong><br \/>\n<span style=\"font-weight: 400;\">Omitir un evento puede generar p\u00e9rdidas millonarias, afectar la reputaci\u00f3n de su firma y provocar la p\u00e9rdida de clientes. Con EDI, cubra todos los fondos unitarios que gestiona con confianza <\/span><\/p>\n<p><strong>Soluciones empresariales con archivos de datos (feeds) estandarizados<\/strong><br \/>\n<span style=\"font-weight: 400;\">El servicio de informaci\u00f3n de fondos unitarios de EDI proporciona datos clave sobre dividendos y eventos corporativos. Dado que estos eventos son complejos, sensibles a plazos y relevantes para todas las \u00e1reas operativas, nuestros archivos de datos estandarizados permiten una gesti\u00f3n eficiente e integraci\u00f3n directa en modelos de riesgo y estrategias de inversi\u00f3n. <\/span><\/p>\n<p><strong>C\u00e1lculo preciso de obligaciones fiscales<\/strong><br \/>\n<span style=\"font-weight: 400;\">Inversionistas y representantes fiscales pueden calcular correctamente sus obligaciones tributarias gracias al desglose de ingresos (dividendos, intereses y rentas inmobiliarias) incluido en el feed de eventos corporativos de EDI.<\/span><\/p>\n<p><strong>Eventos cubiertos:<\/strong><\/p>\n<table>\n<tbody>\n<tr>\n<td width=\"50%\">&nbsp;<\/p>\n<ul>\n<li>Conversi\u00f3n<\/li>\n<li>Dividendos (dividendos, intereses y distribuci\u00f3n de rentas inmobiliarias)<\/li>\n<li>Cambio de ejercicio fiscal<\/li>\n<li>Cambio de c\u00f3digo internacional<\/li>\n<li>Cambio de nombre del emisor<\/li>\n<\/ul>\n<\/td>\n<td width=\"50%\">&nbsp;<\/p>\n<ul>\n<li>Fusi\u00f3n<\/li>\n<li>Retorno de capital<\/li>\n<li>Reclasificaci\u00f3n de valores<\/li>\n<li>Cambio de nombre del valor<\/li>\n<li>Intercambio de valores<\/li>\n<li>Adquisici\u00f3n<\/li>\n<\/ul>\n<p>&nbsp;<\/td>\n<\/tr>\n<\/tbody>\n<\/table>\n<p>&nbsp;<\/p>\n<h3>Datos de referencia<\/h3>\n<p><span style=\"font-weight: 400;\">Combine los<a href=\"https:\/\/www.exchange-data.com\/es\/product-category\/datos-de-referencia\/\" target=\"_blank\" rel=\"noopener\"> datos de referencia<\/a> de <a href=\"https:\/\/www.exchange-data.com\/es\/product-category\/acciones-corporativas\/\" target=\"_blank\" rel=\"noopener\">EDI con el servicio<\/a> de eventos corporativos y aproveche un ecosistema totalmente integrado para obtener cobertura completa de todos los fondos unitarios y OEIC del Reino Unido desde una \u00fanica conexi\u00f3n.<\/span><\/p>\n<p><strong>Datos de valoraci\u00f3n<\/strong><br \/>\n<span style=\"font-weight: 400;\">Para acceder a los valores liquidativos (NAV) de fondos unitarios del Reino Unido, consulte el <a href=\"https:\/\/www.exchange-data.com\/es\/producto\/vl-de-los-fondos-de-inversion\/\" target=\"_blank\" rel=\"noopener\">servicio especializado de NAVs <\/a>de EDI.<\/span><\/p>\n","protected":false},"featured_media":34154,"template":"","country":[],"product_category":[3186,3178],"class_list":["post-36023","product","type-product","status-publish","has-post-thumbnail","hentry","product_category-fondos-de-inversion","product_category-productos-y-servicios"],"acf":[],"yoast_head":"<!-- This site is optimized with the Yoast SEO Premium plugin v26.0 (Yoast SEO v26.0) - https:\/\/yoast.com\/wordpress\/plugins\/seo\/ -->\n<title>Datos de Fondos de Inversi\u00f3n del Reino Unido | Exchange Data International<\/title>\n<meta name=\"description\" content=\"Acceda a datos completos sobre fondos de inversi\u00f3n del Reino Unido con Exchange Data International para respaldar decisiones de inversi\u00f3n informadas y an\u00e1lisis de mercado.\" \/>\n<meta name=\"robots\" content=\"index, follow, max-snippet:-1, max-image-preview:large, max-video-preview:-1\" \/>\n<link rel=\"canonical\" href=\"https:\/\/www.exchange-data.com\/es\/producto\/datos-de-unit-trust-del-reino-unido\/\" \/>\n<meta property=\"og:locale\" content=\"es_ES\" \/>\n<meta property=\"og:type\" content=\"article\" \/>\n<meta property=\"og:title\" content=\"Datos de Unit Trust del Reino Unido\" \/>\n<meta property=\"og:description\" content=\"Combine los datos de los fondos de inversi\u00f3n con nuestro servicio de dividendos del Reino Unido para beneficiarse de una cobertura completa de todos los valores que producen ingresos en el Reino Unido. Con un equipo especializado que recopila y procesa diariamente datos de m\u00e1s de 11.000 fondos de inversi\u00f3n y OEIC, y enlaces directos con m\u00e1s de 300 gestoras de fondos, puede estar seguro de recibir puntualmente los datos de los fondos de inversi\u00f3n.\" \/>\n<meta property=\"og:url\" content=\"https:\/\/www.exchange-data.com\/es\/producto\/datos-de-unit-trust-del-reino-unido\/\" \/>\n<meta property=\"og:site_name\" content=\"Exchange Data International\" \/>\n<meta property=\"article:modified_time\" content=\"2025-10-07T10:56:02+00:00\" \/>\n<meta property=\"og:image\" content=\"https:\/\/www.exchange-data.com\/wp-content\/uploads\/2015\/09\/EDI-Post-Featured-Image-700x400-1.png\" \/>\n<meta name=\"twitter:card\" content=\"summary_large_image\" \/>\n<meta name=\"twitter:title\" content=\"Datos de Unit Trust del Reino Unido\" \/>\n<meta name=\"twitter:description\" content=\"Combine los datos de los fondos de inversi\u00f3n con nuestro servicio de dividendos del Reino Unido para beneficiarse de una cobertura completa de todos los valores que producen ingresos en el Reino Unido. Con un equipo especializado que recopila y procesa diariamente datos de m\u00e1s de 11.000 fondos de inversi\u00f3n y OEIC, y enlaces directos con m\u00e1s de 300 gestoras de fondos, puede estar seguro de recibir puntualmente los datos de los fondos de inversi\u00f3n.\" \/>\n<meta name=\"twitter:image\" content=\"https:\/\/www.exchange-data.com\/wp-content\/uploads\/2015\/09\/EDI-Post-Featured-Image-700x400-1.png\" \/>\n<meta name=\"twitter:site\" content=\"@ExchangeData\" \/>\n<meta name=\"twitter:label1\" content=\"Tiempo de lectura\" \/>\n\t<meta name=\"twitter:data1\" content=\"2 minutos\" \/>\n<script type=\"application\/ld+json\" class=\"yoast-schema-graph\">{\"@context\":\"https:\/\/schema.org\",\"@graph\":[{\"@type\":\"WebPage\",\"@id\":\"https:\/\/www.exchange-data.com\/es\/producto\/datos-de-unit-trust-del-reino-unido\/\",\"url\":\"https:\/\/www.exchange-data.com\/es\/producto\/datos-de-unit-trust-del-reino-unido\/\",\"name\":\"Datos de Fondos de Inversi\u00f3n del Reino Unido | Exchange Data International\",\"isPartOf\":{\"@id\":\"https:\/\/www.exchange-data.com\/es\/#website\"},\"primaryImageOfPage\":{\"@id\":\"https:\/\/www.exchange-data.com\/es\/producto\/datos-de-unit-trust-del-reino-unido\/#primaryimage\"},\"image\":{\"@id\":\"https:\/\/www.exchange-data.com\/es\/producto\/datos-de-unit-trust-del-reino-unido\/#primaryimage\"},\"thumbnailUrl\":\"https:\/\/www.exchange-data.com\/wp-content\/uploads\/2015\/09\/EDI-Post-Featured-Image-700x400-1.png\",\"datePublished\":\"2019-01-29T16:39:59+00:00\",\"dateModified\":\"2025-10-07T10:56:02+00:00\",\"description\":\"Acceda a datos completos sobre fondos de inversi\u00f3n del Reino Unido con Exchange Data International para respaldar decisiones de inversi\u00f3n informadas y an\u00e1lisis de mercado.\",\"breadcrumb\":{\"@id\":\"https:\/\/www.exchange-data.com\/es\/producto\/datos-de-unit-trust-del-reino-unido\/#breadcrumb\"},\"inLanguage\":\"es\",\"potentialAction\":[{\"@type\":\"ReadAction\",\"target\":[\"https:\/\/www.exchange-data.com\/es\/producto\/datos-de-unit-trust-del-reino-unido\/\"]}]},{\"@type\":\"ImageObject\",\"inLanguage\":\"es\",\"@id\":\"https:\/\/www.exchange-data.com\/es\/producto\/datos-de-unit-trust-del-reino-unido\/#primaryimage\",\"url\":\"https:\/\/www.exchange-data.com\/wp-content\/uploads\/2015\/09\/EDI-Post-Featured-Image-700x400-1.png\",\"contentUrl\":\"https:\/\/www.exchange-data.com\/wp-content\/uploads\/2015\/09\/EDI-Post-Featured-Image-700x400-1.png\",\"width\":700,\"height\":400,\"caption\":\"Exchange Data International\"},{\"@type\":\"BreadcrumbList\",\"@id\":\"https:\/\/www.exchange-data.com\/es\/producto\/datos-de-unit-trust-del-reino-unido\/#breadcrumb\",\"itemListElement\":[{\"@type\":\"ListItem\",\"position\":1,\"name\":\"Home\",\"item\":\"https:\/\/www.exchange-data.com\/es\/inicio\/\"},{\"@type\":\"ListItem\",\"position\":2,\"name\":\"Datos de Fondos de Inversi\u00f3n del Reino Unido\"}]},{\"@type\":\"WebSite\",\"@id\":\"https:\/\/www.exchange-data.com\/es\/#website\",\"url\":\"https:\/\/www.exchange-data.com\/es\/\",\"name\":\"Exchange Data International\",\"description\":\"Doing data differently\",\"publisher\":{\"@id\":\"https:\/\/www.exchange-data.com\/es\/#organization\"},\"potentialAction\":[{\"@type\":\"SearchAction\",\"target\":{\"@type\":\"EntryPoint\",\"urlTemplate\":\"https:\/\/www.exchange-data.com\/es\/?s={search_term_string}\"},\"query-input\":{\"@type\":\"PropertyValueSpecification\",\"valueRequired\":true,\"valueName\":\"search_term_string\"}}],\"inLanguage\":\"es\"},{\"@type\":\"Organization\",\"@id\":\"https:\/\/www.exchange-data.com\/es\/#organization\",\"name\":\"Exchange Data International\",\"url\":\"https:\/\/www.exchange-data.com\/es\/\",\"logo\":{\"@type\":\"ImageObject\",\"inLanguage\":\"es\",\"@id\":\"https:\/\/www.exchange-data.com\/es\/#\/schema\/logo\/image\/\",\"url\":\"https:\/\/www.exchange-data.com\/wp-content\/uploads\/2019\/03\/logo3.png\",\"contentUrl\":\"https:\/\/www.exchange-data.com\/wp-content\/uploads\/2019\/03\/logo3.png\",\"width\":200,\"height\":80,\"caption\":\"Exchange Data International\"},\"image\":{\"@id\":\"https:\/\/www.exchange-data.com\/es\/#\/schema\/logo\/image\/\"},\"sameAs\":[\"https:\/\/x.com\/ExchangeData\",\"https:\/\/www.linkedin.com\/company\/exchange-data-international\/?viewAsMember=true\",\"https:\/\/www.youtube.com\/channel\/UC5D1OpUb22YZANRLD_Ktcgg?view_as=subscriber\"]}]}<\/script>\n<!-- \/ Yoast SEO Premium plugin. -->","yoast_head_json":{"title":"Datos de Fondos de Inversi\u00f3n del Reino Unido | Exchange Data International","description":"Acceda a datos completos sobre fondos de inversi\u00f3n del Reino Unido con Exchange Data International para respaldar decisiones de inversi\u00f3n informadas y an\u00e1lisis de mercado.","robots":{"index":"index","follow":"follow","max-snippet":"max-snippet:-1","max-image-preview":"max-image-preview:large","max-video-preview":"max-video-preview:-1"},"canonical":"https:\/\/www.exchange-data.com\/es\/producto\/datos-de-unit-trust-del-reino-unido\/","og_locale":"es_ES","og_type":"article","og_title":"Datos de Unit Trust del Reino Unido","og_description":"Combine los datos de los fondos de inversi\u00f3n con nuestro servicio de dividendos del Reino Unido para beneficiarse de una cobertura completa de todos los valores que producen ingresos en el Reino Unido. Con un equipo especializado que recopila y procesa diariamente datos de m\u00e1s de 11.000 fondos de inversi\u00f3n y OEIC, y enlaces directos con m\u00e1s de 300 gestoras de fondos, puede estar seguro de recibir puntualmente los datos de los fondos de inversi\u00f3n.","og_url":"https:\/\/www.exchange-data.com\/es\/producto\/datos-de-unit-trust-del-reino-unido\/","og_site_name":"Exchange Data International","article_modified_time":"2025-10-07T10:56:02+00:00","og_image":[{"url":"https:\/\/www.exchange-data.com\/wp-content\/uploads\/2015\/09\/EDI-Post-Featured-Image-700x400-1.png","type":"","width":"","height":""}],"twitter_card":"summary_large_image","twitter_title":"Datos de Unit Trust del Reino Unido","twitter_description":"Combine los datos de los fondos de inversi\u00f3n con nuestro servicio de dividendos del Reino Unido para beneficiarse de una cobertura completa de todos los valores que producen ingresos en el Reino Unido. Con un equipo especializado que recopila y procesa diariamente datos de m\u00e1s de 11.000 fondos de inversi\u00f3n y OEIC, y enlaces directos con m\u00e1s de 300 gestoras de fondos, puede estar seguro de recibir puntualmente los datos de los fondos de inversi\u00f3n.","twitter_image":"https:\/\/www.exchange-data.com\/wp-content\/uploads\/2015\/09\/EDI-Post-Featured-Image-700x400-1.png","twitter_site":"@ExchangeData","twitter_misc":{"Tiempo de lectura":"2 minutos"},"schema":{"@context":"https:\/\/schema.org","@graph":[{"@type":"WebPage","@id":"https:\/\/www.exchange-data.com\/es\/producto\/datos-de-unit-trust-del-reino-unido\/","url":"https:\/\/www.exchange-data.com\/es\/producto\/datos-de-unit-trust-del-reino-unido\/","name":"Datos de Fondos de Inversi\u00f3n del Reino Unido | Exchange Data International","isPartOf":{"@id":"https:\/\/www.exchange-data.com\/es\/#website"},"primaryImageOfPage":{"@id":"https:\/\/www.exchange-data.com\/es\/producto\/datos-de-unit-trust-del-reino-unido\/#primaryimage"},"image":{"@id":"https:\/\/www.exchange-data.com\/es\/producto\/datos-de-unit-trust-del-reino-unido\/#primaryimage"},"thumbnailUrl":"https:\/\/www.exchange-data.com\/wp-content\/uploads\/2015\/09\/EDI-Post-Featured-Image-700x400-1.png","datePublished":"2019-01-29T16:39:59+00:00","dateModified":"2025-10-07T10:56:02+00:00","description":"Acceda a datos completos sobre fondos de inversi\u00f3n del Reino Unido con Exchange Data International para respaldar decisiones de inversi\u00f3n informadas y an\u00e1lisis de mercado.","breadcrumb":{"@id":"https:\/\/www.exchange-data.com\/es\/producto\/datos-de-unit-trust-del-reino-unido\/#breadcrumb"},"inLanguage":"es","potentialAction":[{"@type":"ReadAction","target":["https:\/\/www.exchange-data.com\/es\/producto\/datos-de-unit-trust-del-reino-unido\/"]}]},{"@type":"ImageObject","inLanguage":"es","@id":"https:\/\/www.exchange-data.com\/es\/producto\/datos-de-unit-trust-del-reino-unido\/#primaryimage","url":"https:\/\/www.exchange-data.com\/wp-content\/uploads\/2015\/09\/EDI-Post-Featured-Image-700x400-1.png","contentUrl":"https:\/\/www.exchange-data.com\/wp-content\/uploads\/2015\/09\/EDI-Post-Featured-Image-700x400-1.png","width":700,"height":400,"caption":"Exchange Data International"},{"@type":"BreadcrumbList","@id":"https:\/\/www.exchange-data.com\/es\/producto\/datos-de-unit-trust-del-reino-unido\/#breadcrumb","itemListElement":[{"@type":"ListItem","position":1,"name":"Home","item":"https:\/\/www.exchange-data.com\/es\/inicio\/"},{"@type":"ListItem","position":2,"name":"Datos de Fondos de Inversi\u00f3n del Reino Unido"}]},{"@type":"WebSite","@id":"https:\/\/www.exchange-data.com\/es\/#website","url":"https:\/\/www.exchange-data.com\/es\/","name":"Exchange Data International","description":"Doing data differently","publisher":{"@id":"https:\/\/www.exchange-data.com\/es\/#organization"},"potentialAction":[{"@type":"SearchAction","target":{"@type":"EntryPoint","urlTemplate":"https:\/\/www.exchange-data.com\/es\/?s={search_term_string}"},"query-input":{"@type":"PropertyValueSpecification","valueRequired":true,"valueName":"search_term_string"}}],"inLanguage":"es"},{"@type":"Organization","@id":"https:\/\/www.exchange-data.com\/es\/#organization","name":"Exchange Data International","url":"https:\/\/www.exchange-data.com\/es\/","logo":{"@type":"ImageObject","inLanguage":"es","@id":"https:\/\/www.exchange-data.com\/es\/#\/schema\/logo\/image\/","url":"https:\/\/www.exchange-data.com\/wp-content\/uploads\/2019\/03\/logo3.png","contentUrl":"https:\/\/www.exchange-data.com\/wp-content\/uploads\/2019\/03\/logo3.png","width":200,"height":80,"caption":"Exchange Data International"},"image":{"@id":"https:\/\/www.exchange-data.com\/es\/#\/schema\/logo\/image\/"},"sameAs":["https:\/\/x.com\/ExchangeData","https:\/\/www.linkedin.com\/company\/exchange-data-international\/?viewAsMember=true","https:\/\/www.youtube.com\/channel\/UC5D1OpUb22YZANRLD_Ktcgg?view_as=subscriber"]}]}},"_links":{"self":[{"href":"https:\/\/www.exchange-data.com\/es\/wp-json\/wp\/v2\/product\/36023","targetHints":{"allow":["GET"]}}],"collection":[{"href":"https:\/\/www.exchange-data.com\/es\/wp-json\/wp\/v2\/product"}],"about":[{"href":"https:\/\/www.exchange-data.com\/es\/wp-json\/wp\/v2\/types\/product"}],"wp:featuredmedia":[{"embeddable":true,"href":"https:\/\/www.exchange-data.com\/es\/wp-json\/wp\/v2\/media\/34154"}],"wp:attachment":[{"href":"https:\/\/www.exchange-data.com\/es\/wp-json\/wp\/v2\/media?parent=36023"}],"wp:term":[{"taxonomy":"country","embeddable":true,"href":"https:\/\/www.exchange-data.com\/es\/wp-json\/wp\/v2\/country?post=36023"},{"taxonomy":"product_category","embeddable":true,"href":"https:\/\/www.exchange-data.com\/es\/wp-json\/wp\/v2\/product_category?post=36023"}],"curies":[{"name":"wp","href":"https:\/\/api.w.org\/{rel}","templated":true}]}}