{"id":36025,"date":"2020-07-22T13:30:36","date_gmt":"2020-07-22T12:30:36","guid":{"rendered":"https:\/\/www.exchange-data.com\/product\/fondos-de-inversion\/"},"modified":"2025-10-07T11:23:52","modified_gmt":"2025-10-07T10:23:52","slug":"fondos-de-inversion","status":"publish","type":"product","link":"https:\/\/www.exchange-data.com\/es\/producto\/fondos-de-inversion\/","title":{"rendered":"Fideicomisos de Inversi\u00f3n en Unidades (UIT)"},"content":{"rendered":"<p><span style=\"font-weight: 400;\"><strong>Un fondo de inversi\u00f3n unitario<\/strong> (UIT) es una compa\u00f1\u00eda de <strong>inversi\u00f3n<\/strong> que ofrece a los inversores una cartera fija \u2014generalmente compuesta por acciones y bonos\u2014 en forma de <strong>unidades <\/strong>rescatables durante un periodo determinado. Est\u00e1 dise\u00f1ado para generar apreciaci\u00f3n de capital y\/o <strong>ingresos <\/strong>por dividendos.  <\/span><\/p>\n<h5>Campos disponibles para datos de referencia UIT<\/h5>\n<table>\n<tbody>\n<tr>\n<td>\n<ul>\n<li>ID del UIT<\/li>\n<li>Indicador de acci\u00f3n<\/li>\n<li>Hora de acci\u00f3n<\/li>\n<li>ISIN<\/li>\n<li>C\u00f3digo de EE. UU.<\/li>\n<li>C\u00f3digo local<\/li>\n<li>SEDOL<\/li>\n<li>C\u00f3digo de bolsa<\/li>\n<li>Nombre del emisor<\/li>\n<\/ul>\n<\/td>\n<td>\n<ul>\n<li>Nombre del fideicomiso<\/li>\n<li>Nombre del valor<\/li>\n<li>Descripci\u00f3n del valor<\/li>\n<li>Fecha de dep\u00f3sito<\/li>\n<li>Fecha de vencimiento<\/li>\n<li>Fecha de distribuci\u00f3n<\/li>\n<li>Frecuencia de distribuci\u00f3n<\/li>\n<li>Clasificaci\u00f3n fiscal<\/li>\n<\/ul>\n<\/td>\n<\/tr>\n<\/tbody>\n<\/table>\n<h5>Campos disponibles para acciones corporativas UIT<\/h5>\n<table>\n<tbody>\n<tr>\n<td>\n<ul>\n<li>ID del UIT<\/li>\n<li>Indicador de acci\u00f3n<\/li>\n<li>Hora de acci\u00f3n<\/li>\n<li>ISIN<\/li>\n<li>C\u00f3digo de EE. UU.<\/li>\n<li>C\u00f3digo local<\/li>\n<li>SEDOL<\/li>\n<li>C\u00f3digo de bolsa<\/li>\n<li>Nombre del emisor<\/li>\n<li>Nombre del fideicomiso<\/li>\n<\/ul>\n<\/td>\n<td>\n<ul>\n<li>Nombre del valor<\/li>\n<li>Descripci\u00f3n del valor<\/li>\n<li>Fecha de dep\u00f3sito<\/li>\n<li>Fecha de vencimiento<\/li>\n<li>Datos de distribuci\u00f3n<\/li>\n<li>Frecuencia de distribuci\u00f3n<\/li>\n<li>Clasificaci\u00f3n fiscal<\/li>\n<li>Fecha ex-dividendo<\/li>\n<li>Fecha de registro<\/li>\n<li>Fecha de pago<\/li>\n<\/ul>\n<\/td>\n<td>\n<ul>\n<li>C\u00f3digo de divisa<\/li>\n<li>Dividendo bruto<\/li>\n<li>Dividendo neto<\/li>\n<li>Fecha de anuncio<\/li>\n<li>Indicador TBA<\/li>\n<li>Dividendo nulo<\/li>\n<li>Indicador de dividendo aproximado<\/li>\n<li>ID de pago<\/li>\n<\/ul>\n<\/td>\n<\/tr>\n<\/tbody>\n<\/table>\n<p>&nbsp;<\/p>\n","protected":false},"featured_media":34154,"template":"","country":[],"product_category":[3186,3178],"class_list":["post-36025","product","type-product","status-publish","has-post-thumbnail","hentry","product_category-fondos-de-inversion","product_category-productos-y-servicios"],"acf":[],"yoast_head":"<!-- This site is optimized with the Yoast SEO Premium plugin v26.0 (Yoast SEO v26.0) - https:\/\/yoast.com\/wordpress\/plugins\/seo\/ -->\n<title>Fondos de Inversi\u00f3n Unitarios | Datos completos sobre UITs emitidos en EE. UU.<\/title>\n<meta name=\"description\" content=\"Acceda a informaci\u00f3n detallada de fondos de inversi\u00f3n unitarios incluyendo acciones corporativas, fechas clave, dividendos y m\u00e1s para todos los UITs en EE. UU.\" \/>\n<meta name=\"robots\" content=\"index, follow, max-snippet:-1, max-image-preview:large, max-video-preview:-1\" \/>\n<link rel=\"canonical\" href=\"https:\/\/www.exchange-data.com\/es\/producto\/fondos-de-inversion\/\" \/>\n<meta property=\"og:locale\" content=\"es_ES\" \/>\n<meta property=\"og:type\" content=\"article\" \/>\n<meta property=\"og:title\" content=\"Fondo de inversi\u00f3n\" \/>\n<meta property=\"og:description\" content=\"Un unit investment trust (UIT) es una sociedad de inversi\u00f3n que ofrece una cartera fija, generalmente de acciones y bonos, en forma de participaciones reembolsables a los inversores durante un periodo de tiempo determinado. Est\u00e1 dise\u00f1ado para proporcionar revalorizaci\u00f3n del capital y\/o ingresos por dividendos. Cubrimos todos los unit investment trust emitidos en Estados Unidos.\" \/>\n<meta property=\"og:url\" content=\"https:\/\/www.exchange-data.com\/es\/producto\/fondos-de-inversion\/\" \/>\n<meta property=\"og:site_name\" content=\"Exchange Data International\" \/>\n<meta property=\"article:modified_time\" content=\"2025-10-07T10:23:52+00:00\" \/>\n<meta property=\"og:image\" content=\"https:\/\/www.exchange-data.com\/wp-content\/uploads\/2015\/09\/EDI-Post-Featured-Image-700x400-1.png\" \/>\n<meta name=\"twitter:card\" content=\"summary_large_image\" \/>\n<meta name=\"twitter:title\" content=\"Fondo de inversi\u00f3n\" \/>\n<meta name=\"twitter:description\" content=\"Un unit investment trust (UIT) es una sociedad de inversi\u00f3n que ofrece una cartera fija, generalmente de acciones y bonos, en forma de participaciones reembolsables a los inversores durante un periodo de tiempo determinado. Est\u00e1 dise\u00f1ado para proporcionar revalorizaci\u00f3n del capital y\/o ingresos por dividendos. Cubrimos todos los unit investment trust emitidos en Estados Unidos.\" \/>\n<meta name=\"twitter:image\" content=\"https:\/\/www.exchange-data.com\/wp-content\/uploads\/2015\/09\/EDI-Post-Featured-Image-700x400-1.png\" \/>\n<meta name=\"twitter:site\" content=\"@ExchangeData\" \/>\n<meta name=\"twitter:label1\" content=\"Tiempo de lectura\" \/>\n\t<meta name=\"twitter:data1\" content=\"1 minuto\" \/>\n<script type=\"application\/ld+json\" class=\"yoast-schema-graph\">{\"@context\":\"https:\/\/schema.org\",\"@graph\":[{\"@type\":\"WebPage\",\"@id\":\"https:\/\/www.exchange-data.com\/es\/producto\/fondos-de-inversion\/\",\"url\":\"https:\/\/www.exchange-data.com\/es\/producto\/fondos-de-inversion\/\",\"name\":\"Fondos de Inversi\u00f3n Unitarios | Datos completos sobre UITs emitidos en EE. UU.\",\"isPartOf\":{\"@id\":\"https:\/\/www.exchange-data.com\/es\/#website\"},\"primaryImageOfPage\":{\"@id\":\"https:\/\/www.exchange-data.com\/es\/producto\/fondos-de-inversion\/#primaryimage\"},\"image\":{\"@id\":\"https:\/\/www.exchange-data.com\/es\/producto\/fondos-de-inversion\/#primaryimage\"},\"thumbnailUrl\":\"https:\/\/www.exchange-data.com\/wp-content\/uploads\/2015\/09\/EDI-Post-Featured-Image-700x400-1.png\",\"datePublished\":\"2020-07-22T12:30:36+00:00\",\"dateModified\":\"2025-10-07T10:23:52+00:00\",\"description\":\"Acceda a informaci\u00f3n detallada de fondos de inversi\u00f3n unitarios incluyendo acciones corporativas, fechas clave, dividendos y m\u00e1s para todos los UITs en EE. UU.\",\"breadcrumb\":{\"@id\":\"https:\/\/www.exchange-data.com\/es\/producto\/fondos-de-inversion\/#breadcrumb\"},\"inLanguage\":\"es\",\"potentialAction\":[{\"@type\":\"ReadAction\",\"target\":[\"https:\/\/www.exchange-data.com\/es\/producto\/fondos-de-inversion\/\"]}]},{\"@type\":\"ImageObject\",\"inLanguage\":\"es\",\"@id\":\"https:\/\/www.exchange-data.com\/es\/producto\/fondos-de-inversion\/#primaryimage\",\"url\":\"https:\/\/www.exchange-data.com\/wp-content\/uploads\/2015\/09\/EDI-Post-Featured-Image-700x400-1.png\",\"contentUrl\":\"https:\/\/www.exchange-data.com\/wp-content\/uploads\/2015\/09\/EDI-Post-Featured-Image-700x400-1.png\",\"width\":700,\"height\":400,\"caption\":\"Exchange Data International\"},{\"@type\":\"BreadcrumbList\",\"@id\":\"https:\/\/www.exchange-data.com\/es\/producto\/fondos-de-inversion\/#breadcrumb\",\"itemListElement\":[{\"@type\":\"ListItem\",\"position\":1,\"name\":\"Home\",\"item\":\"https:\/\/www.exchange-data.com\/es\/inicio\/\"},{\"@type\":\"ListItem\",\"position\":2,\"name\":\"Fideicomisos de Inversi\u00f3n en Unidades (UIT)\"}]},{\"@type\":\"WebSite\",\"@id\":\"https:\/\/www.exchange-data.com\/es\/#website\",\"url\":\"https:\/\/www.exchange-data.com\/es\/\",\"name\":\"Exchange Data International\",\"description\":\"Doing data differently\",\"publisher\":{\"@id\":\"https:\/\/www.exchange-data.com\/es\/#organization\"},\"potentialAction\":[{\"@type\":\"SearchAction\",\"target\":{\"@type\":\"EntryPoint\",\"urlTemplate\":\"https:\/\/www.exchange-data.com\/es\/?s={search_term_string}\"},\"query-input\":{\"@type\":\"PropertyValueSpecification\",\"valueRequired\":true,\"valueName\":\"search_term_string\"}}],\"inLanguage\":\"es\"},{\"@type\":\"Organization\",\"@id\":\"https:\/\/www.exchange-data.com\/es\/#organization\",\"name\":\"Exchange Data International\",\"url\":\"https:\/\/www.exchange-data.com\/es\/\",\"logo\":{\"@type\":\"ImageObject\",\"inLanguage\":\"es\",\"@id\":\"https:\/\/www.exchange-data.com\/es\/#\/schema\/logo\/image\/\",\"url\":\"https:\/\/www.exchange-data.com\/wp-content\/uploads\/2019\/03\/logo3.png\",\"contentUrl\":\"https:\/\/www.exchange-data.com\/wp-content\/uploads\/2019\/03\/logo3.png\",\"width\":200,\"height\":80,\"caption\":\"Exchange Data International\"},\"image\":{\"@id\":\"https:\/\/www.exchange-data.com\/es\/#\/schema\/logo\/image\/\"},\"sameAs\":[\"https:\/\/x.com\/ExchangeData\",\"https:\/\/www.linkedin.com\/company\/exchange-data-international\/?viewAsMember=true\",\"https:\/\/www.youtube.com\/channel\/UC5D1OpUb22YZANRLD_Ktcgg?view_as=subscriber\"]}]}<\/script>\n<!-- \/ Yoast SEO Premium plugin. -->","yoast_head_json":{"title":"Fondos de Inversi\u00f3n Unitarios | Datos completos sobre UITs emitidos en EE. UU.","description":"Acceda a informaci\u00f3n detallada de fondos de inversi\u00f3n unitarios incluyendo acciones corporativas, fechas clave, dividendos y m\u00e1s para todos los UITs en EE. UU.","robots":{"index":"index","follow":"follow","max-snippet":"max-snippet:-1","max-image-preview":"max-image-preview:large","max-video-preview":"max-video-preview:-1"},"canonical":"https:\/\/www.exchange-data.com\/es\/producto\/fondos-de-inversion\/","og_locale":"es_ES","og_type":"article","og_title":"Fondo de inversi\u00f3n","og_description":"Un unit investment trust (UIT) es una sociedad de inversi\u00f3n que ofrece una cartera fija, generalmente de acciones y bonos, en forma de participaciones reembolsables a los inversores durante un periodo de tiempo determinado. Est\u00e1 dise\u00f1ado para proporcionar revalorizaci\u00f3n del capital y\/o ingresos por dividendos. Cubrimos todos los unit investment trust emitidos en Estados Unidos.","og_url":"https:\/\/www.exchange-data.com\/es\/producto\/fondos-de-inversion\/","og_site_name":"Exchange Data International","article_modified_time":"2025-10-07T10:23:52+00:00","og_image":[{"url":"https:\/\/www.exchange-data.com\/wp-content\/uploads\/2015\/09\/EDI-Post-Featured-Image-700x400-1.png","type":"","width":"","height":""}],"twitter_card":"summary_large_image","twitter_title":"Fondo de inversi\u00f3n","twitter_description":"Un unit investment trust (UIT) es una sociedad de inversi\u00f3n que ofrece una cartera fija, generalmente de acciones y bonos, en forma de participaciones reembolsables a los inversores durante un periodo de tiempo determinado. Est\u00e1 dise\u00f1ado para proporcionar revalorizaci\u00f3n del capital y\/o ingresos por dividendos. Cubrimos todos los unit investment trust emitidos en Estados Unidos.","twitter_image":"https:\/\/www.exchange-data.com\/wp-content\/uploads\/2015\/09\/EDI-Post-Featured-Image-700x400-1.png","twitter_site":"@ExchangeData","twitter_misc":{"Tiempo de lectura":"1 minuto"},"schema":{"@context":"https:\/\/schema.org","@graph":[{"@type":"WebPage","@id":"https:\/\/www.exchange-data.com\/es\/producto\/fondos-de-inversion\/","url":"https:\/\/www.exchange-data.com\/es\/producto\/fondos-de-inversion\/","name":"Fondos de Inversi\u00f3n Unitarios | Datos completos sobre UITs emitidos en EE. UU.","isPartOf":{"@id":"https:\/\/www.exchange-data.com\/es\/#website"},"primaryImageOfPage":{"@id":"https:\/\/www.exchange-data.com\/es\/producto\/fondos-de-inversion\/#primaryimage"},"image":{"@id":"https:\/\/www.exchange-data.com\/es\/producto\/fondos-de-inversion\/#primaryimage"},"thumbnailUrl":"https:\/\/www.exchange-data.com\/wp-content\/uploads\/2015\/09\/EDI-Post-Featured-Image-700x400-1.png","datePublished":"2020-07-22T12:30:36+00:00","dateModified":"2025-10-07T10:23:52+00:00","description":"Acceda a informaci\u00f3n detallada de fondos de inversi\u00f3n unitarios incluyendo acciones corporativas, fechas clave, dividendos y m\u00e1s para todos los UITs en EE. UU.","breadcrumb":{"@id":"https:\/\/www.exchange-data.com\/es\/producto\/fondos-de-inversion\/#breadcrumb"},"inLanguage":"es","potentialAction":[{"@type":"ReadAction","target":["https:\/\/www.exchange-data.com\/es\/producto\/fondos-de-inversion\/"]}]},{"@type":"ImageObject","inLanguage":"es","@id":"https:\/\/www.exchange-data.com\/es\/producto\/fondos-de-inversion\/#primaryimage","url":"https:\/\/www.exchange-data.com\/wp-content\/uploads\/2015\/09\/EDI-Post-Featured-Image-700x400-1.png","contentUrl":"https:\/\/www.exchange-data.com\/wp-content\/uploads\/2015\/09\/EDI-Post-Featured-Image-700x400-1.png","width":700,"height":400,"caption":"Exchange Data International"},{"@type":"BreadcrumbList","@id":"https:\/\/www.exchange-data.com\/es\/producto\/fondos-de-inversion\/#breadcrumb","itemListElement":[{"@type":"ListItem","position":1,"name":"Home","item":"https:\/\/www.exchange-data.com\/es\/inicio\/"},{"@type":"ListItem","position":2,"name":"Fideicomisos de Inversi\u00f3n en Unidades (UIT)"}]},{"@type":"WebSite","@id":"https:\/\/www.exchange-data.com\/es\/#website","url":"https:\/\/www.exchange-data.com\/es\/","name":"Exchange Data International","description":"Doing data differently","publisher":{"@id":"https:\/\/www.exchange-data.com\/es\/#organization"},"potentialAction":[{"@type":"SearchAction","target":{"@type":"EntryPoint","urlTemplate":"https:\/\/www.exchange-data.com\/es\/?s={search_term_string}"},"query-input":{"@type":"PropertyValueSpecification","valueRequired":true,"valueName":"search_term_string"}}],"inLanguage":"es"},{"@type":"Organization","@id":"https:\/\/www.exchange-data.com\/es\/#organization","name":"Exchange Data International","url":"https:\/\/www.exchange-data.com\/es\/","logo":{"@type":"ImageObject","inLanguage":"es","@id":"https:\/\/www.exchange-data.com\/es\/#\/schema\/logo\/image\/","url":"https:\/\/www.exchange-data.com\/wp-content\/uploads\/2019\/03\/logo3.png","contentUrl":"https:\/\/www.exchange-data.com\/wp-content\/uploads\/2019\/03\/logo3.png","width":200,"height":80,"caption":"Exchange Data International"},"image":{"@id":"https:\/\/www.exchange-data.com\/es\/#\/schema\/logo\/image\/"},"sameAs":["https:\/\/x.com\/ExchangeData","https:\/\/www.linkedin.com\/company\/exchange-data-international\/?viewAsMember=true","https:\/\/www.youtube.com\/channel\/UC5D1OpUb22YZANRLD_Ktcgg?view_as=subscriber"]}]}},"_links":{"self":[{"href":"https:\/\/www.exchange-data.com\/es\/wp-json\/wp\/v2\/product\/36025","targetHints":{"allow":["GET"]}}],"collection":[{"href":"https:\/\/www.exchange-data.com\/es\/wp-json\/wp\/v2\/product"}],"about":[{"href":"https:\/\/www.exchange-data.com\/es\/wp-json\/wp\/v2\/types\/product"}],"wp:featuredmedia":[{"embeddable":true,"href":"https:\/\/www.exchange-data.com\/es\/wp-json\/wp\/v2\/media\/34154"}],"wp:attachment":[{"href":"https:\/\/www.exchange-data.com\/es\/wp-json\/wp\/v2\/media?parent=36025"}],"wp:term":[{"taxonomy":"country","embeddable":true,"href":"https:\/\/www.exchange-data.com\/es\/wp-json\/wp\/v2\/country?post=36025"},{"taxonomy":"product_category","embeddable":true,"href":"https:\/\/www.exchange-data.com\/es\/wp-json\/wp\/v2\/product_category?post=36025"}],"curies":[{"name":"wp","href":"https:\/\/api.w.org\/{rel}","templated":true}]}}