{"id":36026,"date":"2019-03-28T17:32:32","date_gmt":"2019-03-28T16:32:32","guid":{"rendered":"https:\/\/www.exchange-data.com\/product\/recibos-de-deposito-universales\/"},"modified":"2025-10-10T06:38:01","modified_gmt":"2025-10-10T05:38:01","slug":"recibos-de-deposito-universales","status":"publish","type":"product","link":"https:\/\/www.exchange-data.com\/es\/producto\/recibos-de-deposito-universales\/","title":{"rendered":"Recibos de Dep\u00f3sito Universales (UDR)<br>"},"content":{"rendered":"<p>&nbsp;<\/p>\n<h2>Datos recopilados de los cuatro principales bancos depositarios, bolsas de valores y emisores corporativos.<\/h2>\n<p>&nbsp;<\/p>\n<p><span style=\"font-weight: 400;\">Acceda a la Informaci\u00f3n de Certificados de Dep\u00f3sitos necesaria para aprovechar las ventajas de invertir en mercados internacionales, minimizando al mismo tiempo los riesgos asociados a la inversi\u00f3n transfronteriza.<\/span><\/p>\n<p><span style=\"font-weight: 400;\">Con nuestro servicio de datos sobre recibos de dep\u00f3sito universales, podr\u00e1 consultar informaci\u00f3n detallada sobre todos los American Depository Receipts (ADR), Global Depository Receipts (GDR) y otros tipos de certificados de dep\u00f3sito.<\/span><\/p>\n<h3>Utilice estos datos para convertir certificados de dep\u00f3sito en acciones ordinarias de forma precisa y eficiente.<\/h3>\n<h4>Su feed de datos incluir\u00e1 acceso a:<\/h4>\n<ul>\n<li><span style=\"font-weight: 400;\">Datos de referencia de valores<\/span><\/li>\n<li><span style=\"font-weight: 400;\">Informaci\u00f3n sobre operaciones corporativas<\/span><\/li>\n<\/ul>\n","protected":false},"featured_media":34154,"template":"","country":[],"product_category":[3182,3178],"class_list":["post-36026","product","type-product","status-publish","has-post-thumbnail","hentry","product_category-acciones-corporativas","product_category-productos-y-servicios"],"acf":[],"yoast_head":"<!-- This site is optimized with the Yoast SEO Premium plugin v26.0 (Yoast SEO v26.0) - https:\/\/yoast.com\/wordpress\/plugins\/seo\/ -->\n<title>Informaci\u00f3n de Certificados de Dep\u00f3sitos | ADR &amp; GDR Market Data<\/title>\n<meta name=\"description\" content=\"Access detailed Informaci\u00f3n de Certificados de Dep\u00f3sitos from global sources. Convert ADRs and GDRs, and track securities and corporate actions data with ease.\" \/>\n<meta name=\"robots\" content=\"index, follow, max-snippet:-1, max-image-preview:large, max-video-preview:-1\" \/>\n<link rel=\"canonical\" href=\"https:\/\/www.exchange-data.com\/es\/producto\/recibos-de-deposito-universales\/\" \/>\n<meta property=\"og:locale\" content=\"es_ES\" \/>\n<meta property=\"og:type\" content=\"article\" \/>\n<meta property=\"og:title\" content=\"Recibos de dep\u00f3sito universales\" \/>\n<meta property=\"og:description\" content=\"Acceda a los datos que necesita para aprovechar las ventajas de la inversi\u00f3n en el extranjero, evitando al mismo tiempo los riesgos innecesarios de invertir fuera de sus fronteras. Con nuestra fuente de datos universal sobre recibos de dep\u00f3sito puede obtener informaci\u00f3n detallada sobre todos los recibos de dep\u00f3sito estadounidenses (ADR), recibos de dep\u00f3sito mundiales (GDR) y otros recibos de dep\u00f3sito. Adem\u00e1s, puede utilizar los datos para convertir recibos de dep\u00f3sito en acciones ordinarias. Su fuente de datos de recibos de dep\u00f3sito universal le proporcionar\u00e1 acceso a: Datos de referencia de valores y Datos de operaciones de sociedades.\" \/>\n<meta property=\"og:url\" content=\"https:\/\/www.exchange-data.com\/es\/producto\/recibos-de-deposito-universales\/\" \/>\n<meta property=\"og:site_name\" content=\"Exchange Data International\" \/>\n<meta property=\"article:modified_time\" content=\"2025-10-10T05:38:01+00:00\" \/>\n<meta property=\"og:image\" content=\"https:\/\/www.exchange-data.com\/wp-content\/uploads\/2015\/09\/EDI-Post-Featured-Image-700x400-1.png\" \/>\n<meta name=\"twitter:card\" content=\"summary_large_image\" \/>\n<meta name=\"twitter:title\" content=\"Recibos de dep\u00f3sito universales\" \/>\n<meta name=\"twitter:description\" content=\"Acceda a los datos que necesita para aprovechar las ventajas de la inversi\u00f3n en el extranjero, evitando al mismo tiempo los riesgos innecesarios de invertir fuera de sus fronteras. Con nuestra fuente de datos universal sobre recibos de dep\u00f3sito puede obtener informaci\u00f3n detallada sobre todos los recibos de dep\u00f3sito estadounidenses (ADR), recibos de dep\u00f3sito mundiales (GDR) y otros recibos de dep\u00f3sito. Adem\u00e1s, puede utilizar los datos para convertir recibos de dep\u00f3sito en acciones ordinarias. Su fuente de datos de recibos de dep\u00f3sito universal le proporcionar\u00e1 acceso a: Datos de referencia de valores y Datos de operaciones de sociedades.\" \/>\n<meta name=\"twitter:image\" content=\"https:\/\/www.exchange-data.com\/wp-content\/uploads\/2015\/09\/EDI-Post-Featured-Image-700x400-1.png\" \/>\n<meta name=\"twitter:site\" content=\"@ExchangeData\" \/>\n<meta name=\"twitter:label1\" content=\"Tiempo de lectura\" \/>\n\t<meta name=\"twitter:data1\" content=\"1 minuto\" \/>\n<script type=\"application\/ld+json\" class=\"yoast-schema-graph\">{\"@context\":\"https:\/\/schema.org\",\"@graph\":[{\"@type\":\"WebPage\",\"@id\":\"https:\/\/www.exchange-data.com\/es\/producto\/recibos-de-deposito-universales\/\",\"url\":\"https:\/\/www.exchange-data.com\/es\/producto\/recibos-de-deposito-universales\/\",\"name\":\"Informaci\u00f3n de Certificados de Dep\u00f3sitos | ADR & GDR Market Data\",\"isPartOf\":{\"@id\":\"https:\/\/www.exchange-data.com\/es\/#website\"},\"primaryImageOfPage\":{\"@id\":\"https:\/\/www.exchange-data.com\/es\/producto\/recibos-de-deposito-universales\/#primaryimage\"},\"image\":{\"@id\":\"https:\/\/www.exchange-data.com\/es\/producto\/recibos-de-deposito-universales\/#primaryimage\"},\"thumbnailUrl\":\"https:\/\/www.exchange-data.com\/wp-content\/uploads\/2015\/09\/EDI-Post-Featured-Image-700x400-1.png\",\"datePublished\":\"2019-03-28T16:32:32+00:00\",\"dateModified\":\"2025-10-10T05:38:01+00:00\",\"description\":\"Access detailed Informaci\u00f3n de Certificados de Dep\u00f3sitos from global sources. Convert ADRs and GDRs, and track securities and corporate actions data with ease.\",\"breadcrumb\":{\"@id\":\"https:\/\/www.exchange-data.com\/es\/producto\/recibos-de-deposito-universales\/#breadcrumb\"},\"inLanguage\":\"es\",\"potentialAction\":[{\"@type\":\"ReadAction\",\"target\":[\"https:\/\/www.exchange-data.com\/es\/producto\/recibos-de-deposito-universales\/\"]}]},{\"@type\":\"ImageObject\",\"inLanguage\":\"es\",\"@id\":\"https:\/\/www.exchange-data.com\/es\/producto\/recibos-de-deposito-universales\/#primaryimage\",\"url\":\"https:\/\/www.exchange-data.com\/wp-content\/uploads\/2015\/09\/EDI-Post-Featured-Image-700x400-1.png\",\"contentUrl\":\"https:\/\/www.exchange-data.com\/wp-content\/uploads\/2015\/09\/EDI-Post-Featured-Image-700x400-1.png\",\"width\":700,\"height\":400,\"caption\":\"Exchange Data International\"},{\"@type\":\"BreadcrumbList\",\"@id\":\"https:\/\/www.exchange-data.com\/es\/producto\/recibos-de-deposito-universales\/#breadcrumb\",\"itemListElement\":[{\"@type\":\"ListItem\",\"position\":1,\"name\":\"Home\",\"item\":\"https:\/\/www.exchange-data.com\/es\/inicio\/\"},{\"@type\":\"ListItem\",\"position\":2,\"name\":\"Recibos de Dep\u00f3sito Universales (UDR)\"}]},{\"@type\":\"WebSite\",\"@id\":\"https:\/\/www.exchange-data.com\/es\/#website\",\"url\":\"https:\/\/www.exchange-data.com\/es\/\",\"name\":\"Exchange Data International\",\"description\":\"Doing data differently\",\"publisher\":{\"@id\":\"https:\/\/www.exchange-data.com\/es\/#organization\"},\"potentialAction\":[{\"@type\":\"SearchAction\",\"target\":{\"@type\":\"EntryPoint\",\"urlTemplate\":\"https:\/\/www.exchange-data.com\/es\/?s={search_term_string}\"},\"query-input\":{\"@type\":\"PropertyValueSpecification\",\"valueRequired\":true,\"valueName\":\"search_term_string\"}}],\"inLanguage\":\"es\"},{\"@type\":\"Organization\",\"@id\":\"https:\/\/www.exchange-data.com\/es\/#organization\",\"name\":\"Exchange Data International\",\"url\":\"https:\/\/www.exchange-data.com\/es\/\",\"logo\":{\"@type\":\"ImageObject\",\"inLanguage\":\"es\",\"@id\":\"https:\/\/www.exchange-data.com\/es\/#\/schema\/logo\/image\/\",\"url\":\"https:\/\/www.exchange-data.com\/wp-content\/uploads\/2019\/03\/logo3.png\",\"contentUrl\":\"https:\/\/www.exchange-data.com\/wp-content\/uploads\/2019\/03\/logo3.png\",\"width\":200,\"height\":80,\"caption\":\"Exchange Data International\"},\"image\":{\"@id\":\"https:\/\/www.exchange-data.com\/es\/#\/schema\/logo\/image\/\"},\"sameAs\":[\"https:\/\/x.com\/ExchangeData\",\"https:\/\/www.linkedin.com\/company\/exchange-data-international\/?viewAsMember=true\",\"https:\/\/www.youtube.com\/channel\/UC5D1OpUb22YZANRLD_Ktcgg?view_as=subscriber\"]}]}<\/script>\n<!-- \/ Yoast SEO Premium plugin. -->","yoast_head_json":{"title":"Informaci\u00f3n de Certificados de Dep\u00f3sitos | ADR & GDR Market Data","description":"Access detailed Informaci\u00f3n de Certificados de Dep\u00f3sitos from global sources. Convert ADRs and GDRs, and track securities and corporate actions data with ease.","robots":{"index":"index","follow":"follow","max-snippet":"max-snippet:-1","max-image-preview":"max-image-preview:large","max-video-preview":"max-video-preview:-1"},"canonical":"https:\/\/www.exchange-data.com\/es\/producto\/recibos-de-deposito-universales\/","og_locale":"es_ES","og_type":"article","og_title":"Recibos de dep\u00f3sito universales","og_description":"Acceda a los datos que necesita para aprovechar las ventajas de la inversi\u00f3n en el extranjero, evitando al mismo tiempo los riesgos innecesarios de invertir fuera de sus fronteras. Con nuestra fuente de datos universal sobre recibos de dep\u00f3sito puede obtener informaci\u00f3n detallada sobre todos los recibos de dep\u00f3sito estadounidenses (ADR), recibos de dep\u00f3sito mundiales (GDR) y otros recibos de dep\u00f3sito. Adem\u00e1s, puede utilizar los datos para convertir recibos de dep\u00f3sito en acciones ordinarias. Su fuente de datos de recibos de dep\u00f3sito universal le proporcionar\u00e1 acceso a: Datos de referencia de valores y Datos de operaciones de sociedades.","og_url":"https:\/\/www.exchange-data.com\/es\/producto\/recibos-de-deposito-universales\/","og_site_name":"Exchange Data International","article_modified_time":"2025-10-10T05:38:01+00:00","og_image":[{"url":"https:\/\/www.exchange-data.com\/wp-content\/uploads\/2015\/09\/EDI-Post-Featured-Image-700x400-1.png","type":"","width":"","height":""}],"twitter_card":"summary_large_image","twitter_title":"Recibos de dep\u00f3sito universales","twitter_description":"Acceda a los datos que necesita para aprovechar las ventajas de la inversi\u00f3n en el extranjero, evitando al mismo tiempo los riesgos innecesarios de invertir fuera de sus fronteras. Con nuestra fuente de datos universal sobre recibos de dep\u00f3sito puede obtener informaci\u00f3n detallada sobre todos los recibos de dep\u00f3sito estadounidenses (ADR), recibos de dep\u00f3sito mundiales (GDR) y otros recibos de dep\u00f3sito. Adem\u00e1s, puede utilizar los datos para convertir recibos de dep\u00f3sito en acciones ordinarias. Su fuente de datos de recibos de dep\u00f3sito universal le proporcionar\u00e1 acceso a: Datos de referencia de valores y Datos de operaciones de sociedades.","twitter_image":"https:\/\/www.exchange-data.com\/wp-content\/uploads\/2015\/09\/EDI-Post-Featured-Image-700x400-1.png","twitter_site":"@ExchangeData","twitter_misc":{"Tiempo de lectura":"1 minuto"},"schema":{"@context":"https:\/\/schema.org","@graph":[{"@type":"WebPage","@id":"https:\/\/www.exchange-data.com\/es\/producto\/recibos-de-deposito-universales\/","url":"https:\/\/www.exchange-data.com\/es\/producto\/recibos-de-deposito-universales\/","name":"Informaci\u00f3n de Certificados de Dep\u00f3sitos | ADR & GDR Market Data","isPartOf":{"@id":"https:\/\/www.exchange-data.com\/es\/#website"},"primaryImageOfPage":{"@id":"https:\/\/www.exchange-data.com\/es\/producto\/recibos-de-deposito-universales\/#primaryimage"},"image":{"@id":"https:\/\/www.exchange-data.com\/es\/producto\/recibos-de-deposito-universales\/#primaryimage"},"thumbnailUrl":"https:\/\/www.exchange-data.com\/wp-content\/uploads\/2015\/09\/EDI-Post-Featured-Image-700x400-1.png","datePublished":"2019-03-28T16:32:32+00:00","dateModified":"2025-10-10T05:38:01+00:00","description":"Access detailed Informaci\u00f3n de Certificados de Dep\u00f3sitos from global sources. Convert ADRs and GDRs, and track securities and corporate actions data with ease.","breadcrumb":{"@id":"https:\/\/www.exchange-data.com\/es\/producto\/recibos-de-deposito-universales\/#breadcrumb"},"inLanguage":"es","potentialAction":[{"@type":"ReadAction","target":["https:\/\/www.exchange-data.com\/es\/producto\/recibos-de-deposito-universales\/"]}]},{"@type":"ImageObject","inLanguage":"es","@id":"https:\/\/www.exchange-data.com\/es\/producto\/recibos-de-deposito-universales\/#primaryimage","url":"https:\/\/www.exchange-data.com\/wp-content\/uploads\/2015\/09\/EDI-Post-Featured-Image-700x400-1.png","contentUrl":"https:\/\/www.exchange-data.com\/wp-content\/uploads\/2015\/09\/EDI-Post-Featured-Image-700x400-1.png","width":700,"height":400,"caption":"Exchange Data International"},{"@type":"BreadcrumbList","@id":"https:\/\/www.exchange-data.com\/es\/producto\/recibos-de-deposito-universales\/#breadcrumb","itemListElement":[{"@type":"ListItem","position":1,"name":"Home","item":"https:\/\/www.exchange-data.com\/es\/inicio\/"},{"@type":"ListItem","position":2,"name":"Recibos de Dep\u00f3sito Universales (UDR)"}]},{"@type":"WebSite","@id":"https:\/\/www.exchange-data.com\/es\/#website","url":"https:\/\/www.exchange-data.com\/es\/","name":"Exchange Data International","description":"Doing data differently","publisher":{"@id":"https:\/\/www.exchange-data.com\/es\/#organization"},"potentialAction":[{"@type":"SearchAction","target":{"@type":"EntryPoint","urlTemplate":"https:\/\/www.exchange-data.com\/es\/?s={search_term_string}"},"query-input":{"@type":"PropertyValueSpecification","valueRequired":true,"valueName":"search_term_string"}}],"inLanguage":"es"},{"@type":"Organization","@id":"https:\/\/www.exchange-data.com\/es\/#organization","name":"Exchange Data International","url":"https:\/\/www.exchange-data.com\/es\/","logo":{"@type":"ImageObject","inLanguage":"es","@id":"https:\/\/www.exchange-data.com\/es\/#\/schema\/logo\/image\/","url":"https:\/\/www.exchange-data.com\/wp-content\/uploads\/2019\/03\/logo3.png","contentUrl":"https:\/\/www.exchange-data.com\/wp-content\/uploads\/2019\/03\/logo3.png","width":200,"height":80,"caption":"Exchange Data International"},"image":{"@id":"https:\/\/www.exchange-data.com\/es\/#\/schema\/logo\/image\/"},"sameAs":["https:\/\/x.com\/ExchangeData","https:\/\/www.linkedin.com\/company\/exchange-data-international\/?viewAsMember=true","https:\/\/www.youtube.com\/channel\/UC5D1OpUb22YZANRLD_Ktcgg?view_as=subscriber"]}]}},"_links":{"self":[{"href":"https:\/\/www.exchange-data.com\/es\/wp-json\/wp\/v2\/product\/36026","targetHints":{"allow":["GET"]}}],"collection":[{"href":"https:\/\/www.exchange-data.com\/es\/wp-json\/wp\/v2\/product"}],"about":[{"href":"https:\/\/www.exchange-data.com\/es\/wp-json\/wp\/v2\/types\/product"}],"wp:featuredmedia":[{"embeddable":true,"href":"https:\/\/www.exchange-data.com\/es\/wp-json\/wp\/v2\/media\/34154"}],"wp:attachment":[{"href":"https:\/\/www.exchange-data.com\/es\/wp-json\/wp\/v2\/media?parent=36026"}],"wp:term":[{"taxonomy":"country","embeddable":true,"href":"https:\/\/www.exchange-data.com\/es\/wp-json\/wp\/v2\/country?post=36026"},{"taxonomy":"product_category","embeddable":true,"href":"https:\/\/www.exchange-data.com\/es\/wp-json\/wp\/v2\/product_category?post=36026"}],"curies":[{"name":"wp","href":"https:\/\/api.w.org\/{rel}","templated":true}]}}