{"id":36028,"date":"2019-01-29T17:39:02","date_gmt":"2019-01-29T16:39:02","guid":{"rendered":"https:\/\/www.exchange-data.com\/product\/datos-sobre-quiebras-en-ee-uu\/"},"modified":"2025-10-10T07:34:55","modified_gmt":"2025-10-10T06:34:55","slug":"datos-sobre-quiebras-en-ee-uu","status":"publish","type":"product","link":"https:\/\/www.exchange-data.com\/es\/producto\/datos-sobre-quiebras-en-ee-uu\/","title":{"rendered":"Datos de Bancarrotas en EE.\u202fUU.<br>"},"content":{"rendered":"<p><span style=\"font-weight: 400;\">Con el servicio de datos de quiebras en EE.\u202fUU., los clientes pueden optimizar sus an\u00e1lisis, agilizar b\u00fasquedas y reforzar el monitoreo con informaci\u00f3n detallada sobre bancarrotas, siempre al alcance de la mano.<\/span><\/p>\n<p><span style=\"font-weight: 400;\">La informaci\u00f3n de los casos de todas las empresas que se declaran en quiebra en los 94 tribunales de bancarrotas de EE.\u202fUU. se importa y actualiza diariamente. Actualmente, la base incluye m\u00e1s de 500.000 empresas en situaci\u00f3n de quiebra.<\/span><\/p>\n<p><span style=\"font-weight: 400;\">Adem\u00e1s de una base de datos exhaustiva, realizamos seguimiento y redactamos noticias sobre cada empresa p\u00fablica que opera bajo la protecci\u00f3n del Cap\u00edtulo 11, lo que permite mantener una cobertura continua y actualizada. <\/span><\/p>\n<p>&nbsp;<\/p>\n<h2>\u00bfC\u00f3mo puede ayudarle el servicio de datos de quiebras en EE. UU.?<\/h2>\n<p>&nbsp;<\/p>\n<ul>\n<li><span style=\"font-weight: 400;\">Mant\u00e9ngase informado sobre la actividad de casos con Bankruptcy Daily y Bankruptcy Week<\/span><\/li>\n<li><span style=\"font-weight: 400;\">Realice investigaciones sectoriales mediante nuestra plataforma avanzada de b\u00fasqueda personalizada<\/span><\/li>\n<li><span style=\"font-weight: 400;\">Exporte resultados para an\u00e1lisis y revisiones adicionales<\/span><\/li>\n<li><span style=\"font-weight: 400;\">Genere oportunidades comerciales con archivos diarios de empresas en quiebra<\/span><\/li>\n<li><span style=\"font-weight: 400;\">Controle a la competencia con acceso a nuestra base de datos profesional de retenciones<\/span><\/li>\n<li><span style=\"font-weight: 400;\">Integre los datos en sus sistemas internos mediante APIs y feeds personalizados<\/span><\/li>\n<\/ul>\n<p>&nbsp;<\/p>\n<h3>Fuentes de datos<\/h3>\n<p>&nbsp;<\/p>\n<h4>Los datos masivos sobre bancarrotas pueden aplicarse a:<\/h4>\n<p>&nbsp;<\/p>\n<ul>\n<li><span style=\"font-weight: 400;\">Modelos de riesgo crediticio<\/span><\/li>\n<li><span style=\"font-weight: 400;\">Perfilado de clientes<\/span><\/li>\n<li><span style=\"font-weight: 400;\">Filtros de inversi\u00f3n<\/span><\/li>\n<li><span style=\"font-weight: 400;\">Perfilado de acreedores<\/span><\/li>\n<li><span style=\"font-weight: 400;\">Datos sobre la salida de la quiebra<\/span><\/li>\n<li><span style=\"font-weight: 400;\">Generaci\u00f3n de se\u00f1ales de trading combinadas con otros datos<\/span><\/li>\n<li><span style=\"font-weight: 400;\">Otros.<\/span><\/li>\n<\/ul>\n","protected":false},"featured_media":34154,"template":"","country":[],"product_category":[3182,3178],"class_list":["post-36028","product","type-product","status-publish","has-post-thumbnail","hentry","product_category-acciones-corporativas","product_category-productos-y-servicios"],"acf":[],"yoast_head":"<!-- This site is optimized with the Yoast SEO Premium plugin v26.0 (Yoast SEO v26.0) - https:\/\/yoast.com\/wordpress\/plugins\/seo\/ -->\n<title>Datos de Bancarrotas en EE.\u202fUU. | Exchange Data International<\/title>\n<meta name=\"description\" content=\"Access in-depth datos de quiebras en EE. UU. for 500K+ companies. Monitor Chapter 11 updates, analyze bankruptcy trends, and feed internal systems via API.\" \/>\n<meta name=\"robots\" content=\"index, follow, max-snippet:-1, max-image-preview:large, max-video-preview:-1\" \/>\n<link rel=\"canonical\" href=\"https:\/\/www.exchange-data.com\/es\/producto\/datos-sobre-quiebras-en-ee-uu\/\" \/>\n<meta property=\"og:locale\" content=\"es_ES\" \/>\n<meta property=\"og:type\" content=\"article\" \/>\n<meta property=\"og:title\" content=\"Datos sobre quiebras en EE.UU.\" \/>\n<meta property=\"og:description\" content=\"Con el servicio US Bankruptcy Data, los clientes pueden potenciar sus an\u00e1lisis, agilizar sus b\u00fasquedas y supervisar sus esfuerzos con informaci\u00f3n exhaustiva sobre quiebras al alcance de la mano. La informaci\u00f3n de los casos de todas las empresas que se declaran en quiebra en los 94 tribunales de quiebras de EE.UU. se importa y actualiza diariamente, y actualmente consta de m\u00e1s de 500.000 empresas en quiebra. Adem\u00e1s de una base de datos compresiva, &quot;rastreamos&quot; y escribimos noticias sobre cada empresa p\u00fablica que actualmente opera bajo la protecci\u00f3n del Cap\u00edtulo 11. Este proceso nos permite seguir recopilando informaci\u00f3n sobre la quiebra de empresas p\u00fablicas.\" \/>\n<meta property=\"og:url\" content=\"https:\/\/www.exchange-data.com\/es\/producto\/datos-sobre-quiebras-en-ee-uu\/\" \/>\n<meta property=\"og:site_name\" content=\"Exchange Data International\" \/>\n<meta property=\"article:modified_time\" content=\"2025-10-10T06:34:55+00:00\" \/>\n<meta property=\"og:image\" content=\"https:\/\/www.exchange-data.com\/wp-content\/uploads\/2015\/09\/EDI-Post-Featured-Image-700x400-1.png\" \/>\n<meta name=\"twitter:card\" content=\"summary_large_image\" \/>\n<meta name=\"twitter:title\" content=\"Datos sobre quiebras en EE.UU.\" \/>\n<meta name=\"twitter:description\" content=\"Con el servicio US Bankruptcy Data, los clientes pueden potenciar sus an\u00e1lisis, agilizar sus b\u00fasquedas y supervisar sus esfuerzos con informaci\u00f3n exhaustiva sobre quiebras al alcance de la mano. La informaci\u00f3n de los casos de todas las empresas que se declaran en quiebra en los 94 tribunales de quiebras de EE.UU. se importa y actualiza diariamente, y actualmente consta de m\u00e1s de 500.000 empresas en quiebra. Adem\u00e1s de una base de datos compresiva, &quot;rastreamos&quot; y escribimos noticias sobre cada empresa p\u00fablica que actualmente opera bajo la protecci\u00f3n del Cap\u00edtulo 11. Este proceso nos permite seguir recopilando informaci\u00f3n sobre la quiebra de empresas p\u00fablicas.\" \/>\n<meta name=\"twitter:image\" content=\"https:\/\/www.exchange-data.com\/wp-content\/uploads\/2015\/09\/EDI-Post-Featured-Image-700x400-1.png\" \/>\n<meta name=\"twitter:site\" content=\"@ExchangeData\" \/>\n<meta name=\"twitter:label1\" content=\"Tiempo de lectura\" \/>\n\t<meta name=\"twitter:data1\" content=\"1 minuto\" \/>\n<script type=\"application\/ld+json\" class=\"yoast-schema-graph\">{\"@context\":\"https:\/\/schema.org\",\"@graph\":[{\"@type\":\"WebPage\",\"@id\":\"https:\/\/www.exchange-data.com\/es\/producto\/datos-sobre-quiebras-en-ee-uu\/\",\"url\":\"https:\/\/www.exchange-data.com\/es\/producto\/datos-sobre-quiebras-en-ee-uu\/\",\"name\":\"Datos de Bancarrotas en EE.\u202fUU. | Exchange Data International\",\"isPartOf\":{\"@id\":\"https:\/\/www.exchange-data.com\/es\/#website\"},\"primaryImageOfPage\":{\"@id\":\"https:\/\/www.exchange-data.com\/es\/producto\/datos-sobre-quiebras-en-ee-uu\/#primaryimage\"},\"image\":{\"@id\":\"https:\/\/www.exchange-data.com\/es\/producto\/datos-sobre-quiebras-en-ee-uu\/#primaryimage\"},\"thumbnailUrl\":\"https:\/\/www.exchange-data.com\/wp-content\/uploads\/2015\/09\/EDI-Post-Featured-Image-700x400-1.png\",\"datePublished\":\"2019-01-29T16:39:02+00:00\",\"dateModified\":\"2025-10-10T06:34:55+00:00\",\"description\":\"Access in-depth datos de quiebras en EE. UU. for 500K+ companies. Monitor Chapter 11 updates, analyze bankruptcy trends, and feed internal systems via API.\",\"breadcrumb\":{\"@id\":\"https:\/\/www.exchange-data.com\/es\/producto\/datos-sobre-quiebras-en-ee-uu\/#breadcrumb\"},\"inLanguage\":\"es\",\"potentialAction\":[{\"@type\":\"ReadAction\",\"target\":[\"https:\/\/www.exchange-data.com\/es\/producto\/datos-sobre-quiebras-en-ee-uu\/\"]}]},{\"@type\":\"ImageObject\",\"inLanguage\":\"es\",\"@id\":\"https:\/\/www.exchange-data.com\/es\/producto\/datos-sobre-quiebras-en-ee-uu\/#primaryimage\",\"url\":\"https:\/\/www.exchange-data.com\/wp-content\/uploads\/2015\/09\/EDI-Post-Featured-Image-700x400-1.png\",\"contentUrl\":\"https:\/\/www.exchange-data.com\/wp-content\/uploads\/2015\/09\/EDI-Post-Featured-Image-700x400-1.png\",\"width\":700,\"height\":400,\"caption\":\"Exchange Data International\"},{\"@type\":\"BreadcrumbList\",\"@id\":\"https:\/\/www.exchange-data.com\/es\/producto\/datos-sobre-quiebras-en-ee-uu\/#breadcrumb\",\"itemListElement\":[{\"@type\":\"ListItem\",\"position\":1,\"name\":\"Home\",\"item\":\"https:\/\/www.exchange-data.com\/es\/inicio\/\"},{\"@type\":\"ListItem\",\"position\":2,\"name\":\"Datos de Bancarrotas en EE.\u202fUU.\"}]},{\"@type\":\"WebSite\",\"@id\":\"https:\/\/www.exchange-data.com\/es\/#website\",\"url\":\"https:\/\/www.exchange-data.com\/es\/\",\"name\":\"Exchange Data International\",\"description\":\"Doing data differently\",\"publisher\":{\"@id\":\"https:\/\/www.exchange-data.com\/es\/#organization\"},\"potentialAction\":[{\"@type\":\"SearchAction\",\"target\":{\"@type\":\"EntryPoint\",\"urlTemplate\":\"https:\/\/www.exchange-data.com\/es\/?s={search_term_string}\"},\"query-input\":{\"@type\":\"PropertyValueSpecification\",\"valueRequired\":true,\"valueName\":\"search_term_string\"}}],\"inLanguage\":\"es\"},{\"@type\":\"Organization\",\"@id\":\"https:\/\/www.exchange-data.com\/es\/#organization\",\"name\":\"Exchange Data International\",\"url\":\"https:\/\/www.exchange-data.com\/es\/\",\"logo\":{\"@type\":\"ImageObject\",\"inLanguage\":\"es\",\"@id\":\"https:\/\/www.exchange-data.com\/es\/#\/schema\/logo\/image\/\",\"url\":\"https:\/\/www.exchange-data.com\/wp-content\/uploads\/2019\/03\/logo3.png\",\"contentUrl\":\"https:\/\/www.exchange-data.com\/wp-content\/uploads\/2019\/03\/logo3.png\",\"width\":200,\"height\":80,\"caption\":\"Exchange Data International\"},\"image\":{\"@id\":\"https:\/\/www.exchange-data.com\/es\/#\/schema\/logo\/image\/\"},\"sameAs\":[\"https:\/\/x.com\/ExchangeData\",\"https:\/\/www.linkedin.com\/company\/exchange-data-international\/?viewAsMember=true\",\"https:\/\/www.youtube.com\/channel\/UC5D1OpUb22YZANRLD_Ktcgg?view_as=subscriber\"]}]}<\/script>\n<!-- \/ Yoast SEO Premium plugin. -->","yoast_head_json":{"title":"Datos de Bancarrotas en EE.\u202fUU. | Exchange Data International","description":"Access in-depth datos de quiebras en EE. UU. for 500K+ companies. Monitor Chapter 11 updates, analyze bankruptcy trends, and feed internal systems via API.","robots":{"index":"index","follow":"follow","max-snippet":"max-snippet:-1","max-image-preview":"max-image-preview:large","max-video-preview":"max-video-preview:-1"},"canonical":"https:\/\/www.exchange-data.com\/es\/producto\/datos-sobre-quiebras-en-ee-uu\/","og_locale":"es_ES","og_type":"article","og_title":"Datos sobre quiebras en EE.UU.","og_description":"Con el servicio US Bankruptcy Data, los clientes pueden potenciar sus an\u00e1lisis, agilizar sus b\u00fasquedas y supervisar sus esfuerzos con informaci\u00f3n exhaustiva sobre quiebras al alcance de la mano. La informaci\u00f3n de los casos de todas las empresas que se declaran en quiebra en los 94 tribunales de quiebras de EE.UU. se importa y actualiza diariamente, y actualmente consta de m\u00e1s de 500.000 empresas en quiebra. Adem\u00e1s de una base de datos compresiva, \"rastreamos\" y escribimos noticias sobre cada empresa p\u00fablica que actualmente opera bajo la protecci\u00f3n del Cap\u00edtulo 11. Este proceso nos permite seguir recopilando informaci\u00f3n sobre la quiebra de empresas p\u00fablicas.","og_url":"https:\/\/www.exchange-data.com\/es\/producto\/datos-sobre-quiebras-en-ee-uu\/","og_site_name":"Exchange Data International","article_modified_time":"2025-10-10T06:34:55+00:00","og_image":[{"url":"https:\/\/www.exchange-data.com\/wp-content\/uploads\/2015\/09\/EDI-Post-Featured-Image-700x400-1.png","type":"","width":"","height":""}],"twitter_card":"summary_large_image","twitter_title":"Datos sobre quiebras en EE.UU.","twitter_description":"Con el servicio US Bankruptcy Data, los clientes pueden potenciar sus an\u00e1lisis, agilizar sus b\u00fasquedas y supervisar sus esfuerzos con informaci\u00f3n exhaustiva sobre quiebras al alcance de la mano. La informaci\u00f3n de los casos de todas las empresas que se declaran en quiebra en los 94 tribunales de quiebras de EE.UU. se importa y actualiza diariamente, y actualmente consta de m\u00e1s de 500.000 empresas en quiebra. Adem\u00e1s de una base de datos compresiva, \"rastreamos\" y escribimos noticias sobre cada empresa p\u00fablica que actualmente opera bajo la protecci\u00f3n del Cap\u00edtulo 11. Este proceso nos permite seguir recopilando informaci\u00f3n sobre la quiebra de empresas p\u00fablicas.","twitter_image":"https:\/\/www.exchange-data.com\/wp-content\/uploads\/2015\/09\/EDI-Post-Featured-Image-700x400-1.png","twitter_site":"@ExchangeData","twitter_misc":{"Tiempo de lectura":"1 minuto"},"schema":{"@context":"https:\/\/schema.org","@graph":[{"@type":"WebPage","@id":"https:\/\/www.exchange-data.com\/es\/producto\/datos-sobre-quiebras-en-ee-uu\/","url":"https:\/\/www.exchange-data.com\/es\/producto\/datos-sobre-quiebras-en-ee-uu\/","name":"Datos de Bancarrotas en EE.\u202fUU. | Exchange Data International","isPartOf":{"@id":"https:\/\/www.exchange-data.com\/es\/#website"},"primaryImageOfPage":{"@id":"https:\/\/www.exchange-data.com\/es\/producto\/datos-sobre-quiebras-en-ee-uu\/#primaryimage"},"image":{"@id":"https:\/\/www.exchange-data.com\/es\/producto\/datos-sobre-quiebras-en-ee-uu\/#primaryimage"},"thumbnailUrl":"https:\/\/www.exchange-data.com\/wp-content\/uploads\/2015\/09\/EDI-Post-Featured-Image-700x400-1.png","datePublished":"2019-01-29T16:39:02+00:00","dateModified":"2025-10-10T06:34:55+00:00","description":"Access in-depth datos de quiebras en EE. UU. for 500K+ companies. Monitor Chapter 11 updates, analyze bankruptcy trends, and feed internal systems via API.","breadcrumb":{"@id":"https:\/\/www.exchange-data.com\/es\/producto\/datos-sobre-quiebras-en-ee-uu\/#breadcrumb"},"inLanguage":"es","potentialAction":[{"@type":"ReadAction","target":["https:\/\/www.exchange-data.com\/es\/producto\/datos-sobre-quiebras-en-ee-uu\/"]}]},{"@type":"ImageObject","inLanguage":"es","@id":"https:\/\/www.exchange-data.com\/es\/producto\/datos-sobre-quiebras-en-ee-uu\/#primaryimage","url":"https:\/\/www.exchange-data.com\/wp-content\/uploads\/2015\/09\/EDI-Post-Featured-Image-700x400-1.png","contentUrl":"https:\/\/www.exchange-data.com\/wp-content\/uploads\/2015\/09\/EDI-Post-Featured-Image-700x400-1.png","width":700,"height":400,"caption":"Exchange Data International"},{"@type":"BreadcrumbList","@id":"https:\/\/www.exchange-data.com\/es\/producto\/datos-sobre-quiebras-en-ee-uu\/#breadcrumb","itemListElement":[{"@type":"ListItem","position":1,"name":"Home","item":"https:\/\/www.exchange-data.com\/es\/inicio\/"},{"@type":"ListItem","position":2,"name":"Datos de Bancarrotas en EE.\u202fUU."}]},{"@type":"WebSite","@id":"https:\/\/www.exchange-data.com\/es\/#website","url":"https:\/\/www.exchange-data.com\/es\/","name":"Exchange Data International","description":"Doing data differently","publisher":{"@id":"https:\/\/www.exchange-data.com\/es\/#organization"},"potentialAction":[{"@type":"SearchAction","target":{"@type":"EntryPoint","urlTemplate":"https:\/\/www.exchange-data.com\/es\/?s={search_term_string}"},"query-input":{"@type":"PropertyValueSpecification","valueRequired":true,"valueName":"search_term_string"}}],"inLanguage":"es"},{"@type":"Organization","@id":"https:\/\/www.exchange-data.com\/es\/#organization","name":"Exchange Data International","url":"https:\/\/www.exchange-data.com\/es\/","logo":{"@type":"ImageObject","inLanguage":"es","@id":"https:\/\/www.exchange-data.com\/es\/#\/schema\/logo\/image\/","url":"https:\/\/www.exchange-data.com\/wp-content\/uploads\/2019\/03\/logo3.png","contentUrl":"https:\/\/www.exchange-data.com\/wp-content\/uploads\/2019\/03\/logo3.png","width":200,"height":80,"caption":"Exchange Data International"},"image":{"@id":"https:\/\/www.exchange-data.com\/es\/#\/schema\/logo\/image\/"},"sameAs":["https:\/\/x.com\/ExchangeData","https:\/\/www.linkedin.com\/company\/exchange-data-international\/?viewAsMember=true","https:\/\/www.youtube.com\/channel\/UC5D1OpUb22YZANRLD_Ktcgg?view_as=subscriber"]}]}},"_links":{"self":[{"href":"https:\/\/www.exchange-data.com\/es\/wp-json\/wp\/v2\/product\/36028","targetHints":{"allow":["GET"]}}],"collection":[{"href":"https:\/\/www.exchange-data.com\/es\/wp-json\/wp\/v2\/product"}],"about":[{"href":"https:\/\/www.exchange-data.com\/es\/wp-json\/wp\/v2\/types\/product"}],"wp:featuredmedia":[{"embeddable":true,"href":"https:\/\/www.exchange-data.com\/es\/wp-json\/wp\/v2\/media\/34154"}],"wp:attachment":[{"href":"https:\/\/www.exchange-data.com\/es\/wp-json\/wp\/v2\/media?parent=36028"}],"wp:term":[{"taxonomy":"country","embeddable":true,"href":"https:\/\/www.exchange-data.com\/es\/wp-json\/wp\/v2\/country?post=36028"},{"taxonomy":"product_category","embeddable":true,"href":"https:\/\/www.exchange-data.com\/es\/wp-json\/wp\/v2\/product_category?post=36028"}],"curies":[{"name":"wp","href":"https:\/\/api.w.org\/{rel}","templated":true}]}}