{"id":36029,"date":"2020-12-16T10:37:41","date_gmt":"2020-12-16T09:37:41","guid":{"rendered":"https:\/\/www.exchange-data.com\/product\/reclasificacion-de-dividendos-en-ee-uu\/"},"modified":"2025-10-07T11:06:36","modified_gmt":"2025-10-07T10:06:36","slug":"reclasificacion-de-dividendos-en-ee-uu","status":"publish","type":"product","link":"https:\/\/www.exchange-data.com\/es\/producto\/reclasificacion-de-dividendos-en-ee-uu\/","title":{"rendered":"Reclasificaci\u00f3n de Dividendos en EE. UU."},"content":{"rendered":"<p><span style=\"font-weight: 400;\">El servicio US Dividend Reclassification puede utilizarse para crear 1099 para sus clientes, como fuente secundaria para validar su proveedor principal o como herramienta para que su grupo de atenci\u00f3n al cliente investigue las consultas de los clientes.<\/span><\/p>\n<p><span style=\"font-weight: 400;\">Los archivos incluyen m\u00faltiples campos de datos de referencia que facilitan la integraci\u00f3n en sistemas maestros, tales como: Nombre del emisor, Pa\u00eds de registro , Identificadores del valor (ISIN, CUSIP, etc.), C\u00f3digos CFI y CIK, Clasificaciones sectoriales (SIC, NAICS), Tipo de valor, descripci\u00f3n y s\u00edmbolo burs\u00e1til<\/span><\/p>\n<p><span style=\"font-weight: 400;\">Tambi\u00e9n se incluyen las clasificaciones de ingresos necesarias para una declaraci\u00f3n fiscal precisa y oportuna de cada dividendo pagado. Dividendo de Ingresos Exentos para NRA: Monto por acci\u00f3n exento de impuestos adicionales sobre dividendos\/intereses, aplicable a entidades extranjeras (personas, sociedades, fideicomisos, etc.) con ingresos originados en EE.\u202fUU., como los fondos mutuos. <\/span><\/p>\n<p><span style=\"font-weight: 400;\">Portal web \u2013 Nuestra soluci\u00f3n web ofrece el mismo conjunto de datos con herramientas avanzadas de b\u00fasqueda y descarga: B\u00fasqueda b\u00e1sica por identificadores o nombres parciales, B\u00fasqueda personalizada por fechas (anuncio, ex-date, fecha de registro, etc.), Visualizaci\u00f3n y descarga de resultados, Personalizaci\u00f3n de campos, Descargas bajo demanda o programadas, intrad\u00eda o al cierre, Aplicable tanto al universo completo como a carteras espec\u00edfica <\/span><\/p>\n","protected":false},"featured_media":34154,"template":"","country":[],"product_category":[3186,3178],"class_list":["post-36029","product","type-product","status-publish","has-post-thumbnail","hentry","product_category-fondos-de-inversion","product_category-productos-y-servicios"],"acf":[],"yoast_head":"<!-- This site is optimized with the Yoast SEO Premium plugin v26.0 (Yoast SEO v26.0) - https:\/\/yoast.com\/wordpress\/plugins\/seo\/ -->\n<title>Reclasificaci\u00f3n de Dividendos | Datos fiscales para fondos y valores de EE. UU.<\/title>\n<meta name=\"description\" content=\"Servicio de reclasificaci\u00f3n de dividendos para generar 1099s, validar datos y responder consultas con archivos detallados e integrables en su sistema.\" \/>\n<meta name=\"robots\" content=\"index, follow, max-snippet:-1, max-image-preview:large, max-video-preview:-1\" \/>\n<link rel=\"canonical\" href=\"https:\/\/www.exchange-data.com\/es\/producto\/reclasificacion-de-dividendos-en-ee-uu\/\" \/>\n<meta property=\"og:locale\" content=\"es_ES\" \/>\n<meta property=\"og:type\" content=\"article\" \/>\n<meta property=\"og:title\" content=\"Reclasificaci\u00f3n de Dividendos en EE. UU.\" \/>\n<meta property=\"og:description\" content=\"El servicio US Dividend Reclassification puede utilizarse para crear 1099 para sus clientes, como fuente secundaria para validar su proveedor principal o como herramienta para que su grupo de atenci\u00f3n al cliente investigue las consultas de los clientes.\" \/>\n<meta property=\"og:url\" content=\"https:\/\/www.exchange-data.com\/es\/producto\/reclasificacion-de-dividendos-en-ee-uu\/\" \/>\n<meta property=\"og:site_name\" content=\"Exchange Data International\" \/>\n<meta property=\"article:modified_time\" content=\"2025-10-07T10:06:36+00:00\" \/>\n<meta property=\"og:image\" content=\"https:\/\/www.exchange-data.com\/wp-content\/uploads\/2015\/09\/EDI-Post-Featured-Image-700x400-1.png\" \/>\n<meta name=\"twitter:card\" content=\"summary_large_image\" \/>\n<meta name=\"twitter:title\" content=\"Reclasificaci\u00f3n de Dividendos en EE. UU.\" \/>\n<meta name=\"twitter:description\" content=\"El servicio US Dividend Reclassification puede utilizarse para crear 1099 para sus clientes, como fuente secundaria para validar su proveedor principal o como herramienta para que su grupo de atenci\u00f3n al cliente investigue las consultas de los clientes.\" \/>\n<meta name=\"twitter:image\" content=\"https:\/\/www.exchange-data.com\/wp-content\/uploads\/2015\/09\/EDI-Post-Featured-Image-700x400-1.png\" \/>\n<meta name=\"twitter:site\" content=\"@ExchangeData\" \/>\n<meta name=\"twitter:label1\" content=\"Tiempo de lectura\" \/>\n\t<meta name=\"twitter:data1\" content=\"2 minutos\" \/>\n<script type=\"application\/ld+json\" class=\"yoast-schema-graph\">{\"@context\":\"https:\/\/schema.org\",\"@graph\":[{\"@type\":\"WebPage\",\"@id\":\"https:\/\/www.exchange-data.com\/es\/producto\/reclasificacion-de-dividendos-en-ee-uu\/\",\"url\":\"https:\/\/www.exchange-data.com\/es\/producto\/reclasificacion-de-dividendos-en-ee-uu\/\",\"name\":\"Reclasificaci\u00f3n de Dividendos | Datos fiscales para fondos y valores de EE. UU.\",\"isPartOf\":{\"@id\":\"https:\/\/www.exchange-data.com\/es\/#website\"},\"primaryImageOfPage\":{\"@id\":\"https:\/\/www.exchange-data.com\/es\/producto\/reclasificacion-de-dividendos-en-ee-uu\/#primaryimage\"},\"image\":{\"@id\":\"https:\/\/www.exchange-data.com\/es\/producto\/reclasificacion-de-dividendos-en-ee-uu\/#primaryimage\"},\"thumbnailUrl\":\"https:\/\/www.exchange-data.com\/wp-content\/uploads\/2015\/09\/EDI-Post-Featured-Image-700x400-1.png\",\"datePublished\":\"2020-12-16T09:37:41+00:00\",\"dateModified\":\"2025-10-07T10:06:36+00:00\",\"description\":\"Servicio de reclasificaci\u00f3n de dividendos para generar 1099s, validar datos y responder consultas con archivos detallados e integrables en su sistema.\",\"breadcrumb\":{\"@id\":\"https:\/\/www.exchange-data.com\/es\/producto\/reclasificacion-de-dividendos-en-ee-uu\/#breadcrumb\"},\"inLanguage\":\"es\",\"potentialAction\":[{\"@type\":\"ReadAction\",\"target\":[\"https:\/\/www.exchange-data.com\/es\/producto\/reclasificacion-de-dividendos-en-ee-uu\/\"]}]},{\"@type\":\"ImageObject\",\"inLanguage\":\"es\",\"@id\":\"https:\/\/www.exchange-data.com\/es\/producto\/reclasificacion-de-dividendos-en-ee-uu\/#primaryimage\",\"url\":\"https:\/\/www.exchange-data.com\/wp-content\/uploads\/2015\/09\/EDI-Post-Featured-Image-700x400-1.png\",\"contentUrl\":\"https:\/\/www.exchange-data.com\/wp-content\/uploads\/2015\/09\/EDI-Post-Featured-Image-700x400-1.png\",\"width\":700,\"height\":400,\"caption\":\"Exchange Data International\"},{\"@type\":\"BreadcrumbList\",\"@id\":\"https:\/\/www.exchange-data.com\/es\/producto\/reclasificacion-de-dividendos-en-ee-uu\/#breadcrumb\",\"itemListElement\":[{\"@type\":\"ListItem\",\"position\":1,\"name\":\"Home\",\"item\":\"https:\/\/www.exchange-data.com\/es\/inicio\/\"},{\"@type\":\"ListItem\",\"position\":2,\"name\":\"Reclasificaci\u00f3n de Dividendos en EE. UU.\"}]},{\"@type\":\"WebSite\",\"@id\":\"https:\/\/www.exchange-data.com\/es\/#website\",\"url\":\"https:\/\/www.exchange-data.com\/es\/\",\"name\":\"Exchange Data International\",\"description\":\"Doing data differently\",\"publisher\":{\"@id\":\"https:\/\/www.exchange-data.com\/es\/#organization\"},\"potentialAction\":[{\"@type\":\"SearchAction\",\"target\":{\"@type\":\"EntryPoint\",\"urlTemplate\":\"https:\/\/www.exchange-data.com\/es\/?s={search_term_string}\"},\"query-input\":{\"@type\":\"PropertyValueSpecification\",\"valueRequired\":true,\"valueName\":\"search_term_string\"}}],\"inLanguage\":\"es\"},{\"@type\":\"Organization\",\"@id\":\"https:\/\/www.exchange-data.com\/es\/#organization\",\"name\":\"Exchange Data International\",\"url\":\"https:\/\/www.exchange-data.com\/es\/\",\"logo\":{\"@type\":\"ImageObject\",\"inLanguage\":\"es\",\"@id\":\"https:\/\/www.exchange-data.com\/es\/#\/schema\/logo\/image\/\",\"url\":\"https:\/\/www.exchange-data.com\/wp-content\/uploads\/2019\/03\/logo3.png\",\"contentUrl\":\"https:\/\/www.exchange-data.com\/wp-content\/uploads\/2019\/03\/logo3.png\",\"width\":200,\"height\":80,\"caption\":\"Exchange Data International\"},\"image\":{\"@id\":\"https:\/\/www.exchange-data.com\/es\/#\/schema\/logo\/image\/\"},\"sameAs\":[\"https:\/\/x.com\/ExchangeData\",\"https:\/\/www.linkedin.com\/company\/exchange-data-international\/?viewAsMember=true\",\"https:\/\/www.youtube.com\/channel\/UC5D1OpUb22YZANRLD_Ktcgg?view_as=subscriber\"]}]}<\/script>\n<!-- \/ Yoast SEO Premium plugin. -->","yoast_head_json":{"title":"Reclasificaci\u00f3n de Dividendos | Datos fiscales para fondos y valores de EE. UU.","description":"Servicio de reclasificaci\u00f3n de dividendos para generar 1099s, validar datos y responder consultas con archivos detallados e integrables en su sistema.","robots":{"index":"index","follow":"follow","max-snippet":"max-snippet:-1","max-image-preview":"max-image-preview:large","max-video-preview":"max-video-preview:-1"},"canonical":"https:\/\/www.exchange-data.com\/es\/producto\/reclasificacion-de-dividendos-en-ee-uu\/","og_locale":"es_ES","og_type":"article","og_title":"Reclasificaci\u00f3n de Dividendos en EE. UU.","og_description":"El servicio US Dividend Reclassification puede utilizarse para crear 1099 para sus clientes, como fuente secundaria para validar su proveedor principal o como herramienta para que su grupo de atenci\u00f3n al cliente investigue las consultas de los clientes.","og_url":"https:\/\/www.exchange-data.com\/es\/producto\/reclasificacion-de-dividendos-en-ee-uu\/","og_site_name":"Exchange Data International","article_modified_time":"2025-10-07T10:06:36+00:00","og_image":[{"url":"https:\/\/www.exchange-data.com\/wp-content\/uploads\/2015\/09\/EDI-Post-Featured-Image-700x400-1.png","type":"","width":"","height":""}],"twitter_card":"summary_large_image","twitter_title":"Reclasificaci\u00f3n de Dividendos en EE. UU.","twitter_description":"El servicio US Dividend Reclassification puede utilizarse para crear 1099 para sus clientes, como fuente secundaria para validar su proveedor principal o como herramienta para que su grupo de atenci\u00f3n al cliente investigue las consultas de los clientes.","twitter_image":"https:\/\/www.exchange-data.com\/wp-content\/uploads\/2015\/09\/EDI-Post-Featured-Image-700x400-1.png","twitter_site":"@ExchangeData","twitter_misc":{"Tiempo de lectura":"2 minutos"},"schema":{"@context":"https:\/\/schema.org","@graph":[{"@type":"WebPage","@id":"https:\/\/www.exchange-data.com\/es\/producto\/reclasificacion-de-dividendos-en-ee-uu\/","url":"https:\/\/www.exchange-data.com\/es\/producto\/reclasificacion-de-dividendos-en-ee-uu\/","name":"Reclasificaci\u00f3n de Dividendos | Datos fiscales para fondos y valores de EE. UU.","isPartOf":{"@id":"https:\/\/www.exchange-data.com\/es\/#website"},"primaryImageOfPage":{"@id":"https:\/\/www.exchange-data.com\/es\/producto\/reclasificacion-de-dividendos-en-ee-uu\/#primaryimage"},"image":{"@id":"https:\/\/www.exchange-data.com\/es\/producto\/reclasificacion-de-dividendos-en-ee-uu\/#primaryimage"},"thumbnailUrl":"https:\/\/www.exchange-data.com\/wp-content\/uploads\/2015\/09\/EDI-Post-Featured-Image-700x400-1.png","datePublished":"2020-12-16T09:37:41+00:00","dateModified":"2025-10-07T10:06:36+00:00","description":"Servicio de reclasificaci\u00f3n de dividendos para generar 1099s, validar datos y responder consultas con archivos detallados e integrables en su sistema.","breadcrumb":{"@id":"https:\/\/www.exchange-data.com\/es\/producto\/reclasificacion-de-dividendos-en-ee-uu\/#breadcrumb"},"inLanguage":"es","potentialAction":[{"@type":"ReadAction","target":["https:\/\/www.exchange-data.com\/es\/producto\/reclasificacion-de-dividendos-en-ee-uu\/"]}]},{"@type":"ImageObject","inLanguage":"es","@id":"https:\/\/www.exchange-data.com\/es\/producto\/reclasificacion-de-dividendos-en-ee-uu\/#primaryimage","url":"https:\/\/www.exchange-data.com\/wp-content\/uploads\/2015\/09\/EDI-Post-Featured-Image-700x400-1.png","contentUrl":"https:\/\/www.exchange-data.com\/wp-content\/uploads\/2015\/09\/EDI-Post-Featured-Image-700x400-1.png","width":700,"height":400,"caption":"Exchange Data International"},{"@type":"BreadcrumbList","@id":"https:\/\/www.exchange-data.com\/es\/producto\/reclasificacion-de-dividendos-en-ee-uu\/#breadcrumb","itemListElement":[{"@type":"ListItem","position":1,"name":"Home","item":"https:\/\/www.exchange-data.com\/es\/inicio\/"},{"@type":"ListItem","position":2,"name":"Reclasificaci\u00f3n de Dividendos en EE. UU."}]},{"@type":"WebSite","@id":"https:\/\/www.exchange-data.com\/es\/#website","url":"https:\/\/www.exchange-data.com\/es\/","name":"Exchange Data International","description":"Doing data differently","publisher":{"@id":"https:\/\/www.exchange-data.com\/es\/#organization"},"potentialAction":[{"@type":"SearchAction","target":{"@type":"EntryPoint","urlTemplate":"https:\/\/www.exchange-data.com\/es\/?s={search_term_string}"},"query-input":{"@type":"PropertyValueSpecification","valueRequired":true,"valueName":"search_term_string"}}],"inLanguage":"es"},{"@type":"Organization","@id":"https:\/\/www.exchange-data.com\/es\/#organization","name":"Exchange Data International","url":"https:\/\/www.exchange-data.com\/es\/","logo":{"@type":"ImageObject","inLanguage":"es","@id":"https:\/\/www.exchange-data.com\/es\/#\/schema\/logo\/image\/","url":"https:\/\/www.exchange-data.com\/wp-content\/uploads\/2019\/03\/logo3.png","contentUrl":"https:\/\/www.exchange-data.com\/wp-content\/uploads\/2019\/03\/logo3.png","width":200,"height":80,"caption":"Exchange Data International"},"image":{"@id":"https:\/\/www.exchange-data.com\/es\/#\/schema\/logo\/image\/"},"sameAs":["https:\/\/x.com\/ExchangeData","https:\/\/www.linkedin.com\/company\/exchange-data-international\/?viewAsMember=true","https:\/\/www.youtube.com\/channel\/UC5D1OpUb22YZANRLD_Ktcgg?view_as=subscriber"]}]}},"_links":{"self":[{"href":"https:\/\/www.exchange-data.com\/es\/wp-json\/wp\/v2\/product\/36029","targetHints":{"allow":["GET"]}}],"collection":[{"href":"https:\/\/www.exchange-data.com\/es\/wp-json\/wp\/v2\/product"}],"about":[{"href":"https:\/\/www.exchange-data.com\/es\/wp-json\/wp\/v2\/types\/product"}],"wp:featuredmedia":[{"embeddable":true,"href":"https:\/\/www.exchange-data.com\/es\/wp-json\/wp\/v2\/media\/34154"}],"wp:attachment":[{"href":"https:\/\/www.exchange-data.com\/es\/wp-json\/wp\/v2\/media?parent=36029"}],"wp:term":[{"taxonomy":"country","embeddable":true,"href":"https:\/\/www.exchange-data.com\/es\/wp-json\/wp\/v2\/country?post=36029"},{"taxonomy":"product_category","embeddable":true,"href":"https:\/\/www.exchange-data.com\/es\/wp-json\/wp\/v2\/product_category?post=36029"}],"curies":[{"name":"wp","href":"https:\/\/api.w.org\/{rel}","templated":true}]}}