{"id":36030,"date":"2020-04-07T09:50:58","date_gmt":"2020-04-07T08:50:58","guid":{"rendered":"https:\/\/www.exchange-data.com\/product\/servicios-de-referencia-historica-de-renta-variable-estadounidense\/"},"modified":"2025-10-21T05:12:10","modified_gmt":"2025-10-21T04:12:10","slug":"servicios-de-referencia-historica-de-renta-variable-estadounidense","status":"publish","type":"product","link":"https:\/\/www.exchange-data.com\/es\/producto\/servicios-de-referencia-historica-de-renta-variable-estadounidense\/","title":{"rendered":"Servicio Hist\u00f3rico de Referencia de Acciones en EE. UU."},"content":{"rendered":"<p>&nbsp;<\/p>\n<h2>Acceda f\u00e1cilmente a nuestro servicio completo de Informaci\u00f3n hist\u00f3rica de Acciones y Valores<\/h2>\n<p>&nbsp;<\/p>\n<p><span style=\"font-weight: 400;\">Este servicio, desarrollado en colaboraci\u00f3n con Financial Information Incorporated (FII), ofrece una cobertura exhaustiva de valores estadounidenses y canadienses cotizados en bolsas de EE.\u202fUU., incluyendo: 25.000 valores activos, 125.000 valores obsoletos, M\u00e1s de 2.5 millones de valores rastreables.<\/span><\/p>\n<ul>\n<li><b>Maestro de Datos de Referencia de Acciones &#8211; Securities Reference Service (SRS)<\/b> <span style=\"font-weight: 400;\">&#8211; Acceso 24\/7 a detalles sobre valores de renta variable activos, junto con la gu\u00eda anual impresa de acciones de FII (Annual Guide to Stocks). <\/span><\/li>\n<li><b>Gu\u00eda de Referencias para Acciones Activas &#8211; <\/b><span style=\"font-weight: 400;\">Active Stock Guide Service<br \/>\nCobertura de 50.000 valores cotizados en EE.\u202fUU. y Canad\u00e1, incluyendo emisores extranjeros.<br \/>\nIncluye: Descripci\u00f3n de emisiones, CUSIP\u00a9 \/ CINS\u00a9, Lugar de constituci\u00f3n, Valor nominal, Agentes de transferencia (incluye referencias cruzadas a agentes inactivos) , Cargos por transferencia, Agentes de pago de dividendos, Colocadores principales (lead underwriters), Cl\u00e1usulas antidiluci\u00f3n (poison pills) , Resumen de cambios de capital y dividendos en acciones activas.<\/span><\/li>\n<li><b>Gu\u00eda de Referencia para Acciones Inactivas &#8211; <\/b>O<span style=\"font-weight: 400;\">bsolete Stock Guide Service<br \/>\nM\u00e1s de 100.000 valores obsoletos desde finales del siglo XIX, incluyendo:<br \/>\nQuiebras, liquidaciones, disoluciones, Cancelaciones de estatutos, Fusiones, adquisiciones, recapitalizaciones, Reorganizaciones, cambios de nombre, Valores declarados sin valor, Historial de dividendos y cambios de capital.<\/span><\/li>\n<\/ul>\n<p><b>Maestro de Referencia Hist\u00f3rica de Acciones Terminadas &#8211; End-of-Life File (ELF) Service<\/b><\/p>\n<p><span style=\"font-weight: 400;\">Validaci\u00f3n de la exactitud del Security Master File para acciones norteamericanas.<br \/>\nIntegrado con SRS, ELF ofrece acceso permanente a bases de datos hist\u00f3ricas y de referencia, clasificando los resultados en: Acciones sin valor o de viabilidad dudosa, Valores no transferibles o liquidados, Cambios de identidad sin canje, Revocaciones de registro ante la SEC, Compa\u00f1\u00edas que cancelan su registro. <\/span><span style=\"font-weight: 400;\">Este conjunto de datos es fruto de la alianza entre EDI y Financial Information Incorporated (FII), con sede en Nueva Jersey, especializada en informaci\u00f3n hist\u00f3rica de valores norteamericanos.<\/span><\/p>\n","protected":false},"featured_media":34154,"template":"","country":[1983,1887],"product_category":[3182,3184,3178],"class_list":["post-36030","product","type-product","status-publish","has-post-thumbnail","hentry","product_category-acciones-corporativas","product_category-datos-de-referencia","product_category-productos-y-servicios"],"acf":[],"yoast_head":"<!-- This site is optimized with the Yoast SEO Premium plugin v26.0 (Yoast SEO v26.0) - https:\/\/yoast.com\/wordpress\/plugins\/seo\/ -->\n<title>Informaci\u00f3n hist\u00f3rica de Acciones y Valores en EE. UU. y Canad\u00e1<\/title>\n<meta name=\"description\" content=\"Explora la Informaci\u00f3n hist\u00f3rica de Acciones y Valores con EDI y FII: m\u00e1s de 2,5 millones de valores rastreables de EE. UU. y Canad\u00e1, activos y obsoletos.\" \/>\n<meta name=\"robots\" content=\"index, follow, max-snippet:-1, max-image-preview:large, max-video-preview:-1\" \/>\n<link rel=\"canonical\" href=\"https:\/\/www.exchange-data.com\/es\/producto\/servicios-de-referencia-historica-de-renta-variable-estadounidense\/\" \/>\n<meta property=\"og:locale\" content=\"es_ES\" \/>\n<meta property=\"og:type\" content=\"article\" \/>\n<meta property=\"og:title\" content=\"Servicios de referencia hist\u00f3rica de renta variable estadounidense\" \/>\n<meta property=\"og:description\" content=\"En asociaci\u00f3n con Financial Information Incorporated (FII). F\u00e1cil acceso a nuestro completo servicio de datos hist\u00f3ricos, haga uso de los informes del Servicio de Gu\u00eda Financiera de Valores que est\u00e1 disponible sobre Valores de EE.UU. y Canad\u00e1, que cotizan en bolsas de valores de EE.UU.; 25.000 Valores Activos; 125.000 Valores Obsoletos; 2.500.000 Valores Rastreables; y m\u00e1s.\" \/>\n<meta property=\"og:url\" content=\"https:\/\/www.exchange-data.com\/es\/producto\/servicios-de-referencia-historica-de-renta-variable-estadounidense\/\" \/>\n<meta property=\"og:site_name\" content=\"Exchange Data International\" \/>\n<meta property=\"article:modified_time\" content=\"2025-10-21T04:12:10+00:00\" \/>\n<meta property=\"og:image\" content=\"https:\/\/www.exchange-data.com\/wp-content\/uploads\/2015\/09\/EDI-Post-Featured-Image-700x400-1.png\" \/>\n<meta name=\"twitter:card\" content=\"summary_large_image\" \/>\n<meta name=\"twitter:title\" content=\"Servicios de referencia hist\u00f3rica de renta variable estadounidense\" \/>\n<meta name=\"twitter:description\" content=\"En asociaci\u00f3n con Financial Information Incorporated (FII). F\u00e1cil acceso a nuestro completo servicio de datos hist\u00f3ricos, haga uso de los informes del Servicio de Gu\u00eda Financiera de Valores que est\u00e1 disponible sobre Valores de EE.UU. y Canad\u00e1, que cotizan en bolsas de valores de EE.UU.; 25.000 Valores Activos; 125.000 Valores Obsoletos; 2.500.000 Valores Rastreables; y m\u00e1s.\" \/>\n<meta name=\"twitter:image\" content=\"https:\/\/www.exchange-data.com\/wp-content\/uploads\/2015\/09\/EDI-Post-Featured-Image-700x400-1.png\" \/>\n<meta name=\"twitter:site\" content=\"@ExchangeData\" \/>\n<meta name=\"twitter:label1\" content=\"Tiempo de lectura\" \/>\n\t<meta name=\"twitter:data1\" content=\"2 minutos\" \/>\n<script type=\"application\/ld+json\" class=\"yoast-schema-graph\">{\"@context\":\"https:\/\/schema.org\",\"@graph\":[{\"@type\":\"WebPage\",\"@id\":\"https:\/\/www.exchange-data.com\/es\/producto\/servicios-de-referencia-historica-de-renta-variable-estadounidense\/\",\"url\":\"https:\/\/www.exchange-data.com\/es\/producto\/servicios-de-referencia-historica-de-renta-variable-estadounidense\/\",\"name\":\"Informaci\u00f3n hist\u00f3rica de Acciones y Valores en EE. UU. y Canad\u00e1\",\"isPartOf\":{\"@id\":\"https:\/\/www.exchange-data.com\/es\/#website\"},\"primaryImageOfPage\":{\"@id\":\"https:\/\/www.exchange-data.com\/es\/producto\/servicios-de-referencia-historica-de-renta-variable-estadounidense\/#primaryimage\"},\"image\":{\"@id\":\"https:\/\/www.exchange-data.com\/es\/producto\/servicios-de-referencia-historica-de-renta-variable-estadounidense\/#primaryimage\"},\"thumbnailUrl\":\"https:\/\/www.exchange-data.com\/wp-content\/uploads\/2015\/09\/EDI-Post-Featured-Image-700x400-1.png\",\"datePublished\":\"2020-04-07T08:50:58+00:00\",\"dateModified\":\"2025-10-21T04:12:10+00:00\",\"description\":\"Explora la Informaci\u00f3n hist\u00f3rica de Acciones y Valores con EDI y FII: m\u00e1s de 2,5 millones de valores rastreables de EE. UU. y Canad\u00e1, activos y obsoletos.\",\"breadcrumb\":{\"@id\":\"https:\/\/www.exchange-data.com\/es\/producto\/servicios-de-referencia-historica-de-renta-variable-estadounidense\/#breadcrumb\"},\"inLanguage\":\"es\",\"potentialAction\":[{\"@type\":\"ReadAction\",\"target\":[\"https:\/\/www.exchange-data.com\/es\/producto\/servicios-de-referencia-historica-de-renta-variable-estadounidense\/\"]}]},{\"@type\":\"ImageObject\",\"inLanguage\":\"es\",\"@id\":\"https:\/\/www.exchange-data.com\/es\/producto\/servicios-de-referencia-historica-de-renta-variable-estadounidense\/#primaryimage\",\"url\":\"https:\/\/www.exchange-data.com\/wp-content\/uploads\/2015\/09\/EDI-Post-Featured-Image-700x400-1.png\",\"contentUrl\":\"https:\/\/www.exchange-data.com\/wp-content\/uploads\/2015\/09\/EDI-Post-Featured-Image-700x400-1.png\",\"width\":700,\"height\":400,\"caption\":\"Exchange Data International\"},{\"@type\":\"BreadcrumbList\",\"@id\":\"https:\/\/www.exchange-data.com\/es\/producto\/servicios-de-referencia-historica-de-renta-variable-estadounidense\/#breadcrumb\",\"itemListElement\":[{\"@type\":\"ListItem\",\"position\":1,\"name\":\"Home\",\"item\":\"https:\/\/www.exchange-data.com\/es\/inicio\/\"},{\"@type\":\"ListItem\",\"position\":2,\"name\":\"Servicio Hist\u00f3rico de Referencia de Acciones en EE. UU.\"}]},{\"@type\":\"WebSite\",\"@id\":\"https:\/\/www.exchange-data.com\/es\/#website\",\"url\":\"https:\/\/www.exchange-data.com\/es\/\",\"name\":\"Exchange Data International\",\"description\":\"Doing data differently\",\"publisher\":{\"@id\":\"https:\/\/www.exchange-data.com\/es\/#organization\"},\"potentialAction\":[{\"@type\":\"SearchAction\",\"target\":{\"@type\":\"EntryPoint\",\"urlTemplate\":\"https:\/\/www.exchange-data.com\/es\/?s={search_term_string}\"},\"query-input\":{\"@type\":\"PropertyValueSpecification\",\"valueRequired\":true,\"valueName\":\"search_term_string\"}}],\"inLanguage\":\"es\"},{\"@type\":\"Organization\",\"@id\":\"https:\/\/www.exchange-data.com\/es\/#organization\",\"name\":\"Exchange Data International\",\"url\":\"https:\/\/www.exchange-data.com\/es\/\",\"logo\":{\"@type\":\"ImageObject\",\"inLanguage\":\"es\",\"@id\":\"https:\/\/www.exchange-data.com\/es\/#\/schema\/logo\/image\/\",\"url\":\"https:\/\/www.exchange-data.com\/wp-content\/uploads\/2019\/03\/logo3.png\",\"contentUrl\":\"https:\/\/www.exchange-data.com\/wp-content\/uploads\/2019\/03\/logo3.png\",\"width\":200,\"height\":80,\"caption\":\"Exchange Data International\"},\"image\":{\"@id\":\"https:\/\/www.exchange-data.com\/es\/#\/schema\/logo\/image\/\"},\"sameAs\":[\"https:\/\/x.com\/ExchangeData\",\"https:\/\/www.linkedin.com\/company\/exchange-data-international\/?viewAsMember=true\",\"https:\/\/www.youtube.com\/channel\/UC5D1OpUb22YZANRLD_Ktcgg?view_as=subscriber\"]}]}<\/script>\n<!-- \/ Yoast SEO Premium plugin. -->","yoast_head_json":{"title":"Informaci\u00f3n hist\u00f3rica de Acciones y Valores en EE. UU. y Canad\u00e1","description":"Explora la Informaci\u00f3n hist\u00f3rica de Acciones y Valores con EDI y FII: m\u00e1s de 2,5 millones de valores rastreables de EE. UU. y Canad\u00e1, activos y obsoletos.","robots":{"index":"index","follow":"follow","max-snippet":"max-snippet:-1","max-image-preview":"max-image-preview:large","max-video-preview":"max-video-preview:-1"},"canonical":"https:\/\/www.exchange-data.com\/es\/producto\/servicios-de-referencia-historica-de-renta-variable-estadounidense\/","og_locale":"es_ES","og_type":"article","og_title":"Servicios de referencia hist\u00f3rica de renta variable estadounidense","og_description":"En asociaci\u00f3n con Financial Information Incorporated (FII). F\u00e1cil acceso a nuestro completo servicio de datos hist\u00f3ricos, haga uso de los informes del Servicio de Gu\u00eda Financiera de Valores que est\u00e1 disponible sobre Valores de EE.UU. y Canad\u00e1, que cotizan en bolsas de valores de EE.UU.; 25.000 Valores Activos; 125.000 Valores Obsoletos; 2.500.000 Valores Rastreables; y m\u00e1s.","og_url":"https:\/\/www.exchange-data.com\/es\/producto\/servicios-de-referencia-historica-de-renta-variable-estadounidense\/","og_site_name":"Exchange Data International","article_modified_time":"2025-10-21T04:12:10+00:00","og_image":[{"url":"https:\/\/www.exchange-data.com\/wp-content\/uploads\/2015\/09\/EDI-Post-Featured-Image-700x400-1.png","type":"","width":"","height":""}],"twitter_card":"summary_large_image","twitter_title":"Servicios de referencia hist\u00f3rica de renta variable estadounidense","twitter_description":"En asociaci\u00f3n con Financial Information Incorporated (FII). F\u00e1cil acceso a nuestro completo servicio de datos hist\u00f3ricos, haga uso de los informes del Servicio de Gu\u00eda Financiera de Valores que est\u00e1 disponible sobre Valores de EE.UU. y Canad\u00e1, que cotizan en bolsas de valores de EE.UU.; 25.000 Valores Activos; 125.000 Valores Obsoletos; 2.500.000 Valores Rastreables; y m\u00e1s.","twitter_image":"https:\/\/www.exchange-data.com\/wp-content\/uploads\/2015\/09\/EDI-Post-Featured-Image-700x400-1.png","twitter_site":"@ExchangeData","twitter_misc":{"Tiempo de lectura":"2 minutos"},"schema":{"@context":"https:\/\/schema.org","@graph":[{"@type":"WebPage","@id":"https:\/\/www.exchange-data.com\/es\/producto\/servicios-de-referencia-historica-de-renta-variable-estadounidense\/","url":"https:\/\/www.exchange-data.com\/es\/producto\/servicios-de-referencia-historica-de-renta-variable-estadounidense\/","name":"Informaci\u00f3n hist\u00f3rica de Acciones y Valores en EE. UU. y Canad\u00e1","isPartOf":{"@id":"https:\/\/www.exchange-data.com\/es\/#website"},"primaryImageOfPage":{"@id":"https:\/\/www.exchange-data.com\/es\/producto\/servicios-de-referencia-historica-de-renta-variable-estadounidense\/#primaryimage"},"image":{"@id":"https:\/\/www.exchange-data.com\/es\/producto\/servicios-de-referencia-historica-de-renta-variable-estadounidense\/#primaryimage"},"thumbnailUrl":"https:\/\/www.exchange-data.com\/wp-content\/uploads\/2015\/09\/EDI-Post-Featured-Image-700x400-1.png","datePublished":"2020-04-07T08:50:58+00:00","dateModified":"2025-10-21T04:12:10+00:00","description":"Explora la Informaci\u00f3n hist\u00f3rica de Acciones y Valores con EDI y FII: m\u00e1s de 2,5 millones de valores rastreables de EE. UU. y Canad\u00e1, activos y obsoletos.","breadcrumb":{"@id":"https:\/\/www.exchange-data.com\/es\/producto\/servicios-de-referencia-historica-de-renta-variable-estadounidense\/#breadcrumb"},"inLanguage":"es","potentialAction":[{"@type":"ReadAction","target":["https:\/\/www.exchange-data.com\/es\/producto\/servicios-de-referencia-historica-de-renta-variable-estadounidense\/"]}]},{"@type":"ImageObject","inLanguage":"es","@id":"https:\/\/www.exchange-data.com\/es\/producto\/servicios-de-referencia-historica-de-renta-variable-estadounidense\/#primaryimage","url":"https:\/\/www.exchange-data.com\/wp-content\/uploads\/2015\/09\/EDI-Post-Featured-Image-700x400-1.png","contentUrl":"https:\/\/www.exchange-data.com\/wp-content\/uploads\/2015\/09\/EDI-Post-Featured-Image-700x400-1.png","width":700,"height":400,"caption":"Exchange Data International"},{"@type":"BreadcrumbList","@id":"https:\/\/www.exchange-data.com\/es\/producto\/servicios-de-referencia-historica-de-renta-variable-estadounidense\/#breadcrumb","itemListElement":[{"@type":"ListItem","position":1,"name":"Home","item":"https:\/\/www.exchange-data.com\/es\/inicio\/"},{"@type":"ListItem","position":2,"name":"Servicio Hist\u00f3rico de Referencia de Acciones en EE. UU."}]},{"@type":"WebSite","@id":"https:\/\/www.exchange-data.com\/es\/#website","url":"https:\/\/www.exchange-data.com\/es\/","name":"Exchange Data International","description":"Doing data differently","publisher":{"@id":"https:\/\/www.exchange-data.com\/es\/#organization"},"potentialAction":[{"@type":"SearchAction","target":{"@type":"EntryPoint","urlTemplate":"https:\/\/www.exchange-data.com\/es\/?s={search_term_string}"},"query-input":{"@type":"PropertyValueSpecification","valueRequired":true,"valueName":"search_term_string"}}],"inLanguage":"es"},{"@type":"Organization","@id":"https:\/\/www.exchange-data.com\/es\/#organization","name":"Exchange Data International","url":"https:\/\/www.exchange-data.com\/es\/","logo":{"@type":"ImageObject","inLanguage":"es","@id":"https:\/\/www.exchange-data.com\/es\/#\/schema\/logo\/image\/","url":"https:\/\/www.exchange-data.com\/wp-content\/uploads\/2019\/03\/logo3.png","contentUrl":"https:\/\/www.exchange-data.com\/wp-content\/uploads\/2019\/03\/logo3.png","width":200,"height":80,"caption":"Exchange Data International"},"image":{"@id":"https:\/\/www.exchange-data.com\/es\/#\/schema\/logo\/image\/"},"sameAs":["https:\/\/x.com\/ExchangeData","https:\/\/www.linkedin.com\/company\/exchange-data-international\/?viewAsMember=true","https:\/\/www.youtube.com\/channel\/UC5D1OpUb22YZANRLD_Ktcgg?view_as=subscriber"]}]}},"_links":{"self":[{"href":"https:\/\/www.exchange-data.com\/es\/wp-json\/wp\/v2\/product\/36030","targetHints":{"allow":["GET"]}}],"collection":[{"href":"https:\/\/www.exchange-data.com\/es\/wp-json\/wp\/v2\/product"}],"about":[{"href":"https:\/\/www.exchange-data.com\/es\/wp-json\/wp\/v2\/types\/product"}],"wp:featuredmedia":[{"embeddable":true,"href":"https:\/\/www.exchange-data.com\/es\/wp-json\/wp\/v2\/media\/34154"}],"wp:attachment":[{"href":"https:\/\/www.exchange-data.com\/es\/wp-json\/wp\/v2\/media?parent=36030"}],"wp:term":[{"taxonomy":"country","embeddable":true,"href":"https:\/\/www.exchange-data.com\/es\/wp-json\/wp\/v2\/country?post=36030"},{"taxonomy":"product_category","embeddable":true,"href":"https:\/\/www.exchange-data.com\/es\/wp-json\/wp\/v2\/product_category?post=36030"}],"curies":[{"name":"wp","href":"https:\/\/api.w.org\/{rel}","templated":true}]}}