{"id":36032,"date":"2019-03-28T16:42:15","date_gmt":"2019-03-28T15:42:15","guid":{"rendered":"https:\/\/www.exchange-data.com\/product\/fondos-de-inversion-estadounidenses\/"},"modified":"2025-10-07T11:36:49","modified_gmt":"2025-10-07T10:36:49","slug":"fondos-de-inversion-estadounidenses","status":"publish","type":"product","link":"https:\/\/www.exchange-data.com\/es\/producto\/fondos-de-inversion-estadounidenses\/","title":{"rendered":"Fondos Mutuos de EE. UU."},"content":{"rendered":"<p><span style=\"font-weight: 400;\">Nuestro servicio de Fondos Mutuos de EE.\u202fUU. proporciona datos de referencia confiables, cobertura completa de acciones corporativas y dividendos, y un feed diario de precios para fondos mutuos estadounidenses.<\/span><\/p>\n<p><span style=\"font-weight: 400;\">Los clientes acceden a informaci\u00f3n detallada, mantenida y actualizada din\u00e1micamente sobre: M\u00e1s de 31.000 fondos mutuos, 18.000 fondos de inversi\u00f3n unitarios (UITs), 200 fondos por intervalos. Adem\u00e1s, se incluyen m\u00e1s de 20 campos de datos clave, entre ellos:<\/span><\/p>\n<div style=\"float: left; width: 33%;\">\n<ul class=\"Evnt2\">\n<li>C\u00f3digo local de EE. UU.<\/li>\n<li>FIGI<\/li>\n<li>ISIN<\/li>\n<\/ul>\n<\/div>\n<ul>\n<li>Nombre del emisor<\/li>\n<li>Tickers<\/li>\n<\/ul>\n<p>&nbsp;<\/p>\n<h4>Reduzca el riesgo operativo y asegure informaci\u00f3n actualizada<br \/><\/h4>\n<p><span style=\"font-weight: 400;\">La gesti\u00f3n precisa de acciones corporativas es cr\u00edtica para su negocio.<br \/>Omisiones o errores en la interpretaci\u00f3n de eventos pueden generar costos significativos \u2014como operaciones mal ejecutadas o da\u00f1os reputacionales\u2014. En EDI entregamos informaci\u00f3n esencial directamente desde la fuente, justo cuando la necesita, para que no pase por alto ning\u00fan evento relevante. Contamos con m\u00e1s de 25 a\u00f1os de experiencia en el sector.    <\/span><\/p>\n<p>&nbsp;<\/p>\n<h4>Acceda a los datos de Valor Neto de los Activos de Fondos tan pronto est\u00e9n disponibles<\/h4>\n<p>Utilice nuestro archivo de actualizaci\u00f3n diario de precios para:<\/p>\n<ul>\n<li>Acceder a precios de cierre recopilados de fondos mutuos y fondos de inversi\u00f3n unitarios (UITs) de EE. UU.<\/li>\n<li>Identificar f\u00e1cilmente fondos estadounidenses mediante datos est\u00e1ticos del Archivo de Referencia de Valores<\/li>\n<\/ul>\n","protected":false},"featured_media":34154,"template":"","country":[],"product_category":[3186,3178],"class_list":["post-36032","product","type-product","status-publish","has-post-thumbnail","hentry","product_category-fondos-de-inversion","product_category-productos-y-servicios"],"acf":[],"yoast_head":"<!-- This site is optimized with the Yoast SEO Premium plugin v26.0 (Yoast SEO v26.0) - https:\/\/yoast.com\/wordpress\/plugins\/seo\/ -->\n<title>Valor Neto de los Activos de Fondos | Datos de NAVs y precios diarios de fondos mutuos en EE. UU.<\/title>\n<meta name=\"description\" content=\"Acceda al valor neto de los activos de fondos mutuos de EE. UU. con datos de referencia, acciones corporativas, dividendos y precios diarios actualizados y precisos.\" \/>\n<meta name=\"robots\" content=\"index, follow, max-snippet:-1, max-image-preview:large, max-video-preview:-1\" \/>\n<link rel=\"canonical\" href=\"https:\/\/www.exchange-data.com\/es\/producto\/fondos-de-inversion-estadounidenses\/\" \/>\n<meta property=\"og:locale\" content=\"es_ES\" \/>\n<meta property=\"og:type\" content=\"article\" \/>\n<meta property=\"og:title\" content=\"Fondos de inversi\u00f3n estadounidenses\" \/>\n<meta property=\"og:description\" content=\"Nuestro producto US Mutual ofrece datos de referencia de la m\u00e1s alta calidad, datos completos sobre acciones corporativas y dividendos, adem\u00e1s de un feed diario de precios para los fondos de inversi\u00f3n estadounidenses. Nuestros clientes pueden acceder a informaci\u00f3n actualizada din\u00e1micamente, mantenida y detallada sobre m\u00e1s de 31.000 fondos de inversi\u00f3n, 18.000 fondos de inversi\u00f3n unitarios (UITS), 200 fondos a intervalos para EE.UU. y seleccionar datos de m\u00e1s de 20 campos, incluidos: c\u00f3digo local de EE.UU., FIGI, ISIN, nombre del emisor y tickers.\" \/>\n<meta property=\"og:url\" content=\"https:\/\/www.exchange-data.com\/es\/producto\/fondos-de-inversion-estadounidenses\/\" \/>\n<meta property=\"og:site_name\" content=\"Exchange Data International\" \/>\n<meta property=\"article:modified_time\" content=\"2025-10-07T10:36:49+00:00\" \/>\n<meta property=\"og:image\" content=\"https:\/\/www.exchange-data.com\/wp-content\/uploads\/2015\/09\/EDI-Post-Featured-Image-700x400-1.png\" \/>\n<meta name=\"twitter:card\" content=\"summary_large_image\" \/>\n<meta name=\"twitter:title\" content=\"Fondos de inversi\u00f3n estadounidenses\" \/>\n<meta name=\"twitter:description\" content=\"Nuestro producto US Mutual ofrece datos de referencia de la m\u00e1s alta calidad, datos completos sobre acciones corporativas y dividendos, adem\u00e1s de un feed diario de precios para los fondos de inversi\u00f3n estadounidenses. Nuestros clientes pueden acceder a informaci\u00f3n actualizada din\u00e1micamente, mantenida y detallada sobre m\u00e1s de 31.000 fondos de inversi\u00f3n, 18.000 fondos de inversi\u00f3n unitarios (UITS), 200 fondos a intervalos para EE.UU. y seleccionar datos de m\u00e1s de 20 campos, incluidos: c\u00f3digo local de EE.UU., FIGI, ISIN, nombre del emisor y tickers.\" \/>\n<meta name=\"twitter:image\" content=\"https:\/\/www.exchange-data.com\/wp-content\/uploads\/2015\/09\/EDI-Post-Featured-Image-700x400-1.png\" \/>\n<meta name=\"twitter:site\" content=\"@ExchangeData\" \/>\n<meta name=\"twitter:label1\" content=\"Tiempo de lectura\" \/>\n\t<meta name=\"twitter:data1\" content=\"1 minuto\" \/>\n<script type=\"application\/ld+json\" class=\"yoast-schema-graph\">{\"@context\":\"https:\/\/schema.org\",\"@graph\":[{\"@type\":\"WebPage\",\"@id\":\"https:\/\/www.exchange-data.com\/es\/producto\/fondos-de-inversion-estadounidenses\/\",\"url\":\"https:\/\/www.exchange-data.com\/es\/producto\/fondos-de-inversion-estadounidenses\/\",\"name\":\"Valor Neto de los Activos de Fondos | Datos de NAVs y precios diarios de fondos mutuos en EE. UU.\",\"isPartOf\":{\"@id\":\"https:\/\/www.exchange-data.com\/es\/#website\"},\"primaryImageOfPage\":{\"@id\":\"https:\/\/www.exchange-data.com\/es\/producto\/fondos-de-inversion-estadounidenses\/#primaryimage\"},\"image\":{\"@id\":\"https:\/\/www.exchange-data.com\/es\/producto\/fondos-de-inversion-estadounidenses\/#primaryimage\"},\"thumbnailUrl\":\"https:\/\/www.exchange-data.com\/wp-content\/uploads\/2015\/09\/EDI-Post-Featured-Image-700x400-1.png\",\"datePublished\":\"2019-03-28T15:42:15+00:00\",\"dateModified\":\"2025-10-07T10:36:49+00:00\",\"description\":\"Acceda al valor neto de los activos de fondos mutuos de EE. UU. con datos de referencia, acciones corporativas, dividendos y precios diarios actualizados y precisos.\",\"breadcrumb\":{\"@id\":\"https:\/\/www.exchange-data.com\/es\/producto\/fondos-de-inversion-estadounidenses\/#breadcrumb\"},\"inLanguage\":\"es\",\"potentialAction\":[{\"@type\":\"ReadAction\",\"target\":[\"https:\/\/www.exchange-data.com\/es\/producto\/fondos-de-inversion-estadounidenses\/\"]}]},{\"@type\":\"ImageObject\",\"inLanguage\":\"es\",\"@id\":\"https:\/\/www.exchange-data.com\/es\/producto\/fondos-de-inversion-estadounidenses\/#primaryimage\",\"url\":\"https:\/\/www.exchange-data.com\/wp-content\/uploads\/2015\/09\/EDI-Post-Featured-Image-700x400-1.png\",\"contentUrl\":\"https:\/\/www.exchange-data.com\/wp-content\/uploads\/2015\/09\/EDI-Post-Featured-Image-700x400-1.png\",\"width\":700,\"height\":400,\"caption\":\"Exchange Data International\"},{\"@type\":\"BreadcrumbList\",\"@id\":\"https:\/\/www.exchange-data.com\/es\/producto\/fondos-de-inversion-estadounidenses\/#breadcrumb\",\"itemListElement\":[{\"@type\":\"ListItem\",\"position\":1,\"name\":\"Home\",\"item\":\"https:\/\/www.exchange-data.com\/es\/inicio\/\"},{\"@type\":\"ListItem\",\"position\":2,\"name\":\"Fondos Mutuos de EE. UU.\"}]},{\"@type\":\"WebSite\",\"@id\":\"https:\/\/www.exchange-data.com\/es\/#website\",\"url\":\"https:\/\/www.exchange-data.com\/es\/\",\"name\":\"Exchange Data International\",\"description\":\"Doing data differently\",\"publisher\":{\"@id\":\"https:\/\/www.exchange-data.com\/es\/#organization\"},\"potentialAction\":[{\"@type\":\"SearchAction\",\"target\":{\"@type\":\"EntryPoint\",\"urlTemplate\":\"https:\/\/www.exchange-data.com\/es\/?s={search_term_string}\"},\"query-input\":{\"@type\":\"PropertyValueSpecification\",\"valueRequired\":true,\"valueName\":\"search_term_string\"}}],\"inLanguage\":\"es\"},{\"@type\":\"Organization\",\"@id\":\"https:\/\/www.exchange-data.com\/es\/#organization\",\"name\":\"Exchange Data International\",\"url\":\"https:\/\/www.exchange-data.com\/es\/\",\"logo\":{\"@type\":\"ImageObject\",\"inLanguage\":\"es\",\"@id\":\"https:\/\/www.exchange-data.com\/es\/#\/schema\/logo\/image\/\",\"url\":\"https:\/\/www.exchange-data.com\/wp-content\/uploads\/2019\/03\/logo3.png\",\"contentUrl\":\"https:\/\/www.exchange-data.com\/wp-content\/uploads\/2019\/03\/logo3.png\",\"width\":200,\"height\":80,\"caption\":\"Exchange Data International\"},\"image\":{\"@id\":\"https:\/\/www.exchange-data.com\/es\/#\/schema\/logo\/image\/\"},\"sameAs\":[\"https:\/\/x.com\/ExchangeData\",\"https:\/\/www.linkedin.com\/company\/exchange-data-international\/?viewAsMember=true\",\"https:\/\/www.youtube.com\/channel\/UC5D1OpUb22YZANRLD_Ktcgg?view_as=subscriber\"]}]}<\/script>\n<!-- \/ Yoast SEO Premium plugin. -->","yoast_head_json":{"title":"Valor Neto de los Activos de Fondos | Datos de NAVs y precios diarios de fondos mutuos en EE. UU.","description":"Acceda al valor neto de los activos de fondos mutuos de EE. UU. con datos de referencia, acciones corporativas, dividendos y precios diarios actualizados y precisos.","robots":{"index":"index","follow":"follow","max-snippet":"max-snippet:-1","max-image-preview":"max-image-preview:large","max-video-preview":"max-video-preview:-1"},"canonical":"https:\/\/www.exchange-data.com\/es\/producto\/fondos-de-inversion-estadounidenses\/","og_locale":"es_ES","og_type":"article","og_title":"Fondos de inversi\u00f3n estadounidenses","og_description":"Nuestro producto US Mutual ofrece datos de referencia de la m\u00e1s alta calidad, datos completos sobre acciones corporativas y dividendos, adem\u00e1s de un feed diario de precios para los fondos de inversi\u00f3n estadounidenses. Nuestros clientes pueden acceder a informaci\u00f3n actualizada din\u00e1micamente, mantenida y detallada sobre m\u00e1s de 31.000 fondos de inversi\u00f3n, 18.000 fondos de inversi\u00f3n unitarios (UITS), 200 fondos a intervalos para EE.UU. y seleccionar datos de m\u00e1s de 20 campos, incluidos: c\u00f3digo local de EE.UU., FIGI, ISIN, nombre del emisor y tickers.","og_url":"https:\/\/www.exchange-data.com\/es\/producto\/fondos-de-inversion-estadounidenses\/","og_site_name":"Exchange Data International","article_modified_time":"2025-10-07T10:36:49+00:00","og_image":[{"url":"https:\/\/www.exchange-data.com\/wp-content\/uploads\/2015\/09\/EDI-Post-Featured-Image-700x400-1.png","type":"","width":"","height":""}],"twitter_card":"summary_large_image","twitter_title":"Fondos de inversi\u00f3n estadounidenses","twitter_description":"Nuestro producto US Mutual ofrece datos de referencia de la m\u00e1s alta calidad, datos completos sobre acciones corporativas y dividendos, adem\u00e1s de un feed diario de precios para los fondos de inversi\u00f3n estadounidenses. Nuestros clientes pueden acceder a informaci\u00f3n actualizada din\u00e1micamente, mantenida y detallada sobre m\u00e1s de 31.000 fondos de inversi\u00f3n, 18.000 fondos de inversi\u00f3n unitarios (UITS), 200 fondos a intervalos para EE.UU. y seleccionar datos de m\u00e1s de 20 campos, incluidos: c\u00f3digo local de EE.UU., FIGI, ISIN, nombre del emisor y tickers.","twitter_image":"https:\/\/www.exchange-data.com\/wp-content\/uploads\/2015\/09\/EDI-Post-Featured-Image-700x400-1.png","twitter_site":"@ExchangeData","twitter_misc":{"Tiempo de lectura":"1 minuto"},"schema":{"@context":"https:\/\/schema.org","@graph":[{"@type":"WebPage","@id":"https:\/\/www.exchange-data.com\/es\/producto\/fondos-de-inversion-estadounidenses\/","url":"https:\/\/www.exchange-data.com\/es\/producto\/fondos-de-inversion-estadounidenses\/","name":"Valor Neto de los Activos de Fondos | Datos de NAVs y precios diarios de fondos mutuos en EE. UU.","isPartOf":{"@id":"https:\/\/www.exchange-data.com\/es\/#website"},"primaryImageOfPage":{"@id":"https:\/\/www.exchange-data.com\/es\/producto\/fondos-de-inversion-estadounidenses\/#primaryimage"},"image":{"@id":"https:\/\/www.exchange-data.com\/es\/producto\/fondos-de-inversion-estadounidenses\/#primaryimage"},"thumbnailUrl":"https:\/\/www.exchange-data.com\/wp-content\/uploads\/2015\/09\/EDI-Post-Featured-Image-700x400-1.png","datePublished":"2019-03-28T15:42:15+00:00","dateModified":"2025-10-07T10:36:49+00:00","description":"Acceda al valor neto de los activos de fondos mutuos de EE. UU. con datos de referencia, acciones corporativas, dividendos y precios diarios actualizados y precisos.","breadcrumb":{"@id":"https:\/\/www.exchange-data.com\/es\/producto\/fondos-de-inversion-estadounidenses\/#breadcrumb"},"inLanguage":"es","potentialAction":[{"@type":"ReadAction","target":["https:\/\/www.exchange-data.com\/es\/producto\/fondos-de-inversion-estadounidenses\/"]}]},{"@type":"ImageObject","inLanguage":"es","@id":"https:\/\/www.exchange-data.com\/es\/producto\/fondos-de-inversion-estadounidenses\/#primaryimage","url":"https:\/\/www.exchange-data.com\/wp-content\/uploads\/2015\/09\/EDI-Post-Featured-Image-700x400-1.png","contentUrl":"https:\/\/www.exchange-data.com\/wp-content\/uploads\/2015\/09\/EDI-Post-Featured-Image-700x400-1.png","width":700,"height":400,"caption":"Exchange Data International"},{"@type":"BreadcrumbList","@id":"https:\/\/www.exchange-data.com\/es\/producto\/fondos-de-inversion-estadounidenses\/#breadcrumb","itemListElement":[{"@type":"ListItem","position":1,"name":"Home","item":"https:\/\/www.exchange-data.com\/es\/inicio\/"},{"@type":"ListItem","position":2,"name":"Fondos Mutuos de EE. UU."}]},{"@type":"WebSite","@id":"https:\/\/www.exchange-data.com\/es\/#website","url":"https:\/\/www.exchange-data.com\/es\/","name":"Exchange Data International","description":"Doing data differently","publisher":{"@id":"https:\/\/www.exchange-data.com\/es\/#organization"},"potentialAction":[{"@type":"SearchAction","target":{"@type":"EntryPoint","urlTemplate":"https:\/\/www.exchange-data.com\/es\/?s={search_term_string}"},"query-input":{"@type":"PropertyValueSpecification","valueRequired":true,"valueName":"search_term_string"}}],"inLanguage":"es"},{"@type":"Organization","@id":"https:\/\/www.exchange-data.com\/es\/#organization","name":"Exchange Data International","url":"https:\/\/www.exchange-data.com\/es\/","logo":{"@type":"ImageObject","inLanguage":"es","@id":"https:\/\/www.exchange-data.com\/es\/#\/schema\/logo\/image\/","url":"https:\/\/www.exchange-data.com\/wp-content\/uploads\/2019\/03\/logo3.png","contentUrl":"https:\/\/www.exchange-data.com\/wp-content\/uploads\/2019\/03\/logo3.png","width":200,"height":80,"caption":"Exchange Data International"},"image":{"@id":"https:\/\/www.exchange-data.com\/es\/#\/schema\/logo\/image\/"},"sameAs":["https:\/\/x.com\/ExchangeData","https:\/\/www.linkedin.com\/company\/exchange-data-international\/?viewAsMember=true","https:\/\/www.youtube.com\/channel\/UC5D1OpUb22YZANRLD_Ktcgg?view_as=subscriber"]}]}},"_links":{"self":[{"href":"https:\/\/www.exchange-data.com\/es\/wp-json\/wp\/v2\/product\/36032","targetHints":{"allow":["GET"]}}],"collection":[{"href":"https:\/\/www.exchange-data.com\/es\/wp-json\/wp\/v2\/product"}],"about":[{"href":"https:\/\/www.exchange-data.com\/es\/wp-json\/wp\/v2\/types\/product"}],"wp:featuredmedia":[{"embeddable":true,"href":"https:\/\/www.exchange-data.com\/es\/wp-json\/wp\/v2\/media\/34154"}],"wp:attachment":[{"href":"https:\/\/www.exchange-data.com\/es\/wp-json\/wp\/v2\/media?parent=36032"}],"wp:term":[{"taxonomy":"country","embeddable":true,"href":"https:\/\/www.exchange-data.com\/es\/wp-json\/wp\/v2\/country?post=36032"},{"taxonomy":"product_category","embeddable":true,"href":"https:\/\/www.exchange-data.com\/es\/wp-json\/wp\/v2\/product_category?post=36032"}],"curies":[{"name":"wp","href":"https:\/\/api.w.org\/{rel}","templated":true}]}}