{"id":36033,"date":"2024-05-09T13:46:04","date_gmt":"2024-05-09T12:46:04","guid":{"rendered":"https:\/\/www.exchange-data.com\/product\/datos-de-referencia-de-las-opciones-estadounidenses\/"},"modified":"2025-12-19T07:04:43","modified_gmt":"2025-12-19T06:04:43","slug":"datos-de-referencia-de-las-opciones-estadounidenses","status":"publish","type":"product","link":"https:\/\/www.exchange-data.com\/es\/producto\/datos-de-referencia-de-las-opciones-estadounidenses\/","title":{"rendered":"Datos de Referencia de Opciones de EE. UU."},"content":{"rendered":"<p><span style=\"font-weight: 400;\">Los datos se reciben directamente de las bolsas y del OCC, y son procesados y validados para garantizar su integridad.<\/span><\/p>\n<p><span style=\"font-weight: 400;\">Este servicio ofrece informaci\u00f3n estructurada sobre strikes y series de opciones cotizadas en el mercado estadounidense, incluyendo instrumentos vigentes, expirados y ajustados.<\/span><\/p>\n<p><span style=\"font-weight: 400;\">Los usuarios pueden identificar todos los valores negociados que forman parte del universo de Opciones Estandarizadas. Una vez establecidos los problemas fundamentales (Root Issues), se proporcionan precios de fin de d\u00eda (EOD) basados en los valores oficiales de cierre, tanto para los s\u00edmbolos fundamentales como para las series de opciones asociadas. <\/span><\/p>\n<p>&nbsp;<\/p>\n<h2>Ficheros Extendidos de Valores<br \/><\/h2>\n<p><span style=\"font-weight: 400;\">Incluyen detalles sobre el s\u00edmbolo subyacente, nombres de emisores y bolsas principales. La versi\u00f3n extendida incorpora un campo adicional para identificar si el valor corresponde a un ETF. <\/span><\/p>\n<p>&nbsp;<\/p>\n<h2>Ficheros Extendidos de Series<br \/><\/h2>\n<p>&nbsp;<\/p>\n<p><span style=\"font-weight: 400;\">Archivo maestro completo de series de opciones, con todos los strikes listados y las incorporaciones previstas para el d\u00eda siguiente en cada bolsa. Existen m\u00faltiples versiones seg\u00fan el nivel de granularidad requerido por el cliente.  <\/span><\/p>\n<p>&nbsp;<\/p>\n<h2>Entregables de Valores<\/h2>\n<p>&nbsp;<\/p>\n<p><span style=\"font-weight: 400;\">Muestran los valores entregables actuales para todos los s\u00edmbolos de opciones. Las versiones var\u00edan seg\u00fan el nivel de detalle requerido en los datos maestros del cliente. <\/span><\/p>\n<p>&nbsp;<\/p>\n<h2>L\u00edmites de Posici\u00f3n<\/h2>\n<p>&nbsp;<\/p>\n<p><span style=\"font-weight: 400;\">Definidos por bolsas o reguladores, estos l\u00edmites establecen el n\u00famero m\u00e1ximo de acciones que un operador o grupo afiliado puede poseer. Son utilizados por firmas financieras para establecer umbrales de riesgo operativo   <\/span><\/p>\n<p>&nbsp;<\/p>\n<h2>L\u00edmites de Posici\u00f3n a Corto Plazo<\/h2>\n<p>&nbsp;<\/p>\n<p><span style=\"font-weight: 400;\">Identifican los s\u00edmbolos sujetos a l\u00edmites de propiedad a corto plazo, ya sea por n\u00famero de acciones o contratos. Ayudan a definir restricciones operativas en funci\u00f3n de la regulaci\u00f3n vigente.   <\/span><\/p>\n<p>&nbsp;<\/p>\n<h2>Estilo de la Opci\u00f3n<\/h2>\n<p>&nbsp;<\/p>\n<p><span style=\"font-weight: 400;\">Este fichero indica el estilo de contrato (americano o europeo) y el tipo de liquidaci\u00f3n (AM o PM) de cada opci\u00f3n listada<\/span><\/p>\n<p>&nbsp;<\/p>\n<h2>Servicio Intrad\u00eda<br \/><\/h2>\n<p>&nbsp;<\/p>\n<p><span style=\"font-weight: 400;\">Este servicio intrad\u00eda permite capturar nuevas incorporaciones de strikes a lo largo del d\u00eda, complementando los archivos nocturnos (SeriesExt) con actualizaciones cada hora entre las 9:00 y las 16:00 (hora del Este).<\/span><\/p>\n<p><span style=\"font-weight: 400;\">Disponible en varias versiones, este servicio asegura que las series negociadas se reflejen correctamente en los sistemas maestros y plataformas de trading (OMS\/EMS). Desde septiembre de 2023, tambi\u00e9n se incluyen las adiciones intrad\u00eda para opciones FLEX (ver secci\u00f3n correspondiente).   <\/span><\/p>\n","protected":false},"featured_media":0,"template":"","country":[],"product_category":[3183,3178],"class_list":["post-36033","product","type-product","status-publish","hentry","product_category-datos-sobre-derivados-e-intereses-en-corto-productos-y-servicios","product_category-productos-y-servicios","no-post-thumbnail"],"acf":[],"yoast_head":"<!-- This site is optimized with the Yoast SEO Premium plugin v26.0 (Yoast SEO v26.0) - https:\/\/yoast.com\/wordpress\/plugins\/seo\/ -->\n<title>Informe de Inter\u00e9s Corto y Volumen | Informaci\u00f3n del Mercado de Renta Variable<\/title>\n<meta name=\"description\" content=\"Access validated Informaci\u00f3n de Opciones y Futuros including intraday updates, strikes, series, deliverables, and position limits across all U.S. exchanges.\" \/>\n<meta name=\"robots\" content=\"index, follow, max-snippet:-1, max-image-preview:large, max-video-preview:-1\" \/>\n<link rel=\"canonical\" href=\"https:\/\/www.exchange-data.com\/es\/producto\/datos-de-referencia-de-las-opciones-estadounidenses\/\" \/>\n<meta property=\"og:locale\" content=\"es_ES\" \/>\n<meta property=\"og:type\" content=\"article\" \/>\n<meta property=\"og:title\" content=\"Datos de Referencia de Opciones de EE. UU. | Exchange Data International\" \/>\n<meta property=\"og:description\" content=\"Access validated Informaci\u00f3n de Opciones y Futuros including intraday updates, strikes, series, deliverables, and position limits across all U.S. exchanges.\" \/>\n<meta property=\"og:url\" content=\"https:\/\/www.exchange-data.com\/es\/producto\/datos-de-referencia-de-las-opciones-estadounidenses\/\" \/>\n<meta property=\"og:site_name\" content=\"Exchange Data International\" \/>\n<meta property=\"article:modified_time\" content=\"2025-12-19T06:04:43+00:00\" \/>\n<meta name=\"twitter:card\" content=\"summary_large_image\" \/>\n<meta name=\"twitter:site\" content=\"@ExchangeData\" \/>\n<meta name=\"twitter:label1\" content=\"Tiempo de lectura\" \/>\n\t<meta name=\"twitter:data1\" content=\"2 minutos\" \/>\n<script type=\"application\/ld+json\" class=\"yoast-schema-graph\">{\"@context\":\"https:\/\/schema.org\",\"@graph\":[{\"@type\":\"WebPage\",\"@id\":\"https:\/\/www.exchange-data.com\/es\/producto\/datos-de-referencia-de-las-opciones-estadounidenses\/\",\"url\":\"https:\/\/www.exchange-data.com\/es\/producto\/datos-de-referencia-de-las-opciones-estadounidenses\/\",\"name\":\"Informe de Inter\u00e9s Corto y Volumen | Informaci\u00f3n del Mercado de Renta Variable\",\"isPartOf\":{\"@id\":\"https:\/\/www.exchange-data.com\/es\/#website\"},\"datePublished\":\"2024-05-09T12:46:04+00:00\",\"dateModified\":\"2025-12-19T06:04:43+00:00\",\"description\":\"Access validated Informaci\u00f3n de Opciones y Futuros including intraday updates, strikes, series, deliverables, and position limits across all U.S. exchanges.\",\"breadcrumb\":{\"@id\":\"https:\/\/www.exchange-data.com\/es\/producto\/datos-de-referencia-de-las-opciones-estadounidenses\/#breadcrumb\"},\"inLanguage\":\"es\",\"potentialAction\":[{\"@type\":\"ReadAction\",\"target\":[\"https:\/\/www.exchange-data.com\/es\/producto\/datos-de-referencia-de-las-opciones-estadounidenses\/\"]}]},{\"@type\":\"BreadcrumbList\",\"@id\":\"https:\/\/www.exchange-data.com\/es\/producto\/datos-de-referencia-de-las-opciones-estadounidenses\/#breadcrumb\",\"itemListElement\":[{\"@type\":\"ListItem\",\"position\":1,\"name\":\"Home\",\"item\":\"https:\/\/www.exchange-data.com\/es\/inicio\/\"},{\"@type\":\"ListItem\",\"position\":2,\"name\":\"Datos de Referencia de Opciones de EE. UU.\"}]},{\"@type\":\"WebSite\",\"@id\":\"https:\/\/www.exchange-data.com\/es\/#website\",\"url\":\"https:\/\/www.exchange-data.com\/es\/\",\"name\":\"Exchange Data International\",\"description\":\"Doing data differently\",\"publisher\":{\"@id\":\"https:\/\/www.exchange-data.com\/es\/#organization\"},\"potentialAction\":[{\"@type\":\"SearchAction\",\"target\":{\"@type\":\"EntryPoint\",\"urlTemplate\":\"https:\/\/www.exchange-data.com\/es\/?s={search_term_string}\"},\"query-input\":{\"@type\":\"PropertyValueSpecification\",\"valueRequired\":true,\"valueName\":\"search_term_string\"}}],\"inLanguage\":\"es\"},{\"@type\":\"Organization\",\"@id\":\"https:\/\/www.exchange-data.com\/es\/#organization\",\"name\":\"Exchange Data International\",\"url\":\"https:\/\/www.exchange-data.com\/es\/\",\"logo\":{\"@type\":\"ImageObject\",\"inLanguage\":\"es\",\"@id\":\"https:\/\/www.exchange-data.com\/es\/#\/schema\/logo\/image\/\",\"url\":\"https:\/\/www.exchange-data.com\/wp-content\/uploads\/2019\/03\/logo3.png\",\"contentUrl\":\"https:\/\/www.exchange-data.com\/wp-content\/uploads\/2019\/03\/logo3.png\",\"width\":200,\"height\":80,\"caption\":\"Exchange Data International\"},\"image\":{\"@id\":\"https:\/\/www.exchange-data.com\/es\/#\/schema\/logo\/image\/\"},\"sameAs\":[\"https:\/\/x.com\/ExchangeData\",\"https:\/\/www.linkedin.com\/company\/exchange-data-international\/?viewAsMember=true\",\"https:\/\/www.youtube.com\/channel\/UC5D1OpUb22YZANRLD_Ktcgg?view_as=subscriber\"]}]}<\/script>\n<!-- \/ Yoast SEO Premium plugin. -->","yoast_head_json":{"title":"Informe de Inter\u00e9s Corto y Volumen | Informaci\u00f3n del Mercado de Renta Variable","description":"Access validated Informaci\u00f3n de Opciones y Futuros including intraday updates, strikes, series, deliverables, and position limits across all U.S. exchanges.","robots":{"index":"index","follow":"follow","max-snippet":"max-snippet:-1","max-image-preview":"max-image-preview:large","max-video-preview":"max-video-preview:-1"},"canonical":"https:\/\/www.exchange-data.com\/es\/producto\/datos-de-referencia-de-las-opciones-estadounidenses\/","og_locale":"es_ES","og_type":"article","og_title":"Datos de Referencia de Opciones de EE. UU. | Exchange Data International","og_description":"Access validated Informaci\u00f3n de Opciones y Futuros including intraday updates, strikes, series, deliverables, and position limits across all U.S. exchanges.","og_url":"https:\/\/www.exchange-data.com\/es\/producto\/datos-de-referencia-de-las-opciones-estadounidenses\/","og_site_name":"Exchange Data International","article_modified_time":"2025-12-19T06:04:43+00:00","twitter_card":"summary_large_image","twitter_site":"@ExchangeData","twitter_misc":{"Tiempo de lectura":"2 minutos"},"schema":{"@context":"https:\/\/schema.org","@graph":[{"@type":"WebPage","@id":"https:\/\/www.exchange-data.com\/es\/producto\/datos-de-referencia-de-las-opciones-estadounidenses\/","url":"https:\/\/www.exchange-data.com\/es\/producto\/datos-de-referencia-de-las-opciones-estadounidenses\/","name":"Informe de Inter\u00e9s Corto y Volumen | Informaci\u00f3n del Mercado de Renta Variable","isPartOf":{"@id":"https:\/\/www.exchange-data.com\/es\/#website"},"datePublished":"2024-05-09T12:46:04+00:00","dateModified":"2025-12-19T06:04:43+00:00","description":"Access validated Informaci\u00f3n de Opciones y Futuros including intraday updates, strikes, series, deliverables, and position limits across all U.S. exchanges.","breadcrumb":{"@id":"https:\/\/www.exchange-data.com\/es\/producto\/datos-de-referencia-de-las-opciones-estadounidenses\/#breadcrumb"},"inLanguage":"es","potentialAction":[{"@type":"ReadAction","target":["https:\/\/www.exchange-data.com\/es\/producto\/datos-de-referencia-de-las-opciones-estadounidenses\/"]}]},{"@type":"BreadcrumbList","@id":"https:\/\/www.exchange-data.com\/es\/producto\/datos-de-referencia-de-las-opciones-estadounidenses\/#breadcrumb","itemListElement":[{"@type":"ListItem","position":1,"name":"Home","item":"https:\/\/www.exchange-data.com\/es\/inicio\/"},{"@type":"ListItem","position":2,"name":"Datos de Referencia de Opciones de EE. UU."}]},{"@type":"WebSite","@id":"https:\/\/www.exchange-data.com\/es\/#website","url":"https:\/\/www.exchange-data.com\/es\/","name":"Exchange Data International","description":"Doing data differently","publisher":{"@id":"https:\/\/www.exchange-data.com\/es\/#organization"},"potentialAction":[{"@type":"SearchAction","target":{"@type":"EntryPoint","urlTemplate":"https:\/\/www.exchange-data.com\/es\/?s={search_term_string}"},"query-input":{"@type":"PropertyValueSpecification","valueRequired":true,"valueName":"search_term_string"}}],"inLanguage":"es"},{"@type":"Organization","@id":"https:\/\/www.exchange-data.com\/es\/#organization","name":"Exchange Data International","url":"https:\/\/www.exchange-data.com\/es\/","logo":{"@type":"ImageObject","inLanguage":"es","@id":"https:\/\/www.exchange-data.com\/es\/#\/schema\/logo\/image\/","url":"https:\/\/www.exchange-data.com\/wp-content\/uploads\/2019\/03\/logo3.png","contentUrl":"https:\/\/www.exchange-data.com\/wp-content\/uploads\/2019\/03\/logo3.png","width":200,"height":80,"caption":"Exchange Data International"},"image":{"@id":"https:\/\/www.exchange-data.com\/es\/#\/schema\/logo\/image\/"},"sameAs":["https:\/\/x.com\/ExchangeData","https:\/\/www.linkedin.com\/company\/exchange-data-international\/?viewAsMember=true","https:\/\/www.youtube.com\/channel\/UC5D1OpUb22YZANRLD_Ktcgg?view_as=subscriber"]}]}},"_links":{"self":[{"href":"https:\/\/www.exchange-data.com\/es\/wp-json\/wp\/v2\/product\/36033","targetHints":{"allow":["GET"]}}],"collection":[{"href":"https:\/\/www.exchange-data.com\/es\/wp-json\/wp\/v2\/product"}],"about":[{"href":"https:\/\/www.exchange-data.com\/es\/wp-json\/wp\/v2\/types\/product"}],"wp:attachment":[{"href":"https:\/\/www.exchange-data.com\/es\/wp-json\/wp\/v2\/media?parent=36033"}],"wp:term":[{"taxonomy":"country","embeddable":true,"href":"https:\/\/www.exchange-data.com\/es\/wp-json\/wp\/v2\/country?post=36033"},{"taxonomy":"product_category","embeddable":true,"href":"https:\/\/www.exchange-data.com\/es\/wp-json\/wp\/v2\/product_category?post=36033"}],"curies":[{"name":"wp","href":"https:\/\/api.w.org\/{rel}","templated":true}]}}