{"id":36034,"date":"2019-03-31T18:39:28","date_gmt":"2019-03-31T17:39:28","guid":{"rendered":"https:\/\/www.exchange-data.com\/product\/dividendos-en-el-mundo\/"},"modified":"2026-02-18T12:01:21","modified_gmt":"2026-02-18T11:01:21","slug":"dividendos-en-el-mundo","status":"publish","type":"product","link":"https:\/\/www.exchange-data.com\/es\/producto\/dividendos-en-el-mundo\/","title":{"rendered":"Servicio Global de Datos de Dividendos"},"content":{"rendered":"<p><span style=\"font-weight: 400;\">Acceda a informaci\u00f3n actualizada y detallada sobre todos los nuevos anuncios de dividendos, as\u00ed como las modificaciones realizadas en registros existentes. Este servicio cubre acciones internacionales y m\u00e1s de <strong>29.000 fondos de inversi\u00f3n estadounidenses<\/strong>. <\/span><\/p>\n<p>&nbsp;<\/p>\n<h2>Lo que incluye el servicio<\/h2>\n<p>&nbsp;<\/p>\n<ul>\n<li><span style=\"font-weight: 400;\">Cobertura global: Anuncios recopilados de m\u00e1s de 150 bolsas de valores<\/span><\/li>\n<li><span style=\"font-weight: 400;\">Dividendos en efectivo y en acciones: Fechas clave (registro, pago, ex-dividendo), importes brutos y netos<\/span><\/li>\n<li><span style=\"font-weight: 400;\">Multidivisa: Detalles sobre todas las monedas en las que puede pagarse un dividendo<\/span><\/li>\n<li><span style=\"font-weight: 400;\">Adaptabilidad: Seguimiento eficiente de estructuras de distribuci\u00f3n cada vez m\u00e1s complejas<\/span><\/li>\n<\/ul>\n<p><span style=\"font-weight: 400;\">Complementamos la cobertura con <a href=\"https:\/\/www.exchange-data.com\/es\/producto\/prevision-de-dividendos\/\">Dividend Forecasting<\/a>, que ofrece: Informaci\u00f3n actualizada sobre fechas y pagos, Cobertura de miles de valores en m\u00e1s de 1.000 \u00edndices y 100 pa\u00edses.<\/span><\/p>\n","protected":false},"featured_media":34154,"template":"","country":[2368,1985,2108,2081,1936,2035,2188,2013,1933,2106,2031,2087,2112,2113,2021,2022,1971,1897,2016,2017,2184,2362,1997,1991,1992,2027,1882,2039,1951,1952,1919,2283,2025,2026,1896,1927,1928,2103,2086,2003,1964,1862,2036,1981,1982,1983,2275,2057,1999,2085,1916,1917,2046,1961,2023,1923,1980,1957,1958,1868,1885,2079,1883,1884,2074,1908,1912,1978,1972,1977,2052,1942,2044,2045,1904,1905,2377,2114,2020,2028,1956,2005,2187,2070,1949,2072,2176,2258,2069,2018,1858,1879,1880,2012,1975,1944,1945,2065,2094,1860,1968,1993,2364,2365,1994,1861,2010,2002,2096,2097,2371,2100,1925,1926,1955,2062,2229,2056,1855,1854,1988,2090,2091,1909,2007,1935,1973,1974,1863,2282,1875,2222,2064,1876,1959,1960,1937,1938,2078,2077,2058,1996,2049,2000,1866,1970,1954,2092,2093,1965,1966,1891,1889,1890,1920,1921,1871,1872,1940,1870,2204,1878,1877,1852,1853,2084,1930,2076,2009,2098,1864,2014,2015,2059,2115,2001,2109,1979,2073,2011,1987,1913,1886,1906,1934,2107,2040,2041,2019,1932,1856,2200,2037,2038,2024,1900,2066,1888,1939,1857,2008,1901,1922,2050,2051,2053,2054,1892,1893,2343,2048,2071,1915,1914,2060,2004,2075,1894,1895,1943,1989,1963,1929,2186,2110,2111,1962,1873,1874,1881,2029,2030,2361,1931,2363,1924,2104,2105,1995,2102,1865,2006,1950,1869,1948,2366,1867,2331,2088,1941,2068,2089,1986,1918,1907,1903,1902,2095,1911,2370,2101,2063,2067,2047,1910,1984,2043,2042,1990,2083,2082,2055,2033,2034,2192,2249,1898,1899,1976,1969,1887,2180,2152,2369,2185,1998,2032,1967,2061,1859,2099,2080,1953,2367,1946,1947],"product_category":[3182,3178],"class_list":["post-36034","product","type-product","status-publish","has-post-thumbnail","hentry","product_category-acciones-corporativas","product_category-productos-y-servicios"],"acf":[],"yoast_head":"<!-- This site is optimized with the Yoast SEO Premium plugin v26.0 (Yoast SEO v26.0) - https:\/\/yoast.com\/wordpress\/plugins\/seo\/ -->\n<title>Access Accurate Global Dividend Information | Datos Globales de Dividendos<\/title>\n<meta name=\"description\" content=\"Discover our datos globales de dividendos service for detailed, up-to-date announcements and tax calculations across 150+ markets and 29,000+ US Mutual Funds.\" \/>\n<meta name=\"robots\" content=\"index, follow, max-snippet:-1, max-image-preview:large, max-video-preview:-1\" \/>\n<link rel=\"canonical\" href=\"https:\/\/www.exchange-data.com\/es\/producto\/dividendos-en-el-mundo\/\" \/>\n<meta property=\"og:locale\" content=\"es_ES\" \/>\n<meta property=\"og:type\" content=\"article\" \/>\n<meta property=\"og:title\" content=\"Dividendos en el mundo\" \/>\n<meta property=\"og:description\" content=\"Utilice el servicio mundial de datos sobre dividendos para obtener informaci\u00f3n actualizada y detallada sobre todos los nuevos anuncios de dividendos, as\u00ed como las actualizaciones de los registros existentes. El servicio cubre la renta variable mundial y m\u00e1s de 29.000 fondos de inversi\u00f3n estadounidenses. Sepa que nuestro servicio mundial de datos sobre dividendos le proporcionar\u00e1 acceso a los anuncios mundiales de dividendos procedentes de m\u00e1s de 150 bolsas, informaci\u00f3n detallada sobre dividendos en efectivo y en acciones, incluidas las fechas de registro, pago y salida. Importes brutos y netos, detalles de todas las divisas en las que se puede pagar un dividendo, la capacidad de mantenerse al d\u00eda con el creciente n\u00famero de distribuciones con un perfil m\u00e1s complejo.\" \/>\n<meta property=\"og:url\" content=\"https:\/\/www.exchange-data.com\/es\/producto\/dividendos-en-el-mundo\/\" \/>\n<meta property=\"og:site_name\" content=\"Exchange Data International\" \/>\n<meta property=\"article:modified_time\" content=\"2026-02-18T11:01:21+00:00\" \/>\n<meta property=\"og:image\" content=\"https:\/\/www.exchange-data.com\/wp-content\/uploads\/2015\/09\/EDI-Post-Featured-Image-700x400-1.png\" \/>\n<meta name=\"twitter:card\" content=\"summary_large_image\" \/>\n<meta name=\"twitter:title\" content=\"Dividendos en el mundo\" \/>\n<meta name=\"twitter:description\" content=\"Utilice el servicio mundial de datos sobre dividendos para obtener informaci\u00f3n actualizada y detallada sobre todos los nuevos anuncios de dividendos, as\u00ed como las actualizaciones de los registros existentes. El servicio cubre la renta variable mundial y m\u00e1s de 29.000 fondos de inversi\u00f3n estadounidenses. Sepa que nuestro servicio mundial de datos sobre dividendos le proporcionar\u00e1 acceso a los anuncios mundiales de dividendos procedentes de m\u00e1s de 150 bolsas, informaci\u00f3n detallada sobre dividendos en efectivo y en acciones, incluidas las fechas de registro, pago y salida. Importes brutos y netos, detalles de todas las divisas en las que se puede pagar un dividendo, la capacidad de mantenerse al d\u00eda con el creciente n\u00famero de distribuciones con un perfil m\u00e1s complejo.\" \/>\n<meta name=\"twitter:image\" content=\"https:\/\/www.exchange-data.com\/wp-content\/uploads\/2015\/09\/EDI-Post-Featured-Image-700x400-1.png\" \/>\n<meta name=\"twitter:site\" content=\"@ExchangeData\" \/>\n<meta name=\"twitter:label1\" content=\"Tiempo de lectura\" \/>\n\t<meta name=\"twitter:data1\" content=\"1 minuto\" \/>\n<script type=\"application\/ld+json\" class=\"yoast-schema-graph\">{\"@context\":\"https:\/\/schema.org\",\"@graph\":[{\"@type\":\"WebPage\",\"@id\":\"https:\/\/www.exchange-data.com\/es\/producto\/dividendos-en-el-mundo\/\",\"url\":\"https:\/\/www.exchange-data.com\/es\/producto\/dividendos-en-el-mundo\/\",\"name\":\"Access Accurate Global Dividend Information | Datos Globales de Dividendos\",\"isPartOf\":{\"@id\":\"https:\/\/www.exchange-data.com\/es\/#website\"},\"primaryImageOfPage\":{\"@id\":\"https:\/\/www.exchange-data.com\/es\/producto\/dividendos-en-el-mundo\/#primaryimage\"},\"image\":{\"@id\":\"https:\/\/www.exchange-data.com\/es\/producto\/dividendos-en-el-mundo\/#primaryimage\"},\"thumbnailUrl\":\"https:\/\/www.exchange-data.com\/wp-content\/uploads\/2015\/09\/EDI-Post-Featured-Image-700x400-1.png\",\"datePublished\":\"2019-03-31T17:39:28+00:00\",\"dateModified\":\"2026-02-18T11:01:21+00:00\",\"description\":\"Discover our datos globales de dividendos service for detailed, up-to-date announcements and tax calculations across 150+ markets and 29,000+ US Mutual Funds.\",\"breadcrumb\":{\"@id\":\"https:\/\/www.exchange-data.com\/es\/producto\/dividendos-en-el-mundo\/#breadcrumb\"},\"inLanguage\":\"es\",\"potentialAction\":[{\"@type\":\"ReadAction\",\"target\":[\"https:\/\/www.exchange-data.com\/es\/producto\/dividendos-en-el-mundo\/\"]}]},{\"@type\":\"ImageObject\",\"inLanguage\":\"es\",\"@id\":\"https:\/\/www.exchange-data.com\/es\/producto\/dividendos-en-el-mundo\/#primaryimage\",\"url\":\"https:\/\/www.exchange-data.com\/wp-content\/uploads\/2015\/09\/EDI-Post-Featured-Image-700x400-1.png\",\"contentUrl\":\"https:\/\/www.exchange-data.com\/wp-content\/uploads\/2015\/09\/EDI-Post-Featured-Image-700x400-1.png\",\"width\":700,\"height\":400,\"caption\":\"Exchange Data International\"},{\"@type\":\"BreadcrumbList\",\"@id\":\"https:\/\/www.exchange-data.com\/es\/producto\/dividendos-en-el-mundo\/#breadcrumb\",\"itemListElement\":[{\"@type\":\"ListItem\",\"position\":1,\"name\":\"Home\",\"item\":\"https:\/\/www.exchange-data.com\/es\/inicio\/\"},{\"@type\":\"ListItem\",\"position\":2,\"name\":\"Servicio Global de Datos de Dividendos\"}]},{\"@type\":\"WebSite\",\"@id\":\"https:\/\/www.exchange-data.com\/es\/#website\",\"url\":\"https:\/\/www.exchange-data.com\/es\/\",\"name\":\"Exchange Data International\",\"description\":\"Doing data differently\",\"publisher\":{\"@id\":\"https:\/\/www.exchange-data.com\/es\/#organization\"},\"potentialAction\":[{\"@type\":\"SearchAction\",\"target\":{\"@type\":\"EntryPoint\",\"urlTemplate\":\"https:\/\/www.exchange-data.com\/es\/?s={search_term_string}\"},\"query-input\":{\"@type\":\"PropertyValueSpecification\",\"valueRequired\":true,\"valueName\":\"search_term_string\"}}],\"inLanguage\":\"es\"},{\"@type\":\"Organization\",\"@id\":\"https:\/\/www.exchange-data.com\/es\/#organization\",\"name\":\"Exchange Data International\",\"url\":\"https:\/\/www.exchange-data.com\/es\/\",\"logo\":{\"@type\":\"ImageObject\",\"inLanguage\":\"es\",\"@id\":\"https:\/\/www.exchange-data.com\/es\/#\/schema\/logo\/image\/\",\"url\":\"https:\/\/www.exchange-data.com\/wp-content\/uploads\/2019\/03\/logo3.png\",\"contentUrl\":\"https:\/\/www.exchange-data.com\/wp-content\/uploads\/2019\/03\/logo3.png\",\"width\":200,\"height\":80,\"caption\":\"Exchange Data International\"},\"image\":{\"@id\":\"https:\/\/www.exchange-data.com\/es\/#\/schema\/logo\/image\/\"},\"sameAs\":[\"https:\/\/x.com\/ExchangeData\",\"https:\/\/www.linkedin.com\/company\/exchange-data-international\/?viewAsMember=true\",\"https:\/\/www.youtube.com\/channel\/UC5D1OpUb22YZANRLD_Ktcgg?view_as=subscriber\"]}]}<\/script>\n<!-- \/ Yoast SEO Premium plugin. -->","yoast_head_json":{"title":"Access Accurate Global Dividend Information | Datos Globales de Dividendos","description":"Discover our datos globales de dividendos service for detailed, up-to-date announcements and tax calculations across 150+ markets and 29,000+ US Mutual Funds.","robots":{"index":"index","follow":"follow","max-snippet":"max-snippet:-1","max-image-preview":"max-image-preview:large","max-video-preview":"max-video-preview:-1"},"canonical":"https:\/\/www.exchange-data.com\/es\/producto\/dividendos-en-el-mundo\/","og_locale":"es_ES","og_type":"article","og_title":"Dividendos en el mundo","og_description":"Utilice el servicio mundial de datos sobre dividendos para obtener informaci\u00f3n actualizada y detallada sobre todos los nuevos anuncios de dividendos, as\u00ed como las actualizaciones de los registros existentes. El servicio cubre la renta variable mundial y m\u00e1s de 29.000 fondos de inversi\u00f3n estadounidenses. Sepa que nuestro servicio mundial de datos sobre dividendos le proporcionar\u00e1 acceso a los anuncios mundiales de dividendos procedentes de m\u00e1s de 150 bolsas, informaci\u00f3n detallada sobre dividendos en efectivo y en acciones, incluidas las fechas de registro, pago y salida. Importes brutos y netos, detalles de todas las divisas en las que se puede pagar un dividendo, la capacidad de mantenerse al d\u00eda con el creciente n\u00famero de distribuciones con un perfil m\u00e1s complejo.","og_url":"https:\/\/www.exchange-data.com\/es\/producto\/dividendos-en-el-mundo\/","og_site_name":"Exchange Data International","article_modified_time":"2026-02-18T11:01:21+00:00","og_image":[{"url":"https:\/\/www.exchange-data.com\/wp-content\/uploads\/2015\/09\/EDI-Post-Featured-Image-700x400-1.png","type":"","width":"","height":""}],"twitter_card":"summary_large_image","twitter_title":"Dividendos en el mundo","twitter_description":"Utilice el servicio mundial de datos sobre dividendos para obtener informaci\u00f3n actualizada y detallada sobre todos los nuevos anuncios de dividendos, as\u00ed como las actualizaciones de los registros existentes. El servicio cubre la renta variable mundial y m\u00e1s de 29.000 fondos de inversi\u00f3n estadounidenses. Sepa que nuestro servicio mundial de datos sobre dividendos le proporcionar\u00e1 acceso a los anuncios mundiales de dividendos procedentes de m\u00e1s de 150 bolsas, informaci\u00f3n detallada sobre dividendos en efectivo y en acciones, incluidas las fechas de registro, pago y salida. Importes brutos y netos, detalles de todas las divisas en las que se puede pagar un dividendo, la capacidad de mantenerse al d\u00eda con el creciente n\u00famero de distribuciones con un perfil m\u00e1s complejo.","twitter_image":"https:\/\/www.exchange-data.com\/wp-content\/uploads\/2015\/09\/EDI-Post-Featured-Image-700x400-1.png","twitter_site":"@ExchangeData","twitter_misc":{"Tiempo de lectura":"1 minuto"},"schema":{"@context":"https:\/\/schema.org","@graph":[{"@type":"WebPage","@id":"https:\/\/www.exchange-data.com\/es\/producto\/dividendos-en-el-mundo\/","url":"https:\/\/www.exchange-data.com\/es\/producto\/dividendos-en-el-mundo\/","name":"Access Accurate Global Dividend Information | Datos Globales de Dividendos","isPartOf":{"@id":"https:\/\/www.exchange-data.com\/es\/#website"},"primaryImageOfPage":{"@id":"https:\/\/www.exchange-data.com\/es\/producto\/dividendos-en-el-mundo\/#primaryimage"},"image":{"@id":"https:\/\/www.exchange-data.com\/es\/producto\/dividendos-en-el-mundo\/#primaryimage"},"thumbnailUrl":"https:\/\/www.exchange-data.com\/wp-content\/uploads\/2015\/09\/EDI-Post-Featured-Image-700x400-1.png","datePublished":"2019-03-31T17:39:28+00:00","dateModified":"2026-02-18T11:01:21+00:00","description":"Discover our datos globales de dividendos service for detailed, up-to-date announcements and tax calculations across 150+ markets and 29,000+ US Mutual Funds.","breadcrumb":{"@id":"https:\/\/www.exchange-data.com\/es\/producto\/dividendos-en-el-mundo\/#breadcrumb"},"inLanguage":"es","potentialAction":[{"@type":"ReadAction","target":["https:\/\/www.exchange-data.com\/es\/producto\/dividendos-en-el-mundo\/"]}]},{"@type":"ImageObject","inLanguage":"es","@id":"https:\/\/www.exchange-data.com\/es\/producto\/dividendos-en-el-mundo\/#primaryimage","url":"https:\/\/www.exchange-data.com\/wp-content\/uploads\/2015\/09\/EDI-Post-Featured-Image-700x400-1.png","contentUrl":"https:\/\/www.exchange-data.com\/wp-content\/uploads\/2015\/09\/EDI-Post-Featured-Image-700x400-1.png","width":700,"height":400,"caption":"Exchange Data International"},{"@type":"BreadcrumbList","@id":"https:\/\/www.exchange-data.com\/es\/producto\/dividendos-en-el-mundo\/#breadcrumb","itemListElement":[{"@type":"ListItem","position":1,"name":"Home","item":"https:\/\/www.exchange-data.com\/es\/inicio\/"},{"@type":"ListItem","position":2,"name":"Servicio Global de Datos de Dividendos"}]},{"@type":"WebSite","@id":"https:\/\/www.exchange-data.com\/es\/#website","url":"https:\/\/www.exchange-data.com\/es\/","name":"Exchange Data International","description":"Doing data differently","publisher":{"@id":"https:\/\/www.exchange-data.com\/es\/#organization"},"potentialAction":[{"@type":"SearchAction","target":{"@type":"EntryPoint","urlTemplate":"https:\/\/www.exchange-data.com\/es\/?s={search_term_string}"},"query-input":{"@type":"PropertyValueSpecification","valueRequired":true,"valueName":"search_term_string"}}],"inLanguage":"es"},{"@type":"Organization","@id":"https:\/\/www.exchange-data.com\/es\/#organization","name":"Exchange Data International","url":"https:\/\/www.exchange-data.com\/es\/","logo":{"@type":"ImageObject","inLanguage":"es","@id":"https:\/\/www.exchange-data.com\/es\/#\/schema\/logo\/image\/","url":"https:\/\/www.exchange-data.com\/wp-content\/uploads\/2019\/03\/logo3.png","contentUrl":"https:\/\/www.exchange-data.com\/wp-content\/uploads\/2019\/03\/logo3.png","width":200,"height":80,"caption":"Exchange Data International"},"image":{"@id":"https:\/\/www.exchange-data.com\/es\/#\/schema\/logo\/image\/"},"sameAs":["https:\/\/x.com\/ExchangeData","https:\/\/www.linkedin.com\/company\/exchange-data-international\/?viewAsMember=true","https:\/\/www.youtube.com\/channel\/UC5D1OpUb22YZANRLD_Ktcgg?view_as=subscriber"]}]}},"_links":{"self":[{"href":"https:\/\/www.exchange-data.com\/es\/wp-json\/wp\/v2\/product\/36034","targetHints":{"allow":["GET"]}}],"collection":[{"href":"https:\/\/www.exchange-data.com\/es\/wp-json\/wp\/v2\/product"}],"about":[{"href":"https:\/\/www.exchange-data.com\/es\/wp-json\/wp\/v2\/types\/product"}],"wp:featuredmedia":[{"embeddable":true,"href":"https:\/\/www.exchange-data.com\/es\/wp-json\/wp\/v2\/media\/34154"}],"wp:attachment":[{"href":"https:\/\/www.exchange-data.com\/es\/wp-json\/wp\/v2\/media?parent=36034"}],"wp:term":[{"taxonomy":"country","embeddable":true,"href":"https:\/\/www.exchange-data.com\/es\/wp-json\/wp\/v2\/country?post=36034"},{"taxonomy":"product_category","embeddable":true,"href":"https:\/\/www.exchange-data.com\/es\/wp-json\/wp\/v2\/product_category?post=36034"}],"curies":[{"name":"wp","href":"https:\/\/api.w.org\/{rel}","templated":true}]}}