{"id":36035,"date":"2019-03-28T17:00:06","date_gmt":"2019-03-28T16:00:06","guid":{"rendered":"https:\/\/www.exchange-data.com\/product\/analisis-de-la-renta-variable-mundial\/"},"modified":"2025-10-08T12:37:10","modified_gmt":"2025-10-08T11:37:10","slug":"analisis-de-la-renta-variable-mundial","status":"publish","type":"product","link":"https:\/\/www.exchange-data.com\/es\/producto\/analisis-de-la-renta-variable-mundial\/","title":{"rendered":"An\u00e1lisis Global de Renta Variable"},"content":{"rendered":"<p><span style=\"font-weight: 400;\">El servicio An\u00e1lisis Global de Renta Variable es un nuevo feed de datos derivados de acciones que proporciona a los clientes informaci\u00f3n de alta calidad para gestionar y valorar eficientemente sus carteras.<\/span><\/p>\n<p>Reciba todos los datos anal\u00edticos que necesita en un \u00fanico archivo para:<\/p>\n<ul>\n<li>Mitigar riesgos asociados a los valores de su cartera<\/li>\n<li>Automatizar la toma de decisiones<\/li>\n<\/ul>\n<h4>Obtener visibilidad sobre el mercado global de renta variable<\/h4>\n<p>Ofrecemos un conjunto personalizable de m\u00e1s de 60 campos de datos derivados de acciones, entre ellos:<\/p>\n<table>\n<tbody>\n<tr>\n<td>\n<ul>\n<li>Capitalizaci\u00f3n burs\u00e1til del emisor<\/li>\n<li>Volumen diario medio negociado en los \u00faltimos 9 meses<\/li>\n<li>Valores de referencia (benchmark)<\/li>\n<li>Rentabilidad comparativa y frente a benchmarks a 1, 5 y 10 a\u00f1os<\/li>\n<li>Crecimiento de dividendos a 1 y 5 a\u00f1os<\/li>\n<\/ul>\n<\/td>\n<td>\n<ul>\n<li>Volumen medio diario en la \u00faltima semana, mes y a\u00f1o<\/li>\n<li>RSI<\/li>\n<li>Volatilidad a 90 d\u00edas<\/li>\n<li>Valor en riesgo (VaR) a un a\u00f1o con niveles de confianza del 99 % y 95 %<\/li>\n<li>Alpha, Beta, R-cuadrado y Sharpe a 12 y 60 meses<\/li>\n<\/ul>\n<\/td>\n<\/tr>\n<\/tbody>\n<\/table>\n<p>*Se pueden incluir an\u00e1lisis adicionales bajo solicitud.<\/p>\n<h4>Tambi\u00e9n se integran campos de referencia del Archivo de <a title=\"Servicio de datos de referencia\" href=\"https:\/\/www.exchange-data.com\/es\/producto\/fichero-de-referencia-de-valores\/\">Referencia de Valores<\/a> como:<\/h4>\n<ul>\n<li>Nombre del emisor<\/li>\n<li>Tipo de valor<\/li>\n<li>MIC<\/li>\n<li>Bolsa<\/li>\n<\/ul>\n<h4>Y elementos de datos de precios de cierre como:<\/h4>\n<ul>\n<li>\u00daltima fecha negociada<\/li>\n<li>Precio m\u00e1ximo<\/li>\n<li>Precio m\u00ednimo<\/li>\n<li>Precio de cierre<\/li>\n<\/ul>\n<p><span style=\"font-weight: 400;\">El enlace con los <a title=\"Servicio de datos de referencia\" href=\"https:\/\/www.exchange-data.com\/es\/producto\/datos-de-precios-al-final-del-dia\/\">archivos de precios <\/a>de fin de d\u00eda garantiza que los an\u00e1lisis de cada valor se publiquen autom\u00e1ticamente tras el cierre del mercado.<\/span><br \/>\n<!-- Event snippet for submit lead form conversion page --> <script> gtag('event', 'conversion', {'send_to': 'AW-1071256740\/81J3CNLDrowYEKSp6P4D'}); <\/script><\/p>\n","protected":false},"featured_media":34154,"template":"","country":[],"product_category":[3179,3178],"class_list":["post-36035","product","type-product","status-publish","has-post-thumbnail","hentry","product_category-precios","product_category-productos-y-servicios"],"acf":[],"yoast_head":"<!-- This site is optimized with the Yoast SEO Premium plugin v26.0 (Yoast SEO v26.0) - https:\/\/yoast.com\/wordpress\/plugins\/seo\/ -->\n<title>An\u00e1lisis Global de Renta Variable | Datos derivados para valorar carteras de forma eficiente<\/title>\n<meta name=\"description\" content=\"Gestione su cartera con An\u00e1lisis Global de Renta Variable: m\u00e1s de 60 m\u00e9tricas personalizables, datos por pa\u00eds o regi\u00f3n, y publicaci\u00f3n autom\u00e1tica tras el cierre de mercado.\" \/>\n<meta name=\"robots\" content=\"index, follow, max-snippet:-1, max-image-preview:large, max-video-preview:-1\" \/>\n<link rel=\"canonical\" href=\"https:\/\/www.exchange-data.com\/es\/producto\/analisis-de-la-renta-variable-mundial\/\" \/>\n<meta property=\"og:locale\" content=\"es_ES\" \/>\n<meta property=\"og:type\" content=\"article\" \/>\n<meta property=\"og:title\" content=\"An\u00e1lisis de la renta variable mundial\" \/>\n<meta property=\"og:description\" content=\"Worldwide Equity Analytics es una nueva fuente de datos derivados de renta variable que proporciona a los clientes informaci\u00f3n de alta calidad para gestionar y valorar eficazmente su cartera. Obtenga un \u00fanico archivo con todos los datos anal\u00edticos que necesita para mitigar los riesgos asociados a los valores de su cartera y automatizar la toma de decisiones.\" \/>\n<meta property=\"og:url\" content=\"https:\/\/www.exchange-data.com\/es\/producto\/analisis-de-la-renta-variable-mundial\/\" \/>\n<meta property=\"og:site_name\" content=\"Exchange Data International\" \/>\n<meta property=\"article:modified_time\" content=\"2025-10-08T11:37:10+00:00\" \/>\n<meta property=\"og:image\" content=\"https:\/\/www.exchange-data.com\/wp-content\/uploads\/2015\/09\/EDI-Post-Featured-Image-700x400-1.png\" \/>\n<meta name=\"twitter:card\" content=\"summary_large_image\" \/>\n<meta name=\"twitter:title\" content=\"An\u00e1lisis de la renta variable mundial\" \/>\n<meta name=\"twitter:description\" content=\"Worldwide Equity Analytics es una nueva fuente de datos derivados de renta variable que proporciona a los clientes informaci\u00f3n de alta calidad para gestionar y valorar eficazmente su cartera. Obtenga un \u00fanico archivo con todos los datos anal\u00edticos que necesita para mitigar los riesgos asociados a los valores de su cartera y automatizar la toma de decisiones.\" \/>\n<meta name=\"twitter:image\" content=\"https:\/\/www.exchange-data.com\/wp-content\/uploads\/2015\/09\/EDI-Post-Featured-Image-700x400-1.png\" \/>\n<meta name=\"twitter:site\" content=\"@ExchangeData\" \/>\n<meta name=\"twitter:label1\" content=\"Tiempo de lectura\" \/>\n\t<meta name=\"twitter:data1\" content=\"2 minutos\" \/>\n<script type=\"application\/ld+json\" class=\"yoast-schema-graph\">{\"@context\":\"https:\/\/schema.org\",\"@graph\":[{\"@type\":\"WebPage\",\"@id\":\"https:\/\/www.exchange-data.com\/es\/producto\/analisis-de-la-renta-variable-mundial\/\",\"url\":\"https:\/\/www.exchange-data.com\/es\/producto\/analisis-de-la-renta-variable-mundial\/\",\"name\":\"An\u00e1lisis Global de Renta Variable | Datos derivados para valorar carteras de forma eficiente\",\"isPartOf\":{\"@id\":\"https:\/\/www.exchange-data.com\/es\/#website\"},\"primaryImageOfPage\":{\"@id\":\"https:\/\/www.exchange-data.com\/es\/producto\/analisis-de-la-renta-variable-mundial\/#primaryimage\"},\"image\":{\"@id\":\"https:\/\/www.exchange-data.com\/es\/producto\/analisis-de-la-renta-variable-mundial\/#primaryimage\"},\"thumbnailUrl\":\"https:\/\/www.exchange-data.com\/wp-content\/uploads\/2015\/09\/EDI-Post-Featured-Image-700x400-1.png\",\"datePublished\":\"2019-03-28T16:00:06+00:00\",\"dateModified\":\"2025-10-08T11:37:10+00:00\",\"description\":\"Gestione su cartera con An\u00e1lisis Global de Renta Variable: m\u00e1s de 60 m\u00e9tricas personalizables, datos por pa\u00eds o regi\u00f3n, y publicaci\u00f3n autom\u00e1tica tras el cierre de mercado.\",\"breadcrumb\":{\"@id\":\"https:\/\/www.exchange-data.com\/es\/producto\/analisis-de-la-renta-variable-mundial\/#breadcrumb\"},\"inLanguage\":\"es\",\"potentialAction\":[{\"@type\":\"ReadAction\",\"target\":[\"https:\/\/www.exchange-data.com\/es\/producto\/analisis-de-la-renta-variable-mundial\/\"]}]},{\"@type\":\"ImageObject\",\"inLanguage\":\"es\",\"@id\":\"https:\/\/www.exchange-data.com\/es\/producto\/analisis-de-la-renta-variable-mundial\/#primaryimage\",\"url\":\"https:\/\/www.exchange-data.com\/wp-content\/uploads\/2015\/09\/EDI-Post-Featured-Image-700x400-1.png\",\"contentUrl\":\"https:\/\/www.exchange-data.com\/wp-content\/uploads\/2015\/09\/EDI-Post-Featured-Image-700x400-1.png\",\"width\":700,\"height\":400,\"caption\":\"Exchange Data International\"},{\"@type\":\"BreadcrumbList\",\"@id\":\"https:\/\/www.exchange-data.com\/es\/producto\/analisis-de-la-renta-variable-mundial\/#breadcrumb\",\"itemListElement\":[{\"@type\":\"ListItem\",\"position\":1,\"name\":\"Home\",\"item\":\"https:\/\/www.exchange-data.com\/es\/inicio\/\"},{\"@type\":\"ListItem\",\"position\":2,\"name\":\"An\u00e1lisis Global de Renta Variable\"}]},{\"@type\":\"WebSite\",\"@id\":\"https:\/\/www.exchange-data.com\/es\/#website\",\"url\":\"https:\/\/www.exchange-data.com\/es\/\",\"name\":\"Exchange Data International\",\"description\":\"Doing data differently\",\"publisher\":{\"@id\":\"https:\/\/www.exchange-data.com\/es\/#organization\"},\"potentialAction\":[{\"@type\":\"SearchAction\",\"target\":{\"@type\":\"EntryPoint\",\"urlTemplate\":\"https:\/\/www.exchange-data.com\/es\/?s={search_term_string}\"},\"query-input\":{\"@type\":\"PropertyValueSpecification\",\"valueRequired\":true,\"valueName\":\"search_term_string\"}}],\"inLanguage\":\"es\"},{\"@type\":\"Organization\",\"@id\":\"https:\/\/www.exchange-data.com\/es\/#organization\",\"name\":\"Exchange Data International\",\"url\":\"https:\/\/www.exchange-data.com\/es\/\",\"logo\":{\"@type\":\"ImageObject\",\"inLanguage\":\"es\",\"@id\":\"https:\/\/www.exchange-data.com\/es\/#\/schema\/logo\/image\/\",\"url\":\"https:\/\/www.exchange-data.com\/wp-content\/uploads\/2019\/03\/logo3.png\",\"contentUrl\":\"https:\/\/www.exchange-data.com\/wp-content\/uploads\/2019\/03\/logo3.png\",\"width\":200,\"height\":80,\"caption\":\"Exchange Data International\"},\"image\":{\"@id\":\"https:\/\/www.exchange-data.com\/es\/#\/schema\/logo\/image\/\"},\"sameAs\":[\"https:\/\/x.com\/ExchangeData\",\"https:\/\/www.linkedin.com\/company\/exchange-data-international\/?viewAsMember=true\",\"https:\/\/www.youtube.com\/channel\/UC5D1OpUb22YZANRLD_Ktcgg?view_as=subscriber\"]}]}<\/script>\n<!-- \/ Yoast SEO Premium plugin. -->","yoast_head_json":{"title":"An\u00e1lisis Global de Renta Variable | Datos derivados para valorar carteras de forma eficiente","description":"Gestione su cartera con An\u00e1lisis Global de Renta Variable: m\u00e1s de 60 m\u00e9tricas personalizables, datos por pa\u00eds o regi\u00f3n, y publicaci\u00f3n autom\u00e1tica tras el cierre de mercado.","robots":{"index":"index","follow":"follow","max-snippet":"max-snippet:-1","max-image-preview":"max-image-preview:large","max-video-preview":"max-video-preview:-1"},"canonical":"https:\/\/www.exchange-data.com\/es\/producto\/analisis-de-la-renta-variable-mundial\/","og_locale":"es_ES","og_type":"article","og_title":"An\u00e1lisis de la renta variable mundial","og_description":"Worldwide Equity Analytics es una nueva fuente de datos derivados de renta variable que proporciona a los clientes informaci\u00f3n de alta calidad para gestionar y valorar eficazmente su cartera. Obtenga un \u00fanico archivo con todos los datos anal\u00edticos que necesita para mitigar los riesgos asociados a los valores de su cartera y automatizar la toma de decisiones.","og_url":"https:\/\/www.exchange-data.com\/es\/producto\/analisis-de-la-renta-variable-mundial\/","og_site_name":"Exchange Data International","article_modified_time":"2025-10-08T11:37:10+00:00","og_image":[{"url":"https:\/\/www.exchange-data.com\/wp-content\/uploads\/2015\/09\/EDI-Post-Featured-Image-700x400-1.png","type":"","width":"","height":""}],"twitter_card":"summary_large_image","twitter_title":"An\u00e1lisis de la renta variable mundial","twitter_description":"Worldwide Equity Analytics es una nueva fuente de datos derivados de renta variable que proporciona a los clientes informaci\u00f3n de alta calidad para gestionar y valorar eficazmente su cartera. Obtenga un \u00fanico archivo con todos los datos anal\u00edticos que necesita para mitigar los riesgos asociados a los valores de su cartera y automatizar la toma de decisiones.","twitter_image":"https:\/\/www.exchange-data.com\/wp-content\/uploads\/2015\/09\/EDI-Post-Featured-Image-700x400-1.png","twitter_site":"@ExchangeData","twitter_misc":{"Tiempo de lectura":"2 minutos"},"schema":{"@context":"https:\/\/schema.org","@graph":[{"@type":"WebPage","@id":"https:\/\/www.exchange-data.com\/es\/producto\/analisis-de-la-renta-variable-mundial\/","url":"https:\/\/www.exchange-data.com\/es\/producto\/analisis-de-la-renta-variable-mundial\/","name":"An\u00e1lisis Global de Renta Variable | Datos derivados para valorar carteras de forma eficiente","isPartOf":{"@id":"https:\/\/www.exchange-data.com\/es\/#website"},"primaryImageOfPage":{"@id":"https:\/\/www.exchange-data.com\/es\/producto\/analisis-de-la-renta-variable-mundial\/#primaryimage"},"image":{"@id":"https:\/\/www.exchange-data.com\/es\/producto\/analisis-de-la-renta-variable-mundial\/#primaryimage"},"thumbnailUrl":"https:\/\/www.exchange-data.com\/wp-content\/uploads\/2015\/09\/EDI-Post-Featured-Image-700x400-1.png","datePublished":"2019-03-28T16:00:06+00:00","dateModified":"2025-10-08T11:37:10+00:00","description":"Gestione su cartera con An\u00e1lisis Global de Renta Variable: m\u00e1s de 60 m\u00e9tricas personalizables, datos por pa\u00eds o regi\u00f3n, y publicaci\u00f3n autom\u00e1tica tras el cierre de mercado.","breadcrumb":{"@id":"https:\/\/www.exchange-data.com\/es\/producto\/analisis-de-la-renta-variable-mundial\/#breadcrumb"},"inLanguage":"es","potentialAction":[{"@type":"ReadAction","target":["https:\/\/www.exchange-data.com\/es\/producto\/analisis-de-la-renta-variable-mundial\/"]}]},{"@type":"ImageObject","inLanguage":"es","@id":"https:\/\/www.exchange-data.com\/es\/producto\/analisis-de-la-renta-variable-mundial\/#primaryimage","url":"https:\/\/www.exchange-data.com\/wp-content\/uploads\/2015\/09\/EDI-Post-Featured-Image-700x400-1.png","contentUrl":"https:\/\/www.exchange-data.com\/wp-content\/uploads\/2015\/09\/EDI-Post-Featured-Image-700x400-1.png","width":700,"height":400,"caption":"Exchange Data International"},{"@type":"BreadcrumbList","@id":"https:\/\/www.exchange-data.com\/es\/producto\/analisis-de-la-renta-variable-mundial\/#breadcrumb","itemListElement":[{"@type":"ListItem","position":1,"name":"Home","item":"https:\/\/www.exchange-data.com\/es\/inicio\/"},{"@type":"ListItem","position":2,"name":"An\u00e1lisis Global de Renta Variable"}]},{"@type":"WebSite","@id":"https:\/\/www.exchange-data.com\/es\/#website","url":"https:\/\/www.exchange-data.com\/es\/","name":"Exchange Data International","description":"Doing data differently","publisher":{"@id":"https:\/\/www.exchange-data.com\/es\/#organization"},"potentialAction":[{"@type":"SearchAction","target":{"@type":"EntryPoint","urlTemplate":"https:\/\/www.exchange-data.com\/es\/?s={search_term_string}"},"query-input":{"@type":"PropertyValueSpecification","valueRequired":true,"valueName":"search_term_string"}}],"inLanguage":"es"},{"@type":"Organization","@id":"https:\/\/www.exchange-data.com\/es\/#organization","name":"Exchange Data International","url":"https:\/\/www.exchange-data.com\/es\/","logo":{"@type":"ImageObject","inLanguage":"es","@id":"https:\/\/www.exchange-data.com\/es\/#\/schema\/logo\/image\/","url":"https:\/\/www.exchange-data.com\/wp-content\/uploads\/2019\/03\/logo3.png","contentUrl":"https:\/\/www.exchange-data.com\/wp-content\/uploads\/2019\/03\/logo3.png","width":200,"height":80,"caption":"Exchange Data International"},"image":{"@id":"https:\/\/www.exchange-data.com\/es\/#\/schema\/logo\/image\/"},"sameAs":["https:\/\/x.com\/ExchangeData","https:\/\/www.linkedin.com\/company\/exchange-data-international\/?viewAsMember=true","https:\/\/www.youtube.com\/channel\/UC5D1OpUb22YZANRLD_Ktcgg?view_as=subscriber"]}]}},"_links":{"self":[{"href":"https:\/\/www.exchange-data.com\/es\/wp-json\/wp\/v2\/product\/36035","targetHints":{"allow":["GET"]}}],"collection":[{"href":"https:\/\/www.exchange-data.com\/es\/wp-json\/wp\/v2\/product"}],"about":[{"href":"https:\/\/www.exchange-data.com\/es\/wp-json\/wp\/v2\/types\/product"}],"wp:featuredmedia":[{"embeddable":true,"href":"https:\/\/www.exchange-data.com\/es\/wp-json\/wp\/v2\/media\/34154"}],"wp:attachment":[{"href":"https:\/\/www.exchange-data.com\/es\/wp-json\/wp\/v2\/media?parent=36035"}],"wp:term":[{"taxonomy":"country","embeddable":true,"href":"https:\/\/www.exchange-data.com\/es\/wp-json\/wp\/v2\/country?post=36035"},{"taxonomy":"product_category","embeddable":true,"href":"https:\/\/www.exchange-data.com\/es\/wp-json\/wp\/v2\/product_category?post=36035"}],"curies":[{"name":"wp","href":"https:\/\/api.w.org\/{rel}","templated":true}]}}