{"id":36036,"date":"2019-04-02T10:37:37","date_gmt":"2019-04-02T09:37:37","guid":{"rendered":"https:\/\/www.exchange-data.com\/product\/acciones-corporativas-en-todo-el-mundo\/"},"modified":"2025-10-10T05:40:25","modified_gmt":"2025-10-10T04:40:25","slug":"acciones-corporativas-en-todo-el-mundo","status":"publish","type":"product","link":"https:\/\/www.exchange-data.com\/es\/producto\/acciones-corporativas-en-todo-el-mundo\/","title":{"rendered":"Acciones Corporativas de Renta Variable"},"content":{"rendered":"<p><a href=\"https:\/\/stg-exchangedata-stg.kinsta.cloud\/exchange-data-international-awarded-best-corporate-actions-provider\/\"><img loading=\"lazy\" decoding=\"async\" class=\" alignnone size-medium wp-image-31686\" src=\"https:\/\/stg-exchangedata-stg.kinsta.cloud\/wp-content\/uploads\/2019\/04\/EDI-wins-DMI-award-for-third-consecutive-year-3.png\" alt=\"Banner destaca el tercer a\u00f1o consecutivo que EDI gana el premio DMI.\" width=\"700\" height=\"100\"><\/a><\/p>\n<h2>Gestione Eficazmente la Informaci\u00f3n de Hechos de Importancia<br \/><\/h2>\n<p>&nbsp;<\/p>\n<p><span style=\"font-weight: 400;\">En un entorno financiero impulsado por datos, gestionar el flujo constante de informaci\u00f3n sobre acciones corporativas puede ser complejo. Con Exchange Data International (EDI) como aliado, este proceso se transforma en una ventaja competitiva. <\/span><\/p>\n<h3>Lo Que Ofrecemos:<\/h3>\n<p>&nbsp;<\/p>\n<ul>\n<li><span style=\"font-weight: 400;\"><strong>Cobertura global: <\/strong>M\u00e1s de 150 bolsas de valores en todo el mundo y m\u00e1s de 31.000 fondos mutuos estadounidenses<\/span><\/li>\n<li><span style=\"font-weight: 400;\"><strong>An\u00e1lisis detallado: <\/strong>Anuncios completos sobre eventos corporativos como dividendos, adquisiciones, escisiones y desdoblamientos de acciones<\/span><\/li>\n<\/ul>\n<h4>Toma de Decisiones Sin Complicaciones<\/h4>\n<p align=\"justify\"><span style=\"font-weight: 400;\">Mantenga un seguimiento eficaz de los eventos corporativos que puedan afectar las decisiones de sus clientes o propias. <\/span><\/p>\n<ul>\n<li><span style=\"font-weight: 400;\"><strong>Personalizar los datos:<\/strong> Filtre por regi\u00f3n, tipo de instrumento o categor\u00eda de evento<\/span><\/li>\n<li><span style=\"font-weight: 400;\"><strong>Verificaci\u00f3n mejorada:<\/strong> Cruce de datos mediante cuatro identificadores financieros globales<\/span><\/li>\n<\/ul>\n<p><a href=\"https:\/\/stg-exchangedata-stg.kinsta.cloud\/academic-institutions\/\"><img loading=\"lazy\" decoding=\"async\" class=\"alignleft size-full wp-image-33544\" src=\"https:\/\/stg-exchangedata-stg.kinsta.cloud\/wp-content\/uploads\/2019\/01\/Banner-Option-4.png\" alt=\"\" width=\"700\" height=\"100\" srcset=\"https:\/\/www.exchange-data.com\/wp-content\/uploads\/2019\/01\/Banner-Option-4.png 700w, https:\/\/www.exchange-data.com\/wp-content\/uploads\/2019\/01\/Banner-Option-4-300x43.png 300w, https:\/\/www.exchange-data.com\/wp-content\/uploads\/2019\/01\/Banner-Option-4-100x14.png 100w\" sizes=\"auto, (max-width: 700px) 100vw, 700px\" \/><\/a><br \/>\n&nbsp;<br \/>\n&nbsp;<\/p>\n<h5>Alertas de Hechos de Importancia y Acciones Coporativas<\/h5>\n<p><span style=\"font-weight: 400;\">Entendemos los retos a los que se enfrenta la comunidad de servicios financieros. Por eso ponemos a su disposici\u00f3n ficheros de alerta para pr\u00f3ximas fechas efectivas y ex-fechas, personalizados seg\u00fan sus preferencias. <\/span><\/p>\n<p><strong>Caracter\u00edsticas principales:<\/strong><\/p>\n<ul>\n<li><span style=\"font-weight: 400;\"><strong>Campos disponibles:<\/strong> Fecha ex-dividendo, fecha de registro, fecha de pago, fecha efectiva y m\u00e1s<\/span><\/li>\n<li><span style=\"font-weight: 400;\"><strong>Rango de fechas flexible: <\/strong>Alertas con hasta 30 d\u00edas de antelaci\u00f3n<\/span><\/li>\n<li><span style=\"font-weight: 400;\"><strong>Recordatorios m\u00faltiples:<\/strong> Notificaciones puntuales para no perder eventos relevantes<\/span><\/li>\n<\/ul>\n<h6>Disponibilidad de Datos<\/h6>\n<p><span style=\"font-weight: 400;\">En EDI, priorizamos actualizaciones cuatro veces al d\u00eda, seg\u00fan horario de Londres basados en la informaci\u00f3n m\u00e1s reciente. Estas actualizaciones est\u00e1n disponibles en los siguientes intervalos:  <\/span><\/p>\n<ul>\n<li><span style=\"font-weight: 400;\">0 Incremento \u2014 Entre las 04:00 y las 05:00<\/span><\/li>\n<li><span style=\"font-weight: 400;\">1 Incremento \u2014 Entre las 09:00 y las 10:00<\/span><\/li>\n<li><span style=\"font-weight: 400;\">2 Incremento \u2014 Entre las 14:00 y las 15:00<\/span><\/li>\n<li><span style=\"font-weight: 400;\">3 Incremento \u2014 Entre las 19:00 y las 20:00<\/span><\/li>\n<\/ul>\n<p><span style=\"font-weight: 400;\">Tome el control de sus datos de hechos de importancia con nuestras soluciones fiables y completas. Tome decisiones informadas, reduzca riesgos operativos y mant\u00e9ngase a la vanguardia del sector financiero. <\/span><\/p>\n<p>&nbsp;<\/p>\n","protected":false},"featured_media":34154,"template":"","country":[2368,1985,2108,2081,1936,2035,2188,2013,1933,2106,2031,2087,2112,2113,2021,2022,1971,1897,2016,2017,2362,1997,1991,1992,2027,1882,2039,1951,1952,2283,2025,2026,1896,1927,1928,2103,2086,2003,1964,1862,2036,1981,1982,1983,2275,2057,1999,2085,2046,1961,2023,1923,1980,1957,1958,1868,1885,2079,1883,1884,2074,1908,1912,1978,1972,1977,2052,1942,2044,2045,1904,1905,2377,2114,2020,2028,1956,2005,2187,2070,1949,2072,2176,2258,2069,2018,1858,1879,1880,2012,1975,1944,1945,2065,2094,1860,1968,1993,2364,2365,1994,1861,2010,2002,2096,2097,2371,2100,1925,1926,1955,2062,2229,2056,1855,1854,1988,2090,2091,1909,2007,1935,1973,1974,1863,2282,1875,2222,2064,1876,1959,1960,1937,1938,2078,2077,2058,1996,2049,2000,1866,1970,1954,2092,2093,1965,1966,1891,1889,1890,1920,1921,1871,1872,1940,1870,2204,1878,1877,1852,1853,2084,1930,2076,2009,2098,1864,2014,2015,2059,2115,2001,2109,1979,2073,2011,1987,1886,1906,1934,2107,2040,2041,2019,1932,1856,2200,2037,2038,2024,1900,2066,1888,1939,1857,2008,1901,1922,2050,2051,2053,2054,1892,1893,2343,2048,2071,2060,2004,2075,1894,1895,1943,1989,1963,1929,2186,2110,2111,1962,1873,1874,1881,2029,2030,2361,1931,2363,1924,2104,2105,1995,2102,1865,2006,1950,1869,1948,2366,1867,2331,2088,1941,2068,2089,1986,1918,1907,1903,1902,2095,1911,2370,2101,2063,2067,2047,1910,1984,2043,2042,1990,2083,2082,2055,2033,2034,2192,2249,1898,1899,1976,1969,1887,2180,2152,2369,2185,1998,2032,1967,2061,1859,2099,2080,1953,1946,1947],"product_category":[3182,3178],"class_list":["post-36036","product","type-product","status-publish","has-post-thumbnail","hentry","product_category-acciones-corporativas","product_category-productos-y-servicios"],"acf":[],"yoast_head":"<!-- This site is optimized with the Yoast SEO Premium plugin v26.0 (Yoast SEO v26.0) - https:\/\/yoast.com\/wordpress\/plugins\/seo\/ -->\n<title>Informaci\u00f3n de Hechos de Importancia | Gesti\u00f3n global de eventos corporativos<\/title>\n<meta name=\"description\" content=\"Gestione eventos corporativos con datos globales actualizados, alertas personalizadas y cobertura de 150 bolsas. Simplifique su flujo de trabajo con EDI.\" \/>\n<meta name=\"robots\" content=\"index, follow, max-snippet:-1, max-image-preview:large, max-video-preview:-1\" \/>\n<link rel=\"canonical\" href=\"https:\/\/www.exchange-data.com\/es\/producto\/acciones-corporativas-en-todo-el-mundo\/\" \/>\n<meta property=\"og:locale\" content=\"es_ES\" \/>\n<meta property=\"og:type\" content=\"article\" \/>\n<meta property=\"og:title\" content=\"Acciones corporativas en todo el mundo\" \/>\n<meta property=\"og:description\" content=\"Gestione los riesgos y costes asociados al enorme volumen de datos de operaciones de sociedades que se generan a diario. Obtenga acceso directo a los datos de operaciones de sociedades y reciba informaci\u00f3n exhaustiva sobre todas las operaciones de sociedades que afecten a la renta variable mundial de m\u00e1s de 150 bolsas de todo el mundo, as\u00ed como datos de m\u00e1s de 31.000 fondos de inversi\u00f3n de EE.UU., anuncios detallados sobre muchos tipos de operaciones, como dividendos, absorciones y desdoblamientos de acciones, para que pueda realizar un seguimiento eficaz de las operaciones de sociedades que puedan afectar a la toma de decisiones de sus clientes o a la suya propia.\" \/>\n<meta property=\"og:url\" content=\"https:\/\/www.exchange-data.com\/es\/producto\/acciones-corporativas-en-todo-el-mundo\/\" \/>\n<meta property=\"og:site_name\" content=\"Exchange Data International\" \/>\n<meta property=\"article:modified_time\" content=\"2025-10-10T04:40:25+00:00\" \/>\n<meta property=\"og:image\" content=\"https:\/\/www.exchange-data.com\/wp-content\/uploads\/2015\/09\/EDI-Post-Featured-Image-700x400-1.png\" \/>\n<meta name=\"twitter:card\" content=\"summary_large_image\" \/>\n<meta name=\"twitter:title\" content=\"Acciones corporativas en todo el mundo\" \/>\n<meta name=\"twitter:description\" content=\"Gestione los riesgos y costes asociados al enorme volumen de datos de operaciones de sociedades que se generan a diario. Obtenga acceso directo a los datos de operaciones de sociedades y reciba informaci\u00f3n exhaustiva sobre todas las operaciones de sociedades que afecten a la renta variable mundial de m\u00e1s de 150 bolsas de todo el mundo, as\u00ed como datos de m\u00e1s de 31.000 fondos de inversi\u00f3n de EE.UU., anuncios detallados sobre muchos tipos de operaciones, como dividendos, absorciones y desdoblamientos de acciones, para que pueda realizar un seguimiento eficaz de las operaciones de sociedades que puedan afectar a la toma de decisiones de sus clientes o a la suya propia.\" \/>\n<meta name=\"twitter:image\" content=\"https:\/\/www.exchange-data.com\/wp-content\/uploads\/2015\/09\/EDI-Post-Featured-Image-700x400-1.png\" \/>\n<meta name=\"twitter:site\" content=\"@ExchangeData\" \/>\n<meta name=\"twitter:label1\" content=\"Tiempo de lectura\" \/>\n\t<meta name=\"twitter:data1\" content=\"3 minutos\" \/>\n<script type=\"application\/ld+json\" class=\"yoast-schema-graph\">{\"@context\":\"https:\/\/schema.org\",\"@graph\":[{\"@type\":\"WebPage\",\"@id\":\"https:\/\/www.exchange-data.com\/es\/producto\/acciones-corporativas-en-todo-el-mundo\/\",\"url\":\"https:\/\/www.exchange-data.com\/es\/producto\/acciones-corporativas-en-todo-el-mundo\/\",\"name\":\"Informaci\u00f3n de Hechos de Importancia | Gesti\u00f3n global de eventos corporativos\",\"isPartOf\":{\"@id\":\"https:\/\/www.exchange-data.com\/es\/#website\"},\"primaryImageOfPage\":{\"@id\":\"https:\/\/www.exchange-data.com\/es\/producto\/acciones-corporativas-en-todo-el-mundo\/#primaryimage\"},\"image\":{\"@id\":\"https:\/\/www.exchange-data.com\/es\/producto\/acciones-corporativas-en-todo-el-mundo\/#primaryimage\"},\"thumbnailUrl\":\"https:\/\/www.exchange-data.com\/wp-content\/uploads\/2015\/09\/EDI-Post-Featured-Image-700x400-1.png\",\"datePublished\":\"2019-04-02T09:37:37+00:00\",\"dateModified\":\"2025-10-10T04:40:25+00:00\",\"description\":\"Gestione eventos corporativos con datos globales actualizados, alertas personalizadas y cobertura de 150 bolsas. Simplifique su flujo de trabajo con EDI.\",\"breadcrumb\":{\"@id\":\"https:\/\/www.exchange-data.com\/es\/producto\/acciones-corporativas-en-todo-el-mundo\/#breadcrumb\"},\"inLanguage\":\"es\",\"potentialAction\":[{\"@type\":\"ReadAction\",\"target\":[\"https:\/\/www.exchange-data.com\/es\/producto\/acciones-corporativas-en-todo-el-mundo\/\"]}]},{\"@type\":\"ImageObject\",\"inLanguage\":\"es\",\"@id\":\"https:\/\/www.exchange-data.com\/es\/producto\/acciones-corporativas-en-todo-el-mundo\/#primaryimage\",\"url\":\"https:\/\/www.exchange-data.com\/wp-content\/uploads\/2015\/09\/EDI-Post-Featured-Image-700x400-1.png\",\"contentUrl\":\"https:\/\/www.exchange-data.com\/wp-content\/uploads\/2015\/09\/EDI-Post-Featured-Image-700x400-1.png\",\"width\":700,\"height\":400,\"caption\":\"Exchange Data International\"},{\"@type\":\"BreadcrumbList\",\"@id\":\"https:\/\/www.exchange-data.com\/es\/producto\/acciones-corporativas-en-todo-el-mundo\/#breadcrumb\",\"itemListElement\":[{\"@type\":\"ListItem\",\"position\":1,\"name\":\"Home\",\"item\":\"https:\/\/www.exchange-data.com\/es\/inicio\/\"},{\"@type\":\"ListItem\",\"position\":2,\"name\":\"Acciones Corporativas de Renta Variable\"}]},{\"@type\":\"WebSite\",\"@id\":\"https:\/\/www.exchange-data.com\/es\/#website\",\"url\":\"https:\/\/www.exchange-data.com\/es\/\",\"name\":\"Exchange Data International\",\"description\":\"Doing data differently\",\"publisher\":{\"@id\":\"https:\/\/www.exchange-data.com\/es\/#organization\"},\"potentialAction\":[{\"@type\":\"SearchAction\",\"target\":{\"@type\":\"EntryPoint\",\"urlTemplate\":\"https:\/\/www.exchange-data.com\/es\/?s={search_term_string}\"},\"query-input\":{\"@type\":\"PropertyValueSpecification\",\"valueRequired\":true,\"valueName\":\"search_term_string\"}}],\"inLanguage\":\"es\"},{\"@type\":\"Organization\",\"@id\":\"https:\/\/www.exchange-data.com\/es\/#organization\",\"name\":\"Exchange Data International\",\"url\":\"https:\/\/www.exchange-data.com\/es\/\",\"logo\":{\"@type\":\"ImageObject\",\"inLanguage\":\"es\",\"@id\":\"https:\/\/www.exchange-data.com\/es\/#\/schema\/logo\/image\/\",\"url\":\"https:\/\/www.exchange-data.com\/wp-content\/uploads\/2019\/03\/logo3.png\",\"contentUrl\":\"https:\/\/www.exchange-data.com\/wp-content\/uploads\/2019\/03\/logo3.png\",\"width\":200,\"height\":80,\"caption\":\"Exchange Data International\"},\"image\":{\"@id\":\"https:\/\/www.exchange-data.com\/es\/#\/schema\/logo\/image\/\"},\"sameAs\":[\"https:\/\/x.com\/ExchangeData\",\"https:\/\/www.linkedin.com\/company\/exchange-data-international\/?viewAsMember=true\",\"https:\/\/www.youtube.com\/channel\/UC5D1OpUb22YZANRLD_Ktcgg?view_as=subscriber\"]}]}<\/script>\n<!-- \/ Yoast SEO Premium plugin. -->","yoast_head_json":{"title":"Informaci\u00f3n de Hechos de Importancia | Gesti\u00f3n global de eventos corporativos","description":"Gestione eventos corporativos con datos globales actualizados, alertas personalizadas y cobertura de 150 bolsas. Simplifique su flujo de trabajo con EDI.","robots":{"index":"index","follow":"follow","max-snippet":"max-snippet:-1","max-image-preview":"max-image-preview:large","max-video-preview":"max-video-preview:-1"},"canonical":"https:\/\/www.exchange-data.com\/es\/producto\/acciones-corporativas-en-todo-el-mundo\/","og_locale":"es_ES","og_type":"article","og_title":"Acciones corporativas en todo el mundo","og_description":"Gestione los riesgos y costes asociados al enorme volumen de datos de operaciones de sociedades que se generan a diario. Obtenga acceso directo a los datos de operaciones de sociedades y reciba informaci\u00f3n exhaustiva sobre todas las operaciones de sociedades que afecten a la renta variable mundial de m\u00e1s de 150 bolsas de todo el mundo, as\u00ed como datos de m\u00e1s de 31.000 fondos de inversi\u00f3n de EE.UU., anuncios detallados sobre muchos tipos de operaciones, como dividendos, absorciones y desdoblamientos de acciones, para que pueda realizar un seguimiento eficaz de las operaciones de sociedades que puedan afectar a la toma de decisiones de sus clientes o a la suya propia.","og_url":"https:\/\/www.exchange-data.com\/es\/producto\/acciones-corporativas-en-todo-el-mundo\/","og_site_name":"Exchange Data International","article_modified_time":"2025-10-10T04:40:25+00:00","og_image":[{"url":"https:\/\/www.exchange-data.com\/wp-content\/uploads\/2015\/09\/EDI-Post-Featured-Image-700x400-1.png","type":"","width":"","height":""}],"twitter_card":"summary_large_image","twitter_title":"Acciones corporativas en todo el mundo","twitter_description":"Gestione los riesgos y costes asociados al enorme volumen de datos de operaciones de sociedades que se generan a diario. Obtenga acceso directo a los datos de operaciones de sociedades y reciba informaci\u00f3n exhaustiva sobre todas las operaciones de sociedades que afecten a la renta variable mundial de m\u00e1s de 150 bolsas de todo el mundo, as\u00ed como datos de m\u00e1s de 31.000 fondos de inversi\u00f3n de EE.UU., anuncios detallados sobre muchos tipos de operaciones, como dividendos, absorciones y desdoblamientos de acciones, para que pueda realizar un seguimiento eficaz de las operaciones de sociedades que puedan afectar a la toma de decisiones de sus clientes o a la suya propia.","twitter_image":"https:\/\/www.exchange-data.com\/wp-content\/uploads\/2015\/09\/EDI-Post-Featured-Image-700x400-1.png","twitter_site":"@ExchangeData","twitter_misc":{"Tiempo de lectura":"3 minutos"},"schema":{"@context":"https:\/\/schema.org","@graph":[{"@type":"WebPage","@id":"https:\/\/www.exchange-data.com\/es\/producto\/acciones-corporativas-en-todo-el-mundo\/","url":"https:\/\/www.exchange-data.com\/es\/producto\/acciones-corporativas-en-todo-el-mundo\/","name":"Informaci\u00f3n de Hechos de Importancia | Gesti\u00f3n global de eventos corporativos","isPartOf":{"@id":"https:\/\/www.exchange-data.com\/es\/#website"},"primaryImageOfPage":{"@id":"https:\/\/www.exchange-data.com\/es\/producto\/acciones-corporativas-en-todo-el-mundo\/#primaryimage"},"image":{"@id":"https:\/\/www.exchange-data.com\/es\/producto\/acciones-corporativas-en-todo-el-mundo\/#primaryimage"},"thumbnailUrl":"https:\/\/www.exchange-data.com\/wp-content\/uploads\/2015\/09\/EDI-Post-Featured-Image-700x400-1.png","datePublished":"2019-04-02T09:37:37+00:00","dateModified":"2025-10-10T04:40:25+00:00","description":"Gestione eventos corporativos con datos globales actualizados, alertas personalizadas y cobertura de 150 bolsas. Simplifique su flujo de trabajo con EDI.","breadcrumb":{"@id":"https:\/\/www.exchange-data.com\/es\/producto\/acciones-corporativas-en-todo-el-mundo\/#breadcrumb"},"inLanguage":"es","potentialAction":[{"@type":"ReadAction","target":["https:\/\/www.exchange-data.com\/es\/producto\/acciones-corporativas-en-todo-el-mundo\/"]}]},{"@type":"ImageObject","inLanguage":"es","@id":"https:\/\/www.exchange-data.com\/es\/producto\/acciones-corporativas-en-todo-el-mundo\/#primaryimage","url":"https:\/\/www.exchange-data.com\/wp-content\/uploads\/2015\/09\/EDI-Post-Featured-Image-700x400-1.png","contentUrl":"https:\/\/www.exchange-data.com\/wp-content\/uploads\/2015\/09\/EDI-Post-Featured-Image-700x400-1.png","width":700,"height":400,"caption":"Exchange Data International"},{"@type":"BreadcrumbList","@id":"https:\/\/www.exchange-data.com\/es\/producto\/acciones-corporativas-en-todo-el-mundo\/#breadcrumb","itemListElement":[{"@type":"ListItem","position":1,"name":"Home","item":"https:\/\/www.exchange-data.com\/es\/inicio\/"},{"@type":"ListItem","position":2,"name":"Acciones Corporativas de Renta Variable"}]},{"@type":"WebSite","@id":"https:\/\/www.exchange-data.com\/es\/#website","url":"https:\/\/www.exchange-data.com\/es\/","name":"Exchange Data International","description":"Doing data differently","publisher":{"@id":"https:\/\/www.exchange-data.com\/es\/#organization"},"potentialAction":[{"@type":"SearchAction","target":{"@type":"EntryPoint","urlTemplate":"https:\/\/www.exchange-data.com\/es\/?s={search_term_string}"},"query-input":{"@type":"PropertyValueSpecification","valueRequired":true,"valueName":"search_term_string"}}],"inLanguage":"es"},{"@type":"Organization","@id":"https:\/\/www.exchange-data.com\/es\/#organization","name":"Exchange Data International","url":"https:\/\/www.exchange-data.com\/es\/","logo":{"@type":"ImageObject","inLanguage":"es","@id":"https:\/\/www.exchange-data.com\/es\/#\/schema\/logo\/image\/","url":"https:\/\/www.exchange-data.com\/wp-content\/uploads\/2019\/03\/logo3.png","contentUrl":"https:\/\/www.exchange-data.com\/wp-content\/uploads\/2019\/03\/logo3.png","width":200,"height":80,"caption":"Exchange Data International"},"image":{"@id":"https:\/\/www.exchange-data.com\/es\/#\/schema\/logo\/image\/"},"sameAs":["https:\/\/x.com\/ExchangeData","https:\/\/www.linkedin.com\/company\/exchange-data-international\/?viewAsMember=true","https:\/\/www.youtube.com\/channel\/UC5D1OpUb22YZANRLD_Ktcgg?view_as=subscriber"]}]}},"_links":{"self":[{"href":"https:\/\/www.exchange-data.com\/es\/wp-json\/wp\/v2\/product\/36036","targetHints":{"allow":["GET"]}}],"collection":[{"href":"https:\/\/www.exchange-data.com\/es\/wp-json\/wp\/v2\/product"}],"about":[{"href":"https:\/\/www.exchange-data.com\/es\/wp-json\/wp\/v2\/types\/product"}],"wp:featuredmedia":[{"embeddable":true,"href":"https:\/\/www.exchange-data.com\/es\/wp-json\/wp\/v2\/media\/34154"}],"wp:attachment":[{"href":"https:\/\/www.exchange-data.com\/es\/wp-json\/wp\/v2\/media?parent=36036"}],"wp:term":[{"taxonomy":"country","embeddable":true,"href":"https:\/\/www.exchange-data.com\/es\/wp-json\/wp\/v2\/country?post=36036"},{"taxonomy":"product_category","embeddable":true,"href":"https:\/\/www.exchange-data.com\/es\/wp-json\/wp\/v2\/product_category?post=36036"}],"curies":[{"name":"wp","href":"https:\/\/api.w.org\/{rel}","templated":true}]}}