{"id":36037,"date":"2019-01-29T17:46:15","date_gmt":"2019-01-29T16:46:15","guid":{"rendered":"https:\/\/www.exchange-data.com\/product\/base-del-coste-de-los-fondos-propios-en-todo-el-mundo\/"},"modified":"2025-10-08T13:04:34","modified_gmt":"2025-10-08T12:04:34","slug":"base-del-coste-de-los-fondos-propios-en-todo-el-mundo","status":"publish","type":"product","link":"https:\/\/www.exchange-data.com\/es\/producto\/base-del-coste-de-los-fondos-propios-en-todo-el-mundo\/","title":{"rendered":"Base de Costo Global de Renta Variable"},"content":{"rendered":"<p><span style=\"font-weight: 400;\">El costo fiscal es clave para calcular las ganancias de capital de sus clientes, y conocerlo con precisi\u00f3n es esencial para cumplir con las obligaciones tributarias. Con nuestra soluci\u00f3n Worldwide Equity Cost Basis (WECB), podr\u00e1 hacer seguimiento de: <\/span><\/p>\n<ul class=\"Evnt2 \">\n<li>La evoluci\u00f3n del valor<\/li>\n<li>Su base de coste<\/li>\n<li>Su situaci\u00f3n fiscal<\/li>\n<\/ul>\n<p><span style=\"font-weight: 400;\">Este servicio proporciona la informaci\u00f3n necesaria para calcular correctamente las ganancias de capital en cualquier jurisdicci\u00f3n. Sin estos datos, el c\u00e1lculo del impuesto ser\u00eda inexacto, ya que el valor puede haber cambiado desde su adquisici\u00f3n. <\/span><\/p>\n<p><span style=\"font-weight: 400;\">WECB est\u00e1 dise\u00f1ado para rastrear tanto el costo original como su evoluci\u00f3n, incluyendo todos los activos derivados vinculados al valor inicial hasta la fecha actual. Diversos eventos corporativos \u2014como escisiones o distribuciones\u2014 pueden transformar una posici\u00f3n original en m\u00faltiples activos distintos. <\/span><\/p>\n<p><span style=\"font-weight: 400;\">WECB le permite seguir estos cambios y sus implicaciones econ\u00f3micas, facilitando decisiones m\u00e1s informadas y precisas. Incluye todos los eventos que afectan el n\u00famero de unidades y los datos de costo fiscal<\/span><\/p>\n","protected":false},"featured_media":34154,"template":"","country":[],"product_category":[3187,3178],"class_list":["post-36037","product","type-product","status-publish","has-post-thumbnail","hentry","product_category-datos-fiscales-productos-y-servicios","product_category-productos-y-servicios"],"acf":[],"yoast_head":"<!-- This site is optimized with the Yoast SEO Premium plugin v26.0 (Yoast SEO v26.0) - https:\/\/yoast.com\/wordpress\/plugins\/seo\/ -->\n<title>Base de Costo Global de Renta Variable | Exchange Data International<\/title>\n<meta name=\"description\" content=\"Sigue la evoluci\u00f3n y el origen de los datos de Costo Fiscal de valores a nivel mundial con el servicio WECB de EDI, dise\u00f1ado para c\u00e1lculos precisos de plusval\u00edas.\" \/>\n<meta name=\"robots\" content=\"index, follow, max-snippet:-1, max-image-preview:large, max-video-preview:-1\" \/>\n<link rel=\"canonical\" href=\"https:\/\/www.exchange-data.com\/es\/producto\/base-del-coste-de-los-fondos-propios-en-todo-el-mundo\/\" \/>\n<meta property=\"og:locale\" content=\"es_ES\" \/>\n<meta property=\"og:type\" content=\"article\" \/>\n<meta property=\"og:title\" content=\"Base del coste de los fondos propios en todo el mundo\" \/>\n<meta property=\"og:description\" content=\"La base de coste es la clave para calcular las plusval\u00edas de su cliente en una inversi\u00f3n a efectos fiscales y conocer su base de coste es un paso esencial en el c\u00e1lculo de las plusval\u00edas. Puede utilizar nuestra nueva soluci\u00f3n Worldwide Equity Cost Basis (WECB) para realizar un seguimiento de: Evoluci\u00f3n del valor, Base de coste del valor, Situaci\u00f3n fiscal. El WECB servir\u00e1 de base para cualquier c\u00e1lculo de plusval\u00edas en cualquier jurisdicci\u00f3n. Sin esta informaci\u00f3n, cualquier c\u00e1lculo del impuesto sobre plusval\u00edas ser\u00eda inexacto, ya que el valor podr\u00eda haber cambiado desde su compra. El servicio WECB ha sido dise\u00f1ado para seguir tanto la base de coste de un valor, su evoluci\u00f3n, como la base de coste y la evoluci\u00f3n de todos sus descendientes hasta la fecha actual. Muchos acontecimientos pueden provocar cambios en la participaci\u00f3n original, por ejemplo, las escisiones y\/o distribuciones har\u00e1n que su reserva original se diversifique en muchas otras participaciones. El servicio WECB le ayuda a hacer un seguimiento de estos cambios y de su coste, para ayudarle a tomar decisiones mejores e informadas, e incluye todos los acontecimientos que afectan a la base de coste y al n\u00famero de participaciones.\" \/>\n<meta property=\"og:url\" content=\"https:\/\/www.exchange-data.com\/es\/producto\/base-del-coste-de-los-fondos-propios-en-todo-el-mundo\/\" \/>\n<meta property=\"og:site_name\" content=\"Exchange Data International\" \/>\n<meta property=\"article:modified_time\" content=\"2025-10-08T12:04:34+00:00\" \/>\n<meta property=\"og:image\" content=\"https:\/\/www.exchange-data.com\/wp-content\/uploads\/2015\/09\/EDI-Post-Featured-Image-700x400-1.png\" \/>\n<meta name=\"twitter:card\" content=\"summary_large_image\" \/>\n<meta name=\"twitter:title\" content=\"Base del coste de los fondos propios en todo el mundo\" \/>\n<meta name=\"twitter:description\" content=\"La base de coste es la clave para calcular las plusval\u00edas de su cliente en una inversi\u00f3n a efectos fiscales y conocer su base de coste es un paso esencial en el c\u00e1lculo de las plusval\u00edas. Puede utilizar nuestra nueva soluci\u00f3n Worldwide Equity Cost Basis (WECB) para realizar un seguimiento de: Evoluci\u00f3n del valor, Base de coste del valor, Situaci\u00f3n fiscal. El WECB servir\u00e1 de base para cualquier c\u00e1lculo de plusval\u00edas en cualquier jurisdicci\u00f3n. Sin esta informaci\u00f3n, cualquier c\u00e1lculo del impuesto sobre plusval\u00edas ser\u00eda inexacto, ya que el valor podr\u00eda haber cambiado desde su compra. El servicio WECB ha sido dise\u00f1ado para seguir tanto la base de coste de un valor, su evoluci\u00f3n, como la base de coste y la evoluci\u00f3n de todos sus descendientes hasta la fecha actual. Muchos acontecimientos pueden provocar cambios en la participaci\u00f3n original, por ejemplo, las escisiones y\/o distribuciones har\u00e1n que su reserva original se diversifique en muchas otras participaciones. El servicio WECB le ayuda a hacer un seguimiento de estos cambios y de su coste, para ayudarle a tomar decisiones mejores e informadas, e incluye todos los acontecimientos que afectan a la base de coste y al n\u00famero de participaciones.\" \/>\n<meta name=\"twitter:image\" content=\"https:\/\/www.exchange-data.com\/wp-content\/uploads\/2015\/09\/EDI-Post-Featured-Image-700x400-1.png\" \/>\n<meta name=\"twitter:site\" content=\"@ExchangeData\" \/>\n<meta name=\"twitter:label1\" content=\"Tiempo de lectura\" \/>\n\t<meta name=\"twitter:data1\" content=\"1 minuto\" \/>\n<script type=\"application\/ld+json\" class=\"yoast-schema-graph\">{\"@context\":\"https:\/\/schema.org\",\"@graph\":[{\"@type\":\"WebPage\",\"@id\":\"https:\/\/www.exchange-data.com\/es\/producto\/base-del-coste-de-los-fondos-propios-en-todo-el-mundo\/\",\"url\":\"https:\/\/www.exchange-data.com\/es\/producto\/base-del-coste-de-los-fondos-propios-en-todo-el-mundo\/\",\"name\":\"Base de Costo Global de Renta Variable | Exchange Data International\",\"isPartOf\":{\"@id\":\"https:\/\/www.exchange-data.com\/es\/#website\"},\"primaryImageOfPage\":{\"@id\":\"https:\/\/www.exchange-data.com\/es\/producto\/base-del-coste-de-los-fondos-propios-en-todo-el-mundo\/#primaryimage\"},\"image\":{\"@id\":\"https:\/\/www.exchange-data.com\/es\/producto\/base-del-coste-de-los-fondos-propios-en-todo-el-mundo\/#primaryimage\"},\"thumbnailUrl\":\"https:\/\/www.exchange-data.com\/wp-content\/uploads\/2015\/09\/EDI-Post-Featured-Image-700x400-1.png\",\"datePublished\":\"2019-01-29T16:46:15+00:00\",\"dateModified\":\"2025-10-08T12:04:34+00:00\",\"description\":\"Sigue la evoluci\u00f3n y el origen de los datos de Costo Fiscal de valores a nivel mundial con el servicio WECB de EDI, dise\u00f1ado para c\u00e1lculos precisos de plusval\u00edas.\",\"breadcrumb\":{\"@id\":\"https:\/\/www.exchange-data.com\/es\/producto\/base-del-coste-de-los-fondos-propios-en-todo-el-mundo\/#breadcrumb\"},\"inLanguage\":\"es\",\"potentialAction\":[{\"@type\":\"ReadAction\",\"target\":[\"https:\/\/www.exchange-data.com\/es\/producto\/base-del-coste-de-los-fondos-propios-en-todo-el-mundo\/\"]}]},{\"@type\":\"ImageObject\",\"inLanguage\":\"es\",\"@id\":\"https:\/\/www.exchange-data.com\/es\/producto\/base-del-coste-de-los-fondos-propios-en-todo-el-mundo\/#primaryimage\",\"url\":\"https:\/\/www.exchange-data.com\/wp-content\/uploads\/2015\/09\/EDI-Post-Featured-Image-700x400-1.png\",\"contentUrl\":\"https:\/\/www.exchange-data.com\/wp-content\/uploads\/2015\/09\/EDI-Post-Featured-Image-700x400-1.png\",\"width\":700,\"height\":400,\"caption\":\"Exchange Data International\"},{\"@type\":\"BreadcrumbList\",\"@id\":\"https:\/\/www.exchange-data.com\/es\/producto\/base-del-coste-de-los-fondos-propios-en-todo-el-mundo\/#breadcrumb\",\"itemListElement\":[{\"@type\":\"ListItem\",\"position\":1,\"name\":\"Home\",\"item\":\"https:\/\/www.exchange-data.com\/es\/inicio\/\"},{\"@type\":\"ListItem\",\"position\":2,\"name\":\"Base de Costo Global de Renta Variable\"}]},{\"@type\":\"WebSite\",\"@id\":\"https:\/\/www.exchange-data.com\/es\/#website\",\"url\":\"https:\/\/www.exchange-data.com\/es\/\",\"name\":\"Exchange Data International\",\"description\":\"Doing data differently\",\"publisher\":{\"@id\":\"https:\/\/www.exchange-data.com\/es\/#organization\"},\"potentialAction\":[{\"@type\":\"SearchAction\",\"target\":{\"@type\":\"EntryPoint\",\"urlTemplate\":\"https:\/\/www.exchange-data.com\/es\/?s={search_term_string}\"},\"query-input\":{\"@type\":\"PropertyValueSpecification\",\"valueRequired\":true,\"valueName\":\"search_term_string\"}}],\"inLanguage\":\"es\"},{\"@type\":\"Organization\",\"@id\":\"https:\/\/www.exchange-data.com\/es\/#organization\",\"name\":\"Exchange Data International\",\"url\":\"https:\/\/www.exchange-data.com\/es\/\",\"logo\":{\"@type\":\"ImageObject\",\"inLanguage\":\"es\",\"@id\":\"https:\/\/www.exchange-data.com\/es\/#\/schema\/logo\/image\/\",\"url\":\"https:\/\/www.exchange-data.com\/wp-content\/uploads\/2019\/03\/logo3.png\",\"contentUrl\":\"https:\/\/www.exchange-data.com\/wp-content\/uploads\/2019\/03\/logo3.png\",\"width\":200,\"height\":80,\"caption\":\"Exchange Data International\"},\"image\":{\"@id\":\"https:\/\/www.exchange-data.com\/es\/#\/schema\/logo\/image\/\"},\"sameAs\":[\"https:\/\/x.com\/ExchangeData\",\"https:\/\/www.linkedin.com\/company\/exchange-data-international\/?viewAsMember=true\",\"https:\/\/www.youtube.com\/channel\/UC5D1OpUb22YZANRLD_Ktcgg?view_as=subscriber\"]}]}<\/script>\n<!-- \/ Yoast SEO Premium plugin. -->","yoast_head_json":{"title":"Base de Costo Global de Renta Variable | Exchange Data International","description":"Sigue la evoluci\u00f3n y el origen de los datos de Costo Fiscal de valores a nivel mundial con el servicio WECB de EDI, dise\u00f1ado para c\u00e1lculos precisos de plusval\u00edas.","robots":{"index":"index","follow":"follow","max-snippet":"max-snippet:-1","max-image-preview":"max-image-preview:large","max-video-preview":"max-video-preview:-1"},"canonical":"https:\/\/www.exchange-data.com\/es\/producto\/base-del-coste-de-los-fondos-propios-en-todo-el-mundo\/","og_locale":"es_ES","og_type":"article","og_title":"Base del coste de los fondos propios en todo el mundo","og_description":"La base de coste es la clave para calcular las plusval\u00edas de su cliente en una inversi\u00f3n a efectos fiscales y conocer su base de coste es un paso esencial en el c\u00e1lculo de las plusval\u00edas. Puede utilizar nuestra nueva soluci\u00f3n Worldwide Equity Cost Basis (WECB) para realizar un seguimiento de: Evoluci\u00f3n del valor, Base de coste del valor, Situaci\u00f3n fiscal. El WECB servir\u00e1 de base para cualquier c\u00e1lculo de plusval\u00edas en cualquier jurisdicci\u00f3n. Sin esta informaci\u00f3n, cualquier c\u00e1lculo del impuesto sobre plusval\u00edas ser\u00eda inexacto, ya que el valor podr\u00eda haber cambiado desde su compra. El servicio WECB ha sido dise\u00f1ado para seguir tanto la base de coste de un valor, su evoluci\u00f3n, como la base de coste y la evoluci\u00f3n de todos sus descendientes hasta la fecha actual. Muchos acontecimientos pueden provocar cambios en la participaci\u00f3n original, por ejemplo, las escisiones y\/o distribuciones har\u00e1n que su reserva original se diversifique en muchas otras participaciones. El servicio WECB le ayuda a hacer un seguimiento de estos cambios y de su coste, para ayudarle a tomar decisiones mejores e informadas, e incluye todos los acontecimientos que afectan a la base de coste y al n\u00famero de participaciones.","og_url":"https:\/\/www.exchange-data.com\/es\/producto\/base-del-coste-de-los-fondos-propios-en-todo-el-mundo\/","og_site_name":"Exchange Data International","article_modified_time":"2025-10-08T12:04:34+00:00","og_image":[{"url":"https:\/\/www.exchange-data.com\/wp-content\/uploads\/2015\/09\/EDI-Post-Featured-Image-700x400-1.png","type":"","width":"","height":""}],"twitter_card":"summary_large_image","twitter_title":"Base del coste de los fondos propios en todo el mundo","twitter_description":"La base de coste es la clave para calcular las plusval\u00edas de su cliente en una inversi\u00f3n a efectos fiscales y conocer su base de coste es un paso esencial en el c\u00e1lculo de las plusval\u00edas. Puede utilizar nuestra nueva soluci\u00f3n Worldwide Equity Cost Basis (WECB) para realizar un seguimiento de: Evoluci\u00f3n del valor, Base de coste del valor, Situaci\u00f3n fiscal. El WECB servir\u00e1 de base para cualquier c\u00e1lculo de plusval\u00edas en cualquier jurisdicci\u00f3n. Sin esta informaci\u00f3n, cualquier c\u00e1lculo del impuesto sobre plusval\u00edas ser\u00eda inexacto, ya que el valor podr\u00eda haber cambiado desde su compra. El servicio WECB ha sido dise\u00f1ado para seguir tanto la base de coste de un valor, su evoluci\u00f3n, como la base de coste y la evoluci\u00f3n de todos sus descendientes hasta la fecha actual. Muchos acontecimientos pueden provocar cambios en la participaci\u00f3n original, por ejemplo, las escisiones y\/o distribuciones har\u00e1n que su reserva original se diversifique en muchas otras participaciones. El servicio WECB le ayuda a hacer un seguimiento de estos cambios y de su coste, para ayudarle a tomar decisiones mejores e informadas, e incluye todos los acontecimientos que afectan a la base de coste y al n\u00famero de participaciones.","twitter_image":"https:\/\/www.exchange-data.com\/wp-content\/uploads\/2015\/09\/EDI-Post-Featured-Image-700x400-1.png","twitter_site":"@ExchangeData","twitter_misc":{"Tiempo de lectura":"1 minuto"},"schema":{"@context":"https:\/\/schema.org","@graph":[{"@type":"WebPage","@id":"https:\/\/www.exchange-data.com\/es\/producto\/base-del-coste-de-los-fondos-propios-en-todo-el-mundo\/","url":"https:\/\/www.exchange-data.com\/es\/producto\/base-del-coste-de-los-fondos-propios-en-todo-el-mundo\/","name":"Base de Costo Global de Renta Variable | Exchange Data International","isPartOf":{"@id":"https:\/\/www.exchange-data.com\/es\/#website"},"primaryImageOfPage":{"@id":"https:\/\/www.exchange-data.com\/es\/producto\/base-del-coste-de-los-fondos-propios-en-todo-el-mundo\/#primaryimage"},"image":{"@id":"https:\/\/www.exchange-data.com\/es\/producto\/base-del-coste-de-los-fondos-propios-en-todo-el-mundo\/#primaryimage"},"thumbnailUrl":"https:\/\/www.exchange-data.com\/wp-content\/uploads\/2015\/09\/EDI-Post-Featured-Image-700x400-1.png","datePublished":"2019-01-29T16:46:15+00:00","dateModified":"2025-10-08T12:04:34+00:00","description":"Sigue la evoluci\u00f3n y el origen de los datos de Costo Fiscal de valores a nivel mundial con el servicio WECB de EDI, dise\u00f1ado para c\u00e1lculos precisos de plusval\u00edas.","breadcrumb":{"@id":"https:\/\/www.exchange-data.com\/es\/producto\/base-del-coste-de-los-fondos-propios-en-todo-el-mundo\/#breadcrumb"},"inLanguage":"es","potentialAction":[{"@type":"ReadAction","target":["https:\/\/www.exchange-data.com\/es\/producto\/base-del-coste-de-los-fondos-propios-en-todo-el-mundo\/"]}]},{"@type":"ImageObject","inLanguage":"es","@id":"https:\/\/www.exchange-data.com\/es\/producto\/base-del-coste-de-los-fondos-propios-en-todo-el-mundo\/#primaryimage","url":"https:\/\/www.exchange-data.com\/wp-content\/uploads\/2015\/09\/EDI-Post-Featured-Image-700x400-1.png","contentUrl":"https:\/\/www.exchange-data.com\/wp-content\/uploads\/2015\/09\/EDI-Post-Featured-Image-700x400-1.png","width":700,"height":400,"caption":"Exchange Data International"},{"@type":"BreadcrumbList","@id":"https:\/\/www.exchange-data.com\/es\/producto\/base-del-coste-de-los-fondos-propios-en-todo-el-mundo\/#breadcrumb","itemListElement":[{"@type":"ListItem","position":1,"name":"Home","item":"https:\/\/www.exchange-data.com\/es\/inicio\/"},{"@type":"ListItem","position":2,"name":"Base de Costo Global de Renta Variable"}]},{"@type":"WebSite","@id":"https:\/\/www.exchange-data.com\/es\/#website","url":"https:\/\/www.exchange-data.com\/es\/","name":"Exchange Data International","description":"Doing data differently","publisher":{"@id":"https:\/\/www.exchange-data.com\/es\/#organization"},"potentialAction":[{"@type":"SearchAction","target":{"@type":"EntryPoint","urlTemplate":"https:\/\/www.exchange-data.com\/es\/?s={search_term_string}"},"query-input":{"@type":"PropertyValueSpecification","valueRequired":true,"valueName":"search_term_string"}}],"inLanguage":"es"},{"@type":"Organization","@id":"https:\/\/www.exchange-data.com\/es\/#organization","name":"Exchange Data International","url":"https:\/\/www.exchange-data.com\/es\/","logo":{"@type":"ImageObject","inLanguage":"es","@id":"https:\/\/www.exchange-data.com\/es\/#\/schema\/logo\/image\/","url":"https:\/\/www.exchange-data.com\/wp-content\/uploads\/2019\/03\/logo3.png","contentUrl":"https:\/\/www.exchange-data.com\/wp-content\/uploads\/2019\/03\/logo3.png","width":200,"height":80,"caption":"Exchange Data International"},"image":{"@id":"https:\/\/www.exchange-data.com\/es\/#\/schema\/logo\/image\/"},"sameAs":["https:\/\/x.com\/ExchangeData","https:\/\/www.linkedin.com\/company\/exchange-data-international\/?viewAsMember=true","https:\/\/www.youtube.com\/channel\/UC5D1OpUb22YZANRLD_Ktcgg?view_as=subscriber"]}]}},"_links":{"self":[{"href":"https:\/\/www.exchange-data.com\/es\/wp-json\/wp\/v2\/product\/36037","targetHints":{"allow":["GET"]}}],"collection":[{"href":"https:\/\/www.exchange-data.com\/es\/wp-json\/wp\/v2\/product"}],"about":[{"href":"https:\/\/www.exchange-data.com\/es\/wp-json\/wp\/v2\/types\/product"}],"wp:featuredmedia":[{"embeddable":true,"href":"https:\/\/www.exchange-data.com\/es\/wp-json\/wp\/v2\/media\/34154"}],"wp:attachment":[{"href":"https:\/\/www.exchange-data.com\/es\/wp-json\/wp\/v2\/media?parent=36037"}],"wp:term":[{"taxonomy":"country","embeddable":true,"href":"https:\/\/www.exchange-data.com\/es\/wp-json\/wp\/v2\/country?post=36037"},{"taxonomy":"product_category","embeddable":true,"href":"https:\/\/www.exchange-data.com\/es\/wp-json\/wp\/v2\/product_category?post=36037"}],"curies":[{"name":"wp","href":"https:\/\/api.w.org\/{rel}","templated":true}]}}