{"id":36038,"date":"2019-03-30T17:28:15","date_gmt":"2019-03-30T16:28:15","guid":{"rendered":"https:\/\/www.exchange-data.com\/product\/renta-fija-mundial\/"},"modified":"2026-03-23T13:43:41","modified_gmt":"2026-03-23T12:43:41","slug":"renta-fija-mundial","status":"publish","type":"product","link":"https:\/\/www.exchange-data.com\/es\/producto\/renta-fija-mundial\/","title":{"rendered":"Renta Fija Global"},"content":{"rendered":"<p><span style=\"font-weight: 400;\">Mantenga el control sobre nuevas emisiones de bonos y sobre cualquier modificaci\u00f3n en los t\u00e9rminos y condiciones de instrumentos corporativos y gubernamentales<\/span><\/p>\n<p align=\"justify\">Con nuestro servicio de Informaci\u00f3n de Renta Fija, tendr\u00e1 acceso a:<\/p>\n<ul>\n<li>Valores de deuda internacionales en m\u00e1s de 150 pa\u00edses<\/li>\n<li>Amplia gama de tipos de activos, incluidos:\n<ul>\n<li>Bonos convertibles<\/li>\n<li>Bonos de tipo variable (FRNs)<\/li>\n<li>Participaciones permanentes con intereses<\/li>\n<li>Valores preferentes<\/li>\n<li>Letras del Tesoro<\/li>\n<\/ul>\n<\/li>\n<\/ul>\n<p align=\"justify\"><span style=\"font-weight: 400;\">Adem\u00e1s, cuando su estrategia lo requiera, podemos ampliar la cobertura de instrumentos y regiones para ajustarnos a su cartera.<\/span><\/p>\n<p>&nbsp;<\/p>\n<h4>Obtenga detalles sobre pagos de intereses para bonos de tasa fija y variable<\/h4>\n<p align=\"justify\"><span style=\"font-weight: 400;\">El servicio cubre m\u00e1s de 40 tipos de eventos, incluyendo redenciones, conversiones y situaciones de impago, adem\u00e1s de datos est\u00e1ticos con t\u00e9rminos clave, condiciones contractuales y calendarios de llamadas.<\/span><\/p>\n<p>&nbsp;<\/p>\n<h4>Mant\u00e9ngase al d\u00eda con los cambios del mercado de renta fija<\/h4>\n<p align=\"justify\"><span style=\"font-weight: 400;\">Toda la informaci\u00f3n sobre nuevas emisiones y modificaciones puede integrarse f\u00e1cilmente en sus sistemas internos y flujos de trabajo existentes<\/span><\/p>\n<p>&nbsp;<\/p>\n","protected":false},"featured_media":34154,"template":"","country":[1985,2108,2081,2394,2395,2408,2035,2314,2205,2122,2208,2403,2404,1933,2106,2031,2206,2218,2412,2087,2112,2113,2159,2021,2310,1971,2016,2432,2184,1991,2339,2027,2388,2389,1951,1952,1919,2025,2337,2026,1896,2157,2103,2086,1964,1862,2036,1981,2207,1982,2355,2356,2118,2233,1983,2057,1999,2085,1916,1917,2419,2420,2415,2416,1961,2023,1980,1957,1958,2386,2387,2079,2372,2392,1883,2209,2074,1912,1978,2211,2128,2313,2373,1942,2336,1904,2319,2398,2399,2028,1956,2070,1949,2423,2072,2258,2069,2315,2436,2437,1858,2183,2417,2418,2375,2385,2405,2406,1944,2439,2381,2382,2431,2065,1860,1861,2002,2190,2096,2097,2393,2100,2400,1925,2433,1955,2062,2229,1854,2234,1988,2214,1909,2281,2413,2414,2007,1935,2411,1973,2241,1875,2064,2239,1959,1960,1937,2237,2078,2077,2058,1954,2092,2158,1965,1966,2427,2428,1889,2391,1920,2338,2401,2402,2426,2358,2359,2204,2147,2148,1852,2396,2149,2150,2084,2316,2134,2135,2344,2076,2098,2390,2146,2059,2109,2073,1987,2123,1913,2107,2040,2383,2019,2156,1856,2230,2200,2307,2320,2308,2279,2280,2341,2024,1900,2066,2050,2051,2384,2053,2378,1892,2210,2379,2380,2142,2151,2343,2048,2232,2071,1915,1914,2235,2060,2203,2004,2318,2075,2434,2435,1894,2421,1989,1963,2317,1929,2357,2110,2111,2181,2182,1962,2374,1881,2212,2029,2360,2429,2430,2236,2104,2105,2240,1995,2102,1865,2242,2334,2335,2006,1869,2213,1867,2332,2088,2068,2424,2425,2124,2125,1986,2238,1918,2342,1902,2095,2312,1911,2397,2370,2101,2063,2067,2263,2264,1910,2409,2410,1984,2438,2042,2083,2082,2309,2033,2034,1898,2354,1976,1969,1887,2140,2311,2180,2369,2422,1998,2231,2032,2305,2306,2061,1859,2345,2346,2080,1953,2160,1946,2407],"product_category":[3181,3178],"class_list":["post-36038","product","type-product","status-publish","has-post-thumbnail","hentry","product_category-datos-sobre-renta-fija","product_category-productos-y-servicios"],"acf":[],"yoast_head":"<!-- This site is optimized with the Yoast SEO Premium plugin v26.0 (Yoast SEO v26.0) - https:\/\/yoast.com\/wordpress\/plugins\/seo\/ -->\n<title>Informaci\u00f3n de Renta Fija | Datos globales sobre bonos y eventos del mercado<\/title>\n<meta name=\"description\" content=\"Acceda a informaci\u00f3n de renta fija para m\u00e1s de 150 pa\u00edses, con detalles de bonos corporativos y gubernamentales, pagos de intereses y cobertura de 40 tipos de eventos.\" \/>\n<meta name=\"robots\" content=\"index, follow, max-snippet:-1, max-image-preview:large, max-video-preview:-1\" \/>\n<link rel=\"canonical\" href=\"https:\/\/www.exchange-data.com\/es\/producto\/renta-fija-mundial\/\" \/>\n<meta property=\"og:locale\" content=\"es_ES\" \/>\n<meta property=\"og:type\" content=\"article\" \/>\n<meta property=\"og:title\" content=\"Renta fija mundial\" \/>\n<meta property=\"og:description\" content=\"Mant\u00e9ngase al corriente de las nuevas emisiones de bonos o de los cambios en las condiciones de las emisiones tanto de empresas como de gobiernos. Con el servicio de datos de renta fija mundial tendr\u00e1 acceso a: t\u00edtulos de deuda internacionales en m\u00e1s de 150 pa\u00edses, una amplia gama de tipos de activos, incluidos convertibles, FRN, acciones que devengan intereses permanentes, t\u00edtulos preferentes y letras del Tesoro. Adem\u00e1s, siempre que sea posible, podemos ampliar tanto los instrumentos como la cobertura geogr\u00e1fica para cubrir totalmente su cartera.\" \/>\n<meta property=\"og:url\" content=\"https:\/\/www.exchange-data.com\/es\/producto\/renta-fija-mundial\/\" \/>\n<meta property=\"og:site_name\" content=\"Exchange Data International\" \/>\n<meta property=\"article:modified_time\" content=\"2026-03-23T12:43:41+00:00\" \/>\n<meta property=\"og:image\" content=\"https:\/\/www.exchange-data.com\/wp-content\/uploads\/2015\/09\/EDI-Post-Featured-Image-700x400-1.png\" \/>\n<meta name=\"twitter:card\" content=\"summary_large_image\" \/>\n<meta name=\"twitter:title\" content=\"Renta fija mundial\" \/>\n<meta name=\"twitter:description\" content=\"Mant\u00e9ngase al corriente de las nuevas emisiones de bonos o de los cambios en las condiciones de las emisiones tanto de empresas como de gobiernos. Con el servicio de datos de renta fija mundial tendr\u00e1 acceso a: t\u00edtulos de deuda internacionales en m\u00e1s de 150 pa\u00edses, una amplia gama de tipos de activos, incluidos convertibles, FRN, acciones que devengan intereses permanentes, t\u00edtulos preferentes y letras del Tesoro. Adem\u00e1s, siempre que sea posible, podemos ampliar tanto los instrumentos como la cobertura geogr\u00e1fica para cubrir totalmente su cartera.\" \/>\n<meta name=\"twitter:image\" content=\"https:\/\/www.exchange-data.com\/wp-content\/uploads\/2015\/09\/EDI-Post-Featured-Image-700x400-1.png\" \/>\n<meta name=\"twitter:site\" content=\"@ExchangeData\" \/>\n<meta name=\"twitter:label1\" content=\"Tiempo de lectura\" \/>\n\t<meta name=\"twitter:data1\" content=\"1 minuto\" \/>\n<script type=\"application\/ld+json\" class=\"yoast-schema-graph\">{\"@context\":\"https:\/\/schema.org\",\"@graph\":[{\"@type\":\"WebPage\",\"@id\":\"https:\/\/www.exchange-data.com\/es\/producto\/renta-fija-mundial\/\",\"url\":\"https:\/\/www.exchange-data.com\/es\/producto\/renta-fija-mundial\/\",\"name\":\"Informaci\u00f3n de Renta Fija | Datos globales sobre bonos y eventos del mercado\",\"isPartOf\":{\"@id\":\"https:\/\/www.exchange-data.com\/es\/#website\"},\"primaryImageOfPage\":{\"@id\":\"https:\/\/www.exchange-data.com\/es\/producto\/renta-fija-mundial\/#primaryimage\"},\"image\":{\"@id\":\"https:\/\/www.exchange-data.com\/es\/producto\/renta-fija-mundial\/#primaryimage\"},\"thumbnailUrl\":\"https:\/\/www.exchange-data.com\/wp-content\/uploads\/2015\/09\/EDI-Post-Featured-Image-700x400-1.png\",\"datePublished\":\"2019-03-30T16:28:15+00:00\",\"dateModified\":\"2026-03-23T12:43:41+00:00\",\"description\":\"Acceda a informaci\u00f3n de renta fija para m\u00e1s de 150 pa\u00edses, con detalles de bonos corporativos y gubernamentales, pagos de intereses y cobertura de 40 tipos de eventos.\",\"breadcrumb\":{\"@id\":\"https:\/\/www.exchange-data.com\/es\/producto\/renta-fija-mundial\/#breadcrumb\"},\"inLanguage\":\"es\",\"potentialAction\":[{\"@type\":\"ReadAction\",\"target\":[\"https:\/\/www.exchange-data.com\/es\/producto\/renta-fija-mundial\/\"]}]},{\"@type\":\"ImageObject\",\"inLanguage\":\"es\",\"@id\":\"https:\/\/www.exchange-data.com\/es\/producto\/renta-fija-mundial\/#primaryimage\",\"url\":\"https:\/\/www.exchange-data.com\/wp-content\/uploads\/2015\/09\/EDI-Post-Featured-Image-700x400-1.png\",\"contentUrl\":\"https:\/\/www.exchange-data.com\/wp-content\/uploads\/2015\/09\/EDI-Post-Featured-Image-700x400-1.png\",\"width\":700,\"height\":400,\"caption\":\"Exchange Data International\"},{\"@type\":\"BreadcrumbList\",\"@id\":\"https:\/\/www.exchange-data.com\/es\/producto\/renta-fija-mundial\/#breadcrumb\",\"itemListElement\":[{\"@type\":\"ListItem\",\"position\":1,\"name\":\"Home\",\"item\":\"https:\/\/www.exchange-data.com\/es\/inicio\/\"},{\"@type\":\"ListItem\",\"position\":2,\"name\":\"Renta Fija Global\"}]},{\"@type\":\"WebSite\",\"@id\":\"https:\/\/www.exchange-data.com\/es\/#website\",\"url\":\"https:\/\/www.exchange-data.com\/es\/\",\"name\":\"Exchange Data International\",\"description\":\"Doing data differently\",\"publisher\":{\"@id\":\"https:\/\/www.exchange-data.com\/es\/#organization\"},\"potentialAction\":[{\"@type\":\"SearchAction\",\"target\":{\"@type\":\"EntryPoint\",\"urlTemplate\":\"https:\/\/www.exchange-data.com\/es\/?s={search_term_string}\"},\"query-input\":{\"@type\":\"PropertyValueSpecification\",\"valueRequired\":true,\"valueName\":\"search_term_string\"}}],\"inLanguage\":\"es\"},{\"@type\":\"Organization\",\"@id\":\"https:\/\/www.exchange-data.com\/es\/#organization\",\"name\":\"Exchange Data International\",\"url\":\"https:\/\/www.exchange-data.com\/es\/\",\"logo\":{\"@type\":\"ImageObject\",\"inLanguage\":\"es\",\"@id\":\"https:\/\/www.exchange-data.com\/es\/#\/schema\/logo\/image\/\",\"url\":\"https:\/\/www.exchange-data.com\/wp-content\/uploads\/2019\/03\/logo3.png\",\"contentUrl\":\"https:\/\/www.exchange-data.com\/wp-content\/uploads\/2019\/03\/logo3.png\",\"width\":200,\"height\":80,\"caption\":\"Exchange Data International\"},\"image\":{\"@id\":\"https:\/\/www.exchange-data.com\/es\/#\/schema\/logo\/image\/\"},\"sameAs\":[\"https:\/\/x.com\/ExchangeData\",\"https:\/\/www.linkedin.com\/company\/exchange-data-international\/?viewAsMember=true\",\"https:\/\/www.youtube.com\/channel\/UC5D1OpUb22YZANRLD_Ktcgg?view_as=subscriber\"]}]}<\/script>\n<!-- \/ Yoast SEO Premium plugin. -->","yoast_head_json":{"title":"Informaci\u00f3n de Renta Fija | Datos globales sobre bonos y eventos del mercado","description":"Acceda a informaci\u00f3n de renta fija para m\u00e1s de 150 pa\u00edses, con detalles de bonos corporativos y gubernamentales, pagos de intereses y cobertura de 40 tipos de eventos.","robots":{"index":"index","follow":"follow","max-snippet":"max-snippet:-1","max-image-preview":"max-image-preview:large","max-video-preview":"max-video-preview:-1"},"canonical":"https:\/\/www.exchange-data.com\/es\/producto\/renta-fija-mundial\/","og_locale":"es_ES","og_type":"article","og_title":"Renta fija mundial","og_description":"Mant\u00e9ngase al corriente de las nuevas emisiones de bonos o de los cambios en las condiciones de las emisiones tanto de empresas como de gobiernos. Con el servicio de datos de renta fija mundial tendr\u00e1 acceso a: t\u00edtulos de deuda internacionales en m\u00e1s de 150 pa\u00edses, una amplia gama de tipos de activos, incluidos convertibles, FRN, acciones que devengan intereses permanentes, t\u00edtulos preferentes y letras del Tesoro. Adem\u00e1s, siempre que sea posible, podemos ampliar tanto los instrumentos como la cobertura geogr\u00e1fica para cubrir totalmente su cartera.","og_url":"https:\/\/www.exchange-data.com\/es\/producto\/renta-fija-mundial\/","og_site_name":"Exchange Data International","article_modified_time":"2026-03-23T12:43:41+00:00","og_image":[{"url":"https:\/\/www.exchange-data.com\/wp-content\/uploads\/2015\/09\/EDI-Post-Featured-Image-700x400-1.png","type":"","width":"","height":""}],"twitter_card":"summary_large_image","twitter_title":"Renta fija mundial","twitter_description":"Mant\u00e9ngase al corriente de las nuevas emisiones de bonos o de los cambios en las condiciones de las emisiones tanto de empresas como de gobiernos. Con el servicio de datos de renta fija mundial tendr\u00e1 acceso a: t\u00edtulos de deuda internacionales en m\u00e1s de 150 pa\u00edses, una amplia gama de tipos de activos, incluidos convertibles, FRN, acciones que devengan intereses permanentes, t\u00edtulos preferentes y letras del Tesoro. Adem\u00e1s, siempre que sea posible, podemos ampliar tanto los instrumentos como la cobertura geogr\u00e1fica para cubrir totalmente su cartera.","twitter_image":"https:\/\/www.exchange-data.com\/wp-content\/uploads\/2015\/09\/EDI-Post-Featured-Image-700x400-1.png","twitter_site":"@ExchangeData","twitter_misc":{"Tiempo de lectura":"1 minuto"},"schema":{"@context":"https:\/\/schema.org","@graph":[{"@type":"WebPage","@id":"https:\/\/www.exchange-data.com\/es\/producto\/renta-fija-mundial\/","url":"https:\/\/www.exchange-data.com\/es\/producto\/renta-fija-mundial\/","name":"Informaci\u00f3n de Renta Fija | Datos globales sobre bonos y eventos del mercado","isPartOf":{"@id":"https:\/\/www.exchange-data.com\/es\/#website"},"primaryImageOfPage":{"@id":"https:\/\/www.exchange-data.com\/es\/producto\/renta-fija-mundial\/#primaryimage"},"image":{"@id":"https:\/\/www.exchange-data.com\/es\/producto\/renta-fija-mundial\/#primaryimage"},"thumbnailUrl":"https:\/\/www.exchange-data.com\/wp-content\/uploads\/2015\/09\/EDI-Post-Featured-Image-700x400-1.png","datePublished":"2019-03-30T16:28:15+00:00","dateModified":"2026-03-23T12:43:41+00:00","description":"Acceda a informaci\u00f3n de renta fija para m\u00e1s de 150 pa\u00edses, con detalles de bonos corporativos y gubernamentales, pagos de intereses y cobertura de 40 tipos de eventos.","breadcrumb":{"@id":"https:\/\/www.exchange-data.com\/es\/producto\/renta-fija-mundial\/#breadcrumb"},"inLanguage":"es","potentialAction":[{"@type":"ReadAction","target":["https:\/\/www.exchange-data.com\/es\/producto\/renta-fija-mundial\/"]}]},{"@type":"ImageObject","inLanguage":"es","@id":"https:\/\/www.exchange-data.com\/es\/producto\/renta-fija-mundial\/#primaryimage","url":"https:\/\/www.exchange-data.com\/wp-content\/uploads\/2015\/09\/EDI-Post-Featured-Image-700x400-1.png","contentUrl":"https:\/\/www.exchange-data.com\/wp-content\/uploads\/2015\/09\/EDI-Post-Featured-Image-700x400-1.png","width":700,"height":400,"caption":"Exchange Data International"},{"@type":"BreadcrumbList","@id":"https:\/\/www.exchange-data.com\/es\/producto\/renta-fija-mundial\/#breadcrumb","itemListElement":[{"@type":"ListItem","position":1,"name":"Home","item":"https:\/\/www.exchange-data.com\/es\/inicio\/"},{"@type":"ListItem","position":2,"name":"Renta Fija Global"}]},{"@type":"WebSite","@id":"https:\/\/www.exchange-data.com\/es\/#website","url":"https:\/\/www.exchange-data.com\/es\/","name":"Exchange Data International","description":"Doing data differently","publisher":{"@id":"https:\/\/www.exchange-data.com\/es\/#organization"},"potentialAction":[{"@type":"SearchAction","target":{"@type":"EntryPoint","urlTemplate":"https:\/\/www.exchange-data.com\/es\/?s={search_term_string}"},"query-input":{"@type":"PropertyValueSpecification","valueRequired":true,"valueName":"search_term_string"}}],"inLanguage":"es"},{"@type":"Organization","@id":"https:\/\/www.exchange-data.com\/es\/#organization","name":"Exchange Data International","url":"https:\/\/www.exchange-data.com\/es\/","logo":{"@type":"ImageObject","inLanguage":"es","@id":"https:\/\/www.exchange-data.com\/es\/#\/schema\/logo\/image\/","url":"https:\/\/www.exchange-data.com\/wp-content\/uploads\/2019\/03\/logo3.png","contentUrl":"https:\/\/www.exchange-data.com\/wp-content\/uploads\/2019\/03\/logo3.png","width":200,"height":80,"caption":"Exchange Data International"},"image":{"@id":"https:\/\/www.exchange-data.com\/es\/#\/schema\/logo\/image\/"},"sameAs":["https:\/\/x.com\/ExchangeData","https:\/\/www.linkedin.com\/company\/exchange-data-international\/?viewAsMember=true","https:\/\/www.youtube.com\/channel\/UC5D1OpUb22YZANRLD_Ktcgg?view_as=subscriber"]}]}},"_links":{"self":[{"href":"https:\/\/www.exchange-data.com\/es\/wp-json\/wp\/v2\/product\/36038","targetHints":{"allow":["GET"]}}],"collection":[{"href":"https:\/\/www.exchange-data.com\/es\/wp-json\/wp\/v2\/product"}],"about":[{"href":"https:\/\/www.exchange-data.com\/es\/wp-json\/wp\/v2\/types\/product"}],"wp:featuredmedia":[{"embeddable":true,"href":"https:\/\/www.exchange-data.com\/es\/wp-json\/wp\/v2\/media\/34154"}],"wp:attachment":[{"href":"https:\/\/www.exchange-data.com\/es\/wp-json\/wp\/v2\/media?parent=36038"}],"wp:term":[{"taxonomy":"country","embeddable":true,"href":"https:\/\/www.exchange-data.com\/es\/wp-json\/wp\/v2\/country?post=36038"},{"taxonomy":"product_category","embeddable":true,"href":"https:\/\/www.exchange-data.com\/es\/wp-json\/wp\/v2\/product_category?post=36038"}],"curies":[{"name":"wp","href":"https:\/\/api.w.org\/{rel}","templated":true}]}}