{"id":36042,"date":"2019-03-28T16:41:56","date_gmt":"2019-03-28T15:41:56","guid":{"rendered":"https:\/\/www.exchange-data.com\/product\/precios-evaluados-de-la-renta-fija-mundial\/"},"modified":"2025-10-08T06:49:41","modified_gmt":"2025-10-08T05:49:41","slug":"precios-evaluados-de-la-renta-fija-mundial","status":"publish","type":"product","link":"https:\/\/www.exchange-data.com\/es\/producto\/precios-evaluados-de-la-renta-fija-mundial\/","title":{"rendered":"Precios Evaluados de Renta Fija Global"},"content":{"rendered":"<p><span style=\"font-weight: 400;\"><br \/>\nEl servicio de Precios de Bonos Cotizados en renta fija ofrece a los clientes una fuente confiable de precios independientes, actualizados diariamente, para apoyar procesos de valoraci\u00f3n, an\u00e1lisis de portafolios, informes de ejecuci\u00f3n y gesti\u00f3n de riesgos.<\/span><\/p>\n<h4>Descripci\u00f3n de los datos<\/h4>\n<p>Este servicio ofrece precios valuados para una amplia gama de valores de renta fija, entre ellos:<\/p>\n<table>\n<tbody>\n<tr>\n<td>\n<ul>\n<li>Bonos corporativos<\/li>\n<li>Bonos municipales<\/li>\n<li>  Pr\u00e9stamos bancarios sindicados<\/li>\n<li> MBS de agencias<\/li>\n<\/ul>\n<\/td>\n<td>\n<ul>\n<li>CMO no-agencia<\/li>\n<li>CMBS<\/li>\n<li>ABS<\/li>\n<li>CLO<\/li>\n<\/ul>\n<\/td>\n<\/tr>\n<\/tbody>\n<\/table>\n<h4>Metodolog\u00eda<\/h4>\n<p style=\"text-align: left;\"><span style=\"font-weight: 400;\"><br \/>\nEDI pone a disposici\u00f3n un resumen detallado de la metodolog\u00eda empleada para calcular los precios.<br \/>Se recopilan datos observables a trav\u00e9s de plataformas de reporte de operaciones y se complementan con precios indicativos extra\u00eddos de comunicaciones entre vendedores y compradores. Los precios se organizan por emisor o por tramo, seg\u00fan el tipo de instrumento, y se integran en modelos est\u00e1ndar del sector para construir curvas de rendimiento o inferir m\u00e1rgenes de descuento. Documentaci\u00f3n metodol\u00f3gica m\u00e1s detallada est\u00e1 disponible bajo solicitud. Las valoraciones se calculan diariamente al cierre de los principales mercados. Para instrumentos con mayor liquidez, tambi\u00e9n pueden ofrecerse valoraciones intrad\u00eda. Las entregas pueden realizarse el mismo d\u00eda o al d\u00eda siguiente, seg\u00fan disponibilidad.    <\/span><\/p>\n<p>&nbsp;<\/p>\n","protected":false},"featured_media":34154,"template":"","country":[],"product_category":[3181,3178],"class_list":["post-36042","product","type-product","status-publish","has-post-thumbnail","hentry","product_category-datos-sobre-renta-fija","product_category-productos-y-servicios"],"acf":[],"yoast_head":"<!-- This site is optimized with the Yoast SEO Premium plugin v26.0 (Yoast SEO v26.0) - https:\/\/yoast.com\/wordpress\/plugins\/seo\/ -->\n<title>Precios de Bonos Cotizados | Valoraciones independientes diarias en renta fija<\/title>\n<meta name=\"description\" content=\"Obtenga precios de bonos cotizados para valoraciones, an\u00e1lisis de carteras e informes de ejecuci\u00f3n, con cobertura global y metodolog\u00eda transparente basada en datos observables.\" \/>\n<meta name=\"robots\" content=\"index, follow, max-snippet:-1, max-image-preview:large, max-video-preview:-1\" \/>\n<link rel=\"canonical\" href=\"https:\/\/www.exchange-data.com\/es\/producto\/precios-evaluados-de-la-renta-fija-mundial\/\" \/>\n<meta property=\"og:locale\" content=\"es_ES\" \/>\n<meta property=\"og:type\" content=\"article\" \/>\n<meta property=\"og:title\" content=\"Precios evaluados de la renta fija mundial\" \/>\n<meta property=\"og:description\" content=\"El Servicio de Precios Evaluados de Renta Fija proporciona a los clientes una fuente diaria de precios independientes para valoraciones, an\u00e1lisis de carteras, informes de mejor ejecuci\u00f3n y c\u00e1lculos de gesti\u00f3n de riesgos. El servicio Evaluated Pricing ofrece precios de una amplia gama de valores de renta fija, incluidos bonos corporativos, bonos municipales, pr\u00e9stamos bancarios sindicados, MBS de agencia, CMO no de agencia, CMBS, ABS y CLO.\" \/>\n<meta property=\"og:url\" content=\"https:\/\/www.exchange-data.com\/es\/producto\/precios-evaluados-de-la-renta-fija-mundial\/\" \/>\n<meta property=\"og:site_name\" content=\"Exchange Data International\" \/>\n<meta property=\"article:modified_time\" content=\"2025-10-08T05:49:41+00:00\" \/>\n<meta property=\"og:image\" content=\"https:\/\/www.exchange-data.com\/wp-content\/uploads\/2015\/09\/EDI-Post-Featured-Image-700x400-1.png\" \/>\n<meta name=\"twitter:card\" content=\"summary_large_image\" \/>\n<meta name=\"twitter:title\" content=\"Precios evaluados de la renta fija mundial\" \/>\n<meta name=\"twitter:description\" content=\"El Servicio de Precios Evaluados de Renta Fija proporciona a los clientes una fuente diaria de precios independientes para valoraciones, an\u00e1lisis de carteras, informes de mejor ejecuci\u00f3n y c\u00e1lculos de gesti\u00f3n de riesgos. El servicio Evaluated Pricing ofrece precios de una amplia gama de valores de renta fija, incluidos bonos corporativos, bonos municipales, pr\u00e9stamos bancarios sindicados, MBS de agencia, CMO no de agencia, CMBS, ABS y CLO.\" \/>\n<meta name=\"twitter:image\" content=\"https:\/\/www.exchange-data.com\/wp-content\/uploads\/2015\/09\/EDI-Post-Featured-Image-700x400-1.png\" \/>\n<meta name=\"twitter:site\" content=\"@ExchangeData\" \/>\n<meta name=\"twitter:label1\" content=\"Tiempo de lectura\" \/>\n\t<meta name=\"twitter:data1\" content=\"1 minuto\" \/>\n<script type=\"application\/ld+json\" class=\"yoast-schema-graph\">{\"@context\":\"https:\/\/schema.org\",\"@graph\":[{\"@type\":\"WebPage\",\"@id\":\"https:\/\/www.exchange-data.com\/es\/producto\/precios-evaluados-de-la-renta-fija-mundial\/\",\"url\":\"https:\/\/www.exchange-data.com\/es\/producto\/precios-evaluados-de-la-renta-fija-mundial\/\",\"name\":\"Precios de Bonos Cotizados | Valoraciones independientes diarias en renta fija\",\"isPartOf\":{\"@id\":\"https:\/\/www.exchange-data.com\/es\/#website\"},\"primaryImageOfPage\":{\"@id\":\"https:\/\/www.exchange-data.com\/es\/producto\/precios-evaluados-de-la-renta-fija-mundial\/#primaryimage\"},\"image\":{\"@id\":\"https:\/\/www.exchange-data.com\/es\/producto\/precios-evaluados-de-la-renta-fija-mundial\/#primaryimage\"},\"thumbnailUrl\":\"https:\/\/www.exchange-data.com\/wp-content\/uploads\/2015\/09\/EDI-Post-Featured-Image-700x400-1.png\",\"datePublished\":\"2019-03-28T15:41:56+00:00\",\"dateModified\":\"2025-10-08T05:49:41+00:00\",\"description\":\"Obtenga precios de bonos cotizados para valoraciones, an\u00e1lisis de carteras e informes de ejecuci\u00f3n, con cobertura global y metodolog\u00eda transparente basada en datos observables.\",\"breadcrumb\":{\"@id\":\"https:\/\/www.exchange-data.com\/es\/producto\/precios-evaluados-de-la-renta-fija-mundial\/#breadcrumb\"},\"inLanguage\":\"es\",\"potentialAction\":[{\"@type\":\"ReadAction\",\"target\":[\"https:\/\/www.exchange-data.com\/es\/producto\/precios-evaluados-de-la-renta-fija-mundial\/\"]}]},{\"@type\":\"ImageObject\",\"inLanguage\":\"es\",\"@id\":\"https:\/\/www.exchange-data.com\/es\/producto\/precios-evaluados-de-la-renta-fija-mundial\/#primaryimage\",\"url\":\"https:\/\/www.exchange-data.com\/wp-content\/uploads\/2015\/09\/EDI-Post-Featured-Image-700x400-1.png\",\"contentUrl\":\"https:\/\/www.exchange-data.com\/wp-content\/uploads\/2015\/09\/EDI-Post-Featured-Image-700x400-1.png\",\"width\":700,\"height\":400,\"caption\":\"Exchange Data International\"},{\"@type\":\"BreadcrumbList\",\"@id\":\"https:\/\/www.exchange-data.com\/es\/producto\/precios-evaluados-de-la-renta-fija-mundial\/#breadcrumb\",\"itemListElement\":[{\"@type\":\"ListItem\",\"position\":1,\"name\":\"Home\",\"item\":\"https:\/\/www.exchange-data.com\/es\/inicio\/\"},{\"@type\":\"ListItem\",\"position\":2,\"name\":\"Precios Evaluados de Renta Fija Global\"}]},{\"@type\":\"WebSite\",\"@id\":\"https:\/\/www.exchange-data.com\/es\/#website\",\"url\":\"https:\/\/www.exchange-data.com\/es\/\",\"name\":\"Exchange Data International\",\"description\":\"Doing data differently\",\"publisher\":{\"@id\":\"https:\/\/www.exchange-data.com\/es\/#organization\"},\"potentialAction\":[{\"@type\":\"SearchAction\",\"target\":{\"@type\":\"EntryPoint\",\"urlTemplate\":\"https:\/\/www.exchange-data.com\/es\/?s={search_term_string}\"},\"query-input\":{\"@type\":\"PropertyValueSpecification\",\"valueRequired\":true,\"valueName\":\"search_term_string\"}}],\"inLanguage\":\"es\"},{\"@type\":\"Organization\",\"@id\":\"https:\/\/www.exchange-data.com\/es\/#organization\",\"name\":\"Exchange Data International\",\"url\":\"https:\/\/www.exchange-data.com\/es\/\",\"logo\":{\"@type\":\"ImageObject\",\"inLanguage\":\"es\",\"@id\":\"https:\/\/www.exchange-data.com\/es\/#\/schema\/logo\/image\/\",\"url\":\"https:\/\/www.exchange-data.com\/wp-content\/uploads\/2019\/03\/logo3.png\",\"contentUrl\":\"https:\/\/www.exchange-data.com\/wp-content\/uploads\/2019\/03\/logo3.png\",\"width\":200,\"height\":80,\"caption\":\"Exchange Data International\"},\"image\":{\"@id\":\"https:\/\/www.exchange-data.com\/es\/#\/schema\/logo\/image\/\"},\"sameAs\":[\"https:\/\/x.com\/ExchangeData\",\"https:\/\/www.linkedin.com\/company\/exchange-data-international\/?viewAsMember=true\",\"https:\/\/www.youtube.com\/channel\/UC5D1OpUb22YZANRLD_Ktcgg?view_as=subscriber\"]}]}<\/script>\n<!-- \/ Yoast SEO Premium plugin. -->","yoast_head_json":{"title":"Precios de Bonos Cotizados | Valoraciones independientes diarias en renta fija","description":"Obtenga precios de bonos cotizados para valoraciones, an\u00e1lisis de carteras e informes de ejecuci\u00f3n, con cobertura global y metodolog\u00eda transparente basada en datos observables.","robots":{"index":"index","follow":"follow","max-snippet":"max-snippet:-1","max-image-preview":"max-image-preview:large","max-video-preview":"max-video-preview:-1"},"canonical":"https:\/\/www.exchange-data.com\/es\/producto\/precios-evaluados-de-la-renta-fija-mundial\/","og_locale":"es_ES","og_type":"article","og_title":"Precios evaluados de la renta fija mundial","og_description":"El Servicio de Precios Evaluados de Renta Fija proporciona a los clientes una fuente diaria de precios independientes para valoraciones, an\u00e1lisis de carteras, informes de mejor ejecuci\u00f3n y c\u00e1lculos de gesti\u00f3n de riesgos. El servicio Evaluated Pricing ofrece precios de una amplia gama de valores de renta fija, incluidos bonos corporativos, bonos municipales, pr\u00e9stamos bancarios sindicados, MBS de agencia, CMO no de agencia, CMBS, ABS y CLO.","og_url":"https:\/\/www.exchange-data.com\/es\/producto\/precios-evaluados-de-la-renta-fija-mundial\/","og_site_name":"Exchange Data International","article_modified_time":"2025-10-08T05:49:41+00:00","og_image":[{"url":"https:\/\/www.exchange-data.com\/wp-content\/uploads\/2015\/09\/EDI-Post-Featured-Image-700x400-1.png","type":"","width":"","height":""}],"twitter_card":"summary_large_image","twitter_title":"Precios evaluados de la renta fija mundial","twitter_description":"El Servicio de Precios Evaluados de Renta Fija proporciona a los clientes una fuente diaria de precios independientes para valoraciones, an\u00e1lisis de carteras, informes de mejor ejecuci\u00f3n y c\u00e1lculos de gesti\u00f3n de riesgos. El servicio Evaluated Pricing ofrece precios de una amplia gama de valores de renta fija, incluidos bonos corporativos, bonos municipales, pr\u00e9stamos bancarios sindicados, MBS de agencia, CMO no de agencia, CMBS, ABS y CLO.","twitter_image":"https:\/\/www.exchange-data.com\/wp-content\/uploads\/2015\/09\/EDI-Post-Featured-Image-700x400-1.png","twitter_site":"@ExchangeData","twitter_misc":{"Tiempo de lectura":"1 minuto"},"schema":{"@context":"https:\/\/schema.org","@graph":[{"@type":"WebPage","@id":"https:\/\/www.exchange-data.com\/es\/producto\/precios-evaluados-de-la-renta-fija-mundial\/","url":"https:\/\/www.exchange-data.com\/es\/producto\/precios-evaluados-de-la-renta-fija-mundial\/","name":"Precios de Bonos Cotizados | Valoraciones independientes diarias en renta fija","isPartOf":{"@id":"https:\/\/www.exchange-data.com\/es\/#website"},"primaryImageOfPage":{"@id":"https:\/\/www.exchange-data.com\/es\/producto\/precios-evaluados-de-la-renta-fija-mundial\/#primaryimage"},"image":{"@id":"https:\/\/www.exchange-data.com\/es\/producto\/precios-evaluados-de-la-renta-fija-mundial\/#primaryimage"},"thumbnailUrl":"https:\/\/www.exchange-data.com\/wp-content\/uploads\/2015\/09\/EDI-Post-Featured-Image-700x400-1.png","datePublished":"2019-03-28T15:41:56+00:00","dateModified":"2025-10-08T05:49:41+00:00","description":"Obtenga precios de bonos cotizados para valoraciones, an\u00e1lisis de carteras e informes de ejecuci\u00f3n, con cobertura global y metodolog\u00eda transparente basada en datos observables.","breadcrumb":{"@id":"https:\/\/www.exchange-data.com\/es\/producto\/precios-evaluados-de-la-renta-fija-mundial\/#breadcrumb"},"inLanguage":"es","potentialAction":[{"@type":"ReadAction","target":["https:\/\/www.exchange-data.com\/es\/producto\/precios-evaluados-de-la-renta-fija-mundial\/"]}]},{"@type":"ImageObject","inLanguage":"es","@id":"https:\/\/www.exchange-data.com\/es\/producto\/precios-evaluados-de-la-renta-fija-mundial\/#primaryimage","url":"https:\/\/www.exchange-data.com\/wp-content\/uploads\/2015\/09\/EDI-Post-Featured-Image-700x400-1.png","contentUrl":"https:\/\/www.exchange-data.com\/wp-content\/uploads\/2015\/09\/EDI-Post-Featured-Image-700x400-1.png","width":700,"height":400,"caption":"Exchange Data International"},{"@type":"BreadcrumbList","@id":"https:\/\/www.exchange-data.com\/es\/producto\/precios-evaluados-de-la-renta-fija-mundial\/#breadcrumb","itemListElement":[{"@type":"ListItem","position":1,"name":"Home","item":"https:\/\/www.exchange-data.com\/es\/inicio\/"},{"@type":"ListItem","position":2,"name":"Precios Evaluados de Renta Fija Global"}]},{"@type":"WebSite","@id":"https:\/\/www.exchange-data.com\/es\/#website","url":"https:\/\/www.exchange-data.com\/es\/","name":"Exchange Data International","description":"Doing data differently","publisher":{"@id":"https:\/\/www.exchange-data.com\/es\/#organization"},"potentialAction":[{"@type":"SearchAction","target":{"@type":"EntryPoint","urlTemplate":"https:\/\/www.exchange-data.com\/es\/?s={search_term_string}"},"query-input":{"@type":"PropertyValueSpecification","valueRequired":true,"valueName":"search_term_string"}}],"inLanguage":"es"},{"@type":"Organization","@id":"https:\/\/www.exchange-data.com\/es\/#organization","name":"Exchange Data International","url":"https:\/\/www.exchange-data.com\/es\/","logo":{"@type":"ImageObject","inLanguage":"es","@id":"https:\/\/www.exchange-data.com\/es\/#\/schema\/logo\/image\/","url":"https:\/\/www.exchange-data.com\/wp-content\/uploads\/2019\/03\/logo3.png","contentUrl":"https:\/\/www.exchange-data.com\/wp-content\/uploads\/2019\/03\/logo3.png","width":200,"height":80,"caption":"Exchange Data International"},"image":{"@id":"https:\/\/www.exchange-data.com\/es\/#\/schema\/logo\/image\/"},"sameAs":["https:\/\/x.com\/ExchangeData","https:\/\/www.linkedin.com\/company\/exchange-data-international\/?viewAsMember=true","https:\/\/www.youtube.com\/channel\/UC5D1OpUb22YZANRLD_Ktcgg?view_as=subscriber"]}]}},"_links":{"self":[{"href":"https:\/\/www.exchange-data.com\/es\/wp-json\/wp\/v2\/product\/36042","targetHints":{"allow":["GET"]}}],"collection":[{"href":"https:\/\/www.exchange-data.com\/es\/wp-json\/wp\/v2\/product"}],"about":[{"href":"https:\/\/www.exchange-data.com\/es\/wp-json\/wp\/v2\/types\/product"}],"wp:featuredmedia":[{"embeddable":true,"href":"https:\/\/www.exchange-data.com\/es\/wp-json\/wp\/v2\/media\/34154"}],"wp:attachment":[{"href":"https:\/\/www.exchange-data.com\/es\/wp-json\/wp\/v2\/media?parent=36042"}],"wp:term":[{"taxonomy":"country","embeddable":true,"href":"https:\/\/www.exchange-data.com\/es\/wp-json\/wp\/v2\/country?post=36042"},{"taxonomy":"product_category","embeddable":true,"href":"https:\/\/www.exchange-data.com\/es\/wp-json\/wp\/v2\/product_category?post=36042"}],"curies":[{"name":"wp","href":"https:\/\/api.w.org\/{rel}","templated":true}]}}